{"id":38,"date":"2021-03-09T11:34:16","date_gmt":"2021-03-09T10:34:16","guid":{"rendered":"http:\/\/medieproduktion.lnu.se\/terra\/?page_id=38"},"modified":"2021-03-26T14:15:44","modified_gmt":"2021-03-26T13:15:44","slug":"startsida","status":"publish","type":"page","link":"https:\/\/medieproduktion.lnu.se\/terra\/","title":{"rendered":""},"content":{"rendered":"\t\t<div data-elementor-type=\"wp-post\" data-elementor-id=\"38\" class=\"elementor elementor-38 elementor-bc-flex-widget\" data-elementor-post-type=\"page\">\n\t\t\t\t\t\t<section class=\"elementor-section elementor-top-section elementor-element elementor-element-184aad7 elementor-section-boxed elementor-section-height-default elementor-section-height-default\" data-id=\"184aad7\" data-element_type=\"section\">\n\t\t\t\t\t\t<div class=\"elementor-container elementor-column-gap-default\">\n\t\t\t\t\t<div class=\"elementor-column elementor-col-100 elementor-top-column elementor-element elementor-element-9e3c652\" data-id=\"9e3c652\" data-element_type=\"column\">\n\t\t\t<div class=\"elementor-widget-wrap elementor-element-populated\">\n\t\t\t\t\t\t<div class=\"elementor-element elementor-element-a273aa4 elementor-grid-1 elementor-grid-tablet-2 elementor-grid-mobile-1 elementor-posts--thumbnail-top elementor-widget elementor-widget-posts\" data-id=\"a273aa4\" data-element_type=\"widget\" data-settings=\"{&quot;classic_columns&quot;:&quot;1&quot;,&quot;classic_columns_tablet&quot;:&quot;2&quot;,&quot;classic_columns_mobile&quot;:&quot;1&quot;,&quot;classic_row_gap&quot;:{&quot;unit&quot;:&quot;px&quot;,&quot;size&quot;:35,&quot;sizes&quot;:[]},&quot;classic_row_gap_tablet&quot;:{&quot;unit&quot;:&quot;px&quot;,&quot;size&quot;:&quot;&quot;,&quot;sizes&quot;:[]},&quot;classic_row_gap_mobile&quot;:{&quot;unit&quot;:&quot;px&quot;,&quot;size&quot;:&quot;&quot;,&quot;sizes&quot;:[]}}\" data-widget_type=\"posts.classic\">\n\t\t\t\t<div class=\"elementor-widget-container\">\n\t\t\t\t\t\t\t<div class=\"elementor-posts-container elementor-posts elementor-posts--skin-classic elementor-grid\" role=\"list\">\n\t\t\t\t<article class=\"elementor-post elementor-grid-item post-1043 post type-post status-publish format-standard has-post-thumbnail hentry category-personportratt tag-el-salvador tag-inbordeskrig tag-kvotflyktingar tag-manskliga-rattigheter tag-regissor\" role=\"listitem\">\n\t\t\t\t<a class=\"elementor-post__thumbnail__link\" href=\"https:\/\/medieproduktion.lnu.se\/terra\/personportratt\/flykten-formade-henne-till-den-hon-ar-idag\/\" tabindex=\"-1\" >\n\t\t\t<div class=\"elementor-post__thumbnail\"><img fetchpriority=\"high\" decoding=\"async\" width=\"768\" height=\"523\" src=\"https:\/\/medieproduktion.lnu.se\/terra\/wp-content\/uploads\/sites\/520\/2021\/03\/irene_personportratt-768x523.jpg\" class=\"attachment-medium_large size-medium_large wp-image-1045\" alt=\"Irene Lopez kollar in i en kamera under en filminspelning.\" srcset=\"https:\/\/medieproduktion.lnu.se\/terra\/wp-content\/uploads\/sites\/520\/2021\/03\/irene_personportratt-768x523.jpg 768w, https:\/\/medieproduktion.lnu.se\/terra\/wp-content\/uploads\/sites\/520\/2021\/03\/irene_personportratt-300x204.jpg 300w, https:\/\/medieproduktion.lnu.se\/terra\/wp-content\/uploads\/sites\/520\/2021\/03\/irene_personportratt.jpg 800w\" sizes=\"(max-width: 768px) 100vw, 768px\" \/><\/div>\n\t\t<\/a>\n\t\t\t\t<div class=\"elementor-post__text\">\n\t\t\t\t<h3 class=\"elementor-post__title\">\n\t\t\t<a href=\"https:\/\/medieproduktion.lnu.se\/terra\/personportratt\/flykten-formade-henne-till-den-hon-ar-idag\/\" >\n\t\t\t\tFlykten formade henne till den hon \u00e4r idag\t\t\t<\/a>\n\t\t<\/h3>\n\t\t\t\t<div class=\"elementor-post__meta-data\">\n\t\t\t\t\t<span class=\"elementor-post-author\">\n\t\t\tAlice Sunnelius Ald\u00e9n\t\t<\/span>\n\t\t\t\t<span class=\"elementor-post-date\">\n\t\t\t24 mars, 2021\t\t<\/span>\n\t\t\t\t<span class=\"elementor-post-time\">\n\t\t\t16:06\t\t<\/span>\n\t\t\t\t<\/div>\n\t\t\t\t<div class=\"elementor-post__excerpt\">\n\t\t\t<p>Irene Lopezs historia forts\u00e4tter att p\u00e5verka hennes vardag p\u00e5 flera s\u00e4tt &#8211; inte minst i hennes yrkesroll. <a href=\"http:\/\/medieproduktion.lnu.se\/terra\/personportratt\/flykten-formade-henne-till-den-hon-ar-idag\/\"> &#8221;Jag vill inte att andra ska beh\u00f6va g\u00e5 igenom lika tuffa omst\u00e4ndigheter som jag gjort.&#8221; <\/a><\/p>\n\t\t<\/div>\n\t\t\t\t<\/div>\n\t\t\t\t<\/article>\n\t\t\t\t<\/div>\n\t\t\n\t\t\t\t\t\t<\/div>\n\t\t\t\t<\/div>\n\t\t\t\t\t<\/div>\n\t\t<\/div>\n\t\t\t\t\t<\/div>\n\t\t<\/section>\n\t\t\t\t<section class=\"elementor-section elementor-top-section elementor-element elementor-element-18ef2b2 elementor-section-boxed elementor-section-height-default elementor-section-height-default\" data-id=\"18ef2b2\" data-element_type=\"section\">\n\t\t\t\t\t\t<div class=\"elementor-container elementor-column-gap-default\">\n\t\t\t\t\t<div class=\"elementor-column elementor-col-100 elementor-top-column elementor-element elementor-element-d966cfc\" data-id=\"d966cfc\" data-element_type=\"column\">\n\t\t\t<div class=\"elementor-widget-wrap elementor-element-populated\">\n\t\t\t\t\t\t<div class=\"elementor-element elementor-element-351473e elementor-grid-2 elementor-grid-tablet-2 elementor-grid-mobile-1 elementor-posts--thumbnail-top elementor-card-shadow-yes elementor-posts__hover-gradient elementor-widget elementor-widget-posts\" data-id=\"351473e\" data-element_type=\"widget\" data-settings=\"{&quot;cards_columns&quot;:&quot;2&quot;,&quot;cards_columns_tablet&quot;:&quot;2&quot;,&quot;cards_columns_mobile&quot;:&quot;1&quot;,&quot;cards_row_gap&quot;:{&quot;unit&quot;:&quot;px&quot;,&quot;size&quot;:35,&quot;sizes&quot;:[]},&quot;cards_row_gap_tablet&quot;:{&quot;unit&quot;:&quot;px&quot;,&quot;size&quot;:&quot;&quot;,&quot;sizes&quot;:[]},&quot;cards_row_gap_mobile&quot;:{&quot;unit&quot;:&quot;px&quot;,&quot;size&quot;:&quot;&quot;,&quot;sizes&quot;:[]}}\" data-widget_type=\"posts.cards\">\n\t\t\t\t<div class=\"elementor-widget-container\">\n\t\t\t\t\t\t\t<div class=\"elementor-posts-container elementor-posts elementor-posts--skin-cards elementor-grid\" role=\"list\">\n\t\t\t\t<article class=\"elementor-post elementor-grid-item post-877 post type-post status-publish format-standard has-post-thumbnail hentry category-inrikes tag-my-kullsvik tag-netflix\" role=\"listitem\">\n\t\t\t<div class=\"elementor-post__card\">\n\t\t\t\t<a class=\"elementor-post__thumbnail__link\" href=\"https:\/\/medieproduktion.lnu.se\/terra\/inrikes\/sangen-tog-henne-over-atlanten\/\" tabindex=\"-1\" ><div class=\"elementor-post__thumbnail\"><img decoding=\"async\" width=\"768\" height=\"512\" src=\"https:\/\/medieproduktion.lnu.se\/terra\/wp-content\/uploads\/sites\/520\/2021\/03\/My-sjunger.r-768x512.jpg\" class=\"attachment-medium_large size-medium_large wp-image-883\" alt=\"Kvinna sjunger i musikstudio. Foto: Anders Nordquist\" srcset=\"https:\/\/medieproduktion.lnu.se\/terra\/wp-content\/uploads\/sites\/520\/2021\/03\/My-sjunger.r-768x512.jpg 768w, https:\/\/medieproduktion.lnu.se\/terra\/wp-content\/uploads\/sites\/520\/2021\/03\/My-sjunger.r-300x200.jpg 300w, https:\/\/medieproduktion.lnu.se\/terra\/wp-content\/uploads\/sites\/520\/2021\/03\/My-sjunger.r.jpg 800w\" sizes=\"(max-width: 768px) 100vw, 768px\" \/><\/div><\/a>\n\t\t\t\t<div class=\"elementor-post__badge\">INRIKES<\/div>\n\t\t\t\t<div class=\"elementor-post__text\">\n\t\t\t\t<h3 class=\"elementor-post__title\">\n\t\t\t<a href=\"https:\/\/medieproduktion.lnu.se\/terra\/inrikes\/sangen-tog-henne-over-atlanten\/\" >\n\t\t\t\tS\u00e5ngen tog henne \u00f6ver Atlanten\t\t\t<\/a>\n\t\t<\/h3>\n\t\t\t\t<div class=\"elementor-post__excerpt\">\n\t\t\t<p>&#8221;Hello&#8221; blev en viral succ\u00e9 i Netflix-serie. <a href=\"http:\/\/medieproduktion.lnu.se\/terra\/?p=877&amp;preview=true\">&#8221;Jag fattar ju inte att det \u00e4r miljontals m\u00e4nniskor som lyssnar p\u00e5 mig&#8221;<\/a>, ber\u00e4ttar den svenska artisten My Kullsvik.<\/p>\n\t\t<\/div>\n\t\t\t\t<\/div>\n\t\t\t\t<div class=\"elementor-post__meta-data\">\n\t\t\t\t\t<span class=\"elementor-post-author\">\n\t\t\tPaula Svedere\t\t<\/span>\n\t\t\t\t<span class=\"elementor-post-date\">\n\t\t\t23 mars, 2021\t\t<\/span>\n\t\t\t\t<span class=\"elementor-post-time\">\n\t\t\t12:09\t\t<\/span>\n\t\t\t\t<\/div>\n\t\t\t\t\t<\/div>\n\t\t<\/article>\n\t\t\t\t<article class=\"elementor-post elementor-grid-item post-948 post type-post status-publish format-standard has-post-thumbnail hentry category-webb-tv\" role=\"listitem\">\n\t\t\t<div class=\"elementor-post__card\">\n\t\t\t\t<a class=\"elementor-post__thumbnail__link\" href=\"https:\/\/medieproduktion.lnu.se\/terra\/webb-tv\/redaktionen-forklarar-deepfake\/\" tabindex=\"-1\" ><div class=\"elementor-post__thumbnail\"><img decoding=\"async\" width=\"768\" height=\"481\" src=\"https:\/\/medieproduktion.lnu.se\/terra\/wp-content\/uploads\/sites\/520\/2021\/03\/deepfake-768x481.jpeg\" class=\"attachment-medium_large size-medium_large wp-image-951\" alt=\"En mobilsk\u00e4rm med nyheter. Vid sidan st\u00e5r texten &quot;deepfake&quot;.\" srcset=\"https:\/\/medieproduktion.lnu.se\/terra\/wp-content\/uploads\/sites\/520\/2021\/03\/deepfake-768x481.jpeg 768w, https:\/\/medieproduktion.lnu.se\/terra\/wp-content\/uploads\/sites\/520\/2021\/03\/deepfake-300x188.jpeg 300w, https:\/\/medieproduktion.lnu.se\/terra\/wp-content\/uploads\/sites\/520\/2021\/03\/deepfake.jpeg 800w\" sizes=\"(max-width: 768px) 100vw, 768px\" \/><\/div><\/a>\n\t\t\t\t<div class=\"elementor-post__badge\">WEBB-TV<\/div>\n\t\t\t\t<div class=\"elementor-post__text\">\n\t\t\t\t<h3 class=\"elementor-post__title\">\n\t\t\t<a href=\"https:\/\/medieproduktion.lnu.se\/terra\/webb-tv\/redaktionen-forklarar-deepfake\/\" >\n\t\t\t\tRedaktionen f\u00f6rklarar: deepfake\t\t\t<\/a>\n\t\t<\/h3>\n\t\t\t\t<div class=\"elementor-post__excerpt\">\n\t\t\t<p>Deepfake \u00e4r ett fenomen som intresserar m\u00e5nga, <a href=\"http:\/\/medieproduktion.lnu.se\/terra\/lokalt\/redaktionen-forklarar-deepfake\/\">men vad \u00e4r egentligen deepfake?<\/a><\/p>\n\t\t<\/div>\n\t\t\t\t<\/div>\n\t\t\t\t<div class=\"elementor-post__meta-data\">\n\t\t\t\t\t<span class=\"elementor-post-author\">\n\t\t\tVictoria Ottern\u00e4s\t\t<\/span>\n\t\t\t\t<span class=\"elementor-post-date\">\n\t\t\t24 mars, 2021\t\t<\/span>\n\t\t\t\t<span class=\"elementor-post-time\">\n\t\t\t09:51\t\t<\/span>\n\t\t\t\t<\/div>\n\t\t\t\t\t<\/div>\n\t\t<\/article>\n\t\t\t\t<article class=\"elementor-post elementor-grid-item post-870 post type-post status-publish format-standard has-post-thumbnail hentry category-inrikes\" role=\"listitem\">\n\t\t\t<div class=\"elementor-post__card\">\n\t\t\t\t<a class=\"elementor-post__thumbnail__link\" href=\"https:\/\/medieproduktion.lnu.se\/terra\/inrikes\/http-medieproduktion-lnu-se-terra-inrikes-paret-gor-renoveekt-till-dromhem\/\" tabindex=\"-1\" ><div class=\"elementor-post__thumbnail\"><img loading=\"lazy\" decoding=\"async\" width=\"768\" height=\"512\" src=\"https:\/\/medieproduktion.lnu.se\/terra\/wp-content\/uploads\/sites\/520\/2021\/03\/M_M-768x512.jpg\" class=\"attachment-medium_large size-medium_large wp-image-869\" alt=\"En tjej med rosa arbetsbyxor och en kille med svarta arbetsbyxor. En bl\u00e5 v\u00e4gg och ett tomt rum.\" srcset=\"https:\/\/medieproduktion.lnu.se\/terra\/wp-content\/uploads\/sites\/520\/2021\/03\/M_M-768x512.jpg 768w, https:\/\/medieproduktion.lnu.se\/terra\/wp-content\/uploads\/sites\/520\/2021\/03\/M_M-300x200.jpg 300w, https:\/\/medieproduktion.lnu.se\/terra\/wp-content\/uploads\/sites\/520\/2021\/03\/M_M.jpg 850w\" sizes=\"(max-width: 768px) 100vw, 768px\" \/><\/div><\/a>\n\t\t\t\t<div class=\"elementor-post__badge\">INRIKES<\/div>\n\t\t\t\t<div class=\"elementor-post__text\">\n\t\t\t\t<h3 class=\"elementor-post__title\">\n\t\t\t<a href=\"https:\/\/medieproduktion.lnu.se\/terra\/inrikes\/http-medieproduktion-lnu-se-terra-inrikes-paret-gor-renoveekt-till-dromhem\/\" >\n\t\t\t\tParet g\u00f6r dr\u00f6mhem av renoveringsobjekt\t\t\t<\/a>\n\t\t<\/h3>\n\t\t\t\t<div class=\"elementor-post__excerpt\">\n\t\t\t<p><a href=\"http:\/\/medieproduktion.lnu.se\/terra\/inrikes\/http-medieproduktion-lnu-se-terra-inrikes-paret-gor-renoveekt-till-dromhem\/\">&#8221;Det blev bara s\u00e5 och \u2019oj men gud nu har vi vunnit den h\u00e4r budgivningen. Ja det h\u00e4r huset blir v\u00e4l bra d\u00e5\u2019&#8221;.<\/a><\/p>\n\t\t<\/div>\n\t\t\t\t<\/div>\n\t\t\t\t<div class=\"elementor-post__meta-data\">\n\t\t\t\t\t<span class=\"elementor-post-author\">\n\t\t\tTess Johansson\t\t<\/span>\n\t\t\t\t<span class=\"elementor-post-date\">\n\t\t\t23 mars, 2021\t\t<\/span>\n\t\t\t\t<span class=\"elementor-post-time\">\n\t\t\t09:42\t\t<\/span>\n\t\t\t\t<\/div>\n\t\t\t\t\t<\/div>\n\t\t<\/article>\n\t\t\t\t<article class=\"elementor-post elementor-grid-item post-981 post type-post status-publish format-standard has-post-thumbnail hentry category-webb-tv tag-lansresidenset\" role=\"listitem\">\n\t\t\t<div class=\"elementor-post__card\">\n\t\t\t\t<a class=\"elementor-post__thumbnail__link\" href=\"https:\/\/medieproduktion.lnu.se\/terra\/webb-tv\/lansresidensets-okanda-gast\/\" tabindex=\"-1\" ><div class=\"elementor-post__thumbnail\"><img loading=\"lazy\" decoding=\"async\" width=\"768\" height=\"432\" src=\"https:\/\/medieproduktion.lnu.se\/terra\/wp-content\/uploads\/sites\/520\/2021\/03\/lansresidensetstill-768x432.jpg\" class=\"attachment-medium_large size-medium_large wp-image-983\" alt=\"L\u00e4nsresidenset d\u00f6rr.\" srcset=\"https:\/\/medieproduktion.lnu.se\/terra\/wp-content\/uploads\/sites\/520\/2021\/03\/lansresidensetstill-768x432.jpg 768w, https:\/\/medieproduktion.lnu.se\/terra\/wp-content\/uploads\/sites\/520\/2021\/03\/lansresidensetstill-300x169.jpg 300w, https:\/\/medieproduktion.lnu.se\/terra\/wp-content\/uploads\/sites\/520\/2021\/03\/lansresidensetstill.jpg 1000w\" sizes=\"(max-width: 768px) 100vw, 768px\" \/><\/div><\/a>\n\t\t\t\t<div class=\"elementor-post__badge\">WEBB-TV<\/div>\n\t\t\t\t<div class=\"elementor-post__text\">\n\t\t\t\t<h3 class=\"elementor-post__title\">\n\t\t\t<a href=\"https:\/\/medieproduktion.lnu.se\/terra\/webb-tv\/lansresidensets-okanda-gast\/\" >\n\t\t\t\tL\u00e4nsresidensets (o)k\u00e4nda g\u00e4st\t\t\t<\/a>\n\t\t<\/h3>\n\t\t\t\t<div class=\"elementor-post__excerpt\">\n\t\t\t<p>Albin Ols\u00e9n ber\u00e4ttar om <a href=\"http:\/\/medieproduktion.lnu.se\/terra\/?p=981&amp;preview=true\">en speciell g\u00e4st p\u00e5 L\u00e4nsresidenset<\/a> och uppmanar andra att ta reda p\u00e5 stadens rika historia.<\/p>\n\t\t<\/div>\n\t\t\t\t<\/div>\n\t\t\t\t<div class=\"elementor-post__meta-data\">\n\t\t\t\t\t<span class=\"elementor-post-author\">\n\t\t\tLinda Oja\t\t<\/span>\n\t\t\t\t<span class=\"elementor-post-date\">\n\t\t\t24 mars, 2021\t\t<\/span>\n\t\t\t\t<span class=\"elementor-post-time\">\n\t\t\t11:53\t\t<\/span>\n\t\t\t\t<\/div>\n\t\t\t\t\t<\/div>\n\t\t<\/article>\n\t\t\t\t<article class=\"elementor-post elementor-grid-item post-968 post type-post status-publish format-standard has-post-thumbnail hentry category-inrikes tag-hbtqi tag-pride\" role=\"listitem\">\n\t\t\t<div class=\"elementor-post__card\">\n\t\t\t\t<a class=\"elementor-post__thumbnail__link\" href=\"https:\/\/medieproduktion.lnu.se\/terra\/inrikes\/fler-verksamheter-till-unga-hbtqi-personer\/\" tabindex=\"-1\" ><div class=\"elementor-post__thumbnail\"><img loading=\"lazy\" decoding=\"async\" width=\"768\" height=\"512\" src=\"https:\/\/medieproduktion.lnu.se\/terra\/wp-content\/uploads\/sites\/520\/2021\/03\/810c875c0eae0773_800x800ar-1-768x512.jpg\" class=\"attachment-medium_large size-medium_large wp-image-1039\" alt=\"M\u00e4nniskor g\u00e5r p\u00e5 ett led med f\u00e4rgglada flaggor under Prideparad.\" srcset=\"https:\/\/medieproduktion.lnu.se\/terra\/wp-content\/uploads\/sites\/520\/2021\/03\/810c875c0eae0773_800x800ar-1-768x512.jpg 768w, https:\/\/medieproduktion.lnu.se\/terra\/wp-content\/uploads\/sites\/520\/2021\/03\/810c875c0eae0773_800x800ar-1-300x200.jpg 300w, https:\/\/medieproduktion.lnu.se\/terra\/wp-content\/uploads\/sites\/520\/2021\/03\/810c875c0eae0773_800x800ar-1.jpg 800w\" sizes=\"(max-width: 768px) 100vw, 768px\" \/><\/div><\/a>\n\t\t\t\t<div class=\"elementor-post__badge\">INRIKES<\/div>\n\t\t\t\t<div class=\"elementor-post__text\">\n\t\t\t\t<h3 class=\"elementor-post__title\">\n\t\t\t<a href=\"https:\/\/medieproduktion.lnu.se\/terra\/inrikes\/fler-verksamheter-till-unga-hbtqi-personer\/\" >\n\t\t\t\tFler m\u00f6tesplatser till unga hbtqi-personer\t\t\t<\/a>\n\t\t<\/h3>\n\t\t\t\t<div class=\"elementor-post__excerpt\">\n\t\t\t<p>Bidrag p\u00e5 2,4 miljoner till offentliga och ideella organisationer f\u00f6r att f\u00f6rb\u00e4ttra m\u00f6tesplatser f\u00f6r hbtqi-personer.<a href=\"http:\/\/medieproduktion.lnu.se\/terra\/inrikes\/fler-verksamheter-till-unga-hbtqi-personer\/\"> &#8221;En s\u00e4rskild avsaknad bland organisationer p\u00e5 landsbygden.&#8221;<\/a> <\/p>\n\t\t<\/div>\n\t\t\t\t<\/div>\n\t\t\t\t<div class=\"elementor-post__meta-data\">\n\t\t\t\t\t<span class=\"elementor-post-author\">\n\t\t\tAlice Sunnelius Ald\u00e9n\t\t<\/span>\n\t\t\t\t<span class=\"elementor-post-date\">\n\t\t\t24 mars, 2021\t\t<\/span>\n\t\t\t\t<span class=\"elementor-post-time\">\n\t\t\t13:48\t\t<\/span>\n\t\t\t\t<\/div>\n\t\t\t\t\t<\/div>\n\t\t<\/article>\n\t\t\t\t<article class=\"elementor-post elementor-grid-item post-1017 post type-post status-publish format-standard has-post-thumbnail hentry category-webb-tv\" role=\"listitem\">\n\t\t\t<div class=\"elementor-post__card\">\n\t\t\t\t<a class=\"elementor-post__thumbnail__link\" href=\"https:\/\/medieproduktion.lnu.se\/terra\/webb-tv\/http-medieproduktion-lnu-se-terra-lokalt-1017\/\" tabindex=\"-1\" ><div class=\"elementor-post__thumbnail\"><img loading=\"lazy\" decoding=\"async\" width=\"600\" height=\"458\" src=\"https:\/\/medieproduktion.lnu.se\/terra\/wp-content\/uploads\/sites\/520\/2021\/03\/kalmar_slott.jpg\" class=\"attachment-medium_large size-medium_large wp-image-1195\" alt=\"Ett ljusbrunt stort slott med fyra spetsiga torn. En vallgrav runtom.\" srcset=\"https:\/\/medieproduktion.lnu.se\/terra\/wp-content\/uploads\/sites\/520\/2021\/03\/kalmar_slott.jpg 600w, https:\/\/medieproduktion.lnu.se\/terra\/wp-content\/uploads\/sites\/520\/2021\/03\/kalmar_slott-300x229.jpg 300w\" sizes=\"(max-width: 600px) 100vw, 600px\" \/><\/div><\/a>\n\t\t\t\t<div class=\"elementor-post__badge\">WEBB-TV<\/div>\n\t\t\t\t<div class=\"elementor-post__text\">\n\t\t\t\t<h3 class=\"elementor-post__title\">\n\t\t\t<a href=\"https:\/\/medieproduktion.lnu.se\/terra\/webb-tv\/http-medieproduktion-lnu-se-terra-lokalt-1017\/\" >\n\t\t\t\tBer\u00e4ttandet f\u00f6r\u00e4ndras under digitala turer\t\t\t<\/a>\n\t\t<\/h3>\n\t\t\t\t<div class=\"elementor-post__excerpt\">\n\t\t\t<p><a href=\"http:\/\/medieproduktion.lnu.se\/terra\/webb-tv\/http-medieproduktion-lnu-se-terra-lokalt-1017\/\"> &#8221;Man blir mer medveten om vad man s\u00e4ger&#8221;<\/a><\/p>\n\t\t<\/div>\n\t\t\t\t<\/div>\n\t\t\t\t<div class=\"elementor-post__meta-data\">\n\t\t\t\t\t<span class=\"elementor-post-author\">\n\t\t\tTess Johansson\t\t<\/span>\n\t\t\t\t<span class=\"elementor-post-date\">\n\t\t\t24 mars, 2021\t\t<\/span>\n\t\t\t\t<span class=\"elementor-post-time\">\n\t\t\t15:32\t\t<\/span>\n\t\t\t\t<\/div>\n\t\t\t\t\t<\/div>\n\t\t<\/article>\n\t\t\t\t<\/div>\n\t\t\n\t\t\t\t\t\t<\/div>\n\t\t\t\t<\/div>\n\t\t\t\t\t<\/div>\n\t\t<\/div>\n\t\t\t\t\t<\/div>\n\t\t<\/section>\n\t\t\t\t<\/div>\n\t\t","protected":false},"excerpt":{"rendered":"","protected":false},"author":389,"featured_media":0,"parent":0,"menu_order":0,"comment_status":"closed","ping_status":"closed","template":"","meta":{"_seopress_robots_primary_cat":"","_seopress_titles_title":"terra. | Kulturnyheter direkt i mobilen","_seopress_titles_desc":"Terra \u00e4r din webbtidning med engagerande och levande journalistik. H\u00e4ng med oss p\u00e5 redaktionen och f\u00e5 de senaste kulturnyheterna direkt i mobilen.\u2063 ","_seopress_robots_index":"","footnotes":""},"class_list":["post-38","page","type-page","status-publish","hentry"],"_links":{"self":[{"href":"https:\/\/medieproduktion.lnu.se\/terra\/wp-json\/wp\/v2\/pages\/38","targetHints":{"allow":["GET"]}}],"collection":[{"href":"https:\/\/medieproduktion.lnu.se\/terra\/wp-json\/wp\/v2\/pages"}],"about":[{"href":"https:\/\/medieproduktion.lnu.se\/terra\/wp-json\/wp\/v2\/types\/page"}],"author":[{"embeddable":true,"href":"https:\/\/medieproduktion.lnu.se\/terra\/wp-json\/wp\/v2\/users\/389"}],"replies":[{"embeddable":true,"href":"https:\/\/medieproduktion.lnu.se\/terra\/wp-json\/wp\/v2\/comments?post=38"}],"version-history":[{"count":32,"href":"https:\/\/medieproduktion.lnu.se\/terra\/wp-json\/wp\/v2\/pages\/38\/revisions"}],"predecessor-version":[{"id":1354,"href":"https:\/\/medieproduktion.lnu.se\/terra\/wp-json\/wp\/v2\/pages\/38\/revisions\/1354"}],"wp:attachment":[{"href":"https:\/\/medieproduktion.lnu.se\/terra\/wp-json\/wp\/v2\/media?parent=38"}],"curies":[{"name":"wp","href":"https:\/\/api.w.org\/{rel}","templated":true}]}}