{"id":33,"date":"2021-03-09T11:31:57","date_gmt":"2021-03-09T10:31:57","guid":{"rendered":"http:\/\/medieproduktion.lnu.se\/terra\/?page_id=33"},"modified":"2021-03-24T15:40:38","modified_gmt":"2021-03-24T14:40:38","slug":"kontaktuppgifter","status":"publish","type":"page","link":"https:\/\/medieproduktion.lnu.se\/terra\/kontaktuppgifter\/","title":{"rendered":"REDAKTIONEN"},"content":{"rendered":"\t\t<div data-elementor-type=\"wp-post\" data-elementor-id=\"33\" class=\"elementor elementor-33 elementor-bc-flex-widget\" data-elementor-post-type=\"page\">\n\t\t\t\t\t\t<section class=\"elementor-section elementor-top-section elementor-element elementor-element-2a6a2c13 elementor-section-boxed elementor-section-height-default elementor-section-height-default\" data-id=\"2a6a2c13\" data-element_type=\"section\">\n\t\t\t\t\t\t<div class=\"elementor-container elementor-column-gap-default\">\n\t\t\t\t\t<div class=\"elementor-column elementor-col-100 elementor-top-column elementor-element elementor-element-58420d0\" data-id=\"58420d0\" data-element_type=\"column\">\n\t\t\t<div class=\"elementor-widget-wrap elementor-element-populated\">\n\t\t\t\t\t\t<div class=\"elementor-element elementor-element-be5d3e8 elementor-widget elementor-widget-text-editor\" data-id=\"be5d3e8\" data-element_type=\"widget\" data-widget_type=\"text-editor.default\">\n\t\t\t\t<div class=\"elementor-widget-container\">\n\t\t\t\t\t\t\t\t\t<p>Terra grundades av fem journaliststudenter vid Linn\u00e9universitetet i Kalmar. V\u00e5r bevakning str\u00e4cker sig \u00f6ver hela landet. Vi \u00e4r en oberoende webbtidning som levererar aktuella kulturnyheter.\u00a0<\/p><p>Kontakta redaktionen h\u00e4r:\u00a0<br \/><a style=\"background-color: #ffffff;\" href=\"mailto:redaktion.terra@gmail.com\" target=\"_blank\" rel=\"noopener\">redaktion.terra@gmail.com<\/a><\/p>\t\t\t\t\t\t\t\t<\/div>\n\t\t\t\t<\/div>\n\t\t\t\t\t<\/div>\n\t\t<\/div>\n\t\t\t\t\t<\/div>\n\t\t<\/section>\n\t\t\t\t<section class=\"elementor-section elementor-top-section elementor-element elementor-element-9c426c7 elementor-section-boxed elementor-section-height-default elementor-section-height-default\" data-id=\"9c426c7\" data-element_type=\"section\">\n\t\t\t\t\t\t<div class=\"elementor-container elementor-column-gap-default\">\n\t\t\t\t\t<div class=\"elementor-column elementor-col-100 elementor-top-column elementor-element elementor-element-a24a5ec\" data-id=\"a24a5ec\" data-element_type=\"column\">\n\t\t\t<div class=\"elementor-widget-wrap elementor-element-populated\">\n\t\t\t\t\t\t<div class=\"elementor-element elementor-element-eb8dbb3 elementor-widget elementor-widget-heading\" data-id=\"eb8dbb3\" data-element_type=\"widget\" data-widget_type=\"heading.default\">\n\t\t\t\t<div class=\"elementor-widget-container\">\n\t\t\t\t\t<h2 class=\"elementor-heading-title elementor-size-large\">Vilka \u00e4r vi?<\/h2>\t\t\t\t<\/div>\n\t\t\t\t<\/div>\n\t\t\t\t\t<\/div>\n\t\t<\/div>\n\t\t\t\t\t<\/div>\n\t\t<\/section>\n\t\t\t\t<section class=\"elementor-section elementor-top-section elementor-element elementor-element-520b9c3 elementor-section-boxed elementor-section-height-default elementor-section-height-default\" data-id=\"520b9c3\" data-element_type=\"section\">\n\t\t\t\t\t\t<div class=\"elementor-container elementor-column-gap-default\">\n\t\t\t\t\t<div class=\"elementor-column elementor-col-100 elementor-top-column elementor-element elementor-element-76da39d\" data-id=\"76da39d\" data-element_type=\"column\">\n\t\t\t<div class=\"elementor-widget-wrap elementor-element-populated\">\n\t\t\t\t\t\t<section class=\"elementor-section elementor-inner-section elementor-element elementor-element-23104e5 elementor-section-boxed elementor-section-height-default elementor-section-height-default\" data-id=\"23104e5\" data-element_type=\"section\">\n\t\t\t\t\t\t<div class=\"elementor-container elementor-column-gap-default\">\n\t\t\t\t\t<div class=\"elementor-column elementor-col-50 elementor-inner-column elementor-element elementor-element-6eeaf2b\" data-id=\"6eeaf2b\" data-element_type=\"column\">\n\t\t\t<div class=\"elementor-widget-wrap elementor-element-populated\">\n\t\t\t\t\t\t<div class=\"elementor-element elementor-element-0287a90 elementor-widget elementor-widget-image\" data-id=\"0287a90\" data-element_type=\"widget\" data-widget_type=\"image.default\">\n\t\t\t\t<div class=\"elementor-widget-container\">\n\t\t\t\t\t\t\t\t\t\t\t\t\t\t\t<img fetchpriority=\"high\" decoding=\"async\" width=\"800\" height=\"571\" src=\"https:\/\/medieproduktion.lnu.se\/terra\/wp-content\/uploads\/sites\/520\/2021\/03\/Redaktion_grubbild_01_TEST.jpg\" class=\"attachment-large size-large wp-image-531\" alt=\"Reportrar Alice, Victoria och Paula sitter ner framf\u00f6r en rosa bakgrund.\" srcset=\"https:\/\/medieproduktion.lnu.se\/terra\/wp-content\/uploads\/sites\/520\/2021\/03\/Redaktion_grubbild_01_TEST.jpg 800w, https:\/\/medieproduktion.lnu.se\/terra\/wp-content\/uploads\/sites\/520\/2021\/03\/Redaktion_grubbild_01_TEST-300x214.jpg 300w, https:\/\/medieproduktion.lnu.se\/terra\/wp-content\/uploads\/sites\/520\/2021\/03\/Redaktion_grubbild_01_TEST-768x548.jpg 768w\" sizes=\"(max-width: 800px) 100vw, 800px\" \/>\t\t\t\t\t\t\t\t\t\t\t\t\t\t\t<\/div>\n\t\t\t\t<\/div>\n\t\t\t\t\t<\/div>\n\t\t<\/div>\n\t\t\t\t<div class=\"elementor-column elementor-col-50 elementor-inner-column elementor-element elementor-element-b689bfa\" data-id=\"b689bfa\" data-element_type=\"column\">\n\t\t\t<div class=\"elementor-widget-wrap elementor-element-populated\">\n\t\t\t\t\t\t<div class=\"elementor-element elementor-element-fc5526b elementor-widget elementor-widget-image\" data-id=\"fc5526b\" data-element_type=\"widget\" data-widget_type=\"image.default\">\n\t\t\t\t<div class=\"elementor-widget-container\">\n\t\t\t\t\t\t\t\t\t\t\t\t\t\t\t<img decoding=\"async\" width=\"800\" height=\"571\" src=\"https:\/\/medieproduktion.lnu.se\/terra\/wp-content\/uploads\/sites\/520\/2021\/03\/Redaktion_grubbild_02_TEST.jpg\" class=\"attachment-large size-large wp-image-538\" alt=\"Tess och Linda sitter ner framf\u00f6r en rosa bakgrund.\" srcset=\"https:\/\/medieproduktion.lnu.se\/terra\/wp-content\/uploads\/sites\/520\/2021\/03\/Redaktion_grubbild_02_TEST.jpg 800w, https:\/\/medieproduktion.lnu.se\/terra\/wp-content\/uploads\/sites\/520\/2021\/03\/Redaktion_grubbild_02_TEST-300x214.jpg 300w, https:\/\/medieproduktion.lnu.se\/terra\/wp-content\/uploads\/sites\/520\/2021\/03\/Redaktion_grubbild_02_TEST-768x548.jpg 768w\" sizes=\"(max-width: 800px) 100vw, 800px\" \/>\t\t\t\t\t\t\t\t\t\t\t\t\t\t\t<\/div>\n\t\t\t\t<\/div>\n\t\t\t\t\t<\/div>\n\t\t<\/div>\n\t\t\t\t\t<\/div>\n\t\t<\/section>\n\t\t\t\t\t<\/div>\n\t\t<\/div>\n\t\t\t\t\t<\/div>\n\t\t<\/section>\n\t\t\t\t<section class=\"elementor-section elementor-top-section elementor-element elementor-element-f00d457 elementor-section-boxed elementor-section-height-default elementor-section-height-default\" data-id=\"f00d457\" data-element_type=\"section\">\n\t\t\t\t\t\t<div class=\"elementor-container elementor-column-gap-default\">\n\t\t\t\t\t<div class=\"elementor-column elementor-col-100 elementor-top-column elementor-element elementor-element-48ce0f4\" data-id=\"48ce0f4\" data-element_type=\"column\">\n\t\t\t<div class=\"elementor-widget-wrap elementor-element-populated\">\n\t\t\t\t\t\t<div class=\"elementor-element elementor-element-32704ca elementor-widget elementor-widget-text-editor\" data-id=\"32704ca\" data-element_type=\"widget\" data-widget_type=\"text-editor.default\">\n\t\t\t\t<div class=\"elementor-widget-container\">\n\t\t\t\t\t\t\t\t\t<p>Vi p\u00e5 redaktion Terra levererar nyheter inom allt som kan t\u00e4nkas vara kultur. V\u00e5r vision \u00e4r att producera n\u00e4rvarande och gestaltande journalistik.<\/p><p>Genom att l\u00e4gga stort fokus p\u00e5 fotografi och milj\u00f6skildringar har vi som m\u00e5l att ta med l\u00e4saren till platsen.<\/p><p>Vi vill skapa diskussion d\u00e4r l\u00e4sare kan delta aktivt med hj\u00e4lp av v\u00e5ra sociala medier och m\u00f6jligheten att skicka in tips direkt till redaktionen.<\/p><p>F\u00f6r oss \u00e4r det viktigt att s\u00e5 m\u00e5nga som m\u00f6jligt k\u00e4nner sig inkluderande i v\u00e5rt nyhetsfl\u00f6de. Vi l\u00e4gger d\u00e4rf\u00f6r stor vikt i att f\u00e5 fram m\u00e5ngfaldigt och j\u00e4mlikt inneh\u00e5ll d\u00e4r olika r\u00f6ster f\u00e5r komma till tals.<\/p>\t\t\t\t\t\t\t\t<\/div>\n\t\t\t\t<\/div>\n\t\t\t\t\t<\/div>\n\t\t<\/div>\n\t\t\t\t\t<\/div>\n\t\t<\/section>\n\t\t\t\t<section class=\"elementor-section elementor-top-section elementor-element elementor-element-6fe8bd7 elementor-section-boxed elementor-section-height-default elementor-section-height-default\" data-id=\"6fe8bd7\" data-element_type=\"section\">\n\t\t\t\t\t\t<div class=\"elementor-container elementor-column-gap-default\">\n\t\t\t\t\t<div class=\"elementor-column elementor-col-100 elementor-top-column elementor-element elementor-element-8e23037\" data-id=\"8e23037\" data-element_type=\"column\">\n\t\t\t<div class=\"elementor-widget-wrap elementor-element-populated\">\n\t\t\t\t\t\t<div class=\"elementor-element elementor-element-1473412 elementor-widget elementor-widget-heading\" data-id=\"1473412\" data-element_type=\"widget\" data-widget_type=\"heading.default\">\n\t\t\t\t<div class=\"elementor-widget-container\">\n\t\t\t\t\t<h2 class=\"elementor-heading-title elementor-size-large\">V\u00e5ra reportrar<\/h2>\t\t\t\t<\/div>\n\t\t\t\t<\/div>\n\t\t\t\t<section class=\"elementor-section elementor-inner-section elementor-element elementor-element-a904f89 elementor-section-boxed elementor-section-height-default elementor-section-height-default\" data-id=\"a904f89\" data-element_type=\"section\">\n\t\t\t\t\t\t<div class=\"elementor-container elementor-column-gap-default\">\n\t\t\t\t\t<div class=\"elementor-column elementor-col-50 elementor-inner-column elementor-element elementor-element-37c62e8\" data-id=\"37c62e8\" data-element_type=\"column\">\n\t\t\t<div class=\"elementor-widget-wrap elementor-element-populated\">\n\t\t\t\t\t\t<div class=\"elementor-element elementor-element-c61907a elementor-widget elementor-widget-image\" data-id=\"c61907a\" data-element_type=\"widget\" data-widget_type=\"image.default\">\n\t\t\t\t<div class=\"elementor-widget-container\">\n\t\t\t\t\t\t\t\t\t\t\t\t\t\t\t<img decoding=\"async\" width=\"768\" height=\"1024\" src=\"https:\/\/medieproduktion.lnu.se\/terra\/wp-content\/uploads\/sites\/520\/2021\/03\/Tess_redaktion2_NYTEST-768x1024.jpg\" class=\"attachment-large size-large wp-image-536\" alt=\"Reporter Tess framf\u00f6r en rosa bakgrund.\" srcset=\"https:\/\/medieproduktion.lnu.se\/terra\/wp-content\/uploads\/sites\/520\/2021\/03\/Tess_redaktion2_NYTEST-768x1024.jpg 768w, https:\/\/medieproduktion.lnu.se\/terra\/wp-content\/uploads\/sites\/520\/2021\/03\/Tess_redaktion2_NYTEST-225x300.jpg 225w, https:\/\/medieproduktion.lnu.se\/terra\/wp-content\/uploads\/sites\/520\/2021\/03\/Tess_redaktion2_NYTEST.jpg 800w\" sizes=\"(max-width: 768px) 100vw, 768px\" \/>\t\t\t\t\t\t\t\t\t\t\t\t\t\t\t<\/div>\n\t\t\t\t<\/div>\n\t\t\t\t\t<\/div>\n\t\t<\/div>\n\t\t\t\t<div class=\"elementor-column elementor-col-50 elementor-inner-column elementor-element elementor-element-273e679\" data-id=\"273e679\" data-element_type=\"column\">\n\t\t\t<div class=\"elementor-widget-wrap elementor-element-populated\">\n\t\t\t\t\t\t<div class=\"elementor-element elementor-element-a269259 elementor-widget elementor-widget-text-editor\" data-id=\"a269259\" data-element_type=\"widget\" data-widget_type=\"text-editor.default\">\n\t\t\t\t<div class=\"elementor-widget-container\">\n\t\t\t\t\t\t\t\t\t<h2 style=\"text-align: center;\">Tess Johansson<\/h2><p>H\u00f6r g\u00e4rna av dig till mig h\u00e4r:<br \/><a href=\"mailto:tj222na@student.lnu.se\" target=\"_blank\" rel=\"noopener\">tj222na@student.lnu.se<\/a><\/p>\t\t\t\t\t\t\t\t<\/div>\n\t\t\t\t<\/div>\n\t\t\t\t\t<\/div>\n\t\t<\/div>\n\t\t\t\t\t<\/div>\n\t\t<\/section>\n\t\t\t\t<section class=\"elementor-section elementor-inner-section elementor-element elementor-element-655ca15 elementor-section-boxed elementor-section-height-default elementor-section-height-default\" data-id=\"655ca15\" data-element_type=\"section\">\n\t\t\t\t\t\t<div class=\"elementor-container elementor-column-gap-default\">\n\t\t\t\t\t<div class=\"elementor-column elementor-col-50 elementor-inner-column elementor-element elementor-element-235751e\" data-id=\"235751e\" data-element_type=\"column\">\n\t\t\t<div class=\"elementor-widget-wrap elementor-element-populated\">\n\t\t\t\t\t\t<div class=\"elementor-element elementor-element-60e7543 elementor-widget elementor-widget-image\" data-id=\"60e7543\" data-element_type=\"widget\" data-widget_type=\"image.default\">\n\t\t\t\t<div class=\"elementor-widget-container\">\n\t\t\t\t\t\t\t\t\t\t\t\t\t\t\t<img loading=\"lazy\" decoding=\"async\" width=\"768\" height=\"1024\" src=\"https:\/\/medieproduktion.lnu.se\/terra\/wp-content\/uploads\/sites\/520\/2021\/03\/Paula_redaktion_NYTEST-768x1024.jpg\" class=\"attachment-large size-large wp-image-541\" alt=\"Reporter Paula framf\u00f6r en rosa bakgrund.\" srcset=\"https:\/\/medieproduktion.lnu.se\/terra\/wp-content\/uploads\/sites\/520\/2021\/03\/Paula_redaktion_NYTEST-768x1024.jpg 768w, https:\/\/medieproduktion.lnu.se\/terra\/wp-content\/uploads\/sites\/520\/2021\/03\/Paula_redaktion_NYTEST-225x300.jpg 225w, https:\/\/medieproduktion.lnu.se\/terra\/wp-content\/uploads\/sites\/520\/2021\/03\/Paula_redaktion_NYTEST.jpg 800w\" sizes=\"(max-width: 768px) 100vw, 768px\" \/>\t\t\t\t\t\t\t\t\t\t\t\t\t\t\t<\/div>\n\t\t\t\t<\/div>\n\t\t\t\t\t<\/div>\n\t\t<\/div>\n\t\t\t\t<div class=\"elementor-column elementor-col-50 elementor-inner-column elementor-element elementor-element-5e88383\" data-id=\"5e88383\" data-element_type=\"column\">\n\t\t\t<div class=\"elementor-widget-wrap elementor-element-populated\">\n\t\t\t\t\t\t<div class=\"elementor-element elementor-element-c200b7d elementor-widget elementor-widget-text-editor\" data-id=\"c200b7d\" data-element_type=\"widget\" data-widget_type=\"text-editor.default\">\n\t\t\t\t<div class=\"elementor-widget-container\">\n\t\t\t\t\t\t\t\t\t<h2 style=\"text-align: center;\">Paula Svedere\u00a0<\/h2><p>H\u00f6r g\u00e4rna av dig till mig h\u00e4r:<br \/><a href=\"mailto:ps223ce@student.lnu.se\" target=\"_blank\" rel=\"noopener\">ps223ce@student.lnu.se<\/a><\/p>\t\t\t\t\t\t\t\t<\/div>\n\t\t\t\t<\/div>\n\t\t\t\t\t<\/div>\n\t\t<\/div>\n\t\t\t\t\t<\/div>\n\t\t<\/section>\n\t\t\t\t<section class=\"elementor-section elementor-inner-section elementor-element elementor-element-d647199 elementor-section-boxed elementor-section-height-default elementor-section-height-default\" data-id=\"d647199\" data-element_type=\"section\">\n\t\t\t\t\t\t<div class=\"elementor-container elementor-column-gap-default\">\n\t\t\t\t\t<div class=\"elementor-column elementor-col-50 elementor-inner-column elementor-element elementor-element-ebd93a0\" data-id=\"ebd93a0\" data-element_type=\"column\">\n\t\t\t<div class=\"elementor-widget-wrap elementor-element-populated\">\n\t\t\t\t\t\t<div class=\"elementor-element elementor-element-1c59276 elementor-widget elementor-widget-image\" data-id=\"1c59276\" data-element_type=\"widget\" data-widget_type=\"image.default\">\n\t\t\t\t<div class=\"elementor-widget-container\">\n\t\t\t\t\t\t\t\t\t\t\t\t\t\t\t<img loading=\"lazy\" decoding=\"async\" width=\"768\" height=\"1024\" src=\"https:\/\/medieproduktion.lnu.se\/terra\/wp-content\/uploads\/sites\/520\/2021\/03\/Victoria_redaktion_NYTEST-768x1024.jpg\" class=\"attachment-large size-large wp-image-544\" alt=\"\" srcset=\"https:\/\/medieproduktion.lnu.se\/terra\/wp-content\/uploads\/sites\/520\/2021\/03\/Victoria_redaktion_NYTEST-768x1024.jpg 768w, https:\/\/medieproduktion.lnu.se\/terra\/wp-content\/uploads\/sites\/520\/2021\/03\/Victoria_redaktion_NYTEST-225x300.jpg 225w, https:\/\/medieproduktion.lnu.se\/terra\/wp-content\/uploads\/sites\/520\/2021\/03\/Victoria_redaktion_NYTEST.jpg 800w\" sizes=\"(max-width: 768px) 100vw, 768px\" \/>\t\t\t\t\t\t\t\t\t\t\t\t\t\t\t<\/div>\n\t\t\t\t<\/div>\n\t\t\t\t\t<\/div>\n\t\t<\/div>\n\t\t\t\t<div class=\"elementor-column elementor-col-50 elementor-inner-column elementor-element elementor-element-418fbaf\" data-id=\"418fbaf\" data-element_type=\"column\">\n\t\t\t<div class=\"elementor-widget-wrap elementor-element-populated\">\n\t\t\t\t\t\t<div class=\"elementor-element elementor-element-f0eb94e elementor-widget elementor-widget-text-editor\" data-id=\"f0eb94e\" data-element_type=\"widget\" data-widget_type=\"text-editor.default\">\n\t\t\t\t<div class=\"elementor-widget-container\">\n\t\t\t\t\t\t\t\t\t<h2><span style=\"font-size: 1.7em; font-style: inherit;\">\u00a0<\/span>Victoria Ottern\u00e4s<\/h2><p>H\u00f6r g\u00e4rna av dig till mig h\u00e4r:<br \/><a href=\"mailto:vo222dr@student.lnu.se\" target=\"_blank\" rel=\"noopener\">vo222dr@student.lnu.se<\/a><\/p>\t\t\t\t\t\t\t\t<\/div>\n\t\t\t\t<\/div>\n\t\t\t\t\t<\/div>\n\t\t<\/div>\n\t\t\t\t\t<\/div>\n\t\t<\/section>\n\t\t\t\t<section class=\"elementor-section elementor-inner-section elementor-element elementor-element-435d55e elementor-section-boxed elementor-section-height-default elementor-section-height-default\" data-id=\"435d55e\" data-element_type=\"section\">\n\t\t\t\t\t\t<div class=\"elementor-container elementor-column-gap-default\">\n\t\t\t\t\t<div class=\"elementor-column elementor-col-50 elementor-inner-column elementor-element elementor-element-d62da14\" data-id=\"d62da14\" data-element_type=\"column\">\n\t\t\t<div class=\"elementor-widget-wrap elementor-element-populated\">\n\t\t\t\t\t\t<div class=\"elementor-element elementor-element-8983c70 elementor-widget elementor-widget-image\" data-id=\"8983c70\" data-element_type=\"widget\" data-widget_type=\"image.default\">\n\t\t\t\t<div class=\"elementor-widget-container\">\n\t\t\t\t\t\t\t\t\t\t\t\t\t\t\t<img loading=\"lazy\" decoding=\"async\" width=\"768\" height=\"1024\" src=\"https:\/\/medieproduktion.lnu.se\/terra\/wp-content\/uploads\/sites\/520\/2021\/03\/Alice_redaktion_NYTEST-768x1024.jpg\" class=\"attachment-large size-large wp-image-546\" alt=\"Reporter Alice framf\u00f6r en rosa bakgrund.\" srcset=\"https:\/\/medieproduktion.lnu.se\/terra\/wp-content\/uploads\/sites\/520\/2021\/03\/Alice_redaktion_NYTEST-768x1024.jpg 768w, https:\/\/medieproduktion.lnu.se\/terra\/wp-content\/uploads\/sites\/520\/2021\/03\/Alice_redaktion_NYTEST-225x300.jpg 225w, https:\/\/medieproduktion.lnu.se\/terra\/wp-content\/uploads\/sites\/520\/2021\/03\/Alice_redaktion_NYTEST.jpg 800w\" sizes=\"(max-width: 768px) 100vw, 768px\" \/>\t\t\t\t\t\t\t\t\t\t\t\t\t\t\t<\/div>\n\t\t\t\t<\/div>\n\t\t\t\t\t<\/div>\n\t\t<\/div>\n\t\t\t\t<div class=\"elementor-column elementor-col-50 elementor-inner-column elementor-element elementor-element-dfc78e9\" data-id=\"dfc78e9\" data-element_type=\"column\">\n\t\t\t<div class=\"elementor-widget-wrap elementor-element-populated\">\n\t\t\t\t\t\t<div class=\"elementor-element elementor-element-6033238 elementor-widget elementor-widget-text-editor\" data-id=\"6033238\" data-element_type=\"widget\" data-widget_type=\"text-editor.default\">\n\t\t\t\t<div class=\"elementor-widget-container\">\n\t\t\t\t\t\t\t\t\t<h2>Alice Sunnelius Ald\u00e9n<\/h2><p><span style=\"font-family: 'Fira Sans', sans-serif;\">H\u00f6r g\u00e4rna av dig till mig h\u00e4r:<\/span><br \/><a href=\"mailto:vo222dr@student.lnu.se\" target=\"_blank\" rel=\"noopener\">as225vh@student.lnu.se<\/a><\/p>\t\t\t\t\t\t\t\t<\/div>\n\t\t\t\t<\/div>\n\t\t\t\t\t<\/div>\n\t\t<\/div>\n\t\t\t\t\t<\/div>\n\t\t<\/section>\n\t\t\t\t<section class=\"elementor-section elementor-inner-section elementor-element elementor-element-e9b7a15 elementor-section-boxed elementor-section-height-default elementor-section-height-default\" data-id=\"e9b7a15\" data-element_type=\"section\">\n\t\t\t\t\t\t<div class=\"elementor-container elementor-column-gap-default\">\n\t\t\t\t\t<div class=\"elementor-column elementor-col-50 elementor-inner-column elementor-element elementor-element-2c97d3c\" data-id=\"2c97d3c\" data-element_type=\"column\">\n\t\t\t<div class=\"elementor-widget-wrap elementor-element-populated\">\n\t\t\t\t\t\t<div class=\"elementor-element elementor-element-30b60a0 elementor-widget elementor-widget-image\" data-id=\"30b60a0\" data-element_type=\"widget\" data-widget_type=\"image.default\">\n\t\t\t\t<div class=\"elementor-widget-container\">\n\t\t\t\t\t\t\t\t\t\t\t\t\t\t\t<img loading=\"lazy\" decoding=\"async\" width=\"700\" height=\"933\" src=\"https:\/\/medieproduktion.lnu.se\/terra\/wp-content\/uploads\/sites\/520\/2021\/03\/Linda_redaktion_NYTEST.jpg\" class=\"attachment-large size-large wp-image-547\" alt=\"Reporter Linda framf\u00f6r en rosa bakgrund.\" srcset=\"https:\/\/medieproduktion.lnu.se\/terra\/wp-content\/uploads\/sites\/520\/2021\/03\/Linda_redaktion_NYTEST.jpg 700w, https:\/\/medieproduktion.lnu.se\/terra\/wp-content\/uploads\/sites\/520\/2021\/03\/Linda_redaktion_NYTEST-225x300.jpg 225w\" sizes=\"(max-width: 700px) 100vw, 700px\" \/>\t\t\t\t\t\t\t\t\t\t\t\t\t\t\t<\/div>\n\t\t\t\t<\/div>\n\t\t\t\t\t<\/div>\n\t\t<\/div>\n\t\t\t\t<div class=\"elementor-column elementor-col-50 elementor-inner-column elementor-element elementor-element-1178adc\" data-id=\"1178adc\" data-element_type=\"column\">\n\t\t\t<div class=\"elementor-widget-wrap elementor-element-populated\">\n\t\t\t\t\t\t<div class=\"elementor-element elementor-element-e5a0c3a elementor-widget elementor-widget-text-editor\" data-id=\"e5a0c3a\" data-element_type=\"widget\" data-widget_type=\"text-editor.default\">\n\t\t\t\t<div class=\"elementor-widget-container\">\n\t\t\t\t\t\t\t\t\t<h2 style=\"text-align: center;\">Linda Oja\u00a0\u00a0<\/h2><p>H\u00f6r g\u00e4rna av dig till mig h\u00e4r: <a href=\"mailto:lo222qk@student.lnu.se\" target=\"_blank\" rel=\"noopener\">lo222qk@student.lnu.se<\/a><\/p>\t\t\t\t\t\t\t\t<\/div>\n\t\t\t\t<\/div>\n\t\t\t\t\t<\/div>\n\t\t<\/div>\n\t\t\t\t\t<\/div>\n\t\t<\/section>\n\t\t\t\t\t<\/div>\n\t\t<\/div>\n\t\t\t\t\t<\/div>\n\t\t<\/section>\n\t\t\t\t<\/div>\n\t\t","protected":false},"excerpt":{"rendered":"<p>Terra grundades av fem journaliststudenter vid Linn\u00e9universitetet i Kalmar. V\u00e5r bevakning str\u00e4cker sig \u00f6ver hela landet. Vi \u00e4r en oberoende webbtidning som levererar aktuella kulturnyheter.\u00a0 Kontakta redaktionen h\u00e4r:\u00a0redaktion.terra@gmail.com Vilka \u00e4r vi? Vi p\u00e5 redaktion Terra levererar nyheter inom allt som kan t\u00e4nkas vara kultur. V\u00e5r vision \u00e4r att producera n\u00e4rvarande och gestaltande journalistik. Genom att &#8230; <a title=\"REDAKTIONEN\" class=\"read-more\" href=\"https:\/\/medieproduktion.lnu.se\/terra\/kontaktuppgifter\/\" aria-label=\"L\u00e4s mer om REDAKTIONEN\">L\u00e4s mer<\/a><\/p>\n","protected":false},"author":389,"featured_media":0,"parent":0,"menu_order":0,"comment_status":"closed","ping_status":"closed","template":"","meta":{"_seopress_robots_primary_cat":"","_seopress_titles_title":"Redaktionen | Kulturnyheter direkt i mobilen | terra.","_seopress_titles_desc":"Ta kontakt med oss p\u00e5 terra. V\u00e5rt m\u00e5l \u00e4r att leverera kulturnyheter till v\u00e5ra l\u00e4sare med h\u00f6g n\u00e4rvarok\u00e4nsla. H\u00f6r av dig idag!","_seopress_robots_index":"","footnotes":""},"class_list":["post-33","page","type-page","status-publish"],"_links":{"self":[{"href":"https:\/\/medieproduktion.lnu.se\/terra\/wp-json\/wp\/v2\/pages\/33","targetHints":{"allow":["GET"]}}],"collection":[{"href":"https:\/\/medieproduktion.lnu.se\/terra\/wp-json\/wp\/v2\/pages"}],"about":[{"href":"https:\/\/medieproduktion.lnu.se\/terra\/wp-json\/wp\/v2\/types\/page"}],"author":[{"embeddable":true,"href":"https:\/\/medieproduktion.lnu.se\/terra\/wp-json\/wp\/v2\/users\/389"}],"replies":[{"embeddable":true,"href":"https:\/\/medieproduktion.lnu.se\/terra\/wp-json\/wp\/v2\/comments?post=33"}],"version-history":[{"count":74,"href":"https:\/\/medieproduktion.lnu.se\/terra\/wp-json\/wp\/v2\/pages\/33\/revisions"}],"predecessor-version":[{"id":1048,"href":"https:\/\/medieproduktion.lnu.se\/terra\/wp-json\/wp\/v2\/pages\/33\/revisions\/1048"}],"wp:attachment":[{"href":"https:\/\/medieproduktion.lnu.se\/terra\/wp-json\/wp\/v2\/media?parent=33"}],"curies":[{"name":"wp","href":"https:\/\/api.w.org\/{rel}","templated":true}]}}