{"id":102,"date":"2020-02-04T13:20:54","date_gmt":"2020-02-04T12:20:54","guid":{"rendered":"http:\/\/medieproduktion.lnu.se\/termometern-kalmar\/?page_id=102"},"modified":"2020-02-20T15:19:57","modified_gmt":"2020-02-20T14:19:57","slug":"startsida","status":"publish","type":"page","link":"https:\/\/medieproduktion.lnu.se\/termometern-kalmar\/","title":{"rendered":""},"content":{"rendered":"\t\t<div data-elementor-type=\"wp-post\" data-elementor-id=\"102\" class=\"elementor elementor-102 elementor-bc-flex-widget\" data-elementor-post-type=\"page\">\n\t\t\t\t\t\t<section class=\"elementor-section elementor-top-section elementor-element elementor-element-5eec256 elementor-section-boxed elementor-section-height-default elementor-section-height-default\" data-id=\"5eec256\" data-element_type=\"section\">\n\t\t\t\t\t\t<div class=\"elementor-container elementor-column-gap-default\">\n\t\t\t\t\t<div class=\"elementor-column elementor-col-100 elementor-top-column elementor-element elementor-element-876ff7d\" data-id=\"876ff7d\" data-element_type=\"column\">\n\t\t\t<div class=\"elementor-widget-wrap elementor-element-populated\">\n\t\t\t\t\t\t<div class=\"elementor-element elementor-element-06e7d04 elementor-widget elementor-widget-image\" data-id=\"06e7d04\" data-element_type=\"widget\" data-widget_type=\"image.default\">\n\t\t\t\t<div class=\"elementor-widget-container\">\n\t\t\t\t\t\t\t\t\t\t\t\t<figure class=\"wp-caption\">\n\t\t\t\t\t\t\t\t\t\t<img fetchpriority=\"high\" decoding=\"async\" width=\"943\" height=\"722\" src=\"https:\/\/medieproduktion.lnu.se\/termometern-kalmar\/wp-content\/uploads\/sites\/249\/2020\/02\/KnarkeriKalmar.jpg\" class=\"attachment-large size-large wp-image-717\" alt=\"Montagebild: Huvudpersonerna bakom hemsidan &quot;flugsvamp 2.0&quot;\" srcset=\"https:\/\/medieproduktion.lnu.se\/termometern-kalmar\/wp-content\/uploads\/sites\/249\/2020\/02\/KnarkeriKalmar.jpg 943w, https:\/\/medieproduktion.lnu.se\/termometern-kalmar\/wp-content\/uploads\/sites\/249\/2020\/02\/KnarkeriKalmar-300x230.jpg 300w, https:\/\/medieproduktion.lnu.se\/termometern-kalmar\/wp-content\/uploads\/sites\/249\/2020\/02\/KnarkeriKalmar-768x588.jpg 768w\" sizes=\"(max-width: 943px) 100vw, 943px\" \/>\t\t\t\t\t\t\t\t\t\t\t<figcaption class=\"widget-image-caption wp-caption-text\">Den \u00e5talade huvudmannen \u00e4r fr\u00e5n Lund och den misst\u00e4nkta f\u00f6r penningtv\u00e4tt fr\u00e5n Uppsala. <\/figcaption>\n\t\t\t\t\t\t\t\t\t\t<\/figure>\n\t\t\t\t\t\t\t\t\t<\/div>\n\t\t\t\t<\/div>\n\t\t\t\t<div class=\"elementor-element elementor-element-b4ba550 elementor-widget elementor-widget-heading\" data-id=\"b4ba550\" data-element_type=\"widget\" data-widget_type=\"heading.default\">\n\t\t\t\t<div class=\"elementor-widget-container\">\n\t\t\t\t\t<h2 class=\"elementor-heading-title elementor-size-default\"><a href=\"http:\/\/medieproduktion.lnu.se\/termometern-kalmar\/natdroger-blir-allt-vanligare-i-kalmar\/\">N\u00e4tdrogerna blir allt mer vanligt i Kalmar<\/a><\/h2>\t\t\t\t<\/div>\n\t\t\t\t<\/div>\n\t\t\t\t<div class=\"elementor-element elementor-element-9c094ea elementor-widget elementor-widget-text-editor\" data-id=\"9c094ea\" data-element_type=\"widget\" data-widget_type=\"text-editor.default\">\n\t\t\t\t<div class=\"elementor-widget-container\">\n\t\t\t\t\t\t\t\t\t<p>Drogerna s\u00e4ljs helt \u00f6ppet via sajter och skickas med paket p\u00e5 posten till best\u00e4llaren.<\/p>\t\t\t\t\t\t\t\t<\/div>\n\t\t\t\t<\/div>\n\t\t\t\t<div class=\"elementor-element elementor-element-4ec03ed elementor-widget-divider--view-line elementor-widget elementor-widget-divider\" data-id=\"4ec03ed\" data-element_type=\"widget\" data-widget_type=\"divider.default\">\n\t\t\t\t<div class=\"elementor-widget-container\">\n\t\t\t\t\t\t\t<div class=\"elementor-divider\">\n\t\t\t<span class=\"elementor-divider-separator\">\n\t\t\t\t\t\t<\/span>\n\t\t<\/div>\n\t\t\t\t\t\t<\/div>\n\t\t\t\t<\/div>\n\t\t\t\t<div class=\"elementor-element elementor-element-ca675a5 elementor-grid-3 elementor-grid-tablet-2 elementor-grid-mobile-1 elementor-posts--thumbnail-top elementor-widget elementor-widget-posts\" data-id=\"ca675a5\" data-element_type=\"widget\" data-settings=\"{&quot;classic_columns&quot;:&quot;3&quot;,&quot;classic_columns_tablet&quot;:&quot;2&quot;,&quot;classic_columns_mobile&quot;:&quot;1&quot;,&quot;classic_row_gap&quot;:{&quot;unit&quot;:&quot;px&quot;,&quot;size&quot;:35,&quot;sizes&quot;:[]},&quot;classic_row_gap_tablet&quot;:{&quot;unit&quot;:&quot;px&quot;,&quot;size&quot;:&quot;&quot;,&quot;sizes&quot;:[]},&quot;classic_row_gap_mobile&quot;:{&quot;unit&quot;:&quot;px&quot;,&quot;size&quot;:&quot;&quot;,&quot;sizes&quot;:[]}}\" data-widget_type=\"posts.classic\">\n\t\t\t\t<div class=\"elementor-widget-container\">\n\t\t\t\t\t\t\t<div class=\"elementor-posts-container elementor-posts elementor-posts--skin-classic elementor-grid\" role=\"list\">\n\t\t\t\t<article class=\"elementor-post elementor-grid-item post-1462 post type-post status-publish format-standard has-post-thumbnail hentry category-blandat category-noje category-sport tag-corona tag-hemmagym tag-hemmatraning tag-ovningar tag-pandemi tag-traning\" role=\"listitem\">\n\t\t\t\t<a class=\"elementor-post__thumbnail__link\" href=\"https:\/\/medieproduktion.lnu.se\/termometern-kalmar\/att-trana-hemifran-under-den-pagaende-pandemin\/\" tabindex=\"-1\" >\n\t\t\t<div class=\"elementor-post__thumbnail\"><img decoding=\"async\" width=\"225\" height=\"300\" src=\"https:\/\/medieproduktion.lnu.se\/termometern-kalmar\/wp-content\/uploads\/sites\/249\/2020\/05\/Squats-uppr\u00e4tt-225x300.jpg\" class=\"attachment-medium size-medium wp-image-1468\" alt=\"\u00d6vning som \u00e4r enkel att g\u00f6ra var som helst\" srcset=\"https:\/\/medieproduktion.lnu.se\/termometern-kalmar\/wp-content\/uploads\/sites\/249\/2020\/05\/Squats-uppr\u00e4tt-225x300.jpg 225w, https:\/\/medieproduktion.lnu.se\/termometern-kalmar\/wp-content\/uploads\/sites\/249\/2020\/05\/Squats-uppr\u00e4tt-768x1024.jpg 768w\" sizes=\"(max-width: 225px) 100vw, 225px\" \/><\/div>\n\t\t<\/a>\n\t\t\t\t<div class=\"elementor-post__text\">\n\t\t\t\t<h3 class=\"elementor-post__title\">\n\t\t\t<a href=\"https:\/\/medieproduktion.lnu.se\/termometern-kalmar\/att-trana-hemifran-under-den-pagaende-pandemin\/\" >\n\t\t\t\tL\u00e4r dig tr\u00e4na r\u00e4tt hemifr\u00e5n under pandemin\t\t\t<\/a>\n\t\t<\/h3>\n\t\t\t\t<div class=\"elementor-post__meta-data\">\n\t\t\t\t\t<span class=\"elementor-post-author\">\n\t\t\tJohanna Alm\t\t<\/span>\n\t\t\t\t<span class=\"elementor-post-date\">\n\t\t\t25 maj, 2020\t\t<\/span>\n\t\t\t\t<\/div>\n\t\t\t\t<div class=\"elementor-post__excerpt\">\n\t\t\t<p>Hela v\u00e4rlden hotas av en pandemi just nu. Detta g\u00f6r att man kanske inte alltid vill ta sig till gymmet och riskera att bli exponerad f\u00f6r bakterier och on\u00f6dig kroppskontakt. <\/p>\n<p>Men det finns en r\u00e4ddning och denna r\u00e4ddning kallas hemmatr\u00e4ning! <\/p>\n<p>Man kan enkelt utf\u00f6ra tr\u00e4nings\u00f6vningar hemma, utan varken gym eller vikter. H\u00e4r nedan kommer n\u00e5gra enkla \u00f6vningar som tar en halvtimme att utf\u00f6ra och som tr\u00e4nar hela kroppen. <\/p>\n\t\t<\/div>\n\t\t\t\t<\/div>\n\t\t\t\t<\/article>\n\t\t\t\t<article class=\"elementor-post elementor-grid-item post-1337 post type-post status-publish format-standard has-post-thumbnail hentry category-blandat\" role=\"listitem\">\n\t\t\t\t<a class=\"elementor-post__thumbnail__link\" href=\"https:\/\/medieproduktion.lnu.se\/termometern-kalmar\/bildreportage-hemma-hos-miranda-persson\/\" tabindex=\"-1\" >\n\t\t\t<div class=\"elementor-post__thumbnail\"><img decoding=\"async\" width=\"300\" height=\"200\" src=\"https:\/\/medieproduktion.lnu.se\/termometern-kalmar\/wp-content\/uploads\/sites\/249\/2020\/03\/Bildrep4-300x200.png\" class=\"attachment-medium size-medium wp-image-1342\" alt=\"H\u00e4sten st\u00e5r sn\u00e4llt uppst\u00e4lld, t\u00e5ligt v\u00e4ntande.\" srcset=\"https:\/\/medieproduktion.lnu.se\/termometern-kalmar\/wp-content\/uploads\/sites\/249\/2020\/03\/Bildrep4-300x200.png 300w, https:\/\/medieproduktion.lnu.se\/termometern-kalmar\/wp-content\/uploads\/sites\/249\/2020\/03\/Bildrep4.png 700w\" sizes=\"(max-width: 300px) 100vw, 300px\" \/><\/div>\n\t\t<\/a>\n\t\t\t\t<div class=\"elementor-post__text\">\n\t\t\t\t<h3 class=\"elementor-post__title\">\n\t\t\t<a href=\"https:\/\/medieproduktion.lnu.se\/termometern-kalmar\/bildreportage-hemma-hos-miranda-persson\/\" >\n\t\t\t\tBildreportage: Hemma hos Miranda Persson\t\t\t<\/a>\n\t\t<\/h3>\n\t\t\t\t<div class=\"elementor-post__meta-data\">\n\t\t\t\t\t<span class=\"elementor-post-author\">\n\t\t\tLinda Svensson Krupke\t\t<\/span>\n\t\t\t\t<span class=\"elementor-post-date\">\n\t\t\t25 mars, 2020\t\t<\/span>\n\t\t\t\t<\/div>\n\t\t\t\t<div class=\"elementor-post__excerpt\">\n\t\t\t<p>Ute p\u00e5 landet i Kalmar hittar vi ryttaren Miranda Persson som f\u00f6rbereder sig inf\u00f6r en ridtur p\u00e5 h\u00e4sten Larry. Miranda jobbar deltid inom hemtj\u00e4nsten men<\/p>\n\t\t<\/div>\n\t\t\t\t<\/div>\n\t\t\t\t<\/article>\n\t\t\t\t<article class=\"elementor-post elementor-grid-item post-1169 post type-post status-publish format-video has-post-thumbnail hentry category-webb-tv post_format-post-format-video\" role=\"listitem\">\n\t\t\t\t<a class=\"elementor-post__thumbnail__link\" href=\"https:\/\/medieproduktion.lnu.se\/termometern-kalmar\/webb-tv-kvarteret-giraffen-lockar-folk\/\" tabindex=\"-1\" >\n\t\t\t<div class=\"elementor-post__thumbnail\"><img loading=\"lazy\" decoding=\"async\" width=\"300\" height=\"225\" src=\"https:\/\/medieproduktion.lnu.se\/termometern-kalmar\/wp-content\/uploads\/sites\/249\/2020\/02\/IMG_20200219_123342-300x225.jpg\" class=\"attachment-medium size-medium wp-image-1115\" alt=\"Bild p\u00e5 girafferna vid rondellen intill k\u00f6pcenturmmet\" \/><\/div>\n\t\t<\/a>\n\t\t\t\t<div class=\"elementor-post__text\">\n\t\t\t\t<h3 class=\"elementor-post__title\">\n\t\t\t<a href=\"https:\/\/medieproduktion.lnu.se\/termometern-kalmar\/webb-tv-kvarteret-giraffen-lockar-folk\/\" >\n\t\t\t\tWebb-TV: Kvarteret Giraffen lockar folk\t\t\t<\/a>\n\t\t<\/h3>\n\t\t\t\t<div class=\"elementor-post__meta-data\">\n\t\t\t\t\t<span class=\"elementor-post-author\">\n\t\t\tRobin Vramsj\u00f6\t\t<\/span>\n\t\t\t\t<span class=\"elementor-post-date\">\n\t\t\t20 februari, 2020\t\t<\/span>\n\t\t\t\t<\/div>\n\t\t\t\t<div class=\"elementor-post__excerpt\">\n\t\t\t<p>Kvarteret giraffen ny\u00f6ppnade i oktober, och lockar fortfarande mycket bes\u00f6kare. Det kommer garanterat bli fler efter \u00f6ppningen av det efterl\u00e4ngtade Bastard Burgers, som \u00f6ppnar i mars.<\/p>\n\t\t<\/div>\n\t\t\t\t<\/div>\n\t\t\t\t<\/article>\n\t\t\t\t<\/div>\n\t\t\n\t\t\t\t\t\t<\/div>\n\t\t\t\t<\/div>\n\t\t\t\t<div class=\"elementor-element elementor-element-5b376ea elementor-widget-divider--view-line elementor-widget elementor-widget-divider\" data-id=\"5b376ea\" data-element_type=\"widget\" data-widget_type=\"divider.default\">\n\t\t\t\t<div class=\"elementor-widget-container\">\n\t\t\t\t\t\t\t<div class=\"elementor-divider\">\n\t\t\t<span class=\"elementor-divider-separator\">\n\t\t\t\t\t\t<\/span>\n\t\t<\/div>\n\t\t\t\t\t\t<\/div>\n\t\t\t\t<\/div>\n\t\t\t\t<div class=\"elementor-element elementor-element-9cf9021 elementor-widget elementor-widget-heading\" data-id=\"9cf9021\" data-element_type=\"widget\" data-widget_type=\"heading.default\">\n\t\t\t\t<div class=\"elementor-widget-container\">\n\t\t\t\t\t<h2 class=\"elementor-heading-title elementor-size-default\"><a href=\"http:\/\/medieproduktion.lnu.se\/termometern-kalmar\/bildreportage-interior-ambush-en-fargsprakande-upplevelse\/\">Bildreportage: INTERIOR AMBUSH - \"En f\u00e4rgsprakande upplevelse\"<\/a><\/h2>\t\t\t\t<\/div>\n\t\t\t\t<\/div>\n\t\t\t\t<div class=\"elementor-element elementor-element-3de4b6b elementor--v-position-bottom elementor--h-position-center elementor-arrows-position-inside elementor-pagination-position-inside elementor-widget elementor-widget-slides\" data-id=\"3de4b6b\" data-element_type=\"widget\" data-settings=\"{&quot;navigation&quot;:&quot;both&quot;,&quot;autoplay&quot;:&quot;yes&quot;,&quot;pause_on_hover&quot;:&quot;yes&quot;,&quot;pause_on_interaction&quot;:&quot;yes&quot;,&quot;autoplay_speed&quot;:5000,&quot;infinite&quot;:&quot;yes&quot;,&quot;transition&quot;:&quot;slide&quot;,&quot;transition_speed&quot;:500}\" data-widget_type=\"slides.default\">\n\t\t\t\t<div class=\"elementor-widget-container\">\n\t\t\t\t\t\t\t\t\t<div class=\"elementor-swiper\">\n\t\t\t\t\t<div class=\"elementor-slides-wrapper elementor-main-swiper swiper\" role=\"region\" aria-roledescription=\"carousel\" aria-label=\"Bildspel\" dir=\"ltr\" data-animation=\"fadeInUp\">\n\t\t\t\t<div class=\"swiper-wrapper elementor-slides\">\n\t\t\t\t\t\t\t\t\t\t<div class=\"elementor-repeater-item-b13763d swiper-slide\" role=\"group\" aria-roledescription=\"slide\"><div class=\"swiper-slide-bg\" role=\"img\"><\/div><div class=\"swiper-slide-inner\" ><div class=\"swiper-slide-contents\"><\/div><\/div><\/div><div class=\"elementor-repeater-item-086fa65 swiper-slide\" role=\"group\" aria-roledescription=\"slide\"><div class=\"swiper-slide-bg\" role=\"img\"><\/div><div class=\"swiper-slide-inner\" ><div class=\"swiper-slide-contents\"><\/div><\/div><\/div><div class=\"elementor-repeater-item-627c027 swiper-slide\" role=\"group\" aria-roledescription=\"slide\"><div class=\"swiper-slide-bg\" role=\"img\"><\/div><div class=\"swiper-slide-inner\" ><div class=\"swiper-slide-contents\"><\/div><\/div><\/div><div class=\"elementor-repeater-item-626e45b swiper-slide\" role=\"group\" aria-roledescription=\"slide\"><div class=\"swiper-slide-bg\" role=\"img\"><\/div><div class=\"swiper-slide-inner\" ><div class=\"swiper-slide-contents\"><\/div><\/div><\/div><div class=\"elementor-repeater-item-d2f0c57 swiper-slide\" role=\"group\" aria-roledescription=\"slide\"><div class=\"swiper-slide-bg\" role=\"img\"><\/div><div class=\"swiper-slide-inner\" ><div class=\"swiper-slide-contents\"><\/div><\/div><\/div><div class=\"elementor-repeater-item-174564f swiper-slide\" role=\"group\" aria-roledescription=\"slide\"><div class=\"swiper-slide-bg\" role=\"img\"><\/div><div class=\"swiper-slide-inner\" ><div class=\"swiper-slide-contents\"><\/div><\/div><\/div><div class=\"elementor-repeater-item-bcb0201 swiper-slide\" role=\"group\" aria-roledescription=\"slide\"><div class=\"swiper-slide-bg\" role=\"img\"><\/div><div class=\"swiper-slide-inner\" ><div class=\"swiper-slide-contents\"><\/div><\/div><\/div><div class=\"elementor-repeater-item-ff34a4e swiper-slide\" role=\"group\" aria-roledescription=\"slide\"><div class=\"swiper-slide-bg\" role=\"img\"><\/div><div class=\"swiper-slide-inner\" ><div class=\"swiper-slide-contents\"><\/div><\/div><\/div>\t\t\t\t<\/div>\n\t\t\t\t\t\t\t\t\t\t\t\t\t\t\t<div class=\"elementor-swiper-button elementor-swiper-button-prev\" role=\"button\" tabindex=\"0\" aria-label=\"F\u00f6reg\u00e5ende bild\">\n\t\t\t\t\t\t\t<i aria-hidden=\"true\" class=\"eicon-chevron-left\"><\/i>\t\t\t\t\t\t<\/div>\n\t\t\t\t\t\t<div class=\"elementor-swiper-button elementor-swiper-button-next\" role=\"button\" tabindex=\"0\" aria-label=\"N\u00e4sta bild\">\n\t\t\t\t\t\t\t<i aria-hidden=\"true\" class=\"eicon-chevron-right\"><\/i>\t\t\t\t\t\t<\/div>\n\t\t\t\t\t\t\t\t\t\t\t\t\t\t\t\t<div class=\"swiper-pagination\"><\/div>\n\t\t\t\t\t\t\t\t\t\t\t\t<\/div>\n\t\t\t\t<\/div>\n\t\t\t\t\t\t\t\t<\/div>\n\t\t\t\t<\/div>\n\t\t\t\t<div class=\"elementor-element elementor-element-b0668b9 elementor-widget-divider--view-line elementor-widget elementor-widget-divider\" data-id=\"b0668b9\" data-element_type=\"widget\" data-widget_type=\"divider.default\">\n\t\t\t\t<div class=\"elementor-widget-container\">\n\t\t\t\t\t\t\t<div class=\"elementor-divider\">\n\t\t\t<span class=\"elementor-divider-separator\">\n\t\t\t\t\t\t<\/span>\n\t\t<\/div>\n\t\t\t\t\t\t<\/div>\n\t\t\t\t<\/div>\n\t\t\t\t<div class=\"elementor-element elementor-element-063a65d elementor-grid-3 elementor-grid-tablet-2 elementor-grid-mobile-1 elementor-posts--thumbnail-top elementor-widget elementor-widget-posts\" data-id=\"063a65d\" data-element_type=\"widget\" data-settings=\"{&quot;classic_columns&quot;:&quot;3&quot;,&quot;classic_columns_tablet&quot;:&quot;2&quot;,&quot;classic_columns_mobile&quot;:&quot;1&quot;,&quot;classic_row_gap&quot;:{&quot;unit&quot;:&quot;px&quot;,&quot;size&quot;:35,&quot;sizes&quot;:[]},&quot;classic_row_gap_tablet&quot;:{&quot;unit&quot;:&quot;px&quot;,&quot;size&quot;:&quot;&quot;,&quot;sizes&quot;:[]},&quot;classic_row_gap_mobile&quot;:{&quot;unit&quot;:&quot;px&quot;,&quot;size&quot;:&quot;&quot;,&quot;sizes&quot;:[]}}\" data-widget_type=\"posts.classic\">\n\t\t\t\t<div class=\"elementor-widget-container\">\n\t\t\t\t\t\t\t<div class=\"elementor-posts-container elementor-posts elementor-posts--skin-classic elementor-grid\" role=\"list\">\n\t\t\t\t<article class=\"elementor-post elementor-grid-item post-1113 post type-post status-publish format-standard has-post-thumbnail hentry category-lokalt tag-kalmar tag-krogers tag-metoo\" role=\"listitem\">\n\t\t\t\t<a class=\"elementor-post__thumbnail__link\" href=\"https:\/\/medieproduktion.lnu.se\/termometern-kalmar\/queens-of-kalmar-tillbaka-med-ny-festival\/\" tabindex=\"-1\" >\n\t\t\t<div class=\"elementor-post__thumbnail\"><img loading=\"lazy\" decoding=\"async\" width=\"300\" height=\"233\" src=\"https:\/\/medieproduktion.lnu.se\/termometern-kalmar\/wp-content\/uploads\/sites\/249\/2020\/02\/queens-300x233.jpg\" class=\"attachment-medium size-medium wp-image-1116\" alt=\"Alexandra Durne och de andra tv\u00e5 arrang\u00f6rerna av Queens of Kalmars j\u00e4mst\u00e4lldhetsfestival.\" srcset=\"https:\/\/medieproduktion.lnu.se\/termometern-kalmar\/wp-content\/uploads\/sites\/249\/2020\/02\/queens-300x233.jpg 300w, https:\/\/medieproduktion.lnu.se\/termometern-kalmar\/wp-content\/uploads\/sites\/249\/2020\/02\/queens-768x596.jpg 768w, https:\/\/medieproduktion.lnu.se\/termometern-kalmar\/wp-content\/uploads\/sites\/249\/2020\/02\/queens-1024x795.jpg 1024w, https:\/\/medieproduktion.lnu.se\/termometern-kalmar\/wp-content\/uploads\/sites\/249\/2020\/02\/queens.jpg 1080w\" sizes=\"(max-width: 300px) 100vw, 300px\" \/><\/div>\n\t\t<\/a>\n\t\t\t\t<div class=\"elementor-post__text\">\n\t\t\t\t<h3 class=\"elementor-post__title\">\n\t\t\t<a href=\"https:\/\/medieproduktion.lnu.se\/termometern-kalmar\/queens-of-kalmar-tillbaka-med-ny-festival\/\" >\n\t\t\t\tQueens of Kalmar tillbaka med ny festival\t\t\t<\/a>\n\t\t<\/h3>\n\t\t\t\t<div class=\"elementor-post__meta-data\">\n\t\t\t\t\t<span class=\"elementor-post-author\">\n\t\t\tLinda Svensson Krupke\t\t<\/span>\n\t\t\t\t<span class=\"elementor-post-date\">\n\t\t\t19 februari, 2020\t\t<\/span>\n\t\t\t\t<\/div>\n\t\t\t\t<div class=\"elementor-post__excerpt\">\n\t\t\t<p>5-8 mars \u00e4r det dags f\u00f6r en ny festival f\u00f6r arrang\u00f6rerna  Queens of Kalmar. Det \u00e4r tredje \u00e5ret i rad som de arrangerar sin j\u00e4mst\u00e4lldhetsfestival h\u00e4r.<\/p>\n\t\t<\/div>\n\t\t\t\t<\/div>\n\t\t\t\t<\/article>\n\t\t\t\t<article class=\"elementor-post elementor-grid-item post-1093 post type-post status-publish format-standard has-post-thumbnail hentry category-lokalt tag-affarer tag-galleria tag-giraffen tag-kalmar tag-kopcentrum tag-shopping\" role=\"listitem\">\n\t\t\t\t<a class=\"elementor-post__thumbnail__link\" href=\"https:\/\/medieproduktion.lnu.se\/termometern-kalmar\/nyrustningen-av-giraffen-lockar-shoppingsugna-kalmarbor\/\" tabindex=\"-1\" >\n\t\t\t<div class=\"elementor-post__thumbnail\"><img loading=\"lazy\" decoding=\"async\" width=\"300\" height=\"225\" src=\"https:\/\/medieproduktion.lnu.se\/termometern-kalmar\/wp-content\/uploads\/sites\/249\/2020\/02\/Liten3Giraffen-300x225.jpg\" class=\"attachment-medium size-medium wp-image-1449\" alt=\"Entr\u00e9n till k\u00f6pcentrumet Giraffen.\" srcset=\"https:\/\/medieproduktion.lnu.se\/termometern-kalmar\/wp-content\/uploads\/sites\/249\/2020\/02\/Liten3Giraffen-300x225.jpg 300w, https:\/\/medieproduktion.lnu.se\/termometern-kalmar\/wp-content\/uploads\/sites\/249\/2020\/02\/Liten3Giraffen.jpg 614w\" sizes=\"(max-width: 300px) 100vw, 300px\" \/><\/div>\n\t\t<\/a>\n\t\t\t\t<div class=\"elementor-post__text\">\n\t\t\t\t<h3 class=\"elementor-post__title\">\n\t\t\t<a href=\"https:\/\/medieproduktion.lnu.se\/termometern-kalmar\/nyrustningen-av-giraffen-lockar-shoppingsugna-kalmarbor\/\" >\n\t\t\t\tNyrustningen av giraffen lockar shoppingsugna Kalmarbor\t\t\t<\/a>\n\t\t<\/h3>\n\t\t\t\t<div class=\"elementor-post__meta-data\">\n\t\t\t\t\t<span class=\"elementor-post-author\">\n\t\t\tJesper Johansson\t\t<\/span>\n\t\t\t\t<span class=\"elementor-post-date\">\n\t\t\t19 februari, 2020\t\t<\/span>\n\t\t\t\t<\/div>\n\t\t\t\t<div class=\"elementor-post__excerpt\">\n\t\t\t<p>Giraffens upprustning lockar shoppingsugna Kalmarbor.<\/p>\n\t\t<\/div>\n\t\t\t\t<\/div>\n\t\t\t\t<\/article>\n\t\t\t\t<article class=\"elementor-post elementor-grid-item post-1096 post type-post status-publish format-standard has-post-thumbnail hentry category-inrikes\" role=\"listitem\">\n\t\t\t\t<a class=\"elementor-post__thumbnail__link\" href=\"https:\/\/medieproduktion.lnu.se\/termometern-kalmar\/hemtjansten-i-sverige-fortsatt-problematisk\/\" tabindex=\"-1\" >\n\t\t\t<div class=\"elementor-post__thumbnail\"><img loading=\"lazy\" decoding=\"async\" width=\"300\" height=\"225\" src=\"https:\/\/medieproduktion.lnu.se\/termometern-kalmar\/wp-content\/uploads\/sites\/249\/2020\/02\/senior-3336451_1280-300x225.jpg\" class=\"attachment-medium size-medium wp-image-1151\" alt=\"tv\u00e5 pension\u00e4rer\" srcset=\"https:\/\/medieproduktion.lnu.se\/termometern-kalmar\/wp-content\/uploads\/sites\/249\/2020\/02\/senior-3336451_1280-300x225.jpg 300w, https:\/\/medieproduktion.lnu.se\/termometern-kalmar\/wp-content\/uploads\/sites\/249\/2020\/02\/senior-3336451_1280-768x576.jpg 768w, https:\/\/medieproduktion.lnu.se\/termometern-kalmar\/wp-content\/uploads\/sites\/249\/2020\/02\/senior-3336451_1280-1024x768.jpg 1024w, https:\/\/medieproduktion.lnu.se\/termometern-kalmar\/wp-content\/uploads\/sites\/249\/2020\/02\/senior-3336451_1280.jpg 1280w\" sizes=\"(max-width: 300px) 100vw, 300px\" \/><\/div>\n\t\t<\/a>\n\t\t\t\t<div class=\"elementor-post__text\">\n\t\t\t\t<h3 class=\"elementor-post__title\">\n\t\t\t<a href=\"https:\/\/medieproduktion.lnu.se\/termometern-kalmar\/hemtjansten-i-sverige-fortsatt-problematisk\/\" >\n\t\t\t\tHemtj\u00e4nsten i Sverige &#8211; fortsatt problematisk\t\t\t<\/a>\n\t\t<\/h3>\n\t\t\t\t<div class=\"elementor-post__meta-data\">\n\t\t\t\t\t<span class=\"elementor-post-author\">\n\t\t\tRobin Vramsj\u00f6\t\t<\/span>\n\t\t\t\t<span class=\"elementor-post-date\">\n\t\t\t19 februari, 2020\t\t<\/span>\n\t\t\t\t<\/div>\n\t\t\t\t<div class=\"elementor-post__excerpt\">\n\t\t\t<p>Rapporterna om stress inom hemtj\u00e4nsten har varit m\u00e5nga. Tiden r\u00e4cker inte till och personalen m\u00e5ste g\u00f6ra fler och kortare bes\u00f6k hos de \u00e4ldre och funktionsnedsatta.<\/p>\n\t\t<\/div>\n\t\t\t\t<\/div>\n\t\t\t\t<\/article>\n\t\t\t\t<\/div>\n\t\t\n\t\t\t\t\t\t<\/div>\n\t\t\t\t<\/div>\n\t\t\t\t<div class=\"elementor-element elementor-element-26a1137 elementor-widget-divider--view-line elementor-widget elementor-widget-divider\" data-id=\"26a1137\" data-element_type=\"widget\" data-widget_type=\"divider.default\">\n\t\t\t\t<div class=\"elementor-widget-container\">\n\t\t\t\t\t\t\t<div class=\"elementor-divider\">\n\t\t\t<span class=\"elementor-divider-separator\">\n\t\t\t\t\t\t<\/span>\n\t\t<\/div>\n\t\t\t\t\t\t<\/div>\n\t\t\t\t<\/div>\n\t\t\t\t\t<\/div>\n\t\t<\/div>\n\t\t\t\t\t<\/div>\n\t\t<\/section>\n\t\t\t\t<\/div>\n\t\t","protected":false},"excerpt":{"rendered":"<p>Den \u00e5talade huvudmannen \u00e4r fr\u00e5n Lund och den misst\u00e4nkta f\u00f6r penningtv\u00e4tt fr\u00e5n Uppsala. N\u00e4tdrogerna blir allt mer vanligt i Kalmar Drogerna s\u00e4ljs helt \u00f6ppet via sajter och skickas med paket p\u00e5 posten till best\u00e4llaren. Bildreportage: INTERIOR AMBUSH &#8211; &#8221;En f\u00e4rgsprakande upplevelse&#8221;<\/p>\n","protected":false},"author":219,"featured_media":0,"parent":0,"menu_order":0,"comment_status":"closed","ping_status":"closed","template":"","meta":{"footnotes":""},"class_list":["post-102","page","type-page","status-publish","hentry"],"_links":{"self":[{"href":"https:\/\/medieproduktion.lnu.se\/termometern-kalmar\/wp-json\/wp\/v2\/pages\/102","targetHints":{"allow":["GET"]}}],"collection":[{"href":"https:\/\/medieproduktion.lnu.se\/termometern-kalmar\/wp-json\/wp\/v2\/pages"}],"about":[{"href":"https:\/\/medieproduktion.lnu.se\/termometern-kalmar\/wp-json\/wp\/v2\/types\/page"}],"author":[{"embeddable":true,"href":"https:\/\/medieproduktion.lnu.se\/termometern-kalmar\/wp-json\/wp\/v2\/users\/219"}],"replies":[{"embeddable":true,"href":"https:\/\/medieproduktion.lnu.se\/termometern-kalmar\/wp-json\/wp\/v2\/comments?post=102"}],"version-history":[{"count":48,"href":"https:\/\/medieproduktion.lnu.se\/termometern-kalmar\/wp-json\/wp\/v2\/pages\/102\/revisions"}],"predecessor-version":[{"id":1218,"href":"https:\/\/medieproduktion.lnu.se\/termometern-kalmar\/wp-json\/wp\/v2\/pages\/102\/revisions\/1218"}],"wp:attachment":[{"href":"https:\/\/medieproduktion.lnu.se\/termometern-kalmar\/wp-json\/wp\/v2\/media?parent=102"}],"curies":[{"name":"wp","href":"https:\/\/api.w.org\/{rel}","templated":true}]}}