{"id":13,"date":"2019-02-05T12:07:44","date_gmt":"2019-02-05T11:07:44","guid":{"rendered":"http:\/\/medieproduktion.lnu.se\/rasknytt\/?page_id=13"},"modified":"2019-02-06T14:13:24","modified_gmt":"2019-02-06T13:13:24","slug":"start","status":"publish","type":"page","link":"https:\/\/medieproduktion.lnu.se\/rasknytt\/","title":{"rendered":"START"},"content":{"rendered":"\t\t<div data-elementor-type=\"wp-post\" data-elementor-id=\"13\" class=\"elementor elementor-13 elementor-bc-flex-widget\" data-elementor-post-type=\"page\">\n\t\t\t\t\t\t<section class=\"elementor-section elementor-top-section elementor-element elementor-element-a7252b3 elementor-section-boxed elementor-section-height-default elementor-section-height-default\" data-id=\"a7252b3\" data-element_type=\"section\">\n\t\t\t\t\t\t<div class=\"elementor-container elementor-column-gap-default\">\n\t\t\t\t\t<div class=\"elementor-column elementor-col-50 elementor-top-column elementor-element elementor-element-a0698b8\" data-id=\"a0698b8\" data-element_type=\"column\">\n\t\t\t<div class=\"elementor-widget-wrap elementor-element-populated\">\n\t\t\t\t\t\t<div class=\"elementor-element elementor-element-cbb71d2 elementor-grid-1 elementor-grid-tablet-2 elementor-grid-mobile-1 elementor-posts--thumbnail-top elementor-widget elementor-widget-posts\" data-id=\"cbb71d2\" data-element_type=\"widget\" data-settings=\"{&quot;classic_columns&quot;:&quot;1&quot;,&quot;classic_row_gap&quot;:{&quot;unit&quot;:&quot;px&quot;,&quot;size&quot;:30,&quot;sizes&quot;:[]},&quot;classic_columns_tablet&quot;:&quot;2&quot;,&quot;classic_columns_mobile&quot;:&quot;1&quot;,&quot;classic_row_gap_tablet&quot;:{&quot;unit&quot;:&quot;px&quot;,&quot;size&quot;:&quot;&quot;,&quot;sizes&quot;:[]},&quot;classic_row_gap_mobile&quot;:{&quot;unit&quot;:&quot;px&quot;,&quot;size&quot;:&quot;&quot;,&quot;sizes&quot;:[]}}\" data-widget_type=\"posts.classic\">\n\t\t\t\t<div class=\"elementor-widget-container\">\n\t\t\t\t\t\t\t<div class=\"elementor-posts-container elementor-posts elementor-posts--skin-classic elementor-grid\" role=\"list\">\n\t\t\t\t<article class=\"elementor-post elementor-grid-item post-1157 post type-post status-publish format-standard has-post-thumbnail hentry category-nyheter tag-brott tag-dom tag-kalmar-tingsratt tag-lag tag-lagar tag-vastervik\" role=\"listitem\">\n\t\t\t\t<a class=\"elementor-post__thumbnail__link\" href=\"https:\/\/medieproduktion.lnu.se\/rasknytt\/nyheter\/man-hotade-tjansteman-och-stal-fran-coop-i-dag-kom-domen\/\" tabindex=\"-1\" >\n\t\t\t<div class=\"elementor-post__thumbnail\"><img fetchpriority=\"high\" decoding=\"async\" width=\"300\" height=\"225\" src=\"https:\/\/medieproduktion.lnu.se\/rasknytt\/wp-content\/uploads\/sites\/57\/2019\/02\/IMG_20190212_100820-3-300x225.jpg\" class=\"attachment-medium size-medium wp-image-1229\" alt=\"En 25-\u00e5rig man d\u00f6mdes i dag av Kalmar tingsr\u00e4tt.\" srcset=\"https:\/\/medieproduktion.lnu.se\/rasknytt\/wp-content\/uploads\/sites\/57\/2019\/02\/IMG_20190212_100820-3-300x225.jpg 300w, https:\/\/medieproduktion.lnu.se\/rasknytt\/wp-content\/uploads\/sites\/57\/2019\/02\/IMG_20190212_100820-3-768x576.jpg 768w, https:\/\/medieproduktion.lnu.se\/rasknytt\/wp-content\/uploads\/sites\/57\/2019\/02\/IMG_20190212_100820-3-1024x768.jpg 1024w\" sizes=\"(max-width: 300px) 100vw, 300px\" \/><\/div>\n\t\t<\/a>\n\t\t\t\t<div class=\"elementor-post__text\">\n\t\t\t\t<h3 class=\"elementor-post__title\">\n\t\t\t<a href=\"https:\/\/medieproduktion.lnu.se\/rasknytt\/nyheter\/man-hotade-tjansteman-och-stal-fran-coop-i-dag-kom-domen\/\" >\n\t\t\t\tMan hotade tj\u00e4nsteman och stal fr\u00e5n Coop \u2013 i dag kom domen\t\t\t<\/a>\n\t\t<\/h3>\n\t\t\t\t<div class=\"elementor-post__meta-data\">\n\t\t\t\t\t<span class=\"elementor-post-date\">\n\t\t\t20 februari, 2019\t\t<\/span>\n\t\t\t\t<\/div>\n\t\t\t\t<div class=\"elementor-post__excerpt\">\n\t\t\t<p>V\u00c4STERVIK. En man i 25-\u00e5rs\u00e5ldern d\u00f6mdes i dag av Kalmar tingsr\u00e4tt f\u00f6r bland annat olaga hot, st\u00f6ld, hot mot tj\u00e4nsteman, ringa narkotikabrott, rattfylleri och olovlig k\u00f6rning. Redan 2016 hotade mannen i 25-\u00e5rs\u00e5ldern en socialsekreterare i samband med en orosanm\u00e4lan till<\/p>\n\t\t<\/div>\n\t\t\n\t\t<a class=\"elementor-post__read-more\" href=\"https:\/\/medieproduktion.lnu.se\/rasknytt\/nyheter\/man-hotade-tjansteman-och-stal-fran-coop-i-dag-kom-domen\/\" aria-label=\"L\u00e4s mer om Man hotade tj\u00e4nsteman och stal fr\u00e5n Coop \u2013 i dag kom domen\" tabindex=\"-1\" >\n\t\t\tL\u00e4s mer\u00bb\t\t<\/a>\n\n\t\t\t\t<\/div>\n\t\t\t\t<\/article>\n\t\t\t\t<\/div>\n\t\t\n\t\t\t\t\t\t<\/div>\n\t\t\t\t<\/div>\n\t\t\t\t<div class=\"elementor-element elementor-element-65f475d elementor-grid-3 elementor-grid-tablet-2 elementor-grid-mobile-1 elementor-posts--thumbnail-top elementor-widget elementor-widget-posts\" data-id=\"65f475d\" data-element_type=\"widget\" data-settings=\"{&quot;classic_columns&quot;:&quot;3&quot;,&quot;classic_columns_tablet&quot;:&quot;2&quot;,&quot;classic_columns_mobile&quot;:&quot;1&quot;,&quot;classic_row_gap&quot;:{&quot;unit&quot;:&quot;px&quot;,&quot;size&quot;:35,&quot;sizes&quot;:[]},&quot;classic_row_gap_tablet&quot;:{&quot;unit&quot;:&quot;px&quot;,&quot;size&quot;:&quot;&quot;,&quot;sizes&quot;:[]},&quot;classic_row_gap_mobile&quot;:{&quot;unit&quot;:&quot;px&quot;,&quot;size&quot;:&quot;&quot;,&quot;sizes&quot;:[]}}\" data-widget_type=\"posts.classic\">\n\t\t\t\t<div class=\"elementor-widget-container\">\n\t\t\t\t\t\t\t<div class=\"elementor-posts-container elementor-posts elementor-posts--skin-classic elementor-grid\" role=\"list\">\n\t\t\t\t<article class=\"elementor-post elementor-grid-item post-1311 post type-post status-publish format-standard has-post-thumbnail hentry category-webb-tv\" role=\"listitem\">\n\t\t\t\t<a class=\"elementor-post__thumbnail__link\" href=\"https:\/\/medieproduktion.lnu.se\/rasknytt\/webb-tv\/infor-vm-med-omar-ismail\/\" tabindex=\"-1\" >\n\t\t\t<div class=\"elementor-post__thumbnail\"><img decoding=\"async\" width=\"300\" height=\"200\" src=\"https:\/\/medieproduktion.lnu.se\/rasknytt\/wp-content\/uploads\/sites\/57\/2019\/03\/omar_mallinjen-300x200.jpg\" class=\"attachment-medium size-medium wp-image-1312\" alt=\"\" srcset=\"https:\/\/medieproduktion.lnu.se\/rasknytt\/wp-content\/uploads\/sites\/57\/2019\/03\/omar_mallinjen-300x200.jpg 300w, https:\/\/medieproduktion.lnu.se\/rasknytt\/wp-content\/uploads\/sites\/57\/2019\/03\/omar_mallinjen-768x511.jpg 768w, https:\/\/medieproduktion.lnu.se\/rasknytt\/wp-content\/uploads\/sites\/57\/2019\/03\/omar_mallinjen-1024x681.jpg 1024w\" sizes=\"(max-width: 300px) 100vw, 300px\" \/><\/div>\n\t\t<\/a>\n\t\t\t\t<div class=\"elementor-post__text\">\n\t\t\t\t<h3 class=\"elementor-post__title\">\n\t\t\t<a href=\"https:\/\/medieproduktion.lnu.se\/rasknytt\/webb-tv\/infor-vm-med-omar-ismail\/\" >\n\t\t\t\tInf\u00f6r VM med Omar Ismail\t\t\t<\/a>\n\t\t<\/h3>\n\t\t\t\t<div class=\"elementor-post__meta-data\">\n\t\t\t\t\t<span class=\"elementor-post-date\">\n\t\t\t27 mars, 2019\t\t<\/span>\n\t\t\t\t<\/div>\n\t\t\t\t<div class=\"elementor-post__excerpt\">\n\t\t\t<p>http:\/\/medieproduktion.lnu.se\/rasknytt\/wp-content\/uploads\/sites\/57\/2019\/03\/OMAR_WEBB1.mp4 Terr\u00e4ng-VM s\u00e4tter ig\u00e5ng p\u00e5 l\u00f6rdag den 30\/3 och arrangeras i \u00c5rhus, Danmark. FOTO\/VIDEO: Christoffer \u00c5hlander WEBB-TV. Om blott en vecka v\u00e4ntar terr\u00e4ng-VM i Danmark<\/p>\n\t\t<\/div>\n\t\t\n\t\t<a class=\"elementor-post__read-more\" href=\"https:\/\/medieproduktion.lnu.se\/rasknytt\/webb-tv\/infor-vm-med-omar-ismail\/\" aria-label=\"L\u00e4s mer om Inf\u00f6r VM med Omar Ismail\" tabindex=\"-1\" >\n\t\t\tL\u00e4s mer \u00bb\t\t<\/a>\n\n\t\t\t\t<\/div>\n\t\t\t\t<\/article>\n\t\t\t\t<article class=\"elementor-post elementor-grid-item post-1171 post type-post status-publish format-standard has-post-thumbnail hentry category-kultur tag-bildreportage tag-biograf-saga tag-kalmar\" role=\"listitem\">\n\t\t\t\t<a class=\"elementor-post__thumbnail__link\" href=\"https:\/\/medieproduktion.lnu.se\/rasknytt\/kultur\/bildreportage-biograf-saga-113-ar\/\" tabindex=\"-1\" >\n\t\t\t<div class=\"elementor-post__thumbnail\"><img decoding=\"async\" width=\"300\" height=\"197\" src=\"https:\/\/medieproduktion.lnu.se\/rasknytt\/wp-content\/uploads\/sites\/57\/2019\/02\/IMG_5402-300x197.jpg\" class=\"attachment-medium size-medium wp-image-774\" alt=\"Entr\u00e9 biograf Saga\" srcset=\"https:\/\/medieproduktion.lnu.se\/rasknytt\/wp-content\/uploads\/sites\/57\/2019\/02\/IMG_5402-300x197.jpg 300w, https:\/\/medieproduktion.lnu.se\/rasknytt\/wp-content\/uploads\/sites\/57\/2019\/02\/IMG_5402-768x504.jpg 768w, https:\/\/medieproduktion.lnu.se\/rasknytt\/wp-content\/uploads\/sites\/57\/2019\/02\/IMG_5402-1024x671.jpg 1024w\" sizes=\"(max-width: 300px) 100vw, 300px\" \/><\/div>\n\t\t<\/a>\n\t\t\t\t<div class=\"elementor-post__text\">\n\t\t\t\t<h3 class=\"elementor-post__title\">\n\t\t\t<a href=\"https:\/\/medieproduktion.lnu.se\/rasknytt\/kultur\/bildreportage-biograf-saga-113-ar\/\" >\n\t\t\t\tBILDREPORTAGE: Biograf Saga 113 \u00e5r\t\t\t<\/a>\n\t\t<\/h3>\n\t\t\t\t<div class=\"elementor-post__meta-data\">\n\t\t\t\t\t<span class=\"elementor-post-date\">\n\t\t\t20 februari, 2019\t\t<\/span>\n\t\t\t\t<\/div>\n\t\t\t\t<div class=\"elementor-post__excerpt\">\n\t\t\t<p>KALMAR.\u00a0I 113 \u00e5r har biograf Saga erbjudit m\u00e4nniskor en flykt fr\u00e5n vardagen till fr\u00e4mmande liv och land. Bions h\u00f6ga \u00e5lder har f\u00e5tt den att bli<\/p>\n\t\t<\/div>\n\t\t\n\t\t<a class=\"elementor-post__read-more\" href=\"https:\/\/medieproduktion.lnu.se\/rasknytt\/kultur\/bildreportage-biograf-saga-113-ar\/\" aria-label=\"L\u00e4s mer om BILDREPORTAGE: Biograf Saga 113 \u00e5r\" tabindex=\"-1\" >\n\t\t\tL\u00e4s mer \u00bb\t\t<\/a>\n\n\t\t\t\t<\/div>\n\t\t\t\t<\/article>\n\t\t\t\t<article class=\"elementor-post elementor-grid-item post-1157 post type-post status-publish format-standard has-post-thumbnail hentry category-nyheter tag-brott tag-dom tag-kalmar-tingsratt tag-lag tag-lagar tag-vastervik\" role=\"listitem\">\n\t\t\t\t<a class=\"elementor-post__thumbnail__link\" href=\"https:\/\/medieproduktion.lnu.se\/rasknytt\/nyheter\/man-hotade-tjansteman-och-stal-fran-coop-i-dag-kom-domen\/\" tabindex=\"-1\" >\n\t\t\t<div class=\"elementor-post__thumbnail\"><img fetchpriority=\"high\" decoding=\"async\" width=\"300\" height=\"225\" src=\"https:\/\/medieproduktion.lnu.se\/rasknytt\/wp-content\/uploads\/sites\/57\/2019\/02\/IMG_20190212_100820-3-300x225.jpg\" class=\"attachment-medium size-medium wp-image-1229\" alt=\"En 25-\u00e5rig man d\u00f6mdes i dag av Kalmar tingsr\u00e4tt.\" srcset=\"https:\/\/medieproduktion.lnu.se\/rasknytt\/wp-content\/uploads\/sites\/57\/2019\/02\/IMG_20190212_100820-3-300x225.jpg 300w, https:\/\/medieproduktion.lnu.se\/rasknytt\/wp-content\/uploads\/sites\/57\/2019\/02\/IMG_20190212_100820-3-768x576.jpg 768w, https:\/\/medieproduktion.lnu.se\/rasknytt\/wp-content\/uploads\/sites\/57\/2019\/02\/IMG_20190212_100820-3-1024x768.jpg 1024w\" sizes=\"(max-width: 300px) 100vw, 300px\" \/><\/div>\n\t\t<\/a>\n\t\t\t\t<div class=\"elementor-post__text\">\n\t\t\t\t<h3 class=\"elementor-post__title\">\n\t\t\t<a href=\"https:\/\/medieproduktion.lnu.se\/rasknytt\/nyheter\/man-hotade-tjansteman-och-stal-fran-coop-i-dag-kom-domen\/\" >\n\t\t\t\tMan hotade tj\u00e4nsteman och stal fr\u00e5n Coop \u2013 i dag kom domen\t\t\t<\/a>\n\t\t<\/h3>\n\t\t\t\t<div class=\"elementor-post__meta-data\">\n\t\t\t\t\t<span class=\"elementor-post-date\">\n\t\t\t20 februari, 2019\t\t<\/span>\n\t\t\t\t<\/div>\n\t\t\t\t<div class=\"elementor-post__excerpt\">\n\t\t\t<p>V\u00c4STERVIK. En man i 25-\u00e5rs\u00e5ldern d\u00f6mdes i dag av Kalmar tingsr\u00e4tt f\u00f6r bland annat olaga hot, st\u00f6ld, hot mot tj\u00e4nsteman, ringa narkotikabrott, rattfylleri och olovlig<\/p>\n\t\t<\/div>\n\t\t\n\t\t<a class=\"elementor-post__read-more\" href=\"https:\/\/medieproduktion.lnu.se\/rasknytt\/nyheter\/man-hotade-tjansteman-och-stal-fran-coop-i-dag-kom-domen\/\" aria-label=\"L\u00e4s mer om Man hotade tj\u00e4nsteman och stal fr\u00e5n Coop \u2013 i dag kom domen\" tabindex=\"-1\" >\n\t\t\tL\u00e4s mer \u00bb\t\t<\/a>\n\n\t\t\t\t<\/div>\n\t\t\t\t<\/article>\n\t\t\t\t<\/div>\n\t\t\n\t\t\t\t\t\t<\/div>\n\t\t\t\t<\/div>\n\t\t\t\t\t<\/div>\n\t\t<\/div>\n\t\t\t\t<div class=\"elementor-column elementor-col-50 elementor-top-column elementor-element elementor-element-ea92baa\" data-id=\"ea92baa\" data-element_type=\"column\">\n\t\t\t<div class=\"elementor-widget-wrap elementor-element-populated\">\n\t\t\t\t\t\t<div class=\"elementor-element elementor-element-d0ca7df elementor-widget elementor-widget-html\" data-id=\"d0ca7df\" data-element_type=\"widget\" data-widget_type=\"html.default\">\n\t\t\t\t<div class=\"elementor-widget-container\">\n\t\t\t\t\t<iframe src='https:\/\/xn--vder24-bua.se\/index.php\/vader-widget\/?widgettype=white&widgetcity=kalmar' title='V\u00e4derwidget' style='height:250px; min-width:215px; width:100%; max-width:100%;' name='weatheriFrame' scrolling='0' frameborder='0' ><\/iframe>\t\t\t\t<\/div>\n\t\t\t\t<\/div>\n\t\t\t\t<div class=\"elementor-element elementor-element-243f032 elementor-widget elementor-widget-eael-twitter-feed\" data-id=\"243f032\" data-element_type=\"widget\" data-settings=\"{&quot;pagination&quot;:&quot;false&quot;}\" data-widget_type=\"eael-twitter-feed.default\">\n\t\t\t\t<div class=\"elementor-widget-container\">\n\t\t\t\t\t \n        <div>\n            <div class=\"eael-twitter-feed eael-twitter-feed-243f032 eael-twitter-feed-list eael-twitter-feed- clearfix\" data-gutter=\"10\" data-posts-per-page=\"\" data-total-posts=\"10\" data-nomore-item-text=\"\" data-next-page=\"2\" >\n                            <\/div>\n            <div class=\"clearfix\">\n                            <\/div>\n        <\/div>\n\n        <style>\n            .eael-twitter-feed-243f032.eael-twitter-feed-masonry.eael-twitter-feed-col-2 .eael-twitter-feed-item {\n                width: calc(50% - 5px);\n            }\n            .eael-twitter-feed-243f032.eael-twitter-feed-masonry.eael-twitter-feed-col-3 .eael-twitter-feed-item {\n                width: calc(33.33% - 7px);\n            }\n            .eael-twitter-feed-243f032.eael-twitter-feed-masonry.eael-twitter-feed-col-4 .eael-twitter-feed-item {\n                width: calc(25% - 8px);\n            }\n\n            .eael-twitter-feed-243f032.eael-twitter-feed-col-2 .eael-twitter-feed-item,\n            .eael-twitter-feed-243f032.eael-twitter-feed-col-3 .eael-twitter-feed-item,\n            .eael-twitter-feed-243f032.eael-twitter-feed-col-4 .eael-twitter-feed-item {\n                margin-bottom: 10px;\n            }\n            @media only screen and (min-width: 768px) and (max-width: 992px) {\n                .eael-twitter-feed-243f032.eael-twitter-feed-masonry.eael-twitter-feed-col-3 .eael-twitter-feed-item,\n                .eael-twitter-feed-243f032.eael-twitter-feed-masonry.eael-twitter-feed-col-4 .eael-twitter-feed-item {\n                    width: calc(50% - 5px);\n                }\n            }\n        <\/style>\t\t\t\t<\/div>\n\t\t\t\t<\/div>\n\t\t\t\t\t<\/div>\n\t\t<\/div>\n\t\t\t\t\t<\/div>\n\t\t<\/section>\n\t\t\t\t<section class=\"elementor-section elementor-top-section elementor-element elementor-element-8c17655 elementor-section-boxed elementor-section-height-default elementor-section-height-default\" data-id=\"8c17655\" data-element_type=\"section\">\n\t\t\t\t\t\t<div class=\"elementor-container elementor-column-gap-default\">\n\t\t\t\t\t<div class=\"elementor-column elementor-col-100 elementor-top-column elementor-element elementor-element-6411724\" data-id=\"6411724\" data-element_type=\"column\">\n\t\t\t<div class=\"elementor-widget-wrap\">\n\t\t\t\t\t\t\t<\/div>\n\t\t<\/div>\n\t\t\t\t\t<\/div>\n\t\t<\/section>\n\t\t\t\t<section class=\"elementor-section elementor-top-section elementor-element elementor-element-584b1f9 elementor-section-boxed elementor-section-height-default elementor-section-height-default\" data-id=\"584b1f9\" data-element_type=\"section\" data-settings=\"{&quot;background_background&quot;:&quot;classic&quot;}\">\n\t\t\t\t\t\t<div class=\"elementor-container elementor-column-gap-default\">\n\t\t\t\t\t<div class=\"elementor-column elementor-col-50 elementor-top-column elementor-element elementor-element-c1c506c\" data-id=\"c1c506c\" data-element_type=\"column\">\n\t\t\t<div class=\"elementor-widget-wrap elementor-element-populated\">\n\t\t\t\t\t\t<div class=\"elementor-element elementor-element-f3d804e elementor-widget elementor-widget-heading\" data-id=\"f3d804e\" data-element_type=\"widget\" data-widget_type=\"heading.default\">\n\t\t\t\t<div class=\"elementor-widget-container\">\n\t\t\t\t\t<h2 class=\"elementor-heading-title elementor-size-default\">Add Your Heading Text Here<\/h2>\t\t\t\t<\/div>\n\t\t\t\t<\/div>\n\t\t\t\t\t<\/div>\n\t\t<\/div>\n\t\t\t\t<div class=\"elementor-column elementor-col-50 elementor-top-column elementor-element elementor-element-8052d25\" data-id=\"8052d25\" data-element_type=\"column\">\n\t\t\t<div class=\"elementor-widget-wrap elementor-element-populated\">\n\t\t\t\t\t\t<div class=\"elementor-element elementor-element-81fb6a8 elementor-widget elementor-widget-heading\" data-id=\"81fb6a8\" data-element_type=\"widget\" data-widget_type=\"heading.default\">\n\t\t\t\t<div class=\"elementor-widget-container\">\n\t\t\t\t\t<h2 class=\"elementor-heading-title elementor-size-default\">Add Your Heading Text Here<\/h2>\t\t\t\t<\/div>\n\t\t\t\t<\/div>\n\t\t\t\t\t<\/div>\n\t\t<\/div>\n\t\t\t\t\t<\/div>\n\t\t<\/section>\n\t\t\t\t<\/div>\n\t\t","protected":false},"excerpt":{"rendered":"<p>.eael-social-feed-element .auth-img { display: block; }.eael-social-feed-element .social-feed-date { display: block; }.eael-social-feed-element .read-more-link { display: block }.eael-social-feed-element .social-feed-icon { display: inline-block }.eael-twitter-feed-container.masonry-view .eael-social-feed-element { width: 33.33%} .eael-social-feed-element .media-object { width: 30px; } Add Your Heading Text Here Add Your Heading Text Here<\/p>\n","protected":false},"author":53,"featured_media":0,"parent":0,"menu_order":1,"comment_status":"closed","ping_status":"closed","template":"","meta":{"footnotes":""},"class_list":["post-13","page","type-page","status-publish","hentry"],"_links":{"self":[{"href":"https:\/\/medieproduktion.lnu.se\/rasknytt\/wp-json\/wp\/v2\/pages\/13","targetHints":{"allow":["GET"]}}],"collection":[{"href":"https:\/\/medieproduktion.lnu.se\/rasknytt\/wp-json\/wp\/v2\/pages"}],"about":[{"href":"https:\/\/medieproduktion.lnu.se\/rasknytt\/wp-json\/wp\/v2\/types\/page"}],"author":[{"embeddable":true,"href":"https:\/\/medieproduktion.lnu.se\/rasknytt\/wp-json\/wp\/v2\/users\/53"}],"replies":[{"embeddable":true,"href":"https:\/\/medieproduktion.lnu.se\/rasknytt\/wp-json\/wp\/v2\/comments?post=13"}],"version-history":[{"count":10,"href":"https:\/\/medieproduktion.lnu.se\/rasknytt\/wp-json\/wp\/v2\/pages\/13\/revisions"}],"predecessor-version":[{"id":317,"href":"https:\/\/medieproduktion.lnu.se\/rasknytt\/wp-json\/wp\/v2\/pages\/13\/revisions\/317"}],"wp:attachment":[{"href":"https:\/\/medieproduktion.lnu.se\/rasknytt\/wp-json\/wp\/v2\/media?parent=13"}],"curies":[{"name":"wp","href":"https:\/\/api.w.org\/{rel}","templated":true}]}}