{"id":85,"date":"2021-03-17T10:10:41","date_gmt":"2021-03-17T09:10:41","guid":{"rendered":"http:\/\/medieproduktion.lnu.se\/pluppit\/?page_id=85"},"modified":"2021-03-24T12:01:10","modified_gmt":"2021-03-24T11:01:10","slug":"kontakt","status":"publish","type":"page","link":"https:\/\/medieproduktion.lnu.se\/pluppit\/kontakt\/","title":{"rendered":""},"content":{"rendered":"<h1>Har du n\u00e5gra synpunkter om Pluppit? Tveka inte att h\u00f6ra av dig om du har n\u00e5gra fr\u00e5gor!<\/h1>\n<h2>Vanliga fr\u00e5gor och svar<\/h2>\n<p><a>Hur fungerar appen?<\/a><\/p>\n<p>Medan ma\u030anga sma\u030a fo\u0308retag eller fina promenadslingor fo\u0308rsvinner bort i Googleso\u0308kningar kommer allting finnas tydligt pa\u030a kartan. Du ser alltsa\u030a inte det som sta\u030ar ho\u0308gst upp fo\u0308r att det a\u0308r mest beso\u0308kt, utan det som a\u0308r na\u0308rmast dig da\u0308r du befinner dig just nu.<\/p>\n<p><a>Hur pluppinl\u00e4gg kan man g\u00f6ra per dag?<\/a><\/p>\n<p>Max 2 pluppar om dagen, d\u00e4refter kr\u00e4vs en prenumeration som kan betalas i appen och d\u00e5 kan 10 pluppar g\u00f6ras om dagen.<\/p>\n<p><a>Jag blev rapporterad, vad h\u00e4nder nu?<\/a><\/p>\n<p>Ta det lugnt, det l\u00f6ser sig, vi h\u00f6jer bara ett varningens finger inf\u00f6r framtida pluppar! Vi och alla andra pluppare har som skyldighet att rapportera om ett inl\u00e4gg upplevs som spam eller felaktig information. Om en pluppare f\u00e5tt 10 rapporteringar kommer plupparen bli en besk\u00e5dare som inte l\u00e4ngre kan publicera n\u00e5got.<\/p>\n<p><a>Hur fungerar betygs\u00e4ttningen?<\/a><\/p>\n<p>Varje g\u00e5ng du har bes\u00f6kt en plupp kommer du beh\u00f6va betygsa\u0308tta pluppen utefter din upplevelse, f\u00f6r att andra pluppare ska f\u00e5 en uppfattning om h\u00e4ndelsen.<\/p>\n<p><a>M\u00e5ste jag skaffa ett konto?<\/a><\/p>\n<p>Nej och det \u00e4r v\u00e4ldigt viktigt f\u00f6r oss att alla ska kunna vara delaktiga \u00e4ven om anv\u00e4ndare inte skaffar sig ett konto. Vi ser det sj\u00e4lvklart som en f\u00f6rdel att ni skaffar er ett konto och delar med er om vad ni upplevt, b\u00e5de f\u00f6r att tipsa andra och f\u00f6r att kunna skryta lite om vad ni sj\u00e4lva upplevt!<\/p>\n<p><a>Hur l\u00e4nge sparas mina pluppar?<\/a><\/p>\n<p>Det \u00e4r helt upp till dig! N\u00e4r du \u00e4r p\u00e5 v\u00e4g att l\u00e4gga upp en plupp p\u00e5 kartan kommer du att se olika niv\u00e5er av varaktighet och du kommer att kunna v\u00e4lja hur m\u00e5nga dagar du vill att din plupp ska synas f\u00f6r andra.<\/p>\n","protected":false},"excerpt":{"rendered":"<p>Har du n\u00e5gra synpunkter om Pluppit? Tveka inte att h\u00f6ra av dig om du har n\u00e5gra fr\u00e5gor! Vanliga fr\u00e5gor och svar Hur fungerar appen? Medan ma\u030anga sma\u030a fo\u0308retag eller fina promenadslingor fo\u0308rsvinner bort i Googleso\u0308kningar kommer allting finnas tydligt pa\u030a kartan. Du ser alltsa\u030a inte det som sta\u030ar ho\u0308gst upp fo\u0308r att det a\u0308r mest &#8230; <a title=\"\" class=\"read-more\" href=\"https:\/\/medieproduktion.lnu.se\/pluppit\/kontakt\/\" aria-label=\"L\u00e4s mer om \">L\u00e4s mer<\/a><\/p>\n","protected":false},"author":211,"featured_media":0,"parent":0,"menu_order":0,"comment_status":"closed","ping_status":"closed","template":"","meta":{"_seopress_robots_primary_cat":"","_seopress_titles_title":"Dina fr\u00e5gor \u00e4r viktiga f\u00f6r oss | Pluppit","_seopress_titles_desc":"H\u00e4r har vi samlat vanliga fr\u00e5gor och svar fr\u00e5n v\u00e5ra anv\u00e4ndare. Vill du lyfta n\u00e5got om appen? Tveka inte att h\u00f6ra av dig till oss.","_seopress_robots_index":"","footnotes":""},"class_list":["post-85","page","type-page","status-publish"],"_links":{"self":[{"href":"https:\/\/medieproduktion.lnu.se\/pluppit\/wp-json\/wp\/v2\/pages\/85","targetHints":{"allow":["GET"]}}],"collection":[{"href":"https:\/\/medieproduktion.lnu.se\/pluppit\/wp-json\/wp\/v2\/pages"}],"about":[{"href":"https:\/\/medieproduktion.lnu.se\/pluppit\/wp-json\/wp\/v2\/types\/page"}],"author":[{"embeddable":true,"href":"https:\/\/medieproduktion.lnu.se\/pluppit\/wp-json\/wp\/v2\/users\/211"}],"replies":[{"embeddable":true,"href":"https:\/\/medieproduktion.lnu.se\/pluppit\/wp-json\/wp\/v2\/comments?post=85"}],"version-history":[{"count":25,"href":"https:\/\/medieproduktion.lnu.se\/pluppit\/wp-json\/wp\/v2\/pages\/85\/revisions"}],"predecessor-version":[{"id":393,"href":"https:\/\/medieproduktion.lnu.se\/pluppit\/wp-json\/wp\/v2\/pages\/85\/revisions\/393"}],"wp:attachment":[{"href":"https:\/\/medieproduktion.lnu.se\/pluppit\/wp-json\/wp\/v2\/media?parent=85"}],"curies":[{"name":"wp","href":"https:\/\/api.w.org\/{rel}","templated":true}]}}