{"id":6,"date":"2021-03-17T08:59:44","date_gmt":"2021-03-17T07:59:44","guid":{"rendered":"http:\/\/medieproduktion.lnu.se\/pluppit\/?page_id=6"},"modified":"2021-03-24T09:18:46","modified_gmt":"2021-03-24T08:18:46","slug":"elementor-6","status":"publish","type":"page","link":"https:\/\/medieproduktion.lnu.se\/pluppit\/","title":{"rendered":""},"content":{"rendered":"<h1>Pluppit hj\u00e4lper dig att uppt\u00e4cka vad som \u00e4r n\u00e4ra dig!<\/h1>\n<p>Med appen hittar du evenemang och erbjudanden fr\u00e5n stora v\u00e4rldsk\u00e4nda butiker till ett caf\u00e9 i en bygd och alla \u00e4r samlade p\u00e5 ett och samma\u00a0st\u00e4lle. Det enda du beh\u00f6ver t\u00e4nka p\u00e5 \u00e4r att v\u00e4lja vilken radie du vill ha p\u00e5 pluppar du vill se. Ladda ner Pluppit och sen \u00e4r du redo f\u00f6r att bli en pluppare!<\/p>\n<p>Medan sociala medier idag fungerar mycket som en anslagstavla blandas det \u00e4ven med m\u00e5nga personliga saker. F\u00f6r de som reser genom Sverige beho\u0308ver ofta bli medlemmar i grupper eller skrolla p\u00e5 Google f\u00f6r att f\u00f6rs\u00f6ka hitta loppisen eller ett fint caf\u00e9 p\u00e5 v\u00e4gen som passar i ens smak. Pluppit a\u0308r d\u00e4rf\u00f6r en app som endast visar precis vad du vill se och \u00e4r en la\u0308ttanva\u0308nd app f\u00f6r alla!<\/p>\n<p><a role=\"button\" href=\"http:\/\/medieproduktion.lnu.se\/pluppit\/om-pluppit\/\"><br \/>\nL\u00e4s mer om Pluppit h\u00e4r<br \/>\n<\/a><\/p>\n<h2>Pluppit hj\u00e4lper dig att uppt\u00e4cka evenemang som \u00e4r n\u00e4ra dig!<\/h2>\n<p>Appen funkar f\u00f6r alla som vill f\u00e5\u00a0 tips om olyckor, loppisar, rabatterade varor eller andra h\u00e4ndelser. F\u00f6r alla pluppare har vi varje m\u00e5nad nya topplistor p\u00e5 vilka som trendar med sina pluppar. Klicka p\u00e5 l\u00e4nken f\u00f6r att se vilka som trendar denna m\u00e5naden.<\/p>\n<p><a role=\"button\" href=\"http:\/\/medieproduktion.lnu.se\/pluppit\/for-foretag\/\"><br \/>\nTrendande pluppar<br \/>\n<\/a><br \/>\n<img loading=\"lazy\" decoding=\"async\" src=\"http:\/\/medieproduktion.lnu.se\/pluppit\/wp-content\/uploads\/sites\/486\/2021\/03\/Ska\u0308rmavbild-2021-03-21-kl.-11.43.32.png\" alt=\"Telefonen ligger p\u00e5 bordet och har f\u00e5tt en notis fr\u00e5n Pluppit att det finns ett erbjudande n\u00e4ra dig.\" width=\"574\" height=\"494\" \/><\/p>\n<h3>Varf\u00f6r ska du anv\u00e4nda Pluppit?<\/h3>\n<p>Genom Pluppit kan du skr\u00e4ddarsy vad du vill se p\u00e5 din karta.\u00a0 Efter dina \u00f6nskem\u00e5l anpassar Pluppit inneh\u00e5llet och sorterar bort det du inte vill se. Vi finner ut\u00f6ver detta fyra anledningar till varf\u00f6r just du ska anv\u00e4nda Pluppit.<\/p>\n<h4 id=\"elementor-tab-title-5661\" role=\"tab\"><a>Uppt\u00e4ck med Pluppit<\/a><\/h4>\n<p>Har du en speciell hobby? Till exempel att \u00e5ka p\u00e5 loppis eller kolla p\u00e5 fotboll p\u00e5 helgerna? Eller vill du kanske f\u00e5 tips om rabatterade priser p\u00e5 fika p\u00e5 ditt favorit caf\u00e9? Det finns o\u00e4ndligt med sev\u00e4rdheter f\u00f6r stora som sm\u00e5, ladda ner appen och b\u00f6rja uppt\u00e4cka vad som finns n\u00e4ra dig!<\/p>\n<h4 id=\"elementor-tab-title-5662\" role=\"tab\"><a>Marknadsf\u00f6r<\/a><\/h4>\n<p>Vi p\u00e5 Pluppit vill ge m\u00f6jlighet f\u00f6r f\u00f6retag, ideella f\u00f6reningar, event med mera att marknadsf\u00f6ra produkter och h\u00e4ndelser i hela Sverige! Med allt samlat p\u00e5 ett och samma st\u00e4lle finns det inga risker f\u00f6r att dina pluppar f\u00f6rsvinner bland andra stora f\u00f6retag.<\/p>\n<h4 id=\"elementor-tab-title-5663\" role=\"tab\"><a>Dela h\u00e4ndelser med pluppar<\/a><\/h4>\n<p>N\u00e4r du delar med dig av tillf\u00e4lliga erbjudanden eller h\u00e4ndelser kommer andra pluppare att se detta och bes\u00f6ka platsen! Efter att bes\u00f6karen varit hos dig ska personen betygs\u00e4tta pluppen utifr\u00e5n sin upplevelse.<br \/>\nGe och ta, det \u00e4r Pluppits motto!<\/p>\n<h4 id=\"elementor-tab-title-5664\" role=\"tab\"><a>Supporta f\u00f6retag och f\u00f6reningar<\/a><\/h4>\n<p>Eftersom att vi alla sitter i samma b\u00e5t p\u00e5 ett eller annat s\u00e4tt med tanke p\u00e5 pandemin kan vi vara enade om att f\u00f6retag, event och f\u00f6reningar har en sv\u00e5r tid framf\u00f6r sig, d\u00e4rf\u00f6r \u00e4r det viktigt att vi hj\u00e4lper de f\u00f6retag som str\u00e4cker ut en hand. Det \u00e4r s\u00e5 vi hj\u00e4lps \u00e5t att beh\u00e5lla det vi tycker om!<\/p>\n<p>kundrecensioner<\/p>\n<h5>Vad s\u00e4ger anv\u00e4ndarna?<\/h5>\n<p>Sp\u00e4nnande koncept, som en liten julafton att trycka p\u00e5 plupparna, beroendeframkallande!<br \/>\nFreja J.<br \/>\nVad gjorde jag innan Pluppit fanns? Briljant id\u00e9 att skapa en digital anslagstavla, f\u00f6r det fungerar ju faktiskt.<br \/>\nJimmy B.<\/p>\n","protected":false},"excerpt":{"rendered":"<p>Pluppit hj\u00e4lper dig att uppt\u00e4cka vad som \u00e4r n\u00e4ra dig! Med appen hittar du evenemang och erbjudanden fr\u00e5n stora v\u00e4rldsk\u00e4nda butiker till ett caf\u00e9 i en bygd och alla \u00e4r samlade p\u00e5 ett och samma\u00a0st\u00e4lle. Det enda du beh\u00f6ver t\u00e4nka p\u00e5 \u00e4r att v\u00e4lja vilken radie du vill ha p\u00e5 pluppar du vill se. Ladda &#8230; <a title=\"\" class=\"read-more\" href=\"https:\/\/medieproduktion.lnu.se\/pluppit\/\" aria-label=\"L\u00e4s mer om \">L\u00e4s mer<\/a><\/p>\n","protected":false},"author":211,"featured_media":0,"parent":0,"menu_order":0,"comment_status":"closed","ping_status":"closed","template":"","meta":{"_seopress_robots_primary_cat":"","_seopress_titles_title":"Din digitala anslagstavla | Pluppit","_seopress_titles_desc":"Pluppit hj\u00e4lper f\u00f6retag att synas p\u00e5 kartan som annars f\u00f6rsvinner bland stora ledande f\u00f6retag. Vi p\u00e5 Pluppit vill vara nyckeln till synlighet f\u00f6r alla.","_seopress_robots_index":"","footnotes":""},"class_list":["post-6","page","type-page","status-publish"],"_links":{"self":[{"href":"https:\/\/medieproduktion.lnu.se\/pluppit\/wp-json\/wp\/v2\/pages\/6","targetHints":{"allow":["GET"]}}],"collection":[{"href":"https:\/\/medieproduktion.lnu.se\/pluppit\/wp-json\/wp\/v2\/pages"}],"about":[{"href":"https:\/\/medieproduktion.lnu.se\/pluppit\/wp-json\/wp\/v2\/types\/page"}],"author":[{"embeddable":true,"href":"https:\/\/medieproduktion.lnu.se\/pluppit\/wp-json\/wp\/v2\/users\/211"}],"replies":[{"embeddable":true,"href":"https:\/\/medieproduktion.lnu.se\/pluppit\/wp-json\/wp\/v2\/comments?post=6"}],"version-history":[{"count":50,"href":"https:\/\/medieproduktion.lnu.se\/pluppit\/wp-json\/wp\/v2\/pages\/6\/revisions"}],"predecessor-version":[{"id":364,"href":"https:\/\/medieproduktion.lnu.se\/pluppit\/wp-json\/wp\/v2\/pages\/6\/revisions\/364"}],"wp:attachment":[{"href":"https:\/\/medieproduktion.lnu.se\/pluppit\/wp-json\/wp\/v2\/media?parent=6"}],"curies":[{"name":"wp","href":"https:\/\/api.w.org\/{rel}","templated":true}]}}