{"id":290,"date":"2021-03-23T14:14:16","date_gmt":"2021-03-23T13:14:16","guid":{"rendered":"http:\/\/medieproduktion.lnu.se\/pluppit\/?page_id=290"},"modified":"2021-03-24T11:52:35","modified_gmt":"2021-03-24T10:52:35","slug":"hur-fungerar-pluppit","status":"publish","type":"page","link":"https:\/\/medieproduktion.lnu.se\/pluppit\/hur-fungerar-pluppit\/","title":{"rendered":""},"content":{"rendered":"<h1>Pluppit fungerar s\u00e5h\u00e4r<\/h1>\n<p>Efter att du laddat ner Pluppit appen kommer du att m\u00f6tas av en karta som visar hela Sverige. N\u00e4r du accepterat din plats\u00e5tkomst kommer du att kunna se vilka pluppar som finns n\u00e4rmast den radie du befinner dig i, radien g\u00e5r \u00e4ven att anpassa senare i inst\u00e4llningar.\u00a0<\/p>\n<p>Du v\u00e4ljer sj\u00e4lv vilka pluppar du vill ta del av och inte i filter i inst\u00e4llningar som du enkelt hittar i h\u00f6gra h\u00f6rnet h\u00f6gst upp ovanf\u00f6r kartan. D\u00e4refter kan du b\u00f6rja se dig omkring och kolla hur andra pluppar ser ut. Steg tre \u00e4r att bli en pluppare!<\/p>\n<p>N\u00e4r du nu b\u00f6rjat f\u00f6rst\u00e5 grunden f\u00f6r hur Pluppit fungerar kan du b\u00f6rja pluppa sj\u00e4lv. Du kan s\u00e5klart avst\u00e5 fr\u00e5n detta men du kommer \u00e4nd\u00e5 att beh\u00f6va betygs\u00e4tta andras pluppar n\u00e4r du bes\u00f6kt en plats. Funktionen f\u00f6r att skapa en plupp ligger i \u00f6versta h\u00f6gra h\u00f6rnet och d\u00e4r st\u00e5r det &#8221;skapa plupp&#8221;. Nu v\u00e4ljer du vad det \u00e4r f\u00f6r filter och kategori din plupp ska hamna inom och namnger den utefter vad du erbjuder, \u00e4r det &#8221;30% rabatt p\u00e5 frallor&#8221; eller \u00e4r det &#8221;Loppisfynd&#8221;? <br \/>Nu anger du bara hur l\u00e4nge din plupp ska vara synlig f\u00f6r andra anv\u00e4ndare, n\u00e4r din plupp har passerat sin angivna tid kommer den att hamna i &#8221;tidigare pluppar&#8221;.<\/p>\n<p>Pluppit, out and about!<\/p>\n<h2><a href=\"http:\/\/medieproduktion.lnu.se\/pluppit\/kontakt\/\">Har du n\u00e5gra fr\u00e5gor om Pluppit? H\u00e4r har vi samlat vanliga fr\u00e5gor och svar, skicka g\u00e4rna ett mail till oss om du har n\u00e5gra fr\u00e5gor!<\/a><\/h2>\n<h3>Hoppas vi ses i appen!<\/h3>\n","protected":false},"excerpt":{"rendered":"<p>Pluppit fungerar s\u00e5h\u00e4r Efter att du laddat ner Pluppit appen kommer du att m\u00f6tas av en karta som visar hela Sverige. N\u00e4r du accepterat din plats\u00e5tkomst kommer du att kunna se vilka pluppar som finns n\u00e4rmast den radie du befinner dig i, radien g\u00e5r \u00e4ven att anpassa senare i inst\u00e4llningar.\u00a0 Du v\u00e4ljer sj\u00e4lv vilka pluppar &#8230; <a title=\"\" class=\"read-more\" href=\"https:\/\/medieproduktion.lnu.se\/pluppit\/hur-fungerar-pluppit\/\" aria-label=\"L\u00e4s mer om \">L\u00e4s mer<\/a><\/p>\n","protected":false},"author":211,"featured_media":0,"parent":0,"menu_order":0,"comment_status":"closed","ping_status":"closed","template":"","meta":{"_seopress_robots_primary_cat":"","_seopress_titles_title":"Vi f\u00f6rklarar hur du anv\u00e4nder dig av appen | Pluppit","_seopress_titles_desc":"H\u00e4r g\u00e5r vi igenom hur Pluppit fungerar s\u00e5 du l\u00e4r dig grunderna.","_seopress_robots_index":"","footnotes":""},"class_list":["post-290","page","type-page","status-publish"],"_links":{"self":[{"href":"https:\/\/medieproduktion.lnu.se\/pluppit\/wp-json\/wp\/v2\/pages\/290","targetHints":{"allow":["GET"]}}],"collection":[{"href":"https:\/\/medieproduktion.lnu.se\/pluppit\/wp-json\/wp\/v2\/pages"}],"about":[{"href":"https:\/\/medieproduktion.lnu.se\/pluppit\/wp-json\/wp\/v2\/types\/page"}],"author":[{"embeddable":true,"href":"https:\/\/medieproduktion.lnu.se\/pluppit\/wp-json\/wp\/v2\/users\/211"}],"replies":[{"embeddable":true,"href":"https:\/\/medieproduktion.lnu.se\/pluppit\/wp-json\/wp\/v2\/comments?post=290"}],"version-history":[{"count":14,"href":"https:\/\/medieproduktion.lnu.se\/pluppit\/wp-json\/wp\/v2\/pages\/290\/revisions"}],"predecessor-version":[{"id":401,"href":"https:\/\/medieproduktion.lnu.se\/pluppit\/wp-json\/wp\/v2\/pages\/290\/revisions\/401"}],"wp:attachment":[{"href":"https:\/\/medieproduktion.lnu.se\/pluppit\/wp-json\/wp\/v2\/media?parent=290"}],"curies":[{"name":"wp","href":"https:\/\/api.w.org\/{rel}","templated":true}]}}