{"id":276,"date":"2021-03-23T13:45:14","date_gmt":"2021-03-23T12:45:14","guid":{"rendered":"http:\/\/medieproduktion.lnu.se\/pluppit\/?page_id=276"},"modified":"2021-03-24T09:55:33","modified_gmt":"2021-03-24T08:55:33","slug":"du-som-vill-marknadsfora-ditt-event","status":"publish","type":"page","link":"https:\/\/medieproduktion.lnu.se\/pluppit\/du-som-vill-marknadsfora-ditt-event\/","title":{"rendered":""},"content":{"rendered":"<h1>Eventmarknadsf\u00f6ring via Pluppit<\/h1>\n<p>F\u00f6r att f\u00e5 ditt event att synas gratis p\u00e5 Pluppit kan du med en viss begr\u00e4nsning \u00e4nd\u00e5 n\u00e5 ut till v\u00e4ldigt m\u00e5nga. Om du d\u00e4remot vill f\u00e5 ytterligare synlighet kan du h\u00f6ra av dig till oss l\u00e4ngst ner p\u00e5 l\u00e4nken f\u00f6r att f\u00e5 reda p\u00e5 hur ni ska g\u00e5 tillv\u00e4ga f\u00f6r att marknadsf\u00f6ra ert event i framtiden hos oss p\u00e5 Pluppit.<\/p>\n<p><img loading=\"lazy\" decoding=\"async\" src=\"http:\/\/medieproduktion.lnu.se\/pluppit\/wp-content\/uploads\/sites\/486\/2021\/03\/img2-1.png\" alt=\"Tre personer i bild arbetar med att gr\u00e4va upp pengar, denna bild indikerar att h\u00e5rt slit genererar pengar, vi har gjort det h\u00e5rda arbetet och nu \u00e5terst\u00e5r er marknad f\u00f6r era produkter.\" width=\"1019\" height=\"758\" \/><\/p>\n<figure><img loading=\"lazy\" decoding=\"async\" src=\"http:\/\/medieproduktion.lnu.se\/pluppit\/wp-content\/uploads\/sites\/486\/2021\/03\/icon-G_S.2.png\" alt=\"En hand som \u00e4r \u00f6ppen och ovanf\u00f6r \u00e4r en v\u00e4xt. Detta signalerar en h\u00e5llbar framtid.\" width=\"151\" height=\"151\" \/><\/figure>\n<p>Anv\u00e4ndare f\u00e5r den digitala anslagstavlan i mobilfickan.<\/p>\n<figure><img loading=\"lazy\" decoding=\"async\" src=\"http:\/\/medieproduktion.lnu.se\/pluppit\/wp-content\/uploads\/sites\/486\/2021\/03\/icon-G_S.1.png\" alt=\"En pappers stj\u00e4rna som signalerar att l\u00f6sningen kan k\u00e4nnas sv\u00e5r, fast med Pluppit \u00e4r det enkelt att marknadsf\u00f6ra sitt event.\" width=\"151\" height=\"151\" \/><\/figure>\n<p>Det ska vara enkelt att marknadsf\u00f6ra sitt event.<\/p>\n<figure><img loading=\"lazy\" decoding=\"async\" src=\"http:\/\/medieproduktion.lnu.se\/pluppit\/wp-content\/uploads\/sites\/486\/2021\/03\/icon-G_S.3.png\" alt=\"Ett pappersflygplan som signalerar att &quot;skickar du iv\u00e4g ett flygplan s\u00e5 kan du r\u00e4kna med att n\u00e5gon kommer kasta tillbaka det till dig&quot;\" width=\"151\" height=\"151\" \/><\/figure>\n<p>Ge information om event, och kunderna kommer till dig.<\/p>\n<figure><img loading=\"lazy\" decoding=\"async\" src=\"http:\/\/medieproduktion.lnu.se\/pluppit\/wp-content\/uploads\/sites\/486\/2021\/03\/icon-G_S.4.png\" alt=\"En dator som visar en graf, f\u00f6retag kan f\u00f6lja upp f\u00f6rs\u00e4ljningen av sina produkter f\u00f6r att se hur Pluppit p\u00e5verkat ditt f\u00f6retag.\" width=\"151\" height=\"151\" \/><\/figure>\n<p>L\u00f6sningen f\u00f6r ditt f\u00f6retag \u00e4r enkel, bli en pluppare idag!<\/p>\n<h2><b>Digitala l\u00f6sningar <\/b><br \/>\n\u00e4r h\u00e5llbara l\u00f6sningar<\/h2>\n<p>Pluppit lanserades 2021 och har redan n\u00e5tt ut till \u00f6ver 18.000 anv\u00e4ndare. Vi m\u00e4rker att detta bara \u00e4r en b\u00f6rjan p\u00e5 en l\u00e5ng resa som vi har framf\u00f6r oss. Vill du synas med ditt event kan du ladda ner appen och b\u00f6rja skapa dina f\u00f6rsta pluppar. Nedan finns ett kontaktformul\u00e4r f\u00f6r dig som vill veta mer om hur Pluppit fungerar.<\/p>\n<p>Aktiva pluppar<br \/>\nAnv\u00e4ndare<br \/>\nTotala pluppar<br \/>\n<img loading=\"lazy\" decoding=\"async\" src=\"http:\/\/medieproduktion.lnu.se\/pluppit\/wp-content\/uploads\/sites\/486\/2021\/03\/img2-1.png\" alt=\"Tre personer i bild arbetar med att gr\u00e4va upp pengar, denna bild indikerar att h\u00e5rt slit genererar pengar, vi har gjort det h\u00e5rda arbetet och nu \u00e5terst\u00e5r er marknad f\u00f6r era produkter.\" width=\"1019\" height=\"758\" \/><\/p>\n<h3>Pluppit vill att f\u00f6retag ska v\u00e4xa!<\/h3>\n<address><a href=\"mailto:vr222dt@lnu.se\">Skicka ett mail och vi h\u00f6r av oss med mer information!<\/a><\/address>\n<p><a target=\"_blank\" rel=\"noopener\"><br \/>\nFacebook<br \/>\n<\/a><br \/>\n<a target=\"_blank\" rel=\"noopener\"><br \/>\nTwitter<br \/>\n<\/a><br \/>\n<a target=\"_blank\" rel=\"noopener\"><br \/>\nInstagram<br \/>\n<\/a><br \/>\n<a target=\"_blank\" rel=\"noopener\"><br \/>\nWhatsapp<br \/>\n<\/a><\/p>\n","protected":false},"excerpt":{"rendered":"<p>Eventmarknadsf\u00f6ring via Pluppit F\u00f6r att f\u00e5 ditt event att synas gratis p\u00e5 Pluppit kan du med en viss begr\u00e4nsning \u00e4nd\u00e5 n\u00e5 ut till v\u00e4ldigt m\u00e5nga. Om du d\u00e4remot vill f\u00e5 ytterligare synlighet kan du h\u00f6ra av dig till oss l\u00e4ngst ner p\u00e5 l\u00e4nken f\u00f6r att f\u00e5 reda p\u00e5 hur ni ska g\u00e5 tillv\u00e4ga f\u00f6r att &#8230; <a title=\"\" class=\"read-more\" href=\"https:\/\/medieproduktion.lnu.se\/pluppit\/du-som-vill-marknadsfora-ditt-event\/\" aria-label=\"L\u00e4s mer om \">L\u00e4s mer<\/a><\/p>\n","protected":false},"author":211,"featured_media":0,"parent":0,"menu_order":0,"comment_status":"closed","ping_status":"closed","template":"","meta":{"_seopress_robots_primary_cat":"","_seopress_titles_title":"Eventmarknadsf\u00f6ring via Pluppit | Pluppit","_seopress_titles_desc":"Hur ska du g\u00f6ra f\u00f6r att marknadsf\u00f6ra din produkt? Vi hj\u00e4lper dig.","_seopress_robots_index":"","footnotes":""},"class_list":["post-276","page","type-page","status-publish"],"_links":{"self":[{"href":"https:\/\/medieproduktion.lnu.se\/pluppit\/wp-json\/wp\/v2\/pages\/276","targetHints":{"allow":["GET"]}}],"collection":[{"href":"https:\/\/medieproduktion.lnu.se\/pluppit\/wp-json\/wp\/v2\/pages"}],"about":[{"href":"https:\/\/medieproduktion.lnu.se\/pluppit\/wp-json\/wp\/v2\/types\/page"}],"author":[{"embeddable":true,"href":"https:\/\/medieproduktion.lnu.se\/pluppit\/wp-json\/wp\/v2\/users\/211"}],"replies":[{"embeddable":true,"href":"https:\/\/medieproduktion.lnu.se\/pluppit\/wp-json\/wp\/v2\/comments?post=276"}],"version-history":[{"count":22,"href":"https:\/\/medieproduktion.lnu.se\/pluppit\/wp-json\/wp\/v2\/pages\/276\/revisions"}],"predecessor-version":[{"id":377,"href":"https:\/\/medieproduktion.lnu.se\/pluppit\/wp-json\/wp\/v2\/pages\/276\/revisions\/377"}],"wp:attachment":[{"href":"https:\/\/medieproduktion.lnu.se\/pluppit\/wp-json\/wp\/v2\/media?parent=276"}],"curies":[{"name":"wp","href":"https:\/\/api.w.org\/{rel}","templated":true}]}}