{"id":273,"date":"2021-03-23T13:45:14","date_gmt":"2021-03-23T12:45:14","guid":{"rendered":"http:\/\/medieproduktion.lnu.se\/pluppit\/?page_id=273"},"modified":"2021-03-24T10:22:03","modified_gmt":"2021-03-24T09:22:03","slug":"vara-tjanster","status":"publish","type":"page","link":"https:\/\/medieproduktion.lnu.se\/pluppit\/vara-tjanster\/","title":{"rendered":""},"content":{"rendered":"<h1>V\u00e5ra tj\u00e4nster<\/h1>\n<h2>Klicka p\u00e5 en av rutorna f\u00f6r att l\u00e4sa mer om v\u00e5ra tj\u00e4nster<\/h2>\n<p>&nbsp;<\/p>\n<h2>Vem har nytta av Pluppit?<\/h2>\n<p>&nbsp;<\/p>\n<h3>Du som vill marknadsf\u00f6ra ditt event<\/h3>\n<p>&nbsp;<\/p>\n<h4>Hur fungerar Pluppit?<\/h4>\n<p>&nbsp;<\/p>\n<h2>Pluppit vill hj\u00e4lpa dig att hitta dina kunder f\u00f6r att dina produkter ska komma i r\u00e4tt h\u00e4nder<\/h2>\n<p><img loading=\"lazy\" decoding=\"async\" src=\"http:\/\/medieproduktion.lnu.se\/pluppit\/wp-content\/uploads\/sites\/486\/2021\/03\/10492948616_94ae524f87_o-e1616577342106-768x399.jpg\" alt=\"En kvinna kollar i en kikare som signalerar att m\u00e5let \u00e4r inte l\u00e4ngre bort \u00e4n vart \u00f6gat n\u00e5r, har du ett m\u00e5l att f\u00e5 fler kunder?\" width=\"768\" height=\"399\" \/><\/p>\n","protected":false},"excerpt":{"rendered":"<p>V\u00e5ra tj\u00e4nster Klicka p\u00e5 en av rutorna f\u00f6r att l\u00e4sa mer om v\u00e5ra tj\u00e4nster &nbsp; Vem har nytta av Pluppit? &nbsp; Du som vill marknadsf\u00f6ra ditt event &nbsp; Hur fungerar Pluppit? &nbsp; Pluppit vill hj\u00e4lpa dig att hitta dina kunder f\u00f6r att dina produkter ska komma i r\u00e4tt h\u00e4nder<\/p>\n","protected":false},"author":211,"featured_media":0,"parent":0,"menu_order":0,"comment_status":"closed","ping_status":"closed","template":"","meta":{"_seopress_robots_primary_cat":"","_seopress_titles_title":"H\u00e4r kan du l\u00e4sa om v\u00e5ra tj\u00e4nster | Pluppit","_seopress_titles_desc":"Pluppit erbjuder tj\u00e4nster f\u00f6r f\u00f6reningar, f\u00f6retag och privatpersoner som vill synas p\u00e5 kartan och inte f\u00f6rsvinna bland andra stora f\u00f6retag.","_seopress_robots_index":"","footnotes":""},"class_list":["post-273","page","type-page","status-publish"],"_links":{"self":[{"href":"https:\/\/medieproduktion.lnu.se\/pluppit\/wp-json\/wp\/v2\/pages\/273","targetHints":{"allow":["GET"]}}],"collection":[{"href":"https:\/\/medieproduktion.lnu.se\/pluppit\/wp-json\/wp\/v2\/pages"}],"about":[{"href":"https:\/\/medieproduktion.lnu.se\/pluppit\/wp-json\/wp\/v2\/types\/page"}],"author":[{"embeddable":true,"href":"https:\/\/medieproduktion.lnu.se\/pluppit\/wp-json\/wp\/v2\/users\/211"}],"replies":[{"embeddable":true,"href":"https:\/\/medieproduktion.lnu.se\/pluppit\/wp-json\/wp\/v2\/comments?post=273"}],"version-history":[{"count":15,"href":"https:\/\/medieproduktion.lnu.se\/pluppit\/wp-json\/wp\/v2\/pages\/273\/revisions"}],"predecessor-version":[{"id":384,"href":"https:\/\/medieproduktion.lnu.se\/pluppit\/wp-json\/wp\/v2\/pages\/273\/revisions\/384"}],"wp:attachment":[{"href":"https:\/\/medieproduktion.lnu.se\/pluppit\/wp-json\/wp\/v2\/media?parent=273"}],"curies":[{"name":"wp","href":"https:\/\/api.w.org\/{rel}","templated":true}]}}