{"id":76,"date":"2021-03-09T14:19:19","date_gmt":"2021-03-09T13:19:19","guid":{"rendered":"http:\/\/medieproduktion.lnu.se\/noterat\/?page_id=76"},"modified":"2021-03-26T14:26:08","modified_gmt":"2021-03-26T13:26:08","slug":"startsida","status":"publish","type":"page","link":"https:\/\/medieproduktion.lnu.se\/noterat\/","title":{"rendered":""},"content":{"rendered":"\t\t<div data-elementor-type=\"wp-post\" data-elementor-id=\"76\" class=\"elementor elementor-76 elementor-bc-flex-widget\" data-elementor-post-type=\"page\">\n\t\t\t\t\t\t<section class=\"elementor-section elementor-top-section elementor-element elementor-element-46455dc elementor-section-boxed elementor-section-height-default elementor-section-height-default\" data-id=\"46455dc\" data-element_type=\"section\">\n\t\t\t\t\t\t<div class=\"elementor-container elementor-column-gap-default\">\n\t\t\t\t\t<div class=\"elementor-column elementor-col-100 elementor-top-column elementor-element elementor-element-9a679e6\" data-id=\"9a679e6\" data-element_type=\"column\">\n\t\t\t<div class=\"elementor-widget-wrap elementor-element-populated\">\n\t\t\t\t\t\t<div class=\"elementor-element elementor-element-2efdb38 elementor-grid-1 elementor-grid-tablet-2 elementor-grid-mobile-1 elementor-posts--thumbnail-top elementor-widget elementor-widget-posts\" data-id=\"2efdb38\" data-element_type=\"widget\" data-settings=\"{&quot;classic_columns&quot;:&quot;1&quot;,&quot;classic_row_gap&quot;:{&quot;unit&quot;:&quot;px&quot;,&quot;size&quot;:31,&quot;sizes&quot;:[]},&quot;classic_columns_tablet&quot;:&quot;2&quot;,&quot;classic_columns_mobile&quot;:&quot;1&quot;,&quot;classic_row_gap_tablet&quot;:{&quot;unit&quot;:&quot;px&quot;,&quot;size&quot;:&quot;&quot;,&quot;sizes&quot;:[]},&quot;classic_row_gap_mobile&quot;:{&quot;unit&quot;:&quot;px&quot;,&quot;size&quot;:&quot;&quot;,&quot;sizes&quot;:[]}}\" data-widget_type=\"posts.classic\">\n\t\t\t\t<div class=\"elementor-widget-container\">\n\t\t\t\t\t\t\t<div class=\"elementor-posts-container elementor-posts elementor-posts--skin-classic elementor-grid\" role=\"list\">\n\t\t\t\t<article class=\"elementor-post elementor-grid-item post-418 post type-post status-publish format-standard has-post-thumbnail hentry category-kalmar category-lokalt\" role=\"listitem\">\n\t\t\t\t<a class=\"elementor-post__thumbnail__link\" href=\"https:\/\/medieproduktion.lnu.se\/noterat\/lokalt\/kalmar\/astra-zeneca-vaccinet-pausas\/\" tabindex=\"-1\" >\n\t\t\t<div class=\"elementor-post__thumbnail\"><img fetchpriority=\"high\" decoding=\"async\" width=\"768\" height=\"432\" src=\"https:\/\/medieproduktion.lnu.se\/noterat\/wp-content\/uploads\/sites\/524\/2021\/03\/vaccine-5926664_1280-768x432.jpg\" class=\"attachment-medium_large size-medium_large wp-image-424\" alt=\"Uppradade vaccin flaskor och sprutor p\u00e5 ett led\" srcset=\"https:\/\/medieproduktion.lnu.se\/noterat\/wp-content\/uploads\/sites\/524\/2021\/03\/vaccine-5926664_1280-768x432.jpg 768w, https:\/\/medieproduktion.lnu.se\/noterat\/wp-content\/uploads\/sites\/524\/2021\/03\/vaccine-5926664_1280-300x169.jpg 300w, https:\/\/medieproduktion.lnu.se\/noterat\/wp-content\/uploads\/sites\/524\/2021\/03\/vaccine-5926664_1280-1024x576.jpg 1024w, https:\/\/medieproduktion.lnu.se\/noterat\/wp-content\/uploads\/sites\/524\/2021\/03\/vaccine-5926664_1280.jpg 1280w\" sizes=\"(max-width: 768px) 100vw, 768px\" \/><\/div>\n\t\t<\/a>\n\t\t\t\t<div class=\"elementor-post__text\">\n\t\t\t\t<h3 class=\"elementor-post__title\">\n\t\t\t<a href=\"https:\/\/medieproduktion.lnu.se\/noterat\/lokalt\/kalmar\/astra-zeneca-vaccinet-pausas\/\" >\n\t\t\t\tAstra Zenecas vaccin pausas\t\t\t<\/a>\n\t\t<\/h3>\n\t\t\t\t<div class=\"elementor-post__meta-data\">\n\t\t\t\t\t<span class=\"elementor-post-date\">\n\t\t\t16 mars, 2021\t\t<\/span>\n\t\t\t\t<span class=\"elementor-post-time\">\n\t\t\t13:27\t\t<\/span>\n\t\t\t\t<\/div>\n\t\t\t\t<div class=\"elementor-post__excerpt\">\n\t\t\t<p>KALMAR. <a href=\"http:\/\/medieproduktion.lnu.se\/noterat\/lokalt\/kalmar\/astra-zeneca-vaccinet-pausas\/\">Folkh\u00e4lsomyndigheten pausar all Astra Zeneca vaccinering, efter nytt besked. F\u00f6r Region Kalmar L\u00e4n inneb\u00e4r det f\u00f6rskjutning av vaccineringen. <\/a><\/p>\n\t\t<\/div>\n\t\t\t\t<\/div>\n\t\t\t\t<\/article>\n\t\t\t\t<\/div>\n\t\t\n\t\t\t\t\t\t<\/div>\n\t\t\t\t<\/div>\n\t\t\t\t<div class=\"elementor-element elementor-element-c6a003a elementor-widget-divider--view-line elementor-widget elementor-widget-divider\" data-id=\"c6a003a\" data-element_type=\"widget\" data-widget_type=\"divider.default\">\n\t\t\t\t<div class=\"elementor-widget-container\">\n\t\t\t\t\t\t\t<div class=\"elementor-divider\">\n\t\t\t<span class=\"elementor-divider-separator\">\n\t\t\t\t\t\t<\/span>\n\t\t<\/div>\n\t\t\t\t\t\t<\/div>\n\t\t\t\t<\/div>\n\t\t\t\t<div class=\"elementor-element elementor-element-7a03792 elementor-grid-2 elementor-grid-tablet-2 elementor-grid-mobile-1 elementor-posts--thumbnail-top elementor-widget elementor-widget-posts\" data-id=\"7a03792\" data-element_type=\"widget\" data-settings=\"{&quot;classic_columns&quot;:&quot;2&quot;,&quot;classic_columns_tablet&quot;:&quot;2&quot;,&quot;classic_columns_mobile&quot;:&quot;1&quot;,&quot;classic_row_gap&quot;:{&quot;unit&quot;:&quot;px&quot;,&quot;size&quot;:35,&quot;sizes&quot;:[]},&quot;classic_row_gap_tablet&quot;:{&quot;unit&quot;:&quot;px&quot;,&quot;size&quot;:&quot;&quot;,&quot;sizes&quot;:[]},&quot;classic_row_gap_mobile&quot;:{&quot;unit&quot;:&quot;px&quot;,&quot;size&quot;:&quot;&quot;,&quot;sizes&quot;:[]}}\" data-widget_type=\"posts.classic\">\n\t\t\t\t<div class=\"elementor-widget-container\">\n\t\t\t\t\t\t\t<div class=\"elementor-posts-container elementor-posts elementor-posts--skin-classic elementor-grid\" role=\"list\">\n\t\t\t\t<article class=\"elementor-post elementor-grid-item post-504 post type-post status-publish format-standard has-post-thumbnail hentry category-kalmar\" role=\"listitem\">\n\t\t\t\t<a class=\"elementor-post__thumbnail__link\" href=\"https:\/\/medieproduktion.lnu.se\/noterat\/lokalt\/kalmar\/artikel-kalmar\/\" tabindex=\"-1\" >\n\t\t\t<div class=\"elementor-post__thumbnail\"><img decoding=\"async\" width=\"300\" height=\"169\" src=\"https:\/\/medieproduktion.lnu.se\/noterat\/wp-content\/uploads\/sites\/524\/2021\/03\/IMG_995F37D4642E-1-300x169.jpg\" class=\"attachment-medium size-medium wp-image-516\" alt=\"Kalmarduon John Samuelsson och Andreas Dahlstr\u00f6m\" srcset=\"https:\/\/medieproduktion.lnu.se\/noterat\/wp-content\/uploads\/sites\/524\/2021\/03\/IMG_995F37D4642E-1-300x169.jpg 300w, https:\/\/medieproduktion.lnu.se\/noterat\/wp-content\/uploads\/sites\/524\/2021\/03\/IMG_995F37D4642E-1-768x432.jpg 768w, https:\/\/medieproduktion.lnu.se\/noterat\/wp-content\/uploads\/sites\/524\/2021\/03\/IMG_995F37D4642E-1-1024x576.jpg 1024w, https:\/\/medieproduktion.lnu.se\/noterat\/wp-content\/uploads\/sites\/524\/2021\/03\/IMG_995F37D4642E-1.jpg 1740w\" sizes=\"(max-width: 300px) 100vw, 300px\" \/><\/div>\n\t\t<\/a>\n\t\t\t\t<div class=\"elementor-post__text\">\n\t\t\t\t<h3 class=\"elementor-post__title\">\n\t\t\t<a href=\"https:\/\/medieproduktion.lnu.se\/noterat\/lokalt\/kalmar\/artikel-kalmar\/\" >\n\t\t\t\tKalmarduon \u00f6ppnar egen butik under pandemin\t\t\t<\/a>\n\t\t<\/h3>\n\t\t\t\t<div class=\"elementor-post__meta-data\">\n\t\t\t\t\t<span class=\"elementor-post-date\">\n\t\t\t18 mars, 2021\t\t<\/span>\n\t\t\t\t<span class=\"elementor-post-time\">\n\t\t\t13:00\t\t<\/span>\n\t\t\t\t<\/div>\n\t\t\t\t<div class=\"elementor-post__excerpt\">\n\t\t\t<p>KALMAR. <a href=\"http:\/\/medieproduktion.lnu.se\/noterat\/okategoriserade\/en-ny-franchiseb\u2026rarna-i-giraffen\/\">Giraffen f\u00e5r snart nya grannar. Dr\u00f6mmarna om att f\u00e5 driva eget f\u00f6retag har nu blivit sanna f\u00f6r barndomsv\u00e4nnerna.<\/a><\/p>\n\t\t<\/div>\n\t\t\t\t<\/div>\n\t\t\t\t<\/article>\n\t\t\t\t<article class=\"elementor-post elementor-grid-item post-562 post type-post status-publish format-standard has-post-thumbnail hentry category-kalmar category-lokalt\" role=\"listitem\">\n\t\t\t\t<a class=\"elementor-post__thumbnail__link\" href=\"https:\/\/medieproduktion.lnu.se\/noterat\/lokalt\/kalmar\/fler-soker-sommarjobb-hos-kommunen\/\" tabindex=\"-1\" >\n\t\t\t<div class=\"elementor-post__thumbnail\"><img decoding=\"async\" width=\"300\" height=\"201\" src=\"https:\/\/medieproduktion.lnu.se\/noterat\/wp-content\/uploads\/sites\/524\/2021\/03\/kommunhus_kalmar-300x201.jpg\" class=\"attachment-medium size-medium wp-image-566\" alt=\"Det gula kommunhuset i Kalmar\" srcset=\"https:\/\/medieproduktion.lnu.se\/noterat\/wp-content\/uploads\/sites\/524\/2021\/03\/kommunhus_kalmar-300x201.jpg 300w, https:\/\/medieproduktion.lnu.se\/noterat\/wp-content\/uploads\/sites\/524\/2021\/03\/kommunhus_kalmar-768x514.jpg 768w, https:\/\/medieproduktion.lnu.se\/noterat\/wp-content\/uploads\/sites\/524\/2021\/03\/kommunhus_kalmar.jpg 1000w\" sizes=\"(max-width: 300px) 100vw, 300px\" \/><\/div>\n\t\t<\/a>\n\t\t\t\t<div class=\"elementor-post__text\">\n\t\t\t\t<h3 class=\"elementor-post__title\">\n\t\t\t<a href=\"https:\/\/medieproduktion.lnu.se\/noterat\/lokalt\/kalmar\/fler-soker-sommarjobb-hos-kommunen\/\" >\n\t\t\t\tH\u00f6gt tryck p\u00e5 kommunens sommarjobb\t\t\t<\/a>\n\t\t<\/h3>\n\t\t\t\t<div class=\"elementor-post__meta-data\">\n\t\t\t\t\t<span class=\"elementor-post-date\">\n\t\t\t22 mars, 2021\t\t<\/span>\n\t\t\t\t<span class=\"elementor-post-time\">\n\t\t\t11:46\t\t<\/span>\n\t\t\t\t<\/div>\n\t\t\t\t<div class=\"elementor-post__excerpt\">\n\t\t\t<p>KALMAR. <a href=\"http:\/\/medieproduktion.lnu.se\/noterat\/lokalt\/kalmar\/fler-soker-sommarjobb-hos-kommunen\/\">Drygt 1600 sommarjobbsans\u00f6kningar har redan skickats in till Kalmar kommun.<\/a><\/p>\n\t\t<\/div>\n\t\t\t\t<\/div>\n\t\t\t\t<\/article>\n\t\t\t\t<article class=\"elementor-post elementor-grid-item post-684 post type-post status-publish format-standard has-post-thumbnail hentry category-lokalt category-vellinge\" role=\"listitem\">\n\t\t\t\t<a class=\"elementor-post__thumbnail__link\" href=\"https:\/\/medieproduktion.lnu.se\/noterat\/lokalt\/vellinge\/pandemin-har-satt-stora-spar-i-aldres-valmaende\/\" tabindex=\"-1\" >\n\t\t\t<div class=\"elementor-post__thumbnail\"><img loading=\"lazy\" decoding=\"async\" width=\"300\" height=\"171\" src=\"https:\/\/medieproduktion.lnu.se\/noterat\/wp-content\/uploads\/sites\/524\/2021\/03\/dragbild_gunn-300x171.jpg\" class=\"attachment-medium size-medium wp-image-724\" alt=\"Gunn Persson,79, sitter och l\u00e4ser korsord.\" srcset=\"https:\/\/medieproduktion.lnu.se\/noterat\/wp-content\/uploads\/sites\/524\/2021\/03\/dragbild_gunn-300x171.jpg 300w, https:\/\/medieproduktion.lnu.se\/noterat\/wp-content\/uploads\/sites\/524\/2021\/03\/dragbild_gunn-768x437.jpg 768w, https:\/\/medieproduktion.lnu.se\/noterat\/wp-content\/uploads\/sites\/524\/2021\/03\/dragbild_gunn-1024x582.jpg 1024w\" sizes=\"(max-width: 300px) 100vw, 300px\" \/><\/div>\n\t\t<\/a>\n\t\t\t\t<div class=\"elementor-post__text\">\n\t\t\t\t<h3 class=\"elementor-post__title\">\n\t\t\t<a href=\"https:\/\/medieproduktion.lnu.se\/noterat\/lokalt\/vellinge\/pandemin-har-satt-stora-spar-i-aldres-valmaende\/\" >\n\t\t\t\tPandemin har satt stora sp\u00e5r i \u00e4ldres v\u00e4lm\u00e5ende\t\t\t<\/a>\n\t\t<\/h3>\n\t\t\t\t<div class=\"elementor-post__meta-data\">\n\t\t\t\t\t<span class=\"elementor-post-date\">\n\t\t\t24 mars, 2021\t\t<\/span>\n\t\t\t\t<span class=\"elementor-post-time\">\n\t\t\t13:28\t\t<\/span>\n\t\t\t\t<\/div>\n\t\t\t\t<div class=\"elementor-post__excerpt\">\n\t\t\t<p>VELLINGE. <a href=\"http:\/\/medieproduktion.lnu.se\/noterat\/lokalt\/vellinge\/pandemin-har-satt-stora-spar-i-aldres-valmaende\/\">Pandemin har bidragit till s\u00e4mre v\u00e4lm\u00e5ende bland m\u00e5nga \u00e4ldre. R\u00f6da Korset \u00e4r en av de f\u00f6reningar som f\u00f6rs\u00f6ker hj\u00e4lpa de utsatta i denna sv\u00e5ra tid. <\/a><\/p>\n\t\t<\/div>\n\t\t\t\t<\/div>\n\t\t\t\t<\/article>\n\t\t\t\t<article class=\"elementor-post elementor-grid-item post-916 post type-post status-publish format-standard has-post-thumbnail hentry category-okategoriserade category-webb-tv\" role=\"listitem\">\n\t\t\t\t<a class=\"elementor-post__thumbnail__link\" href=\"https:\/\/medieproduktion.lnu.se\/noterat\/okategoriserade\/snabbtaget-kan-byggas-pa-hans-gard\/\" tabindex=\"-1\" >\n\t\t\t<div class=\"elementor-post__thumbnail\"><img loading=\"lazy\" decoding=\"async\" width=\"300\" height=\"170\" src=\"https:\/\/medieproduktion.lnu.se\/noterat\/wp-content\/uploads\/sites\/524\/2021\/03\/utval_sten_\u00e5ke-300x170.jpg\" class=\"attachment-medium size-medium wp-image-932\" alt=\"Sten-\u00c5ke Nilsson g\u00e5r bort fr\u00e5n kameran. J\u00e4rnv\u00e4gen syns i bakgrunden.\" srcset=\"https:\/\/medieproduktion.lnu.se\/noterat\/wp-content\/uploads\/sites\/524\/2021\/03\/utval_sten_\u00e5ke-300x170.jpg 300w, https:\/\/medieproduktion.lnu.se\/noterat\/wp-content\/uploads\/sites\/524\/2021\/03\/utval_sten_\u00e5ke-768x435.jpg 768w, https:\/\/medieproduktion.lnu.se\/noterat\/wp-content\/uploads\/sites\/524\/2021\/03\/utval_sten_\u00e5ke.jpg 1000w\" sizes=\"(max-width: 300px) 100vw, 300px\" \/><\/div>\n\t\t<\/a>\n\t\t\t\t<div class=\"elementor-post__text\">\n\t\t\t\t<h3 class=\"elementor-post__title\">\n\t\t\t<a href=\"https:\/\/medieproduktion.lnu.se\/noterat\/okategoriserade\/snabbtaget-kan-byggas-pa-hans-gard\/\" >\n\t\t\t\tSnabbt\u00e5get kan beh\u00f6va g\u00e5 genom hans g\u00e5rd\t\t\t<\/a>\n\t\t<\/h3>\n\t\t\t\t<div class=\"elementor-post__meta-data\">\n\t\t\t\t\t<span class=\"elementor-post-date\">\n\t\t\t26 mars, 2021\t\t<\/span>\n\t\t\t\t<span class=\"elementor-post-time\">\n\t\t\t11:28\t\t<\/span>\n\t\t\t\t<\/div>\n\t\t\t\t<div class=\"elementor-post__excerpt\">\n\t\t\t<p>WEBB-TV. <a href=\"http:\/\/medieproduktion.lnu.se\/noterat\/category\/webb-tv\/\">Sten-\u00c5ke Nilsson \u00e4r en av de fastighets\u00e4garen som kan f\u00f6rlora sin g\u00e5rd till den nya snabbt\u00e5gsstambanan.<\/a><\/p>\n\t\t<\/div>\n\t\t\t\t<\/div>\n\t\t\t\t<\/article>\n\t\t\t\t<\/div>\n\t\t\n\t\t\t\t\t\t<\/div>\n\t\t\t\t<\/div>\n\t\t\t\t\t<\/div>\n\t\t<\/div>\n\t\t\t\t\t<\/div>\n\t\t<\/section>\n\t\t\t\t<section class=\"elementor-section elementor-top-section elementor-element elementor-element-33be556 elementor-section-boxed elementor-section-height-default elementor-section-height-default\" data-id=\"33be556\" data-element_type=\"section\">\n\t\t\t\t\t\t<div class=\"elementor-container elementor-column-gap-default\">\n\t\t\t\t\t<div class=\"elementor-column elementor-col-100 elementor-top-column elementor-element elementor-element-3ce004e\" data-id=\"3ce004e\" data-element_type=\"column\">\n\t\t\t<div class=\"elementor-widget-wrap elementor-element-populated\">\n\t\t\t\t\t\t<div class=\"elementor-element elementor-element-3f4b578 elementor-grid-1 elementor-grid-tablet-2 elementor-grid-mobile-1 elementor-posts--thumbnail-top elementor-widget elementor-widget-posts\" data-id=\"3f4b578\" data-element_type=\"widget\" data-settings=\"{&quot;classic_columns&quot;:&quot;1&quot;,&quot;classic_columns_tablet&quot;:&quot;2&quot;,&quot;classic_columns_mobile&quot;:&quot;1&quot;,&quot;classic_row_gap&quot;:{&quot;unit&quot;:&quot;px&quot;,&quot;size&quot;:35,&quot;sizes&quot;:[]},&quot;classic_row_gap_tablet&quot;:{&quot;unit&quot;:&quot;px&quot;,&quot;size&quot;:&quot;&quot;,&quot;sizes&quot;:[]},&quot;classic_row_gap_mobile&quot;:{&quot;unit&quot;:&quot;px&quot;,&quot;size&quot;:&quot;&quot;,&quot;sizes&quot;:[]}}\" data-widget_type=\"posts.classic\">\n\t\t\t\t<div class=\"elementor-widget-container\">\n\t\t\t\t\t\t\t<div class=\"elementor-posts-container elementor-posts elementor-posts--skin-classic elementor-grid\" role=\"list\">\n\t\t\t\t<article class=\"elementor-post elementor-grid-item post-667 post type-post status-publish format-standard has-post-thumbnail hentry category-personportratt\" role=\"listitem\">\n\t\t\t\t<a class=\"elementor-post__thumbnail__link\" href=\"https:\/\/medieproduktion.lnu.se\/noterat\/personportratt\/gravid-under-pandemin-inget-dromscenario\/\" tabindex=\"-1\" >\n\t\t\t<div class=\"elementor-post__thumbnail\"><img loading=\"lazy\" decoding=\"async\" width=\"768\" height=\"538\" src=\"https:\/\/medieproduktion.lnu.se\/noterat\/wp-content\/uploads\/sites\/524\/2021\/03\/annie_1-768x538.jpeg\" class=\"attachment-medium_large size-medium_large wp-image-660\" alt=\"Anni\u00e9 Lorentzon-Svensson sitter i en f\u00e5t\u00f6lj med hennes nyf\u00f6dda dotter. Bilden \u00e4r tagen \u00f6ver FaceTime.\" srcset=\"https:\/\/medieproduktion.lnu.se\/noterat\/wp-content\/uploads\/sites\/524\/2021\/03\/annie_1-768x538.jpeg 768w, https:\/\/medieproduktion.lnu.se\/noterat\/wp-content\/uploads\/sites\/524\/2021\/03\/annie_1-300x210.jpeg 300w, https:\/\/medieproduktion.lnu.se\/noterat\/wp-content\/uploads\/sites\/524\/2021\/03\/annie_1.jpeg 1000w\" sizes=\"(max-width: 768px) 100vw, 768px\" \/><\/div>\n\t\t<\/a>\n\t\t\t\t<div class=\"elementor-post__text\">\n\t\t\t\t<h3 class=\"elementor-post__title\">\n\t\t\t<a href=\"https:\/\/medieproduktion.lnu.se\/noterat\/personportratt\/gravid-under-pandemin-inget-dromscenario\/\" >\n\t\t\t\tGravid under pandemin-blev inte som f\u00f6rest\u00e4llt\t\t\t<\/a>\n\t\t<\/h3>\n\t\t\t\t<div class=\"elementor-post__meta-data\">\n\t\t\t\t\t<span class=\"elementor-post-date\">\n\t\t\t24 mars, 2021\t\t<\/span>\n\t\t\t\t<span class=\"elementor-post-time\">\n\t\t\t11:24\t\t<\/span>\n\t\t\t\t<\/div>\n\t\t\t\t<div class=\"elementor-post__excerpt\">\n\t\t\t<p>PERSONPORTR\u00c4TT. <a href=\"http:\/\/medieproduktion.lnu.se\/noterat\/personportratt\/gravid-under-pandemin-inget-dromscenario\/\/\"> Att genomg\u00e5 en graviditet under en pandemi \u00e4r allt annat \u00e4n l\u00e4tt, enligt Annie Lorentzon-Svensson&#8221;Tanken \u00e4r ju att man ska vara tv\u00e5, nu fick jag \u00e5ka ensam i bilen&#8221;  <\/a><\/p>\n\t\t<\/div>\n\t\t\t\t<\/div>\n\t\t\t\t<\/article>\n\t\t\t\t<\/div>\n\t\t\n\t\t\t\t\t\t<\/div>\n\t\t\t\t<\/div>\n\t\t\t\t<div class=\"elementor-element elementor-element-a6d4444 elementor-widget-divider--view-line elementor-widget elementor-widget-divider\" data-id=\"a6d4444\" data-element_type=\"widget\" data-widget_type=\"divider.default\">\n\t\t\t\t<div class=\"elementor-widget-container\">\n\t\t\t\t\t\t\t<div class=\"elementor-divider\">\n\t\t\t<span class=\"elementor-divider-separator\">\n\t\t\t\t\t\t<\/span>\n\t\t<\/div>\n\t\t\t\t\t\t<\/div>\n\t\t\t\t<\/div>\n\t\t\t\t<div class=\"elementor-element elementor-element-640ffdf elementor-grid-2 elementor-grid-tablet-2 elementor-grid-mobile-1 elementor-posts--thumbnail-top elementor-widget elementor-widget-posts\" data-id=\"640ffdf\" data-element_type=\"widget\" data-settings=\"{&quot;classic_columns&quot;:&quot;2&quot;,&quot;classic_columns_tablet&quot;:&quot;2&quot;,&quot;classic_columns_mobile&quot;:&quot;1&quot;,&quot;classic_row_gap&quot;:{&quot;unit&quot;:&quot;px&quot;,&quot;size&quot;:35,&quot;sizes&quot;:[]},&quot;classic_row_gap_tablet&quot;:{&quot;unit&quot;:&quot;px&quot;,&quot;size&quot;:&quot;&quot;,&quot;sizes&quot;:[]},&quot;classic_row_gap_mobile&quot;:{&quot;unit&quot;:&quot;px&quot;,&quot;size&quot;:&quot;&quot;,&quot;sizes&quot;:[]}}\" data-widget_type=\"posts.classic\">\n\t\t\t\t<div class=\"elementor-widget-container\">\n\t\t\t\t\t\t\t<div class=\"elementor-posts-container elementor-posts elementor-posts--skin-classic elementor-grid\" role=\"list\">\n\t\t\t\t<article class=\"elementor-post elementor-grid-item post-792 post type-post status-publish format-standard has-post-thumbnail hentry category-webb-tv\" role=\"listitem\">\n\t\t\t\t<a class=\"elementor-post__thumbnail__link\" href=\"https:\/\/medieproduktion.lnu.se\/noterat\/webb-tv\/krusenstiernska-garden-webbfilm\/\" tabindex=\"-1\" >\n\t\t\t<div class=\"elementor-post__thumbnail\"><img loading=\"lazy\" decoding=\"async\" width=\"300\" height=\"200\" src=\"https:\/\/medieproduktion.lnu.se\/noterat\/wp-content\/uploads\/sites\/524\/2021\/03\/lavender-1117275_1920-300x200.jpg\" class=\"attachment-medium size-medium wp-image-795\" alt=\"Lavendel\" srcset=\"https:\/\/medieproduktion.lnu.se\/noterat\/wp-content\/uploads\/sites\/524\/2021\/03\/lavender-1117275_1920-300x200.jpg 300w, https:\/\/medieproduktion.lnu.se\/noterat\/wp-content\/uploads\/sites\/524\/2021\/03\/lavender-1117275_1920-768x512.jpg 768w, https:\/\/medieproduktion.lnu.se\/noterat\/wp-content\/uploads\/sites\/524\/2021\/03\/lavender-1117275_1920-1024x683.jpg 1024w, https:\/\/medieproduktion.lnu.se\/noterat\/wp-content\/uploads\/sites\/524\/2021\/03\/lavender-1117275_1920.jpg 1920w\" sizes=\"(max-width: 300px) 100vw, 300px\" \/><\/div>\n\t\t<\/a>\n\t\t\t\t<div class=\"elementor-post__text\">\n\t\t\t\t<h3 class=\"elementor-post__title\">\n\t\t\t<a href=\"https:\/\/medieproduktion.lnu.se\/noterat\/webb-tv\/krusenstiernska-garden-webbfilm\/\" >\n\t\t\t\tSnart v\u00e4lkomnar Krusenstiernska in till sin tr\u00e4dg\u00e5rd igen\t\t\t<\/a>\n\t\t<\/h3>\n\t\t\t\t<div class=\"elementor-post__meta-data\">\n\t\t\t\t\t<span class=\"elementor-post-date\">\n\t\t\t24 mars, 2021\t\t<\/span>\n\t\t\t\t<span class=\"elementor-post-time\">\n\t\t\t16:12\t\t<\/span>\n\t\t\t\t<\/div>\n\t\t\t\t<div class=\"elementor-post__excerpt\">\n\t\t\t<p>WEBB-TV. <a href=\"http:\/\/medieproduktion.lnu.se\/noterat\/webb-tv\/krusenstiernska-garden-webbfilm\/\">Krusenstiernska \u00e4r en historisk och blomstrande plats mitt i Kalmar. I \u00e5r tillkommer en del nyheter och f\u00f6rhoppningar om att det blir en lika stor succ\u00e9 som tidigare \u00e5r.<\/a><\/p>\n\t\t<\/div>\n\t\t\t\t<\/div>\n\t\t\t\t<\/article>\n\t\t\t\t<article class=\"elementor-post elementor-grid-item post-437 post type-post status-publish format-standard has-post-thumbnail hentry category-hassleholm category-lokalt\" role=\"listitem\">\n\t\t\t\t<a class=\"elementor-post__thumbnail__link\" href=\"https:\/\/medieproduktion.lnu.se\/noterat\/lokalt\/hassleholm\/fagelriket-fargas-av-klimatet\/\" tabindex=\"-1\" >\n\t\t\t<div class=\"elementor-post__thumbnail\"><img loading=\"lazy\" decoding=\"async\" width=\"300\" height=\"235\" src=\"https:\/\/medieproduktion.lnu.se\/noterat\/wp-content\/uploads\/sites\/524\/2021\/03\/Thomas_urval_2-300x235.jpg\" class=\"attachment-medium size-medium wp-image-857\" alt=\"Bild p\u00e5 Thomas Johnsson i vinterkl\u00e4der med en stor kamera i handen.\" srcset=\"https:\/\/medieproduktion.lnu.se\/noterat\/wp-content\/uploads\/sites\/524\/2021\/03\/Thomas_urval_2-300x235.jpg 300w, https:\/\/medieproduktion.lnu.se\/noterat\/wp-content\/uploads\/sites\/524\/2021\/03\/Thomas_urval_2-768x601.jpg 768w, https:\/\/medieproduktion.lnu.se\/noterat\/wp-content\/uploads\/sites\/524\/2021\/03\/Thomas_urval_2.jpg 1000w\" sizes=\"(max-width: 300px) 100vw, 300px\" \/><\/div>\n\t\t<\/a>\n\t\t\t\t<div class=\"elementor-post__text\">\n\t\t\t\t<h3 class=\"elementor-post__title\">\n\t\t\t<a href=\"https:\/\/medieproduktion.lnu.se\/noterat\/lokalt\/hassleholm\/fagelriket-fargas-av-klimatet\/\" >\n\t\t\t\tF\u00e5gelriket f\u00e4rgas av klimatet\t\t\t<\/a>\n\t\t<\/h3>\n\t\t\t\t<div class=\"elementor-post__meta-data\">\n\t\t\t\t\t<span class=\"elementor-post-date\">\n\t\t\t17 mars, 2021\t\t<\/span>\n\t\t\t\t<span class=\"elementor-post-time\">\n\t\t\t13:43\t\t<\/span>\n\t\t\t\t<\/div>\n\t\t\t\t<div class=\"elementor-post__excerpt\">\n\t\t\t<p>H\u00c4SSLEHOLM. <a href=\"http:\/\/medieproduktion.lnu.se\/noterat\/lokalt\/hassleholm\/fagelriket-fargas-av-klimatet\/\"> G\u00f6ingebygdens Biologiska F\u00f6rening har genomf\u00f6rt \u00e5rets andra andr\u00e4kning i Finjasj\u00f6n samt Magle och Stoby v\u00e5tmark. Nu ber\u00e4ttar Thomas Johnsson fr\u00e5n f\u00f6reningen om resultatet.<\/a><\/p>\n\t\t<\/div>\n\t\t\t\t<\/div>\n\t\t\t\t<\/article>\n\t\t\t\t<\/div>\n\t\t\n\t\t\t\t\t\t<\/div>\n\t\t\t\t<\/div>\n\t\t\t\t\t<\/div>\n\t\t<\/div>\n\t\t\t\t\t<\/div>\n\t\t<\/section>\n\t\t\t\t<\/div>\n\t\t","protected":false},"excerpt":{"rendered":"","protected":false},"author":401,"featured_media":0,"parent":0,"menu_order":0,"comment_status":"closed","ping_status":"closed","template":"","meta":{"_seopress_robots_primary_cat":"","_seopress_titles_title":"","_seopress_titles_desc":"","_seopress_robots_index":"","footnotes":""},"class_list":["post-76","page","type-page","status-publish","hentry"],"_links":{"self":[{"href":"https:\/\/medieproduktion.lnu.se\/noterat\/wp-json\/wp\/v2\/pages\/76","targetHints":{"allow":["GET"]}}],"collection":[{"href":"https:\/\/medieproduktion.lnu.se\/noterat\/wp-json\/wp\/v2\/pages"}],"about":[{"href":"https:\/\/medieproduktion.lnu.se\/noterat\/wp-json\/wp\/v2\/types\/page"}],"author":[{"embeddable":true,"href":"https:\/\/medieproduktion.lnu.se\/noterat\/wp-json\/wp\/v2\/users\/401"}],"replies":[{"embeddable":true,"href":"https:\/\/medieproduktion.lnu.se\/noterat\/wp-json\/wp\/v2\/comments?post=76"}],"version-history":[{"count":45,"href":"https:\/\/medieproduktion.lnu.se\/noterat\/wp-json\/wp\/v2\/pages\/76\/revisions"}],"predecessor-version":[{"id":978,"href":"https:\/\/medieproduktion.lnu.se\/noterat\/wp-json\/wp\/v2\/pages\/76\/revisions\/978"}],"wp:attachment":[{"href":"https:\/\/medieproduktion.lnu.se\/noterat\/wp-json\/wp\/v2\/media?parent=76"}],"curies":[{"name":"wp","href":"https:\/\/api.w.org\/{rel}","templated":true}]}}