{"id":443,"date":"2021-10-11T10:59:44","date_gmt":"2021-10-11T08:59:44","guid":{"rendered":"http:\/\/medieproduktion.lnu.se\/mediehusb\/?page_id=443"},"modified":"2021-10-11T13:48:29","modified_gmt":"2021-10-11T11:48:29","slug":"radio-redaktionen","status":"publish","type":"page","link":"https:\/\/medieproduktion.lnu.se\/mediehusb-21\/radio-redaktionen\/","title":{"rendered":"Radio"},"content":{"rendered":"\t\t<div data-elementor-type=\"wp-page\" data-elementor-id=\"443\" class=\"elementor elementor-443\" data-elementor-post-type=\"page\">\n\t\t\t\t\t\t<section class=\"elementor-section elementor-top-section elementor-element elementor-element-5d83023 elementor-section-boxed elementor-section-height-default elementor-section-height-default\" data-id=\"5d83023\" data-element_type=\"section\">\n\t\t\t\t\t\t<div class=\"elementor-container elementor-column-gap-default\">\n\t\t\t\t\t<div class=\"elementor-column elementor-col-100 elementor-top-column elementor-element elementor-element-27fa6b5\" data-id=\"27fa6b5\" data-element_type=\"column\">\n\t\t\t<div class=\"elementor-widget-wrap elementor-element-populated\">\n\t\t\t\t\t\t<section class=\"elementor-section elementor-inner-section elementor-element elementor-element-91fd03d elementor-section-boxed elementor-section-height-default elementor-section-height-default\" data-id=\"91fd03d\" data-element_type=\"section\">\n\t\t\t\t\t\t<div class=\"elementor-container elementor-column-gap-default\">\n\t\t\t\t\t<div class=\"elementor-column elementor-col-33 elementor-inner-column elementor-element elementor-element-840b626\" data-id=\"840b626\" data-element_type=\"column\">\n\t\t\t<div class=\"elementor-widget-wrap elementor-element-populated\">\n\t\t\t\t\t\t<div class=\"elementor-element elementor-element-6d3b3ca elementor-widget elementor-widget-image\" data-id=\"6d3b3ca\" data-element_type=\"widget\" data-widget_type=\"image.default\">\n\t\t\t\t<div class=\"elementor-widget-container\">\n\t\t\t\t\t\t\t\t\t\t\t\t\t\t\t<img fetchpriority=\"high\" decoding=\"async\" width=\"214\" height=\"300\" src=\"https:\/\/medieproduktion.lnu.se\/mediehusb-21\/wp-content\/uploads\/sites\/646\/2021\/10\/AdamL-731x1024-1-214x300.jpg\" class=\"attachment-medium size-medium wp-image-315\" alt=\"Adam Lindh\" srcset=\"https:\/\/medieproduktion.lnu.se\/mediehusb-21\/wp-content\/uploads\/sites\/646\/2021\/10\/AdamL-731x1024-1-214x300.jpg 214w, https:\/\/medieproduktion.lnu.se\/mediehusb-21\/wp-content\/uploads\/sites\/646\/2021\/10\/AdamL-731x1024-1.jpg 731w\" sizes=\"(max-width: 214px) 100vw, 214px\" \/>\t\t\t\t\t\t\t\t\t\t\t\t\t\t\t<\/div>\n\t\t\t\t<\/div>\n\t\t\t\t<div class=\"elementor-element elementor-element-d9c9e44 elementor-widget elementor-widget-text-editor\" data-id=\"d9c9e44\" data-element_type=\"widget\" data-widget_type=\"text-editor.default\">\n\t\t\t\t<div class=\"elementor-widget-container\">\n\t\t\t\t\t\t\t\t\t<h3>Adam Lindh<\/h3><p><a href=\"mailto:al225jw@student.lnu.se\">al225jw@student.lnu.se<\/a><\/p>\t\t\t\t\t\t\t\t<\/div>\n\t\t\t\t<\/div>\n\t\t\t\t<div class=\"elementor-element elementor-element-230c845 elementor-widget elementor-widget-image\" data-id=\"230c845\" data-element_type=\"widget\" data-widget_type=\"image.default\">\n\t\t\t\t<div class=\"elementor-widget-container\">\n\t\t\t\t\t\t\t\t\t\t\t\t\t\t\t<img decoding=\"async\" width=\"214\" height=\"300\" src=\"https:\/\/medieproduktion.lnu.se\/mediehusb-21\/wp-content\/uploads\/sites\/646\/2021\/10\/Anisa-731x1024-1-214x300.jpg\" class=\"attachment-medium size-medium wp-image-329\" alt=\"Anisa Warsame\" srcset=\"https:\/\/medieproduktion.lnu.se\/mediehusb-21\/wp-content\/uploads\/sites\/646\/2021\/10\/Anisa-731x1024-1-214x300.jpg 214w, https:\/\/medieproduktion.lnu.se\/mediehusb-21\/wp-content\/uploads\/sites\/646\/2021\/10\/Anisa-731x1024-1.jpg 731w\" sizes=\"(max-width: 214px) 100vw, 214px\" \/>\t\t\t\t\t\t\t\t\t\t\t\t\t\t\t<\/div>\n\t\t\t\t<\/div>\n\t\t\t\t<div class=\"elementor-element elementor-element-4f59a11 elementor-widget elementor-widget-text-editor\" data-id=\"4f59a11\" data-element_type=\"widget\" data-widget_type=\"text-editor.default\">\n\t\t\t\t<div class=\"elementor-widget-container\">\n\t\t\t\t\t\t\t\t\t<h3>Anisa Warsame<\/h3>\n<p><a href=\"mailto:aw223pz@student.lnu.se\">aw223pz@student.lnu.se<\/a><\/p>\t\t\t\t\t\t\t\t<\/div>\n\t\t\t\t<\/div>\n\t\t\t\t<div class=\"elementor-element elementor-element-f88b80e elementor-widget elementor-widget-image\" data-id=\"f88b80e\" data-element_type=\"widget\" data-widget_type=\"image.default\">\n\t\t\t\t<div class=\"elementor-widget-container\">\n\t\t\t\t\t\t\t\t\t\t\t\t\t\t\t<img decoding=\"async\" width=\"214\" height=\"300\" src=\"https:\/\/medieproduktion.lnu.se\/mediehusb-21\/wp-content\/uploads\/sites\/646\/2021\/10\/CissiByline-1-214x300.jpg\" class=\"attachment-medium size-medium wp-image-707\" alt=\"Cissi, Redaktionen\" srcset=\"https:\/\/medieproduktion.lnu.se\/mediehusb-21\/wp-content\/uploads\/sites\/646\/2021\/10\/CissiByline-1-214x300.jpg 214w, https:\/\/medieproduktion.lnu.se\/mediehusb-21\/wp-content\/uploads\/sites\/646\/2021\/10\/CissiByline-1.jpg 731w\" sizes=\"(max-width: 214px) 100vw, 214px\" \/>\t\t\t\t\t\t\t\t\t\t\t\t\t\t\t<\/div>\n\t\t\t\t<\/div>\n\t\t\t\t<div class=\"elementor-element elementor-element-e96e7be elementor-widget elementor-widget-text-editor\" data-id=\"e96e7be\" data-element_type=\"widget\" data-widget_type=\"text-editor.default\">\n\t\t\t\t<div class=\"elementor-widget-container\">\n\t\t\t\t\t\t\t\t\t<h3>Cecilia Lind<\/h3><p><a href=\"mailto:cl223sk@student.lnu.se\">cl223sk@student.lnu.se<\/a><\/p>\t\t\t\t\t\t\t\t<\/div>\n\t\t\t\t<\/div>\n\t\t\t\t<div class=\"elementor-element elementor-element-c9f24c7 elementor-widget elementor-widget-image\" data-id=\"c9f24c7\" data-element_type=\"widget\" data-widget_type=\"image.default\">\n\t\t\t\t<div class=\"elementor-widget-container\">\n\t\t\t\t\t\t\t\t\t\t\t\t\t\t\t<img loading=\"lazy\" decoding=\"async\" width=\"214\" height=\"300\" src=\"https:\/\/medieproduktion.lnu.se\/mediehusb-21\/wp-content\/uploads\/sites\/646\/2021\/10\/mathilda-214x300.jpg\" class=\"attachment-medium size-medium wp-image-376\" alt=\"Mathilda Rasmussen\" srcset=\"https:\/\/medieproduktion.lnu.se\/mediehusb-21\/wp-content\/uploads\/sites\/646\/2021\/10\/mathilda-214x300.jpg 214w, https:\/\/medieproduktion.lnu.se\/mediehusb-21\/wp-content\/uploads\/sites\/646\/2021\/10\/mathilda.jpg 380w\" sizes=\"(max-width: 214px) 100vw, 214px\" \/>\t\t\t\t\t\t\t\t\t\t\t\t\t\t\t<\/div>\n\t\t\t\t<\/div>\n\t\t\t\t<div class=\"elementor-element elementor-element-3eb08a6 elementor-widget elementor-widget-text-editor\" data-id=\"3eb08a6\" data-element_type=\"widget\" data-widget_type=\"text-editor.default\">\n\t\t\t\t<div class=\"elementor-widget-container\">\n\t\t\t\t\t\t\t\t\t<h3>Mathilda Rasmussen<\/h3><p><a href=\"mailto:mr223ss@student.lnu.se\">mr223ss@student.lnu.se<\/a><\/p>\t\t\t\t\t\t\t\t<\/div>\n\t\t\t\t<\/div>\n\t\t\t\t<div class=\"elementor-element elementor-element-e93b920 elementor-widget elementor-widget-image\" data-id=\"e93b920\" data-element_type=\"widget\" data-widget_type=\"image.default\">\n\t\t\t\t<div class=\"elementor-widget-container\">\n\t\t\t\t\t\t\t\t\t\t\t\t\t\t\t<img loading=\"lazy\" decoding=\"async\" width=\"214\" height=\"300\" src=\"https:\/\/medieproduktion.lnu.se\/mediehusb-21\/wp-content\/uploads\/sites\/646\/2021\/10\/Sabrina-731x1024-1-214x300.jpg\" class=\"attachment-medium size-medium wp-image-383\" alt=\"Sabrina Kindgren Wadstedt\" srcset=\"https:\/\/medieproduktion.lnu.se\/mediehusb-21\/wp-content\/uploads\/sites\/646\/2021\/10\/Sabrina-731x1024-1-214x300.jpg 214w, https:\/\/medieproduktion.lnu.se\/mediehusb-21\/wp-content\/uploads\/sites\/646\/2021\/10\/Sabrina-731x1024-1.jpg 731w\" sizes=\"(max-width: 214px) 100vw, 214px\" \/>\t\t\t\t\t\t\t\t\t\t\t\t\t\t\t<\/div>\n\t\t\t\t<\/div>\n\t\t\t\t<div class=\"elementor-element elementor-element-fc5c286 elementor-widget elementor-widget-text-editor\" data-id=\"fc5c286\" data-element_type=\"widget\" data-widget_type=\"text-editor.default\">\n\t\t\t\t<div class=\"elementor-widget-container\">\n\t\t\t\t\t\t\t\t\t<h3>Sabrina Kindgren Wadstedt<\/h3><p><a href=\"mailto:sk223vm@student.lnu.se\">sk223vm@student.lnu.se<\/a><\/p>\t\t\t\t\t\t\t\t<\/div>\n\t\t\t\t<\/div>\n\t\t\t\t\t<\/div>\n\t\t<\/div>\n\t\t\t\t<div class=\"elementor-column elementor-col-33 elementor-inner-column elementor-element elementor-element-a6e90e2\" data-id=\"a6e90e2\" data-element_type=\"column\">\n\t\t\t<div class=\"elementor-widget-wrap elementor-element-populated\">\n\t\t\t\t\t\t<div class=\"elementor-element elementor-element-8b1b937 elementor-widget elementor-widget-image\" data-id=\"8b1b937\" data-element_type=\"widget\" data-widget_type=\"image.default\">\n\t\t\t\t<div class=\"elementor-widget-container\">\n\t\t\t\t\t\t\t\t\t\t\t\t\t\t\t<img loading=\"lazy\" decoding=\"async\" width=\"214\" height=\"300\" src=\"https:\/\/medieproduktion.lnu.se\/mediehusb-21\/wp-content\/uploads\/sites\/646\/2021\/10\/AliceN-731x1024-1-214x300.jpg\" class=\"attachment-medium size-medium wp-image-323\" alt=\"Alice Netinder\" srcset=\"https:\/\/medieproduktion.lnu.se\/mediehusb-21\/wp-content\/uploads\/sites\/646\/2021\/10\/AliceN-731x1024-1-214x300.jpg 214w, https:\/\/medieproduktion.lnu.se\/mediehusb-21\/wp-content\/uploads\/sites\/646\/2021\/10\/AliceN-731x1024-1.jpg 731w\" sizes=\"(max-width: 214px) 100vw, 214px\" \/>\t\t\t\t\t\t\t\t\t\t\t\t\t\t\t<\/div>\n\t\t\t\t<\/div>\n\t\t\t\t<div class=\"elementor-element elementor-element-4ba1032 elementor-widget elementor-widget-text-editor\" data-id=\"4ba1032\" data-element_type=\"widget\" data-widget_type=\"text-editor.default\">\n\t\t\t\t<div class=\"elementor-widget-container\">\n\t\t\t\t\t\t\t\t\t<h3>Alice Netinder<\/h3><p><a href=\"mailto:an223xu@student.lnu.se\">an223xu@student.lnu.se<\/a><\/p>\t\t\t\t\t\t\t\t<\/div>\n\t\t\t\t<\/div>\n\t\t\t\t<div class=\"elementor-element elementor-element-45e74ab elementor-widget elementor-widget-image\" data-id=\"45e74ab\" data-element_type=\"widget\" data-widget_type=\"image.default\">\n\t\t\t\t<div class=\"elementor-widget-container\">\n\t\t\t\t\t\t\t\t\t\t\t\t\t\t\t<img loading=\"lazy\" decoding=\"async\" width=\"214\" height=\"300\" src=\"https:\/\/medieproduktion.lnu.se\/mediehusb-21\/wp-content\/uploads\/sites\/646\/2021\/10\/Alva-731x1024-1-214x300.jpg\" class=\"attachment-medium size-medium wp-image-327\" alt=\"Alva \u00c5sberg\" srcset=\"https:\/\/medieproduktion.lnu.se\/mediehusb-21\/wp-content\/uploads\/sites\/646\/2021\/10\/Alva-731x1024-1-214x300.jpg 214w, https:\/\/medieproduktion.lnu.se\/mediehusb-21\/wp-content\/uploads\/sites\/646\/2021\/10\/Alva-731x1024-1.jpg 731w\" sizes=\"(max-width: 214px) 100vw, 214px\" \/>\t\t\t\t\t\t\t\t\t\t\t\t\t\t\t<\/div>\n\t\t\t\t<\/div>\n\t\t\t\t<div class=\"elementor-element elementor-element-9ebe6cb elementor-widget elementor-widget-text-editor\" data-id=\"9ebe6cb\" data-element_type=\"widget\" data-widget_type=\"text-editor.default\">\n\t\t\t\t<div class=\"elementor-widget-container\">\n\t\t\t\t\t\t\t\t\t<h3>Alva \u00c5sberg<\/h3><p><a href=\"mailto:aa225qr@student.lnu.se\">aa225qr@student.lnu.se<\/a><\/p>\t\t\t\t\t\t\t\t<\/div>\n\t\t\t\t<\/div>\n\t\t\t\t<div class=\"elementor-element elementor-element-af9a1ea elementor-widget elementor-widget-image\" data-id=\"af9a1ea\" data-element_type=\"widget\" data-widget_type=\"image.default\">\n\t\t\t\t<div class=\"elementor-widget-container\">\n\t\t\t\t\t\t\t\t\t\t\t\t\t\t\t<img loading=\"lazy\" decoding=\"async\" width=\"214\" height=\"300\" src=\"https:\/\/medieproduktion.lnu.se\/mediehusb-21\/wp-content\/uploads\/sites\/646\/2021\/10\/felicia-731x1024-1-214x300.jpg\" class=\"attachment-medium size-medium wp-image-347\" alt=\"Felicia Pl\u00e5t\" srcset=\"https:\/\/medieproduktion.lnu.se\/mediehusb-21\/wp-content\/uploads\/sites\/646\/2021\/10\/felicia-731x1024-1-214x300.jpg 214w, https:\/\/medieproduktion.lnu.se\/mediehusb-21\/wp-content\/uploads\/sites\/646\/2021\/10\/felicia-731x1024-1.jpg 731w\" sizes=\"(max-width: 214px) 100vw, 214px\" \/>\t\t\t\t\t\t\t\t\t\t\t\t\t\t\t<\/div>\n\t\t\t\t<\/div>\n\t\t\t\t<div class=\"elementor-element elementor-element-8bff11c elementor-widget elementor-widget-text-editor\" data-id=\"8bff11c\" data-element_type=\"widget\" data-widget_type=\"text-editor.default\">\n\t\t\t\t<div class=\"elementor-widget-container\">\n\t\t\t\t\t\t\t\t\t<h3>Felicia Pl\u00e5t<\/h3><p><a href=\"mailto:fp222ii@student.lnu.se\">fp222ii@student.lnu.se<\/a><\/p>\t\t\t\t\t\t\t\t<\/div>\n\t\t\t\t<\/div>\n\t\t\t\t<div class=\"elementor-element elementor-element-1797850 elementor-widget elementor-widget-image\" data-id=\"1797850\" data-element_type=\"widget\" data-widget_type=\"image.default\">\n\t\t\t\t<div class=\"elementor-widget-container\">\n\t\t\t\t\t\t\t\t\t\t\t\t\t\t\t<img loading=\"lazy\" decoding=\"async\" width=\"214\" height=\"300\" src=\"https:\/\/medieproduktion.lnu.se\/mediehusb-21\/wp-content\/uploads\/sites\/646\/2021\/10\/malin-732x1024-1-214x300.jpg\" class=\"attachment-medium size-medium wp-image-369\" alt=\"Malin Sandberg\" srcset=\"https:\/\/medieproduktion.lnu.se\/mediehusb-21\/wp-content\/uploads\/sites\/646\/2021\/10\/malin-732x1024-1-214x300.jpg 214w, https:\/\/medieproduktion.lnu.se\/mediehusb-21\/wp-content\/uploads\/sites\/646\/2021\/10\/malin-732x1024-1.jpg 732w\" sizes=\"(max-width: 214px) 100vw, 214px\" \/>\t\t\t\t\t\t\t\t\t\t\t\t\t\t\t<\/div>\n\t\t\t\t<\/div>\n\t\t\t\t<div class=\"elementor-element elementor-element-79e43b8 elementor-widget elementor-widget-text-editor\" data-id=\"79e43b8\" data-element_type=\"widget\" data-widget_type=\"text-editor.default\">\n\t\t\t\t<div class=\"elementor-widget-container\">\n\t\t\t\t\t\t\t\t\t<h3>Malin Sandberg<\/h3><p><a href=\"mailto:ms226nw@student.lnu.se\">ms226nw@student.lnu.se<\/a><\/p>\t\t\t\t\t\t\t\t<\/div>\n\t\t\t\t<\/div>\n\t\t\t\t<div class=\"elementor-element elementor-element-8a389c7 elementor-widget elementor-widget-image\" data-id=\"8a389c7\" data-element_type=\"widget\" data-widget_type=\"image.default\">\n\t\t\t\t<div class=\"elementor-widget-container\">\n\t\t\t\t\t\t\t\t\t\t\t\t\t\t\t<img loading=\"lazy\" decoding=\"async\" width=\"214\" height=\"300\" src=\"https:\/\/medieproduktion.lnu.se\/mediehusb-21\/wp-content\/uploads\/sites\/646\/2021\/10\/SamuelByline-214x300.jpg\" class=\"attachment-medium size-medium wp-image-674\" alt=\"Samuel Bj\u00f6rn\" srcset=\"https:\/\/medieproduktion.lnu.se\/mediehusb-21\/wp-content\/uploads\/sites\/646\/2021\/10\/SamuelByline-214x300.jpg 214w, https:\/\/medieproduktion.lnu.se\/mediehusb-21\/wp-content\/uploads\/sites\/646\/2021\/10\/SamuelByline.jpg 731w\" sizes=\"(max-width: 214px) 100vw, 214px\" \/>\t\t\t\t\t\t\t\t\t\t\t\t\t\t\t<\/div>\n\t\t\t\t<\/div>\n\t\t\t\t<div class=\"elementor-element elementor-element-f401077 elementor-widget elementor-widget-text-editor\" data-id=\"f401077\" data-element_type=\"widget\" data-widget_type=\"text-editor.default\">\n\t\t\t\t<div class=\"elementor-widget-container\">\n\t\t\t\t\t\t\t\t\t<h3>Samuel Bj\u00f6rn<\/h3><p><a href=\"mailto:sb224dz@student.lnu.se\">sb224dz@student.lnu.se<\/a><\/p>\t\t\t\t\t\t\t\t<\/div>\n\t\t\t\t<\/div>\n\t\t\t\t\t<\/div>\n\t\t<\/div>\n\t\t\t\t<div class=\"elementor-column elementor-col-33 elementor-inner-column elementor-element elementor-element-87d81b2\" data-id=\"87d81b2\" data-element_type=\"column\">\n\t\t\t<div class=\"elementor-widget-wrap elementor-element-populated\">\n\t\t\t\t\t\t<div class=\"elementor-element elementor-element-6b444bd elementor-widget elementor-widget-image\" data-id=\"6b444bd\" data-element_type=\"widget\" data-widget_type=\"image.default\">\n\t\t\t\t<div class=\"elementor-widget-container\">\n\t\t\t\t\t\t\t\t\t\t\t\t\t\t\t<img loading=\"lazy\" decoding=\"async\" width=\"214\" height=\"300\" src=\"https:\/\/medieproduktion.lnu.se\/mediehusb-21\/wp-content\/uploads\/sites\/646\/2021\/10\/alicia-731x1024-1-214x300.jpg\" class=\"attachment-medium size-medium wp-image-325\" alt=\"Alicia Schumacher\" srcset=\"https:\/\/medieproduktion.lnu.se\/mediehusb-21\/wp-content\/uploads\/sites\/646\/2021\/10\/alicia-731x1024-1-214x300.jpg 214w, https:\/\/medieproduktion.lnu.se\/mediehusb-21\/wp-content\/uploads\/sites\/646\/2021\/10\/alicia-731x1024-1.jpg 731w\" sizes=\"(max-width: 214px) 100vw, 214px\" \/>\t\t\t\t\t\t\t\t\t\t\t\t\t\t\t<\/div>\n\t\t\t\t<\/div>\n\t\t\t\t<div class=\"elementor-element elementor-element-898dedf elementor-widget elementor-widget-text-editor\" data-id=\"898dedf\" data-element_type=\"widget\" data-widget_type=\"text-editor.default\">\n\t\t\t\t<div class=\"elementor-widget-container\">\n\t\t\t\t\t\t\t\t\t<h3>Alicia Schumacher<\/h3><p><a href=\"mailto:as225qc@student.lnu.se\">as225qc@student.lnu.se<\/a><\/p>\t\t\t\t\t\t\t\t<\/div>\n\t\t\t\t<\/div>\n\t\t\t\t<div class=\"elementor-element elementor-element-4acbc1a elementor-widget elementor-widget-image\" data-id=\"4acbc1a\" data-element_type=\"widget\" data-widget_type=\"image.default\">\n\t\t\t\t<div class=\"elementor-widget-container\">\n\t\t\t\t\t\t\t\t\t\t\t\t\t\t\t<img loading=\"lazy\" decoding=\"async\" width=\"214\" height=\"300\" src=\"https:\/\/medieproduktion.lnu.se\/mediehusb-21\/wp-content\/uploads\/sites\/646\/2021\/10\/axel-731x1024-1-214x300.jpg\" class=\"attachment-medium size-medium wp-image-331\" alt=\"Axel Lundell\" srcset=\"https:\/\/medieproduktion.lnu.se\/mediehusb-21\/wp-content\/uploads\/sites\/646\/2021\/10\/axel-731x1024-1-214x300.jpg 214w, https:\/\/medieproduktion.lnu.se\/mediehusb-21\/wp-content\/uploads\/sites\/646\/2021\/10\/axel-731x1024-1.jpg 731w\" sizes=\"(max-width: 214px) 100vw, 214px\" \/>\t\t\t\t\t\t\t\t\t\t\t\t\t\t\t<\/div>\n\t\t\t\t<\/div>\n\t\t\t\t<div class=\"elementor-element elementor-element-84331aa elementor-widget elementor-widget-text-editor\" data-id=\"84331aa\" data-element_type=\"widget\" data-widget_type=\"text-editor.default\">\n\t\t\t\t<div class=\"elementor-widget-container\">\n\t\t\t\t\t\t\t\t\t<h3>Axel Lundell<\/h3><p><a href=\"mailto:al225mq@student.lnu.se\">al225mq@student.lnu.se<\/a><\/p>\t\t\t\t\t\t\t\t<\/div>\n\t\t\t\t<\/div>\n\t\t\t\t<div class=\"elementor-element elementor-element-645de36 elementor-widget elementor-widget-image\" data-id=\"645de36\" data-element_type=\"widget\" data-widget_type=\"image.default\">\n\t\t\t\t<div class=\"elementor-widget-container\">\n\t\t\t\t\t\t\t\t\t\t\t\t\t\t\t<img loading=\"lazy\" decoding=\"async\" width=\"214\" height=\"300\" src=\"https:\/\/medieproduktion.lnu.se\/mediehusb-21\/wp-content\/uploads\/sites\/646\/2021\/10\/louise-731x1024-1-214x300.jpg\" class=\"attachment-medium size-medium wp-image-363\" alt=\"Louise Bringehed\" srcset=\"https:\/\/medieproduktion.lnu.se\/mediehusb-21\/wp-content\/uploads\/sites\/646\/2021\/10\/louise-731x1024-1-214x300.jpg 214w, https:\/\/medieproduktion.lnu.se\/mediehusb-21\/wp-content\/uploads\/sites\/646\/2021\/10\/louise-731x1024-1.jpg 731w\" sizes=\"(max-width: 214px) 100vw, 214px\" \/>\t\t\t\t\t\t\t\t\t\t\t\t\t\t\t<\/div>\n\t\t\t\t<\/div>\n\t\t\t\t<div class=\"elementor-element elementor-element-8358efc elementor-widget elementor-widget-text-editor\" data-id=\"8358efc\" data-element_type=\"widget\" data-widget_type=\"text-editor.default\">\n\t\t\t\t<div class=\"elementor-widget-container\">\n\t\t\t\t\t\t\t\t\t<h3>Louise Bringehed<\/h3><p><a href=\"http:\/\/radixonline.se\/webbredaktionen\/_wp_link_placeholder\" data-wplink-edit=\"true\">lb223um@student.lnu.se<\/a><\/p>\t\t\t\t\t\t\t\t<\/div>\n\t\t\t\t<\/div>\n\t\t\t\t<div class=\"elementor-element elementor-element-3803548 elementor-widget elementor-widget-image\" data-id=\"3803548\" data-element_type=\"widget\" data-widget_type=\"image.default\">\n\t\t\t\t<div class=\"elementor-widget-container\">\n\t\t\t\t\t\t\t\t\t\t\t\t\t\t\t<img loading=\"lazy\" decoding=\"async\" width=\"214\" height=\"300\" src=\"https:\/\/medieproduktion.lnu.se\/mediehusb-21\/wp-content\/uploads\/sites\/646\/2021\/10\/OlleP-731x1024-1-214x300.jpg\" class=\"attachment-medium size-medium wp-image-382\" alt=\"Olle Peterson\" srcset=\"https:\/\/medieproduktion.lnu.se\/mediehusb-21\/wp-content\/uploads\/sites\/646\/2021\/10\/OlleP-731x1024-1-214x300.jpg 214w, https:\/\/medieproduktion.lnu.se\/mediehusb-21\/wp-content\/uploads\/sites\/646\/2021\/10\/OlleP-731x1024-1.jpg 731w\" sizes=\"(max-width: 214px) 100vw, 214px\" \/>\t\t\t\t\t\t\t\t\t\t\t\t\t\t\t<\/div>\n\t\t\t\t<\/div>\n\t\t\t\t<div class=\"elementor-element elementor-element-b1edb1e elementor-widget elementor-widget-text-editor\" data-id=\"b1edb1e\" data-element_type=\"widget\" data-widget_type=\"text-editor.default\">\n\t\t\t\t<div class=\"elementor-widget-container\">\n\t\t\t\t\t\t\t\t\t<h3>Olle Peterson<\/h3><p><a href=\"mailto:op222ed@student.lnu.se\">op222ed@student.lnu.se<\/a><\/p>\t\t\t\t\t\t\t\t<\/div>\n\t\t\t\t<\/div>\n\t\t\t\t\t<\/div>\n\t\t<\/div>\n\t\t\t\t\t<\/div>\n\t\t<\/section>\n\t\t\t\t\t<\/div>\n\t\t<\/div>\n\t\t\t\t\t<\/div>\n\t\t<\/section>\n\t\t\t\t<\/div>\n\t\t","protected":false},"excerpt":{"rendered":"<p>Adam Lindh al225jw@student.lnu.se Anisa Warsame aw223pz@student.lnu.se Cecilia Lind cl223sk@student.lnu.se Mathilda Rasmussen mr223ss@student.lnu.se Sabrina Kindgren Wadstedt sk223vm@student.lnu.se Alice Netinder an223xu@student.lnu.se Alva \u00c5sberg aa225qr@student.lnu.se Felicia Pl\u00e5t fp222ii@student.lnu.se Malin Sandberg ms226nw@student.lnu.se Samuel Bj\u00f6rn sb224dz@student.lnu.se Alicia Schumacher as225qc@student.lnu.se Axel Lundell al225mq@student.lnu.se Louise Bringehed lb223um@student.lnu.se Olle Peterson op222ed@student.lnu.se<\/p>\n","protected":false},"author":474,"featured_media":0,"parent":0,"menu_order":0,"comment_status":"closed","ping_status":"closed","template":"","meta":{"footnotes":""},"class_list":["post-443","page","type-page","status-publish"],"_links":{"self":[{"href":"https:\/\/medieproduktion.lnu.se\/mediehusb-21\/wp-json\/wp\/v2\/pages\/443","targetHints":{"allow":["GET"]}}],"collection":[{"href":"https:\/\/medieproduktion.lnu.se\/mediehusb-21\/wp-json\/wp\/v2\/pages"}],"about":[{"href":"https:\/\/medieproduktion.lnu.se\/mediehusb-21\/wp-json\/wp\/v2\/types\/page"}],"author":[{"embeddable":true,"href":"https:\/\/medieproduktion.lnu.se\/mediehusb-21\/wp-json\/wp\/v2\/users\/474"}],"replies":[{"embeddable":true,"href":"https:\/\/medieproduktion.lnu.se\/mediehusb-21\/wp-json\/wp\/v2\/comments?post=443"}],"version-history":[{"count":17,"href":"https:\/\/medieproduktion.lnu.se\/mediehusb-21\/wp-json\/wp\/v2\/pages\/443\/revisions"}],"predecessor-version":[{"id":730,"href":"https:\/\/medieproduktion.lnu.se\/mediehusb-21\/wp-json\/wp\/v2\/pages\/443\/revisions\/730"}],"wp:attachment":[{"href":"https:\/\/medieproduktion.lnu.se\/mediehusb-21\/wp-json\/wp\/v2\/media?parent=443"}],"curies":[{"name":"wp","href":"https:\/\/api.w.org\/{rel}","templated":true}]}}