{"id":417,"date":"2021-10-11T10:17:16","date_gmt":"2021-10-11T08:17:16","guid":{"rendered":"http:\/\/medieproduktion.lnu.se\/mediehusb\/?page_id=417"},"modified":"2021-10-11T13:29:04","modified_gmt":"2021-10-11T11:29:04","slug":"tv-redaktionen","status":"publish","type":"page","link":"https:\/\/medieproduktion.lnu.se\/mediehusb-21\/tv-redaktionen\/","title":{"rendered":"Teve"},"content":{"rendered":"\t\t<div data-elementor-type=\"wp-page\" data-elementor-id=\"417\" class=\"elementor elementor-417\" data-elementor-post-type=\"page\">\n\t\t\t\t\t\t<section class=\"elementor-section elementor-top-section elementor-element elementor-element-6303798 elementor-section-boxed elementor-section-height-default elementor-section-height-default\" data-id=\"6303798\" data-element_type=\"section\">\n\t\t\t\t\t\t<div class=\"elementor-container elementor-column-gap-default\">\n\t\t\t\t\t<div class=\"elementor-column elementor-col-100 elementor-top-column elementor-element elementor-element-3365723\" data-id=\"3365723\" data-element_type=\"column\">\n\t\t\t<div class=\"elementor-widget-wrap elementor-element-populated\">\n\t\t\t\t\t\t<section class=\"elementor-section elementor-inner-section elementor-element elementor-element-0b7f52b elementor-section-boxed elementor-section-height-default elementor-section-height-default\" data-id=\"0b7f52b\" data-element_type=\"section\">\n\t\t\t\t\t\t<div class=\"elementor-container elementor-column-gap-default\">\n\t\t\t\t\t<div class=\"elementor-column elementor-col-33 elementor-inner-column elementor-element elementor-element-09dfbe6\" data-id=\"09dfbe6\" data-element_type=\"column\">\n\t\t\t<div class=\"elementor-widget-wrap elementor-element-populated\">\n\t\t\t\t\t\t<div class=\"elementor-element elementor-element-c6cdd31 elementor-widget elementor-widget-image\" data-id=\"c6cdd31\" data-element_type=\"widget\" data-widget_type=\"image.default\">\n\t\t\t\t<div class=\"elementor-widget-container\">\n\t\t\t\t\t\t\t\t\t\t\t\t\t\t\t<img fetchpriority=\"high\" decoding=\"async\" width=\"214\" height=\"300\" src=\"https:\/\/medieproduktion.lnu.se\/mediehusb-21\/wp-content\/uploads\/sites\/646\/2021\/10\/adam-731x1024-1-214x300.jpg\" class=\"attachment-medium size-medium wp-image-313\" alt=\"Adam Holman\" srcset=\"https:\/\/medieproduktion.lnu.se\/mediehusb-21\/wp-content\/uploads\/sites\/646\/2021\/10\/adam-731x1024-1-214x300.jpg 214w, https:\/\/medieproduktion.lnu.se\/mediehusb-21\/wp-content\/uploads\/sites\/646\/2021\/10\/adam-731x1024-1.jpg 731w\" sizes=\"(max-width: 214px) 100vw, 214px\" \/>\t\t\t\t\t\t\t\t\t\t\t\t\t\t\t<\/div>\n\t\t\t\t<\/div>\n\t\t\t\t<div class=\"elementor-element elementor-element-a94c9c0 elementor-widget elementor-widget-text-editor\" data-id=\"a94c9c0\" data-element_type=\"widget\" data-widget_type=\"text-editor.default\">\n\t\t\t\t<div class=\"elementor-widget-container\">\n\t\t\t\t\t\t\t\t\t<h3><span style=\"color: #4b4b4b;\">Adam Holman<\/span><\/h3><p><a href=\"mailto:ah225fv@student.lnu.se\">ah225fv@student.lnu.se<\/a><\/p>\t\t\t\t\t\t\t\t<\/div>\n\t\t\t\t<\/div>\n\t\t\t\t<div class=\"elementor-element elementor-element-eb802fa elementor-widget elementor-widget-image\" data-id=\"eb802fa\" data-element_type=\"widget\" data-widget_type=\"image.default\">\n\t\t\t\t<div class=\"elementor-widget-container\">\n\t\t\t\t\t\t\t\t\t\t\t\t\t\t\t<img decoding=\"async\" width=\"214\" height=\"300\" src=\"https:\/\/medieproduktion.lnu.se\/mediehusb-21\/wp-content\/uploads\/sites\/646\/2021\/10\/Ella1-731x1024-1-214x300.jpg\" class=\"attachment-medium size-medium wp-image-341\" alt=\"Ella Bjelvenkrans\" srcset=\"https:\/\/medieproduktion.lnu.se\/mediehusb-21\/wp-content\/uploads\/sites\/646\/2021\/10\/Ella1-731x1024-1-214x300.jpg 214w, https:\/\/medieproduktion.lnu.se\/mediehusb-21\/wp-content\/uploads\/sites\/646\/2021\/10\/Ella1-731x1024-1.jpg 731w\" sizes=\"(max-width: 214px) 100vw, 214px\" \/>\t\t\t\t\t\t\t\t\t\t\t\t\t\t\t<\/div>\n\t\t\t\t<\/div>\n\t\t\t\t<div class=\"elementor-element elementor-element-50e2682 elementor-widget elementor-widget-text-editor\" data-id=\"50e2682\" data-element_type=\"widget\" data-widget_type=\"text-editor.default\">\n\t\t\t\t<div class=\"elementor-widget-container\">\n\t\t\t\t\t\t\t\t\t<h3><span style=\"color: #4b4b4b;\">Ella Bjelvenkrans<\/span><\/h3><p><a href=\"mailto:eb224er@student.lnu.se\">eb224er@student.lnu.se<\/a><\/p>\t\t\t\t\t\t\t\t<\/div>\n\t\t\t\t<\/div>\n\t\t\t\t<div class=\"elementor-element elementor-element-018f24e elementor-widget elementor-widget-image\" data-id=\"018f24e\" data-element_type=\"widget\" data-widget_type=\"image.default\">\n\t\t\t\t<div class=\"elementor-widget-container\">\n\t\t\t\t\t\t\t\t\t\t\t\t\t\t\t<img decoding=\"async\" width=\"214\" height=\"300\" src=\"https:\/\/medieproduktion.lnu.se\/mediehusb-21\/wp-content\/uploads\/sites\/646\/2021\/10\/frida-731x1024-1-214x300.jpg\" class=\"attachment-medium size-medium wp-image-349\" alt=\"Frida Larsen\" srcset=\"https:\/\/medieproduktion.lnu.se\/mediehusb-21\/wp-content\/uploads\/sites\/646\/2021\/10\/frida-731x1024-1-214x300.jpg 214w, https:\/\/medieproduktion.lnu.se\/mediehusb-21\/wp-content\/uploads\/sites\/646\/2021\/10\/frida-731x1024-1.jpg 731w\" sizes=\"(max-width: 214px) 100vw, 214px\" \/>\t\t\t\t\t\t\t\t\t\t\t\t\t\t\t<\/div>\n\t\t\t\t<\/div>\n\t\t\t\t<div class=\"elementor-element elementor-element-3f48343 elementor-widget elementor-widget-text-editor\" data-id=\"3f48343\" data-element_type=\"widget\" data-widget_type=\"text-editor.default\">\n\t\t\t\t<div class=\"elementor-widget-container\">\n\t\t\t\t\t\t\t\t\t<h3 style=\"text-align: center;\"><span style=\"color: #4b4b4b;\">Frida Larsen<\/span><\/h3><p style=\"text-align: center;\"><a href=\"mailto:fl222ys@student.lnu.se\">fl222ys@student.lnu.se<\/a><\/p>\t\t\t\t\t\t\t\t<\/div>\n\t\t\t\t<\/div>\n\t\t\t\t<div class=\"elementor-element elementor-element-68212d6 elementor-widget elementor-widget-image\" data-id=\"68212d6\" data-element_type=\"widget\" data-widget_type=\"image.default\">\n\t\t\t\t<div class=\"elementor-widget-container\">\n\t\t\t\t\t\t\t\t\t\t\t\t\t\t\t<img loading=\"lazy\" decoding=\"async\" width=\"214\" height=\"300\" src=\"https:\/\/medieproduktion.lnu.se\/mediehusb-21\/wp-content\/uploads\/sites\/646\/2021\/10\/Maja1-731x1024-1-214x300.jpg\" class=\"attachment-medium size-medium wp-image-367\" alt=\"Maja Iversen\" srcset=\"https:\/\/medieproduktion.lnu.se\/mediehusb-21\/wp-content\/uploads\/sites\/646\/2021\/10\/Maja1-731x1024-1-214x300.jpg 214w, https:\/\/medieproduktion.lnu.se\/mediehusb-21\/wp-content\/uploads\/sites\/646\/2021\/10\/Maja1-731x1024-1.jpg 731w\" sizes=\"(max-width: 214px) 100vw, 214px\" \/>\t\t\t\t\t\t\t\t\t\t\t\t\t\t\t<\/div>\n\t\t\t\t<\/div>\n\t\t\t\t<div class=\"elementor-element elementor-element-93a0e28 elementor-widget elementor-widget-text-editor\" data-id=\"93a0e28\" data-element_type=\"widget\" data-widget_type=\"text-editor.default\">\n\t\t\t\t<div class=\"elementor-widget-container\">\n\t\t\t\t\t\t\t\t\t<h3><span style=\"color: #4b4b4b;\">Maja Iversen<\/span><\/h3><p><a href=\"mailto:mi222nf@student.lnu.se\">mi222nf@student.lnu.se<\/a><\/p>\t\t\t\t\t\t\t\t<\/div>\n\t\t\t\t<\/div>\n\t\t\t\t<div class=\"elementor-element elementor-element-c5c159b elementor-widget elementor-widget-image\" data-id=\"c5c159b\" data-element_type=\"widget\" data-widget_type=\"image.default\">\n\t\t\t\t<div class=\"elementor-widget-container\">\n\t\t\t\t\t\t\t\t\t\t\t\t\t\t\t<img loading=\"lazy\" decoding=\"async\" width=\"214\" height=\"300\" src=\"https:\/\/medieproduktion.lnu.se\/mediehusb-21\/wp-content\/uploads\/sites\/646\/2021\/10\/Minna1-731x1024-1-214x300.jpg\" class=\"attachment-medium size-medium wp-image-377\" alt=\"Minna Sarpaneva\" srcset=\"https:\/\/medieproduktion.lnu.se\/mediehusb-21\/wp-content\/uploads\/sites\/646\/2021\/10\/Minna1-731x1024-1-214x300.jpg 214w, https:\/\/medieproduktion.lnu.se\/mediehusb-21\/wp-content\/uploads\/sites\/646\/2021\/10\/Minna1-731x1024-1.jpg 731w\" sizes=\"(max-width: 214px) 100vw, 214px\" \/>\t\t\t\t\t\t\t\t\t\t\t\t\t\t\t<\/div>\n\t\t\t\t<\/div>\n\t\t\t\t<div class=\"elementor-element elementor-element-86d3d4c elementor-widget elementor-widget-text-editor\" data-id=\"86d3d4c\" data-element_type=\"widget\" data-widget_type=\"text-editor.default\">\n\t\t\t\t<div class=\"elementor-widget-container\">\n\t\t\t\t\t\t\t\t\t<h3><span style=\"color: #4b4b4b;\">Minna Sarpaneva<\/span><\/h3><p><a href=\"mailto:ms226nv@student.lnu.se\">ms226nv@student.lnu.se<\/a><\/p>\t\t\t\t\t\t\t\t<\/div>\n\t\t\t\t<\/div>\n\t\t\t\t\t<\/div>\n\t\t<\/div>\n\t\t\t\t<div class=\"elementor-column elementor-col-33 elementor-inner-column elementor-element elementor-element-f415ac3\" data-id=\"f415ac3\" data-element_type=\"column\">\n\t\t\t<div class=\"elementor-widget-wrap elementor-element-populated\">\n\t\t\t\t\t\t<div class=\"elementor-element elementor-element-f83ea27 elementor-widget elementor-widget-image\" data-id=\"f83ea27\" data-element_type=\"widget\" data-widget_type=\"image.default\">\n\t\t\t\t<div class=\"elementor-widget-container\">\n\t\t\t\t\t\t\t\t\t\t\t\t\t\t\t<img loading=\"lazy\" decoding=\"async\" width=\"214\" height=\"300\" src=\"https:\/\/medieproduktion.lnu.se\/mediehusb-21\/wp-content\/uploads\/sites\/646\/2021\/10\/albinb-731x1024-1-214x300.jpg\" class=\"attachment-medium size-medium wp-image-317\" alt=\"Albin Bramstedt\" srcset=\"https:\/\/medieproduktion.lnu.se\/mediehusb-21\/wp-content\/uploads\/sites\/646\/2021\/10\/albinb-731x1024-1-214x300.jpg 214w, https:\/\/medieproduktion.lnu.se\/mediehusb-21\/wp-content\/uploads\/sites\/646\/2021\/10\/albinb-731x1024-1.jpg 731w\" sizes=\"(max-width: 214px) 100vw, 214px\" \/>\t\t\t\t\t\t\t\t\t\t\t\t\t\t\t<\/div>\n\t\t\t\t<\/div>\n\t\t\t\t<div class=\"elementor-element elementor-element-be2d0bf elementor-widget elementor-widget-text-editor\" data-id=\"be2d0bf\" data-element_type=\"widget\" data-widget_type=\"text-editor.default\">\n\t\t\t\t<div class=\"elementor-widget-container\">\n\t\t\t\t\t\t\t\t\t<h3><span style=\"color: #4b4b4b;\">Albin Bramstedt<\/span><\/h3><p><a href=\"mailto:ab225jv@student.lnu.se\">ab225jv@student.lnu.se<\/a><\/p>\t\t\t\t\t\t\t\t<\/div>\n\t\t\t\t<\/div>\n\t\t\t\t<div class=\"elementor-element elementor-element-041e88f elementor-widget elementor-widget-image\" data-id=\"041e88f\" data-element_type=\"widget\" data-widget_type=\"image.default\">\n\t\t\t\t<div class=\"elementor-widget-container\">\n\t\t\t\t\t\t\t\t\t\t\t\t\t\t\t<img loading=\"lazy\" decoding=\"async\" width=\"214\" height=\"300\" src=\"https:\/\/medieproduktion.lnu.se\/mediehusb-21\/wp-content\/uploads\/sites\/646\/2021\/10\/Elin1-731x1024-1-214x300.jpg\" class=\"attachment-medium size-medium wp-image-339\" alt=\"Elin Sj\u00f6gren\" srcset=\"https:\/\/medieproduktion.lnu.se\/mediehusb-21\/wp-content\/uploads\/sites\/646\/2021\/10\/Elin1-731x1024-1-214x300.jpg 214w, https:\/\/medieproduktion.lnu.se\/mediehusb-21\/wp-content\/uploads\/sites\/646\/2021\/10\/Elin1-731x1024-1.jpg 731w\" sizes=\"(max-width: 214px) 100vw, 214px\" \/>\t\t\t\t\t\t\t\t\t\t\t\t\t\t\t<\/div>\n\t\t\t\t<\/div>\n\t\t\t\t<div class=\"elementor-element elementor-element-39db21c elementor-widget elementor-widget-text-editor\" data-id=\"39db21c\" data-element_type=\"widget\" data-widget_type=\"text-editor.default\">\n\t\t\t\t<div class=\"elementor-widget-container\">\n\t\t\t\t\t\t\t\t\t<h3><span style=\"color: #4b4b4b;\">Elin Sj\u00f6gren<\/span><\/h3><p><a href=\"mailto:es224zq@student.lnu.se\">es224zq@student.lnu.se<\/a><\/p>\t\t\t\t\t\t\t\t<\/div>\n\t\t\t\t<\/div>\n\t\t\t\t<div class=\"elementor-element elementor-element-9dbadf0 elementor-widget elementor-widget-image\" data-id=\"9dbadf0\" data-element_type=\"widget\" data-widget_type=\"image.default\">\n\t\t\t\t<div class=\"elementor-widget-container\">\n\t\t\t\t\t\t\t\t\t\t\t\t\t\t\t<img loading=\"lazy\" decoding=\"async\" width=\"214\" height=\"300\" src=\"https:\/\/medieproduktion.lnu.se\/mediehusb-21\/wp-content\/uploads\/sites\/646\/2021\/10\/Jten1-731x1024-1-214x300.jpg\" class=\"attachment-medium size-medium wp-image-357\" alt=\"Jacob Nalerius\" srcset=\"https:\/\/medieproduktion.lnu.se\/mediehusb-21\/wp-content\/uploads\/sites\/646\/2021\/10\/Jten1-731x1024-1-214x300.jpg 214w, https:\/\/medieproduktion.lnu.se\/mediehusb-21\/wp-content\/uploads\/sites\/646\/2021\/10\/Jten1-731x1024-1.jpg 731w\" sizes=\"(max-width: 214px) 100vw, 214px\" \/>\t\t\t\t\t\t\t\t\t\t\t\t\t\t\t<\/div>\n\t\t\t\t<\/div>\n\t\t\t\t<div class=\"elementor-element elementor-element-b2e9d1d elementor-widget elementor-widget-text-editor\" data-id=\"b2e9d1d\" data-element_type=\"widget\" data-widget_type=\"text-editor.default\">\n\t\t\t\t<div class=\"elementor-widget-container\">\n\t\t\t\t\t\t\t\t\t<h3><span style=\"color: #4b4b4b;\">Jacob Nalerius<\/span><\/h3><p><a href=\"mailto:jn223rg@student.lnu.se\">jn223rg@student.lnu.se<\/a><\/p>\t\t\t\t\t\t\t\t<\/div>\n\t\t\t\t<\/div>\n\t\t\t\t<div class=\"elementor-element elementor-element-234ef95 elementor-widget elementor-widget-image\" data-id=\"234ef95\" data-element_type=\"widget\" data-widget_type=\"image.default\">\n\t\t\t\t<div class=\"elementor-widget-container\">\n\t\t\t\t\t\t\t\t\t\t\t\t\t\t\t<img loading=\"lazy\" decoding=\"async\" width=\"214\" height=\"300\" src=\"https:\/\/medieproduktion.lnu.se\/mediehusb-21\/wp-content\/uploads\/sites\/646\/2021\/10\/malvina-731x1024-1-214x300.jpg\" class=\"attachment-medium size-medium wp-image-371\" alt=\"Malvina Lindstr\u00f6m\" srcset=\"https:\/\/medieproduktion.lnu.se\/mediehusb-21\/wp-content\/uploads\/sites\/646\/2021\/10\/malvina-731x1024-1-214x300.jpg 214w, https:\/\/medieproduktion.lnu.se\/mediehusb-21\/wp-content\/uploads\/sites\/646\/2021\/10\/malvina-731x1024-1.jpg 731w\" sizes=\"(max-width: 214px) 100vw, 214px\" \/>\t\t\t\t\t\t\t\t\t\t\t\t\t\t\t<\/div>\n\t\t\t\t<\/div>\n\t\t\t\t<div class=\"elementor-element elementor-element-d53b360 elementor-widget elementor-widget-text-editor\" data-id=\"d53b360\" data-element_type=\"widget\" data-widget_type=\"text-editor.default\">\n\t\t\t\t<div class=\"elementor-widget-container\">\n\t\t\t\t\t\t\t\t\t<h3><span style=\"color: #4b4b4b;\">Malvina Lindstr\u00f6m<\/span><\/h3><p><a href=\"mailto:ml225px@student.lnu.se\">ml225px@student.lnu.se<\/a><\/p>\t\t\t\t\t\t\t\t<\/div>\n\t\t\t\t<\/div>\n\t\t\t\t<div class=\"elementor-element elementor-element-c362314 elementor-widget elementor-widget-image\" data-id=\"c362314\" data-element_type=\"widget\" data-widget_type=\"image.default\">\n\t\t\t\t<div class=\"elementor-widget-container\">\n\t\t\t\t\t\t\t\t\t\t\t\t\t\t\t<img loading=\"lazy\" decoding=\"async\" width=\"214\" height=\"300\" src=\"https:\/\/medieproduktion.lnu.se\/mediehusb-21\/wp-content\/uploads\/sites\/646\/2021\/10\/Simon1-731x1024-1-214x300.jpg\" class=\"attachment-medium size-medium wp-image-387\" alt=\"Simon Brostedt\" srcset=\"https:\/\/medieproduktion.lnu.se\/mediehusb-21\/wp-content\/uploads\/sites\/646\/2021\/10\/Simon1-731x1024-1-214x300.jpg 214w, https:\/\/medieproduktion.lnu.se\/mediehusb-21\/wp-content\/uploads\/sites\/646\/2021\/10\/Simon1-731x1024-1.jpg 731w\" sizes=\"(max-width: 214px) 100vw, 214px\" \/>\t\t\t\t\t\t\t\t\t\t\t\t\t\t\t<\/div>\n\t\t\t\t<\/div>\n\t\t\t\t<div class=\"elementor-element elementor-element-330f87e elementor-widget elementor-widget-text-editor\" data-id=\"330f87e\" data-element_type=\"widget\" data-widget_type=\"text-editor.default\">\n\t\t\t\t<div class=\"elementor-widget-container\">\n\t\t\t\t\t\t\t\t\t<h3><span style=\"color: #4b4b4b;\">Simon Brostedt<\/span><\/h3><p><a href=\"mailto:sb224dz@student.lnu.se\">sb224dz@student.lnu.se<\/a><\/p>\t\t\t\t\t\t\t\t<\/div>\n\t\t\t\t<\/div>\n\t\t\t\t\t<\/div>\n\t\t<\/div>\n\t\t\t\t<div class=\"elementor-column elementor-col-33 elementor-inner-column elementor-element elementor-element-3939887\" data-id=\"3939887\" data-element_type=\"column\">\n\t\t\t<div class=\"elementor-widget-wrap elementor-element-populated\">\n\t\t\t\t\t\t<div class=\"elementor-element elementor-element-3a7a98e elementor-widget elementor-widget-image\" data-id=\"3a7a98e\" data-element_type=\"widget\" data-widget_type=\"image.default\">\n\t\t\t\t<div class=\"elementor-widget-container\">\n\t\t\t\t\t\t\t\t\t\t\t\t\t\t\t<img loading=\"lazy\" decoding=\"async\" width=\"214\" height=\"300\" src=\"https:\/\/medieproduktion.lnu.se\/mediehusb-21\/wp-content\/uploads\/sites\/646\/2021\/10\/elsa-731x1024-1-214x300.jpg\" class=\"attachment-medium size-medium wp-image-343\" alt=\"Elsa \u00c5berg\" srcset=\"https:\/\/medieproduktion.lnu.se\/mediehusb-21\/wp-content\/uploads\/sites\/646\/2021\/10\/elsa-731x1024-1-214x300.jpg 214w, https:\/\/medieproduktion.lnu.se\/mediehusb-21\/wp-content\/uploads\/sites\/646\/2021\/10\/elsa-731x1024-1.jpg 731w\" sizes=\"(max-width: 214px) 100vw, 214px\" \/>\t\t\t\t\t\t\t\t\t\t\t\t\t\t\t<\/div>\n\t\t\t\t<\/div>\n\t\t\t\t<div class=\"elementor-element elementor-element-2090e8a elementor-widget elementor-widget-text-editor\" data-id=\"2090e8a\" data-element_type=\"widget\" data-widget_type=\"text-editor.default\">\n\t\t\t\t<div class=\"elementor-widget-container\">\n\t\t\t\t\t\t\t\t\t<h3><span style=\"color: #4b4b4b;\">Elsa \u00c5berg<\/span><\/h3><p><a href=\"mailto:ea224hn@student.lnu.se\">ea224hn@student.lnu.se<\/a><\/p>\t\t\t\t\t\t\t\t<\/div>\n\t\t\t\t<\/div>\n\t\t\t\t<div class=\"elementor-element elementor-element-73bade3 elementor-widget elementor-widget-image\" data-id=\"73bade3\" data-element_type=\"widget\" data-widget_type=\"image.default\">\n\t\t\t\t<div class=\"elementor-widget-container\">\n\t\t\t\t\t\t\t\t\t\t\t\t\t\t\t<img loading=\"lazy\" decoding=\"async\" width=\"214\" height=\"300\" src=\"https:\/\/medieproduktion.lnu.se\/mediehusb-21\/wp-content\/uploads\/sites\/646\/2021\/10\/EmmaByline-214x300.jpg\" class=\"attachment-medium size-medium wp-image-673\" alt=\"Emma Lundberg\" srcset=\"https:\/\/medieproduktion.lnu.se\/mediehusb-21\/wp-content\/uploads\/sites\/646\/2021\/10\/EmmaByline-214x300.jpg 214w, https:\/\/medieproduktion.lnu.se\/mediehusb-21\/wp-content\/uploads\/sites\/646\/2021\/10\/EmmaByline.jpg 731w\" sizes=\"(max-width: 214px) 100vw, 214px\" \/>\t\t\t\t\t\t\t\t\t\t\t\t\t\t\t<\/div>\n\t\t\t\t<\/div>\n\t\t\t\t<div class=\"elementor-element elementor-element-151cebd elementor-widget elementor-widget-text-editor\" data-id=\"151cebd\" data-element_type=\"widget\" data-widget_type=\"text-editor.default\">\n\t\t\t\t<div class=\"elementor-widget-container\">\n\t\t\t\t\t\t\t\t\t<h3><span style=\"color: #4b4b4b;\">Emma Lundberg<\/span><\/h3><p><a href=\"mailto:el224qh@student.lnu.se\">el224qh@student.lnu.se<\/a><\/p>\t\t\t\t\t\t\t\t<\/div>\n\t\t\t\t<\/div>\n\t\t\t\t<div class=\"elementor-element elementor-element-35b1d38 elementor-widget elementor-widget-image\" data-id=\"35b1d38\" data-element_type=\"widget\" data-widget_type=\"image.default\">\n\t\t\t\t<div class=\"elementor-widget-container\">\n\t\t\t\t\t\t\t\t\t\t\t\t\t\t\t<img loading=\"lazy\" decoding=\"async\" width=\"214\" height=\"300\" src=\"https:\/\/medieproduktion.lnu.se\/mediehusb-21\/wp-content\/uploads\/sites\/646\/2021\/10\/Jonas1-731x1024-1-214x300.jpg\" class=\"attachment-medium size-medium wp-image-353\" alt=\"Jonas Pettersson\" srcset=\"https:\/\/medieproduktion.lnu.se\/mediehusb-21\/wp-content\/uploads\/sites\/646\/2021\/10\/Jonas1-731x1024-1-214x300.jpg 214w, https:\/\/medieproduktion.lnu.se\/mediehusb-21\/wp-content\/uploads\/sites\/646\/2021\/10\/Jonas1-731x1024-1.jpg 731w\" sizes=\"(max-width: 214px) 100vw, 214px\" \/>\t\t\t\t\t\t\t\t\t\t\t\t\t\t\t<\/div>\n\t\t\t\t<\/div>\n\t\t\t\t<div class=\"elementor-element elementor-element-c7864e3 elementor-widget elementor-widget-text-editor\" data-id=\"c7864e3\" data-element_type=\"widget\" data-widget_type=\"text-editor.default\">\n\t\t\t\t<div class=\"elementor-widget-container\">\n\t\t\t\t\t\t\t\t\t<h3 style=\"text-align: center;\"><span style=\"color: #4b4b4b;\">Jacob Pettersson<\/span><\/h3><p style=\"text-align: center;\"><a href=\"mailto:jp223jf@student.lnu.se\">jp223jf@student.lnu.se<\/a><\/p>\t\t\t\t\t\t\t\t<\/div>\n\t\t\t\t<\/div>\n\t\t\t\t<div class=\"elementor-element elementor-element-0c51a59 elementor-widget elementor-widget-image\" data-id=\"0c51a59\" data-element_type=\"widget\" data-widget_type=\"image.default\">\n\t\t\t\t<div class=\"elementor-widget-container\">\n\t\t\t\t\t\t\t\t\t\t\t\t\t\t\t<img loading=\"lazy\" decoding=\"async\" width=\"214\" height=\"300\" src=\"https:\/\/medieproduktion.lnu.se\/mediehusb-21\/wp-content\/uploads\/sites\/646\/2021\/10\/moa-731x1024-1-214x300.jpg\" class=\"attachment-medium size-medium wp-image-379\" alt=\"Moa Risberg\" srcset=\"https:\/\/medieproduktion.lnu.se\/mediehusb-21\/wp-content\/uploads\/sites\/646\/2021\/10\/moa-731x1024-1-214x300.jpg 214w, https:\/\/medieproduktion.lnu.se\/mediehusb-21\/wp-content\/uploads\/sites\/646\/2021\/10\/moa-731x1024-1.jpg 731w\" sizes=\"(max-width: 214px) 100vw, 214px\" \/>\t\t\t\t\t\t\t\t\t\t\t\t\t\t\t<\/div>\n\t\t\t\t<\/div>\n\t\t\t\t<div class=\"elementor-element elementor-element-13e75bf elementor-widget elementor-widget-text-editor\" data-id=\"13e75bf\" data-element_type=\"widget\" data-widget_type=\"text-editor.default\">\n\t\t\t\t<div class=\"elementor-widget-container\">\n\t\t\t\t\t\t\t\t\t<h3><span style=\"color: #4b4b4b;\">Moa Risberg<\/span><\/h3><p><a href=\"mailto:mr223gc@student.lnu.se\">mr223gc@student.lnu.se<\/a><\/p>\t\t\t\t\t\t\t\t<\/div>\n\t\t\t\t<\/div>\n\t\t\t\t<div class=\"elementor-element elementor-element-6272421 elementor-widget elementor-widget-image\" data-id=\"6272421\" data-element_type=\"widget\" data-widget_type=\"image.default\">\n\t\t\t\t<div class=\"elementor-widget-container\">\n\t\t\t\t\t\t\t\t\t\t\t\t\t\t\t<img loading=\"lazy\" decoding=\"async\" width=\"214\" height=\"300\" src=\"https:\/\/medieproduktion.lnu.se\/mediehusb-21\/wp-content\/uploads\/sites\/646\/2021\/10\/tindra-731x1024-1-214x300.jpg\" class=\"attachment-medium size-medium wp-image-389\" alt=\"Tindra Isaksson Gyllenfjell\" srcset=\"https:\/\/medieproduktion.lnu.se\/mediehusb-21\/wp-content\/uploads\/sites\/646\/2021\/10\/tindra-731x1024-1-214x300.jpg 214w, https:\/\/medieproduktion.lnu.se\/mediehusb-21\/wp-content\/uploads\/sites\/646\/2021\/10\/tindra-731x1024-1.jpg 731w\" sizes=\"(max-width: 214px) 100vw, 214px\" \/>\t\t\t\t\t\t\t\t\t\t\t\t\t\t\t<\/div>\n\t\t\t\t<\/div>\n\t\t\t\t<div class=\"elementor-element elementor-element-7358e52 elementor-widget elementor-widget-text-editor\" data-id=\"7358e52\" data-element_type=\"widget\" data-widget_type=\"text-editor.default\">\n\t\t\t\t<div class=\"elementor-widget-container\">\n\t\t\t\t\t\t\t\t\t<h3><span style=\"color: #4b4b4b;\">Tindra Isaksson Gyllenfjell<\/span><\/h3><p><a href=\"mailto:ti222dd@student.lnu.se\">ti222dd@student.lnu.se<\/a><\/p>\t\t\t\t\t\t\t\t<\/div>\n\t\t\t\t<\/div>\n\t\t\t\t\t<\/div>\n\t\t<\/div>\n\t\t\t\t\t<\/div>\n\t\t<\/section>\n\t\t\t\t\t<\/div>\n\t\t<\/div>\n\t\t\t\t\t<\/div>\n\t\t<\/section>\n\t\t\t\t<\/div>\n\t\t","protected":false},"excerpt":{"rendered":"<p>Adam Holman ah225fv@student.lnu.se Ella Bjelvenkrans eb224er@student.lnu.se Frida Larsen fl222ys@student.lnu.se Maja Iversen mi222nf@student.lnu.se Minna Sarpaneva ms226nv@student.lnu.se Albin Bramstedt ab225jv@student.lnu.se Elin Sj\u00f6gren es224zq@student.lnu.se Jacob Nalerius jn223rg@student.lnu.se Malvina Lindstr\u00f6m ml225px@student.lnu.se Simon Brostedt sb224dz@student.lnu.se Elsa \u00c5berg ea224hn@student.lnu.se Emma Lundberg el224qh@student.lnu.se Jacob Pettersson jp223jf@student.lnu.se Moa Risberg mr223gc@student.lnu.se Tindra Isaksson Gyllenfjell ti222dd@student.lnu.se<\/p>\n","protected":false},"author":474,"featured_media":0,"parent":0,"menu_order":0,"comment_status":"closed","ping_status":"closed","template":"","meta":{"footnotes":""},"class_list":["post-417","page","type-page","status-publish"],"_links":{"self":[{"href":"https:\/\/medieproduktion.lnu.se\/mediehusb-21\/wp-json\/wp\/v2\/pages\/417","targetHints":{"allow":["GET"]}}],"collection":[{"href":"https:\/\/medieproduktion.lnu.se\/mediehusb-21\/wp-json\/wp\/v2\/pages"}],"about":[{"href":"https:\/\/medieproduktion.lnu.se\/mediehusb-21\/wp-json\/wp\/v2\/types\/page"}],"author":[{"embeddable":true,"href":"https:\/\/medieproduktion.lnu.se\/mediehusb-21\/wp-json\/wp\/v2\/users\/474"}],"replies":[{"embeddable":true,"href":"https:\/\/medieproduktion.lnu.se\/mediehusb-21\/wp-json\/wp\/v2\/comments?post=417"}],"version-history":[{"count":13,"href":"https:\/\/medieproduktion.lnu.se\/mediehusb-21\/wp-json\/wp\/v2\/pages\/417\/revisions"}],"predecessor-version":[{"id":704,"href":"https:\/\/medieproduktion.lnu.se\/mediehusb-21\/wp-json\/wp\/v2\/pages\/417\/revisions\/704"}],"wp:attachment":[{"href":"https:\/\/medieproduktion.lnu.se\/mediehusb-21\/wp-json\/wp\/v2\/media?parent=417"}],"curies":[{"name":"wp","href":"https:\/\/api.w.org\/{rel}","templated":true}]}}