{"id":277,"date":"2021-10-08T14:52:35","date_gmt":"2021-10-08T12:52:35","guid":{"rendered":"http:\/\/medieproduktion.lnu.se\/mediehusb\/?page_id=277"},"modified":"2021-10-15T11:42:12","modified_gmt":"2021-10-15T09:42:12","slug":"debatt","status":"publish","type":"page","link":"https:\/\/medieproduktion.lnu.se\/mediehusb-21\/debatt\/","title":{"rendered":"Debatt"},"content":{"rendered":"\t\t<div data-elementor-type=\"wp-page\" data-elementor-id=\"277\" class=\"elementor elementor-277\" data-elementor-post-type=\"page\">\n\t\t\t\t\t\t<section class=\"elementor-section elementor-top-section elementor-element elementor-element-6d40959 elementor-section-boxed elementor-section-height-default elementor-section-height-default\" data-id=\"6d40959\" data-element_type=\"section\">\n\t\t\t\t\t\t<div class=\"elementor-container elementor-column-gap-default\">\n\t\t\t\t\t<div class=\"elementor-column elementor-col-100 elementor-top-column elementor-element elementor-element-3114cbb\" data-id=\"3114cbb\" data-element_type=\"column\">\n\t\t\t<div class=\"elementor-widget-wrap elementor-element-populated\">\n\t\t\t\t\t\t<section class=\"elementor-section elementor-inner-section elementor-element elementor-element-103da7e elementor-section-boxed elementor-section-height-default elementor-section-height-default\" data-id=\"103da7e\" data-element_type=\"section\">\n\t\t\t\t\t\t<div class=\"elementor-container elementor-column-gap-default\">\n\t\t\t\t\t<div class=\"elementor-column elementor-col-50 elementor-inner-column elementor-element elementor-element-9abda53\" data-id=\"9abda53\" data-element_type=\"column\">\n\t\t\t<div class=\"elementor-widget-wrap elementor-element-populated\">\n\t\t\t\t\t\t<div class=\"elementor-element elementor-element-21fe3a9 elementor-grid-1 elementor-grid-tablet-2 elementor-grid-mobile-1 elementor-posts--thumbnail-top elementor-widget elementor-widget-posts\" data-id=\"21fe3a9\" data-element_type=\"widget\" data-settings=\"{&quot;classic_columns&quot;:&quot;1&quot;,&quot;classic_columns_tablet&quot;:&quot;2&quot;,&quot;classic_columns_mobile&quot;:&quot;1&quot;,&quot;classic_row_gap&quot;:{&quot;unit&quot;:&quot;px&quot;,&quot;size&quot;:35,&quot;sizes&quot;:[]},&quot;classic_row_gap_tablet&quot;:{&quot;unit&quot;:&quot;px&quot;,&quot;size&quot;:&quot;&quot;,&quot;sizes&quot;:[]},&quot;classic_row_gap_mobile&quot;:{&quot;unit&quot;:&quot;px&quot;,&quot;size&quot;:&quot;&quot;,&quot;sizes&quot;:[]}}\" data-widget_type=\"posts.classic\">\n\t\t\t\t<div class=\"elementor-widget-container\">\n\t\t\t\t\t\t\t<div class=\"elementor-posts-container elementor-posts elementor-posts--skin-classic elementor-grid\" role=\"list\">\n\t\t\t\t<article class=\"elementor-post elementor-grid-item post-2717 post type-post status-publish format-standard has-post-thumbnail hentry category-debatt category-okategoriserade\" role=\"listitem\">\n\t\t\t\t<a class=\"elementor-post__thumbnail__link\" href=\"https:\/\/medieproduktion.lnu.se\/mediehusb-21\/okategoriserade\/anledningarna-att-studera-faller-bort-en-efter-en\/\" tabindex=\"-1\" >\n\t\t\t<div class=\"elementor-post__thumbnail\"><img fetchpriority=\"high\" decoding=\"async\" width=\"768\" height=\"432\" src=\"https:\/\/medieproduktion.lnu.se\/mediehusb-21\/wp-content\/uploads\/sites\/646\/2021\/10\/kronika-768x432.jpg\" class=\"attachment-medium_large size-medium_large wp-image-2726\" alt=\"Montage. Studenter p\u00e5 Linn\u00e9universitetet samt bylinebild p\u00e5 skribenten\" srcset=\"https:\/\/medieproduktion.lnu.se\/mediehusb-21\/wp-content\/uploads\/sites\/646\/2021\/10\/kronika-768x432.jpg 768w, https:\/\/medieproduktion.lnu.se\/mediehusb-21\/wp-content\/uploads\/sites\/646\/2021\/10\/kronika-300x169.jpg 300w, https:\/\/medieproduktion.lnu.se\/mediehusb-21\/wp-content\/uploads\/sites\/646\/2021\/10\/kronika.jpg 800w\" sizes=\"(max-width: 768px) 100vw, 768px\" \/><\/div>\n\t\t<\/a>\n\t\t\t\t<div class=\"elementor-post__text\">\n\t\t\t\t<h3 class=\"elementor-post__title\">\n\t\t\t<a href=\"https:\/\/medieproduktion.lnu.se\/mediehusb-21\/okategoriserade\/anledningarna-att-studera-faller-bort-en-efter-en\/\" >\n\t\t\t\tAnledningarna att studera faller bort, en efter en\t\t\t<\/a>\n\t\t<\/h3>\n\t\t\t\t<div class=\"elementor-post__meta-data\">\n\t\t\t\t\t<span class=\"elementor-post-author\">\n\t\t\tJacob Malmgren\t\t<\/span>\n\t\t\t\t<span class=\"elementor-post-date\">\n\t\t\t19 oktober, 2021\t\t<\/span>\n\t\t\t\t<\/div>\n\t\t\t\t<div class=\"elementor-post__excerpt\">\n\t\t\t<p><a href=\"http:\/\/radixonline.se\/?p=2717\">I Sverige f\u00e5r vem som helst m\u00f6jligheten att bli vad som helst. Kommer det inte vara s\u00e5 l\u00e4ngre?<\/a><\/p>\n\t\t<\/div>\n\t\t\t\t<\/div>\n\t\t\t\t<\/article>\n\t\t\t\t<\/div>\n\t\t\n\t\t\t\t\t\t<\/div>\n\t\t\t\t<\/div>\n\t\t\t\t<div class=\"elementor-element elementor-element-1d20136 elementor-grid-2 elementor-grid-tablet-2 elementor-grid-mobile-1 elementor-posts--thumbnail-top elementor-widget elementor-widget-posts\" data-id=\"1d20136\" data-element_type=\"widget\" data-settings=\"{&quot;classic_columns&quot;:&quot;2&quot;,&quot;classic_columns_tablet&quot;:&quot;2&quot;,&quot;classic_columns_mobile&quot;:&quot;1&quot;,&quot;classic_row_gap&quot;:{&quot;unit&quot;:&quot;px&quot;,&quot;size&quot;:35,&quot;sizes&quot;:[]},&quot;classic_row_gap_tablet&quot;:{&quot;unit&quot;:&quot;px&quot;,&quot;size&quot;:&quot;&quot;,&quot;sizes&quot;:[]},&quot;classic_row_gap_mobile&quot;:{&quot;unit&quot;:&quot;px&quot;,&quot;size&quot;:&quot;&quot;,&quot;sizes&quot;:[]}}\" data-widget_type=\"posts.classic\">\n\t\t\t\t<div class=\"elementor-widget-container\">\n\t\t\t\t\t\t\t<div class=\"elementor-posts-container elementor-posts elementor-posts--skin-classic elementor-grid\" role=\"list\">\n\t\t\t\t<article class=\"elementor-post elementor-grid-item post-1643 post type-post status-publish format-standard has-post-thumbnail hentry category-debatt\" role=\"listitem\">\n\t\t\t\t<a class=\"elementor-post__thumbnail__link\" href=\"https:\/\/medieproduktion.lnu.se\/mediehusb-21\/debatt\/tva-timmar-utan-sociala-medier\/\" tabindex=\"-1\" >\n\t\t\t<div class=\"elementor-post__thumbnail\"><img decoding=\"async\" width=\"300\" height=\"200\" src=\"https:\/\/medieproduktion.lnu.se\/mediehusb-21\/wp-content\/uploads\/sites\/646\/2021\/10\/DSX_3416-300x200.png\" class=\"attachment-medium size-medium wp-image-1733\" alt=\"Facebook p\u00e5 dator med f\u00f6rbudsskylt.\" srcset=\"https:\/\/medieproduktion.lnu.se\/mediehusb-21\/wp-content\/uploads\/sites\/646\/2021\/10\/DSX_3416-300x200.png 300w, https:\/\/medieproduktion.lnu.se\/mediehusb-21\/wp-content\/uploads\/sites\/646\/2021\/10\/DSX_3416.png 533w\" sizes=\"(max-width: 300px) 100vw, 300px\" \/><\/div>\n\t\t<\/a>\n\t\t\t\t<div class=\"elementor-post__text\">\n\t\t\t\t<h3 class=\"elementor-post__title\">\n\t\t\t<a href=\"https:\/\/medieproduktion.lnu.se\/mediehusb-21\/debatt\/tva-timmar-utan-sociala-medier\/\" >\n\t\t\t\tTv\u00e5 timmar utan sociala medier\t\t\t<\/a>\n\t\t<\/h3>\n\t\t\t\t<div class=\"elementor-post__meta-data\">\n\t\t\t\t\t<span class=\"elementor-post-author\">\n\t\t\tViktor H\u00e4gglund\t\t<\/span>\n\t\t\t\t<span class=\"elementor-post-date\">\n\t\t\t15 oktober, 2021\t\t<\/span>\n\t\t\t\t<\/div>\n\t\t\t\t<div class=\"elementor-post__excerpt\">\n\t\t\t<p><a href=\"http:\/\/radixonline.se\/debatt\/tva-timmar-utan-sociala-medier\/\">N\u00e4r sociala medierna l\u00e5g nere fick vi ett smakprov p\u00e5 andra delar av v\u00e4rldens verklighet. <\/a><\/p>\n\t\t<\/div>\n\t\t\t\t<\/div>\n\t\t\t\t<\/article>\n\t\t\t\t<article class=\"elementor-post elementor-grid-item post-1598 post type-post status-publish format-standard has-post-thumbnail hentry category-debatt\" role=\"listitem\">\n\t\t\t\t<a class=\"elementor-post__thumbnail__link\" href=\"https:\/\/medieproduktion.lnu.se\/mediehusb-21\/debatt\/jag-vagrar-haka-pa-en-storig-internetrend\/\" tabindex=\"-1\" >\n\t\t\t<div class=\"elementor-post__thumbnail\"><img decoding=\"async\" width=\"300\" height=\"198\" src=\"https:\/\/medieproduktion.lnu.se\/mediehusb-21\/wp-content\/uploads\/sites\/646\/2021\/10\/bryggapixabay-300x198.jpg\" class=\"attachment-medium size-medium wp-image-1652\" alt=\"Sn\u00f6ig brygga med stege. Vattnet \u00e4r fryst till is och t\u00e4ckt med sn\u00f6.\" srcset=\"https:\/\/medieproduktion.lnu.se\/mediehusb-21\/wp-content\/uploads\/sites\/646\/2021\/10\/bryggapixabay-300x198.jpg 300w, https:\/\/medieproduktion.lnu.se\/mediehusb-21\/wp-content\/uploads\/sites\/646\/2021\/10\/bryggapixabay-768x507.jpg 768w, https:\/\/medieproduktion.lnu.se\/mediehusb-21\/wp-content\/uploads\/sites\/646\/2021\/10\/bryggapixabay.jpg 800w\" sizes=\"(max-width: 300px) 100vw, 300px\" \/><\/div>\n\t\t<\/a>\n\t\t\t\t<div class=\"elementor-post__text\">\n\t\t\t\t<h3 class=\"elementor-post__title\">\n\t\t\t<a href=\"https:\/\/medieproduktion.lnu.se\/mediehusb-21\/debatt\/jag-vagrar-haka-pa-en-storig-internetrend\/\" >\n\t\t\t\tJag v\u00e4grar haka p\u00e5 en st\u00f6rig internetrend\t\t\t<\/a>\n\t\t<\/h3>\n\t\t\t\t<div class=\"elementor-post__meta-data\">\n\t\t\t\t\t<span class=\"elementor-post-author\">\n\t\t\tLinnea S\u00f6derberg\t\t<\/span>\n\t\t\t\t<span class=\"elementor-post-date\">\n\t\t\t15 oktober, 2021\t\t<\/span>\n\t\t\t\t<\/div>\n\t\t\t\t<div class=\"elementor-post__excerpt\">\n\t\t\t<p>Om man v\u00e5gar s\u00e4ga att coronapandemin \u00e4r \u00f6ver g\u00f6r jag det, <a href= \"http:\/\/radixonline.se\/debatt\/jag-vagrar-haka-pa-en-storig-internetrend\/\">men med det \u00f6nskar jag ocks\u00e5 att vissa trender f\u00e5r f\u00f6lja med ner i graven.\u00a0<\/a><\/p>\n\t\t<\/div>\n\t\t\t\t<\/div>\n\t\t\t\t<\/article>\n\t\t\t\t<article class=\"elementor-post elementor-grid-item post-1394 post type-post status-publish format-standard has-post-thumbnail hentry category-debatt\" role=\"listitem\">\n\t\t\t\t<a class=\"elementor-post__thumbnail__link\" href=\"https:\/\/medieproduktion.lnu.se\/mediehusb-21\/debatt\/man-hur-ska-det-bli\/\" tabindex=\"-1\" >\n\t\t\t<div class=\"elementor-post__thumbnail\"><img loading=\"lazy\" decoding=\"async\" width=\"300\" height=\"261\" src=\"https:\/\/medieproduktion.lnu.se\/mediehusb-21\/wp-content\/uploads\/sites\/646\/2021\/10\/metoobild-300x261.jpg\" class=\"attachment-medium size-medium wp-image-1451\" alt=\"Demonstration f\u00f6r Metoo. Bilden visar en kvinna som h\u00e5ller upp ett plakat med texten &quot;Can you hear me now?&quot;.\" srcset=\"https:\/\/medieproduktion.lnu.se\/mediehusb-21\/wp-content\/uploads\/sites\/646\/2021\/10\/metoobild-300x261.jpg 300w, https:\/\/medieproduktion.lnu.se\/mediehusb-21\/wp-content\/uploads\/sites\/646\/2021\/10\/metoobild-768x668.jpg 768w, https:\/\/medieproduktion.lnu.se\/mediehusb-21\/wp-content\/uploads\/sites\/646\/2021\/10\/metoobild.jpg 800w\" sizes=\"(max-width: 300px) 100vw, 300px\" \/><\/div>\n\t\t<\/a>\n\t\t\t\t<div class=\"elementor-post__text\">\n\t\t\t\t<h3 class=\"elementor-post__title\">\n\t\t\t<a href=\"https:\/\/medieproduktion.lnu.se\/mediehusb-21\/debatt\/man-hur-ska-det-bli\/\" >\n\t\t\t\tM\u00e4n, hur ska det bli?\t\t\t<\/a>\n\t\t<\/h3>\n\t\t\t\t<div class=\"elementor-post__meta-data\">\n\t\t\t\t\t<span class=\"elementor-post-author\">\n\t\t\tEbba Persson\t\t<\/span>\n\t\t\t\t<span class=\"elementor-post-date\">\n\t\t\t15 oktober, 2021\t\t<\/span>\n\t\t\t\t<\/div>\n\t\t\t\t<div class=\"elementor-post__excerpt\">\n\t\t\t<p><a href=\"http:\/\/radixonline.se\/debatt\/man-hur-ska-det-bli\/ \">Vi ska aldrig tystas ner igen<\/a><\/p>\n\t\t<\/div>\n\t\t\t\t<\/div>\n\t\t\t\t<\/article>\n\t\t\t\t<article class=\"elementor-post elementor-grid-item post-1146 post type-post status-publish format-standard has-post-thumbnail hentry category-debatt category-lokalt\" role=\"listitem\">\n\t\t\t\t<a class=\"elementor-post__thumbnail__link\" href=\"https:\/\/medieproduktion.lnu.se\/mediehusb-21\/lokalt\/fyra-ar-med-metoo\/\" tabindex=\"-1\" >\n\t\t\t<div class=\"elementor-post__thumbnail\"><img loading=\"lazy\" decoding=\"async\" width=\"300\" height=\"191\" src=\"https:\/\/medieproduktion.lnu.se\/mediehusb-21\/wp-content\/uploads\/sites\/646\/2021\/10\/QueensofKalmar.Kalmarenergi-300x191.jpg\" class=\"attachment-medium size-medium wp-image-1198\" alt=\"Bild p\u00e5 Alexandra Durne och Julia Bj\u00f6rknert\" srcset=\"https:\/\/medieproduktion.lnu.se\/mediehusb-21\/wp-content\/uploads\/sites\/646\/2021\/10\/QueensofKalmar.Kalmarenergi-300x191.jpg 300w, https:\/\/medieproduktion.lnu.se\/mediehusb-21\/wp-content\/uploads\/sites\/646\/2021\/10\/QueensofKalmar.Kalmarenergi-768x490.jpg 768w, https:\/\/medieproduktion.lnu.se\/mediehusb-21\/wp-content\/uploads\/sites\/646\/2021\/10\/QueensofKalmar.Kalmarenergi.jpg 800w\" sizes=\"(max-width: 300px) 100vw, 300px\" \/><\/div>\n\t\t<\/a>\n\t\t\t\t<div class=\"elementor-post__text\">\n\t\t\t\t<h3 class=\"elementor-post__title\">\n\t\t\t<a href=\"https:\/\/medieproduktion.lnu.se\/mediehusb-21\/lokalt\/fyra-ar-med-metoo\/\" >\n\t\t\t\tFyra \u00e5r med Metoo\t\t\t<\/a>\n\t\t<\/h3>\n\t\t\t\t<div class=\"elementor-post__meta-data\">\n\t\t\t\t\t<span class=\"elementor-post-author\">\n\t\t\tJosephine Berg\t\t<\/span>\n\t\t\t\t<span class=\"elementor-post-date\">\n\t\t\t15 oktober, 2021\t\t<\/span>\n\t\t\t\t<\/div>\n\t\t\t\t<div class=\"elementor-post__excerpt\">\n\t\t\t<p><a href=\"http:\/\/radixonline.se\/lokalt\/fyra-ar-med-metoo\/\">Idag fyller Metoo-r\u00f6relsen fyra \u00e5r. I samma veva startade tv\u00e5 tjejer fr\u00e5n Kalmar organisationen Queens of Kalmar.<\/a><\/p>\n\t\t<\/div>\n\t\t\t\t<\/div>\n\t\t\t\t<\/article>\n\t\t\t\t<\/div>\n\t\t\n\t\t\t\t\t\t<\/div>\n\t\t\t\t<\/div>\n\t\t\t\t<div class=\"elementor-element elementor-element-fbaac27 elementor-widget-divider--view-line elementor-widget elementor-widget-divider\" data-id=\"fbaac27\" data-element_type=\"widget\" data-widget_type=\"divider.default\">\n\t\t\t\t<div class=\"elementor-widget-container\">\n\t\t\t\t\t\t\t<div class=\"elementor-divider\">\n\t\t\t<span class=\"elementor-divider-separator\">\n\t\t\t\t\t\t<\/span>\n\t\t<\/div>\n\t\t\t\t\t\t<\/div>\n\t\t\t\t<\/div>\n\t\t\t\t<div class=\"elementor-element elementor-element-48150db elementor-widget-divider--view-line elementor-widget elementor-widget-divider\" data-id=\"48150db\" data-element_type=\"widget\" data-widget_type=\"divider.default\">\n\t\t\t\t<div class=\"elementor-widget-container\">\n\t\t\t\t\t\t\t<div class=\"elementor-divider\">\n\t\t\t<span class=\"elementor-divider-separator\">\n\t\t\t\t\t\t<\/span>\n\t\t<\/div>\n\t\t\t\t\t\t<\/div>\n\t\t\t\t<\/div>\n\t\t\t\t<div class=\"elementor-element elementor-element-9a11f10 elementor-widget-divider--view-line elementor-widget elementor-widget-divider\" data-id=\"9a11f10\" data-element_type=\"widget\" data-widget_type=\"divider.default\">\n\t\t\t\t<div class=\"elementor-widget-container\">\n\t\t\t\t\t\t\t<div class=\"elementor-divider\">\n\t\t\t<span class=\"elementor-divider-separator\">\n\t\t\t\t\t\t<\/span>\n\t\t<\/div>\n\t\t\t\t\t\t<\/div>\n\t\t\t\t<\/div>\n\t\t\t\t<div class=\"elementor-element elementor-element-c31cb24 elementor-widget-divider--view-line elementor-widget elementor-widget-divider\" data-id=\"c31cb24\" data-element_type=\"widget\" data-widget_type=\"divider.default\">\n\t\t\t\t<div class=\"elementor-widget-container\">\n\t\t\t\t\t\t\t<div class=\"elementor-divider\">\n\t\t\t<span class=\"elementor-divider-separator\">\n\t\t\t\t\t\t<\/span>\n\t\t<\/div>\n\t\t\t\t\t\t<\/div>\n\t\t\t\t<\/div>\n\t\t\t\t<div class=\"elementor-element elementor-element-f2bc048 elementor-widget-divider--view-line elementor-widget elementor-widget-divider\" data-id=\"f2bc048\" data-element_type=\"widget\" data-widget_type=\"divider.default\">\n\t\t\t\t<div class=\"elementor-widget-container\">\n\t\t\t\t\t\t\t<div class=\"elementor-divider\">\n\t\t\t<span class=\"elementor-divider-separator\">\n\t\t\t\t\t\t<\/span>\n\t\t<\/div>\n\t\t\t\t\t\t<\/div>\n\t\t\t\t<\/div>\n\t\t\t\t<div class=\"elementor-element elementor-element-8994f87 elementor-widget-divider--view-line elementor-widget elementor-widget-divider\" data-id=\"8994f87\" data-element_type=\"widget\" data-widget_type=\"divider.default\">\n\t\t\t\t<div class=\"elementor-widget-container\">\n\t\t\t\t\t\t\t<div class=\"elementor-divider\">\n\t\t\t<span class=\"elementor-divider-separator\">\n\t\t\t\t\t\t<\/span>\n\t\t<\/div>\n\t\t\t\t\t\t<\/div>\n\t\t\t\t<\/div>\n\t\t\t\t<div class=\"elementor-element elementor-element-87a4aeb elementor-widget-divider--view-line elementor-widget elementor-widget-divider\" data-id=\"87a4aeb\" data-element_type=\"widget\" data-widget_type=\"divider.default\">\n\t\t\t\t<div class=\"elementor-widget-container\">\n\t\t\t\t\t\t\t<div class=\"elementor-divider\">\n\t\t\t<span class=\"elementor-divider-separator\">\n\t\t\t\t\t\t<\/span>\n\t\t<\/div>\n\t\t\t\t\t\t<\/div>\n\t\t\t\t<\/div>\n\t\t\t\t<div class=\"elementor-element elementor-element-abcdc1a elementor-widget-divider--view-line elementor-widget elementor-widget-divider\" data-id=\"abcdc1a\" data-element_type=\"widget\" data-widget_type=\"divider.default\">\n\t\t\t\t<div class=\"elementor-widget-container\">\n\t\t\t\t\t\t\t<div class=\"elementor-divider\">\n\t\t\t<span class=\"elementor-divider-separator\">\n\t\t\t\t\t\t<\/span>\n\t\t<\/div>\n\t\t\t\t\t\t<\/div>\n\t\t\t\t<\/div>\n\t\t\t\t<div class=\"elementor-element elementor-element-d9489b6 elementor-widget-divider--view-line elementor-widget elementor-widget-divider\" data-id=\"d9489b6\" data-element_type=\"widget\" data-widget_type=\"divider.default\">\n\t\t\t\t<div class=\"elementor-widget-container\">\n\t\t\t\t\t\t\t<div class=\"elementor-divider\">\n\t\t\t<span class=\"elementor-divider-separator\">\n\t\t\t\t\t\t<\/span>\n\t\t<\/div>\n\t\t\t\t\t\t<\/div>\n\t\t\t\t<\/div>\n\t\t\t\t<div class=\"elementor-element elementor-element-cb8fb3e elementor-widget-divider--view-line elementor-widget elementor-widget-divider\" data-id=\"cb8fb3e\" data-element_type=\"widget\" data-widget_type=\"divider.default\">\n\t\t\t\t<div class=\"elementor-widget-container\">\n\t\t\t\t\t\t\t<div class=\"elementor-divider\">\n\t\t\t<span class=\"elementor-divider-separator\">\n\t\t\t\t\t\t<\/span>\n\t\t<\/div>\n\t\t\t\t\t\t<\/div>\n\t\t\t\t<\/div>\n\t\t\t\t<div class=\"elementor-element elementor-element-9f2e0b8 elementor-widget-divider--view-line elementor-widget elementor-widget-divider\" data-id=\"9f2e0b8\" data-element_type=\"widget\" data-widget_type=\"divider.default\">\n\t\t\t\t<div class=\"elementor-widget-container\">\n\t\t\t\t\t\t\t<div class=\"elementor-divider\">\n\t\t\t<span class=\"elementor-divider-separator\">\n\t\t\t\t\t\t<\/span>\n\t\t<\/div>\n\t\t\t\t\t\t<\/div>\n\t\t\t\t<\/div>\n\t\t\t\t\t<\/div>\n\t\t<\/div>\n\t\t\t\t<div class=\"elementor-column elementor-col-50 elementor-inner-column elementor-element elementor-element-43eec4e\" data-id=\"43eec4e\" data-element_type=\"column\">\n\t\t\t<div class=\"elementor-widget-wrap elementor-element-populated\">\n\t\t\t\t\t\t<div class=\"elementor-element elementor-element-5f05b8d elementor-widget elementor-widget-template\" data-id=\"5f05b8d\" data-element_type=\"widget\" data-widget_type=\"template.default\">\n\t\t\t\t<div class=\"elementor-widget-container\">\n\t\t\t\t\t\t\t<div class=\"elementor-template\">\n\t\t\t\t\t<div data-elementor-type=\"page\" data-elementor-id=\"435\" class=\"elementor elementor-435\" data-elementor-post-type=\"elementor_library\">\n\t\t\t\t\t\t<section class=\"elementor-section elementor-top-section elementor-element elementor-element-d7068a4 elementor-section-boxed elementor-section-height-default elementor-section-height-default\" data-id=\"d7068a4\" data-element_type=\"section\">\n\t\t\t\t\t\t<div class=\"elementor-container elementor-column-gap-default\">\n\t\t\t\t\t<div class=\"elementor-column elementor-col-100 elementor-top-column elementor-element elementor-element-2370756\" data-id=\"2370756\" data-element_type=\"column\">\n\t\t\t<div class=\"elementor-widget-wrap elementor-element-populated\">\n\t\t\t\t\t\t<div class=\"elementor-element elementor-element-824c2e4 elementor-headline--style-highlight elementor-widget elementor-widget-animated-headline\" data-id=\"824c2e4\" data-element_type=\"widget\" data-settings=\"{&quot;marker&quot;:&quot;underline_zigzag&quot;,&quot;highlighted_text&quot;:&quot;SENASTE NYTT&quot;,&quot;headline_style&quot;:&quot;highlight&quot;,&quot;loop&quot;:&quot;yes&quot;,&quot;highlight_animation_duration&quot;:1200,&quot;highlight_iteration_delay&quot;:8000}\" data-widget_type=\"animated-headline.default\">\n\t\t\t\t<div class=\"elementor-widget-container\">\n\t\t\t\t\t\t\t<h3 class=\"elementor-headline\">\n\t\t\t\t<span class=\"elementor-headline-dynamic-wrapper elementor-headline-text-wrapper\">\n\t\t\t\t\t<span class=\"elementor-headline-dynamic-text elementor-headline-text-active\">SENASTE NYTT<\/span>\n\t\t\t\t<\/span>\n\t\t\t\t<\/h3>\n\t\t\t\t\t\t<\/div>\n\t\t\t\t<\/div>\n\t\t\t\t<div class=\"elementor-element elementor-element-223c041 elementor-grid-1 elementor-posts--thumbnail-none elementor-grid-tablet-2 elementor-grid-mobile-1 elementor-widget elementor-widget-posts\" data-id=\"223c041\" data-element_type=\"widget\" data-settings=\"{&quot;classic_columns&quot;:&quot;1&quot;,&quot;classic_row_gap&quot;:{&quot;unit&quot;:&quot;px&quot;,&quot;size&quot;:18,&quot;sizes&quot;:[]},&quot;classic_columns_tablet&quot;:&quot;2&quot;,&quot;classic_columns_mobile&quot;:&quot;1&quot;,&quot;classic_row_gap_tablet&quot;:{&quot;unit&quot;:&quot;px&quot;,&quot;size&quot;:&quot;&quot;,&quot;sizes&quot;:[]},&quot;classic_row_gap_mobile&quot;:{&quot;unit&quot;:&quot;px&quot;,&quot;size&quot;:&quot;&quot;,&quot;sizes&quot;:[]}}\" data-widget_type=\"posts.classic\">\n\t\t\t\t<div class=\"elementor-widget-container\">\n\t\t\t\t\t\t\t<div class=\"elementor-posts-container elementor-posts elementor-posts--skin-classic elementor-grid\" role=\"list\">\n\t\t\t\t<article class=\"elementor-post elementor-grid-item post-3086 post type-post status-publish format-standard has-post-thumbnail hentry category-lokalt category-sport\" role=\"listitem\">\n\t\t\t\t<div class=\"elementor-post__text\">\n\t\t\t\t<h3 class=\"elementor-post__title\">\n\t\t\t<a href=\"https:\/\/medieproduktion.lnu.se\/mediehusb-21\/lokalt\/kalmarsund-fc-segrare-i-smalandsderbyt\/\" >\n\t\t\t\tKalmarsund FC segrare i Sm\u00e5landsderbyt\t\t\t<\/a>\n\t\t<\/h3>\n\t\t\t\t<div class=\"elementor-post__meta-data\">\n\t\t\t\t\t<span class=\"elementor-post-author\">\n\t\t\tArta Tahiri\t\t<\/span>\n\t\t\t\t<span class=\"elementor-post-date\">\n\t\t\t18 november, 2021\t\t<\/span>\n\t\t\t\t<\/div>\n\t\t\t\t<\/div>\n\t\t\t\t<\/article>\n\t\t\t\t<article class=\"elementor-post elementor-grid-item post-1912 post type-post status-publish format-standard has-post-thumbnail hentry category-lokalt category-nyheter\" role=\"listitem\">\n\t\t\t\t<div class=\"elementor-post__text\">\n\t\t\t\t<h3 class=\"elementor-post__title\">\n\t\t\t<a href=\"https:\/\/medieproduktion.lnu.se\/mediehusb-21\/nyheter\/krog-och-nattklubbslivet-ar-i-full-rullning\/\" >\n\t\t\t\tKrog och nattklubbslivet \u00e4r i full rullning\t\t\t<\/a>\n\t\t<\/h3>\n\t\t\t\t<div class=\"elementor-post__meta-data\">\n\t\t\t\t\t<span class=\"elementor-post-author\">\n\t\t\tArta Tahiri\t\t<\/span>\n\t\t\t\t<span class=\"elementor-post-date\">\n\t\t\t18 november, 2021\t\t<\/span>\n\t\t\t\t<\/div>\n\t\t\t\t<\/div>\n\t\t\t\t<\/article>\n\t\t\t\t<article class=\"elementor-post elementor-grid-item post-1621 post type-post status-publish format-standard has-post-thumbnail hentry category-kultur category-lokalt category-vetenskap\" role=\"listitem\">\n\t\t\t\t<div class=\"elementor-post__text\">\n\t\t\t\t<h3 class=\"elementor-post__title\">\n\t\t\t<a href=\"https:\/\/medieproduktion.lnu.se\/mediehusb-21\/vetenskap\/teknik-vacker-nytt-liv-i-vraket-fran-1700-talet\/\" >\n\t\t\t\tTeknik v\u00e4cker nytt liv i vraket fr\u00e5n 1700-talet\t\t\t<\/a>\n\t\t<\/h3>\n\t\t\t\t<div class=\"elementor-post__meta-data\">\n\t\t\t\t\t<span class=\"elementor-post-author\">\n\t\t\tAlice Andreasson\t\t<\/span>\n\t\t\t\t<span class=\"elementor-post-date\">\n\t\t\t22 oktober, 2021\t\t<\/span>\n\t\t\t\t<\/div>\n\t\t\t\t<\/div>\n\t\t\t\t<\/article>\n\t\t\t\t<article class=\"elementor-post elementor-grid-item post-2901 post type-post status-publish format-standard has-post-thumbnail hentry category-lokalt\" role=\"listitem\">\n\t\t\t\t<div class=\"elementor-post__text\">\n\t\t\t\t<h3 class=\"elementor-post__title\">\n\t\t\t<a href=\"https:\/\/medieproduktion.lnu.se\/mediehusb-21\/lokalt\/angelica-milsen-blommor-visar-att-vackra-ting-inte-varar-for-evigt-men-kan-anda-blomma-igen\/\" >\n\t\t\t\tAngelica Mils\u00e9n: \u201cBlommor visar att vackra ting inte varar f\u00f6r evigt men kan \u00e4nd\u00e5 blomma igen\u201d\t\t\t<\/a>\n\t\t<\/h3>\n\t\t\t\t<div class=\"elementor-post__meta-data\">\n\t\t\t\t\t<span class=\"elementor-post-author\">\n\t\t\tEbba Persson\t\t<\/span>\n\t\t\t\t<span class=\"elementor-post-date\">\n\t\t\t21 oktober, 2021\t\t<\/span>\n\t\t\t\t<\/div>\n\t\t\t\t<\/div>\n\t\t\t\t<\/article>\n\t\t\t\t<article class=\"elementor-post elementor-grid-item post-2754 post type-post status-publish format-standard has-post-thumbnail hentry category-lokalt\" role=\"listitem\">\n\t\t\t\t<div class=\"elementor-post__text\">\n\t\t\t\t<h3 class=\"elementor-post__title\">\n\t\t\t<a href=\"https:\/\/medieproduktion.lnu.se\/mediehusb-21\/lokalt\/nytt-och-gammalt-mots-i-kalmar-domkyrka\/\" >\n\t\t\t\tNytt och gammalt m\u00f6ts i Kalmar domkyrka\t\t\t<\/a>\n\t\t<\/h3>\n\t\t\t\t<div class=\"elementor-post__meta-data\">\n\t\t\t\t\t<span class=\"elementor-post-author\">\n\t\t\tViktor H\u00e4gglund\t\t<\/span>\n\t\t\t\t<span class=\"elementor-post-date\">\n\t\t\t20 oktober, 2021\t\t<\/span>\n\t\t\t\t<\/div>\n\t\t\t\t<\/div>\n\t\t\t\t<\/article>\n\t\t\t\t<\/div>\n\t\t\n\t\t\t\t\t\t<\/div>\n\t\t\t\t<\/div>\n\t\t\t\t\t<\/div>\n\t\t<\/div>\n\t\t\t\t\t<\/div>\n\t\t<\/section>\n\t\t\t\t<\/div>\n\t\t\t\t<\/div>\n\t\t\t\t\t\t<\/div>\n\t\t\t\t<\/div>\n\t\t\t\t\t<\/div>\n\t\t<\/div>\n\t\t\t\t\t<\/div>\n\t\t<\/section>\n\t\t\t\t\t<\/div>\n\t\t<\/div>\n\t\t\t\t\t<\/div>\n\t\t<\/section>\n\t\t\t\t<\/div>\n\t\t","protected":false},"excerpt":{"rendered":"","protected":false},"author":473,"featured_media":0,"parent":0,"menu_order":0,"comment_status":"closed","ping_status":"closed","template":"","meta":{"footnotes":""},"class_list":["post-277","page","type-page","status-publish","hentry"],"_links":{"self":[{"href":"https:\/\/medieproduktion.lnu.se\/mediehusb-21\/wp-json\/wp\/v2\/pages\/277","targetHints":{"allow":["GET"]}}],"collection":[{"href":"https:\/\/medieproduktion.lnu.se\/mediehusb-21\/wp-json\/wp\/v2\/pages"}],"about":[{"href":"https:\/\/medieproduktion.lnu.se\/mediehusb-21\/wp-json\/wp\/v2\/types\/page"}],"author":[{"embeddable":true,"href":"https:\/\/medieproduktion.lnu.se\/mediehusb-21\/wp-json\/wp\/v2\/users\/473"}],"replies":[{"embeddable":true,"href":"https:\/\/medieproduktion.lnu.se\/mediehusb-21\/wp-json\/wp\/v2\/comments?post=277"}],"version-history":[{"count":26,"href":"https:\/\/medieproduktion.lnu.se\/mediehusb-21\/wp-json\/wp\/v2\/pages\/277\/revisions"}],"predecessor-version":[{"id":1547,"href":"https:\/\/medieproduktion.lnu.se\/mediehusb-21\/wp-json\/wp\/v2\/pages\/277\/revisions\/1547"}],"wp:attachment":[{"href":"https:\/\/medieproduktion.lnu.se\/mediehusb-21\/wp-json\/wp\/v2\/media?parent=277"}],"curies":[{"name":"wp","href":"https:\/\/api.w.org\/{rel}","templated":true}]}}