{"id":693,"date":"2021-02-15T08:46:37","date_gmt":"2021-02-15T07:46:37","guid":{"rendered":"http:\/\/medieproduktion.lnu.se\/masten\/?page_id=693"},"modified":"2021-02-19T11:42:23","modified_gmt":"2021-02-19T10:42:23","slug":"masten-moter","status":"publish","type":"page","link":"https:\/\/medieproduktion.lnu.se\/masten\/masten-moter\/","title":{"rendered":"Masten m\u00f6ter"},"content":{"rendered":"\t\t<div data-elementor-type=\"wp-post\" data-elementor-id=\"693\" class=\"elementor elementor-693 elementor-bc-flex-widget\" data-elementor-post-type=\"page\">\n\t\t\t\t\t\t<section class=\"elementor-section elementor-top-section elementor-element elementor-element-526e7b6 elementor-section-boxed elementor-section-height-default elementor-section-height-default\" data-id=\"526e7b6\" data-element_type=\"section\">\n\t\t\t\t\t\t<div class=\"elementor-container elementor-column-gap-default\">\n\t\t\t\t\t<div class=\"elementor-column elementor-col-100 elementor-top-column elementor-element elementor-element-598116a\" data-id=\"598116a\" data-element_type=\"column\">\n\t\t\t<div class=\"elementor-widget-wrap elementor-element-populated\">\n\t\t\t\t\t\t<div class=\"elementor-element elementor-element-490b688 elementor-widget elementor-widget-heading\" data-id=\"490b688\" data-element_type=\"widget\" data-widget_type=\"heading.default\">\n\t\t\t\t<div class=\"elementor-widget-container\">\n\t\t\t\t\t<h1 class=\"elementor-heading-title elementor-size-default\">Masten m\u00f6ter<\/h1>\t\t\t\t<\/div>\n\t\t\t\t<\/div>\n\t\t\t\t\t<\/div>\n\t\t<\/div>\n\t\t\t\t\t<\/div>\n\t\t<\/section>\n\t\t\t\t<section class=\"elementor-section elementor-top-section elementor-element elementor-element-08a0c1f elementor-section-boxed elementor-section-height-default elementor-section-height-default\" data-id=\"08a0c1f\" data-element_type=\"section\">\n\t\t\t\t\t\t<div class=\"elementor-container elementor-column-gap-default\">\n\t\t\t\t\t<div class=\"elementor-column elementor-col-100 elementor-top-column elementor-element elementor-element-5be36fd\" data-id=\"5be36fd\" data-element_type=\"column\">\n\t\t\t<div class=\"elementor-widget-wrap elementor-element-populated\">\n\t\t\t\t\t\t<div class=\"elementor-element elementor-element-ef51a97 elementor-grid-1 elementor-grid-tablet-2 elementor-grid-mobile-1 elementor-posts--thumbnail-top elementor-posts--show-avatar elementor-card-shadow-yes elementor-posts__hover-gradient elementor-widget elementor-widget-posts\" data-id=\"ef51a97\" data-element_type=\"widget\" data-settings=\"{&quot;cards_columns&quot;:&quot;1&quot;,&quot;cards_columns_tablet&quot;:&quot;2&quot;,&quot;cards_columns_mobile&quot;:&quot;1&quot;,&quot;cards_row_gap&quot;:{&quot;unit&quot;:&quot;px&quot;,&quot;size&quot;:35,&quot;sizes&quot;:[]},&quot;cards_row_gap_tablet&quot;:{&quot;unit&quot;:&quot;px&quot;,&quot;size&quot;:&quot;&quot;,&quot;sizes&quot;:[]},&quot;cards_row_gap_mobile&quot;:{&quot;unit&quot;:&quot;px&quot;,&quot;size&quot;:&quot;&quot;,&quot;sizes&quot;:[]}}\" data-widget_type=\"posts.cards\">\n\t\t\t\t<div class=\"elementor-widget-container\">\n\t\t\t\t\t\t\t<div class=\"elementor-posts-container elementor-posts elementor-posts--skin-cards elementor-grid\" role=\"list\">\n\t\t\t\t<article class=\"elementor-post elementor-grid-item post-908 post type-post status-publish format-standard has-post-thumbnail hentry category-personportratt\" role=\"listitem\">\n\t\t\t<div class=\"elementor-post__card\">\n\t\t\t\t<a class=\"elementor-post__thumbnail__link\" href=\"https:\/\/medieproduktion.lnu.se\/masten\/personportratt\/en-sjalvlard-sommerska-i-1500-tals-anda\/\" tabindex=\"-1\" ><div class=\"elementor-post__thumbnail\"><img fetchpriority=\"high\" decoding=\"async\" width=\"300\" height=\"225\" src=\"https:\/\/medieproduktion.lnu.se\/masten\/wp-content\/uploads\/sites\/465\/2021\/02\/karin-portratt-300x225.jpeg\" class=\"attachment-medium size-medium wp-image-911\" alt=\"Kostym\u00f6ren Karin Mellbo sitter p\u00e5 sitt skrivbord v\u00e4nd mot kameran. I bakgrunden kan vi se kl\u00e4dh\u00e4ngare med kl\u00e4der.\" srcset=\"https:\/\/medieproduktion.lnu.se\/masten\/wp-content\/uploads\/sites\/465\/2021\/02\/karin-portratt-300x225.jpeg 300w, https:\/\/medieproduktion.lnu.se\/masten\/wp-content\/uploads\/sites\/465\/2021\/02\/karin-portratt-768x576.jpeg 768w, https:\/\/medieproduktion.lnu.se\/masten\/wp-content\/uploads\/sites\/465\/2021\/02\/karin-portratt-1024x768.jpeg 1024w, https:\/\/medieproduktion.lnu.se\/masten\/wp-content\/uploads\/sites\/465\/2021\/02\/karin-portratt.jpeg 1106w\" sizes=\"(max-width: 300px) 100vw, 300px\" \/><\/div><\/a>\n\t\t\t\t<div class=\"elementor-post__badge\">Personportr\u00e4tt<\/div>\n\t\t\t\t<div class=\"elementor-post__avatar\">\n\t\t\t<img alt='Ida Bongs Olsson' src='https:\/\/medieproduktion.lnu.se\/masten\/wp-content\/uploads\/sites\/465\/2021\/02\/NYida_masten-1-128x128.jpg' srcset='https:\/\/medieproduktion.lnu.se\/masten\/wp-content\/uploads\/sites\/465\/2021\/02\/NYida_masten-1-256x256.jpg 2x' class='avatar avatar-128 photo' height='128' width='128' \/>\t\t<\/div>\n\t\t\t\t<div class=\"elementor-post__text\">\n\t\t\t\t<h3 class=\"elementor-post__title\">\n\t\t\t<a href=\"https:\/\/medieproduktion.lnu.se\/masten\/personportratt\/en-sjalvlard-sommerska-i-1500-tals-anda\/\" >\n\t\t\t\tEn sj\u00e4lvl\u00e4rd s\u00f6mmerska i 1500-tals anda\t\t\t<\/a>\n\t\t<\/h3>\n\t\t\t\t<div class=\"elementor-post__excerpt\">\n\t\t\t<p><a href=\"http:\/\/medieproduktion.lnu.se\/masten\/?p=908&amp;preview=true\"> Karin Mellbo arbetar som kostymansvarig p\u00e5 Kalmar Slott och \u00e4r den som skapar b\u00e5de personalens kl\u00e4der och kl\u00e4der som anv\u00e4nds f\u00f6r utst\u00e4llningar. Att skapa sj\u00e4lv har alltid varit en sj\u00e4lvklarhet och att sy har hon l\u00e4rt sig helt sj\u00e4lv. <\/a><\/p>\n\t\t<\/div>\n\t\t\t\t<\/div>\n\t\t\t\t<div class=\"elementor-post__meta-data\">\n\t\t\t\t\t<span class=\"elementor-post-author\">\n\t\t\tIda Bongs Olsson\t\t<\/span>\n\t\t\t\t<span class=\"elementor-post-date\">\n\t\t\t2021-02-17\t\t<\/span>\n\t\t\t\t<\/div>\n\t\t\t\t\t<\/div>\n\t\t<\/article>\n\t\t\t\t<\/div>\n\t\t\n\t\t\t\t\t\t<\/div>\n\t\t\t\t<\/div>\n\t\t\t\t\t<\/div>\n\t\t<\/div>\n\t\t\t\t\t<\/div>\n\t\t<\/section>\n\t\t\t\t<section class=\"elementor-section elementor-top-section elementor-element elementor-element-410cdd0 elementor-section-boxed elementor-section-height-default elementor-section-height-default\" data-id=\"410cdd0\" data-element_type=\"section\">\n\t\t\t\t\t\t<div class=\"elementor-container elementor-column-gap-default\">\n\t\t\t\t\t<div class=\"elementor-column elementor-col-100 elementor-top-column elementor-element elementor-element-e03b838\" data-id=\"e03b838\" data-element_type=\"column\">\n\t\t\t<div class=\"elementor-widget-wrap elementor-element-populated\">\n\t\t\t\t\t\t<div class=\"elementor-element elementor-element-e987349 elementor-grid-2 elementor-grid-tablet-2 elementor-grid-mobile-1 elementor-posts--thumbnail-top elementor-posts--show-avatar elementor-card-shadow-yes elementor-posts__hover-gradient elementor-widget elementor-widget-posts\" data-id=\"e987349\" data-element_type=\"widget\" data-settings=\"{&quot;cards_columns&quot;:&quot;2&quot;,&quot;cards_columns_tablet&quot;:&quot;2&quot;,&quot;cards_columns_mobile&quot;:&quot;1&quot;,&quot;cards_row_gap&quot;:{&quot;unit&quot;:&quot;px&quot;,&quot;size&quot;:35,&quot;sizes&quot;:[]},&quot;cards_row_gap_tablet&quot;:{&quot;unit&quot;:&quot;px&quot;,&quot;size&quot;:&quot;&quot;,&quot;sizes&quot;:[]},&quot;cards_row_gap_mobile&quot;:{&quot;unit&quot;:&quot;px&quot;,&quot;size&quot;:&quot;&quot;,&quot;sizes&quot;:[]}}\" data-widget_type=\"posts.cards\">\n\t\t\t\t<div class=\"elementor-widget-container\">\n\t\t\t\t\t\t\t<div class=\"elementor-posts-container elementor-posts elementor-posts--skin-cards elementor-grid\" role=\"list\">\n\t\t\t\t<article class=\"elementor-post elementor-grid-item post-952 post type-post status-publish format-standard has-post-thumbnail hentry category-personportratt\" role=\"listitem\">\n\t\t\t<div class=\"elementor-post__card\">\n\t\t\t\t<a class=\"elementor-post__thumbnail__link\" href=\"https:\/\/medieproduktion.lnu.se\/masten\/personportratt\/hon-tar-hand-om-vara-aldre-genom-pandemin\/\" tabindex=\"-1\" ><div class=\"elementor-post__thumbnail\"><img decoding=\"async\" width=\"300\" height=\"225\" src=\"https:\/\/medieproduktion.lnu.se\/masten\/wp-content\/uploads\/sites\/465\/2021\/02\/20210217_101035-300x225.jpg\" class=\"attachment-medium size-medium wp-image-958\" alt=\"Liselotte Cederl\u00f6f n\u00e4rbild\" srcset=\"https:\/\/medieproduktion.lnu.se\/masten\/wp-content\/uploads\/sites\/465\/2021\/02\/20210217_101035-300x225.jpg 300w, https:\/\/medieproduktion.lnu.se\/masten\/wp-content\/uploads\/sites\/465\/2021\/02\/20210217_101035-768x576.jpg 768w, https:\/\/medieproduktion.lnu.se\/masten\/wp-content\/uploads\/sites\/465\/2021\/02\/20210217_101035-1024x768.jpg 1024w, https:\/\/medieproduktion.lnu.se\/masten\/wp-content\/uploads\/sites\/465\/2021\/02\/20210217_101035.jpg 1366w\" sizes=\"(max-width: 300px) 100vw, 300px\" \/><\/div><\/a>\n\t\t\t\t<div class=\"elementor-post__badge\">Personportr\u00e4tt<\/div>\n\t\t\t\t<div class=\"elementor-post__avatar\">\n\t\t\t<img alt='Adam Wigren' src='https:\/\/medieproduktion.lnu.se\/masten\/wp-content\/uploads\/sites\/465\/2021\/02\/NYadam_masten-e1613729518831-128x128.jpg' srcset='https:\/\/medieproduktion.lnu.se\/masten\/wp-content\/uploads\/sites\/465\/2021\/02\/NYadam_masten-e1613729518831-256x256.jpg 2x' class='avatar avatar-128 photo' height='128' width='128' \/>\t\t<\/div>\n\t\t\t\t<div class=\"elementor-post__text\">\n\t\t\t\t<h3 class=\"elementor-post__title\">\n\t\t\t<a href=\"https:\/\/medieproduktion.lnu.se\/masten\/personportratt\/hon-tar-hand-om-vara-aldre-genom-pandemin\/\" >\n\t\t\t\tHon tar hand om v\u00e5ra \u00e4ldre genom pandemin\t\t\t<\/a>\n\t\t<\/h3>\n\t\t\t\t<div class=\"elementor-post__excerpt\">\n\t\t\t<p><a href=\"http:\/\/medieproduktion.lnu.se\/masten\/personportratt\/hon-tar-hand-om-\u2026e-genom-pandemin\/\">Liselotte Cederl\u00f6f \u00e4r en av m\u00e5nga som jobbat i hemtj\u00e4nsten under pandemin. <\/a><\/p>\n\t\t<\/div>\n\t\t\t\t<\/div>\n\t\t\t\t<div class=\"elementor-post__meta-data\">\n\t\t\t\t\t<span class=\"elementor-post-author\">\n\t\t\tAdam Wigren\t\t<\/span>\n\t\t\t\t<span class=\"elementor-post-date\">\n\t\t\t2021-02-17\t\t<\/span>\n\t\t\t\t<\/div>\n\t\t\t\t\t<\/div>\n\t\t<\/article>\n\t\t\t\t<article class=\"elementor-post elementor-grid-item post-931 post type-post status-publish format-standard has-post-thumbnail hentry category-personportratt\" role=\"listitem\">\n\t\t\t<div class=\"elementor-post__card\">\n\t\t\t\t<a class=\"elementor-post__thumbnail__link\" href=\"https:\/\/medieproduktion.lnu.se\/masten\/personportratt\/fran-vast-till-ost-med-livet-i-behall\/\" tabindex=\"-1\" ><div class=\"elementor-post__thumbnail\"><img decoding=\"async\" width=\"300\" height=\"225\" src=\"https:\/\/medieproduktion.lnu.se\/masten\/wp-content\/uploads\/sites\/465\/2021\/02\/Philip_soffa-1-300x225.jpg\" class=\"attachment-medium size-medium wp-image-938\" alt=\"Philip Carlsson sitter i sin soffa och ler. I bakgrunden syns en kanin.\" srcset=\"https:\/\/medieproduktion.lnu.se\/masten\/wp-content\/uploads\/sites\/465\/2021\/02\/Philip_soffa-1-300x225.jpg 300w, https:\/\/medieproduktion.lnu.se\/masten\/wp-content\/uploads\/sites\/465\/2021\/02\/Philip_soffa-1-768x576.jpg 768w, https:\/\/medieproduktion.lnu.se\/masten\/wp-content\/uploads\/sites\/465\/2021\/02\/Philip_soffa-1.jpg 800w\" sizes=\"(max-width: 300px) 100vw, 300px\" \/><\/div><\/a>\n\t\t\t\t<div class=\"elementor-post__badge\">Personportr\u00e4tt<\/div>\n\t\t\t\t<div class=\"elementor-post__avatar\">\n\t\t\t<img alt='Simon Karlsson' src='https:\/\/medieproduktion.lnu.se\/masten\/wp-content\/uploads\/sites\/465\/2021\/02\/NYsimon_masten-128x128.jpg' srcset='https:\/\/medieproduktion.lnu.se\/masten\/wp-content\/uploads\/sites\/465\/2021\/02\/NYsimon_masten-256x256.jpg 2x' class='avatar avatar-128 photo' height='128' width='128' \/>\t\t<\/div>\n\t\t\t\t<div class=\"elementor-post__text\">\n\t\t\t\t<h3 class=\"elementor-post__title\">\n\t\t\t<a href=\"https:\/\/medieproduktion.lnu.se\/masten\/personportratt\/fran-vast-till-ost-med-livet-i-behall\/\" >\n\t\t\t\tFr\u00e5n kust till kust med livet i beh\u00e5ll\t\t\t<\/a>\n\t\t<\/h3>\n\t\t\t\t<div class=\"elementor-post__excerpt\">\n\t\t\t<p><a href=\"http:\/\/medieproduktion.lnu.se\/masten\/personportratt\/fran-vast-till-ost-med-livet-i-behall\/\"> Philip Carlsson, 21, levde med \u00e5ngest i flera \u00e5r. Nu har han funnit ro i Kalmar. <\/a><\/p>\n\t\t<\/div>\n\t\t\t\t<\/div>\n\t\t\t\t<div class=\"elementor-post__meta-data\">\n\t\t\t\t\t<span class=\"elementor-post-author\">\n\t\t\tSimon Karlsson\t\t<\/span>\n\t\t\t\t<span class=\"elementor-post-date\">\n\t\t\t2021-02-17\t\t<\/span>\n\t\t\t\t<\/div>\n\t\t\t\t\t<\/div>\n\t\t<\/article>\n\t\t\t\t<article class=\"elementor-post elementor-grid-item post-777 post type-post status-publish format-standard has-post-thumbnail hentry category-personportratt\" role=\"listitem\">\n\t\t\t<div class=\"elementor-post__card\">\n\t\t\t\t<a class=\"elementor-post__thumbnail__link\" href=\"https:\/\/medieproduktion.lnu.se\/masten\/personportratt\/han-allmanbildar-kalmarbor-om-stadens-historia\/\" tabindex=\"-1\" ><div class=\"elementor-post__thumbnail\"><img loading=\"lazy\" decoding=\"async\" width=\"300\" height=\"200\" src=\"https:\/\/medieproduktion.lnu.se\/masten\/wp-content\/uploads\/sites\/465\/2021\/02\/moritzpuff-300x200.jpg\" class=\"attachment-medium size-medium wp-image-779\" alt=\"En bild p\u00e5 Moritz Fingerhut framf\u00f6r en rad tr\u00e4byggnader.\" srcset=\"https:\/\/medieproduktion.lnu.se\/masten\/wp-content\/uploads\/sites\/465\/2021\/02\/moritzpuff-300x200.jpg 300w, https:\/\/medieproduktion.lnu.se\/masten\/wp-content\/uploads\/sites\/465\/2021\/02\/moritzpuff-768x512.jpg 768w, https:\/\/medieproduktion.lnu.se\/masten\/wp-content\/uploads\/sites\/465\/2021\/02\/moritzpuff-1024x683.jpg 1024w, https:\/\/medieproduktion.lnu.se\/masten\/wp-content\/uploads\/sites\/465\/2021\/02\/moritzpuff.jpg 1244w\" sizes=\"(max-width: 300px) 100vw, 300px\" \/><\/div><\/a>\n\t\t\t\t<div class=\"elementor-post__badge\">Personportr\u00e4tt<\/div>\n\t\t\t\t<div class=\"elementor-post__avatar\">\n\t\t\t<img alt='Josefin Khoshaba' src='https:\/\/medieproduktion.lnu.se\/masten\/wp-content\/uploads\/sites\/465\/2021\/02\/NYjosie_masten-128x128.jpg' srcset='https:\/\/medieproduktion.lnu.se\/masten\/wp-content\/uploads\/sites\/465\/2021\/02\/NYjosie_masten-256x256.jpg 2x' class='avatar avatar-128 photo' height='128' width='128' \/>\t\t<\/div>\n\t\t\t\t<div class=\"elementor-post__text\">\n\t\t\t\t<h3 class=\"elementor-post__title\">\n\t\t\t<a href=\"https:\/\/medieproduktion.lnu.se\/masten\/personportratt\/han-allmanbildar-kalmarbor-om-stadens-historia\/\" >\n\t\t\t\tHan allm\u00e4nbildar kalmarbor om stadens historia\t\t\t<\/a>\n\t\t<\/h3>\n\t\t\t\t<div class=\"elementor-post__excerpt\">\n\t\t\t<p><a href=\"http:\/\/medieproduktion.lnu.se\/masten\/personportratt\/han-allmanbildar-kalmarbor-om-stadens-historia\/\">Den 74-\u00e5rige pension\u00e4ren och kalmarbon Moritz Fingerhut har gjort det till en daglig rutin att publicera inl\u00e4gg om Kalmars byggnaders historia. <\/a><\/p>\n\t\t<\/div>\n\t\t\t\t<\/div>\n\t\t\t\t<div class=\"elementor-post__meta-data\">\n\t\t\t\t\t<span class=\"elementor-post-author\">\n\t\t\tJosefin Khoshaba\t\t<\/span>\n\t\t\t\t<span class=\"elementor-post-date\">\n\t\t\t2021-02-16\t\t<\/span>\n\t\t\t\t<\/div>\n\t\t\t\t\t<\/div>\n\t\t<\/article>\n\t\t\t\t<article class=\"elementor-post elementor-grid-item post-705 post type-post status-publish format-standard has-post-thumbnail hentry category-personportratt\" role=\"listitem\">\n\t\t\t<div class=\"elementor-post__card\">\n\t\t\t\t<a class=\"elementor-post__thumbnail__link\" href=\"https:\/\/medieproduktion.lnu.se\/masten\/personportratt\/yogan-blev-raddningen-fran-atstorningens-grepp\/\" tabindex=\"-1\" ><div class=\"elementor-post__thumbnail\"><img loading=\"lazy\" decoding=\"async\" width=\"300\" height=\"175\" src=\"https:\/\/medieproduktion.lnu.se\/masten\/wp-content\/uploads\/sites\/465\/2021\/02\/lindayoga-300x175.png\" class=\"attachment-medium size-medium wp-image-710\" alt=\"Linda yogar\" srcset=\"https:\/\/medieproduktion.lnu.se\/masten\/wp-content\/uploads\/sites\/465\/2021\/02\/lindayoga-300x175.png 300w, https:\/\/medieproduktion.lnu.se\/masten\/wp-content\/uploads\/sites\/465\/2021\/02\/lindayoga.png 750w\" sizes=\"(max-width: 300px) 100vw, 300px\" \/><\/div><\/a>\n\t\t\t\t<div class=\"elementor-post__badge\">Personportr\u00e4tt<\/div>\n\t\t\t\t<div class=\"elementor-post__avatar\">\n\t\t\t<img alt='Evelina Englund' src='https:\/\/medieproduktion.lnu.se\/masten\/wp-content\/uploads\/sites\/465\/2021\/02\/NYevelina_masten-128x128.jpg' srcset='https:\/\/medieproduktion.lnu.se\/masten\/wp-content\/uploads\/sites\/465\/2021\/02\/NYevelina_masten-256x256.jpg 2x' class='avatar avatar-128 photo' height='128' width='128' \/>\t\t<\/div>\n\t\t\t\t<div class=\"elementor-post__text\">\n\t\t\t\t<h3 class=\"elementor-post__title\">\n\t\t\t<a href=\"https:\/\/medieproduktion.lnu.se\/masten\/personportratt\/yogan-blev-raddningen-fran-atstorningens-grepp\/\" >\n\t\t\t\tYogan blev r\u00e4ddningen fr\u00e5n \u00e4tst\u00f6rningens grepp\t\t\t<\/a>\n\t\t<\/h3>\n\t\t\t\t<div class=\"elementor-post__excerpt\">\n\t\t\t<p><a href=\"http:\/\/medieproduktion.lnu.se\/masten\/personportratt\/yogan-blev-raddningen-fran-atstorningens-grepp\/\">22-\u00e5riga Linda Persson insjuknade i anorexi n\u00e4r hon var 13 \u00e5r gammal. V\u00e4gen tillbaka var tuff, men tack vare yogan kan hon idag titulera sig frisk. <\/a><\/p>\n\t\t<\/div>\n\t\t\t\t<\/div>\n\t\t\t\t<div class=\"elementor-post__meta-data\">\n\t\t\t\t\t<span class=\"elementor-post-author\">\n\t\t\tEvelina Englund\t\t<\/span>\n\t\t\t\t<span class=\"elementor-post-date\">\n\t\t\t2021-02-15\t\t<\/span>\n\t\t\t\t<\/div>\n\t\t\t\t\t<\/div>\n\t\t<\/article>\n\t\t\t\t<\/div>\n\t\t\n\t\t\t\t\t\t<\/div>\n\t\t\t\t<\/div>\n\t\t\t\t\t<\/div>\n\t\t<\/div>\n\t\t\t\t\t<\/div>\n\t\t<\/section>\n\t\t\t\t<\/div>\n\t\t","protected":false},"excerpt":{"rendered":"<p>Masten m\u00f6ter<\/p>\n","protected":false},"author":410,"featured_media":0,"parent":0,"menu_order":0,"comment_status":"closed","ping_status":"closed","template":"","meta":{"footnotes":""},"class_list":["post-693","page","type-page","status-publish","hentry"],"_links":{"self":[{"href":"https:\/\/medieproduktion.lnu.se\/masten\/wp-json\/wp\/v2\/pages\/693","targetHints":{"allow":["GET"]}}],"collection":[{"href":"https:\/\/medieproduktion.lnu.se\/masten\/wp-json\/wp\/v2\/pages"}],"about":[{"href":"https:\/\/medieproduktion.lnu.se\/masten\/wp-json\/wp\/v2\/types\/page"}],"author":[{"embeddable":true,"href":"https:\/\/medieproduktion.lnu.se\/masten\/wp-json\/wp\/v2\/users\/410"}],"replies":[{"embeddable":true,"href":"https:\/\/medieproduktion.lnu.se\/masten\/wp-json\/wp\/v2\/comments?post=693"}],"version-history":[{"count":8,"href":"https:\/\/medieproduktion.lnu.se\/masten\/wp-json\/wp\/v2\/pages\/693\/revisions"}],"predecessor-version":[{"id":1029,"href":"https:\/\/medieproduktion.lnu.se\/masten\/wp-json\/wp\/v2\/pages\/693\/revisions\/1029"}],"wp:attachment":[{"href":"https:\/\/medieproduktion.lnu.se\/masten\/wp-json\/wp\/v2\/media?parent=693"}],"curies":[{"name":"wp","href":"https:\/\/api.w.org\/{rel}","templated":true}]}}