{"id":310,"date":"2021-02-05T12:13:10","date_gmt":"2021-02-05T11:13:10","guid":{"rendered":"http:\/\/medieproduktion.lnu.se\/masten\/?page_id=310"},"modified":"2021-02-10T12:32:21","modified_gmt":"2021-02-10T11:32:21","slug":"kultur","status":"publish","type":"page","link":"https:\/\/medieproduktion.lnu.se\/masten\/kultur\/","title":{"rendered":"Kultur"},"content":{"rendered":"\t\t<div data-elementor-type=\"wp-post\" data-elementor-id=\"310\" class=\"elementor elementor-310 elementor-bc-flex-widget\" data-elementor-post-type=\"page\">\n\t\t\t\t\t\t<section class=\"elementor-section elementor-top-section elementor-element elementor-element-2b9681e elementor-section-boxed elementor-section-height-default elementor-section-height-default\" data-id=\"2b9681e\" data-element_type=\"section\">\n\t\t\t\t\t\t<div class=\"elementor-container elementor-column-gap-default\">\n\t\t\t\t\t<div class=\"elementor-column elementor-col-100 elementor-top-column elementor-element elementor-element-a024e65\" data-id=\"a024e65\" data-element_type=\"column\">\n\t\t\t<div class=\"elementor-widget-wrap elementor-element-populated\">\n\t\t\t\t\t\t<div class=\"elementor-element elementor-element-b5089a7 elementor-widget elementor-widget-heading\" data-id=\"b5089a7\" data-element_type=\"widget\" data-widget_type=\"heading.default\">\n\t\t\t\t<div class=\"elementor-widget-container\">\n\t\t\t\t\t<h1 class=\"elementor-heading-title elementor-size-default\">Kultur<\/h1>\t\t\t\t<\/div>\n\t\t\t\t<\/div>\n\t\t\t\t\t<\/div>\n\t\t<\/div>\n\t\t\t\t\t<\/div>\n\t\t<\/section>\n\t\t\t\t<section class=\"elementor-section elementor-top-section elementor-element elementor-element-7112f49 elementor-section-boxed elementor-section-height-default elementor-section-height-default\" data-id=\"7112f49\" data-element_type=\"section\">\n\t\t\t\t\t\t<div class=\"elementor-container elementor-column-gap-default\">\n\t\t\t\t\t<div class=\"elementor-column elementor-col-100 elementor-top-column elementor-element elementor-element-85ebcef\" data-id=\"85ebcef\" data-element_type=\"column\">\n\t\t\t<div class=\"elementor-widget-wrap elementor-element-populated\">\n\t\t\t\t\t\t<div class=\"elementor-element elementor-element-d9a8005 elementor-grid-1 elementor-grid-tablet-2 elementor-grid-mobile-1 elementor-posts--thumbnail-top elementor-posts--show-avatar elementor-card-shadow-yes elementor-posts__hover-gradient elementor-widget elementor-widget-posts\" data-id=\"d9a8005\" data-element_type=\"widget\" data-settings=\"{&quot;cards_columns&quot;:&quot;1&quot;,&quot;cards_columns_tablet&quot;:&quot;2&quot;,&quot;cards_columns_mobile&quot;:&quot;1&quot;,&quot;cards_row_gap&quot;:{&quot;unit&quot;:&quot;px&quot;,&quot;size&quot;:35,&quot;sizes&quot;:[]},&quot;cards_row_gap_tablet&quot;:{&quot;unit&quot;:&quot;px&quot;,&quot;size&quot;:&quot;&quot;,&quot;sizes&quot;:[]},&quot;cards_row_gap_mobile&quot;:{&quot;unit&quot;:&quot;px&quot;,&quot;size&quot;:&quot;&quot;,&quot;sizes&quot;:[]}}\" data-widget_type=\"posts.cards\">\n\t\t\t\t<div class=\"elementor-widget-container\">\n\t\t\t\t\t\t\t<div class=\"elementor-posts-container elementor-posts elementor-posts--skin-cards elementor-grid\" role=\"list\">\n\t\t\t\t<article class=\"elementor-post elementor-grid-item post-682 post type-post status-publish format-standard has-post-thumbnail hentry category-kultur\" role=\"listitem\">\n\t\t\t<div class=\"elementor-post__card\">\n\t\t\t\t<a class=\"elementor-post__thumbnail__link\" href=\"https:\/\/medieproduktion.lnu.se\/masten\/kultur\/semmeldagen-2021-hur-ater-du-din-semla\/\" tabindex=\"-1\" ><div class=\"elementor-post__thumbnail\"><img fetchpriority=\"high\" decoding=\"async\" width=\"300\" height=\"176\" src=\"https:\/\/medieproduktion.lnu.se\/masten\/wp-content\/uploads\/sites\/465\/2021\/02\/semla-300x176.png\" class=\"attachment-medium size-medium wp-image-685\" alt=\"En klassisk semla\" srcset=\"https:\/\/medieproduktion.lnu.se\/masten\/wp-content\/uploads\/sites\/465\/2021\/02\/semla-300x176.png 300w, https:\/\/medieproduktion.lnu.se\/masten\/wp-content\/uploads\/sites\/465\/2021\/02\/semla-768x449.png 768w, https:\/\/medieproduktion.lnu.se\/masten\/wp-content\/uploads\/sites\/465\/2021\/02\/semla.png 800w\" sizes=\"(max-width: 300px) 100vw, 300px\" \/><\/div><\/a>\n\t\t\t\t<div class=\"elementor-post__badge\">Kultur<\/div>\n\t\t\t\t<div class=\"elementor-post__avatar\">\n\t\t\t<img alt='Evelina Englund' src='https:\/\/medieproduktion.lnu.se\/masten\/wp-content\/uploads\/sites\/465\/2021\/02\/NYevelina_masten-128x128.jpg' srcset='https:\/\/medieproduktion.lnu.se\/masten\/wp-content\/uploads\/sites\/465\/2021\/02\/NYevelina_masten-256x256.jpg 2x' class='avatar avatar-128 photo' height='128' width='128' \/>\t\t<\/div>\n\t\t\t\t<div class=\"elementor-post__text\">\n\t\t\t\t<h3 class=\"elementor-post__title\">\n\t\t\t<a href=\"https:\/\/medieproduktion.lnu.se\/masten\/kultur\/semmeldagen-2021-hur-ater-du-din-semla\/\" >\n\t\t\t\tWebb-TV: Hur \u00e4ter du din semla?\t\t\t<\/a>\n\t\t<\/h3>\n\t\t\t\t<div class=\"elementor-post__excerpt\">\n\t\t\t<p><a href=\"http:\/\/medieproduktion.lnu.se\/masten\/kultur\/semmeldagen-2021-hur-ater-du-din-semla\/\">Imorgon infaller den \u00e5rliga fettisdagen, d\u00e5 svenska folket \u00e4ter miljontals semlor varje \u00e5r. <\/a><\/p>\n\t\t<\/div>\n\t\t\t\t<\/div>\n\t\t\t\t<div class=\"elementor-post__meta-data\">\n\t\t\t\t\t<span class=\"elementor-post-author\">\n\t\t\tEvelina Englund\t\t<\/span>\n\t\t\t\t<span class=\"elementor-post-date\">\n\t\t\t2021-02-15\t\t<\/span>\n\t\t\t\t<\/div>\n\t\t\t\t\t<\/div>\n\t\t<\/article>\n\t\t\t\t<\/div>\n\t\t\n\t\t\t\t\t\t<\/div>\n\t\t\t\t<\/div>\n\t\t\t\t\t<\/div>\n\t\t<\/div>\n\t\t\t\t\t<\/div>\n\t\t<\/section>\n\t\t\t\t<section class=\"elementor-section elementor-top-section elementor-element elementor-element-d2d6adc elementor-section-boxed elementor-section-height-default elementor-section-height-default\" data-id=\"d2d6adc\" data-element_type=\"section\">\n\t\t\t\t\t\t<div class=\"elementor-container elementor-column-gap-default\">\n\t\t\t\t\t<div class=\"elementor-column elementor-col-100 elementor-top-column elementor-element elementor-element-5a2cbdb\" data-id=\"5a2cbdb\" data-element_type=\"column\">\n\t\t\t<div class=\"elementor-widget-wrap elementor-element-populated\">\n\t\t\t\t\t\t\t<\/div>\n\t\t<\/div>\n\t\t\t\t\t<\/div>\n\t\t<\/section>\n\t\t\t\t<\/div>\n\t\t","protected":false},"excerpt":{"rendered":"<p>Kultur<\/p>\n","protected":false},"author":410,"featured_media":0,"parent":0,"menu_order":0,"comment_status":"closed","ping_status":"closed","template":"","meta":{"footnotes":""},"class_list":["post-310","page","type-page","status-publish","hentry"],"_links":{"self":[{"href":"https:\/\/medieproduktion.lnu.se\/masten\/wp-json\/wp\/v2\/pages\/310","targetHints":{"allow":["GET"]}}],"collection":[{"href":"https:\/\/medieproduktion.lnu.se\/masten\/wp-json\/wp\/v2\/pages"}],"about":[{"href":"https:\/\/medieproduktion.lnu.se\/masten\/wp-json\/wp\/v2\/types\/page"}],"author":[{"embeddable":true,"href":"https:\/\/medieproduktion.lnu.se\/masten\/wp-json\/wp\/v2\/users\/410"}],"replies":[{"embeddable":true,"href":"https:\/\/medieproduktion.lnu.se\/masten\/wp-json\/wp\/v2\/comments?post=310"}],"version-history":[{"count":4,"href":"https:\/\/medieproduktion.lnu.se\/masten\/wp-json\/wp\/v2\/pages\/310\/revisions"}],"predecessor-version":[{"id":562,"href":"https:\/\/medieproduktion.lnu.se\/masten\/wp-json\/wp\/v2\/pages\/310\/revisions\/562"}],"wp:attachment":[{"href":"https:\/\/medieproduktion.lnu.se\/masten\/wp-json\/wp\/v2\/media?parent=310"}],"curies":[{"name":"wp","href":"https:\/\/api.w.org\/{rel}","templated":true}]}}