{"id":293,"date":"2021-02-05T12:03:30","date_gmt":"2021-02-05T11:03:30","guid":{"rendered":"http:\/\/medieproduktion.lnu.se\/masten\/?page_id=293"},"modified":"2021-02-17T09:10:49","modified_gmt":"2021-02-17T08:10:49","slug":"kronikor","status":"publish","type":"page","link":"https:\/\/medieproduktion.lnu.se\/masten\/kronikor\/","title":{"rendered":"Kr\u00f6nikor\/Debatt"},"content":{"rendered":"\t\t<div data-elementor-type=\"wp-post\" data-elementor-id=\"293\" class=\"elementor elementor-293 elementor-bc-flex-widget\" data-elementor-post-type=\"page\">\n\t\t\t\t\t\t<section class=\"elementor-section elementor-top-section elementor-element elementor-element-f6efdec elementor-section-boxed elementor-section-height-default elementor-section-height-default\" data-id=\"f6efdec\" data-element_type=\"section\">\n\t\t\t\t\t\t<div class=\"elementor-container elementor-column-gap-default\">\n\t\t\t\t\t<div class=\"elementor-column elementor-col-100 elementor-top-column elementor-element elementor-element-26977e9\" data-id=\"26977e9\" data-element_type=\"column\">\n\t\t\t<div class=\"elementor-widget-wrap elementor-element-populated\">\n\t\t\t\t\t\t<div class=\"elementor-element elementor-element-ad8faef elementor-widget elementor-widget-heading\" data-id=\"ad8faef\" data-element_type=\"widget\" data-widget_type=\"heading.default\">\n\t\t\t\t<div class=\"elementor-widget-container\">\n\t\t\t\t\t<h1 class=\"elementor-heading-title elementor-size-default\">Kr\u00f6nikor\/Debatt<\/h1>\t\t\t\t<\/div>\n\t\t\t\t<\/div>\n\t\t\t\t\t<\/div>\n\t\t<\/div>\n\t\t\t\t\t<\/div>\n\t\t<\/section>\n\t\t\t\t<section class=\"elementor-section elementor-top-section elementor-element elementor-element-6022754 elementor-section-boxed elementor-section-height-default elementor-section-height-default\" data-id=\"6022754\" data-element_type=\"section\">\n\t\t\t\t\t\t<div class=\"elementor-container elementor-column-gap-default\">\n\t\t\t\t\t<div class=\"elementor-column elementor-col-100 elementor-top-column elementor-element elementor-element-b5a0a44\" data-id=\"b5a0a44\" data-element_type=\"column\">\n\t\t\t<div class=\"elementor-widget-wrap elementor-element-populated\">\n\t\t\t\t\t\t<div class=\"elementor-element elementor-element-616b2b6 elementor-grid-1 elementor-grid-tablet-2 elementor-grid-mobile-1 elementor-posts--thumbnail-top elementor-posts--show-avatar elementor-card-shadow-yes elementor-posts__hover-gradient elementor-widget elementor-widget-posts\" data-id=\"616b2b6\" data-element_type=\"widget\" data-settings=\"{&quot;cards_columns&quot;:&quot;1&quot;,&quot;cards_columns_tablet&quot;:&quot;2&quot;,&quot;cards_columns_mobile&quot;:&quot;1&quot;,&quot;cards_row_gap&quot;:{&quot;unit&quot;:&quot;px&quot;,&quot;size&quot;:35,&quot;sizes&quot;:[]},&quot;cards_row_gap_tablet&quot;:{&quot;unit&quot;:&quot;px&quot;,&quot;size&quot;:&quot;&quot;,&quot;sizes&quot;:[]},&quot;cards_row_gap_mobile&quot;:{&quot;unit&quot;:&quot;px&quot;,&quot;size&quot;:&quot;&quot;,&quot;sizes&quot;:[]}}\" data-widget_type=\"posts.cards\">\n\t\t\t\t<div class=\"elementor-widget-container\">\n\t\t\t\t\t\t\t<div class=\"elementor-posts-container elementor-posts elementor-posts--skin-cards elementor-grid\" role=\"list\">\n\t\t\t\t<article class=\"elementor-post elementor-grid-item post-824 post type-post status-publish format-standard has-post-thumbnail hentry category-kronikor\" role=\"listitem\">\n\t\t\t<div class=\"elementor-post__card\">\n\t\t\t\t<a class=\"elementor-post__thumbnail__link\" href=\"https:\/\/medieproduktion.lnu.se\/masten\/kronikor\/stall-dig-sist-i-kon-jag-var-forst\/\" tabindex=\"-1\" ><div class=\"elementor-post__thumbnail\"><img decoding=\"async\" width=\"300\" height=\"150\" src=\"https:\/\/medieproduktion.lnu.se\/masten\/wp-content\/uploads\/sites\/465\/2021\/02\/Kr\u00f6nika-300x150.gif\" class=\"attachment-medium size-medium wp-image-827\" alt=\"Kr\u00f6nik\u00f6ren Simon Karlsson.\" srcset=\"https:\/\/medieproduktion.lnu.se\/masten\/wp-content\/uploads\/sites\/465\/2021\/02\/Kr\u00f6nika-300x150.gif 300w, https:\/\/medieproduktion.lnu.se\/masten\/wp-content\/uploads\/sites\/465\/2021\/02\/Kr\u00f6nika-768x384.gif 768w\" sizes=\"(max-width: 300px) 100vw, 300px\" \/><\/div><\/a>\n\t\t\t\t<div class=\"elementor-post__badge\">Kr\u00f6nikor\/Debatt<\/div>\n\t\t\t\t<div class=\"elementor-post__avatar\">\n\t\t\t<img alt='Simon Karlsson' src='https:\/\/medieproduktion.lnu.se\/masten\/wp-content\/uploads\/sites\/465\/2021\/02\/NYsimon_masten-128x128.jpg' srcset='https:\/\/medieproduktion.lnu.se\/masten\/wp-content\/uploads\/sites\/465\/2021\/02\/NYsimon_masten-256x256.jpg 2x' class='avatar avatar-128 photo' height='128' width='128' \/>\t\t<\/div>\n\t\t\t\t<div class=\"elementor-post__text\">\n\t\t\t\t<h3 class=\"elementor-post__title\">\n\t\t\t<a href=\"https:\/\/medieproduktion.lnu.se\/masten\/kronikor\/stall-dig-sist-i-kon-jag-var-forst\/\" >\n\t\t\t\t\u201dSt\u00e4ll dig sist i k\u00f6n, jag var f\u00f6rst&#8221;\t\t\t<\/a>\n\t\t<\/h3>\n\t\t\t\t<div class=\"elementor-post__excerpt\">\n\t\t\t<p><a href=\"http:\/\/medieproduktion.lnu.se\/masten\/kronikor\/stall-dig-sist-i-kon-jag-var-forst\/\">Vem ska g\u00e5 f\u00f6rst? Det \u00e4r den st\u00f6rsta fr\u00e5gan i Sverige \u00e5r 2021 &#8211; \u00e5ret n\u00e4r vi slutade k\u00f6a.<\/a><\/p>\n\t\t<\/div>\n\t\t\t\t<\/div>\n\t\t\t\t<div class=\"elementor-post__meta-data\">\n\t\t\t\t\t<span class=\"elementor-post-author\">\n\t\t\tSimon Karlsson\t\t<\/span>\n\t\t\t\t<span class=\"elementor-post-date\">\n\t\t\t2021-02-16\t\t<\/span>\n\t\t\t\t<\/div>\n\t\t\t\t\t<\/div>\n\t\t<\/article>\n\t\t\t\t<\/div>\n\t\t\n\t\t\t\t\t\t<\/div>\n\t\t\t\t<\/div>\n\t\t\t\t\t<\/div>\n\t\t<\/div>\n\t\t\t\t\t<\/div>\n\t\t<\/section>\n\t\t\t\t<section class=\"elementor-section elementor-top-section elementor-element elementor-element-b6cdcc2 elementor-section-boxed elementor-section-height-default elementor-section-height-default\" data-id=\"b6cdcc2\" data-element_type=\"section\">\n\t\t\t\t\t\t<div class=\"elementor-container elementor-column-gap-default\">\n\t\t\t\t\t<div class=\"elementor-column elementor-col-100 elementor-top-column elementor-element elementor-element-e246618\" data-id=\"e246618\" data-element_type=\"column\">\n\t\t\t<div class=\"elementor-widget-wrap elementor-element-populated\">\n\t\t\t\t\t\t<div class=\"elementor-element elementor-element-f20fa94 elementor-grid-2 elementor-grid-tablet-2 elementor-grid-mobile-1 elementor-posts--thumbnail-top elementor-posts--show-avatar elementor-card-shadow-yes elementor-posts__hover-gradient elementor-widget elementor-widget-posts\" data-id=\"f20fa94\" data-element_type=\"widget\" data-settings=\"{&quot;cards_columns&quot;:&quot;2&quot;,&quot;cards_columns_tablet&quot;:&quot;2&quot;,&quot;cards_columns_mobile&quot;:&quot;1&quot;,&quot;cards_row_gap&quot;:{&quot;unit&quot;:&quot;px&quot;,&quot;size&quot;:35,&quot;sizes&quot;:[]},&quot;cards_row_gap_tablet&quot;:{&quot;unit&quot;:&quot;px&quot;,&quot;size&quot;:&quot;&quot;,&quot;sizes&quot;:[]},&quot;cards_row_gap_mobile&quot;:{&quot;unit&quot;:&quot;px&quot;,&quot;size&quot;:&quot;&quot;,&quot;sizes&quot;:[]}}\" data-widget_type=\"posts.cards\">\n\t\t\t\t<div class=\"elementor-widget-container\">\n\t\t\t\t\t\t\t<div class=\"elementor-posts-container elementor-posts elementor-posts--skin-cards elementor-grid\" role=\"list\">\n\t\t\t\t<article class=\"elementor-post elementor-grid-item post-545 post type-post status-publish format-standard has-post-thumbnail hentry category-kronikor\" role=\"listitem\">\n\t\t\t<div class=\"elementor-post__card\">\n\t\t\t\t<a class=\"elementor-post__thumbnail__link\" href=\"https:\/\/medieproduktion.lnu.se\/masten\/kronikor\/debatt-bristande-respekt-mot-langdskidakare\/\" tabindex=\"-1\" ><div class=\"elementor-post__thumbnail\"><img fetchpriority=\"high\" decoding=\"async\" width=\"300\" height=\"225\" src=\"https:\/\/medieproduktion.lnu.se\/masten\/wp-content\/uploads\/sites\/465\/2021\/02\/20210207_132935-300x225.jpg\" class=\"attachment-medium size-medium wp-image-548\" alt=\"Bild p\u00e5 tv\u00e5 skidsp\u00e5r\" srcset=\"https:\/\/medieproduktion.lnu.se\/masten\/wp-content\/uploads\/sites\/465\/2021\/02\/20210207_132935-300x225.jpg 300w, https:\/\/medieproduktion.lnu.se\/masten\/wp-content\/uploads\/sites\/465\/2021\/02\/20210207_132935-768x576.jpg 768w, https:\/\/medieproduktion.lnu.se\/masten\/wp-content\/uploads\/sites\/465\/2021\/02\/20210207_132935.jpg 1024w\" sizes=\"(max-width: 300px) 100vw, 300px\" \/><\/div><\/a>\n\t\t\t\t<div class=\"elementor-post__badge\">Kr\u00f6nikor\/Debatt<\/div>\n\t\t\t\t<div class=\"elementor-post__avatar\">\n\t\t\t<img alt='Adam Wigren' src='https:\/\/medieproduktion.lnu.se\/masten\/wp-content\/uploads\/sites\/465\/2021\/02\/NYadam_masten-e1613729518831-128x128.jpg' srcset='https:\/\/medieproduktion.lnu.se\/masten\/wp-content\/uploads\/sites\/465\/2021\/02\/NYadam_masten-e1613729518831-256x256.jpg 2x' class='avatar avatar-128 photo' height='128' width='128' \/>\t\t<\/div>\n\t\t\t\t<div class=\"elementor-post__text\">\n\t\t\t\t<h3 class=\"elementor-post__title\">\n\t\t\t<a href=\"https:\/\/medieproduktion.lnu.se\/masten\/kronikor\/debatt-bristande-respekt-mot-langdskidakare\/\" >\n\t\t\t\tDEBATT. Bristande respekt mot l\u00e4ngdskid\u00e5kare\t\t\t<\/a>\n\t\t<\/h3>\n\t\t\t\t<div class=\"elementor-post__excerpt\">\n\t\t\t<p><a href=\"http:\/\/medieproduktion.lnu.se\/masten\/kronikor\/debatt-bristande-respekt-mot-langdskidakare\/\"> &#8221;Hockeyn \u00e4r visserligen st\u00f6rst i stan, men med det sagt kan man inte tillskansa sig vilka befogenheter som helst&#8221;.<\/a><\/p>\n\t\t<\/div>\n\t\t\t\t<\/div>\n\t\t\t\t<div class=\"elementor-post__meta-data\">\n\t\t\t\t\t<span class=\"elementor-post-author\">\n\t\t\tAdam Wigren\t\t<\/span>\n\t\t\t\t<span class=\"elementor-post-date\">\n\t\t\t2021-02-10\t\t<\/span>\n\t\t\t\t<\/div>\n\t\t\t\t\t<\/div>\n\t\t<\/article>\n\t\t\t\t<\/div>\n\t\t\n\t\t\t\t\t\t<\/div>\n\t\t\t\t<\/div>\n\t\t\t\t\t<\/div>\n\t\t<\/div>\n\t\t\t\t\t<\/div>\n\t\t<\/section>\n\t\t\t\t<\/div>\n\t\t","protected":false},"excerpt":{"rendered":"<p>Kr\u00f6nikor\/Debatt<\/p>\n","protected":false},"author":410,"featured_media":0,"parent":0,"menu_order":0,"comment_status":"closed","ping_status":"closed","template":"","meta":{"footnotes":""},"class_list":["post-293","page","type-page","status-publish","hentry"],"_links":{"self":[{"href":"https:\/\/medieproduktion.lnu.se\/masten\/wp-json\/wp\/v2\/pages\/293","targetHints":{"allow":["GET"]}}],"collection":[{"href":"https:\/\/medieproduktion.lnu.se\/masten\/wp-json\/wp\/v2\/pages"}],"about":[{"href":"https:\/\/medieproduktion.lnu.se\/masten\/wp-json\/wp\/v2\/types\/page"}],"author":[{"embeddable":true,"href":"https:\/\/medieproduktion.lnu.se\/masten\/wp-json\/wp\/v2\/users\/410"}],"replies":[{"embeddable":true,"href":"https:\/\/medieproduktion.lnu.se\/masten\/wp-json\/wp\/v2\/comments?post=293"}],"version-history":[{"count":17,"href":"https:\/\/medieproduktion.lnu.se\/masten\/wp-json\/wp\/v2\/pages\/293\/revisions"}],"predecessor-version":[{"id":878,"href":"https:\/\/medieproduktion.lnu.se\/masten\/wp-json\/wp\/v2\/pages\/293\/revisions\/878"}],"wp:attachment":[{"href":"https:\/\/medieproduktion.lnu.se\/masten\/wp-json\/wp\/v2\/media?parent=293"}],"curies":[{"name":"wp","href":"https:\/\/api.w.org\/{rel}","templated":true}]}}