{"id":158,"date":"2021-02-04T14:19:45","date_gmt":"2021-02-04T13:19:45","guid":{"rendered":"http:\/\/medieproduktion.lnu.se\/masten\/?page_id=158"},"modified":"2021-02-19T10:33:36","modified_gmt":"2021-02-19T09:33:36","slug":"redaktionen","status":"publish","type":"page","link":"https:\/\/medieproduktion.lnu.se\/masten\/redaktionen\/","title":{"rendered":"Redaktionen"},"content":{"rendered":"\t\t<div data-elementor-type=\"wp-post\" data-elementor-id=\"158\" class=\"elementor elementor-158 elementor-bc-flex-widget\" data-elementor-post-type=\"page\">\n\t\t\t\t\t\t<section class=\"elementor-section elementor-top-section elementor-element elementor-element-411af78 elementor-section-boxed elementor-section-height-default elementor-section-height-default\" data-id=\"411af78\" data-element_type=\"section\">\n\t\t\t\t\t\t<div class=\"elementor-container elementor-column-gap-default\">\n\t\t\t\t\t<div class=\"elementor-column elementor-col-100 elementor-top-column elementor-element elementor-element-3ff9889\" data-id=\"3ff9889\" data-element_type=\"column\">\n\t\t\t<div class=\"elementor-widget-wrap elementor-element-populated\">\n\t\t\t\t\t\t<div class=\"elementor-element elementor-element-3fd7d48 elementor-widget elementor-widget-heading\" data-id=\"3fd7d48\" data-element_type=\"widget\" data-widget_type=\"heading.default\">\n\t\t\t\t<div class=\"elementor-widget-container\">\n\t\t\t\t\t<h1 class=\"elementor-heading-title elementor-size-default\">Redaktionen<\/h1>\t\t\t\t<\/div>\n\t\t\t\t<\/div>\n\t\t\t\t\t<\/div>\n\t\t<\/div>\n\t\t\t\t\t<\/div>\n\t\t<\/section>\n\t\t\t\t<section class=\"elementor-section elementor-top-section elementor-element elementor-element-7d44972 elementor-section-boxed elementor-section-height-default elementor-section-height-default\" data-id=\"7d44972\" data-element_type=\"section\">\n\t\t\t\t\t\t<div class=\"elementor-container elementor-column-gap-default\">\n\t\t\t\t\t<div class=\"elementor-column elementor-col-50 elementor-top-column elementor-element elementor-element-f093868\" data-id=\"f093868\" data-element_type=\"column\">\n\t\t\t<div class=\"elementor-widget-wrap elementor-element-populated\">\n\t\t\t\t\t\t<div class=\"elementor-element elementor-element-414ae98 elementor-widget elementor-widget-image\" data-id=\"414ae98\" data-element_type=\"widget\" data-widget_type=\"image.default\">\n\t\t\t\t<div class=\"elementor-widget-container\">\n\t\t\t\t\t\t\t\t\t\t\t\t\t\t\t<img decoding=\"async\" src=\"https:\/\/medieproduktion.lnu.se\/masten\/wp-content\/uploads\/sites\/465\/elementor\/thumbs\/Loggainsta-qc0edu4ohgqkhmkcq5xrk7q64tok2g09um4akzbpow.png\" title=\"Loggainsta\" alt=\"Masten, logotype\" loading=\"lazy\" \/>\t\t\t\t\t\t\t\t\t\t\t\t\t\t\t<\/div>\n\t\t\t\t<\/div>\n\t\t\t\t<div class=\"elementor-element elementor-element-e4f71c6 elementor-widget elementor-widget-text-editor\" data-id=\"e4f71c6\" data-element_type=\"widget\" data-widget_type=\"text-editor.default\">\n\t\t\t\t<div class=\"elementor-widget-container\">\n\t\t\t\t\t\t\t\t\t<h5><strong>Om oss<\/strong><\/h5>\nRedaktionen huserar i Linn\u00e9universitetets lokaler p\u00e5 universitetskajen, och kommer att bevaka hela l\u00e4net. Redaktionen best\u00e5r av fem journaliststudenter som alla \u00e4r grundare till tidningen som produceras i utbildningssyfte. <\/br> <\/br>\n<a href=\"mailto:sk222nt@student.lnu.se\">V\u00e4lkommen med dina nyhetstips!<\/a> <\/br> \n\/Mastens redaktion\t\t\t\t\t\t\t\t<\/div>\n\t\t\t\t<\/div>\n\t\t\t\t\t<\/div>\n\t\t<\/div>\n\t\t\t\t<div class=\"elementor-column elementor-col-50 elementor-top-column elementor-element elementor-element-a69445b\" data-id=\"a69445b\" data-element_type=\"column\">\n\t\t\t<div class=\"elementor-widget-wrap elementor-element-populated\">\n\t\t\t\t\t\t<div class=\"elementor-element elementor-element-2df0aa8 elementor-widget elementor-widget-image\" data-id=\"2df0aa8\" data-element_type=\"widget\" data-widget_type=\"image.default\">\n\t\t\t\t<div class=\"elementor-widget-container\">\n\t\t\t\t\t\t\t\t\t\t\t\t\t\t\t<img fetchpriority=\"high\" decoding=\"async\" width=\"768\" height=\"1024\" src=\"https:\/\/medieproduktion.lnu.se\/masten\/wp-content\/uploads\/sites\/465\/2021\/02\/NYjosie_masten.jpg\" class=\"attachment-large size-large wp-image-405\" alt=\"Reporter Josefin Khoshaba\" \/>\t\t\t\t\t\t\t\t\t\t\t\t\t\t\t<\/div>\n\t\t\t\t<\/div>\n\t\t\t\t<div class=\"elementor-element elementor-element-f6f8606 elementor-widget elementor-widget-text-editor\" data-id=\"f6f8606\" data-element_type=\"widget\" data-widget_type=\"text-editor.default\">\n\t\t\t\t<div class=\"elementor-widget-container\">\n\t\t\t\t\t\t\t\t\tJosefin Khoshaba <br \/>\n<a href=\"mailto:jk223sv\"> Mejla Josefin<\/a>\t\t\t\t\t\t\t\t<\/div>\n\t\t\t\t<\/div>\n\t\t\t\t\t<\/div>\n\t\t<\/div>\n\t\t\t\t\t<\/div>\n\t\t<\/section>\n\t\t\t\t<section class=\"elementor-section elementor-top-section elementor-element elementor-element-5d109dd elementor-section-boxed elementor-section-height-default elementor-section-height-default\" data-id=\"5d109dd\" data-element_type=\"section\">\n\t\t\t\t\t\t<div class=\"elementor-container elementor-column-gap-default\">\n\t\t\t\t\t<div class=\"elementor-column elementor-col-50 elementor-top-column elementor-element elementor-element-0f20ce1\" data-id=\"0f20ce1\" data-element_type=\"column\">\n\t\t\t<div class=\"elementor-widget-wrap elementor-element-populated\">\n\t\t\t\t\t\t<div class=\"elementor-element elementor-element-a2bb093 elementor-widget elementor-widget-image\" data-id=\"a2bb093\" data-element_type=\"widget\" data-widget_type=\"image.default\">\n\t\t\t\t<div class=\"elementor-widget-container\">\n\t\t\t\t\t\t\t\t\t\t\t\t\t\t\t<img decoding=\"async\" width=\"768\" height=\"1024\" src=\"https:\/\/medieproduktion.lnu.se\/masten\/wp-content\/uploads\/sites\/465\/2021\/02\/NYida_masten-768x1024.jpg\" class=\"attachment-large size-large wp-image-406\" alt=\"Reporter Ida Bongs Olsson\" srcset=\"https:\/\/medieproduktion.lnu.se\/masten\/wp-content\/uploads\/sites\/465\/2021\/02\/NYida_masten-768x1024.jpg 768w, https:\/\/medieproduktion.lnu.se\/masten\/wp-content\/uploads\/sites\/465\/2021\/02\/NYida_masten-225x300.jpg 225w, https:\/\/medieproduktion.lnu.se\/masten\/wp-content\/uploads\/sites\/465\/2021\/02\/NYida_masten.jpg 829w\" sizes=\"(max-width: 768px) 100vw, 768px\" \/>\t\t\t\t\t\t\t\t\t\t\t\t\t\t\t<\/div>\n\t\t\t\t<\/div>\n\t\t\t\t<div class=\"elementor-element elementor-element-50db43c elementor-widget elementor-widget-text-editor\" data-id=\"50db43c\" data-element_type=\"widget\" data-widget_type=\"text-editor.default\">\n\t\t\t\t<div class=\"elementor-widget-container\">\n\t\t\t\t\t\t\t\t\t<p>Ida Bongs Olsson<br \/><a href=\"mailto:ib222my@student.lnu.se\">Mejla Ida<\/a><\/p>\t\t\t\t\t\t\t\t<\/div>\n\t\t\t\t<\/div>\n\t\t\t\t\t<\/div>\n\t\t<\/div>\n\t\t\t\t<div class=\"elementor-column elementor-col-50 elementor-top-column elementor-element elementor-element-4c9146a\" data-id=\"4c9146a\" data-element_type=\"column\">\n\t\t\t<div class=\"elementor-widget-wrap elementor-element-populated\">\n\t\t\t\t\t\t<div class=\"elementor-element elementor-element-9d1749b elementor-widget elementor-widget-image\" data-id=\"9d1749b\" data-element_type=\"widget\" data-widget_type=\"image.default\">\n\t\t\t\t<div class=\"elementor-widget-container\">\n\t\t\t\t\t\t\t\t\t\t\t\t\t\t\t<img decoding=\"async\" width=\"768\" height=\"1024\" src=\"https:\/\/medieproduktion.lnu.se\/masten\/wp-content\/uploads\/sites\/465\/2021\/02\/NYadam_masten-768x1024.jpg\" class=\"attachment-large size-large wp-image-408\" alt=\"Reporter Adam Wigren\" srcset=\"https:\/\/medieproduktion.lnu.se\/masten\/wp-content\/uploads\/sites\/465\/2021\/02\/NYadam_masten-768x1024.jpg 768w, https:\/\/medieproduktion.lnu.se\/masten\/wp-content\/uploads\/sites\/465\/2021\/02\/NYadam_masten-225x300.jpg 225w, https:\/\/medieproduktion.lnu.se\/masten\/wp-content\/uploads\/sites\/465\/2021\/02\/NYadam_masten-e1613729518831.jpg 300w\" sizes=\"(max-width: 768px) 100vw, 768px\" \/>\t\t\t\t\t\t\t\t\t\t\t\t\t\t\t<\/div>\n\t\t\t\t<\/div>\n\t\t\t\t<div class=\"elementor-element elementor-element-f0b7ded elementor-widget elementor-widget-text-editor\" data-id=\"f0b7ded\" data-element_type=\"widget\" data-widget_type=\"text-editor.default\">\n\t\t\t\t<div class=\"elementor-widget-container\">\n\t\t\t\t\t\t\t\t\t<p>Adam Wigren <br \/><a href=\"mailto:aw223hd@student.lnu.se\">Mejla Adam<\/a><\/p>\t\t\t\t\t\t\t\t<\/div>\n\t\t\t\t<\/div>\n\t\t\t\t\t<\/div>\n\t\t<\/div>\n\t\t\t\t\t<\/div>\n\t\t<\/section>\n\t\t\t\t<section class=\"elementor-section elementor-top-section elementor-element elementor-element-3d59d1e elementor-section-boxed elementor-section-height-default elementor-section-height-default\" data-id=\"3d59d1e\" data-element_type=\"section\">\n\t\t\t\t\t\t<div class=\"elementor-container elementor-column-gap-default\">\n\t\t\t\t\t<div class=\"elementor-column elementor-col-50 elementor-top-column elementor-element elementor-element-ce6bc4f\" data-id=\"ce6bc4f\" data-element_type=\"column\">\n\t\t\t<div class=\"elementor-widget-wrap elementor-element-populated\">\n\t\t\t\t\t\t<div class=\"elementor-element elementor-element-36c5049 elementor-widget elementor-widget-image\" data-id=\"36c5049\" data-element_type=\"widget\" data-widget_type=\"image.default\">\n\t\t\t\t<div class=\"elementor-widget-container\">\n\t\t\t\t\t\t\t\t\t\t\t\t\t\t\t<img loading=\"lazy\" decoding=\"async\" width=\"768\" height=\"1024\" src=\"https:\/\/medieproduktion.lnu.se\/masten\/wp-content\/uploads\/sites\/465\/2021\/02\/NYsimon_masten-768x1024.jpg\" class=\"attachment-large size-large wp-image-404\" alt=\"Redaktionsmedlemmen Simon Karlsson.\" srcset=\"https:\/\/medieproduktion.lnu.se\/masten\/wp-content\/uploads\/sites\/465\/2021\/02\/NYsimon_masten-768x1024.jpg 768w, https:\/\/medieproduktion.lnu.se\/masten\/wp-content\/uploads\/sites\/465\/2021\/02\/NYsimon_masten-225x300.jpg 225w, https:\/\/medieproduktion.lnu.se\/masten\/wp-content\/uploads\/sites\/465\/2021\/02\/NYsimon_masten.jpg 829w\" sizes=\"(max-width: 768px) 100vw, 768px\" \/>\t\t\t\t\t\t\t\t\t\t\t\t\t\t\t<\/div>\n\t\t\t\t<\/div>\n\t\t\t\t<div class=\"elementor-element elementor-element-a2f15c0 elementor-widget elementor-widget-text-editor\" data-id=\"a2f15c0\" data-element_type=\"widget\" data-widget_type=\"text-editor.default\">\n\t\t\t\t<div class=\"elementor-widget-container\">\n\t\t\t\t\t\t\t\t\t<p>Simon Karlsson<br \/><a href=\"mailto:sk223nt@student.lnu.se\">Mejla Simon<\/a><\/p>\t\t\t\t\t\t\t\t<\/div>\n\t\t\t\t<\/div>\n\t\t\t\t\t<\/div>\n\t\t<\/div>\n\t\t\t\t<div class=\"elementor-column elementor-col-50 elementor-top-column elementor-element elementor-element-89d091a\" data-id=\"89d091a\" data-element_type=\"column\">\n\t\t\t<div class=\"elementor-widget-wrap elementor-element-populated\">\n\t\t\t\t\t\t<div class=\"elementor-element elementor-element-66f2602 elementor-widget elementor-widget-image\" data-id=\"66f2602\" data-element_type=\"widget\" data-widget_type=\"image.default\">\n\t\t\t\t<div class=\"elementor-widget-container\">\n\t\t\t\t\t\t\t\t\t\t\t\t\t\t\t<img loading=\"lazy\" decoding=\"async\" width=\"768\" height=\"1024\" src=\"https:\/\/medieproduktion.lnu.se\/masten\/wp-content\/uploads\/sites\/465\/2021\/02\/NYevelina_masten-768x1024.jpg\" class=\"attachment-large size-large wp-image-407\" alt=\"Reporter Evelina Englund\" srcset=\"https:\/\/medieproduktion.lnu.se\/masten\/wp-content\/uploads\/sites\/465\/2021\/02\/NYevelina_masten-768x1024.jpg 768w, https:\/\/medieproduktion.lnu.se\/masten\/wp-content\/uploads\/sites\/465\/2021\/02\/NYevelina_masten-225x300.jpg 225w, https:\/\/medieproduktion.lnu.se\/masten\/wp-content\/uploads\/sites\/465\/2021\/02\/NYevelina_masten.jpg 829w\" sizes=\"(max-width: 768px) 100vw, 768px\" \/>\t\t\t\t\t\t\t\t\t\t\t\t\t\t\t<\/div>\n\t\t\t\t<\/div>\n\t\t\t\t<div class=\"elementor-element elementor-element-26ce1ce elementor-widget elementor-widget-text-editor\" data-id=\"26ce1ce\" data-element_type=\"widget\" data-widget_type=\"text-editor.default\">\n\t\t\t\t<div class=\"elementor-widget-container\">\n\t\t\t\t\t\t\t\t\t<p>Evelina Englund<br \/><a href=\"mailto:ee223gd@student.lnu.se\">Mejla Evelina<\/a><\/p>\t\t\t\t\t\t\t\t<\/div>\n\t\t\t\t<\/div>\n\t\t\t\t\t<\/div>\n\t\t<\/div>\n\t\t\t\t\t<\/div>\n\t\t<\/section>\n\t\t\t\t<\/div>\n\t\t","protected":false},"excerpt":{"rendered":"<p>Redaktionen Om oss Redaktionen huserar i Linn\u00e9universitetets lokaler p\u00e5 universitetskajen, och kommer att bevaka hela l\u00e4net. Redaktionen best\u00e5r av fem journaliststudenter som alla \u00e4r grundare till tidningen som produceras i utbildningssyfte. V\u00e4lkommen med dina nyhetstips! \/Mastens redaktion Josefin Khoshaba Mejla Josefin Ida Bongs Olsson Mejla Ida Adam Wigren Mejla Adam Simon Karlsson Mejla Simon Evelina &#8230; <a title=\"Redaktionen\" class=\"read-more\" href=\"https:\/\/medieproduktion.lnu.se\/masten\/redaktionen\/\" aria-label=\"L\u00e4s mer om Redaktionen\">L\u00e4s mer<\/a><\/p>\n","protected":false},"author":396,"featured_media":0,"parent":0,"menu_order":0,"comment_status":"closed","ping_status":"closed","template":"","meta":{"footnotes":""},"class_list":["post-158","page","type-page","status-publish"],"_links":{"self":[{"href":"https:\/\/medieproduktion.lnu.se\/masten\/wp-json\/wp\/v2\/pages\/158","targetHints":{"allow":["GET"]}}],"collection":[{"href":"https:\/\/medieproduktion.lnu.se\/masten\/wp-json\/wp\/v2\/pages"}],"about":[{"href":"https:\/\/medieproduktion.lnu.se\/masten\/wp-json\/wp\/v2\/types\/page"}],"author":[{"embeddable":true,"href":"https:\/\/medieproduktion.lnu.se\/masten\/wp-json\/wp\/v2\/users\/396"}],"replies":[{"embeddable":true,"href":"https:\/\/medieproduktion.lnu.se\/masten\/wp-json\/wp\/v2\/comments?post=158"}],"version-history":[{"count":15,"href":"https:\/\/medieproduktion.lnu.se\/masten\/wp-json\/wp\/v2\/pages\/158\/revisions"}],"predecessor-version":[{"id":1018,"href":"https:\/\/medieproduktion.lnu.se\/masten\/wp-json\/wp\/v2\/pages\/158\/revisions\/1018"}],"wp:attachment":[{"href":"https:\/\/medieproduktion.lnu.se\/masten\/wp-json\/wp\/v2\/media?parent=158"}],"curies":[{"name":"wp","href":"https:\/\/api.w.org\/{rel}","templated":true}]}}