{"id":42,"date":"2021-02-02T11:36:32","date_gmt":"2021-02-02T10:36:32","guid":{"rendered":"http:\/\/medieproduktion.lnu.se\/jom19redaktion2\/?page_id=42"},"modified":"2021-02-18T17:41:06","modified_gmt":"2021-02-18T16:41:06","slug":"startsida","status":"publish","type":"page","link":"https:\/\/medieproduktion.lnu.se\/lokalmar\/","title":{"rendered":""},"content":{"rendered":"\t\t<div data-elementor-type=\"wp-post\" data-elementor-id=\"42\" class=\"elementor elementor-42 elementor-bc-flex-widget\" data-elementor-post-type=\"page\">\n\t\t\t\t\t\t<section class=\"elementor-section elementor-top-section elementor-element elementor-element-bc2d97b elementor-section-boxed elementor-section-height-default elementor-section-height-default\" data-id=\"bc2d97b\" data-element_type=\"section\">\n\t\t\t\t\t\t<div class=\"elementor-container elementor-column-gap-default\">\n\t\t\t\t\t<div class=\"elementor-column elementor-col-100 elementor-top-column elementor-element elementor-element-a86ba96\" data-id=\"a86ba96\" data-element_type=\"column\">\n\t\t\t<div class=\"elementor-widget-wrap elementor-element-populated\">\n\t\t\t\t\t\t<div class=\"elementor-element elementor-element-50deab0 elementor-grid-1 elementor-grid-tablet-2 elementor-grid-mobile-1 elementor-posts--thumbnail-top elementor-widget elementor-widget-posts\" data-id=\"50deab0\" data-element_type=\"widget\" data-settings=\"{&quot;classic_columns&quot;:&quot;1&quot;,&quot;classic_row_gap&quot;:{&quot;unit&quot;:&quot;px&quot;,&quot;size&quot;:34,&quot;sizes&quot;:[]},&quot;classic_columns_tablet&quot;:&quot;2&quot;,&quot;classic_columns_mobile&quot;:&quot;1&quot;,&quot;classic_row_gap_tablet&quot;:{&quot;unit&quot;:&quot;px&quot;,&quot;size&quot;:&quot;&quot;,&quot;sizes&quot;:[]},&quot;classic_row_gap_mobile&quot;:{&quot;unit&quot;:&quot;px&quot;,&quot;size&quot;:&quot;&quot;,&quot;sizes&quot;:[]}}\" data-widget_type=\"posts.classic\">\n\t\t\t\t<div class=\"elementor-widget-container\">\n\t\t\t\t\t\t\t<div class=\"elementor-posts-container elementor-posts elementor-posts--skin-classic elementor-grid\" role=\"list\">\n\t\t\t\t<article class=\"elementor-post elementor-grid-item post-745 post type-post status-publish format-standard has-post-thumbnail hentry category-nyheter\" role=\"listitem\">\n\t\t\t\t<a class=\"elementor-post__thumbnail__link\" href=\"https:\/\/medieproduktion.lnu.se\/lokalmar\/nyheter\/antivaccin-rorelsen-kan-vaxa-under-pandemin\/\" tabindex=\"-1\" >\n\t\t\t<div class=\"elementor-post__thumbnail\"><img fetchpriority=\"high\" decoding=\"async\" width=\"6048\" height=\"4024\" src=\"https:\/\/medieproduktion.lnu.se\/lokalmar\/wp-content\/uploads\/sites\/469\/2021\/02\/Anti-vaccin.jpg\" class=\"attachment-full size-full wp-image-756\" alt=\"En man st\u00e5r med gul huvtr\u00f6ja mot en rosa husv\u00e4gg. Han har luvan uppdragen s\u00e5 att man inte ser ansiktet.\" srcset=\"https:\/\/medieproduktion.lnu.se\/lokalmar\/wp-content\/uploads\/sites\/469\/2021\/02\/Anti-vaccin.jpg 6048w, https:\/\/medieproduktion.lnu.se\/lokalmar\/wp-content\/uploads\/sites\/469\/2021\/02\/Anti-vaccin-300x200.jpg 300w, https:\/\/medieproduktion.lnu.se\/lokalmar\/wp-content\/uploads\/sites\/469\/2021\/02\/Anti-vaccin-768x511.jpg 768w, https:\/\/medieproduktion.lnu.se\/lokalmar\/wp-content\/uploads\/sites\/469\/2021\/02\/Anti-vaccin-1024x681.jpg 1024w\" sizes=\"(max-width: 6048px) 100vw, 6048px\" \/><\/div>\n\t\t<\/a>\n\t\t\t\t<div class=\"elementor-post__text\">\n\t\t\t\t<h3 class=\"elementor-post__title\">\n\t\t\t<a href=\"https:\/\/medieproduktion.lnu.se\/lokalmar\/nyheter\/antivaccin-rorelsen-kan-vaxa-under-pandemin\/\" >\n\t\t\t\tAntivaccin-r\u00f6relsen kan v\u00e4xa under pandemin\t\t\t<\/a>\n\t\t<\/h3>\n\t\t\t\t<div class=\"elementor-post__meta-data\">\n\t\t\t\t\t<span class=\"elementor-post-author\">\n\t\t\tSigrid Hallqvist\t\t<\/span>\n\t\t\t\t<span class=\"elementor-post-date\">\n\t\t\t15 februari, 2021\t\t<\/span>\n\t\t\t\t<span class=\"elementor-post-time\">\n\t\t\t11:09\t\t<\/span>\n\t\t\t\t<\/div>\n\t\t\t\t<div class=\"elementor-post__excerpt\">\n\t\t\t<p><a href=\"http:\/\/medieproduktion.lnu.se\/lokalmar\/nyheter\/antivaccin-rorelsen-kan-vaxa-under-pandemin\/\">Tobias \u00e4r en av de Kalmarbor som \u00e4r kritiska till covid-19-vaccinet. I nul\u00e4get t\u00e4nker han inte ta vaccinet, trots att han jobbar inom hemtj\u00e4nsten. \u00a0<\/a><\/p>\n\t\t<\/div>\n\t\t\t\t<\/div>\n\t\t\t\t<\/article>\n\t\t\t\t<\/div>\n\t\t\n\t\t\t\t\t\t<\/div>\n\t\t\t\t<\/div>\n\t\t\t\t\t<\/div>\n\t\t<\/div>\n\t\t\t\t\t<\/div>\n\t\t<\/section>\n\t\t\t\t<section class=\"elementor-section elementor-top-section elementor-element elementor-element-4c0dbbc elementor-section-boxed elementor-section-height-default elementor-section-height-default\" data-id=\"4c0dbbc\" data-element_type=\"section\">\n\t\t\t\t\t\t<div class=\"elementor-container elementor-column-gap-default\">\n\t\t\t\t\t<div class=\"elementor-column elementor-col-100 elementor-top-column elementor-element elementor-element-e642dd2\" data-id=\"e642dd2\" data-element_type=\"column\">\n\t\t\t<div class=\"elementor-widget-wrap elementor-element-populated\">\n\t\t\t\t\t\t<div class=\"elementor-element elementor-element-237b97f elementor-grid-2 elementor-grid-tablet-2 elementor-grid-mobile-1 elementor-posts--thumbnail-top elementor-widget elementor-widget-posts\" data-id=\"237b97f\" data-element_type=\"widget\" data-settings=\"{&quot;classic_columns&quot;:&quot;2&quot;,&quot;classic_columns_tablet&quot;:&quot;2&quot;,&quot;classic_columns_mobile&quot;:&quot;1&quot;,&quot;classic_row_gap&quot;:{&quot;unit&quot;:&quot;px&quot;,&quot;size&quot;:35,&quot;sizes&quot;:[]},&quot;classic_row_gap_tablet&quot;:{&quot;unit&quot;:&quot;px&quot;,&quot;size&quot;:&quot;&quot;,&quot;sizes&quot;:[]},&quot;classic_row_gap_mobile&quot;:{&quot;unit&quot;:&quot;px&quot;,&quot;size&quot;:&quot;&quot;,&quot;sizes&quot;:[]}}\" data-widget_type=\"posts.classic\">\n\t\t\t\t<div class=\"elementor-widget-container\">\n\t\t\t\t\t\t\t<div class=\"elementor-posts-container elementor-posts elementor-posts--skin-classic elementor-grid\" role=\"list\">\n\t\t\t\t<article class=\"elementor-post elementor-grid-item post-961 post type-post status-publish format-standard has-post-thumbnail hentry category-nyheter\" role=\"listitem\">\n\t\t\t\t<a class=\"elementor-post__thumbnail__link\" href=\"https:\/\/medieproduktion.lnu.se\/lokalmar\/nyheter\/fler-vandaliserade-busskurer-i-lanet\/\" tabindex=\"-1\" >\n\t\t\t<div class=\"elementor-post__thumbnail\"><img decoding=\"async\" width=\"300\" height=\"169\" src=\"https:\/\/medieproduktion.lnu.se\/lokalmar\/wp-content\/uploads\/sites\/469\/2021\/02\/Busskur-300x169.jpg\" class=\"attachment-medium size-medium wp-image-966\" alt=\"Krossat glass p\u00e5 v\u00e4g\" srcset=\"https:\/\/medieproduktion.lnu.se\/lokalmar\/wp-content\/uploads\/sites\/469\/2021\/02\/Busskur-300x169.jpg 300w, https:\/\/medieproduktion.lnu.se\/lokalmar\/wp-content\/uploads\/sites\/469\/2021\/02\/Busskur-768x432.jpg 768w, https:\/\/medieproduktion.lnu.se\/lokalmar\/wp-content\/uploads\/sites\/469\/2021\/02\/Busskur-1024x576.jpg 1024w, https:\/\/medieproduktion.lnu.se\/lokalmar\/wp-content\/uploads\/sites\/469\/2021\/02\/Busskur.jpg 1200w\" sizes=\"(max-width: 300px) 100vw, 300px\" \/><\/div>\n\t\t<\/a>\n\t\t\t\t<div class=\"elementor-post__text\">\n\t\t\t\t<h3 class=\"elementor-post__title\">\n\t\t\t<a href=\"https:\/\/medieproduktion.lnu.se\/lokalmar\/nyheter\/fler-vandaliserade-busskurer-i-lanet\/\" >\n\t\t\t\tWebb-tv: Fler vandaliserade busskurer i l\u00e4net\t\t\t<\/a>\n\t\t<\/h3>\n\t\t\t\t<div class=\"elementor-post__meta-data\">\n\t\t\t\t\t<span class=\"elementor-post-author\">\n\t\t\tRonan Hagman\t\t<\/span>\n\t\t\t\t<span class=\"elementor-post-date\">\n\t\t\t17 februari, 2021\t\t<\/span>\n\t\t\t\t<span class=\"elementor-post-time\">\n\t\t\t14:40\t\t<\/span>\n\t\t\t\t<\/div>\n\t\t\t\t<div class=\"elementor-post__excerpt\">\n\t\t\t<p><a href=\"http:\/\/medieproduktion.lnu.se\/lokalmar\/nyheter\/fler-vandaliserade-busskurer-i-lanet\/\">Fler vandaliserade busskurer i februari i l\u00e4net<\/a><\/p>\n\t\t<\/div>\n\t\t\t\t<\/div>\n\t\t\t\t<\/article>\n\t\t\t\t<article class=\"elementor-post elementor-grid-item post-725 post type-post status-publish format-standard has-post-thumbnail hentry category-kronikor\" role=\"listitem\">\n\t\t\t\t<a class=\"elementor-post__thumbnail__link\" href=\"https:\/\/medieproduktion.lnu.se\/lokalmar\/kronikor\/nar-det-ar-over-ska-biosalongen-bli-ett-mekka\/\" tabindex=\"-1\" >\n\t\t\t<div class=\"elementor-post__thumbnail\"><img decoding=\"async\" width=\"300\" height=\"200\" src=\"https:\/\/medieproduktion.lnu.se\/lokalmar\/wp-content\/uploads\/sites\/469\/2021\/02\/bio1-300x200.jpg\" class=\"attachment-medium size-medium wp-image-717\" alt=\"Film och Eriks redaktionsbild\" srcset=\"https:\/\/medieproduktion.lnu.se\/lokalmar\/wp-content\/uploads\/sites\/469\/2021\/02\/bio1-300x200.jpg 300w, https:\/\/medieproduktion.lnu.se\/lokalmar\/wp-content\/uploads\/sites\/469\/2021\/02\/bio1-768x512.jpg 768w, https:\/\/medieproduktion.lnu.se\/lokalmar\/wp-content\/uploads\/sites\/469\/2021\/02\/bio1.jpg 1000w\" sizes=\"(max-width: 300px) 100vw, 300px\" \/><\/div>\n\t\t<\/a>\n\t\t\t\t<div class=\"elementor-post__text\">\n\t\t\t\t<h3 class=\"elementor-post__title\">\n\t\t\t<a href=\"https:\/\/medieproduktion.lnu.se\/lokalmar\/kronikor\/nar-det-ar-over-ska-biosalongen-bli-ett-mekka\/\" >\n\t\t\t\tN\u00e4r det \u00e4r \u00f6ver ska biosalongen bli ett Mekka\t\t\t<\/a>\n\t\t<\/h3>\n\t\t\t\t<div class=\"elementor-post__meta-data\">\n\t\t\t\t\t<span class=\"elementor-post-author\">\n\t\t\tErik Selander\t\t<\/span>\n\t\t\t\t<span class=\"elementor-post-date\">\n\t\t\t11 februari, 2021\t\t<\/span>\n\t\t\t\t<span class=\"elementor-post-time\">\n\t\t\t14:41\t\t<\/span>\n\t\t\t\t<\/div>\n\t\t\t\t<div class=\"elementor-post__excerpt\">\n\t\t\t<p><a href=\"http:\/\/medieproduktion.lnu.se\/lokalmar\/kronikor\/nar-det-ar-over-ska-biosalongen-bli-ett-mekka\/\">Kommer biografer finnas kvar efter pandemin?<\/a><\/p>\n\t\t<\/div>\n\t\t\t\t<\/div>\n\t\t\t\t<\/article>\n\t\t\t\t<\/div>\n\t\t\n\t\t\t\t\t\t<\/div>\n\t\t\t\t<\/div>\n\t\t\t\t\t<\/div>\n\t\t<\/div>\n\t\t\t\t\t<\/div>\n\t\t<\/section>\n\t\t\t\t<section class=\"elementor-section elementor-top-section elementor-element elementor-element-93e0da1 elementor-section-boxed elementor-section-height-default elementor-section-height-default\" data-id=\"93e0da1\" data-element_type=\"section\">\n\t\t\t\t\t\t<div class=\"elementor-container elementor-column-gap-default\">\n\t\t\t\t\t<div class=\"elementor-column elementor-col-100 elementor-top-column elementor-element elementor-element-c1066ff\" data-id=\"c1066ff\" data-element_type=\"column\">\n\t\t\t<div class=\"elementor-widget-wrap elementor-element-populated\">\n\t\t\t\t\t\t<div class=\"elementor-element elementor-element-f26aad4 elementor-grid-1 elementor-grid-tablet-2 elementor-grid-mobile-1 elementor-posts--thumbnail-top elementor-widget elementor-widget-posts\" data-id=\"f26aad4\" data-element_type=\"widget\" data-settings=\"{&quot;classic_columns&quot;:&quot;1&quot;,&quot;classic_columns_tablet&quot;:&quot;2&quot;,&quot;classic_columns_mobile&quot;:&quot;1&quot;,&quot;classic_row_gap&quot;:{&quot;unit&quot;:&quot;px&quot;,&quot;size&quot;:35,&quot;sizes&quot;:[]},&quot;classic_row_gap_tablet&quot;:{&quot;unit&quot;:&quot;px&quot;,&quot;size&quot;:&quot;&quot;,&quot;sizes&quot;:[]},&quot;classic_row_gap_mobile&quot;:{&quot;unit&quot;:&quot;px&quot;,&quot;size&quot;:&quot;&quot;,&quot;sizes&quot;:[]}}\" data-widget_type=\"posts.classic\">\n\t\t\t\t<div class=\"elementor-widget-container\">\n\t\t\t\t\t\t\t<div class=\"elementor-posts-container elementor-posts elementor-posts--skin-classic elementor-grid\" role=\"list\">\n\t\t\t\t<article class=\"elementor-post elementor-grid-item post-774 post type-post status-publish format-standard has-post-thumbnail hentry category-nyheter\" role=\"listitem\">\n\t\t\t\t<a class=\"elementor-post__thumbnail__link\" href=\"https:\/\/medieproduktion.lnu.se\/lokalmar\/nyheter\/miljardaren-petter-stordalen-oppnar-hotell-i-kalmar\/\" tabindex=\"-1\" >\n\t\t\t<div class=\"elementor-post__thumbnail\"><img loading=\"lazy\" decoding=\"async\" width=\"1024\" height=\"576\" src=\"https:\/\/medieproduktion.lnu.se\/lokalmar\/wp-content\/uploads\/sites\/469\/2021\/02\/petter-1024x576.jpg\" class=\"attachment-large size-large wp-image-1038\" alt=\"Petter Stordalen pekar ut \u00f6ver vattnet.\" srcset=\"https:\/\/medieproduktion.lnu.se\/lokalmar\/wp-content\/uploads\/sites\/469\/2021\/02\/petter-1024x576.jpg 1024w, https:\/\/medieproduktion.lnu.se\/lokalmar\/wp-content\/uploads\/sites\/469\/2021\/02\/petter-300x169.jpg 300w, https:\/\/medieproduktion.lnu.se\/lokalmar\/wp-content\/uploads\/sites\/469\/2021\/02\/petter-768x432.jpg 768w, https:\/\/medieproduktion.lnu.se\/lokalmar\/wp-content\/uploads\/sites\/469\/2021\/02\/petter.jpg 1200w\" sizes=\"(max-width: 1024px) 100vw, 1024px\" \/><\/div>\n\t\t<\/a>\n\t\t\t\t<div class=\"elementor-post__text\">\n\t\t\t\t<h3 class=\"elementor-post__title\">\n\t\t\t<a href=\"https:\/\/medieproduktion.lnu.se\/lokalmar\/nyheter\/miljardaren-petter-stordalen-oppnar-hotell-i-kalmar\/\" >\n\t\t\t\tWebb-tv: Miljard\u00e4ren Petter Stordalen \u00f6ppnar hotell i Kalmar\t\t\t<\/a>\n\t\t<\/h3>\n\t\t\t\t<div class=\"elementor-post__meta-data\">\n\t\t\t\t\t<span class=\"elementor-post-author\">\n\t\t\tErik Selander\t\t<\/span>\n\t\t\t\t<span class=\"elementor-post-date\">\n\t\t\t15 februari, 2021\t\t<\/span>\n\t\t\t\t<span class=\"elementor-post-time\">\n\t\t\t15:56\t\t<\/span>\n\t\t\t\t<\/div>\n\t\t\t\t<div class=\"elementor-post__excerpt\">\n\t\t\t<p><a href=\"http:\/\/medieproduktion.lnu.se\/lokalmar\/nyheter\/miljardaren-petter-stordalen-oppnar-hotell-i-kalmar\/\">Petter Stordalen satsar med ett nytt hotell. Miljard\u00e4ren h\u00f6ll idag presstr\u00e4ff i Kalmar.<\/a><\/p>\n\t\t<\/div>\n\t\t\t\t<\/div>\n\t\t\t\t<\/article>\n\t\t\t\t<\/div>\n\t\t\n\t\t\t\t\t\t<\/div>\n\t\t\t\t<\/div>\n\t\t\t\t\t<\/div>\n\t\t<\/div>\n\t\t\t\t\t<\/div>\n\t\t<\/section>\n\t\t\t\t<section class=\"elementor-section elementor-top-section elementor-element elementor-element-6cbba6f elementor-section-boxed elementor-section-height-default elementor-section-height-default\" data-id=\"6cbba6f\" data-element_type=\"section\">\n\t\t\t\t\t\t<div class=\"elementor-container elementor-column-gap-default\">\n\t\t\t\t\t<div class=\"elementor-column elementor-col-100 elementor-top-column elementor-element elementor-element-6b54614\" data-id=\"6b54614\" data-element_type=\"column\">\n\t\t\t<div class=\"elementor-widget-wrap elementor-element-populated\">\n\t\t\t\t\t\t<div class=\"elementor-element elementor-element-e78d65c elementor-grid-2 elementor-grid-tablet-2 elementor-grid-mobile-1 elementor-posts--thumbnail-top elementor-widget elementor-widget-posts\" data-id=\"e78d65c\" data-element_type=\"widget\" data-settings=\"{&quot;classic_columns&quot;:&quot;2&quot;,&quot;classic_columns_tablet&quot;:&quot;2&quot;,&quot;classic_columns_mobile&quot;:&quot;1&quot;,&quot;classic_row_gap&quot;:{&quot;unit&quot;:&quot;px&quot;,&quot;size&quot;:35,&quot;sizes&quot;:[]},&quot;classic_row_gap_tablet&quot;:{&quot;unit&quot;:&quot;px&quot;,&quot;size&quot;:&quot;&quot;,&quot;sizes&quot;:[]},&quot;classic_row_gap_mobile&quot;:{&quot;unit&quot;:&quot;px&quot;,&quot;size&quot;:&quot;&quot;,&quot;sizes&quot;:[]}}\" data-widget_type=\"posts.classic\">\n\t\t\t\t<div class=\"elementor-widget-container\">\n\t\t\t\t\t\t\t<div class=\"elementor-posts-container elementor-posts elementor-posts--skin-classic elementor-grid\" role=\"list\">\n\t\t\t\t<article class=\"elementor-post elementor-grid-item post-893 post type-post status-publish format-standard has-post-thumbnail hentry category-reportage\" role=\"listitem\">\n\t\t\t\t<a class=\"elementor-post__thumbnail__link\" href=\"https:\/\/medieproduktion.lnu.se\/lokalmar\/reportage\/sodra-olands-tiktok-stjarna-matteus-lilja\/\" tabindex=\"-1\" >\n\t\t\t<div class=\"elementor-post__thumbnail\"><img loading=\"lazy\" decoding=\"async\" width=\"300\" height=\"300\" src=\"https:\/\/medieproduktion.lnu.se\/lokalmar\/wp-content\/uploads\/sites\/469\/2021\/02\/received_225346422661915-300x300.jpg\" class=\"attachment-medium size-medium wp-image-897\" alt=\"Matteus Lilja, n\u00e4rbild.\" srcset=\"https:\/\/medieproduktion.lnu.se\/lokalmar\/wp-content\/uploads\/sites\/469\/2021\/02\/received_225346422661915-300x300.jpg 300w, https:\/\/medieproduktion.lnu.se\/lokalmar\/wp-content\/uploads\/sites\/469\/2021\/02\/received_225346422661915-150x150.jpg 150w, https:\/\/medieproduktion.lnu.se\/lokalmar\/wp-content\/uploads\/sites\/469\/2021\/02\/received_225346422661915-768x767.jpg 768w, https:\/\/medieproduktion.lnu.se\/lokalmar\/wp-content\/uploads\/sites\/469\/2021\/02\/received_225346422661915-1024x1024.jpg 1024w, https:\/\/medieproduktion.lnu.se\/lokalmar\/wp-content\/uploads\/sites\/469\/2021\/02\/received_225346422661915.jpg 1200w\" sizes=\"(max-width: 300px) 100vw, 300px\" \/><\/div>\n\t\t<\/a>\n\t\t\t\t<div class=\"elementor-post__text\">\n\t\t\t\t<h3 class=\"elementor-post__title\">\n\t\t\t<a href=\"https:\/\/medieproduktion.lnu.se\/lokalmar\/reportage\/sodra-olands-tiktok-stjarna-matteus-lilja\/\" >\n\t\t\t\tS\u00f6dra \u00d6lands TikTok-stj\u00e4rna, Matteus Lilja\t\t\t<\/a>\n\t\t<\/h3>\n\t\t\t\t<div class=\"elementor-post__meta-data\">\n\t\t\t\t\t<span class=\"elementor-post-author\">\n\t\t\tRonan Hagman\t\t<\/span>\n\t\t\t\t<span class=\"elementor-post-date\">\n\t\t\t17 februari, 2021\t\t<\/span>\n\t\t\t\t<span class=\"elementor-post-time\">\n\t\t\t08:55\t\t<\/span>\n\t\t\t\t<\/div>\n\t\t\t\t<div class=\"elementor-post__excerpt\">\n\t\t\t<p><a href=\"http:\/\/medieproduktion.lnu.se\/lokalmar\/?p=893&amp;preview=true\">Med sina 48 tusen f\u00f6ljare s\u00e5 \u00e4r Matteus Lilja fr\u00e5n s\u00f6dra \u00d6land en viral stj\u00e4rna p\u00e5 plattformen TikTok.<\/a><\/p>\n\t\t<\/div>\n\t\t\t\t<\/div>\n\t\t\t\t<\/article>\n\t\t\t\t<article class=\"elementor-post elementor-grid-item post-836 post type-post status-publish format-standard has-post-thumbnail hentry category-nyheter\" role=\"listitem\">\n\t\t\t\t<a class=\"elementor-post__thumbnail__link\" href=\"https:\/\/medieproduktion.lnu.se\/lokalmar\/nyheter\/risk-for-vattenskador-efter-iskall-vinter-i-kalmar-lan\/\" tabindex=\"-1\" >\n\t\t\t<div class=\"elementor-post__thumbnail\"><img loading=\"lazy\" decoding=\"async\" width=\"300\" height=\"199\" src=\"https:\/\/medieproduktion.lnu.se\/lokalmar\/wp-content\/uploads\/sites\/469\/2021\/02\/vattenskador-300x199.jpg\" class=\"attachment-medium size-medium wp-image-840\" alt=\"Fryst vatten vid en metallp\u00e5le.\" srcset=\"https:\/\/medieproduktion.lnu.se\/lokalmar\/wp-content\/uploads\/sites\/469\/2021\/02\/vattenskador-300x199.jpg 300w, https:\/\/medieproduktion.lnu.se\/lokalmar\/wp-content\/uploads\/sites\/469\/2021\/02\/vattenskador.jpg 725w\" sizes=\"(max-width: 300px) 100vw, 300px\" \/><\/div>\n\t\t<\/a>\n\t\t\t\t<div class=\"elementor-post__text\">\n\t\t\t\t<h3 class=\"elementor-post__title\">\n\t\t\t<a href=\"https:\/\/medieproduktion.lnu.se\/lokalmar\/nyheter\/risk-for-vattenskador-efter-iskall-vinter-i-kalmar-lan\/\" >\n\t\t\t\tRisk f\u00f6r vattenskador efter iskall vinter i Kalmar L\u00e4n\t\t\t<\/a>\n\t\t<\/h3>\n\t\t\t\t<div class=\"elementor-post__meta-data\">\n\t\t\t\t\t<span class=\"elementor-post-author\">\n\t\t\tElin Nilsson\t\t<\/span>\n\t\t\t\t<span class=\"elementor-post-date\">\n\t\t\t16 februari, 2021\t\t<\/span>\n\t\t\t\t<span class=\"elementor-post-time\">\n\t\t\t11:53\t\t<\/span>\n\t\t\t\t<\/div>\n\t\t\t\t<div class=\"elementor-post__excerpt\">\n\t\t\t<p><a href=\"http:\/\/medieproduktion.lnu.se\/lokalmar\/?p=836&amp;preview=true\">Aline Sales, skadechef hos L\u00e4nsf\u00f6rs\u00e4kringar i Kalmar L\u00e4n, menar att det alltid finns risk f\u00f6r vattenskador.<\/a><\/p>\n\t\t<\/div>\n\t\t\t\t<\/div>\n\t\t\t\t<\/article>\n\t\t\t\t<article class=\"elementor-post elementor-grid-item post-705 post type-post status-publish format-standard has-post-thumbnail hentry category-nyheter\" role=\"listitem\">\n\t\t\t\t<a class=\"elementor-post__thumbnail__link\" href=\"https:\/\/medieproduktion.lnu.se\/lokalmar\/nyheter\/parkeringsbot-trots-tillstand\/\" tabindex=\"-1\" >\n\t\t\t<div class=\"elementor-post__thumbnail\"><img loading=\"lazy\" decoding=\"async\" width=\"300\" height=\"282\" src=\"https:\/\/medieproduktion.lnu.se\/lokalmar\/wp-content\/uploads\/sites\/469\/2021\/02\/Parkeringmindrewebb-300x282.jpg\" class=\"attachment-medium size-medium wp-image-703\" alt=\"Bil med parkeringsb\u00f6ter d\u00e4r vindruteskyddet lyfts upp d\u00e4r tillst\u00e5ndet syns.\" srcset=\"https:\/\/medieproduktion.lnu.se\/lokalmar\/wp-content\/uploads\/sites\/469\/2021\/02\/Parkeringmindrewebb-300x282.jpg 300w, https:\/\/medieproduktion.lnu.se\/lokalmar\/wp-content\/uploads\/sites\/469\/2021\/02\/Parkeringmindrewebb.jpg 725w\" sizes=\"(max-width: 300px) 100vw, 300px\" \/><\/div>\n\t\t<\/a>\n\t\t\t\t<div class=\"elementor-post__text\">\n\t\t\t\t<h3 class=\"elementor-post__title\">\n\t\t\t<a href=\"https:\/\/medieproduktion.lnu.se\/lokalmar\/nyheter\/parkeringsbot-trots-tillstand\/\" >\n\t\t\t\tParkeringsbot trots tillst\u00e5nd\t\t\t<\/a>\n\t\t<\/h3>\n\t\t\t\t<div class=\"elementor-post__meta-data\">\n\t\t\t\t\t<span class=\"elementor-post-author\">\n\t\t\tElin Nilsson\t\t<\/span>\n\t\t\t\t<span class=\"elementor-post-date\">\n\t\t\t11 februari, 2021\t\t<\/span>\n\t\t\t\t<span class=\"elementor-post-time\">\n\t\t\t09:34\t\t<\/span>\n\t\t\t\t<\/div>\n\t\t\t\t<div class=\"elementor-post__excerpt\">\n\t\t\t<p><a href=\"http:\/\/medieproduktion.lnu.se\/lokalmar\/nyheter\/parkeringsbot-trots-tillstand\/\">Bilen stod p\u00e5 parkerad samma plats som den gjort under tv\u00e5 \u00e5rs tid<\/a><\/p>\n\t\t<\/div>\n\t\t\t\t<\/div>\n\t\t\t\t<\/article>\n\t\t\t\t<article class=\"elementor-post elementor-grid-item post-748 post type-post status-publish format-standard has-post-thumbnail hentry category-reportage\" role=\"listitem\">\n\t\t\t\t<a class=\"elementor-post__thumbnail__link\" href=\"https:\/\/medieproduktion.lnu.se\/lokalmar\/reportage\/joanna-hansen-hjarnan-bakom-kalmars-hundprofiler\/\" tabindex=\"-1\" >\n\t\t\t<div class=\"elementor-post__thumbnail\"><img loading=\"lazy\" decoding=\"async\" width=\"300\" height=\"200\" src=\"https:\/\/medieproduktion.lnu.se\/lokalmar\/wp-content\/uploads\/sites\/469\/2021\/02\/hejJoanna-tiabsse-f\u00e5t\u00f6lj-300x200.jpg\" class=\"attachment-medium size-medium wp-image-834\" alt=\"Joanna st\u00e5r bakom sina hundra som ligger p\u00e5 ryggst\u00f6dets topp av en f\u00e5t\u00f6lj. De tittar in i kameran.\" srcset=\"https:\/\/medieproduktion.lnu.se\/lokalmar\/wp-content\/uploads\/sites\/469\/2021\/02\/hejJoanna-tiabsse-f\u00e5t\u00f6lj-300x200.jpg 300w, https:\/\/medieproduktion.lnu.se\/lokalmar\/wp-content\/uploads\/sites\/469\/2021\/02\/hejJoanna-tiabsse-f\u00e5t\u00f6lj-768x511.jpg 768w, https:\/\/medieproduktion.lnu.se\/lokalmar\/wp-content\/uploads\/sites\/469\/2021\/02\/hejJoanna-tiabsse-f\u00e5t\u00f6lj-1024x681.jpg 1024w\" sizes=\"(max-width: 300px) 100vw, 300px\" \/><\/div>\n\t\t<\/a>\n\t\t\t\t<div class=\"elementor-post__text\">\n\t\t\t\t<h3 class=\"elementor-post__title\">\n\t\t\t<a href=\"https:\/\/medieproduktion.lnu.se\/lokalmar\/reportage\/joanna-hansen-hjarnan-bakom-kalmars-hundprofiler\/\" >\n\t\t\t\tHon \u00e4r hj\u00e4rnan bakom Kalmars hundprofiler\t\t\t<\/a>\n\t\t<\/h3>\n\t\t\t\t<div class=\"elementor-post__meta-data\">\n\t\t\t\t\t<span class=\"elementor-post-author\">\n\t\t\tSigrid Hallqvist\t\t<\/span>\n\t\t\t\t<span class=\"elementor-post-date\">\n\t\t\t16 februari, 2021\t\t<\/span>\n\t\t\t\t<span class=\"elementor-post-time\">\n\t\t\t09:37\t\t<\/span>\n\t\t\t\t<\/div>\n\t\t\t\t<div class=\"elementor-post__excerpt\">\n\t\t\t<p><a href=\"http:\/\/medieproduktion.lnu.se\/lokalmar\/kultur-och-noje\/joanna-hansen-hjarnan-bakom-kalmars-hundprofiler\/\">Kalmarbon Joanna Hansen driver Facebook-gruppen \u201cVi som \u00e4lskar Tia och Bosse\u201d. L\u00e4r k\u00e4nna Joanna bakom den popul\u00e4ra gruppen.<\/a><\/p>\n\t\t<\/div>\n\t\t\t\t<\/div>\n\t\t\t\t<\/article>\n\t\t\t\t<\/div>\n\t\t\n\t\t\t\t\t\t<\/div>\n\t\t\t\t<\/div>\n\t\t\t\t\t<\/div>\n\t\t<\/div>\n\t\t\t\t\t<\/div>\n\t\t<\/section>\n\t\t\t\t<\/div>\n\t\t","protected":false},"excerpt":{"rendered":"","protected":false},"author":384,"featured_media":0,"parent":0,"menu_order":0,"comment_status":"closed","ping_status":"closed","template":"","meta":{"footnotes":""},"class_list":["post-42","page","type-page","status-publish","hentry"],"_links":{"self":[{"href":"https:\/\/medieproduktion.lnu.se\/lokalmar\/wp-json\/wp\/v2\/pages\/42","targetHints":{"allow":["GET"]}}],"collection":[{"href":"https:\/\/medieproduktion.lnu.se\/lokalmar\/wp-json\/wp\/v2\/pages"}],"about":[{"href":"https:\/\/medieproduktion.lnu.se\/lokalmar\/wp-json\/wp\/v2\/types\/page"}],"author":[{"embeddable":true,"href":"https:\/\/medieproduktion.lnu.se\/lokalmar\/wp-json\/wp\/v2\/users\/384"}],"replies":[{"embeddable":true,"href":"https:\/\/medieproduktion.lnu.se\/lokalmar\/wp-json\/wp\/v2\/comments?post=42"}],"version-history":[{"count":57,"href":"https:\/\/medieproduktion.lnu.se\/lokalmar\/wp-json\/wp\/v2\/pages\/42\/revisions"}],"predecessor-version":[{"id":1166,"href":"https:\/\/medieproduktion.lnu.se\/lokalmar\/wp-json\/wp\/v2\/pages\/42\/revisions\/1166"}],"wp:attachment":[{"href":"https:\/\/medieproduktion.lnu.se\/lokalmar\/wp-json\/wp\/v2\/media?parent=42"}],"curies":[{"name":"wp","href":"https:\/\/api.w.org\/{rel}","templated":true}]}}