{"id":2,"date":"2021-02-01T15:12:53","date_gmt":"2021-02-01T14:12:53","guid":{"rendered":"http:\/\/medieproduktion.lnu.se\/jom19redaktion2\/?page_id=2"},"modified":"2021-02-18T15:15:21","modified_gmt":"2021-02-18T14:15:21","slug":"redaktionen","status":"publish","type":"page","link":"https:\/\/medieproduktion.lnu.se\/lokalmar\/redaktionen\/","title":{"rendered":"Redaktionen"},"content":{"rendered":"\t\t<div data-elementor-type=\"wp-post\" data-elementor-id=\"2\" class=\"elementor elementor-2 elementor-bc-flex-widget\" data-elementor-post-type=\"page\">\n\t\t\t\t\t\t<section class=\"elementor-section elementor-top-section elementor-element elementor-element-79a0338 elementor-section-boxed elementor-section-height-default elementor-section-height-default\" data-id=\"79a0338\" data-element_type=\"section\">\n\t\t\t\t\t\t<div class=\"elementor-container elementor-column-gap-default\">\n\t\t\t\t\t<div class=\"elementor-column elementor-col-100 elementor-top-column elementor-element elementor-element-aaeb76f\" data-id=\"aaeb76f\" data-element_type=\"column\">\n\t\t\t<div class=\"elementor-widget-wrap elementor-element-populated\">\n\t\t\t\t\t\t<div class=\"elementor-element elementor-element-b321c60 elementor-widget elementor-widget-heading\" data-id=\"b321c60\" data-element_type=\"widget\" data-widget_type=\"heading.default\">\n\t\t\t\t<div class=\"elementor-widget-container\">\n\t\t\t\t\t<h2 class=\"elementor-heading-title elementor-size-xl\">Redaktionen<\/h2>\t\t\t\t<\/div>\n\t\t\t\t<\/div>\n\t\t\t\t\t<\/div>\n\t\t<\/div>\n\t\t\t\t\t<\/div>\n\t\t<\/section>\n\t\t\t\t<section class=\"elementor-section elementor-top-section elementor-element elementor-element-9a8db46 elementor-section-boxed elementor-section-height-default elementor-section-height-default\" data-id=\"9a8db46\" data-element_type=\"section\">\n\t\t\t\t\t\t<div class=\"elementor-container elementor-column-gap-default\">\n\t\t\t\t\t<div class=\"elementor-column elementor-col-100 elementor-top-column elementor-element elementor-element-f8ec267\" data-id=\"f8ec267\" data-element_type=\"column\">\n\t\t\t<div class=\"elementor-widget-wrap elementor-element-populated\">\n\t\t\t\t\t\t<div class=\"elementor-element elementor-element-9f5800f elementor-widget-divider--view-line elementor-widget elementor-widget-divider\" data-id=\"9f5800f\" data-element_type=\"widget\" data-widget_type=\"divider.default\">\n\t\t\t\t<div class=\"elementor-widget-container\">\n\t\t\t\t\t\t\t<div class=\"elementor-divider\">\n\t\t\t<span class=\"elementor-divider-separator\">\n\t\t\t\t\t\t<\/span>\n\t\t<\/div>\n\t\t\t\t\t\t<\/div>\n\t\t\t\t<\/div>\n\t\t\t\t<div class=\"elementor-element elementor-element-2e5c262 elementor-widget elementor-widget-text-editor\" data-id=\"2e5c262\" data-element_type=\"widget\" data-widget_type=\"text-editor.default\">\n\t\t\t\t<div class=\"elementor-widget-container\">\n\t\t\t\t\t\t\t\t\t<p><strong>LoKalmar<\/strong> \u00e4r en lokal webbtidning som drivs av journaliststudenter fr\u00e5n Linn\u00e9univeritetet. Vi f\u00f6rmedlar dagsaktuella nyheter som ska intressera alla i Kalmar l\u00e4n.<\/p><p>Har du tips till redaktionen eller undrar du n\u00e5got? Tveka inte p\u00e5 att h\u00f6ra av dig till oss p\u00e5\u00a0<a href=\"mailto:lokalmarredaktion@gmail.com\">lokalmarredaktion@gmail.com<\/a><\/p>\t\t\t\t\t\t\t\t<\/div>\n\t\t\t\t<\/div>\n\t\t\t\t\t<\/div>\n\t\t<\/div>\n\t\t\t\t\t<\/div>\n\t\t<\/section>\n\t\t\t\t<section class=\"elementor-section elementor-top-section elementor-element elementor-element-7605614 elementor-section-boxed elementor-section-height-default elementor-section-height-default\" data-id=\"7605614\" data-element_type=\"section\">\n\t\t\t\t\t\t<div class=\"elementor-container elementor-column-gap-default\">\n\t\t\t\t\t<div class=\"elementor-column elementor-col-100 elementor-top-column elementor-element elementor-element-c3c97d3\" data-id=\"c3c97d3\" data-element_type=\"column\">\n\t\t\t<div class=\"elementor-widget-wrap elementor-element-populated\">\n\t\t\t\t\t\t<div class=\"elementor-element elementor-element-4d0d8f4 elementor-widget-divider--view-line elementor-widget elementor-widget-divider\" data-id=\"4d0d8f4\" data-element_type=\"widget\" data-widget_type=\"divider.default\">\n\t\t\t\t<div class=\"elementor-widget-container\">\n\t\t\t\t\t\t\t<div class=\"elementor-divider\">\n\t\t\t<span class=\"elementor-divider-separator\">\n\t\t\t\t\t\t<\/span>\n\t\t<\/div>\n\t\t\t\t\t\t<\/div>\n\t\t\t\t<\/div>\n\t\t\t\t\t<\/div>\n\t\t<\/div>\n\t\t\t\t\t<\/div>\n\t\t<\/section>\n\t\t\t\t<section class=\"elementor-section elementor-top-section elementor-element elementor-element-9fccf52 elementor-section-boxed elementor-section-height-default elementor-section-height-default\" data-id=\"9fccf52\" data-element_type=\"section\">\n\t\t\t\t\t\t<div class=\"elementor-container elementor-column-gap-default\">\n\t\t\t\t\t<div class=\"elementor-column elementor-col-50 elementor-top-column elementor-element elementor-element-28779f8\" data-id=\"28779f8\" data-element_type=\"column\">\n\t\t\t<div class=\"elementor-widget-wrap elementor-element-populated\">\n\t\t\t\t\t\t<div class=\"elementor-element elementor-element-232385b elementor-widget elementor-widget-image\" data-id=\"232385b\" data-element_type=\"widget\" data-widget_type=\"image.default\">\n\t\t\t\t<div class=\"elementor-widget-container\">\n\t\t\t\t\t\t\t\t\t\t\t\t\t\t\t<img fetchpriority=\"high\" decoding=\"async\" width=\"1024\" height=\"1024\" src=\"https:\/\/medieproduktion.lnu.se\/lokalmar\/wp-content\/uploads\/sites\/469\/2021\/02\/Sigrid_Headshot-1024x1024.jpg\" class=\"attachment-large size-large wp-image-397\" alt=\"Sigrid st\u00e5r mot en v\u00e4gg.\" srcset=\"https:\/\/medieproduktion.lnu.se\/lokalmar\/wp-content\/uploads\/sites\/469\/2021\/02\/Sigrid_Headshot-1024x1024.jpg 1024w, https:\/\/medieproduktion.lnu.se\/lokalmar\/wp-content\/uploads\/sites\/469\/2021\/02\/Sigrid_Headshot-150x150.jpg 150w, https:\/\/medieproduktion.lnu.se\/lokalmar\/wp-content\/uploads\/sites\/469\/2021\/02\/Sigrid_Headshot-300x300.jpg 300w, https:\/\/medieproduktion.lnu.se\/lokalmar\/wp-content\/uploads\/sites\/469\/2021\/02\/Sigrid_Headshot-768x768.jpg 768w, https:\/\/medieproduktion.lnu.se\/lokalmar\/wp-content\/uploads\/sites\/469\/2021\/02\/Sigrid_Headshot.jpg 2000w\" sizes=\"(max-width: 1024px) 100vw, 1024px\" \/>\t\t\t\t\t\t\t\t\t\t\t\t\t\t\t<\/div>\n\t\t\t\t<\/div>\n\t\t\t\t\t<\/div>\n\t\t<\/div>\n\t\t\t\t<div class=\"elementor-column elementor-col-50 elementor-top-column elementor-element elementor-element-db8653e\" data-id=\"db8653e\" data-element_type=\"column\">\n\t\t\t<div class=\"elementor-widget-wrap elementor-element-populated\">\n\t\t\t\t\t\t<div class=\"elementor-element elementor-element-aff5f44 elementor-widget elementor-widget-text-editor\" data-id=\"aff5f44\" data-element_type=\"widget\" data-widget_type=\"text-editor.default\">\n\t\t\t\t<div class=\"elementor-widget-container\">\n\t\t\t\t\t\t\t\t\t<p>\u00a0<\/p><p><a href=\"http:\/\/medieproduktion.lnu.se\/lokalmar\/author\/jom19ash223un\/\">Sigrid Hallqvist<\/a><\/p>\t\t\t\t\t\t\t\t<\/div>\n\t\t\t\t<\/div>\n\t\t\t\t<div class=\"elementor-element elementor-element-a1d85a9 elementor-widget elementor-widget-text-editor\" data-id=\"a1d85a9\" data-element_type=\"widget\" data-widget_type=\"text-editor.default\">\n\t\t\t\t<div class=\"elementor-widget-container\">\n\t\t\t\t\t\t\t\t\t<p>Reporter \/ sigridhallqvist@gmail.com<\/p>\t\t\t\t\t\t\t\t<\/div>\n\t\t\t\t<\/div>\n\t\t\t\t\t<\/div>\n\t\t<\/div>\n\t\t\t\t\t<\/div>\n\t\t<\/section>\n\t\t\t\t<section class=\"elementor-section elementor-top-section elementor-element elementor-element-c13cc3e elementor-section-boxed elementor-section-height-default elementor-section-height-default\" data-id=\"c13cc3e\" data-element_type=\"section\">\n\t\t\t\t\t\t<div class=\"elementor-container elementor-column-gap-default\">\n\t\t\t\t\t<div class=\"elementor-column elementor-col-100 elementor-top-column elementor-element elementor-element-ee7a522\" data-id=\"ee7a522\" data-element_type=\"column\">\n\t\t\t<div class=\"elementor-widget-wrap elementor-element-populated\">\n\t\t\t\t\t\t<div class=\"elementor-element elementor-element-545afcf elementor-widget-divider--view-line elementor-widget elementor-widget-divider\" data-id=\"545afcf\" data-element_type=\"widget\" data-widget_type=\"divider.default\">\n\t\t\t\t<div class=\"elementor-widget-container\">\n\t\t\t\t\t\t\t<div class=\"elementor-divider\">\n\t\t\t<span class=\"elementor-divider-separator\">\n\t\t\t\t\t\t<\/span>\n\t\t<\/div>\n\t\t\t\t\t\t<\/div>\n\t\t\t\t<\/div>\n\t\t\t\t\t<\/div>\n\t\t<\/div>\n\t\t\t\t\t<\/div>\n\t\t<\/section>\n\t\t\t\t<section class=\"elementor-section elementor-top-section elementor-element elementor-element-3e5675b elementor-section-boxed elementor-section-height-default elementor-section-height-default\" data-id=\"3e5675b\" data-element_type=\"section\">\n\t\t\t\t\t\t<div class=\"elementor-container elementor-column-gap-default\">\n\t\t\t\t\t<div class=\"elementor-column elementor-col-50 elementor-top-column elementor-element elementor-element-5777227\" data-id=\"5777227\" data-element_type=\"column\">\n\t\t\t<div class=\"elementor-widget-wrap elementor-element-populated\">\n\t\t\t\t\t\t<div class=\"elementor-element elementor-element-d867396 elementor-widget elementor-widget-text-editor\" data-id=\"d867396\" data-element_type=\"widget\" data-widget_type=\"text-editor.default\">\n\t\t\t\t<div class=\"elementor-widget-container\">\n\t\t\t\t\t\t\t\t\t<p><strong>\u00a0<\/strong><\/p><p><a href=\"http:\/\/medieproduktion.lnu.se\/lokalmar\/author\/jom19es224pc\/\"><strong>Erik Selander<\/strong><\/a><\/p>\t\t\t\t\t\t\t\t<\/div>\n\t\t\t\t<\/div>\n\t\t\t\t<div class=\"elementor-element elementor-element-9f4a25a elementor-widget elementor-widget-text-editor\" data-id=\"9f4a25a\" data-element_type=\"widget\" data-widget_type=\"text-editor.default\">\n\t\t\t\t<div class=\"elementor-widget-container\">\n\t\t\t\t\t\t\t\t\t<p>Reporter \/es224pc@student.lnu.se<\/p>\t\t\t\t\t\t\t\t<\/div>\n\t\t\t\t<\/div>\n\t\t\t\t\t<\/div>\n\t\t<\/div>\n\t\t\t\t<div class=\"elementor-column elementor-col-50 elementor-top-column elementor-element elementor-element-de7113f\" data-id=\"de7113f\" data-element_type=\"column\">\n\t\t\t<div class=\"elementor-widget-wrap elementor-element-populated\">\n\t\t\t\t\t\t<div class=\"elementor-element elementor-element-f6eeec8 elementor-widget elementor-widget-image\" data-id=\"f6eeec8\" data-element_type=\"widget\" data-widget_type=\"image.default\">\n\t\t\t\t<div class=\"elementor-widget-container\">\n\t\t\t\t\t\t\t\t\t\t\t\t\t\t\t<img decoding=\"async\" width=\"1024\" height=\"1024\" src=\"https:\/\/medieproduktion.lnu.se\/lokalmar\/wp-content\/uploads\/sites\/469\/2021\/02\/Erik_headshot-1024x1024.jpg\" class=\"attachment-large size-large wp-image-395\" alt=\"Erik st\u00e5r mot en v\u00e4gg.\" srcset=\"https:\/\/medieproduktion.lnu.se\/lokalmar\/wp-content\/uploads\/sites\/469\/2021\/02\/Erik_headshot-1024x1024.jpg 1024w, https:\/\/medieproduktion.lnu.se\/lokalmar\/wp-content\/uploads\/sites\/469\/2021\/02\/Erik_headshot-150x150.jpg 150w, https:\/\/medieproduktion.lnu.se\/lokalmar\/wp-content\/uploads\/sites\/469\/2021\/02\/Erik_headshot-300x300.jpg 300w, https:\/\/medieproduktion.lnu.se\/lokalmar\/wp-content\/uploads\/sites\/469\/2021\/02\/Erik_headshot-768x768.jpg 768w, https:\/\/medieproduktion.lnu.se\/lokalmar\/wp-content\/uploads\/sites\/469\/2021\/02\/Erik_headshot.jpg 2000w\" sizes=\"(max-width: 1024px) 100vw, 1024px\" \/>\t\t\t\t\t\t\t\t\t\t\t\t\t\t\t<\/div>\n\t\t\t\t<\/div>\n\t\t\t\t\t<\/div>\n\t\t<\/div>\n\t\t\t\t\t<\/div>\n\t\t<\/section>\n\t\t\t\t<section class=\"elementor-section elementor-top-section elementor-element elementor-element-5d9d20f elementor-section-boxed elementor-section-height-default elementor-section-height-default\" data-id=\"5d9d20f\" data-element_type=\"section\">\n\t\t\t\t\t\t<div class=\"elementor-container elementor-column-gap-default\">\n\t\t\t\t\t<div class=\"elementor-column elementor-col-100 elementor-top-column elementor-element elementor-element-e42b84b\" data-id=\"e42b84b\" data-element_type=\"column\">\n\t\t\t<div class=\"elementor-widget-wrap elementor-element-populated\">\n\t\t\t\t\t\t<div class=\"elementor-element elementor-element-05c9739 elementor-widget-divider--view-line elementor-widget elementor-widget-divider\" data-id=\"05c9739\" data-element_type=\"widget\" data-widget_type=\"divider.default\">\n\t\t\t\t<div class=\"elementor-widget-container\">\n\t\t\t\t\t\t\t<div class=\"elementor-divider\">\n\t\t\t<span class=\"elementor-divider-separator\">\n\t\t\t\t\t\t<\/span>\n\t\t<\/div>\n\t\t\t\t\t\t<\/div>\n\t\t\t\t<\/div>\n\t\t\t\t\t<\/div>\n\t\t<\/div>\n\t\t\t\t\t<\/div>\n\t\t<\/section>\n\t\t\t\t<section class=\"elementor-section elementor-top-section elementor-element elementor-element-cb34714 elementor-section-boxed elementor-section-height-default elementor-section-height-default\" data-id=\"cb34714\" data-element_type=\"section\">\n\t\t\t\t\t\t<div class=\"elementor-container elementor-column-gap-default\">\n\t\t\t\t\t<div class=\"elementor-column elementor-col-50 elementor-top-column elementor-element elementor-element-97311b7\" data-id=\"97311b7\" data-element_type=\"column\">\n\t\t\t<div class=\"elementor-widget-wrap elementor-element-populated\">\n\t\t\t\t\t\t<div class=\"elementor-element elementor-element-6bbfd4d elementor-widget elementor-widget-image\" data-id=\"6bbfd4d\" data-element_type=\"widget\" data-widget_type=\"image.default\">\n\t\t\t\t<div class=\"elementor-widget-container\">\n\t\t\t\t\t\t\t\t\t\t\t\t\t\t\t<img decoding=\"async\" width=\"1024\" height=\"1024\" src=\"https:\/\/medieproduktion.lnu.se\/lokalmar\/wp-content\/uploads\/sites\/469\/2021\/02\/Ronan_Headshot-1024x1024.jpg\" class=\"attachment-large size-large wp-image-396\" alt=\"Ronan st\u00e5r mot en v\u00e4gg.\" srcset=\"https:\/\/medieproduktion.lnu.se\/lokalmar\/wp-content\/uploads\/sites\/469\/2021\/02\/Ronan_Headshot-1024x1024.jpg 1024w, https:\/\/medieproduktion.lnu.se\/lokalmar\/wp-content\/uploads\/sites\/469\/2021\/02\/Ronan_Headshot-150x150.jpg 150w, https:\/\/medieproduktion.lnu.se\/lokalmar\/wp-content\/uploads\/sites\/469\/2021\/02\/Ronan_Headshot-300x300.jpg 300w, https:\/\/medieproduktion.lnu.se\/lokalmar\/wp-content\/uploads\/sites\/469\/2021\/02\/Ronan_Headshot-768x768.jpg 768w, https:\/\/medieproduktion.lnu.se\/lokalmar\/wp-content\/uploads\/sites\/469\/2021\/02\/Ronan_Headshot.jpg 2000w\" sizes=\"(max-width: 1024px) 100vw, 1024px\" \/>\t\t\t\t\t\t\t\t\t\t\t\t\t\t\t<\/div>\n\t\t\t\t<\/div>\n\t\t\t\t\t<\/div>\n\t\t<\/div>\n\t\t\t\t<div class=\"elementor-column elementor-col-50 elementor-top-column elementor-element elementor-element-78bb82f\" data-id=\"78bb82f\" data-element_type=\"column\">\n\t\t\t<div class=\"elementor-widget-wrap elementor-element-populated\">\n\t\t\t\t\t\t<div class=\"elementor-element elementor-element-63bdbdf elementor-widget elementor-widget-text-editor\" data-id=\"63bdbdf\" data-element_type=\"widget\" data-widget_type=\"text-editor.default\">\n\t\t\t\t<div class=\"elementor-widget-container\">\n\t\t\t\t\t\t\t\t\t<p>\u00a0<\/p><p><strong><a href=\"http:\/\/medieproduktion.lnu.se\/lokalmar\/author\/jom19rh222qi\/\">Ronan Hagman<\/a><br \/><\/strong><\/p>\t\t\t\t\t\t\t\t<\/div>\n\t\t\t\t<\/div>\n\t\t\t\t<div class=\"elementor-element elementor-element-59b08c0 elementor-widget elementor-widget-text-editor\" data-id=\"59b08c0\" data-element_type=\"widget\" data-widget_type=\"text-editor.default\">\n\t\t\t\t<div class=\"elementor-widget-container\">\n\t\t\t\t\t\t\t\t\t<p>Reporter \/ rh222qi@student.lnu.se<\/p>\t\t\t\t\t\t\t\t<\/div>\n\t\t\t\t<\/div>\n\t\t\t\t\t<\/div>\n\t\t<\/div>\n\t\t\t\t\t<\/div>\n\t\t<\/section>\n\t\t\t\t<section class=\"elementor-section elementor-top-section elementor-element elementor-element-fbad910 elementor-section-boxed elementor-section-height-default elementor-section-height-default\" data-id=\"fbad910\" data-element_type=\"section\">\n\t\t\t\t\t\t<div class=\"elementor-container elementor-column-gap-default\">\n\t\t\t\t\t<div class=\"elementor-column elementor-col-100 elementor-top-column elementor-element elementor-element-bd0a64d\" data-id=\"bd0a64d\" data-element_type=\"column\">\n\t\t\t<div class=\"elementor-widget-wrap elementor-element-populated\">\n\t\t\t\t\t\t<div class=\"elementor-element elementor-element-8e87fd4 elementor-widget-divider--view-line elementor-widget elementor-widget-divider\" data-id=\"8e87fd4\" data-element_type=\"widget\" data-widget_type=\"divider.default\">\n\t\t\t\t<div class=\"elementor-widget-container\">\n\t\t\t\t\t\t\t<div class=\"elementor-divider\">\n\t\t\t<span class=\"elementor-divider-separator\">\n\t\t\t\t\t\t<\/span>\n\t\t<\/div>\n\t\t\t\t\t\t<\/div>\n\t\t\t\t<\/div>\n\t\t\t\t\t<\/div>\n\t\t<\/div>\n\t\t\t\t\t<\/div>\n\t\t<\/section>\n\t\t\t\t<section class=\"elementor-section elementor-top-section elementor-element elementor-element-68c23a2 elementor-section-boxed elementor-section-height-default elementor-section-height-default\" data-id=\"68c23a2\" data-element_type=\"section\">\n\t\t\t\t\t\t<div class=\"elementor-container elementor-column-gap-default\">\n\t\t\t\t\t<div class=\"elementor-column elementor-col-50 elementor-top-column elementor-element elementor-element-dee8b0c\" data-id=\"dee8b0c\" data-element_type=\"column\">\n\t\t\t<div class=\"elementor-widget-wrap elementor-element-populated\">\n\t\t\t\t\t\t<div class=\"elementor-element elementor-element-dd91acd elementor-widget elementor-widget-text-editor\" data-id=\"dd91acd\" data-element_type=\"widget\" data-widget_type=\"text-editor.default\">\n\t\t\t\t<div class=\"elementor-widget-container\">\n\t\t\t\t\t\t\t\t\t<p>\u00a0<\/p><p><a href=\"http:\/\/medieproduktion.lnu.se\/lokalmar\/author\/jom19en223cj\/\">Elin Nilsson<\/a><\/p>\t\t\t\t\t\t\t\t<\/div>\n\t\t\t\t<\/div>\n\t\t\t\t<div class=\"elementor-element elementor-element-7b73b20 elementor-widget elementor-widget-text-editor\" data-id=\"7b73b20\" data-element_type=\"widget\" data-widget_type=\"text-editor.default\">\n\t\t\t\t<div class=\"elementor-widget-container\">\n\t\t\t\t\t\t\t\t\t<p>Reporter \/ en223cj@student.lnu.se<\/p>\t\t\t\t\t\t\t\t<\/div>\n\t\t\t\t<\/div>\n\t\t\t\t\t<\/div>\n\t\t<\/div>\n\t\t\t\t<div class=\"elementor-column elementor-col-50 elementor-top-column elementor-element elementor-element-a8cd4c5\" data-id=\"a8cd4c5\" data-element_type=\"column\">\n\t\t\t<div class=\"elementor-widget-wrap elementor-element-populated\">\n\t\t\t\t\t\t<div class=\"elementor-element elementor-element-bd7cd64 elementor-widget elementor-widget-image\" data-id=\"bd7cd64\" data-element_type=\"widget\" data-widget_type=\"image.default\">\n\t\t\t\t<div class=\"elementor-widget-container\">\n\t\t\t\t\t\t\t\t\t\t\t\t\t\t\t<img loading=\"lazy\" decoding=\"async\" width=\"1024\" height=\"1024\" src=\"https:\/\/medieproduktion.lnu.se\/lokalmar\/wp-content\/uploads\/sites\/469\/2021\/02\/Elin_Headshot-1024x1024.jpg\" class=\"attachment-large size-large wp-image-394\" alt=\"Elin st\u00e5r mot en v\u00e4gg.\" srcset=\"https:\/\/medieproduktion.lnu.se\/lokalmar\/wp-content\/uploads\/sites\/469\/2021\/02\/Elin_Headshot-1024x1024.jpg 1024w, https:\/\/medieproduktion.lnu.se\/lokalmar\/wp-content\/uploads\/sites\/469\/2021\/02\/Elin_Headshot-150x150.jpg 150w, https:\/\/medieproduktion.lnu.se\/lokalmar\/wp-content\/uploads\/sites\/469\/2021\/02\/Elin_Headshot-300x300.jpg 300w, https:\/\/medieproduktion.lnu.se\/lokalmar\/wp-content\/uploads\/sites\/469\/2021\/02\/Elin_Headshot-768x768.jpg 768w, https:\/\/medieproduktion.lnu.se\/lokalmar\/wp-content\/uploads\/sites\/469\/2021\/02\/Elin_Headshot.jpg 2000w\" sizes=\"(max-width: 1024px) 100vw, 1024px\" \/>\t\t\t\t\t\t\t\t\t\t\t\t\t\t\t<\/div>\n\t\t\t\t<\/div>\n\t\t\t\t\t<\/div>\n\t\t<\/div>\n\t\t\t\t\t<\/div>\n\t\t<\/section>\n\t\t\t\t<section class=\"elementor-section elementor-top-section elementor-element elementor-element-fe33ba9 elementor-section-boxed elementor-section-height-default elementor-section-height-default\" data-id=\"fe33ba9\" data-element_type=\"section\">\n\t\t\t\t\t\t<div class=\"elementor-container elementor-column-gap-default\">\n\t\t\t\t\t<div class=\"elementor-column elementor-col-100 elementor-top-column elementor-element elementor-element-88510cd\" data-id=\"88510cd\" data-element_type=\"column\">\n\t\t\t<div class=\"elementor-widget-wrap elementor-element-populated\">\n\t\t\t\t\t\t<div class=\"elementor-element elementor-element-43e9d76 elementor-widget-divider--view-line elementor-widget elementor-widget-divider\" data-id=\"43e9d76\" data-element_type=\"widget\" data-widget_type=\"divider.default\">\n\t\t\t\t<div class=\"elementor-widget-container\">\n\t\t\t\t\t\t\t<div class=\"elementor-divider\">\n\t\t\t<span class=\"elementor-divider-separator\">\n\t\t\t\t\t\t<\/span>\n\t\t<\/div>\n\t\t\t\t\t\t<\/div>\n\t\t\t\t<\/div>\n\t\t\t\t\t<\/div>\n\t\t<\/div>\n\t\t\t\t\t<\/div>\n\t\t<\/section>\n\t\t\t\t<\/div>\n\t\t","protected":false},"excerpt":{"rendered":"<p>Redaktionen LoKalmar \u00e4r en lokal webbtidning som drivs av journaliststudenter fr\u00e5n Linn\u00e9univeritetet. Vi f\u00f6rmedlar dagsaktuella nyheter som ska intressera alla i Kalmar l\u00e4n. Har du tips till redaktionen eller undrar du n\u00e5got? Tveka inte p\u00e5 att h\u00f6ra av dig till oss p\u00e5\u00a0lokalmarredaktion@gmail.com Sigrid Hallqvist Reporter \/ sigridhallqvist@gmail.com \u00a0 Erik Selander Reporter \/es224pc@student.lnu.se Ronan Hagman Reporter &#8230; <a title=\"Redaktionen\" class=\"read-more\" href=\"https:\/\/medieproduktion.lnu.se\/lokalmar\/redaktionen\/\" aria-label=\"L\u00e4s mer om Redaktionen\">L\u00e4s mer<\/a><\/p>\n","protected":false},"author":384,"featured_media":0,"parent":0,"menu_order":0,"comment_status":"closed","ping_status":"closed","template":"","meta":{"footnotes":""},"class_list":["post-2","page","type-page","status-publish"],"_links":{"self":[{"href":"https:\/\/medieproduktion.lnu.se\/lokalmar\/wp-json\/wp\/v2\/pages\/2","targetHints":{"allow":["GET"]}}],"collection":[{"href":"https:\/\/medieproduktion.lnu.se\/lokalmar\/wp-json\/wp\/v2\/pages"}],"about":[{"href":"https:\/\/medieproduktion.lnu.se\/lokalmar\/wp-json\/wp\/v2\/types\/page"}],"author":[{"embeddable":true,"href":"https:\/\/medieproduktion.lnu.se\/lokalmar\/wp-json\/wp\/v2\/users\/384"}],"replies":[{"embeddable":true,"href":"https:\/\/medieproduktion.lnu.se\/lokalmar\/wp-json\/wp\/v2\/comments?post=2"}],"version-history":[{"count":167,"href":"https:\/\/medieproduktion.lnu.se\/lokalmar\/wp-json\/wp\/v2\/pages\/2\/revisions"}],"predecessor-version":[{"id":1113,"href":"https:\/\/medieproduktion.lnu.se\/lokalmar\/wp-json\/wp\/v2\/pages\/2\/revisions\/1113"}],"wp:attachment":[{"href":"https:\/\/medieproduktion.lnu.se\/lokalmar\/wp-json\/wp\/v2\/media?parent=2"}],"curies":[{"name":"wp","href":"https:\/\/api.w.org\/{rel}","templated":true}]}}