{"id":112,"date":"2019-02-05T14:29:30","date_gmt":"2019-02-05T13:29:30","guid":{"rendered":"http:\/\/medieproduktion.lnu.se\/linnebladet\/?page_id=112"},"modified":"2019-02-21T16:26:59","modified_gmt":"2019-02-21T15:26:59","slug":"elementor-112","status":"publish","type":"page","link":"https:\/\/medieproduktion.lnu.se\/linnebladet\/","title":{"rendered":"Elementor #112"},"content":{"rendered":"\t\t<div data-elementor-type=\"wp-post\" data-elementor-id=\"112\" class=\"elementor elementor-112 elementor-bc-flex-widget\" data-elementor-post-type=\"page\">\n\t\t\t\t\t\t<section class=\"elementor-section elementor-top-section elementor-element elementor-element-20fc3826 elementor-section-boxed elementor-section-height-default elementor-section-height-default\" data-id=\"20fc3826\" data-element_type=\"section\">\n\t\t\t\t\t\t<div class=\"elementor-container elementor-column-gap-default\">\n\t\t\t\t\t<div class=\"elementor-column elementor-col-100 elementor-top-column elementor-element elementor-element-6b229bff\" data-id=\"6b229bff\" data-element_type=\"column\">\n\t\t\t<div class=\"elementor-widget-wrap elementor-element-populated\">\n\t\t\t\t\t\t<div class=\"elementor-element elementor-element-38dc7bf6 elementor-grid-1 elementor-grid-tablet-2 elementor-grid-mobile-1 elementor-posts--thumbnail-top elementor-widget elementor-widget-posts\" data-id=\"38dc7bf6\" data-element_type=\"widget\" data-settings=\"{&quot;classic_columns&quot;:&quot;1&quot;,&quot;classic_columns_tablet&quot;:&quot;2&quot;,&quot;classic_columns_mobile&quot;:&quot;1&quot;,&quot;classic_row_gap&quot;:{&quot;unit&quot;:&quot;px&quot;,&quot;size&quot;:35,&quot;sizes&quot;:[]},&quot;classic_row_gap_tablet&quot;:{&quot;unit&quot;:&quot;px&quot;,&quot;size&quot;:&quot;&quot;,&quot;sizes&quot;:[]},&quot;classic_row_gap_mobile&quot;:{&quot;unit&quot;:&quot;px&quot;,&quot;size&quot;:&quot;&quot;,&quot;sizes&quot;:[]}}\" data-widget_type=\"posts.classic\">\n\t\t\t\t<div class=\"elementor-widget-container\">\n\t\t\t\t\t\t\t<div class=\"elementor-posts-container elementor-posts elementor-posts--skin-classic elementor-grid\" role=\"list\">\n\t\t\t\t<article class=\"elementor-post elementor-grid-item post-863 post type-post status-publish format-standard has-post-thumbnail hentry category-nyheter tag-fanny-asplund tag-hjartsakra-kalmar tag-hjartstarta tag-hlr tag-linnebladet\" role=\"listitem\">\n\t\t\t\t<a class=\"elementor-post__thumbnail__link\" href=\"https:\/\/medieproduktion.lnu.se\/linnebladet\/nyheter\/bli-hjartsaker-pa-alla-hjartans-dag\/\" tabindex=\"-1\" >\n\t\t\t<div class=\"elementor-post__thumbnail\"><img fetchpriority=\"high\" decoding=\"async\" width=\"300\" height=\"225\" src=\"https:\/\/medieproduktion.lnu.se\/linnebladet\/wp-content\/uploads\/sites\/55\/2019\/02\/IMG_2832-300x225.jpg\" class=\"attachment-medium size-medium wp-image-871\" alt=\"Bild p\u00e5 n\u00e4r Ther\u00e9se Johansson l\u00e4r ut hj\u00e4rt-lungr\u00e4ddning till Linn\u00e9bladets reporter.\" srcset=\"https:\/\/medieproduktion.lnu.se\/linnebladet\/wp-content\/uploads\/sites\/55\/2019\/02\/IMG_2832-300x225.jpg 300w, https:\/\/medieproduktion.lnu.se\/linnebladet\/wp-content\/uploads\/sites\/55\/2019\/02\/IMG_2832-768x576.jpg 768w, https:\/\/medieproduktion.lnu.se\/linnebladet\/wp-content\/uploads\/sites\/55\/2019\/02\/IMG_2832-1024x768.jpg 1024w\" sizes=\"(max-width: 300px) 100vw, 300px\" \/><\/div>\n\t\t<\/a>\n\t\t\t\t<div class=\"elementor-post__text\">\n\t\t\t\t<h3 class=\"elementor-post__title\">\n\t\t\t<a href=\"https:\/\/medieproduktion.lnu.se\/linnebladet\/nyheter\/bli-hjartsaker-pa-alla-hjartans-dag\/\" >\n\t\t\t\tBli hj\u00e4rts\u00e4ker p\u00e5 alla hj\u00e4rtans dag\t\t\t<\/a>\n\t\t<\/h3>\n\t\t\t\t<div class=\"elementor-post__meta-data\">\n\t\t\t\t\t<span class=\"elementor-post-date\">\n\t\t\t14\/02\/2019\t\t<\/span>\n\t\t\t\t<span class=\"elementor-post-time\">\n\t\t\t14:54\t\t<\/span>\n\t\t\t\t<\/div>\n\t\t\t\t<div class=\"elementor-post__excerpt\">\n\t\t\t<p>Nina Berg, sjuksk\u00f6terska: Om allt g\u00e5r r\u00e4tt till fr\u00e5n b\u00f6rjan, kan man r\u00e4dda 7 av 10 hj\u00e4rtstopp. <\/p>\n\t\t<\/div>\n\t\t\t\t<\/div>\n\t\t\t\t<\/article>\n\t\t\t\t<\/div>\n\t\t\n\t\t\t\t\t\t<\/div>\n\t\t\t\t<\/div>\n\t\t\t\t\t<\/div>\n\t\t<\/div>\n\t\t\t\t\t<\/div>\n\t\t<\/section>\n\t\t\t\t<section class=\"elementor-section elementor-top-section elementor-element elementor-element-e8253e8 elementor-section-boxed elementor-section-height-default elementor-section-height-default\" data-id=\"e8253e8\" data-element_type=\"section\">\n\t\t\t\t\t\t<div class=\"elementor-container elementor-column-gap-default\">\n\t\t\t\t\t<div class=\"elementor-column elementor-col-100 elementor-top-column elementor-element elementor-element-b04f19a\" data-id=\"b04f19a\" data-element_type=\"column\">\n\t\t\t<div class=\"elementor-widget-wrap elementor-element-populated\">\n\t\t\t\t\t\t<div class=\"elementor-element elementor-element-7dd73e4 elementor-widget-divider--view-line elementor-widget elementor-widget-divider\" data-id=\"7dd73e4\" data-element_type=\"widget\" data-widget_type=\"divider.default\">\n\t\t\t\t<div class=\"elementor-widget-container\">\n\t\t\t\t\t\t\t<div class=\"elementor-divider\">\n\t\t\t<span class=\"elementor-divider-separator\">\n\t\t\t\t\t\t<\/span>\n\t\t<\/div>\n\t\t\t\t\t\t<\/div>\n\t\t\t\t<\/div>\n\t\t\t\t\t<\/div>\n\t\t<\/div>\n\t\t\t\t\t<\/div>\n\t\t<\/section>\n\t\t\t\t<section class=\"elementor-section elementor-top-section elementor-element elementor-element-11430a18 elementor-section-boxed elementor-section-height-default elementor-section-height-default\" data-id=\"11430a18\" data-element_type=\"section\">\n\t\t\t\t\t\t<div class=\"elementor-container elementor-column-gap-default\">\n\t\t\t\t\t<div class=\"elementor-column elementor-col-50 elementor-top-column elementor-element elementor-element-258ca1a8\" data-id=\"258ca1a8\" data-element_type=\"column\">\n\t\t\t<div class=\"elementor-widget-wrap elementor-element-populated\">\n\t\t\t\t\t\t<div class=\"elementor-element elementor-element-3070248a elementor-grid-1 elementor-grid-tablet-2 elementor-grid-mobile-1 elementor-posts--thumbnail-top elementor-widget elementor-widget-posts\" data-id=\"3070248a\" data-element_type=\"widget\" data-settings=\"{&quot;classic_columns&quot;:&quot;1&quot;,&quot;classic_columns_tablet&quot;:&quot;2&quot;,&quot;classic_columns_mobile&quot;:&quot;1&quot;,&quot;classic_row_gap&quot;:{&quot;unit&quot;:&quot;px&quot;,&quot;size&quot;:35,&quot;sizes&quot;:[]},&quot;classic_row_gap_tablet&quot;:{&quot;unit&quot;:&quot;px&quot;,&quot;size&quot;:&quot;&quot;,&quot;sizes&quot;:[]},&quot;classic_row_gap_mobile&quot;:{&quot;unit&quot;:&quot;px&quot;,&quot;size&quot;:&quot;&quot;,&quot;sizes&quot;:[]}}\" data-widget_type=\"posts.classic\">\n\t\t\t\t<div class=\"elementor-widget-container\">\n\t\t\t\t\t\t\t<div class=\"elementor-posts-container elementor-posts elementor-posts--skin-classic elementor-grid\" role=\"list\">\n\t\t\t\t<article class=\"elementor-post elementor-grid-item post-1033 post type-post status-publish format-standard has-post-thumbnail hentry category-webb-tv tag-cancer tag-larmtorget tag-linnebladet tag-ljusmanifestation tag-ronja-zirnsack\" role=\"listitem\">\n\t\t\t\t<a class=\"elementor-post__thumbnail__link\" href=\"https:\/\/medieproduktion.lnu.se\/linnebladet\/webb-tv\/ljusmanifestation-pa-larmtorget\/\" tabindex=\"-1\" >\n\t\t\t<div class=\"elementor-post__thumbnail\"><img decoding=\"async\" width=\"300\" height=\"169\" src=\"https:\/\/medieproduktion.lnu.se\/linnebladet\/wp-content\/uploads\/sites\/55\/2019\/02\/Ljusmanifestation-2019-02-18-kl.-13.20.33-300x169.png\" class=\"attachment-medium size-medium wp-image-1040\" alt=\"N\u00e4rbild p\u00e5 marschaller.\" srcset=\"https:\/\/medieproduktion.lnu.se\/linnebladet\/wp-content\/uploads\/sites\/55\/2019\/02\/Ljusmanifestation-2019-02-18-kl.-13.20.33-300x169.png 300w, https:\/\/medieproduktion.lnu.se\/linnebladet\/wp-content\/uploads\/sites\/55\/2019\/02\/Ljusmanifestation-2019-02-18-kl.-13.20.33-768x431.png 768w, https:\/\/medieproduktion.lnu.se\/linnebladet\/wp-content\/uploads\/sites\/55\/2019\/02\/Ljusmanifestation-2019-02-18-kl.-13.20.33-1024x575.png 1024w\" sizes=\"(max-width: 300px) 100vw, 300px\" \/><\/div>\n\t\t<\/a>\n\t\t\t\t<div class=\"elementor-post__text\">\n\t\t\t\t<h3 class=\"elementor-post__title\">\n\t\t\t<a href=\"https:\/\/medieproduktion.lnu.se\/linnebladet\/webb-tv\/ljusmanifestation-pa-larmtorget\/\" >\n\t\t\t\tLjusmanifestation p\u00e5 Larmtorget\t\t\t<\/a>\n\t\t<\/h3>\n\t\t\t\t<div class=\"elementor-post__meta-data\">\n\t\t\t\t\t<span class=\"elementor-post-date\">\n\t\t\t18\/02\/2019\t\t<\/span>\n\t\t\t\t<span class=\"elementor-post-time\">\n\t\t\t13:17\t\t<\/span>\n\t\t\t\t<\/div>\n\t\t\t\t<div class=\"elementor-post__excerpt\">\n\t\t\t<p>Barncancerfonden h\u00f6ll i fredags en ljusmanifestation f\u00f6r barncancer p\u00e5 Larmtorget i Kalmar genom att t\u00e4nda marschaller.<\/p>\n\t\t<\/div>\n\t\t\t\t<\/div>\n\t\t\t\t<\/article>\n\t\t\t\t<\/div>\n\t\t\n\t\t\t\t\t\t<\/div>\n\t\t\t\t<\/div>\n\t\t\t\t\t<\/div>\n\t\t<\/div>\n\t\t\t\t<div class=\"elementor-column elementor-col-50 elementor-top-column elementor-element elementor-element-6f11737\" data-id=\"6f11737\" data-element_type=\"column\">\n\t\t\t<div class=\"elementor-widget-wrap elementor-element-populated\">\n\t\t\t\t\t\t<div class=\"elementor-element elementor-element-5e96a8c elementor-grid-1 elementor-grid-tablet-2 elementor-grid-mobile-1 elementor-posts--thumbnail-top elementor-widget elementor-widget-posts\" data-id=\"5e96a8c\" data-element_type=\"widget\" data-settings=\"{&quot;classic_columns&quot;:&quot;1&quot;,&quot;classic_columns_tablet&quot;:&quot;2&quot;,&quot;classic_columns_mobile&quot;:&quot;1&quot;,&quot;classic_row_gap&quot;:{&quot;unit&quot;:&quot;px&quot;,&quot;size&quot;:35,&quot;sizes&quot;:[]},&quot;classic_row_gap_tablet&quot;:{&quot;unit&quot;:&quot;px&quot;,&quot;size&quot;:&quot;&quot;,&quot;sizes&quot;:[]},&quot;classic_row_gap_mobile&quot;:{&quot;unit&quot;:&quot;px&quot;,&quot;size&quot;:&quot;&quot;,&quot;sizes&quot;:[]}}\" data-widget_type=\"posts.classic\">\n\t\t\t\t<div class=\"elementor-widget-container\">\n\t\t\t\t\t\t\t<div class=\"elementor-posts-container elementor-posts elementor-posts--skin-classic elementor-grid\" role=\"list\">\n\t\t\t\t<article class=\"elementor-post elementor-grid-item post-697 post type-post status-publish format-standard has-post-thumbnail hentry category-nyheter tag-bianca-sporrong tag-forlosa tag-linnebladet tag-mord tag-nyheter\" role=\"listitem\">\n\t\t\t\t<a class=\"elementor-post__thumbnail__link\" href=\"https:\/\/medieproduktion.lnu.se\/linnebladet\/nyheter\/omtalade-mordgarden-i-forlosa-till-salu\/\" tabindex=\"-1\" >\n\t\t\t<div class=\"elementor-post__thumbnail\"><img decoding=\"async\" width=\"300\" height=\"225\" src=\"https:\/\/medieproduktion.lnu.se\/linnebladet\/wp-content\/uploads\/sites\/55\/2019\/02\/f\u00f6rl\u00f6sa-300x225.jpg\" class=\"attachment-medium size-medium wp-image-700\" alt=\"Bild p\u00e5 huset d\u00e4r F\u00f6rl\u00f6samordet \u00e4gde rum\" srcset=\"https:\/\/medieproduktion.lnu.se\/linnebladet\/wp-content\/uploads\/sites\/55\/2019\/02\/f\u00f6rl\u00f6sa-300x225.jpg 300w, https:\/\/medieproduktion.lnu.se\/linnebladet\/wp-content\/uploads\/sites\/55\/2019\/02\/f\u00f6rl\u00f6sa-768x576.jpg 768w, https:\/\/medieproduktion.lnu.se\/linnebladet\/wp-content\/uploads\/sites\/55\/2019\/02\/f\u00f6rl\u00f6sa-1024x768.jpg 1024w, https:\/\/medieproduktion.lnu.se\/linnebladet\/wp-content\/uploads\/sites\/55\/2019\/02\/f\u00f6rl\u00f6sa.jpg 2016w\" sizes=\"(max-width: 300px) 100vw, 300px\" \/><\/div>\n\t\t<\/a>\n\t\t\t\t<div class=\"elementor-post__text\">\n\t\t\t\t<h3 class=\"elementor-post__title\">\n\t\t\t<a href=\"https:\/\/medieproduktion.lnu.se\/linnebladet\/nyheter\/omtalade-mordgarden-i-forlosa-till-salu\/\" >\n\t\t\t\tOmtalade mordg\u00e5rden i F\u00f6rl\u00f6sa till salu\t\t\t<\/a>\n\t\t<\/h3>\n\t\t\t\t<div class=\"elementor-post__meta-data\">\n\t\t\t\t\t<span class=\"elementor-post-date\">\n\t\t\t13\/02\/2019\t\t<\/span>\n\t\t\t\t<span class=\"elementor-post-time\">\n\t\t\t11:36\t\t<\/span>\n\t\t\t\t<\/div>\n\t\t\t\t<div class=\"elementor-post__excerpt\">\n\t\t\t<p>Trots g\u00e5rdens m\u00f6rka historia tror m\u00e4klaren Anders Bernhardsson inte att den kommer bli sv\u00e5r att s\u00e4lja. <\/p>\n\t\t<\/div>\n\t\t\t\t<\/div>\n\t\t\t\t<\/article>\n\t\t\t\t<\/div>\n\t\t\n\t\t\t\t\t\t<\/div>\n\t\t\t\t<\/div>\n\t\t\t\t\t<\/div>\n\t\t<\/div>\n\t\t\t\t\t<\/div>\n\t\t<\/section>\n\t\t\t\t<section class=\"elementor-section elementor-top-section elementor-element elementor-element-70d9bacd elementor-section-boxed elementor-section-height-default elementor-section-height-default\" data-id=\"70d9bacd\" data-element_type=\"section\">\n\t\t\t\t\t\t<div class=\"elementor-container elementor-column-gap-default\">\n\t\t\t\t\t<div class=\"elementor-column elementor-col-100 elementor-top-column elementor-element elementor-element-ee62b47\" data-id=\"ee62b47\" data-element_type=\"column\">\n\t\t\t<div class=\"elementor-widget-wrap elementor-element-populated\">\n\t\t\t\t\t\t<div class=\"elementor-element elementor-element-57f0dca elementor-widget-divider--view-line elementor-widget elementor-widget-divider\" data-id=\"57f0dca\" data-element_type=\"widget\" data-widget_type=\"divider.default\">\n\t\t\t\t<div class=\"elementor-widget-container\">\n\t\t\t\t\t\t\t<div class=\"elementor-divider\">\n\t\t\t<span class=\"elementor-divider-separator\">\n\t\t\t\t\t\t<\/span>\n\t\t<\/div>\n\t\t\t\t\t\t<\/div>\n\t\t\t\t<\/div>\n\t\t\t\t\t<\/div>\n\t\t<\/div>\n\t\t\t\t\t<\/div>\n\t\t<\/section>\n\t\t\t\t<section class=\"elementor-section elementor-top-section elementor-element elementor-element-1e0a68d elementor-section-boxed elementor-section-height-default elementor-section-height-default\" data-id=\"1e0a68d\" data-element_type=\"section\">\n\t\t\t\t\t\t<div class=\"elementor-container elementor-column-gap-default\">\n\t\t\t\t\t<div class=\"elementor-column elementor-col-33 elementor-top-column elementor-element elementor-element-2a65789\" data-id=\"2a65789\" data-element_type=\"column\">\n\t\t\t<div class=\"elementor-widget-wrap elementor-element-populated\">\n\t\t\t\t\t\t<div class=\"elementor-element elementor-element-6b343bf elementor-grid-1 elementor-posts--align-left elementor-grid-tablet-2 elementor-grid-mobile-1 elementor-posts--thumbnail-top elementor-card-shadow-yes elementor-posts__hover-gradient elementor-widget elementor-widget-posts\" data-id=\"6b343bf\" data-element_type=\"widget\" data-settings=\"{&quot;cards_columns&quot;:&quot;1&quot;,&quot;cards_columns_tablet&quot;:&quot;2&quot;,&quot;cards_columns_mobile&quot;:&quot;1&quot;,&quot;cards_row_gap&quot;:{&quot;unit&quot;:&quot;px&quot;,&quot;size&quot;:35,&quot;sizes&quot;:[]},&quot;cards_row_gap_tablet&quot;:{&quot;unit&quot;:&quot;px&quot;,&quot;size&quot;:&quot;&quot;,&quot;sizes&quot;:[]},&quot;cards_row_gap_mobile&quot;:{&quot;unit&quot;:&quot;px&quot;,&quot;size&quot;:&quot;&quot;,&quot;sizes&quot;:[]}}\" data-widget_type=\"posts.cards\">\n\t\t\t\t<div class=\"elementor-widget-container\">\n\t\t\t\t\t\t\t<div class=\"elementor-posts-container elementor-posts elementor-posts--skin-cards elementor-grid\" role=\"list\">\n\t\t\t\t<article class=\"elementor-post elementor-grid-item post-1094 post type-post status-publish format-standard has-post-thumbnail hentry category-nyheter tag-ingemar-einarsson tag-isabelle-haag tag-johan-perssobn tag-kalmar tag-klimat tag-klimatfragor tag-klimatpolitik tag-linnebladet tag-miljo tag-miljopolitik\" role=\"listitem\">\n\t\t\t<div class=\"elementor-post__card\">\n\t\t\t\t<a class=\"elementor-post__thumbnail__link\" href=\"https:\/\/medieproduktion.lnu.se\/linnebladet\/nyheter\/okad-uppmarksamhet-for-klimatfragor-vi-har-kortare-tid\/\" tabindex=\"-1\" ><div class=\"elementor-post__thumbnail\"><img loading=\"lazy\" decoding=\"async\" width=\"300\" height=\"292\" src=\"https:\/\/medieproduktion.lnu.se\/linnebladet\/wp-content\/uploads\/sites\/55\/2019\/02\/kommunenspressbild_isabelle-300x292.jpg\" class=\"attachment-medium size-medium wp-image-1153\" alt=\"Profilbild p\u00e5 kommunalr\u00e5det Ingemar Einarsson, f\u00f6r Centerpartiet i Kalmar kommun.\" srcset=\"https:\/\/medieproduktion.lnu.se\/linnebladet\/wp-content\/uploads\/sites\/55\/2019\/02\/kommunenspressbild_isabelle-300x292.jpg 300w, https:\/\/medieproduktion.lnu.se\/linnebladet\/wp-content\/uploads\/sites\/55\/2019\/02\/kommunenspressbild_isabelle-768x747.jpg 768w, https:\/\/medieproduktion.lnu.se\/linnebladet\/wp-content\/uploads\/sites\/55\/2019\/02\/kommunenspressbild_isabelle-1024x997.jpg 1024w\" sizes=\"(max-width: 300px) 100vw, 300px\" \/><\/div><\/a>\n\t\t\t\t<div class=\"elementor-post__badge\">Nyheter<\/div>\n\t\t\t\t<div class=\"elementor-post__text\">\n\t\t\t\t<h3 class=\"elementor-post__title\">\n\t\t\t<a href=\"https:\/\/medieproduktion.lnu.se\/linnebladet\/nyheter\/okad-uppmarksamhet-for-klimatfragor-vi-har-kortare-tid\/\" >\n\t\t\t\t\u00d6kad uppm\u00e4rksamhet f\u00f6r klimatfr\u00e5gor &#8211; \u201cVi har kortare tid\u201d\t\t\t<\/a>\n\t\t<\/h3>\n\t\t\t\t<div class=\"elementor-post__excerpt\">\n\t\t\t<p>Har 16-\u00e5riga Greta Thunbergs Fridays for future-klimatstrejk lett till n\u00e5got ut\u00f6kat klimatarbete i Kalmar?<\/p>\n\t\t<\/div>\n\t\t\t\t<\/div>\n\t\t\t\t<div class=\"elementor-post__meta-data\">\n\t\t\t\t\t<span class=\"elementor-post-date\">\n\t\t\t19\/02\/2019\t\t<\/span>\n\t\t\t\t<span class=\"elementor-post-time\">\n\t\t\t11:27\t\t<\/span>\n\t\t\t\t<\/div>\n\t\t\t\t\t<\/div>\n\t\t<\/article>\n\t\t\t\t<\/div>\n\t\t\n\t\t\t\t\t\t<\/div>\n\t\t\t\t<\/div>\n\t\t\t\t\t<\/div>\n\t\t<\/div>\n\t\t\t\t<div class=\"elementor-column elementor-col-33 elementor-top-column elementor-element elementor-element-ce401ea\" data-id=\"ce401ea\" data-element_type=\"column\">\n\t\t\t<div class=\"elementor-widget-wrap elementor-element-populated\">\n\t\t\t\t\t\t<div class=\"elementor-element elementor-element-234ab50 elementor-grid-1 elementor-grid-tablet-2 elementor-grid-mobile-1 elementor-posts--thumbnail-top elementor-card-shadow-yes elementor-posts__hover-gradient elementor-widget elementor-widget-posts\" data-id=\"234ab50\" data-element_type=\"widget\" data-settings=\"{&quot;cards_columns&quot;:&quot;1&quot;,&quot;cards_columns_tablet&quot;:&quot;2&quot;,&quot;cards_columns_mobile&quot;:&quot;1&quot;,&quot;cards_row_gap&quot;:{&quot;unit&quot;:&quot;px&quot;,&quot;size&quot;:35,&quot;sizes&quot;:[]},&quot;cards_row_gap_tablet&quot;:{&quot;unit&quot;:&quot;px&quot;,&quot;size&quot;:&quot;&quot;,&quot;sizes&quot;:[]},&quot;cards_row_gap_mobile&quot;:{&quot;unit&quot;:&quot;px&quot;,&quot;size&quot;:&quot;&quot;,&quot;sizes&quot;:[]}}\" data-widget_type=\"posts.cards\">\n\t\t\t\t<div class=\"elementor-widget-container\">\n\t\t\t\t\t\t\t<div class=\"elementor-posts-container elementor-posts elementor-posts--skin-cards elementor-grid\" role=\"list\">\n\t\t\t\t<article class=\"elementor-post elementor-grid-item post-1217 post type-post status-publish format-standard has-post-thumbnail hentry category-webb-tv tag-aventyrsbad tag-jose-martin tag-linnebladet tag-simma tag-sjojungfrusim\" role=\"listitem\">\n\t\t\t<div class=\"elementor-post__card\">\n\t\t\t\t<a class=\"elementor-post__thumbnail__link\" href=\"https:\/\/medieproduktion.lnu.se\/linnebladet\/webb-tv\/sjojungfrusim-intar-aventyrsbadet-i-kalmar\/\" tabindex=\"-1\" ><div class=\"elementor-post__thumbnail\"><img loading=\"lazy\" decoding=\"async\" width=\"300\" height=\"169\" src=\"https:\/\/medieproduktion.lnu.se\/linnebladet\/wp-content\/uploads\/sites\/55\/2019\/02\/sjojungfru2.Still001-300x169.jpg\" class=\"attachment-medium size-medium wp-image-1227\" alt=\"Bild fr\u00e5n \u00e4ventyrsbadets &quot;sj\u00f6jungfrusim&quot;. Bilden f\u00f6rest\u00e4ller badande m\u00e4nniskor med stj\u00e4rtfenor.\" srcset=\"https:\/\/medieproduktion.lnu.se\/linnebladet\/wp-content\/uploads\/sites\/55\/2019\/02\/sjojungfru2.Still001-300x169.jpg 300w, https:\/\/medieproduktion.lnu.se\/linnebladet\/wp-content\/uploads\/sites\/55\/2019\/02\/sjojungfru2.Still001-768x432.jpg 768w, https:\/\/medieproduktion.lnu.se\/linnebladet\/wp-content\/uploads\/sites\/55\/2019\/02\/sjojungfru2.Still001-1024x576.jpg 1024w, https:\/\/medieproduktion.lnu.se\/linnebladet\/wp-content\/uploads\/sites\/55\/2019\/02\/sjojungfru2.Still001.jpg 1280w\" sizes=\"(max-width: 300px) 100vw, 300px\" \/><\/div><\/a>\n\t\t\t\t<div class=\"elementor-post__badge\">Webb-TV<\/div>\n\t\t\t\t<div class=\"elementor-post__text\">\n\t\t\t\t<h3 class=\"elementor-post__title\">\n\t\t\t<a href=\"https:\/\/medieproduktion.lnu.se\/linnebladet\/webb-tv\/sjojungfrusim-intar-aventyrsbadet-i-kalmar\/\" >\n\t\t\t\tSj\u00f6jungfrusim intar \u00c4ventyrsbadet i Kalmar\t\t\t<\/a>\n\t\t<\/h3>\n\t\t\t\t<div class=\"elementor-post__excerpt\">\n\t\t\t<p>Barn och unga fick l\u00e4ra sig den r\u00e4tta tekniken f\u00f6r att simma som en \u00e4kta sj\u00f6jungfru p\u00e5 \u00e4ventyrsbadet i Kalmar i g\u00e5r.<\/p>\n\t\t<\/div>\n\t\t\t\t<\/div>\n\t\t\t\t<div class=\"elementor-post__meta-data\">\n\t\t\t\t\t<span class=\"elementor-post-date\">\n\t\t\t19\/02\/2019\t\t<\/span>\n\t\t\t\t<span class=\"elementor-post-time\">\n\t\t\t14:21\t\t<\/span>\n\t\t\t\t<\/div>\n\t\t\t\t\t<\/div>\n\t\t<\/article>\n\t\t\t\t<\/div>\n\t\t\n\t\t\t\t\t\t<\/div>\n\t\t\t\t<\/div>\n\t\t\t\t\t<\/div>\n\t\t<\/div>\n\t\t\t\t<div class=\"elementor-column elementor-col-33 elementor-top-column elementor-element elementor-element-d597784\" data-id=\"d597784\" data-element_type=\"column\">\n\t\t\t<div class=\"elementor-widget-wrap elementor-element-populated\">\n\t\t\t\t\t\t<div class=\"elementor-element elementor-element-269db07 elementor-grid-1 elementor-grid-tablet-2 elementor-grid-mobile-1 elementor-posts--thumbnail-top elementor-card-shadow-yes elementor-posts__hover-gradient elementor-widget elementor-widget-posts\" data-id=\"269db07\" data-element_type=\"widget\" data-settings=\"{&quot;cards_columns&quot;:&quot;1&quot;,&quot;cards_columns_tablet&quot;:&quot;2&quot;,&quot;cards_columns_mobile&quot;:&quot;1&quot;,&quot;cards_row_gap&quot;:{&quot;unit&quot;:&quot;px&quot;,&quot;size&quot;:35,&quot;sizes&quot;:[]},&quot;cards_row_gap_tablet&quot;:{&quot;unit&quot;:&quot;px&quot;,&quot;size&quot;:&quot;&quot;,&quot;sizes&quot;:[]},&quot;cards_row_gap_mobile&quot;:{&quot;unit&quot;:&quot;px&quot;,&quot;size&quot;:&quot;&quot;,&quot;sizes&quot;:[]}}\" data-widget_type=\"posts.cards\">\n\t\t\t\t<div class=\"elementor-widget-container\">\n\t\t\t\t\t\t\t<div class=\"elementor-posts-container elementor-posts elementor-posts--skin-cards elementor-grid\" role=\"list\">\n\t\t\t\t<article class=\"elementor-post elementor-grid-item post-580 post type-post status-publish format-standard has-post-thumbnail hentry category-nyheter tag-linnebladet tag-misstankta-man tag-ronja-zirnsack tag-stenbergsparken tag-valtakt\" role=\"listitem\">\n\t\t\t<div class=\"elementor-post__card\">\n\t\t\t\t<a class=\"elementor-post__thumbnail__link\" href=\"https:\/\/medieproduktion.lnu.se\/linnebladet\/nyheter\/misstankt-valdtakt-i-stensbergsparken\/\" tabindex=\"-1\" ><div class=\"elementor-post__thumbnail\"><img loading=\"lazy\" decoding=\"async\" width=\"300\" height=\"200\" src=\"https:\/\/medieproduktion.lnu.se\/linnebladet\/wp-content\/uploads\/sites\/55\/2019\/02\/POLISEN-300x200.jpg\" class=\"attachment-medium size-medium wp-image-995\" alt=\"Bild p\u00e5 polishuset i Kalmars fasad. Polisens logotyp syns.\" srcset=\"https:\/\/medieproduktion.lnu.se\/linnebladet\/wp-content\/uploads\/sites\/55\/2019\/02\/POLISEN-300x200.jpg 300w, https:\/\/medieproduktion.lnu.se\/linnebladet\/wp-content\/uploads\/sites\/55\/2019\/02\/POLISEN-768x512.jpg 768w, https:\/\/medieproduktion.lnu.se\/linnebladet\/wp-content\/uploads\/sites\/55\/2019\/02\/POLISEN-1024x683.jpg 1024w\" sizes=\"(max-width: 300px) 100vw, 300px\" \/><\/div><\/a>\n\t\t\t\t<div class=\"elementor-post__badge\">Nyheter<\/div>\n\t\t\t\t<div class=\"elementor-post__text\">\n\t\t\t\t<h3 class=\"elementor-post__title\">\n\t\t\t<a href=\"https:\/\/medieproduktion.lnu.se\/linnebladet\/nyheter\/misstankt-valdtakt-i-stensbergsparken\/\" >\n\t\t\t\tMisst\u00e4nkt v\u00e5ldt\u00e4kt i Stensbergsparken\t\t\t<\/a>\n\t\t<\/h3>\n\t\t\t\t<div class=\"elementor-post__excerpt\">\n\t\t\t<p>En kvinna misst\u00e4nkts ha blivit v\u00e5ldtagen vid 21-tiden under m\u00e5ndagskv\u00e4llen i Stenbergsparken. Nu \u00e4r tv\u00e5 m\u00e4n misst\u00e4nkta.<\/p>\n\t\t<\/div>\n\t\t\t\t<\/div>\n\t\t\t\t<div class=\"elementor-post__meta-data\">\n\t\t\t\t\t<span class=\"elementor-post-date\">\n\t\t\t12\/02\/2019\t\t<\/span>\n\t\t\t\t<span class=\"elementor-post-time\">\n\t\t\t10:57\t\t<\/span>\n\t\t\t\t<\/div>\n\t\t\t\t\t<\/div>\n\t\t<\/article>\n\t\t\t\t<\/div>\n\t\t\n\t\t\t\t\t\t<\/div>\n\t\t\t\t<\/div>\n\t\t\t\t\t<\/div>\n\t\t<\/div>\n\t\t\t\t\t<\/div>\n\t\t<\/section>\n\t\t\t\t<\/div>\n\t\t","protected":false},"excerpt":{"rendered":"","protected":false},"author":43,"featured_media":0,"parent":0,"menu_order":0,"comment_status":"closed","ping_status":"closed","template":"","meta":{"footnotes":""},"class_list":["post-112","page","type-page","status-publish","hentry"],"_links":{"self":[{"href":"https:\/\/medieproduktion.lnu.se\/linnebladet\/wp-json\/wp\/v2\/pages\/112","targetHints":{"allow":["GET"]}}],"collection":[{"href":"https:\/\/medieproduktion.lnu.se\/linnebladet\/wp-json\/wp\/v2\/pages"}],"about":[{"href":"https:\/\/medieproduktion.lnu.se\/linnebladet\/wp-json\/wp\/v2\/types\/page"}],"author":[{"embeddable":true,"href":"https:\/\/medieproduktion.lnu.se\/linnebladet\/wp-json\/wp\/v2\/users\/43"}],"replies":[{"embeddable":true,"href":"https:\/\/medieproduktion.lnu.se\/linnebladet\/wp-json\/wp\/v2\/comments?post=112"}],"version-history":[{"count":113,"href":"https:\/\/medieproduktion.lnu.se\/linnebladet\/wp-json\/wp\/v2\/pages\/112\/revisions"}],"predecessor-version":[{"id":1566,"href":"https:\/\/medieproduktion.lnu.se\/linnebladet\/wp-json\/wp\/v2\/pages\/112\/revisions\/1566"}],"wp:attachment":[{"href":"https:\/\/medieproduktion.lnu.se\/linnebladet\/wp-json\/wp\/v2\/media?parent=112"}],"curies":[{"name":"wp","href":"https:\/\/api.w.org\/{rel}","templated":true}]}}