{"id":97,"date":"2019-02-05T13:41:00","date_gmt":"2019-02-05T12:41:00","guid":{"rendered":"http:\/\/medieproduktion.lnu.se\/kung\/?page_id=97"},"modified":"2019-02-05T13:41:22","modified_gmt":"2019-02-05T12:41:22","slug":"debatt","status":"publish","type":"page","link":"https:\/\/medieproduktion.lnu.se\/kung\/debatt\/","title":{"rendered":"Debatt"},"content":{"rendered":"\t\t<div data-elementor-type=\"wp-post\" data-elementor-id=\"97\" class=\"elementor elementor-97 elementor-bc-flex-widget\" data-elementor-post-type=\"page\">\n\t\t\t\t\t\t<section class=\"elementor-section elementor-top-section elementor-element elementor-element-2f4bf53 elementor-section-boxed elementor-section-height-default elementor-section-height-default\" data-id=\"2f4bf53\" data-element_type=\"section\">\n\t\t\t\t\t\t<div class=\"elementor-container elementor-column-gap-default\">\n\t\t\t\t\t<div class=\"elementor-column elementor-col-100 elementor-top-column elementor-element elementor-element-042eaf6\" data-id=\"042eaf6\" data-element_type=\"column\">\n\t\t\t<div class=\"elementor-widget-wrap elementor-element-populated\">\n\t\t\t\t\t\t<div class=\"elementor-element elementor-element-bebc8d2 elementor-widget elementor-widget-template\" data-id=\"bebc8d2\" data-element_type=\"widget\" data-widget_type=\"template.default\">\n\t\t\t\t<div class=\"elementor-widget-container\">\n\t\t\t\t\t\t\t<div class=\"elementor-template\">\n\t\t\t\t\t<div data-elementor-type=\"page\" data-elementor-id=\"81\" class=\"elementor elementor-81 elementor-bc-flex-widget\" data-elementor-post-type=\"elementor_library\">\n\t\t\t\t\t\t<section class=\"elementor-section elementor-top-section elementor-element elementor-element-56ff6ae elementor-section-boxed elementor-section-height-default elementor-section-height-default\" data-id=\"56ff6ae\" data-element_type=\"section\" data-settings=\"{&quot;background_background&quot;:&quot;classic&quot;}\">\n\t\t\t\t\t\t<div class=\"elementor-container elementor-column-gap-default\">\n\t\t\t\t\t<div class=\"elementor-column elementor-col-100 elementor-top-column elementor-element elementor-element-8dc82d8\" data-id=\"8dc82d8\" data-element_type=\"column\">\n\t\t\t<div class=\"elementor-widget-wrap elementor-element-populated\">\n\t\t\t\t\t\t<div class=\"elementor-element elementor-element-8c75d2a elementor-widget elementor-widget-heading\" data-id=\"8c75d2a\" data-element_type=\"widget\" data-widget_type=\"heading.default\">\n\t\t\t\t<div class=\"elementor-widget-container\">\n\t\t\t\t\t<h2 class=\"elementor-heading-title elementor-size-default\">Debatt<\/h2>\t\t\t\t<\/div>\n\t\t\t\t<\/div>\n\t\t\t\t\t<\/div>\n\t\t<\/div>\n\t\t\t\t\t<\/div>\n\t\t<\/section>\n\t\t\t\t<section class=\"elementor-section elementor-top-section elementor-element elementor-element-640eb81 elementor-section-boxed elementor-section-height-default elementor-section-height-default\" data-id=\"640eb81\" data-element_type=\"section\">\n\t\t\t\t\t\t<div class=\"elementor-container elementor-column-gap-extended\">\n\t\t\t\t\t<div class=\"elementor-column elementor-col-50 elementor-top-column elementor-element elementor-element-d21e465\" data-id=\"d21e465\" data-element_type=\"column\">\n\t\t\t<div class=\"elementor-widget-wrap elementor-element-populated\">\n\t\t\t\t\t\t<div class=\"elementor-element elementor-element-1c5041b elementor-grid-1 teaser-dot elementor-grid-tablet-1 elementor-grid-mobile-1 elementor-posts--thumbnail-top elementor-widget elementor-widget-posts\" data-id=\"1c5041b\" data-element_type=\"widget\" data-settings=\"{&quot;classic_columns&quot;:&quot;1&quot;,&quot;classic_columns_tablet&quot;:&quot;1&quot;,&quot;classic_columns_mobile&quot;:&quot;1&quot;,&quot;classic_row_gap&quot;:{&quot;unit&quot;:&quot;px&quot;,&quot;size&quot;:35,&quot;sizes&quot;:[]},&quot;classic_row_gap_tablet&quot;:{&quot;unit&quot;:&quot;px&quot;,&quot;size&quot;:&quot;&quot;,&quot;sizes&quot;:[]},&quot;classic_row_gap_mobile&quot;:{&quot;unit&quot;:&quot;px&quot;,&quot;size&quot;:&quot;&quot;,&quot;sizes&quot;:[]}}\" data-widget_type=\"posts.classic\">\n\t\t\t\t<div class=\"elementor-widget-container\">\n\t\t\t\t\t\t\t<div class=\"elementor-posts-container elementor-posts elementor-posts--skin-classic elementor-grid\" role=\"list\">\n\t\t\t\t<article class=\"elementor-post elementor-grid-item post-981 post type-post status-publish format-standard has-post-thumbnail hentry category-debatt tag-artikel\" role=\"listitem\">\n\t\t\t\t<a class=\"elementor-post__thumbnail__link\" href=\"https:\/\/medieproduktion.lnu.se\/kung\/debatt\/har-det-inte-inte-gatt-for-langt-nu\/\" tabindex=\"-1\" >\n\t\t\t<div class=\"elementor-post__thumbnail\"><img fetchpriority=\"high\" decoding=\"async\" width=\"768\" height=\"471\" src=\"https:\/\/medieproduktion.lnu.se\/kung\/wp-content\/uploads\/sites\/59\/2019\/02\/ellendebatt-06-768x471.png\" class=\"attachment-medium_large size-medium_large wp-image-991\" alt=\"Ett kollage av en bild p\u00e5 en almanacka och v\u00e5r kr\u00f6nik\u00f6r Ellen Eriksson.\" srcset=\"https:\/\/medieproduktion.lnu.se\/kung\/wp-content\/uploads\/sites\/59\/2019\/02\/ellendebatt-06-768x471.png 768w, https:\/\/medieproduktion.lnu.se\/kung\/wp-content\/uploads\/sites\/59\/2019\/02\/ellendebatt-06-300x184.png 300w, https:\/\/medieproduktion.lnu.se\/kung\/wp-content\/uploads\/sites\/59\/2019\/02\/ellendebatt-06-1024x627.png 1024w, https:\/\/medieproduktion.lnu.se\/kung\/wp-content\/uploads\/sites\/59\/2019\/02\/ellendebatt-06.png 1668w\" sizes=\"(max-width: 768px) 100vw, 768px\" \/><\/div>\n\t\t<\/a>\n\t\t\t\t<div class=\"elementor-post__text\">\n\t\t\t\t<h3 class=\"elementor-post__title\">\n\t\t\t<a href=\"https:\/\/medieproduktion.lnu.se\/kung\/debatt\/har-det-inte-inte-gatt-for-langt-nu\/\" >\n\t\t\t\tHar det inte inte g\u00e5tt f\u00f6r l\u00e5ngt nu?\t\t\t<\/a>\n\t\t<\/h3>\n\t\t\t\t<div class=\"elementor-post__meta-data\">\n\t\t\t\t\t<span class=\"elementor-post-date\">\n\t\t\t19 februari, 2019\t\t<\/span>\n\t\t\t\t<span class=\"elementor-post-avatar\">\n\t\t\tInga kommentarer\t\t<\/span>\n\t\t\t\t<\/div>\n\t\t\t\t<div class=\"elementor-post__excerpt\">\n\t\t\t<p>Temadagar som g\u00e5r en p\u00e5 nerverna.<\/p>\n\t\t<\/div>\n\t\t\t\t<\/div>\n\t\t\t\t<\/article>\n\t\t\t\t<\/div>\n\t\t\n\t\t\t\t\t\t<\/div>\n\t\t\t\t<\/div>\n\t\t\t\t\t<\/div>\n\t\t<\/div>\n\t\t\t\t<div class=\"elementor-column elementor-col-50 elementor-top-column elementor-element elementor-element-67fef70\" data-id=\"67fef70\" data-element_type=\"column\">\n\t\t\t<div class=\"elementor-widget-wrap elementor-element-populated\">\n\t\t\t\t\t\t<div class=\"elementor-element elementor-element-a5be44b elementor-widget elementor-widget-heading\" data-id=\"a5be44b\" data-element_type=\"widget\" data-widget_type=\"heading.default\">\n\t\t\t\t<div class=\"elementor-widget-container\">\n\t\t\t\t\t<h2 class=\"elementor-heading-title elementor-size-default\">Senaste nytt:<\/h2>\t\t\t\t<\/div>\n\t\t\t\t<\/div>\n\t\t\t\t<div class=\"elementor-element elementor-element-5f8c0d5 elementor-grid-1 elementor-posts--thumbnail-none elementor-grid-tablet-1 elementor-grid-mobile-1 elementor-widget elementor-widget-posts\" data-id=\"5f8c0d5\" data-element_type=\"widget\" data-settings=\"{&quot;classic_columns&quot;:&quot;1&quot;,&quot;classic_row_gap&quot;:{&quot;unit&quot;:&quot;px&quot;,&quot;size&quot;:10,&quot;sizes&quot;:[]},&quot;classic_columns_tablet&quot;:&quot;1&quot;,&quot;classic_columns_mobile&quot;:&quot;1&quot;,&quot;classic_row_gap_tablet&quot;:{&quot;unit&quot;:&quot;px&quot;,&quot;size&quot;:&quot;&quot;,&quot;sizes&quot;:[]},&quot;classic_row_gap_mobile&quot;:{&quot;unit&quot;:&quot;px&quot;,&quot;size&quot;:&quot;&quot;,&quot;sizes&quot;:[]}}\" data-widget_type=\"posts.classic\">\n\t\t\t\t<div class=\"elementor-widget-container\">\n\t\t\t\t\t\t\t<div class=\"elementor-posts-container elementor-posts elementor-posts--skin-classic elementor-grid\" role=\"list\">\n\t\t\t\t<article class=\"elementor-post elementor-grid-item post-1232 post type-post status-publish format-standard has-post-thumbnail hentry category-sport tag-artikel\" role=\"listitem\">\n\t\t\t\t<div class=\"elementor-post__text\">\n\t\t\t\t<h3 class=\"elementor-post__title\">\n\t\t\t<a href=\"https:\/\/medieproduktion.lnu.se\/kung\/sport\/bildextra-ifk-berga-satte-punkt-for-forsasongen-med-malkalas\/\" >\n\t\t\t\tBildextra: IFK Berga satte punkt f\u00f6r f\u00f6rs\u00e4songen med m\u00e5lkalas\t\t\t<\/a>\n\t\t<\/h3>\n\t\t\t\t<div class=\"elementor-post__meta-data\">\n\t\t\t\t\t<span class=\"elementor-post-time\">\n\t\t\t18:59\t\t<\/span>\n\t\t\t\t<\/div>\n\t\t\t\t<\/div>\n\t\t\t\t<\/article>\n\t\t\t\t<article class=\"elementor-post elementor-grid-item post-1228 post type-post status-publish format-standard has-post-thumbnail hentry category-lokalt tag-artikel\" role=\"listitem\">\n\t\t\t\t<div class=\"elementor-post__text\">\n\t\t\t\t<h3 class=\"elementor-post__title\">\n\t\t\t<a href=\"https:\/\/medieproduktion.lnu.se\/kung\/lokalt\/varldspoesidagen-pa-stadsbiblioteket-i-kalmar\/\" >\n\t\t\t\tV\u00e4rldspoesidagen p\u00e5 stadsbiblioteket i Kalmar\t\t\t<\/a>\n\t\t<\/h3>\n\t\t\t\t<div class=\"elementor-post__meta-data\">\n\t\t\t\t\t<span class=\"elementor-post-time\">\n\t\t\t11:04\t\t<\/span>\n\t\t\t\t<\/div>\n\t\t\t\t<\/div>\n\t\t\t\t<\/article>\n\t\t\t\t<article class=\"elementor-post elementor-grid-item post-1148 post type-post status-publish format-standard has-post-thumbnail hentry category-lokalt tag-artikel\" role=\"listitem\">\n\t\t\t\t<div class=\"elementor-post__text\">\n\t\t\t\t<h3 class=\"elementor-post__title\">\n\t\t\t<a href=\"https:\/\/medieproduktion.lnu.se\/kung\/lokalt\/bildextra-smultronstallen-i-kalmar\/\" >\n\t\t\t\tBildextra: Kalmars smultronst\u00e4llen\t\t\t<\/a>\n\t\t<\/h3>\n\t\t\t\t<div class=\"elementor-post__meta-data\">\n\t\t\t\t\t<span class=\"elementor-post-time\">\n\t\t\t14:08\t\t<\/span>\n\t\t\t\t<\/div>\n\t\t\t\t<\/div>\n\t\t\t\t<\/article>\n\t\t\t\t<article class=\"elementor-post elementor-grid-item post-1143 post type-post status-publish format-standard has-post-thumbnail hentry category-webb-tv tag-video\" role=\"listitem\">\n\t\t\t\t<div class=\"elementor-post__text\">\n\t\t\t\t<h3 class=\"elementor-post__title\">\n\t\t\t<a href=\"https:\/\/medieproduktion.lnu.se\/kung\/webb-tv\/vad-hander-i-kroppen-nar-det-blir-var\/\" >\n\t\t\t\tVad h\u00e4nder i kroppen n\u00e4r det blir v\u00e5r?\t\t\t<\/a>\n\t\t<\/h3>\n\t\t\t\t<div class=\"elementor-post__meta-data\">\n\t\t\t\t\t<span class=\"elementor-post-time\">\n\t\t\t12:08\t\t<\/span>\n\t\t\t\t<\/div>\n\t\t\t\t<\/div>\n\t\t\t\t<\/article>\n\t\t\t\t<article class=\"elementor-post elementor-grid-item post-1062 post type-post status-publish format-standard has-post-thumbnail hentry category-sport tag-artikel\" role=\"listitem\">\n\t\t\t\t<div class=\"elementor-post__text\">\n\t\t\t\t<h3 class=\"elementor-post__title\">\n\t\t\t<a href=\"https:\/\/medieproduktion.lnu.se\/kung\/sport\/livet-efter-anorexin-en-elitidrottares-berattelse\/\" >\n\t\t\t\tLivet efter anorexin \u2013 en elitidrottares ber\u00e4ttelse\t\t\t<\/a>\n\t\t<\/h3>\n\t\t\t\t<div class=\"elementor-post__meta-data\">\n\t\t\t\t\t<span class=\"elementor-post-time\">\n\t\t\t10:47\t\t<\/span>\n\t\t\t\t<\/div>\n\t\t\t\t<\/div>\n\t\t\t\t<\/article>\n\t\t\t\t<article class=\"elementor-post elementor-grid-item post-1083 post type-post status-publish format-standard has-post-thumbnail hentry category-webb-tv tag-video\" role=\"listitem\">\n\t\t\t\t<div class=\"elementor-post__text\">\n\t\t\t\t<h3 class=\"elementor-post__title\">\n\t\t\t<a href=\"https:\/\/medieproduktion.lnu.se\/kung\/webb-tv\/fem-enkla-traningstips-for-nyborjaren\/\" >\n\t\t\t\tFem enkla tr\u00e4ningstips f\u00f6r nyb\u00f6rjaren\t\t\t<\/a>\n\t\t<\/h3>\n\t\t\t\t<div class=\"elementor-post__meta-data\">\n\t\t\t\t\t<span class=\"elementor-post-time\">\n\t\t\t10:47\t\t<\/span>\n\t\t\t\t<\/div>\n\t\t\t\t<\/div>\n\t\t\t\t<\/article>\n\t\t\t\t<article class=\"elementor-post elementor-grid-item post-1085 post type-post status-publish format-standard has-post-thumbnail hentry category-lokalt tag-artikel\" role=\"listitem\">\n\t\t\t\t<div class=\"elementor-post__text\">\n\t\t\t\t<h3 class=\"elementor-post__title\">\n\t\t\t<a href=\"https:\/\/medieproduktion.lnu.se\/kung\/lokalt\/stor-risk-for-grasbrander\/\" >\n\t\t\t\tStor risk f\u00f6r gr\u00e4sbr\u00e4nder\t\t\t<\/a>\n\t\t<\/h3>\n\t\t\t\t<div class=\"elementor-post__meta-data\">\n\t\t\t\t\t<span class=\"elementor-post-time\">\n\t\t\t10:47\t\t<\/span>\n\t\t\t\t<\/div>\n\t\t\t\t<\/div>\n\t\t\t\t<\/article>\n\t\t\t\t<article class=\"elementor-post elementor-grid-item post-1064 post type-post status-publish format-standard has-post-thumbnail hentry category-lokalt tag-artikel\" role=\"listitem\">\n\t\t\t\t<div class=\"elementor-post__text\">\n\t\t\t\t<h3 class=\"elementor-post__title\">\n\t\t\t<a href=\"https:\/\/medieproduktion.lnu.se\/kung\/lokalt\/pa-besok-hos-en-av-de-framsta-tatuerarna-i-kalmar\/\" >\n\t\t\t\tP\u00e5 bes\u00f6k hos en av de fr\u00e4msta tatuerarna i Kalmar\t\t\t<\/a>\n\t\t<\/h3>\n\t\t\t\t<div class=\"elementor-post__meta-data\">\n\t\t\t\t\t<span class=\"elementor-post-time\">\n\t\t\t10:46\t\t<\/span>\n\t\t\t\t<\/div>\n\t\t\t\t<\/div>\n\t\t\t\t<\/article>\n\t\t\t\t<\/div>\n\t\t\n\t\t\t\t\t\t<\/div>\n\t\t\t\t<\/div>\n\t\t\t\t\t<\/div>\n\t\t<\/div>\n\t\t\t\t\t<\/div>\n\t\t<\/section>\n\t\t\t\t<section class=\"elementor-section elementor-top-section elementor-element elementor-element-698c134 elementor-section-boxed elementor-section-height-default elementor-section-height-default\" data-id=\"698c134\" data-element_type=\"section\">\n\t\t\t\t\t\t<div class=\"elementor-container elementor-column-gap-extended\">\n\t\t\t\t\t<div class=\"elementor-column elementor-col-50 elementor-top-column elementor-element elementor-element-2862794\" data-id=\"2862794\" data-element_type=\"column\">\n\t\t\t<div class=\"elementor-widget-wrap elementor-element-populated\">\n\t\t\t\t\t\t<div class=\"elementor-element elementor-element-23f2bf4 elementor-grid-2 teaser-arrow elementor-grid-tablet-2 elementor-grid-mobile-1 elementor-posts--thumbnail-top elementor-widget elementor-widget-posts\" data-id=\"23f2bf4\" data-element_type=\"widget\" data-settings=\"{&quot;classic_columns&quot;:&quot;2&quot;,&quot;classic_columns_tablet&quot;:&quot;2&quot;,&quot;classic_columns_mobile&quot;:&quot;1&quot;,&quot;classic_row_gap&quot;:{&quot;unit&quot;:&quot;px&quot;,&quot;size&quot;:35,&quot;sizes&quot;:[]},&quot;classic_row_gap_tablet&quot;:{&quot;unit&quot;:&quot;px&quot;,&quot;size&quot;:&quot;&quot;,&quot;sizes&quot;:[]},&quot;classic_row_gap_mobile&quot;:{&quot;unit&quot;:&quot;px&quot;,&quot;size&quot;:&quot;&quot;,&quot;sizes&quot;:[]}}\" data-widget_type=\"posts.classic\">\n\t\t\t\t<div class=\"elementor-widget-container\">\n\t\t\t\t\t\t\t<div class=\"elementor-posts-container elementor-posts elementor-posts--skin-classic elementor-grid\" role=\"list\">\n\t\t\t\t<article class=\"elementor-post elementor-grid-item post-895 post type-post status-publish format-standard has-post-thumbnail hentry category-debatt tag-artikel\" role=\"listitem\">\n\t\t\t\t<a class=\"elementor-post__thumbnail__link\" href=\"https:\/\/medieproduktion.lnu.se\/kung\/debatt\/klimax-i-maktkampen-avgors-det-ikvall\/\" tabindex=\"-1\" >\n\t\t\t<div class=\"elementor-post__thumbnail\"><img decoding=\"async\" width=\"768\" height=\"471\" src=\"https:\/\/medieproduktion.lnu.se\/kung\/wp-content\/uploads\/sites\/59\/2019\/02\/simodebatt-06-768x471.png\" class=\"attachment-medium_large size-medium_large wp-image-955\" alt=\"Ett kollage med Kalmar HC:s skylt och v\u00e5r kr\u00f6nik\u00f6r Simon Tengberg.\" srcset=\"https:\/\/medieproduktion.lnu.se\/kung\/wp-content\/uploads\/sites\/59\/2019\/02\/simodebatt-06-768x471.png 768w, https:\/\/medieproduktion.lnu.se\/kung\/wp-content\/uploads\/sites\/59\/2019\/02\/simodebatt-06-300x184.png 300w, https:\/\/medieproduktion.lnu.se\/kung\/wp-content\/uploads\/sites\/59\/2019\/02\/simodebatt-06-1024x627.png 1024w, https:\/\/medieproduktion.lnu.se\/kung\/wp-content\/uploads\/sites\/59\/2019\/02\/simodebatt-06.png 1668w\" sizes=\"(max-width: 768px) 100vw, 768px\" \/><\/div>\n\t\t<\/a>\n\t\t\t\t<div class=\"elementor-post__text\">\n\t\t\t\t<h3 class=\"elementor-post__title\">\n\t\t\t<a href=\"https:\/\/medieproduktion.lnu.se\/kung\/debatt\/klimax-i-maktkampen-avgors-det-ikvall\/\" >\n\t\t\t\tKlimax i maktkampen \u2013 avg\u00f6rs det ikv\u00e4ll?\t\t\t<\/a>\n\t\t<\/h3>\n\t\t\t\t<div class=\"elementor-post__excerpt\">\n\t\t\t<p>V\u00e5r sportkr\u00f6nik\u00f6r tycker till inf\u00f6r kv\u00e4llens heta hockeyderby mellan Kalmar HC och Nybro Vikings.<\/p>\n\t\t<\/div>\n\t\t\t\t<\/div>\n\t\t\t\t<\/article>\n\t\t\t\t<article class=\"elementor-post elementor-grid-item post-735 post type-post status-publish format-standard has-post-thumbnail hentry category-debatt tag-artikel\" role=\"listitem\">\n\t\t\t\t<a class=\"elementor-post__thumbnail__link\" href=\"https:\/\/medieproduktion.lnu.se\/kung\/debatt\/flygdebatten-vs-svenska-influencers\/\" tabindex=\"-1\" >\n\t\t\t<div class=\"elementor-post__thumbnail\"><img decoding=\"async\" width=\"768\" height=\"471\" src=\"https:\/\/medieproduktion.lnu.se\/kung\/wp-content\/uploads\/sites\/59\/2019\/02\/flyg-kronika-06-768x471.png\" class=\"attachment-medium_large size-medium_large wp-image-797\" alt=\"Ett kollage med en bild p\u00e5 ett flygplan och v\u00e5r kr\u00f6nik\u00f6r Sofia Sandvik.\" srcset=\"https:\/\/medieproduktion.lnu.se\/kung\/wp-content\/uploads\/sites\/59\/2019\/02\/flyg-kronika-06-768x471.png 768w, https:\/\/medieproduktion.lnu.se\/kung\/wp-content\/uploads\/sites\/59\/2019\/02\/flyg-kronika-06-300x184.png 300w, https:\/\/medieproduktion.lnu.se\/kung\/wp-content\/uploads\/sites\/59\/2019\/02\/flyg-kronika-06-1024x627.png 1024w, https:\/\/medieproduktion.lnu.se\/kung\/wp-content\/uploads\/sites\/59\/2019\/02\/flyg-kronika-06.png 1668w\" sizes=\"(max-width: 768px) 100vw, 768px\" \/><\/div>\n\t\t<\/a>\n\t\t\t\t<div class=\"elementor-post__text\">\n\t\t\t\t<h3 class=\"elementor-post__title\">\n\t\t\t<a href=\"https:\/\/medieproduktion.lnu.se\/kung\/debatt\/flygdebatten-vs-svenska-influencers\/\" >\n\t\t\t\tFlygdebatten vs. svenska influencers\t\t\t<\/a>\n\t\t<\/h3>\n\t\t\t\t<div class=\"elementor-post__excerpt\">\n\t\t\t<p>Vilket ansvar har influencers g\u00e4llande flygets klimatp\u00e5verkan?<\/p>\n\t\t<\/div>\n\t\t\t\t<\/div>\n\t\t\t\t<\/article>\n\t\t\t\t<\/div>\n\t\t\n\t\t\t\t\t\t<\/div>\n\t\t\t\t<\/div>\n\t\t\t\t\t<\/div>\n\t\t<\/div>\n\t\t\t\t<div class=\"elementor-column elementor-col-50 elementor-top-column elementor-element elementor-element-e0042b9\" data-id=\"e0042b9\" data-element_type=\"column\">\n\t\t\t<div class=\"elementor-widget-wrap\">\n\t\t\t\t\t\t\t<\/div>\n\t\t<\/div>\n\t\t\t\t\t<\/div>\n\t\t<\/section>\n\t\t\t\t<section class=\"elementor-section elementor-top-section elementor-element elementor-element-589f47b elementor-section-boxed elementor-section-height-default elementor-section-height-default\" data-id=\"589f47b\" data-element_type=\"section\">\n\t\t\t\t\t\t<div class=\"elementor-container elementor-column-gap-extended\">\n\t\t\t\t\t<div class=\"elementor-column elementor-col-50 elementor-top-column elementor-element elementor-element-6578deb\" data-id=\"6578deb\" data-element_type=\"column\">\n\t\t\t<div class=\"elementor-widget-wrap elementor-element-populated\">\n\t\t\t\t\t\t<div class=\"elementor-element elementor-element-9c2d20d elementor-grid-1 teaser-dot elementor-grid-tablet-1 elementor-grid-mobile-1 elementor-posts--thumbnail-top elementor-widget elementor-widget-posts\" data-id=\"9c2d20d\" data-element_type=\"widget\" data-settings=\"{&quot;classic_columns&quot;:&quot;1&quot;,&quot;classic_columns_tablet&quot;:&quot;1&quot;,&quot;classic_columns_mobile&quot;:&quot;1&quot;,&quot;classic_row_gap&quot;:{&quot;unit&quot;:&quot;px&quot;,&quot;size&quot;:35,&quot;sizes&quot;:[]},&quot;classic_row_gap_tablet&quot;:{&quot;unit&quot;:&quot;px&quot;,&quot;size&quot;:&quot;&quot;,&quot;sizes&quot;:[]},&quot;classic_row_gap_mobile&quot;:{&quot;unit&quot;:&quot;px&quot;,&quot;size&quot;:&quot;&quot;,&quot;sizes&quot;:[]}}\" data-widget_type=\"posts.classic\">\n\t\t\t\t<div class=\"elementor-widget-container\">\n\t\t\t\t\t\t\t<div class=\"elementor-posts-container elementor-posts elementor-posts--skin-classic elementor-grid\" role=\"list\">\n\t\t\t\t<article class=\"elementor-post elementor-grid-item post-661 post type-post status-publish format-standard has-post-thumbnail hentry category-debatt tag-artikel\" role=\"listitem\">\n\t\t\t\t<a class=\"elementor-post__thumbnail__link\" href=\"https:\/\/medieproduktion.lnu.se\/kung\/debatt\/dags-att-sluta-normalisera-stress\/\" tabindex=\"-1\" >\n\t\t\t<div class=\"elementor-post__thumbnail\"><img loading=\"lazy\" decoding=\"async\" width=\"768\" height=\"471\" src=\"https:\/\/medieproduktion.lnu.se\/kung\/wp-content\/uploads\/sites\/59\/2019\/02\/stress-kronika-06-768x471.png\" class=\"attachment-medium_large size-medium_large wp-image-796\" alt=\"Ett kollage av en stressad man och v\u00e5r kr\u00f6nik\u00f6r Emilie Jurak.\" srcset=\"https:\/\/medieproduktion.lnu.se\/kung\/wp-content\/uploads\/sites\/59\/2019\/02\/stress-kronika-06-768x471.png 768w, https:\/\/medieproduktion.lnu.se\/kung\/wp-content\/uploads\/sites\/59\/2019\/02\/stress-kronika-06-300x184.png 300w, https:\/\/medieproduktion.lnu.se\/kung\/wp-content\/uploads\/sites\/59\/2019\/02\/stress-kronika-06-1024x627.png 1024w, https:\/\/medieproduktion.lnu.se\/kung\/wp-content\/uploads\/sites\/59\/2019\/02\/stress-kronika-06.png 1668w\" sizes=\"(max-width: 768px) 100vw, 768px\" \/><\/div>\n\t\t<\/a>\n\t\t\t\t<div class=\"elementor-post__text\">\n\t\t\t\t<h3 class=\"elementor-post__title\">\n\t\t\t<a href=\"https:\/\/medieproduktion.lnu.se\/kung\/debatt\/dags-att-sluta-normalisera-stress\/\" >\n\t\t\t\tDags att sluta normalisera stress\t\t\t<\/a>\n\t\t<\/h3>\n\t\t\t\t<div class=\"elementor-post__meta-data\">\n\t\t\t\t\t<span class=\"elementor-post-date\">\n\t\t\t12 februari, 2019\t\t<\/span>\n\t\t\t\t<span class=\"elementor-post-avatar\">\n\t\t\t2 kommentarer\t\t<\/span>\n\t\t\t\t<\/div>\n\t\t\t\t<div class=\"elementor-post__excerpt\">\n\t\t\t<p>Varf\u00f6r ska man beh\u00f6va v\u00e4lja mellan att m\u00e5 bra och ha ett bra liv ut\u00e5t?<\/p>\n\t\t<\/div>\n\t\t\t\t<\/div>\n\t\t\t\t<\/article>\n\t\t\t\t<\/div>\n\t\t\n\t\t\t\t\t\t<\/div>\n\t\t\t\t<\/div>\n\t\t\t\t\t<\/div>\n\t\t<\/div>\n\t\t\t\t<div class=\"elementor-column elementor-col-50 elementor-top-column elementor-element elementor-element-70f6a47\" data-id=\"70f6a47\" data-element_type=\"column\">\n\t\t\t<div class=\"elementor-widget-wrap\">\n\t\t\t\t\t\t\t<\/div>\n\t\t<\/div>\n\t\t\t\t\t<\/div>\n\t\t<\/section>\n\t\t\t\t<\/div>\n\t\t\t\t<\/div>\n\t\t\t\t\t\t<\/div>\n\t\t\t\t<\/div>\n\t\t\t\t\t<\/div>\n\t\t<\/div>\n\t\t\t\t\t<\/div>\n\t\t<\/section>\n\t\t\t\t<\/div>\n\t\t","protected":false},"excerpt":{"rendered":"","protected":false},"author":50,"featured_media":0,"parent":0,"menu_order":0,"comment_status":"closed","ping_status":"closed","template":"elementor_header_footer","meta":{"footnotes":""},"class_list":["post-97","page","type-page","status-publish","hentry"],"_links":{"self":[{"href":"https:\/\/medieproduktion.lnu.se\/kung\/wp-json\/wp\/v2\/pages\/97","targetHints":{"allow":["GET"]}}],"collection":[{"href":"https:\/\/medieproduktion.lnu.se\/kung\/wp-json\/wp\/v2\/pages"}],"about":[{"href":"https:\/\/medieproduktion.lnu.se\/kung\/wp-json\/wp\/v2\/types\/page"}],"author":[{"embeddable":true,"href":"https:\/\/medieproduktion.lnu.se\/kung\/wp-json\/wp\/v2\/users\/50"}],"replies":[{"embeddable":true,"href":"https:\/\/medieproduktion.lnu.se\/kung\/wp-json\/wp\/v2\/comments?post=97"}],"version-history":[{"count":3,"href":"https:\/\/medieproduktion.lnu.se\/kung\/wp-json\/wp\/v2\/pages\/97\/revisions"}],"predecessor-version":[{"id":539,"href":"https:\/\/medieproduktion.lnu.se\/kung\/wp-json\/wp\/v2\/pages\/97\/revisions\/539"}],"wp:attachment":[{"href":"https:\/\/medieproduktion.lnu.se\/kung\/wp-json\/wp\/v2\/media?parent=97"}],"curies":[{"name":"wp","href":"https:\/\/api.w.org\/{rel}","templated":true}]}}