{"id":130,"date":"2019-02-05T14:05:57","date_gmt":"2019-02-05T13:05:57","guid":{"rendered":"http:\/\/medieproduktion.lnu.se\/kung\/?page_id=130"},"modified":"2019-02-08T10:55:29","modified_gmt":"2019-02-08T09:55:29","slug":"redaktionen","status":"publish","type":"page","link":"https:\/\/medieproduktion.lnu.se\/kung\/redaktionen\/","title":{"rendered":"Redaktionen"},"content":{"rendered":"\t\t<div data-elementor-type=\"wp-post\" data-elementor-id=\"130\" class=\"elementor elementor-130 elementor-bc-flex-widget\" data-elementor-post-type=\"page\">\n\t\t\t\t\t\t<section class=\"elementor-section elementor-top-section elementor-element elementor-element-2e0778f elementor-section-boxed elementor-section-height-default elementor-section-height-default\" data-id=\"2e0778f\" data-element_type=\"section\">\n\t\t\t\t\t\t<div class=\"elementor-container elementor-column-gap-default\">\n\t\t\t\t\t<div class=\"elementor-column elementor-col-100 elementor-top-column elementor-element elementor-element-f7fc223\" data-id=\"f7fc223\" data-element_type=\"column\">\n\t\t\t<div class=\"elementor-widget-wrap elementor-element-populated\">\n\t\t\t\t\t\t<div class=\"elementor-element elementor-element-ab4d18e elementor-widget elementor-widget-template\" data-id=\"ab4d18e\" data-element_type=\"widget\" data-widget_type=\"template.default\">\n\t\t\t\t<div class=\"elementor-widget-container\">\n\t\t\t\t\t\t\t<div class=\"elementor-template\">\n\t\t\t\t\t<div data-elementor-type=\"page\" data-elementor-id=\"591\" class=\"elementor elementor-591 elementor-bc-flex-widget\" data-elementor-post-type=\"elementor_library\">\n\t\t\t\t\t\t<section class=\"elementor-section elementor-top-section elementor-element elementor-element-9500ca3 elementor-section-boxed elementor-section-height-default elementor-section-height-default\" data-id=\"9500ca3\" data-element_type=\"section\" data-settings=\"{&quot;background_background&quot;:&quot;classic&quot;}\">\n\t\t\t\t\t\t<div class=\"elementor-container elementor-column-gap-default\">\n\t\t\t\t\t<div class=\"elementor-column elementor-col-100 elementor-top-column elementor-element elementor-element-5316d3f\" data-id=\"5316d3f\" data-element_type=\"column\">\n\t\t\t<div class=\"elementor-widget-wrap elementor-element-populated\">\n\t\t\t\t\t\t<div class=\"elementor-element elementor-element-e33bd44 elementor-widget elementor-widget-heading\" data-id=\"e33bd44\" data-element_type=\"widget\" data-widget_type=\"heading.default\">\n\t\t\t\t<div class=\"elementor-widget-container\">\n\t\t\t\t\t<h2 class=\"elementor-heading-title elementor-size-default\">Redaktionen<\/h2>\t\t\t\t<\/div>\n\t\t\t\t<\/div>\n\t\t\t\t\t<\/div>\n\t\t<\/div>\n\t\t\t\t\t<\/div>\n\t\t<\/section>\n\t\t\t\t<section class=\"elementor-section elementor-top-section elementor-element elementor-element-134d5c0 elementor-section-boxed elementor-section-height-default elementor-section-height-default\" data-id=\"134d5c0\" data-element_type=\"section\">\n\t\t\t\t\t\t<div class=\"elementor-container elementor-column-gap-default\">\n\t\t\t\t\t<div class=\"elementor-column elementor-col-100 elementor-top-column elementor-element elementor-element-90bb0f9\" data-id=\"90bb0f9\" data-element_type=\"column\">\n\t\t\t<div class=\"elementor-widget-wrap elementor-element-populated\">\n\t\t\t\t\t\t<div class=\"elementor-element elementor-element-2c3d435 elementor-widget elementor-widget-text-editor\" data-id=\"2c3d435\" data-element_type=\"widget\" data-widget_type=\"text-editor.default\">\n\t\t\t\t<div class=\"elementor-widget-container\">\n\t\t\t\t\t\t\t\t\t<p>V\u00e4lkommen till Kalmar Ung! Kalmars fr\u00e4schaste nyheter levererade till er fr\u00e5n fem pigga journaliststudenter vid Linn\u00e9universitetet.<\/p>\t\t\t\t\t\t\t\t<\/div>\n\t\t\t\t<\/div>\n\t\t\t\t\t<\/div>\n\t\t<\/div>\n\t\t\t\t\t<\/div>\n\t\t<\/section>\n\t\t\t\t<section class=\"elementor-section elementor-top-section elementor-element elementor-element-8ccf4e0 elementor-section-boxed elementor-section-height-default elementor-section-height-default\" data-id=\"8ccf4e0\" data-element_type=\"section\">\n\t\t\t\t\t\t<div class=\"elementor-container elementor-column-gap-default\">\n\t\t\t\t\t<div class=\"elementor-column elementor-col-33 elementor-top-column elementor-element elementor-element-5db4b85\" data-id=\"5db4b85\" data-element_type=\"column\">\n\t\t\t<div class=\"elementor-widget-wrap elementor-element-populated\">\n\t\t\t\t\t\t<div class=\"elementor-element elementor-element-e4fb5a3 elementor-widget elementor-widget-image\" data-id=\"e4fb5a3\" data-element_type=\"widget\" data-widget_type=\"image.default\">\n\t\t\t\t<div class=\"elementor-widget-container\">\n\t\t\t\t\t\t\t\t\t\t\t\t\t\t\t<img fetchpriority=\"high\" decoding=\"async\" width=\"768\" height=\"1152\" src=\"https:\/\/medieproduktion.lnu.se\/kung\/wp-content\/uploads\/sites\/59\/2019\/02\/ellen_portratt-768x1152.jpg\" class=\"attachment-medium_large size-medium_large wp-image-288\" alt=\"Portr\u00e4ttbild p\u00e5 Ellen Eriksson\" srcset=\"https:\/\/medieproduktion.lnu.se\/kung\/wp-content\/uploads\/sites\/59\/2019\/02\/ellen_portratt-768x1152.jpg 768w, https:\/\/medieproduktion.lnu.se\/kung\/wp-content\/uploads\/sites\/59\/2019\/02\/ellen_portratt-200x300.jpg 200w, https:\/\/medieproduktion.lnu.se\/kung\/wp-content\/uploads\/sites\/59\/2019\/02\/ellen_portratt-683x1024.jpg 683w, https:\/\/medieproduktion.lnu.se\/kung\/wp-content\/uploads\/sites\/59\/2019\/02\/ellen_portratt.jpg 1500w\" sizes=\"(max-width: 768px) 100vw, 768px\" \/>\t\t\t\t\t\t\t\t\t\t\t\t\t\t\t<\/div>\n\t\t\t\t<\/div>\n\t\t\t\t<div class=\"elementor-element elementor-element-1c997d2 elementor-widget elementor-widget-text-editor\" data-id=\"1c997d2\" data-element_type=\"widget\" data-widget_type=\"text-editor.default\">\n\t\t\t\t<div class=\"elementor-widget-container\">\n\t\t\t\t\t\t\t\t\t<p><strong>Ellen Eriksson<\/strong><br \/>Reporter<br \/>ee222yh@student.lnu.se<br \/>073-543 02 30<\/p>\t\t\t\t\t\t\t\t<\/div>\n\t\t\t\t<\/div>\n\t\t\t\t\t<\/div>\n\t\t<\/div>\n\t\t\t\t<div class=\"elementor-column elementor-col-33 elementor-top-column elementor-element elementor-element-fb33448\" data-id=\"fb33448\" data-element_type=\"column\">\n\t\t\t<div class=\"elementor-widget-wrap elementor-element-populated\">\n\t\t\t\t\t\t<div class=\"elementor-element elementor-element-5100ca4 elementor-widget elementor-widget-image\" data-id=\"5100ca4\" data-element_type=\"widget\" data-widget_type=\"image.default\">\n\t\t\t\t<div class=\"elementor-widget-container\">\n\t\t\t\t\t\t\t\t\t\t\t\t\t\t\t<img decoding=\"async\" width=\"768\" height=\"1152\" src=\"https:\/\/medieproduktion.lnu.se\/kung\/wp-content\/uploads\/sites\/59\/2019\/02\/emilie_portratt-1-768x1152.jpg\" class=\"attachment-medium_large size-medium_large wp-image-675\" alt=\"\" srcset=\"https:\/\/medieproduktion.lnu.se\/kung\/wp-content\/uploads\/sites\/59\/2019\/02\/emilie_portratt-1-768x1152.jpg 768w, https:\/\/medieproduktion.lnu.se\/kung\/wp-content\/uploads\/sites\/59\/2019\/02\/emilie_portratt-1-200x300.jpg 200w, https:\/\/medieproduktion.lnu.se\/kung\/wp-content\/uploads\/sites\/59\/2019\/02\/emilie_portratt-1-683x1024.jpg 683w, https:\/\/medieproduktion.lnu.se\/kung\/wp-content\/uploads\/sites\/59\/2019\/02\/emilie_portratt-1.jpg 1500w\" sizes=\"(max-width: 768px) 100vw, 768px\" \/>\t\t\t\t\t\t\t\t\t\t\t\t\t\t\t<\/div>\n\t\t\t\t<\/div>\n\t\t\t\t<div class=\"elementor-element elementor-element-03a9028 elementor-widget elementor-widget-text-editor\" data-id=\"03a9028\" data-element_type=\"widget\" data-widget_type=\"text-editor.default\">\n\t\t\t\t<div class=\"elementor-widget-container\">\n\t\t\t\t\t\t\t\t\t<p><strong>Emilie Jurak<\/strong><br \/>Reporter<br \/>ej223de@student.lnu.se<br \/><br \/><\/p>\t\t\t\t\t\t\t\t<\/div>\n\t\t\t\t<\/div>\n\t\t\t\t\t<\/div>\n\t\t<\/div>\n\t\t\t\t<div class=\"elementor-column elementor-col-33 elementor-top-column elementor-element elementor-element-70f905a\" data-id=\"70f905a\" data-element_type=\"column\">\n\t\t\t<div class=\"elementor-widget-wrap elementor-element-populated\">\n\t\t\t\t\t\t<div class=\"elementor-element elementor-element-efbbd5d elementor-widget elementor-widget-image\" data-id=\"efbbd5d\" data-element_type=\"widget\" data-widget_type=\"image.default\">\n\t\t\t\t<div class=\"elementor-widget-container\">\n\t\t\t\t\t\t\t\t\t\t\t\t\t\t\t<img decoding=\"async\" width=\"768\" height=\"1152\" src=\"https:\/\/medieproduktion.lnu.se\/kung\/wp-content\/uploads\/sites\/59\/2019\/02\/simon_portratt-768x1152.jpg\" class=\"attachment-medium_large size-medium_large wp-image-291\" alt=\"Portr\u00e4ttbild p\u00e5 Simon Tengberg\" srcset=\"https:\/\/medieproduktion.lnu.se\/kung\/wp-content\/uploads\/sites\/59\/2019\/02\/simon_portratt-768x1152.jpg 768w, https:\/\/medieproduktion.lnu.se\/kung\/wp-content\/uploads\/sites\/59\/2019\/02\/simon_portratt-200x300.jpg 200w, https:\/\/medieproduktion.lnu.se\/kung\/wp-content\/uploads\/sites\/59\/2019\/02\/simon_portratt-683x1024.jpg 683w, https:\/\/medieproduktion.lnu.se\/kung\/wp-content\/uploads\/sites\/59\/2019\/02\/simon_portratt.jpg 1500w\" sizes=\"(max-width: 768px) 100vw, 768px\" \/>\t\t\t\t\t\t\t\t\t\t\t\t\t\t\t<\/div>\n\t\t\t\t<\/div>\n\t\t\t\t<div class=\"elementor-element elementor-element-e5003d1 elementor-widget elementor-widget-text-editor\" data-id=\"e5003d1\" data-element_type=\"widget\" data-widget_type=\"text-editor.default\">\n\t\t\t\t<div class=\"elementor-widget-container\">\n\t\t\t\t\t\t\t\t\t<p><strong>Simon Tengberg<\/strong><br \/>Reporter<br \/>st222qr@student.lnu.se<br \/>070-618 95 91<\/p>\t\t\t\t\t\t\t\t<\/div>\n\t\t\t\t<\/div>\n\t\t\t\t\t<\/div>\n\t\t<\/div>\n\t\t\t\t\t<\/div>\n\t\t<\/section>\n\t\t\t\t<section class=\"elementor-section elementor-top-section elementor-element elementor-element-ff9f37b elementor-section-boxed elementor-section-height-default elementor-section-height-default\" data-id=\"ff9f37b\" data-element_type=\"section\">\n\t\t\t\t\t\t<div class=\"elementor-container elementor-column-gap-default\">\n\t\t\t\t\t<div class=\"elementor-column elementor-col-33 elementor-top-column elementor-element elementor-element-87721ca\" data-id=\"87721ca\" data-element_type=\"column\">\n\t\t\t<div class=\"elementor-widget-wrap elementor-element-populated\">\n\t\t\t\t\t\t<div class=\"elementor-element elementor-element-474a3b9 elementor-widget elementor-widget-image\" data-id=\"474a3b9\" data-element_type=\"widget\" data-widget_type=\"image.default\">\n\t\t\t\t<div class=\"elementor-widget-container\">\n\t\t\t\t\t\t\t\t\t\t\t\t\t\t\t<img loading=\"lazy\" decoding=\"async\" width=\"768\" height=\"1152\" src=\"https:\/\/medieproduktion.lnu.se\/kung\/wp-content\/uploads\/sites\/59\/2019\/02\/hamed_portratt-768x1152.jpg\" class=\"attachment-medium_large size-medium_large wp-image-290\" alt=\"Portr\u00e4ttbild p\u00e5 Hamed Ubaidi-Karlsson\" srcset=\"https:\/\/medieproduktion.lnu.se\/kung\/wp-content\/uploads\/sites\/59\/2019\/02\/hamed_portratt-768x1152.jpg 768w, https:\/\/medieproduktion.lnu.se\/kung\/wp-content\/uploads\/sites\/59\/2019\/02\/hamed_portratt-200x300.jpg 200w, https:\/\/medieproduktion.lnu.se\/kung\/wp-content\/uploads\/sites\/59\/2019\/02\/hamed_portratt-683x1024.jpg 683w, https:\/\/medieproduktion.lnu.se\/kung\/wp-content\/uploads\/sites\/59\/2019\/02\/hamed_portratt.jpg 1500w\" sizes=\"(max-width: 768px) 100vw, 768px\" \/>\t\t\t\t\t\t\t\t\t\t\t\t\t\t\t<\/div>\n\t\t\t\t<\/div>\n\t\t\t\t<div class=\"elementor-element elementor-element-3183a94 elementor-widget elementor-widget-text-editor\" data-id=\"3183a94\" data-element_type=\"widget\" data-widget_type=\"text-editor.default\">\n\t\t\t\t<div class=\"elementor-widget-container\">\n\t\t\t\t\t\t\t\t\t<p><strong>Hamed Ubaidi-Karlsson<\/strong><br \/>Reporter<br \/>hk222ny@student.lnu.se<br \/>073-636 82 96<\/p>\t\t\t\t\t\t\t\t<\/div>\n\t\t\t\t<\/div>\n\t\t\t\t\t<\/div>\n\t\t<\/div>\n\t\t\t\t<div class=\"elementor-column elementor-col-33 elementor-top-column elementor-element elementor-element-57c3a1e\" data-id=\"57c3a1e\" data-element_type=\"column\">\n\t\t\t<div class=\"elementor-widget-wrap elementor-element-populated\">\n\t\t\t\t\t\t<div class=\"elementor-element elementor-element-d1f2cf9 elementor-widget elementor-widget-image\" data-id=\"d1f2cf9\" data-element_type=\"widget\" data-widget_type=\"image.default\">\n\t\t\t\t<div class=\"elementor-widget-container\">\n\t\t\t\t\t\t\t\t\t\t\t\t\t\t\t<img loading=\"lazy\" decoding=\"async\" width=\"768\" height=\"1152\" src=\"https:\/\/medieproduktion.lnu.se\/kung\/wp-content\/uploads\/sites\/59\/2019\/02\/sofia_portratt-768x1152.jpg\" class=\"attachment-medium_large size-medium_large wp-image-292\" alt=\"Portr\u00e4ttbild p\u00e5 Sofia Sandvik\" srcset=\"https:\/\/medieproduktion.lnu.se\/kung\/wp-content\/uploads\/sites\/59\/2019\/02\/sofia_portratt-768x1152.jpg 768w, https:\/\/medieproduktion.lnu.se\/kung\/wp-content\/uploads\/sites\/59\/2019\/02\/sofia_portratt-200x300.jpg 200w, https:\/\/medieproduktion.lnu.se\/kung\/wp-content\/uploads\/sites\/59\/2019\/02\/sofia_portratt-683x1024.jpg 683w, https:\/\/medieproduktion.lnu.se\/kung\/wp-content\/uploads\/sites\/59\/2019\/02\/sofia_portratt.jpg 1500w\" sizes=\"(max-width: 768px) 100vw, 768px\" \/>\t\t\t\t\t\t\t\t\t\t\t\t\t\t\t<\/div>\n\t\t\t\t<\/div>\n\t\t\t\t<div class=\"elementor-element elementor-element-0845489 elementor-widget elementor-widget-text-editor\" data-id=\"0845489\" data-element_type=\"widget\" data-widget_type=\"text-editor.default\">\n\t\t\t\t<div class=\"elementor-widget-container\">\n\t\t\t\t\t\t\t\t\t<p><strong>Sofia Sandvik<\/strong><br \/>Reporter<br \/>ss223zf@student.lnu.se<br \/>073-806 92 14<\/p>\t\t\t\t\t\t\t\t<\/div>\n\t\t\t\t<\/div>\n\t\t\t\t\t<\/div>\n\t\t<\/div>\n\t\t\t\t<div class=\"elementor-column elementor-col-33 elementor-top-column elementor-element elementor-element-7565514\" data-id=\"7565514\" data-element_type=\"column\">\n\t\t\t<div class=\"elementor-widget-wrap elementor-element-populated\">\n\t\t\t\t\t\t<div class=\"elementor-element elementor-element-b5ce9a0 elementor-widget elementor-widget-text-editor\" data-id=\"b5ce9a0\" data-element_type=\"widget\" data-widget_type=\"text-editor.default\">\n\t\t\t\t<div class=\"elementor-widget-container\">\n\t\t\t\t\t\t\t\t\t<p><strong>Tipsa oss g\u00e4rna om nyheter!<\/strong><br \/><a href=\"mailto:kalmarung.redaktionen@gmail.com\"><span style=\"font-weight: 400;\">kalmarung.redaktionen@gmail.com<\/span><\/a><\/p>\t\t\t\t\t\t\t\t<\/div>\n\t\t\t\t<\/div>\n\t\t\t\t\t<\/div>\n\t\t<\/div>\n\t\t\t\t\t<\/div>\n\t\t<\/section>\n\t\t\t\t<\/div>\n\t\t\t\t<\/div>\n\t\t\t\t\t\t<\/div>\n\t\t\t\t<\/div>\n\t\t\t\t\t<\/div>\n\t\t<\/div>\n\t\t\t\t\t<\/div>\n\t\t<\/section>\n\t\t\t\t<\/div>\n\t\t","protected":false},"excerpt":{"rendered":"","protected":false},"author":50,"featured_media":0,"parent":0,"menu_order":0,"comment_status":"closed","ping_status":"closed","template":"elementor_header_footer","meta":{"footnotes":""},"class_list":["post-130","page","type-page","status-publish"],"_links":{"self":[{"href":"https:\/\/medieproduktion.lnu.se\/kung\/wp-json\/wp\/v2\/pages\/130","targetHints":{"allow":["GET"]}}],"collection":[{"href":"https:\/\/medieproduktion.lnu.se\/kung\/wp-json\/wp\/v2\/pages"}],"about":[{"href":"https:\/\/medieproduktion.lnu.se\/kung\/wp-json\/wp\/v2\/types\/page"}],"author":[{"embeddable":true,"href":"https:\/\/medieproduktion.lnu.se\/kung\/wp-json\/wp\/v2\/users\/50"}],"replies":[{"embeddable":true,"href":"https:\/\/medieproduktion.lnu.se\/kung\/wp-json\/wp\/v2\/comments?post=130"}],"version-history":[{"count":13,"href":"https:\/\/medieproduktion.lnu.se\/kung\/wp-json\/wp\/v2\/pages\/130\/revisions"}],"predecessor-version":[{"id":594,"href":"https:\/\/medieproduktion.lnu.se\/kung\/wp-json\/wp\/v2\/pages\/130\/revisions\/594"}],"wp:attachment":[{"href":"https:\/\/medieproduktion.lnu.se\/kung\/wp-json\/wp\/v2\/media?parent=130"}],"curies":[{"name":"wp","href":"https:\/\/api.w.org\/{rel}","templated":true}]}}