{"id":103,"date":"2019-02-05T13:42:41","date_gmt":"2019-02-05T12:42:41","guid":{"rendered":"http:\/\/medieproduktion.lnu.se\/kung\/?page_id=103"},"modified":"2019-02-18T15:00:59","modified_gmt":"2019-02-18T14:00:59","slug":"webb-tv","status":"publish","type":"page","link":"https:\/\/medieproduktion.lnu.se\/kung\/webb-tv\/","title":{"rendered":"Webb-TV"},"content":{"rendered":"\t\t<div data-elementor-type=\"wp-post\" data-elementor-id=\"103\" class=\"elementor elementor-103 elementor-bc-flex-widget\" data-elementor-post-type=\"page\">\n\t\t\t\t\t\t<section class=\"elementor-section elementor-top-section elementor-element elementor-element-51d951b elementor-section-boxed elementor-section-height-default elementor-section-height-default\" data-id=\"51d951b\" data-element_type=\"section\">\n\t\t\t\t\t\t<div class=\"elementor-container elementor-column-gap-default\">\n\t\t\t\t\t<div class=\"elementor-column elementor-col-100 elementor-top-column elementor-element elementor-element-df93580\" data-id=\"df93580\" data-element_type=\"column\">\n\t\t\t<div class=\"elementor-widget-wrap elementor-element-populated\">\n\t\t\t\t\t\t<div class=\"elementor-element elementor-element-0c563b0 elementor-widget elementor-widget-template\" data-id=\"0c563b0\" data-element_type=\"widget\" data-widget_type=\"template.default\">\n\t\t\t\t<div class=\"elementor-widget-container\">\n\t\t\t\t\t\t\t<div class=\"elementor-template\">\n\t\t\t\t\t<div data-elementor-type=\"page\" data-elementor-id=\"82\" class=\"elementor elementor-82 elementor-bc-flex-widget\" data-elementor-post-type=\"elementor_library\">\n\t\t\t\t\t\t<section class=\"elementor-section elementor-top-section elementor-element elementor-element-60c7c36 elementor-section-boxed elementor-section-height-default elementor-section-height-default\" data-id=\"60c7c36\" data-element_type=\"section\" data-settings=\"{&quot;background_background&quot;:&quot;classic&quot;}\">\n\t\t\t\t\t\t<div class=\"elementor-container elementor-column-gap-default\">\n\t\t\t\t\t<div class=\"elementor-column elementor-col-100 elementor-top-column elementor-element elementor-element-714efc3\" data-id=\"714efc3\" data-element_type=\"column\">\n\t\t\t<div class=\"elementor-widget-wrap elementor-element-populated\">\n\t\t\t\t\t\t<div class=\"elementor-element elementor-element-b612994 elementor-widget elementor-widget-heading\" data-id=\"b612994\" data-element_type=\"widget\" data-widget_type=\"heading.default\">\n\t\t\t\t<div class=\"elementor-widget-container\">\n\t\t\t\t\t<h2 class=\"elementor-heading-title elementor-size-default\">Webb-TV<\/h2>\t\t\t\t<\/div>\n\t\t\t\t<\/div>\n\t\t\t\t\t<\/div>\n\t\t<\/div>\n\t\t\t\t\t<\/div>\n\t\t<\/section>\n\t\t\t\t<section class=\"elementor-section elementor-top-section elementor-element elementor-element-23ec35c elementor-section-boxed elementor-section-height-default elementor-section-height-default\" data-id=\"23ec35c\" data-element_type=\"section\">\n\t\t\t\t\t\t<div class=\"elementor-container elementor-column-gap-extended\">\n\t\t\t\t\t<div class=\"elementor-column elementor-col-66 elementor-top-column elementor-element elementor-element-8dc0357\" data-id=\"8dc0357\" data-element_type=\"column\">\n\t\t\t<div class=\"elementor-widget-wrap elementor-element-populated\">\n\t\t\t\t\t\t<div class=\"elementor-element elementor-element-018fd4d elementor-grid-1 teaser-dot elementor-grid-tablet-1 elementor-grid-mobile-1 elementor-posts--thumbnail-top elementor-widget elementor-widget-posts\" data-id=\"018fd4d\" data-element_type=\"widget\" data-settings=\"{&quot;classic_columns&quot;:&quot;1&quot;,&quot;classic_columns_tablet&quot;:&quot;1&quot;,&quot;classic_columns_mobile&quot;:&quot;1&quot;,&quot;classic_row_gap&quot;:{&quot;unit&quot;:&quot;px&quot;,&quot;size&quot;:35,&quot;sizes&quot;:[]},&quot;classic_row_gap_tablet&quot;:{&quot;unit&quot;:&quot;px&quot;,&quot;size&quot;:&quot;&quot;,&quot;sizes&quot;:[]},&quot;classic_row_gap_mobile&quot;:{&quot;unit&quot;:&quot;px&quot;,&quot;size&quot;:&quot;&quot;,&quot;sizes&quot;:[]}}\" data-widget_type=\"posts.classic\">\n\t\t\t\t<div class=\"elementor-widget-container\">\n\t\t\t\t\t\t\t<div class=\"elementor-posts-container elementor-posts elementor-posts--skin-classic elementor-grid\" role=\"list\">\n\t\t\t\t<article class=\"elementor-post elementor-grid-item post-1143 post type-post status-publish format-standard has-post-thumbnail hentry category-webb-tv tag-video\" role=\"listitem\">\n\t\t\t\t<a class=\"elementor-post__thumbnail__link\" href=\"https:\/\/medieproduktion.lnu.se\/kung\/webb-tv\/vad-hander-i-kroppen-nar-det-blir-var\/\" tabindex=\"-1\" >\n\t\t\t<div class=\"elementor-post__thumbnail\"><img fetchpriority=\"high\" decoding=\"async\" width=\"768\" height=\"512\" src=\"https:\/\/medieproduktion.lnu.se\/kung\/wp-content\/uploads\/sites\/59\/2019\/02\/IMG_6164-768x512.jpg\" class=\"attachment-medium_large size-medium_large wp-image-1147\" alt=\"v\u00e5rsol\" srcset=\"https:\/\/medieproduktion.lnu.se\/kung\/wp-content\/uploads\/sites\/59\/2019\/02\/IMG_6164-768x512.jpg 768w, https:\/\/medieproduktion.lnu.se\/kung\/wp-content\/uploads\/sites\/59\/2019\/02\/IMG_6164-300x200.jpg 300w, https:\/\/medieproduktion.lnu.se\/kung\/wp-content\/uploads\/sites\/59\/2019\/02\/IMG_6164-1024x683.jpg 1024w\" sizes=\"(max-width: 768px) 100vw, 768px\" \/><\/div>\n\t\t<\/a>\n\t\t\t\t<div class=\"elementor-post__text\">\n\t\t\t\t<h3 class=\"elementor-post__title\">\n\t\t\t<a href=\"https:\/\/medieproduktion.lnu.se\/kung\/webb-tv\/vad-hander-i-kroppen-nar-det-blir-var\/\" >\n\t\t\t\tVad h\u00e4nder i kroppen n\u00e4r det blir v\u00e5r?\t\t\t<\/a>\n\t\t<\/h3>\n\t\t\t\t<div class=\"elementor-post__excerpt\">\n\t\t\t<p>Vad \u00e4r det som g\u00f6r att vi upplever oss gladare.<\/p>\n\t\t<\/div>\n\t\t\t\t<\/div>\n\t\t\t\t<\/article>\n\t\t\t\t<\/div>\n\t\t\n\t\t\t\t\t\t<\/div>\n\t\t\t\t<\/div>\n\t\t\t\t\t<\/div>\n\t\t<\/div>\n\t\t\t\t<div class=\"elementor-column elementor-col-33 elementor-top-column elementor-element elementor-element-4e924a9\" data-id=\"4e924a9\" data-element_type=\"column\">\n\t\t\t<div class=\"elementor-widget-wrap elementor-element-populated\">\n\t\t\t\t\t\t<div class=\"elementor-element elementor-element-c7df2be elementor-widget elementor-widget-heading\" data-id=\"c7df2be\" data-element_type=\"widget\" data-widget_type=\"heading.default\">\n\t\t\t\t<div class=\"elementor-widget-container\">\n\t\t\t\t\t<h2 class=\"elementor-heading-title elementor-size-default\">Senaste nytt:<\/h2>\t\t\t\t<\/div>\n\t\t\t\t<\/div>\n\t\t\t\t<div class=\"elementor-element elementor-element-7bc1f92 elementor-grid-1 elementor-posts--thumbnail-none elementor-grid-tablet-1 elementor-grid-mobile-1 elementor-widget elementor-widget-posts\" data-id=\"7bc1f92\" data-element_type=\"widget\" data-settings=\"{&quot;classic_columns&quot;:&quot;1&quot;,&quot;classic_row_gap&quot;:{&quot;unit&quot;:&quot;px&quot;,&quot;size&quot;:10,&quot;sizes&quot;:[]},&quot;classic_columns_tablet&quot;:&quot;1&quot;,&quot;classic_columns_mobile&quot;:&quot;1&quot;,&quot;classic_row_gap_tablet&quot;:{&quot;unit&quot;:&quot;px&quot;,&quot;size&quot;:&quot;&quot;,&quot;sizes&quot;:[]},&quot;classic_row_gap_mobile&quot;:{&quot;unit&quot;:&quot;px&quot;,&quot;size&quot;:&quot;&quot;,&quot;sizes&quot;:[]}}\" data-widget_type=\"posts.classic\">\n\t\t\t\t<div class=\"elementor-widget-container\">\n\t\t\t\t\t\t\t<div class=\"elementor-posts-container elementor-posts elementor-posts--skin-classic elementor-grid\" role=\"list\">\n\t\t\t\t<article class=\"elementor-post elementor-grid-item post-1232 post type-post status-publish format-standard has-post-thumbnail hentry category-sport tag-artikel\" role=\"listitem\">\n\t\t\t\t<div class=\"elementor-post__text\">\n\t\t\t\t<h3 class=\"elementor-post__title\">\n\t\t\t<a href=\"https:\/\/medieproduktion.lnu.se\/kung\/sport\/bildextra-ifk-berga-satte-punkt-for-forsasongen-med-malkalas\/\" >\n\t\t\t\tBildextra: IFK Berga satte punkt f\u00f6r f\u00f6rs\u00e4songen med m\u00e5lkalas\t\t\t<\/a>\n\t\t<\/h3>\n\t\t\t\t<div class=\"elementor-post__meta-data\">\n\t\t\t\t\t<span class=\"elementor-post-time\">\n\t\t\t18:59\t\t<\/span>\n\t\t\t\t<\/div>\n\t\t\t\t<\/div>\n\t\t\t\t<\/article>\n\t\t\t\t<article class=\"elementor-post elementor-grid-item post-1228 post type-post status-publish format-standard has-post-thumbnail hentry category-lokalt tag-artikel\" role=\"listitem\">\n\t\t\t\t<div class=\"elementor-post__text\">\n\t\t\t\t<h3 class=\"elementor-post__title\">\n\t\t\t<a href=\"https:\/\/medieproduktion.lnu.se\/kung\/lokalt\/varldspoesidagen-pa-stadsbiblioteket-i-kalmar\/\" >\n\t\t\t\tV\u00e4rldspoesidagen p\u00e5 stadsbiblioteket i Kalmar\t\t\t<\/a>\n\t\t<\/h3>\n\t\t\t\t<div class=\"elementor-post__meta-data\">\n\t\t\t\t\t<span class=\"elementor-post-time\">\n\t\t\t11:04\t\t<\/span>\n\t\t\t\t<\/div>\n\t\t\t\t<\/div>\n\t\t\t\t<\/article>\n\t\t\t\t<article class=\"elementor-post elementor-grid-item post-1148 post type-post status-publish format-standard has-post-thumbnail hentry category-lokalt tag-artikel\" role=\"listitem\">\n\t\t\t\t<div class=\"elementor-post__text\">\n\t\t\t\t<h3 class=\"elementor-post__title\">\n\t\t\t<a href=\"https:\/\/medieproduktion.lnu.se\/kung\/lokalt\/bildextra-smultronstallen-i-kalmar\/\" >\n\t\t\t\tBildextra: Kalmars smultronst\u00e4llen\t\t\t<\/a>\n\t\t<\/h3>\n\t\t\t\t<div class=\"elementor-post__meta-data\">\n\t\t\t\t\t<span class=\"elementor-post-time\">\n\t\t\t14:08\t\t<\/span>\n\t\t\t\t<\/div>\n\t\t\t\t<\/div>\n\t\t\t\t<\/article>\n\t\t\t\t<article class=\"elementor-post elementor-grid-item post-1143 post type-post status-publish format-standard has-post-thumbnail hentry category-webb-tv tag-video\" role=\"listitem\">\n\t\t\t\t<div class=\"elementor-post__text\">\n\t\t\t\t<h3 class=\"elementor-post__title\">\n\t\t\t<a href=\"https:\/\/medieproduktion.lnu.se\/kung\/webb-tv\/vad-hander-i-kroppen-nar-det-blir-var\/\" >\n\t\t\t\tVad h\u00e4nder i kroppen n\u00e4r det blir v\u00e5r?\t\t\t<\/a>\n\t\t<\/h3>\n\t\t\t\t<div class=\"elementor-post__meta-data\">\n\t\t\t\t\t<span class=\"elementor-post-time\">\n\t\t\t12:08\t\t<\/span>\n\t\t\t\t<\/div>\n\t\t\t\t<\/div>\n\t\t\t\t<\/article>\n\t\t\t\t<article class=\"elementor-post elementor-grid-item post-1062 post type-post status-publish format-standard has-post-thumbnail hentry category-sport tag-artikel\" role=\"listitem\">\n\t\t\t\t<div class=\"elementor-post__text\">\n\t\t\t\t<h3 class=\"elementor-post__title\">\n\t\t\t<a href=\"https:\/\/medieproduktion.lnu.se\/kung\/sport\/livet-efter-anorexin-en-elitidrottares-berattelse\/\" >\n\t\t\t\tLivet efter anorexin \u2013 en elitidrottares ber\u00e4ttelse\t\t\t<\/a>\n\t\t<\/h3>\n\t\t\t\t<div class=\"elementor-post__meta-data\">\n\t\t\t\t\t<span class=\"elementor-post-time\">\n\t\t\t10:47\t\t<\/span>\n\t\t\t\t<\/div>\n\t\t\t\t<\/div>\n\t\t\t\t<\/article>\n\t\t\t\t<article class=\"elementor-post elementor-grid-item post-1083 post type-post status-publish format-standard has-post-thumbnail hentry category-webb-tv tag-video\" role=\"listitem\">\n\t\t\t\t<div class=\"elementor-post__text\">\n\t\t\t\t<h3 class=\"elementor-post__title\">\n\t\t\t<a href=\"https:\/\/medieproduktion.lnu.se\/kung\/webb-tv\/fem-enkla-traningstips-for-nyborjaren\/\" >\n\t\t\t\tFem enkla tr\u00e4ningstips f\u00f6r nyb\u00f6rjaren\t\t\t<\/a>\n\t\t<\/h3>\n\t\t\t\t<div class=\"elementor-post__meta-data\">\n\t\t\t\t\t<span class=\"elementor-post-time\">\n\t\t\t10:47\t\t<\/span>\n\t\t\t\t<\/div>\n\t\t\t\t<\/div>\n\t\t\t\t<\/article>\n\t\t\t\t<article class=\"elementor-post elementor-grid-item post-1085 post type-post status-publish format-standard has-post-thumbnail hentry category-lokalt tag-artikel\" role=\"listitem\">\n\t\t\t\t<div class=\"elementor-post__text\">\n\t\t\t\t<h3 class=\"elementor-post__title\">\n\t\t\t<a href=\"https:\/\/medieproduktion.lnu.se\/kung\/lokalt\/stor-risk-for-grasbrander\/\" >\n\t\t\t\tStor risk f\u00f6r gr\u00e4sbr\u00e4nder\t\t\t<\/a>\n\t\t<\/h3>\n\t\t\t\t<div class=\"elementor-post__meta-data\">\n\t\t\t\t\t<span class=\"elementor-post-time\">\n\t\t\t10:47\t\t<\/span>\n\t\t\t\t<\/div>\n\t\t\t\t<\/div>\n\t\t\t\t<\/article>\n\t\t\t\t<article class=\"elementor-post elementor-grid-item post-1064 post type-post status-publish format-standard has-post-thumbnail hentry category-lokalt tag-artikel\" role=\"listitem\">\n\t\t\t\t<div class=\"elementor-post__text\">\n\t\t\t\t<h3 class=\"elementor-post__title\">\n\t\t\t<a href=\"https:\/\/medieproduktion.lnu.se\/kung\/lokalt\/pa-besok-hos-en-av-de-framsta-tatuerarna-i-kalmar\/\" >\n\t\t\t\tP\u00e5 bes\u00f6k hos en av de fr\u00e4msta tatuerarna i Kalmar\t\t\t<\/a>\n\t\t<\/h3>\n\t\t\t\t<div class=\"elementor-post__meta-data\">\n\t\t\t\t\t<span class=\"elementor-post-time\">\n\t\t\t10:46\t\t<\/span>\n\t\t\t\t<\/div>\n\t\t\t\t<\/div>\n\t\t\t\t<\/article>\n\t\t\t\t<\/div>\n\t\t\n\t\t\t\t\t\t<\/div>\n\t\t\t\t<\/div>\n\t\t\t\t\t<\/div>\n\t\t<\/div>\n\t\t\t\t\t<\/div>\n\t\t<\/section>\n\t\t\t\t<section class=\"elementor-section elementor-top-section elementor-element elementor-element-322b47b elementor-section-boxed elementor-section-height-default elementor-section-height-default\" data-id=\"322b47b\" data-element_type=\"section\">\n\t\t\t\t\t\t<div class=\"elementor-container elementor-column-gap-extended\">\n\t\t\t\t\t<div class=\"elementor-column elementor-col-66 elementor-top-column elementor-element elementor-element-eb3748d\" data-id=\"eb3748d\" data-element_type=\"column\">\n\t\t\t<div class=\"elementor-widget-wrap elementor-element-populated\">\n\t\t\t\t\t\t<div class=\"elementor-element elementor-element-1527b44 elementor-grid-2 teaser-arrow elementor-grid-tablet-2 elementor-grid-mobile-1 elementor-posts--thumbnail-top elementor-widget elementor-widget-posts\" data-id=\"1527b44\" data-element_type=\"widget\" data-settings=\"{&quot;classic_columns&quot;:&quot;2&quot;,&quot;classic_columns_tablet&quot;:&quot;2&quot;,&quot;classic_columns_mobile&quot;:&quot;1&quot;,&quot;classic_row_gap&quot;:{&quot;unit&quot;:&quot;px&quot;,&quot;size&quot;:35,&quot;sizes&quot;:[]},&quot;classic_row_gap_tablet&quot;:{&quot;unit&quot;:&quot;px&quot;,&quot;size&quot;:&quot;&quot;,&quot;sizes&quot;:[]},&quot;classic_row_gap_mobile&quot;:{&quot;unit&quot;:&quot;px&quot;,&quot;size&quot;:&quot;&quot;,&quot;sizes&quot;:[]}}\" data-widget_type=\"posts.classic\">\n\t\t\t\t<div class=\"elementor-widget-container\">\n\t\t\t\t\t\t\t<div class=\"elementor-posts-container elementor-posts elementor-posts--skin-classic elementor-grid\" role=\"list\">\n\t\t\t\t<article class=\"elementor-post elementor-grid-item post-1083 post type-post status-publish format-standard has-post-thumbnail hentry category-webb-tv tag-video\" role=\"listitem\">\n\t\t\t\t<a class=\"elementor-post__thumbnail__link\" href=\"https:\/\/medieproduktion.lnu.se\/kung\/webb-tv\/fem-enkla-traningstips-for-nyborjaren\/\" tabindex=\"-1\" >\n\t\t\t<div class=\"elementor-post__thumbnail\"><img decoding=\"async\" width=\"768\" height=\"434\" src=\"https:\/\/medieproduktion.lnu.se\/kung\/wp-content\/uploads\/sites\/59\/2019\/02\/Screen-Shot-2019-02-20-at-13.25.09-768x434.png\" class=\"attachment-medium_large size-medium_large wp-image-1153\" alt=\"Erika Lindeblad.\" srcset=\"https:\/\/medieproduktion.lnu.se\/kung\/wp-content\/uploads\/sites\/59\/2019\/02\/Screen-Shot-2019-02-20-at-13.25.09-768x434.png 768w, https:\/\/medieproduktion.lnu.se\/kung\/wp-content\/uploads\/sites\/59\/2019\/02\/Screen-Shot-2019-02-20-at-13.25.09-300x170.png 300w, https:\/\/medieproduktion.lnu.se\/kung\/wp-content\/uploads\/sites\/59\/2019\/02\/Screen-Shot-2019-02-20-at-13.25.09-1024x579.png 1024w, https:\/\/medieproduktion.lnu.se\/kung\/wp-content\/uploads\/sites\/59\/2019\/02\/Screen-Shot-2019-02-20-at-13.25.09.png 1934w\" sizes=\"(max-width: 768px) 100vw, 768px\" \/><\/div>\n\t\t<\/a>\n\t\t\t\t<div class=\"elementor-post__text\">\n\t\t\t\t<h3 class=\"elementor-post__title\">\n\t\t\t<a href=\"https:\/\/medieproduktion.lnu.se\/kung\/webb-tv\/fem-enkla-traningstips-for-nyborjaren\/\" >\n\t\t\t\tFem enkla tr\u00e4ningstips f\u00f6r nyb\u00f6rjaren\t\t\t<\/a>\n\t\t<\/h3>\n\t\t\t\t<div class=\"elementor-post__excerpt\">\n\t\t\t<p>L\u00e5ngdistansl\u00f6paren Erika Lindeblad listar sina favoriter.<\/p>\n\t\t<\/div>\n\t\t\t\t<\/div>\n\t\t\t\t<\/article>\n\t\t\t\t<article class=\"elementor-post elementor-grid-item post-1010 post type-post status-publish format-standard has-post-thumbnail hentry category-webb-tv tag-video\" role=\"listitem\">\n\t\t\t\t<a class=\"elementor-post__thumbnail__link\" href=\"https:\/\/medieproduktion.lnu.se\/kung\/webb-tv\/tva-smidiga-matlador-for-dig-som-student\/\" tabindex=\"-1\" >\n\t\t\t<div class=\"elementor-post__thumbnail\"><img decoding=\"async\" width=\"768\" height=\"432\" src=\"https:\/\/medieproduktion.lnu.se\/kung\/wp-content\/uploads\/sites\/59\/2019\/02\/Screen-Shot-2019-02-19-at-13.08.57-768x432.png\" class=\"attachment-medium_large size-medium_large wp-image-1017\" alt=\"En kastrull och texten Tv\u00e5 snabba och goda matl\u00e5dor\" srcset=\"https:\/\/medieproduktion.lnu.se\/kung\/wp-content\/uploads\/sites\/59\/2019\/02\/Screen-Shot-2019-02-19-at-13.08.57-768x432.png 768w, https:\/\/medieproduktion.lnu.se\/kung\/wp-content\/uploads\/sites\/59\/2019\/02\/Screen-Shot-2019-02-19-at-13.08.57-300x169.png 300w, https:\/\/medieproduktion.lnu.se\/kung\/wp-content\/uploads\/sites\/59\/2019\/02\/Screen-Shot-2019-02-19-at-13.08.57-1024x576.png 1024w\" sizes=\"(max-width: 768px) 100vw, 768px\" \/><\/div>\n\t\t<\/a>\n\t\t\t\t<div class=\"elementor-post__text\">\n\t\t\t\t<h3 class=\"elementor-post__title\">\n\t\t\t<a href=\"https:\/\/medieproduktion.lnu.se\/kung\/webb-tv\/tva-smidiga-matlador-for-dig-som-student\/\" >\n\t\t\t\tTv\u00e5 smidiga matl\u00e5dor f\u00f6r dig som student\t\t\t<\/a>\n\t\t<\/h3>\n\t\t\t\t<div class=\"elementor-post__excerpt\">\n\t\t\t<p>Tv\u00e5 snabba och enkla matl\u00e5dor f\u00f6r dig som \u00e4r i farten.<\/p>\n\t\t<\/div>\n\t\t\t\t<\/div>\n\t\t\t\t<\/article>\n\t\t\t\t<\/div>\n\t\t\n\t\t\t\t\t\t<\/div>\n\t\t\t\t<\/div>\n\t\t\t\t\t<\/div>\n\t\t<\/div>\n\t\t\t\t<div class=\"elementor-column elementor-col-33 elementor-top-column elementor-element elementor-element-0262873\" data-id=\"0262873\" data-element_type=\"column\">\n\t\t\t<div class=\"elementor-widget-wrap\">\n\t\t\t\t\t\t\t<\/div>\n\t\t<\/div>\n\t\t\t\t\t<\/div>\n\t\t<\/section>\n\t\t\t\t<section class=\"elementor-section elementor-top-section elementor-element elementor-element-bb235a0 elementor-section-boxed elementor-section-height-default elementor-section-height-default\" data-id=\"bb235a0\" data-element_type=\"section\">\n\t\t\t\t\t\t<div class=\"elementor-container elementor-column-gap-extended\">\n\t\t\t\t\t<div class=\"elementor-column elementor-col-66 elementor-top-column elementor-element elementor-element-809c52d\" data-id=\"809c52d\" data-element_type=\"column\">\n\t\t\t<div class=\"elementor-widget-wrap elementor-element-populated\">\n\t\t\t\t\t\t<div class=\"elementor-element elementor-element-cefd9be elementor-grid-2 teaser-arrow elementor-grid-tablet-2 elementor-grid-mobile-1 elementor-posts--thumbnail-top elementor-widget elementor-widget-posts\" data-id=\"cefd9be\" data-element_type=\"widget\" data-settings=\"{&quot;classic_columns&quot;:&quot;2&quot;,&quot;classic_columns_tablet&quot;:&quot;2&quot;,&quot;classic_columns_mobile&quot;:&quot;1&quot;,&quot;classic_row_gap&quot;:{&quot;unit&quot;:&quot;px&quot;,&quot;size&quot;:35,&quot;sizes&quot;:[]},&quot;classic_row_gap_tablet&quot;:{&quot;unit&quot;:&quot;px&quot;,&quot;size&quot;:&quot;&quot;,&quot;sizes&quot;:[]},&quot;classic_row_gap_mobile&quot;:{&quot;unit&quot;:&quot;px&quot;,&quot;size&quot;:&quot;&quot;,&quot;sizes&quot;:[]}}\" data-widget_type=\"posts.classic\">\n\t\t\t\t<div class=\"elementor-widget-container\">\n\t\t\t\t\t\t\t<div class=\"elementor-posts-container elementor-posts elementor-posts--skin-classic elementor-grid\" role=\"list\">\n\t\t\t\t<article class=\"elementor-post elementor-grid-item post-947 post type-post status-publish format-standard has-post-thumbnail hentry category-webb-tv tag-video\" role=\"listitem\">\n\t\t\t\t<a class=\"elementor-post__thumbnail__link\" href=\"https:\/\/medieproduktion.lnu.se\/kung\/webb-tv\/10-hetaste-fordomar-om-kalmar\/\" tabindex=\"-1\" >\n\t\t\t<div class=\"elementor-post__thumbnail\"><img loading=\"lazy\" decoding=\"async\" width=\"768\" height=\"500\" src=\"https:\/\/medieproduktion.lnu.se\/kung\/wp-content\/uploads\/sites\/59\/2019\/02\/screenshot-768x500.jpg\" class=\"attachment-medium_large size-medium_large wp-image-968\" alt=\"\" srcset=\"https:\/\/medieproduktion.lnu.se\/kung\/wp-content\/uploads\/sites\/59\/2019\/02\/screenshot-768x500.jpg 768w, https:\/\/medieproduktion.lnu.se\/kung\/wp-content\/uploads\/sites\/59\/2019\/02\/screenshot-300x195.jpg 300w, https:\/\/medieproduktion.lnu.se\/kung\/wp-content\/uploads\/sites\/59\/2019\/02\/screenshot-1024x667.jpg 1024w\" sizes=\"(max-width: 768px) 100vw, 768px\" \/><\/div>\n\t\t<\/a>\n\t\t\t\t<div class=\"elementor-post__text\">\n\t\t\t\t<h3 class=\"elementor-post__title\">\n\t\t\t<a href=\"https:\/\/medieproduktion.lnu.se\/kung\/webb-tv\/10-hetaste-fordomar-om-kalmar\/\" >\n\t\t\t\t10 hetaste f\u00f6rdomarna om Kalmar\t\t\t<\/a>\n\t\t<\/h3>\n\t\t\t\t<div class=\"elementor-post__excerpt\">\n\t\t\t<p>F\u00f6rdomar om Kalmar: &#8221;De kan inte k\u00f6ra bil i rondeller&#8221;.<\/p>\n\t\t<\/div>\n\t\t\t\t<\/div>\n\t\t\t\t<\/article>\n\t\t\t\t<article class=\"elementor-post elementor-grid-item post-871 post type-post status-publish format-standard has-post-thumbnail hentry category-webb-tv tag-video\" role=\"listitem\">\n\t\t\t\t<a class=\"elementor-post__thumbnail__link\" href=\"https:\/\/medieproduktion.lnu.se\/kung\/webb-tv\/sa-stort-ar-alla-hjartans-dag-i-sverige\/\" tabindex=\"-1\" >\n\t\t\t<div class=\"elementor-post__thumbnail\"><img loading=\"lazy\" decoding=\"async\" width=\"768\" height=\"429\" src=\"https:\/\/medieproduktion.lnu.se\/kung\/wp-content\/uploads\/sites\/59\/2019\/02\/Ska\u0308rmavbild-2019-02-14-kl.-14.19.50-768x429.png\" class=\"attachment-medium_large size-medium_large wp-image-873\" alt=\"Rosa bakgrund med hj\u00e4rtan i papper och texten S\u00e5 stort \u00e4r Alla hj\u00e4rtans dag i Sverige.\" srcset=\"https:\/\/medieproduktion.lnu.se\/kung\/wp-content\/uploads\/sites\/59\/2019\/02\/Ska\u0308rmavbild-2019-02-14-kl.-14.19.50-768x429.png 768w, https:\/\/medieproduktion.lnu.se\/kung\/wp-content\/uploads\/sites\/59\/2019\/02\/Ska\u0308rmavbild-2019-02-14-kl.-14.19.50-300x168.png 300w, https:\/\/medieproduktion.lnu.se\/kung\/wp-content\/uploads\/sites\/59\/2019\/02\/Ska\u0308rmavbild-2019-02-14-kl.-14.19.50-1024x572.png 1024w\" sizes=\"(max-width: 768px) 100vw, 768px\" \/><\/div>\n\t\t<\/a>\n\t\t\t\t<div class=\"elementor-post__text\">\n\t\t\t\t<h3 class=\"elementor-post__title\">\n\t\t\t<a href=\"https:\/\/medieproduktion.lnu.se\/kung\/webb-tv\/sa-stort-ar-alla-hjartans-dag-i-sverige\/\" >\n\t\t\t\tS\u00e5 stort \u00e4r alla hj\u00e4rtans dag i Sverige\t\t\t<\/a>\n\t\t<\/h3>\n\t\t\t\t<div class=\"elementor-post__excerpt\">\n\t\t\t<p>Vi har samlat allt du beh\u00f6ver veta om h\u00f6gtiden.<\/p>\n\t\t<\/div>\n\t\t\t\t<\/div>\n\t\t\t\t<\/article>\n\t\t\t\t<\/div>\n\t\t\n\t\t\t\t\t\t<\/div>\n\t\t\t\t<\/div>\n\t\t\t\t\t<\/div>\n\t\t<\/div>\n\t\t\t\t<div class=\"elementor-column elementor-col-33 elementor-top-column elementor-element elementor-element-0efc768\" data-id=\"0efc768\" data-element_type=\"column\">\n\t\t\t<div class=\"elementor-widget-wrap\">\n\t\t\t\t\t\t\t<\/div>\n\t\t<\/div>\n\t\t\t\t\t<\/div>\n\t\t<\/section>\n\t\t\t\t<\/div>\n\t\t\t\t<\/div>\n\t\t\t\t\t\t<\/div>\n\t\t\t\t<\/div>\n\t\t\t\t\t<\/div>\n\t\t<\/div>\n\t\t\t\t\t<\/div>\n\t\t<\/section>\n\t\t\t\t<section class=\"elementor-section elementor-top-section elementor-element elementor-element-79c5d4b elementor-section-boxed elementor-section-height-default elementor-section-height-default\" data-id=\"79c5d4b\" data-element_type=\"section\">\n\t\t\t\t\t\t<div class=\"elementor-container elementor-column-gap-extended\">\n\t\t\t\t\t<div class=\"elementor-column elementor-col-66 elementor-top-column elementor-element elementor-element-7ded4f2\" data-id=\"7ded4f2\" data-element_type=\"column\">\n\t\t\t<div class=\"elementor-widget-wrap\">\n\t\t\t\t\t\t\t<\/div>\n\t\t<\/div>\n\t\t\t\t<div class=\"elementor-column elementor-col-33 elementor-top-column elementor-element elementor-element-90ac863\" data-id=\"90ac863\" data-element_type=\"column\">\n\t\t\t<div class=\"elementor-widget-wrap\">\n\t\t\t\t\t\t\t<\/div>\n\t\t<\/div>\n\t\t\t\t\t<\/div>\n\t\t<\/section>\n\t\t\t\t<\/div>\n\t\t","protected":false},"excerpt":{"rendered":"","protected":false},"author":50,"featured_media":0,"parent":0,"menu_order":0,"comment_status":"closed","ping_status":"closed","template":"elementor_header_footer","meta":{"footnotes":""},"class_list":["post-103","page","type-page","status-publish","hentry"],"_links":{"self":[{"href":"https:\/\/medieproduktion.lnu.se\/kung\/wp-json\/wp\/v2\/pages\/103","targetHints":{"allow":["GET"]}}],"collection":[{"href":"https:\/\/medieproduktion.lnu.se\/kung\/wp-json\/wp\/v2\/pages"}],"about":[{"href":"https:\/\/medieproduktion.lnu.se\/kung\/wp-json\/wp\/v2\/types\/page"}],"author":[{"embeddable":true,"href":"https:\/\/medieproduktion.lnu.se\/kung\/wp-json\/wp\/v2\/users\/50"}],"replies":[{"embeddable":true,"href":"https:\/\/medieproduktion.lnu.se\/kung\/wp-json\/wp\/v2\/comments?post=103"}],"version-history":[{"count":4,"href":"https:\/\/medieproduktion.lnu.se\/kung\/wp-json\/wp\/v2\/pages\/103\/revisions"}],"predecessor-version":[{"id":965,"href":"https:\/\/medieproduktion.lnu.se\/kung\/wp-json\/wp\/v2\/pages\/103\/revisions\/965"}],"wp:attachment":[{"href":"https:\/\/medieproduktion.lnu.se\/kung\/wp-json\/wp\/v2\/media?parent=103"}],"curies":[{"name":"wp","href":"https:\/\/api.w.org\/{rel}","templated":true}]}}