{"id":80,"date":"2021-03-10T15:21:14","date_gmt":"2021-03-10T14:21:14","guid":{"rendered":"http:\/\/medieproduktion.lnu.se\/redaktion7b\/?page_id=80"},"modified":"2021-03-19T14:28:17","modified_gmt":"2021-03-19T13:28:17","slug":"om-oss","status":"publish","type":"page","link":"https:\/\/medieproduktion.lnu.se\/kulturama\/om-oss\/","title":{"rendered":"Kulturama Fint &amp; Fult"},"content":{"rendered":"<p>En kulturtidning med bas i Sm\u00e5land.<br \/>\nVi rapporterar om de senaste kulturnyheterna i Sm\u00e5land samt st\u00f6rre riksnyheter.<br \/>\nV\u00e5r ambition \u00e4r att ge st\u00f6rre spridning till b\u00e5de den fina och den fula kulturen.<\/p>\n<p>Tipsa oss g\u00e4rna:\u00a0<a style=\"color: #4c009e\" href=\"mailto:kulturama.fintfult@gmail.com\">kulturama.fintfult@gmail.com<\/a><\/p>\n<p><a href=\"http:\/\/medieproduktion.lnu.se\/kulturama\/wp-content\/uploads\/sites\/521\/2021\/03\/Redaktionsbild.jpg\"><img fetchpriority=\"high\" decoding=\"async\" src=\"http:\/\/medieproduktion.lnu.se\/kulturama\/wp-content\/uploads\/sites\/521\/2021\/03\/Redaktionsbild-1024x896.jpg\" alt=\"\" width=\"1024\" height=\"896\" \/><\/a><\/p>\n","protected":false},"excerpt":{"rendered":"<p>En kulturtidning med bas i Sm\u00e5land. Vi rapporterar om de senaste kulturnyheterna i Sm\u00e5land samt st\u00f6rre riksnyheter. V\u00e5r ambition \u00e4r att ge st\u00f6rre spridning till b\u00e5de den fina och den fula kulturen. Tipsa oss g\u00e4rna:\u00a0kulturama.fintfult@gmail.com<\/p>\n","protected":false},"author":374,"featured_media":0,"parent":0,"menu_order":0,"comment_status":"closed","ping_status":"closed","template":"","meta":{"_seopress_robots_primary_cat":"","_seopress_titles_title":"","_seopress_titles_desc":"","_seopress_robots_index":"","footnotes":""},"class_list":["post-80","page","type-page","status-publish"],"_links":{"self":[{"href":"https:\/\/medieproduktion.lnu.se\/kulturama\/wp-json\/wp\/v2\/pages\/80","targetHints":{"allow":["GET"]}}],"collection":[{"href":"https:\/\/medieproduktion.lnu.se\/kulturama\/wp-json\/wp\/v2\/pages"}],"about":[{"href":"https:\/\/medieproduktion.lnu.se\/kulturama\/wp-json\/wp\/v2\/types\/page"}],"author":[{"embeddable":true,"href":"https:\/\/medieproduktion.lnu.se\/kulturama\/wp-json\/wp\/v2\/users\/374"}],"replies":[{"embeddable":true,"href":"https:\/\/medieproduktion.lnu.se\/kulturama\/wp-json\/wp\/v2\/comments?post=80"}],"version-history":[{"count":13,"href":"https:\/\/medieproduktion.lnu.se\/kulturama\/wp-json\/wp\/v2\/pages\/80\/revisions"}],"predecessor-version":[{"id":531,"href":"https:\/\/medieproduktion.lnu.se\/kulturama\/wp-json\/wp\/v2\/pages\/80\/revisions\/531"}],"wp:attachment":[{"href":"https:\/\/medieproduktion.lnu.se\/kulturama\/wp-json\/wp\/v2\/media?parent=80"}],"curies":[{"name":"wp","href":"https:\/\/api.w.org\/{rel}","templated":true}]}}