{"id":2,"date":"2021-02-01T14:06:53","date_gmt":"2021-02-01T13:06:53","guid":{"rendered":"http:\/\/medieproduktion.lnu.se\/jom19redaktion3\/?page_id=2"},"modified":"2021-02-19T16:18:10","modified_gmt":"2021-02-19T15:18:10","slug":"exempelsida","status":"publish","type":"page","link":"https:\/\/medieproduktion.lnu.se\/korrespondenten\/","title":{"rendered":"Hem"},"content":{"rendered":"\t\t<div data-elementor-type=\"wp-post\" data-elementor-id=\"2\" class=\"elementor elementor-2 elementor-bc-flex-widget\" data-elementor-post-type=\"page\">\n\t\t\t\t\t\t<section class=\"elementor-section elementor-top-section elementor-element elementor-element-3fc3a7a elementor-section-boxed elementor-section-height-default elementor-section-height-default\" data-id=\"3fc3a7a\" data-element_type=\"section\">\n\t\t\t\t\t\t<div class=\"elementor-container elementor-column-gap-default\">\n\t\t\t\t\t<section class=\"elementor-column elementor-col-100 elementor-top-column elementor-element elementor-element-1c124c7\" data-id=\"1c124c7\" data-element_type=\"column\">\n\t\t\t<div class=\"elementor-widget-wrap elementor-element-populated\">\n\t\t\t\t\t\t<div class=\"elementor-element elementor-element-d781abe elementor-grid-1 elementor-grid-tablet-2 elementor-grid-mobile-1 elementor-posts--thumbnail-top elementor-widget elementor-widget-posts\" data-id=\"d781abe\" data-element_type=\"widget\" data-settings=\"{&quot;classic_columns&quot;:&quot;1&quot;,&quot;classic_columns_tablet&quot;:&quot;2&quot;,&quot;classic_columns_mobile&quot;:&quot;1&quot;,&quot;classic_row_gap&quot;:{&quot;unit&quot;:&quot;px&quot;,&quot;size&quot;:35,&quot;sizes&quot;:[]},&quot;classic_row_gap_tablet&quot;:{&quot;unit&quot;:&quot;px&quot;,&quot;size&quot;:&quot;&quot;,&quot;sizes&quot;:[]},&quot;classic_row_gap_mobile&quot;:{&quot;unit&quot;:&quot;px&quot;,&quot;size&quot;:&quot;&quot;,&quot;sizes&quot;:[]}}\" data-widget_type=\"posts.classic\">\n\t\t\t\t<div class=\"elementor-widget-container\">\n\t\t\t\t\t\t\t<div class=\"elementor-posts-container elementor-posts elementor-posts--skin-classic elementor-grid\" role=\"list\">\n\t\t\t\t<article class=\"elementor-post elementor-grid-item post-773 post type-post status-publish format-standard has-post-thumbnail hentry category-personportratt\" role=\"listitem\">\n\t\t\t\t<a class=\"elementor-post__thumbnail__link\" href=\"https:\/\/medieproduktion.lnu.se\/korrespondenten\/2021\/02\/17\/arbetslivet-ar-min-livraddning-som-diabetiker\/\" tabindex=\"-1\" >\n\t\t\t<div class=\"elementor-post__thumbnail\"><img fetchpriority=\"high\" decoding=\"async\" width=\"640\" height=\"480\" src=\"https:\/\/medieproduktion.lnu.se\/korrespondenten\/wp-content\/uploads\/sites\/466\/2021\/02\/151844641_2896487910630922_7240304422108018283_n.jpg\" class=\"attachment-medium_large size-medium_large wp-image-780\" alt=\"en kvinna ler vid havet\" srcset=\"https:\/\/medieproduktion.lnu.se\/korrespondenten\/wp-content\/uploads\/sites\/466\/2021\/02\/151844641_2896487910630922_7240304422108018283_n.jpg 640w, https:\/\/medieproduktion.lnu.se\/korrespondenten\/wp-content\/uploads\/sites\/466\/2021\/02\/151844641_2896487910630922_7240304422108018283_n-300x225.jpg 300w\" sizes=\"(max-width: 640px) 100vw, 640px\" \/><\/div>\n\t\t<\/a>\n\t\t\t\t<div class=\"elementor-post__text\">\n\t\t\t\t<h1 class=\"elementor-post__title\">\n\t\t\t<a href=\"https:\/\/medieproduktion.lnu.se\/korrespondenten\/2021\/02\/17\/arbetslivet-ar-min-livraddning-som-diabetiker\/\" >\n\t\t\t\tSom diabetiker \u00e4r arbetslivet min livr\u00e4ddning\t\t\t<\/a>\n\t\t<\/h1>\n\t\t\t\t<div class=\"elementor-post__meta-data\">\n\t\t\t\t\t<span class=\"elementor-post-author\">\n\t\t\tSibelesma Arnautovic\t\t<\/span>\n\t\t\t\t<span class=\"elementor-post-date\">\n\t\t\t2021-02-17\t\t<\/span>\n\t\t\t\t<span class=\"elementor-post-time\">\n\t\t\t12:26\t\t<\/span>\n\t\t\t\t<\/div>\n\t\t\t\t<div class=\"elementor-post__excerpt\">\n\t\t\t<p><a href=\"http:\/\/medieproduktion.lnu.se\/korrespondenten\/2021\/02\/17\/arbetslivet-ar-min-livraddning-som-diabetiker\/\">Amela Arnautovic \u00e4r en utav av dessa personer som befinner sig i riskzonen p\u00e5 grund av hennes sjukdom diabetes.<\/a><\/p>\n\t\t<\/div>\n\t\t\t\t<\/div>\n\t\t\t\t<\/article>\n\t\t\t\t<\/div>\n\t\t\n\t\t\t\t\t\t<\/div>\n\t\t\t\t<\/div>\n\t\t\t\t\t<\/div>\n\t\t<\/section>\n\t\t\t\t\t<\/div>\n\t\t<\/section>\n\t\t\t\t<section class=\"elementor-section elementor-top-section elementor-element elementor-element-e331834 elementor-section-boxed elementor-section-height-default elementor-section-height-default\" data-id=\"e331834\" data-element_type=\"section\">\n\t\t\t\t\t\t<div class=\"elementor-container elementor-column-gap-default\">\n\t\t\t\t\t<div class=\"elementor-column elementor-col-100 elementor-top-column elementor-element elementor-element-3a026c5\" data-id=\"3a026c5\" data-element_type=\"column\">\n\t\t\t<div class=\"elementor-widget-wrap elementor-element-populated\">\n\t\t\t\t\t\t<div class=\"elementor-element elementor-element-7fb9fd4 elementor-grid-2 elementor-grid-tablet-2 elementor-grid-mobile-1 elementor-posts--thumbnail-top elementor-widget elementor-widget-posts\" data-id=\"7fb9fd4\" data-element_type=\"widget\" data-settings=\"{&quot;classic_columns&quot;:&quot;2&quot;,&quot;classic_columns_tablet&quot;:&quot;2&quot;,&quot;classic_columns_mobile&quot;:&quot;1&quot;,&quot;classic_row_gap&quot;:{&quot;unit&quot;:&quot;px&quot;,&quot;size&quot;:35,&quot;sizes&quot;:[]},&quot;classic_row_gap_tablet&quot;:{&quot;unit&quot;:&quot;px&quot;,&quot;size&quot;:&quot;&quot;,&quot;sizes&quot;:[]},&quot;classic_row_gap_mobile&quot;:{&quot;unit&quot;:&quot;px&quot;,&quot;size&quot;:&quot;&quot;,&quot;sizes&quot;:[]}}\" data-widget_type=\"posts.classic\">\n\t\t\t\t<div class=\"elementor-widget-container\">\n\t\t\t\t\t\t\t<div class=\"elementor-posts-container elementor-posts elementor-posts--skin-classic elementor-grid\" role=\"list\">\n\t\t\t\t<article class=\"elementor-post elementor-grid-item post-721 post type-post status-publish format-standard has-post-thumbnail hentry category-riksnyheter\" role=\"listitem\">\n\t\t\t\t<a class=\"elementor-post__thumbnail__link\" href=\"https:\/\/medieproduktion.lnu.se\/korrespondenten\/2021\/02\/17\/regeringen-forbereder-nedstangningar-restaurang-orolig-i-vetlanda\/\" tabindex=\"-1\" >\n\t\t\t<div class=\"elementor-post__thumbnail\"><img decoding=\"async\" width=\"768\" height=\"512\" src=\"https:\/\/medieproduktion.lnu.se\/korrespondenten\/wp-content\/uploads\/sites\/466\/2021\/02\/Flagga-768x512.jpg\" class=\"attachment-medium_large size-medium_large wp-image-823\" alt=\"Sveriges flagga.\" \/><\/div>\n\t\t<\/a>\n\t\t\t\t<div class=\"elementor-post__text\">\n\t\t\t\t<h2 class=\"elementor-post__title\">\n\t\t\t<a href=\"https:\/\/medieproduktion.lnu.se\/korrespondenten\/2021\/02\/17\/regeringen-forbereder-nedstangningar-restaurang-orolig-i-vetlanda\/\" >\n\t\t\t\tRegeringen f\u00f6rbereder nedst\u00e4ngningar \u2013 restaurang orolig i Vetlanda\t\t\t<\/a>\n\t\t<\/h2>\n\t\t\t\t<div class=\"elementor-post__meta-data\">\n\t\t\t\t\t<span class=\"elementor-post-author\">\n\t\t\tRicards Tigeris\t\t<\/span>\n\t\t\t\t<span class=\"elementor-post-date\">\n\t\t\t2021-02-17\t\t<\/span>\n\t\t\t\t<span class=\"elementor-post-time\">\n\t\t\t15:00\t\t<\/span>\n\t\t\t\t<\/div>\n\t\t\t\t<div class=\"elementor-post__excerpt\">\n\t\t\t<p><a href=\"http:\/\/medieproduktion.lnu.se\/korrespondenten\/2021\/02\/17\/regeringen-forbereder-nedstangningar-verksamheter-oroliga-i-vetlanda\">VETLANDA. Nu \u00e4r verksamheter i Vetlanda oroliga efter det nya f\u00f6rslaget som socialminister Lena Hallengren (S) presenterade p\u00e5 en presskonferens.<\/a><\/p>\n\t\t<\/div>\n\t\t\t\t<\/div>\n\t\t\t\t<\/article>\n\t\t\t\t<article class=\"elementor-post elementor-grid-item post-815 post type-post status-publish format-standard has-post-thumbnail hentry category-webb-tv\" role=\"listitem\">\n\t\t\t\t<a class=\"elementor-post__thumbnail__link\" href=\"https:\/\/medieproduktion.lnu.se\/korrespondenten\/2021\/02\/17\/jessie-startade-upp-eget-cafe-under-pandemin\/\" tabindex=\"-1\" >\n\t\t\t<div class=\"elementor-post__thumbnail\"><img decoding=\"async\" width=\"768\" height=\"433\" src=\"https:\/\/medieproduktion.lnu.se\/korrespondenten\/wp-content\/uploads\/sites\/466\/2021\/02\/Bild-2021-02-17-kl.-14.07-768x433.jpg\" class=\"attachment-medium_large size-medium_large wp-image-817\" alt=\"Ett skyltf\u00f6nster med texten &quot;Jessies - musikcaf\u00e9 och second hand&quot;\" srcset=\"https:\/\/medieproduktion.lnu.se\/korrespondenten\/wp-content\/uploads\/sites\/466\/2021\/02\/Bild-2021-02-17-kl.-14.07-768x433.jpg 768w, https:\/\/medieproduktion.lnu.se\/korrespondenten\/wp-content\/uploads\/sites\/466\/2021\/02\/Bild-2021-02-17-kl.-14.07-300x169.jpg 300w, https:\/\/medieproduktion.lnu.se\/korrespondenten\/wp-content\/uploads\/sites\/466\/2021\/02\/Bild-2021-02-17-kl.-14.07-1024x577.jpg 1024w, https:\/\/medieproduktion.lnu.se\/korrespondenten\/wp-content\/uploads\/sites\/466\/2021\/02\/Bild-2021-02-17-kl.-14.07.jpg 1440w\" sizes=\"(max-width: 768px) 100vw, 768px\" \/><\/div>\n\t\t<\/a>\n\t\t\t\t<div class=\"elementor-post__text\">\n\t\t\t\t<h2 class=\"elementor-post__title\">\n\t\t\t<a href=\"https:\/\/medieproduktion.lnu.se\/korrespondenten\/2021\/02\/17\/jessie-startade-upp-eget-cafe-under-pandemin\/\" >\n\t\t\t\tJessie startade upp eget caf\u00e9 under pandemin\t\t\t<\/a>\n\t\t<\/h2>\n\t\t\t\t<div class=\"elementor-post__meta-data\">\n\t\t\t\t\t<span class=\"elementor-post-author\">\n\t\t\tAmanda Liljekvist\t\t<\/span>\n\t\t\t\t<span class=\"elementor-post-date\">\n\t\t\t2021-02-17\t\t<\/span>\n\t\t\t\t<span class=\"elementor-post-time\">\n\t\t\t14:37\t\t<\/span>\n\t\t\t\t<\/div>\n\t\t\t\t<div class=\"elementor-post__excerpt\">\n\t\t\t<p><a href=\"http:\/\/medieproduktion.lnu.se\/korrespondenten\/2021\/02\/17\/jessie-startade-upp-eget-cafe-under-pandemin\/\">STOCKHOLM. Jessie van der Zwan hade ett tungt \u00e5r 2020 och best\u00e4mde sig f\u00f6r att starta upp ett eget caf\u00e9.<\/a><\/p>\n\t\t<\/div>\n\t\t\t\t<\/div>\n\t\t\t\t<\/article>\n\t\t\t\t<\/div>\n\t\t\n\t\t\t\t\t\t<\/div>\n\t\t\t\t<\/div>\n\t\t\t\t\t<\/div>\n\t\t<\/div>\n\t\t\t\t\t<\/div>\n\t\t<\/section>\n\t\t\t\t<section class=\"elementor-section elementor-top-section elementor-element elementor-element-955859b elementor-section-boxed elementor-section-height-default elementor-section-height-default\" data-id=\"955859b\" data-element_type=\"section\">\n\t\t\t\t\t\t<div class=\"elementor-container elementor-column-gap-default\">\n\t\t\t\t\t<div class=\"elementor-column elementor-col-100 elementor-top-column elementor-element elementor-element-eb85e5b\" data-id=\"eb85e5b\" data-element_type=\"column\">\n\t\t\t<div class=\"elementor-widget-wrap elementor-element-populated\">\n\t\t\t\t\t\t<div class=\"elementor-element elementor-element-89d4dbe elementor-widget-divider--view-line elementor-widget elementor-widget-divider\" data-id=\"89d4dbe\" data-element_type=\"widget\" data-widget_type=\"divider.default\">\n\t\t\t\t<div class=\"elementor-widget-container\">\n\t\t\t\t\t\t\t<div class=\"elementor-divider\">\n\t\t\t<span class=\"elementor-divider-separator\">\n\t\t\t\t\t\t<\/span>\n\t\t<\/div>\n\t\t\t\t\t\t<\/div>\n\t\t\t\t<\/div>\n\t\t\t\t\t<\/div>\n\t\t<\/div>\n\t\t\t\t\t<\/div>\n\t\t<\/section>\n\t\t\t\t<section class=\"elementor-section elementor-top-section elementor-element elementor-element-0d218e9 elementor-section-boxed elementor-section-height-default elementor-section-height-default\" data-id=\"0d218e9\" data-element_type=\"section\">\n\t\t\t\t\t\t<div class=\"elementor-container elementor-column-gap-default\">\n\t\t\t\t\t<div class=\"elementor-column elementor-col-100 elementor-top-column elementor-element elementor-element-83aa308\" data-id=\"83aa308\" data-element_type=\"column\">\n\t\t\t<div class=\"elementor-widget-wrap elementor-element-populated\">\n\t\t\t\t\t\t<div class=\"elementor-element elementor-element-964a8a3 elementor-grid-1 elementor-grid-tablet-2 elementor-grid-mobile-1 elementor-posts--thumbnail-top elementor-widget elementor-widget-posts\" data-id=\"964a8a3\" data-element_type=\"widget\" data-settings=\"{&quot;classic_columns&quot;:&quot;1&quot;,&quot;classic_columns_tablet&quot;:&quot;2&quot;,&quot;classic_columns_mobile&quot;:&quot;1&quot;,&quot;classic_row_gap&quot;:{&quot;unit&quot;:&quot;px&quot;,&quot;size&quot;:35,&quot;sizes&quot;:[]},&quot;classic_row_gap_tablet&quot;:{&quot;unit&quot;:&quot;px&quot;,&quot;size&quot;:&quot;&quot;,&quot;sizes&quot;:[]},&quot;classic_row_gap_mobile&quot;:{&quot;unit&quot;:&quot;px&quot;,&quot;size&quot;:&quot;&quot;,&quot;sizes&quot;:[]}}\" data-widget_type=\"posts.classic\">\n\t\t\t\t<div class=\"elementor-widget-container\">\n\t\t\t\t\t\t\t<div class=\"elementor-posts-container elementor-posts elementor-posts--skin-classic elementor-grid\" role=\"list\">\n\t\t\t\t<article class=\"elementor-post elementor-grid-item post-833 post type-post status-publish format-standard has-post-thumbnail hentry category-riksnyheter\" role=\"listitem\">\n\t\t\t\t<a class=\"elementor-post__thumbnail__link\" href=\"https:\/\/medieproduktion.lnu.se\/korrespondenten\/2021\/02\/17\/smittspridningen-okar-pa-nytt-bland-regionerna-i-sverige\/\" tabindex=\"-1\" >\n\t\t\t<div class=\"elementor-post__thumbnail\"><img loading=\"lazy\" decoding=\"async\" width=\"300\" height=\"169\" src=\"https:\/\/medieproduktion.lnu.se\/korrespondenten\/wp-content\/uploads\/sites\/466\/2021\/02\/vaccine-5926664_1920-300x169.jpg\" class=\"attachment-medium size-medium wp-image-835\" alt=\"sm\u00e5 flaskor p\u00e5 covid-19 vaccinet\" \/><\/div>\n\t\t<\/a>\n\t\t\t\t<div class=\"elementor-post__text\">\n\t\t\t\t<h1 class=\"elementor-post__title\">\n\t\t\t<a href=\"https:\/\/medieproduktion.lnu.se\/korrespondenten\/2021\/02\/17\/smittspridningen-okar-pa-nytt-bland-regionerna-i-sverige\/\" >\n\t\t\t\tSmittspridningen \u00f6kar p\u00e5 nytt bland regionerna i Sverige\t\t\t<\/a>\n\t\t<\/h1>\n\t\t\t\t<div class=\"elementor-post__meta-data\">\n\t\t\t\t\t<span class=\"elementor-post-author\">\n\t\t\tSibelesma Arnautovic\t\t<\/span>\n\t\t\t\t<span class=\"elementor-post-date\">\n\t\t\t2021-02-17\t\t<\/span>\n\t\t\t\t<span class=\"elementor-post-time\">\n\t\t\t14:54\t\t<\/span>\n\t\t\t\t<\/div>\n\t\t\t\t<div class=\"elementor-post__excerpt\">\n\t\t\t<p><a href=\"http:\/\/medieproduktion.lnu.se\/korrespondenten\/2021\/02\/17\/smittspridningen-okar-pa-nytt-bland-regionerna-i-sverige\/\">BLEKINGE. Under de senaste veckorna har smittspridningen av coronaviruset \u00f6kat bland Sveriges regioner.<\/a><\/p>\n\t\t<\/div>\n\t\t\t\t<\/div>\n\t\t\t\t<\/article>\n\t\t\t\t<\/div>\n\t\t\n\t\t\t\t\t\t<\/div>\n\t\t\t\t<\/div>\n\t\t\t\t\t<\/div>\n\t\t<\/div>\n\t\t\t\t\t<\/div>\n\t\t<\/section>\n\t\t\t\t<section class=\"elementor-section elementor-top-section elementor-element elementor-element-c6bae54 elementor-section-boxed elementor-section-height-default elementor-section-height-default\" data-id=\"c6bae54\" data-element_type=\"section\">\n\t\t\t\t\t\t<div class=\"elementor-container elementor-column-gap-default\">\n\t\t\t\t\t<div class=\"elementor-column elementor-col-100 elementor-top-column elementor-element elementor-element-872aa87\" data-id=\"872aa87\" data-element_type=\"column\">\n\t\t\t<div class=\"elementor-widget-wrap elementor-element-populated\">\n\t\t\t\t\t\t<div class=\"elementor-element elementor-element-e937f55 elementor-grid-2 elementor-grid-tablet-2 elementor-grid-mobile-1 elementor-posts--thumbnail-top elementor-widget elementor-widget-posts\" data-id=\"e937f55\" data-element_type=\"widget\" data-settings=\"{&quot;classic_columns&quot;:&quot;2&quot;,&quot;classic_columns_tablet&quot;:&quot;2&quot;,&quot;classic_columns_mobile&quot;:&quot;1&quot;,&quot;classic_row_gap&quot;:{&quot;unit&quot;:&quot;px&quot;,&quot;size&quot;:35,&quot;sizes&quot;:[]},&quot;classic_row_gap_tablet&quot;:{&quot;unit&quot;:&quot;px&quot;,&quot;size&quot;:&quot;&quot;,&quot;sizes&quot;:[]},&quot;classic_row_gap_mobile&quot;:{&quot;unit&quot;:&quot;px&quot;,&quot;size&quot;:&quot;&quot;,&quot;sizes&quot;:[]}}\" data-widget_type=\"posts.classic\">\n\t\t\t\t<div class=\"elementor-widget-container\">\n\t\t\t\t\t\t\t<div class=\"elementor-posts-container elementor-posts elementor-posts--skin-classic elementor-grid\" role=\"list\">\n\t\t\t\t<article class=\"elementor-post elementor-grid-item post-806 post type-post status-publish format-standard has-post-thumbnail hentry category-stockholm category-lokalnyheter\" role=\"listitem\">\n\t\t\t\t<a class=\"elementor-post__thumbnail__link\" href=\"https:\/\/medieproduktion.lnu.se\/korrespondenten\/2021\/02\/17\/drastisk-okning-av-friluftsliv-i-stockholm\/\" tabindex=\"-1\" >\n\t\t\t<div class=\"elementor-post__thumbnail\"><img loading=\"lazy\" decoding=\"async\" width=\"300\" height=\"185\" src=\"https:\/\/medieproduktion.lnu.se\/korrespondenten\/wp-content\/uploads\/sites\/466\/2021\/02\/Pulkabacke-Lida-300x185.jpg\" class=\"attachment-medium size-medium wp-image-808\" alt=\"Barn leker i en pulkabacke\" srcset=\"https:\/\/medieproduktion.lnu.se\/korrespondenten\/wp-content\/uploads\/sites\/466\/2021\/02\/Pulkabacke-Lida-300x185.jpg 300w, https:\/\/medieproduktion.lnu.se\/korrespondenten\/wp-content\/uploads\/sites\/466\/2021\/02\/Pulkabacke-Lida-768x475.jpg 768w, https:\/\/medieproduktion.lnu.se\/korrespondenten\/wp-content\/uploads\/sites\/466\/2021\/02\/Pulkabacke-Lida-1024x633.jpg 1024w, https:\/\/medieproduktion.lnu.se\/korrespondenten\/wp-content\/uploads\/sites\/466\/2021\/02\/Pulkabacke-Lida.jpg 1400w\" sizes=\"(max-width: 300px) 100vw, 300px\" \/><\/div>\n\t\t<\/a>\n\t\t\t\t<div class=\"elementor-post__text\">\n\t\t\t\t<h2 class=\"elementor-post__title\">\n\t\t\t<a href=\"https:\/\/medieproduktion.lnu.se\/korrespondenten\/2021\/02\/17\/drastisk-okning-av-friluftsliv-i-stockholm\/\" >\n\t\t\t\tDrastisk \u00f6kning av friluftsliv i Stockholm\t\t\t<\/a>\n\t\t<\/h2>\n\t\t\t\t<div class=\"elementor-post__meta-data\">\n\t\t\t\t\t<span class=\"elementor-post-author\">\n\t\t\tAmanda Liljekvist\t\t<\/span>\n\t\t\t\t<span class=\"elementor-post-date\">\n\t\t\t2021-02-17\t\t<\/span>\n\t\t\t\t<span class=\"elementor-post-time\">\n\t\t\t14:01\t\t<\/span>\n\t\t\t\t<\/div>\n\t\t\t\t<div class=\"elementor-post__excerpt\">\n\t\t\t<p><a href=\"http:\/\/medieproduktion.lnu.se\/korrespondenten\/2021\/02\/17\/drastisk-okning-av-friluftsliv-i-stockholm\/\">Sedan pandemins start syns en m\u00e4rkbar \u00f6kning av bes\u00f6kare i Stockholms friluftsomr\u00e5den. <\/a><\/p>\n\t\t<\/div>\n\t\t\t\t<\/div>\n\t\t\t\t<\/article>\n\t\t\t\t<article class=\"elementor-post elementor-grid-item post-748 post type-post status-publish format-standard has-post-thumbnail hentry category-riksnyheter\" role=\"listitem\">\n\t\t\t\t<a class=\"elementor-post__thumbnail__link\" href=\"https:\/\/medieproduktion.lnu.se\/korrespondenten\/2021\/02\/17\/onlinetra%cc%88ning-en-lo%cc%88sning-i-pandemin\/\" tabindex=\"-1\" >\n\t\t\t<div class=\"elementor-post__thumbnail\"><img loading=\"lazy\" decoding=\"async\" width=\"300\" height=\"199\" src=\"https:\/\/medieproduktion.lnu.se\/korrespondenten\/wp-content\/uploads\/sites\/466\/2021\/02\/home-fitness-equipment-1840858_1920-300x199.jpg\" class=\"attachment-medium size-medium wp-image-751\" alt=\"Tr\u00e4ningsredskap ligger p\u00e5 en matta framf\u00f6r en soffa\" srcset=\"https:\/\/medieproduktion.lnu.se\/korrespondenten\/wp-content\/uploads\/sites\/466\/2021\/02\/home-fitness-equipment-1840858_1920-300x199.jpg 300w, https:\/\/medieproduktion.lnu.se\/korrespondenten\/wp-content\/uploads\/sites\/466\/2021\/02\/home-fitness-equipment-1840858_1920-768x510.jpg 768w, https:\/\/medieproduktion.lnu.se\/korrespondenten\/wp-content\/uploads\/sites\/466\/2021\/02\/home-fitness-equipment-1840858_1920-1024x680.jpg 1024w, https:\/\/medieproduktion.lnu.se\/korrespondenten\/wp-content\/uploads\/sites\/466\/2021\/02\/home-fitness-equipment-1840858_1920.jpg 1920w\" sizes=\"(max-width: 300px) 100vw, 300px\" \/><\/div>\n\t\t<\/a>\n\t\t\t\t<div class=\"elementor-post__text\">\n\t\t\t\t<h2 class=\"elementor-post__title\">\n\t\t\t<a href=\"https:\/\/medieproduktion.lnu.se\/korrespondenten\/2021\/02\/17\/onlinetra%cc%88ning-en-lo%cc%88sning-i-pandemin\/\" >\n\t\t\t\tOnlinetra\u0308ning &#8211; en lo\u0308sning i pandemin\t\t\t<\/a>\n\t\t<\/h2>\n\t\t\t\t<div class=\"elementor-post__meta-data\">\n\t\t\t\t\t<span class=\"elementor-post-author\">\n\t\t\tAmanda Liljekvist\t\t<\/span>\n\t\t\t\t<span class=\"elementor-post-date\">\n\t\t\t2021-02-17\t\t<\/span>\n\t\t\t\t<span class=\"elementor-post-time\">\n\t\t\t10:45\t\t<\/span>\n\t\t\t\t<\/div>\n\t\t\t\t<div class=\"elementor-post__excerpt\">\n\t\t\t<p><a href=\"http:\/\/medieproduktion.lnu.se\/korrespondenten\/2021\/02\/17\/onlinetra%cc%88ning-en-lo%cc%88sning-i-pandemin\/\">STOCKHOLM. I samband med pandemin har flera gymkedjor runt om i landet info\u0308rt onlinetra\u0308ning pa\u030a sina hemsidor. <\/a><\/p>\n\t\t<\/div>\n\t\t\t\t<\/div>\n\t\t\t\t<\/article>\n\t\t\t\t<article class=\"elementor-post elementor-grid-item post-661 post type-post status-publish format-standard has-post-thumbnail hentry category-blekinge category-riksnyheter\" role=\"listitem\">\n\t\t\t\t<a class=\"elementor-post__thumbnail__link\" href=\"https:\/\/medieproduktion.lnu.se\/korrespondenten\/2021\/02\/16\/lokal-gym-vill-bygga-ut-trots-pandemin\/\" tabindex=\"-1\" >\n\t\t\t<div class=\"elementor-post__thumbnail\"><img loading=\"lazy\" decoding=\"async\" width=\"300\" height=\"225\" src=\"https:\/\/medieproduktion.lnu.se\/korrespondenten\/wp-content\/uploads\/sites\/466\/2021\/02\/Ironcave_Tolga-300x225.jpg\" class=\"attachment-medium size-medium wp-image-664\" alt=\"En man kollar in i kameran\" srcset=\"https:\/\/medieproduktion.lnu.se\/korrespondenten\/wp-content\/uploads\/sites\/466\/2021\/02\/Ironcave_Tolga-300x225.jpg 300w, https:\/\/medieproduktion.lnu.se\/korrespondenten\/wp-content\/uploads\/sites\/466\/2021\/02\/Ironcave_Tolga-768x576.jpg 768w, https:\/\/medieproduktion.lnu.se\/korrespondenten\/wp-content\/uploads\/sites\/466\/2021\/02\/Ironcave_Tolga.jpg 967w\" sizes=\"(max-width: 300px) 100vw, 300px\" \/><\/div>\n\t\t<\/a>\n\t\t\t\t<div class=\"elementor-post__text\">\n\t\t\t\t<h2 class=\"elementor-post__title\">\n\t\t\t<a href=\"https:\/\/medieproduktion.lnu.se\/korrespondenten\/2021\/02\/16\/lokal-gym-vill-bygga-ut-trots-pandemin\/\" >\n\t\t\t\tLokal gym vill bygga ut trots os\u00e4ker framtid\t\t\t<\/a>\n\t\t<\/h2>\n\t\t\t\t<div class=\"elementor-post__meta-data\">\n\t\t\t\t\t<span class=\"elementor-post-author\">\n\t\t\tPaula Str\u00f6m\t\t<\/span>\n\t\t\t\t<span class=\"elementor-post-date\">\n\t\t\t2021-02-16\t\t<\/span>\n\t\t\t\t<span class=\"elementor-post-time\">\n\t\t\t13:12\t\t<\/span>\n\t\t\t\t<\/div>\n\t\t\t\t<div class=\"elementor-post__excerpt\">\n\t\t\t<p><a href=\"http:\/\/medieproduktion.lnu.se\/korrespondenten\/2021\/02\/16\/lokal-gym-vill-bygga-ut-trots-pandemin\/\">Hela Sverige och v\u00e4rlden har p\u00e5verkats av pandemin. Under 2021 kom det ytterligare striktare restriktioner hur samh\u00e4llet skulle f\u00f6rh\u00e5lla sig. Det g\u00e4llde speciellt allm\u00e4nna platser och ett av f\u00f6retagen som k\u00e4nner av detta \u00e4r ett privat gym i Karlshamn <\/a><\/p>\n\t\t<\/div>\n\t\t\t\t<\/div>\n\t\t\t\t<\/article>\n\t\t\t\t<\/div>\n\t\t\n\t\t\t\t\t\t<\/div>\n\t\t\t\t<\/div>\n\t\t\t\t\t<\/div>\n\t\t<\/div>\n\t\t\t\t\t<\/div>\n\t\t<\/section>\n\t\t\t\t<\/div>\n\t\t","protected":false},"excerpt":{"rendered":"","protected":false},"author":368,"featured_media":0,"parent":0,"menu_order":0,"comment_status":"closed","ping_status":"open","template":"","meta":{"footnotes":""},"class_list":["post-2","page","type-page","status-publish","hentry"],"_links":{"self":[{"href":"https:\/\/medieproduktion.lnu.se\/korrespondenten\/wp-json\/wp\/v2\/pages\/2","targetHints":{"allow":["GET"]}}],"collection":[{"href":"https:\/\/medieproduktion.lnu.se\/korrespondenten\/wp-json\/wp\/v2\/pages"}],"about":[{"href":"https:\/\/medieproduktion.lnu.se\/korrespondenten\/wp-json\/wp\/v2\/types\/page"}],"author":[{"embeddable":true,"href":"https:\/\/medieproduktion.lnu.se\/korrespondenten\/wp-json\/wp\/v2\/users\/368"}],"replies":[{"embeddable":true,"href":"https:\/\/medieproduktion.lnu.se\/korrespondenten\/wp-json\/wp\/v2\/comments?post=2"}],"version-history":[{"count":71,"href":"https:\/\/medieproduktion.lnu.se\/korrespondenten\/wp-json\/wp\/v2\/pages\/2\/revisions"}],"predecessor-version":[{"id":1104,"href":"https:\/\/medieproduktion.lnu.se\/korrespondenten\/wp-json\/wp\/v2\/pages\/2\/revisions\/1104"}],"wp:attachment":[{"href":"https:\/\/medieproduktion.lnu.se\/korrespondenten\/wp-json\/wp\/v2\/media?parent=2"}],"curies":[{"name":"wp","href":"https:\/\/api.w.org\/{rel}","templated":true}]}}