{"id":82,"date":"2019-03-12T11:24:10","date_gmt":"2019-03-12T10:24:10","guid":{"rendered":"http:\/\/medieproduktion.lnu.se\/kalmarpressen\/?page_id=82"},"modified":"2019-03-29T14:29:01","modified_gmt":"2019-03-29T13:29:01","slug":"redaktionen","status":"publish","type":"page","link":"https:\/\/medieproduktion.lnu.se\/kalmarpressen\/redaktionen\/","title":{"rendered":""},"content":{"rendered":"\t\t<div data-elementor-type=\"wp-post\" data-elementor-id=\"82\" class=\"elementor elementor-82 elementor-bc-flex-widget\" data-elementor-post-type=\"page\">\n\t\t\t\t\t\t<section class=\"elementor-section elementor-top-section elementor-element elementor-element-02bcc07 elementor-section-boxed elementor-section-height-default elementor-section-height-default\" data-id=\"02bcc07\" data-element_type=\"section\">\n\t\t\t\t\t\t<div class=\"elementor-container elementor-column-gap-default\">\n\t\t\t\t\t<div class=\"elementor-column elementor-col-100 elementor-top-column elementor-element elementor-element-509a61d\" data-id=\"509a61d\" data-element_type=\"column\">\n\t\t\t<div class=\"elementor-widget-wrap elementor-element-populated\">\n\t\t\t\t\t\t<div class=\"elementor-element elementor-element-79aaaa5 elementor-nav-menu--dropdown-tablet elementor-nav-menu__text-align-aside elementor-nav-menu--toggle elementor-nav-menu--burger elementor-widget elementor-widget-nav-menu\" data-id=\"79aaaa5\" data-element_type=\"widget\" data-settings=\"{&quot;layout&quot;:&quot;horizontal&quot;,&quot;submenu_icon&quot;:{&quot;value&quot;:&quot;&lt;i class=\\&quot;fa fa-caret-down\\&quot;&gt;&lt;\\\/i&gt;&quot;,&quot;library&quot;:&quot;fa-solid&quot;},&quot;toggle&quot;:&quot;burger&quot;}\" data-widget_type=\"nav-menu.default\">\n\t\t\t\t<div class=\"elementor-widget-container\">\n\t\t\t\t\t\t\t\t<nav aria-label=\"Menu\" class=\"elementor-nav-menu--main elementor-nav-menu__container elementor-nav-menu--layout-horizontal e--pointer-underline e--animation-fade\">\n\t\t\t\t<ul id=\"menu-1-79aaaa5\" class=\"elementor-nav-menu\"><li class=\"menu-item menu-item-type-custom menu-item-object-custom menu-item-home menu-item-999\"><a href=\"http:\/\/medieproduktion.lnu.se\/kalmarpressen\/\" class=\"elementor-item\">Hem<\/a><\/li>\n<li class=\"menu-item menu-item-type-custom menu-item-object-custom menu-item-334\"><a href=\"http:\/\/medieproduktion.lnu.se\/kalmarpressen\/nyheter\/\" class=\"elementor-item\">Nyheter<\/a><\/li>\n<li class=\"menu-item menu-item-type-custom menu-item-object-custom menu-item-335\"><a href=\"http:\/\/medieproduktion.lnu.se\/kalmarpressen\/blaljus\/\" class=\"elementor-item\">Bl\u00e5ljus<\/a><\/li>\n<li class=\"menu-item menu-item-type-custom menu-item-object-custom menu-item-336\"><a href=\"http:\/\/medieproduktion.lnu.se\/kalmarpressen\/sport\/\" class=\"elementor-item\">Sport<\/a><\/li>\n<li class=\"menu-item menu-item-type-custom menu-item-object-custom menu-item-337\"><a href=\"http:\/\/medieproduktion.lnu.se\/kalmarpressen\/kultur\/\" class=\"elementor-item\">Kultur<\/a><\/li>\n<li class=\"menu-item menu-item-type-custom menu-item-object-custom menu-item-333\"><a href=\"http:\/\/medieproduktion.lnu.se\/kalmarpressen\/kronika\/\" class=\"elementor-item\">Kr\u00f6nikor<\/a><\/li>\n<li class=\"menu-item menu-item-type-custom menu-item-object-custom menu-item-338\"><a href=\"http:\/\/medieproduktion.lnu.se\/kalmarpressen\/webb-tv\/\" class=\"elementor-item\">Webb-TV<\/a><\/li>\n<li class=\"menu-item menu-item-type-custom menu-item-object-custom menu-item-339\"><a href=\"http:\/\/medieproduktion.lnu.se\/kalmarpressen\/redaktionen\/\" class=\"elementor-item\">Redaktionen<\/a><\/li>\n<\/ul>\t\t\t<\/nav>\n\t\t\t\t\t<div class=\"elementor-menu-toggle\" role=\"button\" tabindex=\"0\" aria-label=\"Menu Toggle\" aria-expanded=\"false\">\n\t\t\t<i aria-hidden=\"true\" role=\"presentation\" class=\"elementor-menu-toggle__icon--open eicon-menu-bar\"><\/i><i aria-hidden=\"true\" role=\"presentation\" class=\"elementor-menu-toggle__icon--close eicon-close\"><\/i>\t\t<\/div>\n\t\t\t\t\t<nav class=\"elementor-nav-menu--dropdown elementor-nav-menu__container\" aria-hidden=\"true\">\n\t\t\t\t<ul id=\"menu-2-79aaaa5\" class=\"elementor-nav-menu\"><li class=\"menu-item menu-item-type-custom menu-item-object-custom menu-item-home menu-item-999\"><a href=\"http:\/\/medieproduktion.lnu.se\/kalmarpressen\/\" class=\"elementor-item\" tabindex=\"-1\">Hem<\/a><\/li>\n<li class=\"menu-item menu-item-type-custom menu-item-object-custom menu-item-334\"><a href=\"http:\/\/medieproduktion.lnu.se\/kalmarpressen\/nyheter\/\" class=\"elementor-item\" tabindex=\"-1\">Nyheter<\/a><\/li>\n<li class=\"menu-item menu-item-type-custom menu-item-object-custom menu-item-335\"><a href=\"http:\/\/medieproduktion.lnu.se\/kalmarpressen\/blaljus\/\" class=\"elementor-item\" tabindex=\"-1\">Bl\u00e5ljus<\/a><\/li>\n<li class=\"menu-item menu-item-type-custom menu-item-object-custom menu-item-336\"><a href=\"http:\/\/medieproduktion.lnu.se\/kalmarpressen\/sport\/\" class=\"elementor-item\" tabindex=\"-1\">Sport<\/a><\/li>\n<li class=\"menu-item menu-item-type-custom menu-item-object-custom menu-item-337\"><a href=\"http:\/\/medieproduktion.lnu.se\/kalmarpressen\/kultur\/\" class=\"elementor-item\" tabindex=\"-1\">Kultur<\/a><\/li>\n<li class=\"menu-item menu-item-type-custom menu-item-object-custom menu-item-333\"><a href=\"http:\/\/medieproduktion.lnu.se\/kalmarpressen\/kronika\/\" class=\"elementor-item\" tabindex=\"-1\">Kr\u00f6nikor<\/a><\/li>\n<li class=\"menu-item menu-item-type-custom menu-item-object-custom menu-item-338\"><a href=\"http:\/\/medieproduktion.lnu.se\/kalmarpressen\/webb-tv\/\" class=\"elementor-item\" tabindex=\"-1\">Webb-TV<\/a><\/li>\n<li class=\"menu-item menu-item-type-custom menu-item-object-custom menu-item-339\"><a href=\"http:\/\/medieproduktion.lnu.se\/kalmarpressen\/redaktionen\/\" class=\"elementor-item\" tabindex=\"-1\">Redaktionen<\/a><\/li>\n<\/ul>\t\t\t<\/nav>\n\t\t\t\t\t\t<\/div>\n\t\t\t\t<\/div>\n\t\t\t\t\t<\/div>\n\t\t<\/div>\n\t\t\t\t\t<\/div>\n\t\t<\/section>\n\t\t\t\t<section class=\"elementor-section elementor-top-section elementor-element elementor-element-1060dee elementor-section-boxed elementor-section-height-default elementor-section-height-default\" data-id=\"1060dee\" data-element_type=\"section\">\n\t\t\t\t\t\t<div class=\"elementor-container elementor-column-gap-default\">\n\t\t\t\t\t<div class=\"elementor-column elementor-col-100 elementor-top-column elementor-element elementor-element-e82a064\" data-id=\"e82a064\" data-element_type=\"column\">\n\t\t\t<div class=\"elementor-widget-wrap elementor-element-populated\">\n\t\t\t\t\t\t<div class=\"elementor-element elementor-element-5fec80d elementor-widget elementor-widget-heading\" data-id=\"5fec80d\" data-element_type=\"widget\" data-widget_type=\"heading.default\">\n\t\t\t\t<div class=\"elementor-widget-container\">\n\t\t\t\t\t<h2 class=\"elementor-heading-title elementor-size-xl\">M\u00f6t Kalmar-pressens redaktion<\/h2>\t\t\t\t<\/div>\n\t\t\t\t<\/div>\n\t\t\t\t\t<\/div>\n\t\t<\/div>\n\t\t\t\t\t<\/div>\n\t\t<\/section>\n\t\t\t\t<section class=\"elementor-section elementor-top-section elementor-element elementor-element-44c75a4d elementor-section-boxed elementor-section-height-default elementor-section-height-default\" data-id=\"44c75a4d\" data-element_type=\"section\">\n\t\t\t\t\t\t<div class=\"elementor-container elementor-column-gap-default\">\n\t\t\t\t\t<div class=\"elementor-column elementor-col-100 elementor-top-column elementor-element elementor-element-68da8af6\" data-id=\"68da8af6\" data-element_type=\"column\">\n\t\t\t<div class=\"elementor-widget-wrap elementor-element-populated\">\n\t\t\t\t\t\t<div class=\"elementor-element elementor-element-67cbe7d0 elementor-widget elementor-widget-text-editor\" data-id=\"67cbe7d0\" data-element_type=\"widget\" data-widget_type=\"text-editor.default\">\n\t\t\t\t<div class=\"elementor-widget-container\">\n\t\t\t\t\t\t\t\t\t<h3 style=\"text-align: center;\">Vi \u00e4r en oberoende webbtidning med studenter p\u00e5 Linn\u00e9universitetets Journalistlinje.<\/h3><h3 style=\"text-align: center;\">Det \u00e4r vi som arbetar med att leverera f\u00e4rska lokalnyheter!<\/h3><h3 style=\"text-align: center;\">M\u00f6t redaktionen!<\/h3>\t\t\t\t\t\t\t\t<\/div>\n\t\t\t\t<\/div>\n\t\t\t\t\t<\/div>\n\t\t<\/div>\n\t\t\t\t\t<\/div>\n\t\t<\/section>\n\t\t\t\t<section class=\"elementor-section elementor-top-section elementor-element elementor-element-3cd602b elementor-section-boxed elementor-section-height-default elementor-section-height-default\" data-id=\"3cd602b\" data-element_type=\"section\">\n\t\t\t\t\t\t<div class=\"elementor-container elementor-column-gap-default\">\n\t\t\t\t\t<div class=\"elementor-column elementor-col-50 elementor-top-column elementor-element elementor-element-b823078\" data-id=\"b823078\" data-element_type=\"column\">\n\t\t\t<div class=\"elementor-widget-wrap elementor-element-populated\">\n\t\t\t\t\t\t<div class=\"elementor-element elementor-element-10cbdf3 elementor-widget elementor-widget-image\" data-id=\"10cbdf3\" data-element_type=\"widget\" data-widget_type=\"image.default\">\n\t\t\t\t<div class=\"elementor-widget-container\">\n\t\t\t\t\t\t\t\t\t\t\t\t\t\t\t<img fetchpriority=\"high\" decoding=\"async\" width=\"836\" height=\"1024\" src=\"https:\/\/medieproduktion.lnu.se\/kalmarpressen\/wp-content\/uploads\/sites\/88\/2019\/03\/Akon-836x1024.png\" class=\"attachment-large size-large wp-image-205\" alt=\"Akon Baker\" srcset=\"https:\/\/medieproduktion.lnu.se\/kalmarpressen\/wp-content\/uploads\/sites\/88\/2019\/03\/Akon-836x1024.png 836w, https:\/\/medieproduktion.lnu.se\/kalmarpressen\/wp-content\/uploads\/sites\/88\/2019\/03\/Akon-245x300.png 245w, https:\/\/medieproduktion.lnu.se\/kalmarpressen\/wp-content\/uploads\/sites\/88\/2019\/03\/Akon-768x941.png 768w\" sizes=\"(max-width: 836px) 100vw, 836px\" \/>\t\t\t\t\t\t\t\t\t\t\t\t\t\t\t<\/div>\n\t\t\t\t<\/div>\n\t\t\t\t\t<\/div>\n\t\t<\/div>\n\t\t\t\t<div class=\"elementor-column elementor-col-50 elementor-top-column elementor-element elementor-element-94b79d6\" data-id=\"94b79d6\" data-element_type=\"column\">\n\t\t\t<div class=\"elementor-widget-wrap elementor-element-populated\">\n\t\t\t\t\t\t<div class=\"elementor-element elementor-element-e2525fa elementor-widget elementor-widget-text-editor\" data-id=\"e2525fa\" data-element_type=\"widget\" data-widget_type=\"text-editor.default\">\n\t\t\t\t<div class=\"elementor-widget-container\">\n\t\t\t\t\t\t\t\t\t<h2><span style=\"color: #20abc0;\">Akon Baker\u00a0<\/span><\/h2><div><p>Journaliststudent p\u00e5 Linn\u00e9universitetet\u00a0<\/p><p>Kontakt: <span style=\"color: #20abc0;\">an223ed@student.lnu.se<\/span><\/p><\/div>\t\t\t\t\t\t\t\t<\/div>\n\t\t\t\t<\/div>\n\t\t\t\t\t<\/div>\n\t\t<\/div>\n\t\t\t\t\t<\/div>\n\t\t<\/section>\n\t\t\t\t<section class=\"elementor-section elementor-top-section elementor-element elementor-element-a15c2fe elementor-section-boxed elementor-section-height-default elementor-section-height-default\" data-id=\"a15c2fe\" data-element_type=\"section\">\n\t\t\t\t\t\t<div class=\"elementor-container elementor-column-gap-default\">\n\t\t\t\t\t<div class=\"elementor-column elementor-col-50 elementor-top-column elementor-element elementor-element-5f94e7e\" data-id=\"5f94e7e\" data-element_type=\"column\">\n\t\t\t<div class=\"elementor-widget-wrap elementor-element-populated\">\n\t\t\t\t\t\t<div class=\"elementor-element elementor-element-b1fcc44 elementor-widget elementor-widget-image\" data-id=\"b1fcc44\" data-element_type=\"widget\" data-widget_type=\"image.default\">\n\t\t\t\t<div class=\"elementor-widget-container\">\n\t\t\t\t\t\t\t\t\t\t\t\t\t\t\t<img decoding=\"async\" width=\"883\" height=\"1024\" src=\"https:\/\/medieproduktion.lnu.se\/kalmarpressen\/wp-content\/uploads\/sites\/88\/2019\/03\/Farhad-Khalili-883x1024.png\" class=\"attachment-large size-large wp-image-384\" alt=\"Farhad Khalili\" srcset=\"https:\/\/medieproduktion.lnu.se\/kalmarpressen\/wp-content\/uploads\/sites\/88\/2019\/03\/Farhad-Khalili.png 883w, https:\/\/medieproduktion.lnu.se\/kalmarpressen\/wp-content\/uploads\/sites\/88\/2019\/03\/Farhad-Khalili-259x300.png 259w, https:\/\/medieproduktion.lnu.se\/kalmarpressen\/wp-content\/uploads\/sites\/88\/2019\/03\/Farhad-Khalili-768x891.png 768w\" sizes=\"(max-width: 883px) 100vw, 883px\" \/>\t\t\t\t\t\t\t\t\t\t\t\t\t\t\t<\/div>\n\t\t\t\t<\/div>\n\t\t\t\t\t<\/div>\n\t\t<\/div>\n\t\t\t\t<div class=\"elementor-column elementor-col-50 elementor-top-column elementor-element elementor-element-0bce883\" data-id=\"0bce883\" data-element_type=\"column\">\n\t\t\t<div class=\"elementor-widget-wrap elementor-element-populated\">\n\t\t\t\t\t\t<div class=\"elementor-element elementor-element-bd069d6 elementor-widget elementor-widget-text-editor\" data-id=\"bd069d6\" data-element_type=\"widget\" data-widget_type=\"text-editor.default\">\n\t\t\t\t<div class=\"elementor-widget-container\">\n\t\t\t\t\t\t\t\t\t<h2><span style=\"color: #20abc0;\">Farhad Khalili<\/span><\/h2><p>Journaliststudent p\u00e5 Linn\u00e9universitetet\u00a0<\/p><p>Kontakt: <span style=\"color: #20abc0;\">fk222in@student.lnu.se<\/span><\/p>\t\t\t\t\t\t\t\t<\/div>\n\t\t\t\t<\/div>\n\t\t\t\t\t<\/div>\n\t\t<\/div>\n\t\t\t\t\t<\/div>\n\t\t<\/section>\n\t\t\t\t<section class=\"elementor-section elementor-top-section elementor-element elementor-element-f9e99ed elementor-section-boxed elementor-section-height-default elementor-section-height-default\" data-id=\"f9e99ed\" data-element_type=\"section\">\n\t\t\t\t\t\t<div class=\"elementor-container elementor-column-gap-default\">\n\t\t\t\t\t<div class=\"elementor-column elementor-col-50 elementor-top-column elementor-element elementor-element-f141730\" data-id=\"f141730\" data-element_type=\"column\">\n\t\t\t<div class=\"elementor-widget-wrap elementor-element-populated\">\n\t\t\t\t\t\t<div class=\"elementor-element elementor-element-6a9a8e1 elementor-widget elementor-widget-image\" data-id=\"6a9a8e1\" data-element_type=\"widget\" data-widget_type=\"image.default\">\n\t\t\t\t<div class=\"elementor-widget-container\">\n\t\t\t\t\t\t\t\t\t\t\t\t\t\t\t<img decoding=\"async\" width=\"844\" height=\"1024\" src=\"https:\/\/medieproduktion.lnu.se\/kalmarpressen\/wp-content\/uploads\/sites\/88\/2019\/03\/Tobias-844x1024.png\" class=\"attachment-large size-large wp-image-208\" alt=\"Tobias Nilsson-Gj\u00f6rloff\" srcset=\"https:\/\/medieproduktion.lnu.se\/kalmarpressen\/wp-content\/uploads\/sites\/88\/2019\/03\/Tobias-844x1024.png 844w, https:\/\/medieproduktion.lnu.se\/kalmarpressen\/wp-content\/uploads\/sites\/88\/2019\/03\/Tobias-247x300.png 247w, https:\/\/medieproduktion.lnu.se\/kalmarpressen\/wp-content\/uploads\/sites\/88\/2019\/03\/Tobias-768x932.png 768w\" sizes=\"(max-width: 844px) 100vw, 844px\" \/>\t\t\t\t\t\t\t\t\t\t\t\t\t\t\t<\/div>\n\t\t\t\t<\/div>\n\t\t\t\t\t<\/div>\n\t\t<\/div>\n\t\t\t\t<div class=\"elementor-column elementor-col-50 elementor-top-column elementor-element elementor-element-819ac52\" data-id=\"819ac52\" data-element_type=\"column\">\n\t\t\t<div class=\"elementor-widget-wrap elementor-element-populated\">\n\t\t\t\t\t\t<div class=\"elementor-element elementor-element-5d44026 elementor-widget elementor-widget-text-editor\" data-id=\"5d44026\" data-element_type=\"widget\" data-widget_type=\"text-editor.default\">\n\t\t\t\t<div class=\"elementor-widget-container\">\n\t\t\t\t\t\t\t\t\t<h2><span style=\"color: #20abc0;\">Tobias Nilsson-Gj\u00f6rloff\u00a0<\/span><\/h2><p>Journaliststudent p\u00e5 Linn\u00e9universitetet\u00a0<\/p><p>Kontakt: <span style=\"color: #20abc0;\">tg222gq@student.lnu.se<\/span><\/p>\t\t\t\t\t\t\t\t<\/div>\n\t\t\t\t<\/div>\n\t\t\t\t\t<\/div>\n\t\t<\/div>\n\t\t\t\t\t<\/div>\n\t\t<\/section>\n\t\t\t\t<section class=\"elementor-section elementor-top-section elementor-element elementor-element-f4b7dbc elementor-section-boxed elementor-section-height-default elementor-section-height-default\" data-id=\"f4b7dbc\" data-element_type=\"section\">\n\t\t\t\t\t\t<div class=\"elementor-container elementor-column-gap-default\">\n\t\t\t\t\t<div class=\"elementor-column elementor-col-50 elementor-top-column elementor-element elementor-element-51d2fab\" data-id=\"51d2fab\" data-element_type=\"column\">\n\t\t\t<div class=\"elementor-widget-wrap elementor-element-populated\">\n\t\t\t\t\t\t<div class=\"elementor-element elementor-element-384022b elementor-widget elementor-widget-image\" data-id=\"384022b\" data-element_type=\"widget\" data-widget_type=\"image.default\">\n\t\t\t\t<div class=\"elementor-widget-container\">\n\t\t\t\t\t\t\t\t\t\t\t\t\t\t\t<img loading=\"lazy\" decoding=\"async\" width=\"866\" height=\"1024\" src=\"https:\/\/medieproduktion.lnu.se\/kalmarpressen\/wp-content\/uploads\/sites\/88\/2019\/03\/Sanna-866x1024.png\" class=\"attachment-large size-large wp-image-207\" alt=\"Sanna Orneklint\" srcset=\"https:\/\/medieproduktion.lnu.se\/kalmarpressen\/wp-content\/uploads\/sites\/88\/2019\/03\/Sanna-866x1024.png 866w, https:\/\/medieproduktion.lnu.se\/kalmarpressen\/wp-content\/uploads\/sites\/88\/2019\/03\/Sanna-254x300.png 254w, https:\/\/medieproduktion.lnu.se\/kalmarpressen\/wp-content\/uploads\/sites\/88\/2019\/03\/Sanna-768x908.png 768w\" sizes=\"(max-width: 866px) 100vw, 866px\" \/>\t\t\t\t\t\t\t\t\t\t\t\t\t\t\t<\/div>\n\t\t\t\t<\/div>\n\t\t\t\t\t<\/div>\n\t\t<\/div>\n\t\t\t\t<div class=\"elementor-column elementor-col-50 elementor-top-column elementor-element elementor-element-130e8db\" data-id=\"130e8db\" data-element_type=\"column\">\n\t\t\t<div class=\"elementor-widget-wrap elementor-element-populated\">\n\t\t\t\t\t\t<div class=\"elementor-element elementor-element-5365d7e elementor-widget elementor-widget-text-editor\" data-id=\"5365d7e\" data-element_type=\"widget\" data-widget_type=\"text-editor.default\">\n\t\t\t\t<div class=\"elementor-widget-container\">\n\t\t\t\t\t\t\t\t\t<h2><span style=\"color: #20abc0;\">Sanna Orneklint<\/span><\/h2><p>Journaliststudent p\u00e5 Linn\u00e9universitetet\u00a0<\/p><p>Kontakt: <span style=\"color: #20abc0;\">so222jq@student.lnu.se<\/span><\/p>\t\t\t\t\t\t\t\t<\/div>\n\t\t\t\t<\/div>\n\t\t\t\t\t<\/div>\n\t\t<\/div>\n\t\t\t\t\t<\/div>\n\t\t<\/section>\n\t\t\t\t<\/div>\n\t\t","protected":false},"excerpt":{"rendered":"<p>M\u00f6t Kalmar-pressens redaktion Vi \u00e4r en oberoende webbtidning med studenter p\u00e5 Linn\u00e9universitetets Journalistlinje. Det \u00e4r vi som arbetar med att leverera f\u00e4rska lokalnyheter! M\u00f6t redaktionen! Akon Baker\u00a0 Journaliststudent p\u00e5 Linn\u00e9universitetet\u00a0 Kontakt: an223ed@student.lnu.se Farhad Khalili Journaliststudent p\u00e5 Linn\u00e9universitetet\u00a0 Kontakt: fk222in@student.lnu.se Tobias Nilsson-Gj\u00f6rloff\u00a0 Journaliststudent p\u00e5 Linn\u00e9universitetet\u00a0 Kontakt: tg222gq@student.lnu.se Sanna Orneklint Journaliststudent p\u00e5 Linn\u00e9universitetet\u00a0 Kontakt: so222jq@student.lnu.se<\/p>\n","protected":false},"author":71,"featured_media":0,"parent":0,"menu_order":0,"comment_status":"closed","ping_status":"closed","template":"","meta":{"footnotes":""},"class_list":["post-82","page","type-page","status-publish"],"_links":{"self":[{"href":"https:\/\/medieproduktion.lnu.se\/kalmarpressen\/wp-json\/wp\/v2\/pages\/82","targetHints":{"allow":["GET"]}}],"collection":[{"href":"https:\/\/medieproduktion.lnu.se\/kalmarpressen\/wp-json\/wp\/v2\/pages"}],"about":[{"href":"https:\/\/medieproduktion.lnu.se\/kalmarpressen\/wp-json\/wp\/v2\/types\/page"}],"author":[{"embeddable":true,"href":"https:\/\/medieproduktion.lnu.se\/kalmarpressen\/wp-json\/wp\/v2\/users\/71"}],"replies":[{"embeddable":true,"href":"https:\/\/medieproduktion.lnu.se\/kalmarpressen\/wp-json\/wp\/v2\/comments?post=82"}],"version-history":[{"count":17,"href":"https:\/\/medieproduktion.lnu.se\/kalmarpressen\/wp-json\/wp\/v2\/pages\/82\/revisions"}],"predecessor-version":[{"id":1040,"href":"https:\/\/medieproduktion.lnu.se\/kalmarpressen\/wp-json\/wp\/v2\/pages\/82\/revisions\/1040"}],"wp:attachment":[{"href":"https:\/\/medieproduktion.lnu.se\/kalmarpressen\/wp-json\/wp\/v2\/media?parent=82"}],"curies":[{"name":"wp","href":"https:\/\/api.w.org\/{rel}","templated":true}]}}