{"id":12,"date":"2019-03-08T14:10:46","date_gmt":"2019-03-08T13:10:46","guid":{"rendered":"http:\/\/medieproduktion.lnu.se\/kalmarnova\/?page_id=12"},"modified":"2019-03-28T15:42:18","modified_gmt":"2019-03-28T14:42:18","slug":"redaktionen","status":"publish","type":"page","link":"https:\/\/medieproduktion.lnu.se\/kalmarnova\/redaktionen\/","title":{"rendered":""},"content":{"rendered":"\t\t<div data-elementor-type=\"wp-post\" data-elementor-id=\"12\" class=\"elementor elementor-12 elementor-bc-flex-widget\" data-elementor-post-type=\"page\">\n\t\t\t\t\t\t<section class=\"elementor-section elementor-top-section elementor-element elementor-element-794ecf0 elementor-section-boxed elementor-section-height-default elementor-section-height-default\" data-id=\"794ecf0\" data-element_type=\"section\">\n\t\t\t\t\t\t<div class=\"elementor-container elementor-column-gap-default\">\n\t\t\t\t\t<div class=\"elementor-column elementor-col-100 elementor-top-column elementor-element elementor-element-77098fb\" data-id=\"77098fb\" data-element_type=\"column\">\n\t\t\t<div class=\"elementor-widget-wrap elementor-element-populated\">\n\t\t\t\t\t\t<div class=\"elementor-element elementor-element-5fd7154 elementor-widget elementor-widget-heading\" data-id=\"5fd7154\" data-element_type=\"widget\" data-widget_type=\"heading.default\">\n\t\t\t\t<div class=\"elementor-widget-container\">\n\t\t\t\t\t<h1 class=\"elementor-heading-title elementor-size-default\">Redaktionen<\/h1>\t\t\t\t<\/div>\n\t\t\t\t<\/div>\n\t\t\t\t\t<\/div>\n\t\t<\/div>\n\t\t\t\t\t<\/div>\n\t\t<\/section>\n\t\t\t\t<section class=\"elementor-section elementor-top-section elementor-element elementor-element-8747565 elementor-section-boxed elementor-section-height-default elementor-section-height-default\" data-id=\"8747565\" data-element_type=\"section\">\n\t\t\t\t\t\t<div class=\"elementor-container elementor-column-gap-default\">\n\t\t\t\t\t<div class=\"elementor-column elementor-col-100 elementor-top-column elementor-element elementor-element-9bf28df\" data-id=\"9bf28df\" data-element_type=\"column\">\n\t\t\t<div class=\"elementor-widget-wrap elementor-element-populated\">\n\t\t\t\t\t\t<div class=\"elementor-element elementor-element-f592058 elementor-widget elementor-widget-text-editor\" data-id=\"f592058\" data-element_type=\"widget\" data-widget_type=\"text-editor.default\">\n\t\t\t\t<div class=\"elementor-widget-container\">\n\t\t\t\t\t\t\t\t\t<p><span style=\"color: #14171a; font-family: 'Helvetica Neue', Helvetica, Arial, sans-serif; font-size: 14px;\">Kalmar Nova \u00e4r en oberoende webbtidning som drivs av fyra journaliststudenter p\u00e5 Linn\u00e9universitetet.<br \/><\/span><span style=\"color: #14171a; font-family: 'Helvetica Neue', Helvetica, Arial, sans-serif; font-size: 14px;\">Har du tips? Maila: <a title=\"Maila Kalmar Nova\" href=\"mailto:kalmarnova@gmail.com\">kalmarnova@gmail.com<\/a><\/span>.<\/p>\t\t\t\t\t\t\t\t<\/div>\n\t\t\t\t<\/div>\n\t\t\t\t\t<\/div>\n\t\t<\/div>\n\t\t\t\t\t<\/div>\n\t\t<\/section>\n\t\t\t\t<section class=\"elementor-section elementor-top-section elementor-element elementor-element-b76c8f0 elementor-section-boxed elementor-section-height-default elementor-section-height-default\" data-id=\"b76c8f0\" data-element_type=\"section\">\n\t\t\t\t\t\t<div class=\"elementor-container elementor-column-gap-default\">\n\t\t\t\t\t<div class=\"elementor-column elementor-col-50 elementor-top-column elementor-element elementor-element-1707790\" data-id=\"1707790\" data-element_type=\"column\">\n\t\t\t<div class=\"elementor-widget-wrap elementor-element-populated\">\n\t\t\t\t\t\t<div class=\"elementor-element elementor-element-b84f9ab elementor-widget elementor-widget-image\" data-id=\"b84f9ab\" data-element_type=\"widget\" data-widget_type=\"image.default\">\n\t\t\t\t<div class=\"elementor-widget-container\">\n\t\t\t\t\t\t\t\t\t\t\t\t\t\t\t<img fetchpriority=\"high\" decoding=\"async\" width=\"861\" height=\"1024\" src=\"https:\/\/medieproduktion.lnu.se\/kalmarnova\/wp-content\/uploads\/sites\/86\/2019\/03\/klar-861x1024.png\" class=\"attachment-large size-large wp-image-371\" alt=\"\" srcset=\"https:\/\/medieproduktion.lnu.se\/kalmarnova\/wp-content\/uploads\/sites\/86\/2019\/03\/klar-861x1024.png 861w, https:\/\/medieproduktion.lnu.se\/kalmarnova\/wp-content\/uploads\/sites\/86\/2019\/03\/klar-252x300.png 252w, https:\/\/medieproduktion.lnu.se\/kalmarnova\/wp-content\/uploads\/sites\/86\/2019\/03\/klar-768x914.png 768w\" sizes=\"(max-width: 861px) 100vw, 861px\" \/>\t\t\t\t\t\t\t\t\t\t\t\t\t\t\t<\/div>\n\t\t\t\t<\/div>\n\t\t\t\t<div class=\"elementor-element elementor-element-25a209c elementor-widget elementor-widget-text-editor\" data-id=\"25a209c\" data-element_type=\"widget\" data-widget_type=\"text-editor.default\">\n\t\t\t\t<div class=\"elementor-widget-container\">\n\t\t\t\t\t\t\t\t\t<p style=\"text-align: left;\"><span style=\"color: #000000;\"><strong>Ida Andersson<\/strong><\/span><span style=\"color: #000000;\"><br \/><em>Reporter<\/em><br \/><a title=\"Maila Ida Andersson\" href=\"mailto:ia222jr@student.lnu.se\">ia222jr@student.lnu.se<\/a><\/span><\/p>\t\t\t\t\t\t\t\t<\/div>\n\t\t\t\t<\/div>\n\t\t\t\t\t<\/div>\n\t\t<\/div>\n\t\t\t\t<div class=\"elementor-column elementor-col-50 elementor-top-column elementor-element elementor-element-4bab5b1\" data-id=\"4bab5b1\" data-element_type=\"column\">\n\t\t\t<div class=\"elementor-widget-wrap elementor-element-populated\">\n\t\t\t\t\t\t<div class=\"elementor-element elementor-element-4fa0bb7 elementor-widget elementor-widget-image\" data-id=\"4fa0bb7\" data-element_type=\"widget\" data-widget_type=\"image.default\">\n\t\t\t\t<div class=\"elementor-widget-container\">\n\t\t\t\t\t\t\t\t\t\t\t\t\t\t\t<img decoding=\"async\" width=\"861\" height=\"1024\" src=\"https:\/\/medieproduktion.lnu.se\/kalmarnova\/wp-content\/uploads\/sites\/86\/2019\/03\/Noah1-1-861x1024.png\" class=\"attachment-large size-large wp-image-367\" alt=\"Noah O&#039;Rourke Drevfj\u00e4ll\" srcset=\"https:\/\/medieproduktion.lnu.se\/kalmarnova\/wp-content\/uploads\/sites\/86\/2019\/03\/Noah1-1-861x1024.png 861w, https:\/\/medieproduktion.lnu.se\/kalmarnova\/wp-content\/uploads\/sites\/86\/2019\/03\/Noah1-1-252x300.png 252w, https:\/\/medieproduktion.lnu.se\/kalmarnova\/wp-content\/uploads\/sites\/86\/2019\/03\/Noah1-1-768x914.png 768w\" sizes=\"(max-width: 861px) 100vw, 861px\" \/>\t\t\t\t\t\t\t\t\t\t\t\t\t\t\t<\/div>\n\t\t\t\t<\/div>\n\t\t\t\t<div class=\"elementor-element elementor-element-e4ac364 elementor-widget elementor-widget-text-editor\" data-id=\"e4ac364\" data-element_type=\"widget\" data-widget_type=\"text-editor.default\">\n\t\t\t\t<div class=\"elementor-widget-container\">\n\t\t\t\t\t\t\t\t\t<p><span style=\"color: #000000;\"><b>Noah O&#8217;Rourke Drevfj\u00e4ll<\/b><\/span><br \/><span style=\"color: #000000;\"><em>Reporter<br \/><\/em><a title=\"Maila Noah O'Rourke Drevfj\u00e4ll\" href=\"mailto:nd222dr@student.lnu.se\">nd222dr@student.lnu.se<\/a><\/span><br \/><\/p>\t\t\t\t\t\t\t\t<\/div>\n\t\t\t\t<\/div>\n\t\t\t\t\t<\/div>\n\t\t<\/div>\n\t\t\t\t\t<\/div>\n\t\t<\/section>\n\t\t\t\t<section class=\"elementor-section elementor-top-section elementor-element elementor-element-d9345ff elementor-section-boxed elementor-section-height-default elementor-section-height-default\" data-id=\"d9345ff\" data-element_type=\"section\">\n\t\t\t\t\t\t<div class=\"elementor-container elementor-column-gap-default\">\n\t\t\t\t\t<div class=\"elementor-column elementor-col-50 elementor-top-column elementor-element elementor-element-ea727b0\" data-id=\"ea727b0\" data-element_type=\"column\">\n\t\t\t<div class=\"elementor-widget-wrap elementor-element-populated\">\n\t\t\t\t\t\t<div class=\"elementor-element elementor-element-73ec80e elementor-widget elementor-widget-image\" data-id=\"73ec80e\" data-element_type=\"widget\" data-widget_type=\"image.default\">\n\t\t\t\t<div class=\"elementor-widget-container\">\n\t\t\t\t\t\t\t\t\t\t\t\t\t\t\t<img decoding=\"async\" width=\"2921\" height=\"3478\" src=\"https:\/\/medieproduktion.lnu.se\/kalmarnova\/wp-content\/uploads\/sites\/86\/2019\/03\/klar3.png\" class=\"attachment-full size-full wp-image-373\" alt=\"\" srcset=\"https:\/\/medieproduktion.lnu.se\/kalmarnova\/wp-content\/uploads\/sites\/86\/2019\/03\/klar3.png 2921w, https:\/\/medieproduktion.lnu.se\/kalmarnova\/wp-content\/uploads\/sites\/86\/2019\/03\/klar3-252x300.png 252w, https:\/\/medieproduktion.lnu.se\/kalmarnova\/wp-content\/uploads\/sites\/86\/2019\/03\/klar3-768x914.png 768w, https:\/\/medieproduktion.lnu.se\/kalmarnova\/wp-content\/uploads\/sites\/86\/2019\/03\/klar3-860x1024.png 860w\" sizes=\"(max-width: 2921px) 100vw, 2921px\" \/>\t\t\t\t\t\t\t\t\t\t\t\t\t\t\t<\/div>\n\t\t\t\t<\/div>\n\t\t\t\t<div class=\"elementor-element elementor-element-f7941c5 elementor-widget elementor-widget-text-editor\" data-id=\"f7941c5\" data-element_type=\"widget\" data-widget_type=\"text-editor.default\">\n\t\t\t\t<div class=\"elementor-widget-container\">\n\t\t\t\t\t\t\t\t\t<p><span style=\"color: #000000;\"><b>Karl Edgren<\/b><\/span><br \/><span style=\"color: #000000;\"><em>Reporter<br \/><\/em><a title=\"Maila Karl Edgren\" href=\"mailto:ke222ni@student.lnu.se\">ke222ni@student.lnu.se<\/a><\/span><br \/><\/p>\t\t\t\t\t\t\t\t<\/div>\n\t\t\t\t<\/div>\n\t\t\t\t\t<\/div>\n\t\t<\/div>\n\t\t\t\t<div class=\"elementor-column elementor-col-50 elementor-top-column elementor-element elementor-element-be56b2e\" data-id=\"be56b2e\" data-element_type=\"column\">\n\t\t\t<div class=\"elementor-widget-wrap elementor-element-populated\">\n\t\t\t\t\t\t<div class=\"elementor-element elementor-element-0e2dc6f elementor-widget elementor-widget-image\" data-id=\"0e2dc6f\" data-element_type=\"widget\" data-widget_type=\"image.default\">\n\t\t\t\t<div class=\"elementor-widget-container\">\n\t\t\t\t\t\t\t\t\t\t\t\t\t\t\t<img loading=\"lazy\" decoding=\"async\" width=\"2698\" height=\"3233\" src=\"https:\/\/medieproduktion.lnu.se\/kalmarnova\/wp-content\/uploads\/sites\/86\/2019\/03\/nuskadetfungera-1.png\" class=\"attachment-full size-full wp-image-375\" alt=\"\" srcset=\"https:\/\/medieproduktion.lnu.se\/kalmarnova\/wp-content\/uploads\/sites\/86\/2019\/03\/nuskadetfungera-1.png 2698w, https:\/\/medieproduktion.lnu.se\/kalmarnova\/wp-content\/uploads\/sites\/86\/2019\/03\/nuskadetfungera-1-250x300.png 250w, https:\/\/medieproduktion.lnu.se\/kalmarnova\/wp-content\/uploads\/sites\/86\/2019\/03\/nuskadetfungera-1-768x920.png 768w, https:\/\/medieproduktion.lnu.se\/kalmarnova\/wp-content\/uploads\/sites\/86\/2019\/03\/nuskadetfungera-1-855x1024.png 855w\" sizes=\"(max-width: 2698px) 100vw, 2698px\" \/>\t\t\t\t\t\t\t\t\t\t\t\t\t\t\t<\/div>\n\t\t\t\t<\/div>\n\t\t\t\t<div class=\"elementor-element elementor-element-26b5ce1 elementor-widget elementor-widget-text-editor\" data-id=\"26b5ce1\" data-element_type=\"widget\" data-widget_type=\"text-editor.default\">\n\t\t\t\t<div class=\"elementor-widget-container\">\n\t\t\t\t\t\t\t\t\t<p><span style=\"color: #000000;\"><span style=\"font-weight: bold;\">Isabella Kilv\u00e9us<\/span><\/span><br \/><span style=\"color: #000000;\"><em>Reporter<br \/><\/em><a title=\"Maila Isabella Kilv\u00e9us\" href=\"mailto:ik222hv@student.lnu.se\">ik222hv@student.lnu.se<\/a><\/span><\/p>\t\t\t\t\t\t\t\t<\/div>\n\t\t\t\t<\/div>\n\t\t\t\t\t<\/div>\n\t\t<\/div>\n\t\t\t\t\t<\/div>\n\t\t<\/section>\n\t\t\t\t<\/div>\n\t\t","protected":false},"excerpt":{"rendered":"<p>Redaktionen Kalmar Nova \u00e4r en oberoende webbtidning som drivs av fyra journaliststudenter p\u00e5 Linn\u00e9universitetet.Har du tips? Maila: kalmarnova@gmail.com. Ida AnderssonReporteria222jr@student.lnu.se Noah O&#8217;Rourke Drevfj\u00e4llReporternd222dr@student.lnu.se Karl EdgrenReporterke222ni@student.lnu.se Isabella Kilv\u00e9usReporterik222hv@student.lnu.se<\/p>\n","protected":false},"author":70,"featured_media":0,"parent":0,"menu_order":0,"comment_status":"closed","ping_status":"closed","template":"","meta":{"footnotes":""},"class_list":["post-12","page","type-page","status-publish"],"_links":{"self":[{"href":"https:\/\/medieproduktion.lnu.se\/kalmarnova\/wp-json\/wp\/v2\/pages\/12","targetHints":{"allow":["GET"]}}],"collection":[{"href":"https:\/\/medieproduktion.lnu.se\/kalmarnova\/wp-json\/wp\/v2\/pages"}],"about":[{"href":"https:\/\/medieproduktion.lnu.se\/kalmarnova\/wp-json\/wp\/v2\/types\/page"}],"author":[{"embeddable":true,"href":"https:\/\/medieproduktion.lnu.se\/kalmarnova\/wp-json\/wp\/v2\/users\/70"}],"replies":[{"embeddable":true,"href":"https:\/\/medieproduktion.lnu.se\/kalmarnova\/wp-json\/wp\/v2\/comments?post=12"}],"version-history":[{"count":37,"href":"https:\/\/medieproduktion.lnu.se\/kalmarnova\/wp-json\/wp\/v2\/pages\/12\/revisions"}],"predecessor-version":[{"id":1228,"href":"https:\/\/medieproduktion.lnu.se\/kalmarnova\/wp-json\/wp\/v2\/pages\/12\/revisions\/1228"}],"wp:attachment":[{"href":"https:\/\/medieproduktion.lnu.se\/kalmarnova\/wp-json\/wp\/v2\/media?parent=12"}],"curies":[{"name":"wp","href":"https:\/\/api.w.org\/{rel}","templated":true}]}}