{"id":33,"date":"2019-03-08T11:28:32","date_gmt":"2019-03-08T10:28:32","guid":{"rendered":"http:\/\/medieproduktion.lnu.se\/kalmardirekt\/?page_id=33"},"modified":"2019-03-29T11:33:33","modified_gmt":"2019-03-29T10:33:33","slug":"startsida","status":"publish","type":"page","link":"https:\/\/medieproduktion.lnu.se\/kalmarkvinna\/","title":{"rendered":"Startsida"},"content":{"rendered":"\t\t<div data-elementor-type=\"wp-post\" data-elementor-id=\"33\" class=\"elementor elementor-33 elementor-bc-flex-widget\" data-elementor-post-type=\"page\">\n\t\t\t\t\t\t<section class=\"elementor-section elementor-top-section elementor-element elementor-element-26e6d35 elementor-section-boxed elementor-section-height-default elementor-section-height-default\" data-id=\"26e6d35\" data-element_type=\"section\">\n\t\t\t\t\t\t<div class=\"elementor-container elementor-column-gap-default\">\n\t\t\t\t\t<div class=\"elementor-column elementor-col-100 elementor-top-column elementor-element elementor-element-57d845f\" data-id=\"57d845f\" data-element_type=\"column\">\n\t\t\t<div class=\"elementor-widget-wrap elementor-element-populated\">\n\t\t\t\t\t\t<div class=\"elementor-element elementor-element-15a8375 elementor-grid-1 elementor-grid-tablet-2 elementor-grid-mobile-1 elementor-posts--thumbnail-top elementor-widget elementor-widget-posts\" data-id=\"15a8375\" data-element_type=\"widget\" data-settings=\"{&quot;classic_columns&quot;:&quot;1&quot;,&quot;classic_columns_tablet&quot;:&quot;2&quot;,&quot;classic_columns_mobile&quot;:&quot;1&quot;,&quot;classic_row_gap&quot;:{&quot;unit&quot;:&quot;px&quot;,&quot;size&quot;:35,&quot;sizes&quot;:[]},&quot;classic_row_gap_tablet&quot;:{&quot;unit&quot;:&quot;px&quot;,&quot;size&quot;:&quot;&quot;,&quot;sizes&quot;:[]},&quot;classic_row_gap_mobile&quot;:{&quot;unit&quot;:&quot;px&quot;,&quot;size&quot;:&quot;&quot;,&quot;sizes&quot;:[]}}\" data-widget_type=\"posts.classic\">\n\t\t\t\t<div class=\"elementor-widget-container\">\n\t\t\t\t\t\t\t<div class=\"elementor-posts-container elementor-posts elementor-posts--skin-classic elementor-grid\" role=\"list\">\n\t\t\t\t<article class=\"elementor-post elementor-grid-item post-1887 post type-post status-publish format-standard has-post-thumbnail hentry category-lokalt\" role=\"listitem\">\n\t\t\t\t<a class=\"elementor-post__thumbnail__link\" href=\"https:\/\/medieproduktion.lnu.se\/kalmarkvinna\/2019\/04\/16\/kalmar-kustparlan-i-skuggan-av-oland\/\" tabindex=\"-1\" >\n\t\t\t<div class=\"elementor-post__thumbnail\"><img fetchpriority=\"high\" decoding=\"async\" width=\"300\" height=\"225\" src=\"https:\/\/medieproduktion.lnu.se\/kalmarkvinna\/wp-content\/uploads\/sites\/87\/2019\/04\/IMG_1675-1-300x225.jpg\" class=\"attachment-medium size-medium wp-image-1888\" alt=\"Kalmar slott som \u00e4r en k\u00e4nd plats i Kalmar.\" srcset=\"https:\/\/medieproduktion.lnu.se\/kalmarkvinna\/wp-content\/uploads\/sites\/87\/2019\/04\/IMG_1675-1-300x225.jpg 300w, https:\/\/medieproduktion.lnu.se\/kalmarkvinna\/wp-content\/uploads\/sites\/87\/2019\/04\/IMG_1675-1-768x576.jpg 768w, https:\/\/medieproduktion.lnu.se\/kalmarkvinna\/wp-content\/uploads\/sites\/87\/2019\/04\/IMG_1675-1-1024x768.jpg 1024w\" sizes=\"(max-width: 300px) 100vw, 300px\" \/><\/div>\n\t\t<\/a>\n\t\t\t\t<div class=\"elementor-post__text\">\n\t\t\t\t<h3 class=\"elementor-post__title\">\n\t\t\t<a href=\"https:\/\/medieproduktion.lnu.se\/kalmarkvinna\/2019\/04\/16\/kalmar-kustparlan-i-skuggan-av-oland\/\" >\n\t\t\t\tKalmar-kustp\u00e4rlan i skuggan av \u00d6land\t\t\t<\/a>\n\t\t<\/h3>\n\t\t\t\t<div class=\"elementor-post__meta-data\">\n\t\t\t\t\t<span class=\"elementor-post-date\">\n\t\t\t16 april, 2019\t\t<\/span>\n\t\t\t\t<\/div>\n\t\t\t\t<div class=\"elementor-post__excerpt\">\n\t\t\t<p>H\u00e4r \u00e4r platserna i Kalmar du inte f\u00e5r missa.<br \/>\n<a href=\"http:\/\/medieproduktion.lnu.se\/kalmarkvinna\/2019\/04\/16\/kalmar-kustparlan-i-skuggan-av-oland\/\">Popul\u00e4raste platserna i Kalmar<\/a><\/p>\n\t\t<\/div>\n\t\t\t\t<\/div>\n\t\t\t\t<\/article>\n\t\t\t\t<\/div>\n\t\t\n\t\t\t\t\t\t<\/div>\n\t\t\t\t<\/div>\n\t\t\t\t<div class=\"elementor-element elementor-element-4d495d7 elementor-widget elementor-widget-heading\" data-id=\"4d495d7\" data-element_type=\"widget\" data-widget_type=\"heading.default\">\n\t\t\t\t<div class=\"elementor-widget-container\">\n\t\t\t\t\t<h2 class=\"elementor-heading-title elementor-size-xxl\">Allm\u00e4nt<\/h2>\t\t\t\t<\/div>\n\t\t\t\t<\/div>\n\t\t\t\t<div class=\"elementor-element elementor-element-5f4cbdc elementor-grid-2 elementor-grid-tablet-2 elementor-grid-mobile-1 elementor-posts--thumbnail-top elementor-widget elementor-widget-posts\" data-id=\"5f4cbdc\" data-element_type=\"widget\" data-settings=\"{&quot;classic_columns&quot;:&quot;2&quot;,&quot;classic_columns_tablet&quot;:&quot;2&quot;,&quot;classic_columns_mobile&quot;:&quot;1&quot;,&quot;classic_row_gap&quot;:{&quot;unit&quot;:&quot;px&quot;,&quot;size&quot;:35,&quot;sizes&quot;:[]},&quot;classic_row_gap_tablet&quot;:{&quot;unit&quot;:&quot;px&quot;,&quot;size&quot;:&quot;&quot;,&quot;sizes&quot;:[]},&quot;classic_row_gap_mobile&quot;:{&quot;unit&quot;:&quot;px&quot;,&quot;size&quot;:&quot;&quot;,&quot;sizes&quot;:[]}}\" data-widget_type=\"posts.classic\">\n\t\t\t\t<div class=\"elementor-widget-container\">\n\t\t\t\t\t\t\t<div class=\"elementor-posts-container elementor-posts elementor-posts--skin-classic elementor-grid\" role=\"list\">\n\t\t\t\t<article class=\"elementor-post elementor-grid-item post-631 post type-post status-publish format-standard has-post-thumbnail hentry category-allmant\" role=\"listitem\">\n\t\t\t\t<a class=\"elementor-post__thumbnail__link\" href=\"https:\/\/medieproduktion.lnu.se\/kalmarkvinna\/2019\/03\/27\/obalanserad-konsfordelning-pa-teknikprogrammet\/\" tabindex=\"-1\" >\n\t\t\t<div class=\"elementor-post__thumbnail\"><img decoding=\"async\" width=\"300\" height=\"225\" src=\"https:\/\/medieproduktion.lnu.se\/kalmarkvinna\/wp-content\/uploads\/sites\/87\/2019\/04\/obalans-300x225.png\" class=\"attachment-medium size-medium wp-image-1933\" alt=\"Person sitter vid skrivbord och skriver p\u00e5 tangenterna\" srcset=\"https:\/\/medieproduktion.lnu.se\/kalmarkvinna\/wp-content\/uploads\/sites\/87\/2019\/04\/obalans-300x225.png 300w, https:\/\/medieproduktion.lnu.se\/kalmarkvinna\/wp-content\/uploads\/sites\/87\/2019\/04\/obalans-768x576.png 768w, https:\/\/medieproduktion.lnu.se\/kalmarkvinna\/wp-content\/uploads\/sites\/87\/2019\/04\/obalans.png 1024w\" sizes=\"(max-width: 300px) 100vw, 300px\" \/><\/div>\n\t\t<\/a>\n\t\t\t\t<div class=\"elementor-post__text\">\n\t\t\t\t<h3 class=\"elementor-post__title\">\n\t\t\t<a href=\"https:\/\/medieproduktion.lnu.se\/kalmarkvinna\/2019\/03\/27\/obalanserad-konsfordelning-pa-teknikprogrammet\/\" >\n\t\t\t\tObalanserad k\u00f6nsf\u00f6rdelning p\u00e5 Teknikprogrammet\t\t\t<\/a>\n\t\t<\/h3>\n\t\t\t\t<div class=\"elementor-post__meta-data\">\n\t\t\t\t\t<span class=\"elementor-post-date\">\n\t\t\t27 mars, 2019\t\t<\/span>\n\t\t\t\t<\/div>\n\t\t\t\t<div class=\"elementor-post__excerpt\">\n\t\t\t<p>Teknikprogrammet best\u00e5r till mer \u00e4n 80 procent av killar.<br \/>\n<a href=\"http:\/\/medieproduktion.lnu.se\/kalmarkvinna\/2019\/03\/27\/obalanserad-konsfordelning-pa-teknikprogrammet\/\">Obalanserad k\u00f6nsf\u00f6rdelning<\/a><\/p>\n\t\t<\/div>\n\t\t\t\t<\/div>\n\t\t\t\t<\/article>\n\t\t\t\t<article class=\"elementor-post elementor-grid-item post-1179 post type-post status-publish format-standard has-post-thumbnail hentry category-allmant\" role=\"listitem\">\n\t\t\t\t<a class=\"elementor-post__thumbnail__link\" href=\"https:\/\/medieproduktion.lnu.se\/kalmarkvinna\/2019\/03\/27\/kroppshets-2\/\" tabindex=\"-1\" >\n\t\t\t<div class=\"elementor-post__thumbnail\"><img decoding=\"async\" width=\"279\" height=\"300\" src=\"https:\/\/medieproduktion.lnu.se\/kalmarkvinna\/wp-content\/uploads\/sites\/87\/2019\/03\/bikiniIMG_1594-1-279x300.png\" class=\"attachment-medium size-medium wp-image-1418\" alt=\"Snart \u00e4r strand s\u00e4songen h\u00e4r och hetsen om den perfekta bikini kroppen \u00f6kar.\/\/Foto: Hasela Haidari\" srcset=\"https:\/\/medieproduktion.lnu.se\/kalmarkvinna\/wp-content\/uploads\/sites\/87\/2019\/03\/bikiniIMG_1594-1-279x300.png 279w, https:\/\/medieproduktion.lnu.se\/kalmarkvinna\/wp-content\/uploads\/sites\/87\/2019\/03\/bikiniIMG_1594-1.png 640w\" sizes=\"(max-width: 279px) 100vw, 279px\" \/><\/div>\n\t\t<\/a>\n\t\t\t\t<div class=\"elementor-post__text\">\n\t\t\t\t<h3 class=\"elementor-post__title\">\n\t\t\t<a href=\"https:\/\/medieproduktion.lnu.se\/kalmarkvinna\/2019\/03\/27\/kroppshets-2\/\" >\n\t\t\t\tKroppshets\t\t\t<\/a>\n\t\t<\/h3>\n\t\t\t\t<div class=\"elementor-post__meta-data\">\n\t\t\t\t\t<span class=\"elementor-post-date\">\n\t\t\t27 mars, 2019\t\t<\/span>\n\t\t\t\t<\/div>\n\t\t\t\t<div class=\"elementor-post__excerpt\">\n\t\t\t<p>I samband med att sommaren n\u00e4rmar sig \u00f6kar \u00e4ven kroppshetsen bland m\u00e5nga unga. Kroppshets och \u00e4tst\u00f6rningar \u00e4r n\u00e5got som drabbar var tredje kvinna.<br \/>\n<a href=\"http:\/\/medieproduktion.lnu.se\/kalmarkvinna\/2019\/03\/27\/kroppshets-2\/\">Bildreportage<\/a><\/p>\n\t\t<\/div>\n\t\t\t\t<\/div>\n\t\t\t\t<\/article>\n\t\t\t\t<\/div>\n\t\t\n\t\t\t\t\t\t<\/div>\n\t\t\t\t<\/div>\n\t\t\t\t<div class=\"elementor-element elementor-element-3a719fb elementor-widget elementor-widget-heading\" data-id=\"3a719fb\" data-element_type=\"widget\" data-widget_type=\"heading.default\">\n\t\t\t\t<div class=\"elementor-widget-container\">\n\t\t\t\t\t<h2 class=\"elementor-heading-title elementor-size-xxl\">Lokalt<\/h2>\t\t\t\t<\/div>\n\t\t\t\t<\/div>\n\t\t\t\t<div class=\"elementor-element elementor-element-250002d elementor-grid-3 elementor-grid-tablet-2 elementor-grid-mobile-1 elementor-posts--thumbnail-top elementor-widget elementor-widget-posts\" data-id=\"250002d\" data-element_type=\"widget\" data-settings=\"{&quot;classic_columns&quot;:&quot;3&quot;,&quot;classic_columns_tablet&quot;:&quot;2&quot;,&quot;classic_columns_mobile&quot;:&quot;1&quot;,&quot;classic_row_gap&quot;:{&quot;unit&quot;:&quot;px&quot;,&quot;size&quot;:35,&quot;sizes&quot;:[]},&quot;classic_row_gap_tablet&quot;:{&quot;unit&quot;:&quot;px&quot;,&quot;size&quot;:&quot;&quot;,&quot;sizes&quot;:[]},&quot;classic_row_gap_mobile&quot;:{&quot;unit&quot;:&quot;px&quot;,&quot;size&quot;:&quot;&quot;,&quot;sizes&quot;:[]}}\" data-widget_type=\"posts.classic\">\n\t\t\t\t<div class=\"elementor-widget-container\">\n\t\t\t\t\t\t\t<div class=\"elementor-posts-container elementor-posts elementor-posts--skin-classic elementor-grid\" role=\"list\">\n\t\t\t\t<article class=\"elementor-post elementor-grid-item post-1887 post type-post status-publish format-standard has-post-thumbnail hentry category-lokalt\" role=\"listitem\">\n\t\t\t\t<a class=\"elementor-post__thumbnail__link\" href=\"https:\/\/medieproduktion.lnu.se\/kalmarkvinna\/2019\/04\/16\/kalmar-kustparlan-i-skuggan-av-oland\/\" tabindex=\"-1\" >\n\t\t\t<div class=\"elementor-post__thumbnail\"><img fetchpriority=\"high\" decoding=\"async\" width=\"300\" height=\"225\" src=\"https:\/\/medieproduktion.lnu.se\/kalmarkvinna\/wp-content\/uploads\/sites\/87\/2019\/04\/IMG_1675-1-300x225.jpg\" class=\"attachment-medium size-medium wp-image-1888\" alt=\"Kalmar slott som \u00e4r en k\u00e4nd plats i Kalmar.\" srcset=\"https:\/\/medieproduktion.lnu.se\/kalmarkvinna\/wp-content\/uploads\/sites\/87\/2019\/04\/IMG_1675-1-300x225.jpg 300w, https:\/\/medieproduktion.lnu.se\/kalmarkvinna\/wp-content\/uploads\/sites\/87\/2019\/04\/IMG_1675-1-768x576.jpg 768w, https:\/\/medieproduktion.lnu.se\/kalmarkvinna\/wp-content\/uploads\/sites\/87\/2019\/04\/IMG_1675-1-1024x768.jpg 1024w\" sizes=\"(max-width: 300px) 100vw, 300px\" \/><\/div>\n\t\t<\/a>\n\t\t\t\t<div class=\"elementor-post__text\">\n\t\t\t\t<h3 class=\"elementor-post__title\">\n\t\t\t<a href=\"https:\/\/medieproduktion.lnu.se\/kalmarkvinna\/2019\/04\/16\/kalmar-kustparlan-i-skuggan-av-oland\/\" >\n\t\t\t\tKalmar-kustp\u00e4rlan i skuggan av \u00d6land\t\t\t<\/a>\n\t\t<\/h3>\n\t\t\t\t<div class=\"elementor-post__meta-data\">\n\t\t\t\t\t<span class=\"elementor-post-date\">\n\t\t\t16 april, 2019\t\t<\/span>\n\t\t\t\t<\/div>\n\t\t\t\t<div class=\"elementor-post__excerpt\">\n\t\t\t<p>H\u00e4r \u00e4r platserna i Kalmar du inte f\u00e5r missa.<br \/>\n<a href=\"http:\/\/medieproduktion.lnu.se\/kalmarkvinna\/2019\/04\/16\/kalmar-kustparlan-i-skuggan-av-oland\/\">Popul\u00e4raste platserna i Kalmar<\/a><\/p>\n\t\t<\/div>\n\t\t\t\t<\/div>\n\t\t\t\t<\/article>\n\t\t\t\t<article class=\"elementor-post elementor-grid-item post-734 post type-post status-publish format-standard has-post-thumbnail hentry category-lokalt\" role=\"listitem\">\n\t\t\t\t<a class=\"elementor-post__thumbnail__link\" href=\"https:\/\/medieproduktion.lnu.se\/kalmarkvinna\/2019\/03\/27\/unga-foretagare-pa-uf-massan\/\" tabindex=\"-1\" >\n\t\t\t<div class=\"elementor-post__thumbnail\"><img loading=\"lazy\" decoding=\"async\" width=\"300\" height=\"198\" src=\"https:\/\/medieproduktion.lnu.se\/kalmarkvinna\/wp-content\/uploads\/sites\/87\/2019\/03\/IMG_6151-300x198.jpg\" class=\"attachment-medium size-medium wp-image-744\" alt=\"UF-m\u00e4ssan \u00e4r en m\u00f6tesplats f\u00f6r unga som startat upp egna f\u00f6retag \/\/ Foto: Emma E. Andersson\" \/><\/div>\n\t\t<\/a>\n\t\t\t\t<div class=\"elementor-post__text\">\n\t\t\t\t<h3 class=\"elementor-post__title\">\n\t\t\t<a href=\"https:\/\/medieproduktion.lnu.se\/kalmarkvinna\/2019\/03\/27\/unga-foretagare-pa-uf-massan\/\" >\n\t\t\t\tAllt fler unga kvinnor som startar upp egna f\u00f6retag\t\t\t<\/a>\n\t\t<\/h3>\n\t\t\t\t<div class=\"elementor-post__meta-data\">\n\t\t\t\t\t<span class=\"elementor-post-date\">\n\t\t\t27 mars, 2019\t\t<\/span>\n\t\t\t\t<\/div>\n\t\t\t\t<div class=\"elementor-post__excerpt\">\n\t\t\t<p>L\u00e4s mer om n\u00e4r Kalmarkvinna bes\u00f6kte UF-m\u00e4ssan och vad det \u00e4r f\u00f6r n\u00e5got.<br \/>\n<a href=\"http:\/\/medieproduktion.lnu.se\/kalmarkvinna\/2019\/03\/20\/unga-foretagare-pa-uf-massan\/\">UF-M\u00e4ssa<\/a><\/p>\n\t\t<\/div>\n\t\t\t\t<\/div>\n\t\t\t\t<\/article>\n\t\t\t\t<article class=\"elementor-post elementor-grid-item post-935 post type-post status-publish format-standard has-post-thumbnail hentry category-lokalt\" role=\"listitem\">\n\t\t\t\t<a class=\"elementor-post__thumbnail__link\" href=\"https:\/\/medieproduktion.lnu.se\/kalmarkvinna\/2019\/03\/27\/kvinnliga-akter-pa-oland-roots\/\" tabindex=\"-1\" >\n\t\t\t<div class=\"elementor-post__thumbnail\"><img loading=\"lazy\" decoding=\"async\" width=\"300\" height=\"200\" src=\"https:\/\/medieproduktion.lnu.se\/kalmarkvinna\/wp-content\/uploads\/sites\/87\/2019\/03\/concert-768722_1280-300x200.jpg\" class=\"attachment-medium size-medium wp-image-942\" alt=\"Bild fr\u00e5n en konsert \/\/ Foto: Pixabay.\" srcset=\"https:\/\/medieproduktion.lnu.se\/kalmarkvinna\/wp-content\/uploads\/sites\/87\/2019\/03\/concert-768722_1280-300x200.jpg 300w, https:\/\/medieproduktion.lnu.se\/kalmarkvinna\/wp-content\/uploads\/sites\/87\/2019\/03\/concert-768722_1280-768x512.jpg 768w, https:\/\/medieproduktion.lnu.se\/kalmarkvinna\/wp-content\/uploads\/sites\/87\/2019\/03\/concert-768722_1280-1024x682.jpg 1024w, https:\/\/medieproduktion.lnu.se\/kalmarkvinna\/wp-content\/uploads\/sites\/87\/2019\/03\/concert-768722_1280.jpg 1280w\" sizes=\"(max-width: 300px) 100vw, 300px\" \/><\/div>\n\t\t<\/a>\n\t\t\t\t<div class=\"elementor-post__text\">\n\t\t\t\t<h3 class=\"elementor-post__title\">\n\t\t\t<a href=\"https:\/\/medieproduktion.lnu.se\/kalmarkvinna\/2019\/03\/27\/kvinnliga-akter-pa-oland-roots\/\" >\n\t\t\t\tKvinnliga akter p\u00e5 \u00d6land roots\t\t\t<\/a>\n\t\t<\/h3>\n\t\t\t\t<div class=\"elementor-post__meta-data\">\n\t\t\t\t\t<span class=\"elementor-post-date\">\n\t\t\t27 mars, 2019\t\t<\/span>\n\t\t\t\t<\/div>\n\t\t\t\t<div class=\"elementor-post__excerpt\">\n\t\t\t<p>L\u00e4s om vilka kvinnliga akter du finner p\u00e5 \u00d6land roots i \u00e5r.<br \/>\n<a href=\"http:\/\/medieproduktion.lnu.se\/kalmarkvinna\/2019\/03\/25\/kvinnliga-akter-pa-oland-roots\/\">\u00d6land roots<\/a><\/p>\n\t\t<\/div>\n\t\t\t\t<\/div>\n\t\t\t\t<\/article>\n\t\t\t\t<\/div>\n\t\t\n\t\t\t\t\t\t<\/div>\n\t\t\t\t<\/div>\n\t\t\t\t<div class=\"elementor-element elementor-element-c153555 elementor-widget elementor-widget-heading\" data-id=\"c153555\" data-element_type=\"widget\" data-widget_type=\"heading.default\">\n\t\t\t\t<div class=\"elementor-widget-container\">\n\t\t\t\t\t<h2 class=\"elementor-heading-title elementor-size-xxl\">N\u00f6je<\/h2>\t\t\t\t<\/div>\n\t\t\t\t<\/div>\n\t\t\t\t<div class=\"elementor-element elementor-element-a0c4b25 elementor-grid-2 elementor-grid-tablet-2 elementor-grid-mobile-1 elementor-posts--thumbnail-top elementor-widget elementor-widget-posts\" data-id=\"a0c4b25\" data-element_type=\"widget\" data-settings=\"{&quot;classic_columns&quot;:&quot;2&quot;,&quot;classic_columns_tablet&quot;:&quot;2&quot;,&quot;classic_columns_mobile&quot;:&quot;1&quot;,&quot;classic_row_gap&quot;:{&quot;unit&quot;:&quot;px&quot;,&quot;size&quot;:35,&quot;sizes&quot;:[]},&quot;classic_row_gap_tablet&quot;:{&quot;unit&quot;:&quot;px&quot;,&quot;size&quot;:&quot;&quot;,&quot;sizes&quot;:[]},&quot;classic_row_gap_mobile&quot;:{&quot;unit&quot;:&quot;px&quot;,&quot;size&quot;:&quot;&quot;,&quot;sizes&quot;:[]}}\" data-widget_type=\"posts.classic\">\n\t\t\t\t<div class=\"elementor-widget-container\">\n\t\t\t\t\t\t\t<div class=\"elementor-posts-container elementor-posts elementor-posts--skin-classic elementor-grid\" role=\"list\">\n\t\t\t\t<article class=\"elementor-post elementor-grid-item post-1202 post type-post status-publish format-standard has-post-thumbnail hentry category-noje\" role=\"listitem\">\n\t\t\t\t<a class=\"elementor-post__thumbnail__link\" href=\"https:\/\/medieproduktion.lnu.se\/kalmarkvinna\/2019\/03\/26\/att-hitta-pa-i-kalmar\/\" tabindex=\"-1\" >\n\t\t\t<div class=\"elementor-post__thumbnail\"><img loading=\"lazy\" decoding=\"async\" width=\"300\" height=\"200\" src=\"https:\/\/medieproduktion.lnu.se\/kalmarkvinna\/wp-content\/uploads\/sites\/87\/2019\/03\/IMG_0992-300x200.jpg\" class=\"attachment-medium size-medium wp-image-1214\" alt=\"Gamla stan i Kalmar \/\/ Foto: Lindita Bunyak\" \/><\/div>\n\t\t<\/a>\n\t\t\t\t<div class=\"elementor-post__text\">\n\t\t\t\t<h3 class=\"elementor-post__title\">\n\t\t\t<a href=\"https:\/\/medieproduktion.lnu.se\/kalmarkvinna\/2019\/03\/26\/att-hitta-pa-i-kalmar\/\" >\n\t\t\t\tAtt hitta p\u00e5 i Kalmar\t\t\t<\/a>\n\t\t<\/h3>\n\t\t\t\t<div class=\"elementor-post__meta-data\">\n\t\t\t\t\t<span class=\"elementor-post-date\">\n\t\t\t26 mars, 2019\t\t<\/span>\n\t\t\t\t<\/div>\n\t\t\t\t<div class=\"elementor-post__excerpt\">\n\t\t\t<p>K\u00e4nner du till Kalmars historia och underbara platser du kan bes\u00f6ka h\u00e4r, l\u00e4s mer om vad det finns att g\u00f6ra i Kalmar.<br \/>\n<a href=\"http:\/\/medieproduktion.lnu.se\/kalmarkvinna\/2019\/03\/27\/att-hitta-pa-i-kalmar\/\">12 platser i Kalmar<\/a><\/p>\n\t\t<\/div>\n\t\t\t\t<\/div>\n\t\t\t\t<\/article>\n\t\t\t\t<article class=\"elementor-post elementor-grid-item post-944 post type-post status-publish format-standard has-post-thumbnail hentry category-noje\" role=\"listitem\">\n\t\t\t\t<a class=\"elementor-post__thumbnail__link\" href=\"https:\/\/medieproduktion.lnu.se\/kalmarkvinna\/2019\/03\/25\/darfor-firas-vaffeldagen\/\" tabindex=\"-1\" >\n\t\t\t<div class=\"elementor-post__thumbnail\"><img loading=\"lazy\" decoding=\"async\" width=\"300\" height=\"225\" src=\"https:\/\/medieproduktion.lnu.se\/kalmarkvinna\/wp-content\/uploads\/sites\/87\/2019\/04\/dagen-300x225.png\" class=\"attachment-medium size-medium wp-image-1934\" alt=\"V\u00e5ffla med gr\u00e4dde och b\u00e4r.\" srcset=\"https:\/\/medieproduktion.lnu.se\/kalmarkvinna\/wp-content\/uploads\/sites\/87\/2019\/04\/dagen-300x225.png 300w, https:\/\/medieproduktion.lnu.se\/kalmarkvinna\/wp-content\/uploads\/sites\/87\/2019\/04\/dagen-768x576.png 768w, https:\/\/medieproduktion.lnu.se\/kalmarkvinna\/wp-content\/uploads\/sites\/87\/2019\/04\/dagen.png 1024w\" sizes=\"(max-width: 300px) 100vw, 300px\" \/><\/div>\n\t\t<\/a>\n\t\t\t\t<div class=\"elementor-post__text\">\n\t\t\t\t<h3 class=\"elementor-post__title\">\n\t\t\t<a href=\"https:\/\/medieproduktion.lnu.se\/kalmarkvinna\/2019\/03\/25\/darfor-firas-vaffeldagen\/\" >\n\t\t\t\tD\u00e4rf\u00f6r firas v\u00e5ffeldagen\t\t\t<\/a>\n\t\t<\/h3>\n\t\t\t\t<div class=\"elementor-post__meta-data\">\n\t\t\t\t\t<span class=\"elementor-post-date\">\n\t\t\t25 mars, 2019\t\t<\/span>\n\t\t\t\t<\/div>\n\t\t\t\t<div class=\"elementor-post__excerpt\">\n\t\t\t<p>Idag \u00e4r det v\u00e5ffeldagen, dagen d\u00e5 m\u00e5nga av oss \u00e4ter v\u00e5fflor med sylt och gr\u00e4dde.<br \/>\n<a href=\"http:\/\/medieproduktion.lnu.se\/kalmarkvinna\/2019\/03\/25\/darfor-firas-vaffeldagen\/\">D\u00e4rf\u00f6r firar vi v\u00e5ffeldagen<\/a><\/p>\n\t\t<\/div>\n\t\t\t\t<\/div>\n\t\t\t\t<\/article>\n\t\t\t\t<\/div>\n\t\t\n\t\t\t\t\t\t<\/div>\n\t\t\t\t<\/div>\n\t\t\t\t\t<\/div>\n\t\t<\/div>\n\t\t\t\t\t<\/div>\n\t\t<\/section>\n\t\t\t\t<section class=\"elementor-section elementor-top-section elementor-element elementor-element-dda2d64 elementor-section-boxed elementor-section-height-default elementor-section-height-default\" data-id=\"dda2d64\" data-element_type=\"section\">\n\t\t\t\t\t\t<div class=\"elementor-container elementor-column-gap-default\">\n\t\t\t\t\t<div class=\"elementor-column elementor-col-100 elementor-top-column elementor-element elementor-element-a82420c\" data-id=\"a82420c\" data-element_type=\"column\">\n\t\t\t<div class=\"elementor-widget-wrap\">\n\t\t\t\t\t\t\t<\/div>\n\t\t<\/div>\n\t\t\t\t\t<\/div>\n\t\t<\/section>\n\t\t\t\t<\/div>\n\t\t","protected":false},"excerpt":{"rendered":"<p>Allm\u00e4nt Lokalt N\u00f6je<\/p>\n","protected":false},"author":66,"featured_media":0,"parent":0,"menu_order":0,"comment_status":"closed","ping_status":"closed","template":"","meta":{"footnotes":""},"class_list":["post-33","page","type-page","status-publish","hentry"],"_links":{"self":[{"href":"https:\/\/medieproduktion.lnu.se\/kalmarkvinna\/wp-json\/wp\/v2\/pages\/33","targetHints":{"allow":["GET"]}}],"collection":[{"href":"https:\/\/medieproduktion.lnu.se\/kalmarkvinna\/wp-json\/wp\/v2\/pages"}],"about":[{"href":"https:\/\/medieproduktion.lnu.se\/kalmarkvinna\/wp-json\/wp\/v2\/types\/page"}],"author":[{"embeddable":true,"href":"https:\/\/medieproduktion.lnu.se\/kalmarkvinna\/wp-json\/wp\/v2\/users\/66"}],"replies":[{"embeddable":true,"href":"https:\/\/medieproduktion.lnu.se\/kalmarkvinna\/wp-json\/wp\/v2\/comments?post=33"}],"version-history":[{"count":76,"href":"https:\/\/medieproduktion.lnu.se\/kalmarkvinna\/wp-json\/wp\/v2\/pages\/33\/revisions"}],"predecessor-version":[{"id":1764,"href":"https:\/\/medieproduktion.lnu.se\/kalmarkvinna\/wp-json\/wp\/v2\/pages\/33\/revisions\/1764"}],"wp:attachment":[{"href":"https:\/\/medieproduktion.lnu.se\/kalmarkvinna\/wp-json\/wp\/v2\/media?parent=33"}],"curies":[{"name":"wp","href":"https:\/\/api.w.org\/{rel}","templated":true}]}}