{"id":408,"date":"2020-02-05T13:06:20","date_gmt":"2020-02-05T12:06:20","guid":{"rendered":"http:\/\/medieproduktion.lnu.se\/kalmarkuriren\/?page_id=408"},"modified":"2020-02-05T13:53:39","modified_gmt":"2020-02-05T12:53:39","slug":"startsida","status":"publish","type":"page","link":"https:\/\/medieproduktion.lnu.se\/kalmarkuriren\/","title":{"rendered":"Startsida"},"content":{"rendered":"\t\t<div data-elementor-type=\"wp-post\" data-elementor-id=\"408\" class=\"elementor elementor-408 elementor-bc-flex-widget\" data-elementor-post-type=\"page\">\n\t\t\t\t\t\t<section class=\"elementor-section elementor-top-section elementor-element elementor-element-ba12ae3 elementor-section-boxed elementor-section-height-default elementor-section-height-default\" data-id=\"ba12ae3\" data-element_type=\"section\">\n\t\t\t\t\t\t<div class=\"elementor-container elementor-column-gap-default\">\n\t\t\t\t\t<div class=\"elementor-column elementor-col-100 elementor-top-column elementor-element elementor-element-4edc0e4\" data-id=\"4edc0e4\" data-element_type=\"column\">\n\t\t\t<div class=\"elementor-widget-wrap elementor-element-populated\">\n\t\t\t\t\t\t<div class=\"elementor-element elementor-element-d37b5e4 elementor-grid-1 elementor-grid-tablet-2 elementor-grid-mobile-1 elementor-posts--thumbnail-top elementor-widget elementor-widget-posts\" data-id=\"d37b5e4\" data-element_type=\"widget\" data-settings=\"{&quot;classic_columns&quot;:&quot;1&quot;,&quot;classic_row_gap&quot;:{&quot;unit&quot;:&quot;px&quot;,&quot;size&quot;:30,&quot;sizes&quot;:[]},&quot;classic_columns_tablet&quot;:&quot;2&quot;,&quot;classic_columns_mobile&quot;:&quot;1&quot;,&quot;classic_row_gap_tablet&quot;:{&quot;unit&quot;:&quot;px&quot;,&quot;size&quot;:&quot;&quot;,&quot;sizes&quot;:[]},&quot;classic_row_gap_mobile&quot;:{&quot;unit&quot;:&quot;px&quot;,&quot;size&quot;:&quot;&quot;,&quot;sizes&quot;:[]}}\" data-widget_type=\"posts.classic\">\n\t\t\t\t<div class=\"elementor-widget-container\">\n\t\t\t\t\t\t\t<div class=\"elementor-posts-container elementor-posts elementor-posts--skin-classic elementor-grid\" role=\"list\">\n\t\t\t\t<article class=\"elementor-post elementor-grid-item post-1371 post type-post status-publish format-standard has-post-thumbnail hentry category-nyheter\" role=\"listitem\">\n\t\t\t\t<a class=\"elementor-post__thumbnail__link\" href=\"https:\/\/medieproduktion.lnu.se\/kalmarkuriren\/nyheter\/det-ar-fler-man-en-kvinnor-som-klarar-korkortsproven-pa-forsta-forsoket\/\" tabindex=\"-1\" >\n\t\t\t<div class=\"elementor-post__thumbnail\"><img fetchpriority=\"high\" decoding=\"async\" width=\"275\" height=\"183\" src=\"https:\/\/medieproduktion.lnu.se\/kalmarkuriren\/wp-content\/uploads\/sites\/248\/2020\/02\/bilen.jpg\" class=\"attachment-medium size-medium wp-image-1372\" alt=\"N\u00e4rbild p\u00e5 hjulhuset p\u00e5 en bil, d\u00e4cket syns ocks\u00e5\" \/><\/div>\n\t\t<\/a>\n\t\t\t\t<div class=\"elementor-post__text\">\n\t\t\t\t<h3 class=\"elementor-post__title\">\n\t\t\t<a href=\"https:\/\/medieproduktion.lnu.se\/kalmarkuriren\/nyheter\/det-ar-fler-man-en-kvinnor-som-klarar-korkortsproven-pa-forsta-forsoket\/\" >\n\t\t\t\tFler m\u00e4n \u00e4n kvinnor klarar k\u00f6rkortsproven p\u00e5 f\u00f6rsta f\u00f6rs\u00f6ket\t\t\t<\/a>\n\t\t<\/h3>\n\t\t\t\t<div class=\"elementor-post__meta-data\">\n\t\t\t\t\t<span class=\"elementor-post-author\">\n\t\t\tAmanda Sundin\t\t<\/span>\n\t\t\t\t<span class=\"elementor-post-date\">\n\t\t\t21 februari, 2020\t\t<\/span>\n\t\t\t\t<\/div>\n\t\t\t\t<div class=\"elementor-post__excerpt\">\n\t\t\t<p>Statistiken avser k\u00f6rkortsbeh\u00f6righeterna AM i mopedklass 1, A, A1, A2 som \u00e4r prov f\u00f6r motorcykel och sedan B beh\u00f6righet som \u00e4r f\u00f6r personbil.<\/p>\n\t\t<\/div>\n\t\t\t\t<\/div>\n\t\t\t\t<\/article>\n\t\t\t\t<\/div>\n\t\t\n\t\t\t\t\t\t<\/div>\n\t\t\t\t<\/div>\n\t\t\t\t\t<\/div>\n\t\t<\/div>\n\t\t\t\t\t<\/div>\n\t\t<\/section>\n\t\t\t\t<\/div>\n\t\t","protected":false},"excerpt":{"rendered":"","protected":false},"author":217,"featured_media":0,"parent":0,"menu_order":0,"comment_status":"closed","ping_status":"closed","template":"","meta":{"footnotes":""},"class_list":["post-408","page","type-page","status-publish","hentry"],"_links":{"self":[{"href":"https:\/\/medieproduktion.lnu.se\/kalmarkuriren\/wp-json\/wp\/v2\/pages\/408","targetHints":{"allow":["GET"]}}],"collection":[{"href":"https:\/\/medieproduktion.lnu.se\/kalmarkuriren\/wp-json\/wp\/v2\/pages"}],"about":[{"href":"https:\/\/medieproduktion.lnu.se\/kalmarkuriren\/wp-json\/wp\/v2\/types\/page"}],"author":[{"embeddable":true,"href":"https:\/\/medieproduktion.lnu.se\/kalmarkuriren\/wp-json\/wp\/v2\/users\/217"}],"replies":[{"embeddable":true,"href":"https:\/\/medieproduktion.lnu.se\/kalmarkuriren\/wp-json\/wp\/v2\/comments?post=408"}],"version-history":[{"count":4,"href":"https:\/\/medieproduktion.lnu.se\/kalmarkuriren\/wp-json\/wp\/v2\/pages\/408\/revisions"}],"predecessor-version":[{"id":450,"href":"https:\/\/medieproduktion.lnu.se\/kalmarkuriren\/wp-json\/wp\/v2\/pages\/408\/revisions\/450"}],"wp:attachment":[{"href":"https:\/\/medieproduktion.lnu.se\/kalmarkuriren\/wp-json\/wp\/v2\/media?parent=408"}],"curies":[{"name":"wp","href":"https:\/\/api.w.org\/{rel}","templated":true}]}}