{"id":77,"date":"2021-03-10T09:50:15","date_gmt":"2021-03-10T08:50:15","guid":{"rendered":"http:\/\/medieproduktion.lnu.se\/kalmarkollen\/?page_id=77"},"modified":"2021-03-26T13:19:20","modified_gmt":"2021-03-26T12:19:20","slug":"startsida","status":"publish","type":"page","link":"https:\/\/medieproduktion.lnu.se\/kalmarkollen\/","title":{"rendered":""},"content":{"rendered":"\t\t<div data-elementor-type=\"wp-post\" data-elementor-id=\"77\" class=\"elementor elementor-77 elementor-bc-flex-widget\" data-elementor-post-type=\"page\">\n\t\t\t\t\t\t<section class=\"elementor-section elementor-top-section elementor-element elementor-element-f396f11 elementor-section-boxed elementor-section-height-default elementor-section-height-default\" data-id=\"f396f11\" data-element_type=\"section\">\n\t\t\t\t\t\t<div class=\"elementor-container elementor-column-gap-default\">\n\t\t\t\t\t<div class=\"elementor-column elementor-col-100 elementor-top-column elementor-element elementor-element-04cb2c7\" data-id=\"04cb2c7\" data-element_type=\"column\">\n\t\t\t<div class=\"elementor-widget-wrap elementor-element-populated\">\n\t\t\t\t\t\t<div class=\"elementor-element elementor-element-7d88671 elementor-grid-1 elementor-grid-tablet-2 elementor-grid-mobile-1 elementor-posts--thumbnail-top elementor-widget elementor-widget-posts\" data-id=\"7d88671\" data-element_type=\"widget\" data-settings=\"{&quot;classic_columns&quot;:&quot;1&quot;,&quot;classic_columns_tablet&quot;:&quot;2&quot;,&quot;classic_columns_mobile&quot;:&quot;1&quot;,&quot;classic_row_gap&quot;:{&quot;unit&quot;:&quot;px&quot;,&quot;size&quot;:35,&quot;sizes&quot;:[]},&quot;classic_row_gap_tablet&quot;:{&quot;unit&quot;:&quot;px&quot;,&quot;size&quot;:&quot;&quot;,&quot;sizes&quot;:[]},&quot;classic_row_gap_mobile&quot;:{&quot;unit&quot;:&quot;px&quot;,&quot;size&quot;:&quot;&quot;,&quot;sizes&quot;:[]}}\" data-widget_type=\"posts.classic\">\n\t\t\t\t<div class=\"elementor-widget-container\">\n\t\t\t\t\t\t\t<div class=\"elementor-posts-container elementor-posts elementor-posts--skin-classic elementor-grid\" role=\"list\">\n\t\t\t\t<article class=\"elementor-post elementor-grid-item post-521 post type-post status-publish format-standard has-post-thumbnail hentry category-lokalt\" role=\"listitem\">\n\t\t\t\t<a class=\"elementor-post__thumbnail__link\" href=\"https:\/\/medieproduktion.lnu.se\/kalmarkollen\/lokalt\/den-brittiska-varianten-sprider-sig-runt-om-i-landet-bland-skolelever\/\" tabindex=\"-1\" >\n\t\t\t<div class=\"elementor-post__thumbnail\"><img fetchpriority=\"high\" decoding=\"async\" width=\"768\" height=\"576\" src=\"https:\/\/medieproduktion.lnu.se\/kalmarkollen\/wp-content\/uploads\/sites\/522\/2021\/03\/mche-lee-PC91Jm1DlWA-unsplash-768x576.jpg\" class=\"attachment-medium_large size-medium_large wp-image-524\" alt=\"Ett klassrum med tomma stolar. Utan elever\" srcset=\"https:\/\/medieproduktion.lnu.se\/kalmarkollen\/wp-content\/uploads\/sites\/522\/2021\/03\/mche-lee-PC91Jm1DlWA-unsplash-768x576.jpg 768w, https:\/\/medieproduktion.lnu.se\/kalmarkollen\/wp-content\/uploads\/sites\/522\/2021\/03\/mche-lee-PC91Jm1DlWA-unsplash-300x225.jpg 300w, https:\/\/medieproduktion.lnu.se\/kalmarkollen\/wp-content\/uploads\/sites\/522\/2021\/03\/mche-lee-PC91Jm1DlWA-unsplash.jpg 800w\" sizes=\"(max-width: 768px) 100vw, 768px\" \/><\/div>\n\t\t<\/a>\n\t\t\t\t<div class=\"elementor-post__text\">\n\t\t\t\t<h3 class=\"elementor-post__title\">\n\t\t\t<a href=\"https:\/\/medieproduktion.lnu.se\/kalmarkollen\/lokalt\/den-brittiska-varianten-sprider-sig-runt-om-i-landet-bland-skolelever\/\" >\n\t\t\t\tDen brittiska varianten sprider sig runt om i landet bland skolelever\t\t\t<\/a>\n\t\t<\/h3>\n\t\t\t\t<div class=\"elementor-post__meta-data\">\n\t\t\t\t\t<span class=\"elementor-post-author\">\n\t\t\tMaja Berg\t\t<\/span>\n\t\t\t\t<span class=\"elementor-post-date\">\n\t\t\t17 mars, 2021\t\t<\/span>\n\t\t\t\t<span class=\"elementor-post-time\">\n\t\t\t13:18\t\t<\/span>\n\t\t\t\t<\/div>\n\t\t\t\t<div class=\"elementor-post__excerpt\">\n\t\t\t<p>KALMAR. <a href=\"http:\/\/medieproduktion.lnu.se\/kalmarkollen\/lokalt\/den-brittiska-varianten-sprider-sig-runt-om-i-landet-bland-skolelever\">Allt fler ungdomar har bekr\u00e4ftats smittade av den nya brittiska varianten av Covid-19. <\/a><\/p>\n\t\t<\/div>\n\t\t\t\t<\/div>\n\t\t\t\t<\/article>\n\t\t\t\t<\/div>\n\t\t\n\t\t\t\t\t\t<\/div>\n\t\t\t\t<\/div>\n\t\t\t\t<div class=\"elementor-element elementor-element-c1caa05 elementor-widget-divider--view-line elementor-widget elementor-widget-divider\" data-id=\"c1caa05\" data-element_type=\"widget\" data-widget_type=\"divider.default\">\n\t\t\t\t<div class=\"elementor-widget-container\">\n\t\t\t\t\t\t\t<div class=\"elementor-divider\">\n\t\t\t<span class=\"elementor-divider-separator\">\n\t\t\t\t\t\t<\/span>\n\t\t<\/div>\n\t\t\t\t\t\t<\/div>\n\t\t\t\t<\/div>\n\t\t\t\t<div class=\"elementor-element elementor-element-adeda8c elementor-grid-2 elementor-grid-tablet-2 elementor-grid-mobile-1 elementor-posts--thumbnail-top elementor-widget elementor-widget-posts\" data-id=\"adeda8c\" data-element_type=\"widget\" data-settings=\"{&quot;classic_columns&quot;:&quot;2&quot;,&quot;classic_columns_tablet&quot;:&quot;2&quot;,&quot;classic_columns_mobile&quot;:&quot;1&quot;,&quot;classic_row_gap&quot;:{&quot;unit&quot;:&quot;px&quot;,&quot;size&quot;:35,&quot;sizes&quot;:[]},&quot;classic_row_gap_tablet&quot;:{&quot;unit&quot;:&quot;px&quot;,&quot;size&quot;:&quot;&quot;,&quot;sizes&quot;:[]},&quot;classic_row_gap_mobile&quot;:{&quot;unit&quot;:&quot;px&quot;,&quot;size&quot;:&quot;&quot;,&quot;sizes&quot;:[]}}\" data-widget_type=\"posts.classic\">\n\t\t\t\t<div class=\"elementor-widget-container\">\n\t\t\t\t\t\t\t<div class=\"elementor-posts-container elementor-posts elementor-posts--skin-classic elementor-grid\" role=\"list\">\n\t\t\t\t<article class=\"elementor-post elementor-grid-item post-410 post type-post status-publish format-standard has-post-thumbnail hentry category-lokalt\" role=\"listitem\">\n\t\t\t\t<a class=\"elementor-post__thumbnail__link\" href=\"https:\/\/medieproduktion.lnu.se\/kalmarkollen\/lokalt\/johan-persson\/\" tabindex=\"-1\" >\n\t\t\t<div class=\"elementor-post__thumbnail\"><img decoding=\"async\" width=\"300\" height=\"286\" src=\"https:\/\/medieproduktion.lnu.se\/kalmarkollen\/wp-content\/uploads\/sites\/522\/2021\/03\/JOHAN-300x286.jpeg\" class=\"attachment-medium size-medium wp-image-442\" alt=\"Johan Persson (S) sitter p\u00e5 Kalmars torg och ler in i kameran.\" srcset=\"https:\/\/medieproduktion.lnu.se\/kalmarkollen\/wp-content\/uploads\/sites\/522\/2021\/03\/JOHAN-300x286.jpeg 300w, https:\/\/medieproduktion.lnu.se\/kalmarkollen\/wp-content\/uploads\/sites\/522\/2021\/03\/JOHAN.jpeg 600w\" sizes=\"(max-width: 300px) 100vw, 300px\" \/><\/div>\n\t\t<\/a>\n\t\t\t\t<div class=\"elementor-post__text\">\n\t\t\t\t<h3 class=\"elementor-post__title\">\n\t\t\t<a href=\"https:\/\/medieproduktion.lnu.se\/kalmarkollen\/lokalt\/johan-persson\/\" >\n\t\t\t\tJohan Persson (S) f\u00f6rv\u00e5nad \u00f6ver kritiken kring komikerns gata\t\t\t<\/a>\n\t\t<\/h3>\n\t\t\t\t<div class=\"elementor-post__meta-data\">\n\t\t\t\t\t<span class=\"elementor-post-author\">\n\t\t\tJosefine H\u00f6gne\t\t<\/span>\n\t\t\t\t<span class=\"elementor-post-date\">\n\t\t\t16 mars, 2021\t\t<\/span>\n\t\t\t\t<span class=\"elementor-post-time\">\n\t\t\t14:37\t\t<\/span>\n\t\t\t\t<\/div>\n\t\t\t\t<div class=\"elementor-post__excerpt\">\n\t\t\t<p>KALMAR. <a href=\"http:\/\/medieproduktion.lnu.se\/kalmarkollen\/lokalt\/johan-persson\/\"> Kalmar kommun har valt att d\u00f6pa en gata efter Robert Gustafsson &#8211; n\u00e5got som kritiseras av Lantm\u00e4teriet och Milj\u00f6partiet i Kalmar. <\/a><\/p>\n\t\t<\/div>\n\t\t\t\t<\/div>\n\t\t\t\t<\/article>\n\t\t\t\t<article class=\"elementor-post elementor-grid-item post-533 post type-post status-publish format-standard has-post-thumbnail hentry category-lokalt\" role=\"listitem\">\n\t\t\t\t<a class=\"elementor-post__thumbnail__link\" href=\"https:\/\/medieproduktion.lnu.se\/kalmarkollen\/lokalt\/fbc-kalmarsund-gor-succeforvarv\/\" tabindex=\"-1\" >\n\t\t\t<div class=\"elementor-post__thumbnail\"><img decoding=\"async\" width=\"300\" height=\"200\" src=\"https:\/\/medieproduktion.lnu.se\/kalmarkollen\/wp-content\/uploads\/sites\/522\/2021\/03\/51045049468_f2f8c7074d_c-1-300x200.jpg\" class=\"attachment-medium size-medium wp-image-544\" alt=\"Tim Andersson Carlsson sitter vid ett bord med kontraktet i handen i FBC Kalmarsunds matchst\u00e4ll.\" srcset=\"https:\/\/medieproduktion.lnu.se\/kalmarkollen\/wp-content\/uploads\/sites\/522\/2021\/03\/51045049468_f2f8c7074d_c-1-300x200.jpg 300w, https:\/\/medieproduktion.lnu.se\/kalmarkollen\/wp-content\/uploads\/sites\/522\/2021\/03\/51045049468_f2f8c7074d_c-1-768x512.jpg 768w, https:\/\/medieproduktion.lnu.se\/kalmarkollen\/wp-content\/uploads\/sites\/522\/2021\/03\/51045049468_f2f8c7074d_c-1.jpg 799w\" sizes=\"(max-width: 300px) 100vw, 300px\" \/><\/div>\n\t\t<\/a>\n\t\t\t\t<div class=\"elementor-post__text\">\n\t\t\t\t<h3 class=\"elementor-post__title\">\n\t\t\t<a href=\"https:\/\/medieproduktion.lnu.se\/kalmarkollen\/lokalt\/fbc-kalmarsund-gor-succeforvarv\/\" >\n\t\t\t\tFBC Kalmarsund g\u00f6r succ\u00e9f\u00f6rv\u00e4rv\t\t\t<\/a>\n\t\t<\/h3>\n\t\t\t\t<div class=\"elementor-post__meta-data\">\n\t\t\t\t\t<span class=\"elementor-post-author\">\n\t\t\tJosefine H\u00f6gne\t\t<\/span>\n\t\t\t\t<span class=\"elementor-post-date\">\n\t\t\t17 mars, 2021\t\t<\/span>\n\t\t\t\t<span class=\"elementor-post-time\">\n\t\t\t13:54\t\t<\/span>\n\t\t\t\t<\/div>\n\t\t\t\t<div class=\"elementor-post__excerpt\">\n\t\t\t<p>NOTIS. <a href=\"http:\/\/medieproduktion.lnu.se\/kalmarkollen\/lokalt\/fbc-kalmarsund-gor-succeforvarv\/\" \/>FBC Kalmarsund bekr\u00e4ftade idag att de har vunnit kampen om Sveriges mest eftertraktade 19-\u00e5ring, Tim Andersson Carlsson.<\/a><\/p>\n\t\t<\/div>\n\t\t\t\t<\/div>\n\t\t\t\t<\/article>\n\t\t\t\t<article class=\"elementor-post elementor-grid-item post-556 post type-post status-publish format-standard has-post-thumbnail hentry category-lokalt\" role=\"listitem\">\n\t\t\t\t<a class=\"elementor-post__thumbnail__link\" href=\"https:\/\/medieproduktion.lnu.se\/kalmarkollen\/lokalt\/denna-vecka-star-svartsjuka-bland-unga-i-fokus\/\" tabindex=\"-1\" >\n\t\t\t<div class=\"elementor-post__thumbnail\"><img loading=\"lazy\" decoding=\"async\" width=\"300\" height=\"225\" src=\"https:\/\/medieproduktion.lnu.se\/kalmarkollen\/wp-content\/uploads\/sites\/522\/2021\/03\/christian-erfurt-sxQz2VfoFBE-unsplash-300x225.jpg\" class=\"attachment-medium size-medium wp-image-558\" alt=\"Ung kille med h\u00e4nderna framf\u00f6r ansiktet.\" srcset=\"https:\/\/medieproduktion.lnu.se\/kalmarkollen\/wp-content\/uploads\/sites\/522\/2021\/03\/christian-erfurt-sxQz2VfoFBE-unsplash-300x225.jpg 300w, https:\/\/medieproduktion.lnu.se\/kalmarkollen\/wp-content\/uploads\/sites\/522\/2021\/03\/christian-erfurt-sxQz2VfoFBE-unsplash-768x576.jpg 768w, https:\/\/medieproduktion.lnu.se\/kalmarkollen\/wp-content\/uploads\/sites\/522\/2021\/03\/christian-erfurt-sxQz2VfoFBE-unsplash-1024x768.jpg 1024w\" sizes=\"(max-width: 300px) 100vw, 300px\" \/><\/div>\n\t\t<\/a>\n\t\t\t\t<div class=\"elementor-post__text\">\n\t\t\t\t<h3 class=\"elementor-post__title\">\n\t\t\t<a href=\"https:\/\/medieproduktion.lnu.se\/kalmarkollen\/lokalt\/denna-vecka-star-svartsjuka-bland-unga-i-fokus\/\" >\n\t\t\t\tTemavecka med fokus p\u00e5 svartsjuka i unga relationer\t\t\t<\/a>\n\t\t<\/h3>\n\t\t\t\t<div class=\"elementor-post__meta-data\">\n\t\t\t\t\t<span class=\"elementor-post-author\">\n\t\t\tEvelina Milerud\t\t<\/span>\n\t\t\t\t<span class=\"elementor-post-date\">\n\t\t\t17 mars, 2021\t\t<\/span>\n\t\t\t\t<span class=\"elementor-post-time\">\n\t\t\t14:40\t\t<\/span>\n\t\t\t\t<\/div>\n\t\t\t\t<div class=\"elementor-post__excerpt\">\n\t\t\t<p>KALMAR. <a href=\"den-har-veckan-star-svartsjuka-bland-unga-i-fokus-i\/\">Denna vecka arbetar Kalmar Kommun med Ung Kalmar aktiviteter mot v\u00e5ldsam svartsjuka bland unga.<\/a><\/p>\n\t\t<\/div>\n\t\t\t\t<\/div>\n\t\t\t\t<\/article>\n\t\t\t\t<article class=\"elementor-post elementor-grid-item post-596 post type-post status-publish format-standard has-post-thumbnail hentry category-lokalt\" role=\"listitem\">\n\t\t\t\t<a class=\"elementor-post__thumbnail__link\" href=\"https:\/\/medieproduktion.lnu.se\/kalmarkollen\/lokalt\/vaccinet-astra-zeneca-pausas-i-hela-sverige\/\" tabindex=\"-1\" >\n\t\t\t<div class=\"elementor-post__thumbnail\"><img loading=\"lazy\" decoding=\"async\" width=\"300\" height=\"200\" src=\"https:\/\/medieproduktion.lnu.se\/kalmarkollen\/wp-content\/uploads\/sites\/522\/2021\/03\/Vaccin205-2_klar-300x200.jpg\" class=\"attachment-medium size-medium wp-image-631\" alt=\"Bild p\u00e5 ett vaccin\" srcset=\"https:\/\/medieproduktion.lnu.se\/kalmarkollen\/wp-content\/uploads\/sites\/522\/2021\/03\/Vaccin205-2_klar-300x200.jpg 300w, https:\/\/medieproduktion.lnu.se\/kalmarkollen\/wp-content\/uploads\/sites\/522\/2021\/03\/Vaccin205-2_klar-768x512.jpg 768w, https:\/\/medieproduktion.lnu.se\/kalmarkollen\/wp-content\/uploads\/sites\/522\/2021\/03\/Vaccin205-2_klar.jpg 800w\" sizes=\"(max-width: 300px) 100vw, 300px\" \/><\/div>\n\t\t<\/a>\n\t\t\t\t<div class=\"elementor-post__text\">\n\t\t\t\t<h3 class=\"elementor-post__title\">\n\t\t\t<a href=\"https:\/\/medieproduktion.lnu.se\/kalmarkollen\/lokalt\/vaccinet-astra-zeneca-pausas-i-hela-sverige\/\" >\n\t\t\t\tVaccinet Astra Zeneca pausas i hela Sverige\t\t\t<\/a>\n\t\t<\/h3>\n\t\t\t\t<div class=\"elementor-post__meta-data\">\n\t\t\t\t\t<span class=\"elementor-post-author\">\n\t\t\tErica Johansson\t\t<\/span>\n\t\t\t\t<span class=\"elementor-post-date\">\n\t\t\t18 mars, 2021\t\t<\/span>\n\t\t\t\t<span class=\"elementor-post-time\">\n\t\t\t11:19\t\t<\/span>\n\t\t\t\t<\/div>\n\t\t\t\t<div class=\"elementor-post__excerpt\">\n\t\t\t<p>KALMAR. <a href=\"http:\/\/medieproduktion.lnu.se\/kalmarkollen\/?p=596&amp;preview=true\">Vaccin s\u00e4tts p\u00e5 paus, vilken kan komma att p\u00e5verka regionen. <\/a><\/p>\n\t\t<\/div>\n\t\t\t\t<\/div>\n\t\t\t\t<\/article>\n\t\t\t\t<article class=\"elementor-post elementor-grid-item post-673 post type-post status-publish format-standard has-post-thumbnail hentry category-lokalt\" role=\"listitem\">\n\t\t\t\t<a class=\"elementor-post__thumbnail__link\" href=\"https:\/\/medieproduktion.lnu.se\/kalmarkollen\/lokalt\/festivalen-live-at-heart-southeast-avslutar-eu-projektet-ines-for-i-ar\/\" tabindex=\"-1\" >\n\t\t\t<div class=\"elementor-post__thumbnail\"><img loading=\"lazy\" decoding=\"async\" width=\"300\" height=\"251\" src=\"https:\/\/medieproduktion.lnu.se\/kalmarkollen\/wp-content\/uploads\/sites\/522\/2021\/03\/IMG_5690-300x251.jpg\" class=\"attachment-medium size-medium wp-image-675\" alt=\"Fr v\u00e4nster: Bo Nikolausson. Sara Westberg.\" srcset=\"https:\/\/medieproduktion.lnu.se\/kalmarkollen\/wp-content\/uploads\/sites\/522\/2021\/03\/IMG_5690-300x251.jpg 300w, https:\/\/medieproduktion.lnu.se\/kalmarkollen\/wp-content\/uploads\/sites\/522\/2021\/03\/IMG_5690-768x642.jpg 768w, https:\/\/medieproduktion.lnu.se\/kalmarkollen\/wp-content\/uploads\/sites\/522\/2021\/03\/IMG_5690.jpg 800w\" sizes=\"(max-width: 300px) 100vw, 300px\" \/><\/div>\n\t\t<\/a>\n\t\t\t\t<div class=\"elementor-post__text\">\n\t\t\t\t<h3 class=\"elementor-post__title\">\n\t\t\t<a href=\"https:\/\/medieproduktion.lnu.se\/kalmarkollen\/lokalt\/festivalen-live-at-heart-southeast-avslutar-eu-projektet-ines-for-i-ar\/\" >\n\t\t\t\tNya Kalmar festivalen Live At Heart Southeast ing\u00e5r i EU-projektet INES\t\t\t<\/a>\n\t\t<\/h3>\n\t\t\t\t<div class=\"elementor-post__meta-data\">\n\t\t\t\t\t<span class=\"elementor-post-author\">\n\t\t\tMaja Berg\t\t<\/span>\n\t\t\t\t<span class=\"elementor-post-date\">\n\t\t\t18 mars, 2021\t\t<\/span>\n\t\t\t\t<span class=\"elementor-post-time\">\n\t\t\t14:34\t\t<\/span>\n\t\t\t\t<\/div>\n\t\t\t\t<div class=\"elementor-post__excerpt\">\n\t\t\t<p>KALMAR.<a href=\"\/\/medieproduktion.lnu.se\/kalmarkollen\/lokalt\/festivalen-live-at-heart-southeast-avslutar-eu-projektet-ines-for-i-ar\/\"> L\u00e4s om den nya festivalen i Kalmar l\u00e4n.<\/a> <\/p>\n\t\t<\/div>\n\t\t\t\t<\/div>\n\t\t\t\t<\/article>\n\t\t\t\t<article class=\"elementor-post elementor-grid-item post-712 post type-post status-publish format-standard has-post-thumbnail hentry category-lokalt\" role=\"listitem\">\n\t\t\t\t<a class=\"elementor-post__thumbnail__link\" href=\"https:\/\/medieproduktion.lnu.se\/kalmarkollen\/lokalt\/kalmars-idrottsforeningar-fatt-atta-miljoner-i-coronastod\/\" tabindex=\"-1\" >\n\t\t\t<div class=\"elementor-post__thumbnail\"><img loading=\"lazy\" decoding=\"async\" width=\"300\" height=\"198\" src=\"https:\/\/medieproduktion.lnu.se\/kalmarkollen\/wp-content\/uploads\/sites\/522\/2021\/03\/pexels-andrea-piacquadio-3756042-300x198.jpg\" class=\"attachment-medium size-medium wp-image-736\" alt=\"Man ser ett par f\u00f6tter i en sporthall som ska springa fram\u00e5t.\" srcset=\"https:\/\/medieproduktion.lnu.se\/kalmarkollen\/wp-content\/uploads\/sites\/522\/2021\/03\/pexels-andrea-piacquadio-3756042-300x198.jpg 300w, https:\/\/medieproduktion.lnu.se\/kalmarkollen\/wp-content\/uploads\/sites\/522\/2021\/03\/pexels-andrea-piacquadio-3756042-768x506.jpg 768w, https:\/\/medieproduktion.lnu.se\/kalmarkollen\/wp-content\/uploads\/sites\/522\/2021\/03\/pexels-andrea-piacquadio-3756042-1024x675.jpg 1024w\" sizes=\"(max-width: 300px) 100vw, 300px\" \/><\/div>\n\t\t<\/a>\n\t\t\t\t<div class=\"elementor-post__text\">\n\t\t\t\t<h3 class=\"elementor-post__title\">\n\t\t\t<a href=\"https:\/\/medieproduktion.lnu.se\/kalmarkollen\/lokalt\/kalmars-idrottsforeningar-fatt-atta-miljoner-i-coronastod\/\" >\n\t\t\t\tKalmars idrottsf\u00f6reningar f\u00e5tt \u00e5tta miljoner i coronast\u00f6d\t\t\t<\/a>\n\t\t<\/h3>\n\t\t\t\t<div class=\"elementor-post__meta-data\">\n\t\t\t\t\t<span class=\"elementor-post-author\">\n\t\t\tFilippa Lundberg Blixt\t\t<\/span>\n\t\t\t\t<span class=\"elementor-post-date\">\n\t\t\t22 mars, 2021\t\t<\/span>\n\t\t\t\t<span class=\"elementor-post-time\">\n\t\t\t08:34\t\t<\/span>\n\t\t\t\t<\/div>\n\t\t\t\t<div class=\"elementor-post__excerpt\">\n\t\t\t<p>KALMAR. <a href=\"http:\/\/medieproduktion.lnu.se\/kalmarkollen\/lokalt\/kalmars-idrottsforeningar-fatt-atta-miljoner-i-coronastod\" \/> Kalmars idrottsf\u00f6reningar har f\u00e5tt drygt \u00e5tta miljoner kronor under 2020 som ett s\u00e4rskilt coronast\u00f6d.<\/a><\/p>\n\t\t<\/div>\n\t\t\t\t<\/div>\n\t\t\t\t<\/article>\n\t\t\t\t<article class=\"elementor-post elementor-grid-item post-890 post type-post status-publish format-standard has-post-thumbnail hentry category-reportage\" role=\"listitem\">\n\t\t\t\t<a class=\"elementor-post__thumbnail__link\" href=\"https:\/\/medieproduktion.lnu.se\/kalmarkollen\/reportage\/att-leva-med-en-kronisk-sjukdom\/\" tabindex=\"-1\" >\n\t\t\t<div class=\"elementor-post__thumbnail\"><img loading=\"lazy\" decoding=\"async\" width=\"300\" height=\"298\" src=\"https:\/\/medieproduktion.lnu.se\/kalmarkollen\/wp-content\/uploads\/sites\/522\/2021\/03\/hanna_puffbild-300x298.jpg\" class=\"attachment-medium size-medium wp-image-927\" alt=\"Hanna h\u00e5ller i en lapp - en av tio\" srcset=\"https:\/\/medieproduktion.lnu.se\/kalmarkollen\/wp-content\/uploads\/sites\/522\/2021\/03\/hanna_puffbild-300x298.jpg 300w, https:\/\/medieproduktion.lnu.se\/kalmarkollen\/wp-content\/uploads\/sites\/522\/2021\/03\/hanna_puffbild-150x150.jpg 150w, https:\/\/medieproduktion.lnu.se\/kalmarkollen\/wp-content\/uploads\/sites\/522\/2021\/03\/hanna_puffbild.jpg 700w\" sizes=\"(max-width: 300px) 100vw, 300px\" \/><\/div>\n\t\t<\/a>\n\t\t\t\t<div class=\"elementor-post__text\">\n\t\t\t\t<h3 class=\"elementor-post__title\">\n\t\t\t<a href=\"https:\/\/medieproduktion.lnu.se\/kalmarkollen\/reportage\/att-leva-med-en-kronisk-sjukdom\/\" >\n\t\t\t\tAtt leva med en kronisk sjukdom\t\t\t<\/a>\n\t\t<\/h3>\n\t\t\t\t<div class=\"elementor-post__meta-data\">\n\t\t\t\t\t<span class=\"elementor-post-author\">\n\t\t\tErica Johansson\t\t<\/span>\n\t\t\t\t<span class=\"elementor-post-date\">\n\t\t\t23 mars, 2021\t\t<\/span>\n\t\t\t\t<span class=\"elementor-post-time\">\n\t\t\t13:43\t\t<\/span>\n\t\t\t\t<\/div>\n\t\t\t\t<div class=\"elementor-post__excerpt\">\n\t\t\t<p>PERSONPORTR\u00c4TT. <a href=\"http:\/\/medieproduktion.lnu.se\/kalmarkollen\/?p=890&amp;preview=true\">Mars m\u00e5nad \u00e4r endometriosm\u00e5naden, som b\u00f6r uppm\u00e4rksammas. L\u00e4s mer om Hannas kamp till en diagnos. <\/a><\/p>\n\t\t<\/div>\n\t\t\t\t<\/div>\n\t\t\t\t<\/article>\n\t\t\t\t<article class=\"elementor-post elementor-grid-item post-897 post type-post status-publish format-standard has-post-thumbnail hentry category-webb-tv\" role=\"listitem\">\n\t\t\t\t<a class=\"elementor-post__thumbnail__link\" href=\"https:\/\/medieproduktion.lnu.se\/kalmarkollen\/webb-tv\/snart-invigs-den-nya-gasthamnen-slottskajen\/\" tabindex=\"-1\" >\n\t\t\t<div class=\"elementor-post__thumbnail\"><img loading=\"lazy\" decoding=\"async\" width=\"300\" height=\"167\" src=\"https:\/\/medieproduktion.lnu.se\/kalmarkollen\/wp-content\/uploads\/sites\/522\/2021\/03\/Ska\u0308rmavbild-2021-03-23-kl.-11.33.04-300x167.png\" class=\"attachment-medium size-medium wp-image-909\" alt=\"\u00c5ke Andersson, VD p\u00e5 Destination Kalmar\" srcset=\"https:\/\/medieproduktion.lnu.se\/kalmarkollen\/wp-content\/uploads\/sites\/522\/2021\/03\/Ska\u0308rmavbild-2021-03-23-kl.-11.33.04-300x167.png 300w, https:\/\/medieproduktion.lnu.se\/kalmarkollen\/wp-content\/uploads\/sites\/522\/2021\/03\/Ska\u0308rmavbild-2021-03-23-kl.-11.33.04.png 506w\" sizes=\"(max-width: 300px) 100vw, 300px\" \/><\/div>\n\t\t<\/a>\n\t\t\t\t<div class=\"elementor-post__text\">\n\t\t\t\t<h3 class=\"elementor-post__title\">\n\t\t\t<a href=\"https:\/\/medieproduktion.lnu.se\/kalmarkollen\/webb-tv\/snart-invigs-den-nya-gasthamnen-slottskajen\/\" >\n\t\t\t\tSnart invigs den nya g\u00e4sthamnen Slottsfj\u00e4rden\t\t\t<\/a>\n\t\t<\/h3>\n\t\t\t\t<div class=\"elementor-post__meta-data\">\n\t\t\t\t\t<span class=\"elementor-post-author\">\n\t\t\tEvelina Milerud\t\t<\/span>\n\t\t\t\t<span class=\"elementor-post-date\">\n\t\t\t23 mars, 2021\t\t<\/span>\n\t\t\t\t<span class=\"elementor-post-time\">\n\t\t\t11:32\t\t<\/span>\n\t\t\t\t<\/div>\n\t\t\t\t<div class=\"elementor-post__excerpt\">\n\t\t\t<p>WEBB-TV. <a href=\"http:\/\/medieproduktion.lnu.se\/kalmarkollen\/webb-tv\/snart-invigs-den-nya-gasthamnen-slottskajen\/\">Med utsikt \u00f6ver slottet ska snart den nya g\u00e4stbryggan invigas.<\/a><\/p>\n\t\t<\/div>\n\t\t\t\t<\/div>\n\t\t\t\t<\/article>\n\t\t\t\t<article class=\"elementor-post elementor-grid-item post-1021 post type-post status-publish format-standard has-post-thumbnail hentry category-webb-tv\" role=\"listitem\">\n\t\t\t\t<a class=\"elementor-post__thumbnail__link\" href=\"https:\/\/medieproduktion.lnu.se\/kalmarkollen\/webb-tv\/webb-tv-vad-hander-i-kroppen-nar-du-vaccinerar-dig\/\" tabindex=\"-1\" >\n\t\t\t<div class=\"elementor-post__thumbnail\"><img loading=\"lazy\" decoding=\"async\" width=\"300\" height=\"200\" src=\"https:\/\/medieproduktion.lnu.se\/kalmarkollen\/wp-content\/uploads\/sites\/522\/2021\/03\/ivan-diaz-_ts3NfjvaXo-unsplash-300x200.jpg\" class=\"attachment-medium size-medium wp-image-1032\" alt=\"Man ser en vaccinspruta och en lila liten boll.\" srcset=\"https:\/\/medieproduktion.lnu.se\/kalmarkollen\/wp-content\/uploads\/sites\/522\/2021\/03\/ivan-diaz-_ts3NfjvaXo-unsplash-300x200.jpg 300w, https:\/\/medieproduktion.lnu.se\/kalmarkollen\/wp-content\/uploads\/sites\/522\/2021\/03\/ivan-diaz-_ts3NfjvaXo-unsplash-768x512.jpg 768w, https:\/\/medieproduktion.lnu.se\/kalmarkollen\/wp-content\/uploads\/sites\/522\/2021\/03\/ivan-diaz-_ts3NfjvaXo-unsplash-1024x683.jpg 1024w\" sizes=\"(max-width: 300px) 100vw, 300px\" \/><\/div>\n\t\t<\/a>\n\t\t\t\t<div class=\"elementor-post__text\">\n\t\t\t\t<h3 class=\"elementor-post__title\">\n\t\t\t<a href=\"https:\/\/medieproduktion.lnu.se\/kalmarkollen\/webb-tv\/webb-tv-vad-hander-i-kroppen-nar-du-vaccinerar-dig\/\" >\n\t\t\t\tVad h\u00e4nder i kroppen n\u00e4r du vaccinerar dig?\t\t\t<\/a>\n\t\t<\/h3>\n\t\t\t\t<div class=\"elementor-post__meta-data\">\n\t\t\t\t\t<span class=\"elementor-post-author\">\n\t\t\tFilippa Lundberg Blixt\t\t<\/span>\n\t\t\t\t<span class=\"elementor-post-date\">\n\t\t\t24 mars, 2021\t\t<\/span>\n\t\t\t\t<span class=\"elementor-post-time\">\n\t\t\t13:01\t\t<\/span>\n\t\t\t\t<\/div>\n\t\t\t\t<div class=\"elementor-post__excerpt\">\n\t\t\t<p>WEBB-TV.<a href=\"http:\/\/medieproduktion.lnu.se\/kalmarkollen\/webb-tv\/webb-tv-vad-hander-i-kroppen-nar-du-vaccinerar-dig\"> V\u00e5r reporter Filippa f\u00f6rklarar vad som h\u00e4nder i din kropp n\u00e4r du vaccinerar dig.<\/a> <\/p>\n\t\t<\/div>\n\t\t\t\t<\/div>\n\t\t\t\t<\/article>\n\t\t\t\t<\/div>\n\t\t\n\t\t\t\t\t\t<\/div>\n\t\t\t\t<\/div>\n\t\t\t\t\t<\/div>\n\t\t<\/div>\n\t\t\t\t\t<\/div>\n\t\t<\/section>\n\t\t\t\t<\/div>\n\t\t","protected":false},"excerpt":{"rendered":"","protected":false},"author":423,"featured_media":0,"parent":0,"menu_order":0,"comment_status":"closed","ping_status":"closed","template":"","meta":{"_seopress_robots_primary_cat":"","_seopress_titles_title":"","_seopress_titles_desc":"","_seopress_robots_index":"","footnotes":""},"class_list":["post-77","page","type-page","status-publish","hentry"],"_links":{"self":[{"href":"https:\/\/medieproduktion.lnu.se\/kalmarkollen\/wp-json\/wp\/v2\/pages\/77","targetHints":{"allow":["GET"]}}],"collection":[{"href":"https:\/\/medieproduktion.lnu.se\/kalmarkollen\/wp-json\/wp\/v2\/pages"}],"about":[{"href":"https:\/\/medieproduktion.lnu.se\/kalmarkollen\/wp-json\/wp\/v2\/types\/page"}],"author":[{"embeddable":true,"href":"https:\/\/medieproduktion.lnu.se\/kalmarkollen\/wp-json\/wp\/v2\/users\/423"}],"replies":[{"embeddable":true,"href":"https:\/\/medieproduktion.lnu.se\/kalmarkollen\/wp-json\/wp\/v2\/comments?post=77"}],"version-history":[{"count":82,"href":"https:\/\/medieproduktion.lnu.se\/kalmarkollen\/wp-json\/wp\/v2\/pages\/77\/revisions"}],"predecessor-version":[{"id":1428,"href":"https:\/\/medieproduktion.lnu.se\/kalmarkollen\/wp-json\/wp\/v2\/pages\/77\/revisions\/1428"}],"wp:attachment":[{"href":"https:\/\/medieproduktion.lnu.se\/kalmarkollen\/wp-json\/wp\/v2\/media?parent=77"}],"curies":[{"name":"wp","href":"https:\/\/api.w.org\/{rel}","templated":true}]}}