{"id":295,"date":"2021-03-11T11:08:00","date_gmt":"2021-03-11T10:08:00","guid":{"rendered":"http:\/\/medieproduktion.lnu.se\/kalmarkollen\/?page_id=295"},"modified":"2021-03-26T10:42:12","modified_gmt":"2021-03-26T09:42:12","slug":"kronikor","status":"publish","type":"page","link":"https:\/\/medieproduktion.lnu.se\/kalmarkollen\/kronikor\/","title":{"rendered":"Kr\u00f6nikor"},"content":{"rendered":"\t\t<div data-elementor-type=\"wp-post\" data-elementor-id=\"295\" class=\"elementor elementor-295 elementor-bc-flex-widget\" data-elementor-post-type=\"page\">\n\t\t\t\t\t\t<section class=\"elementor-section elementor-top-section elementor-element elementor-element-83af405 elementor-section-boxed elementor-section-height-default elementor-section-height-default\" data-id=\"83af405\" data-element_type=\"section\">\n\t\t\t\t\t\t<div class=\"elementor-container elementor-column-gap-default\">\n\t\t\t\t\t<div class=\"elementor-column elementor-col-100 elementor-top-column elementor-element elementor-element-b1f84ee\" data-id=\"b1f84ee\" data-element_type=\"column\">\n\t\t\t<div class=\"elementor-widget-wrap elementor-element-populated\">\n\t\t\t\t\t\t<div class=\"elementor-element elementor-element-0303aef elementor-grid-2 elementor-grid-tablet-2 elementor-grid-mobile-1 elementor-posts--thumbnail-top elementor-widget elementor-widget-posts\" data-id=\"0303aef\" data-element_type=\"widget\" data-settings=\"{&quot;classic_columns&quot;:&quot;2&quot;,&quot;classic_columns_tablet&quot;:&quot;2&quot;,&quot;classic_columns_mobile&quot;:&quot;1&quot;,&quot;classic_row_gap&quot;:{&quot;unit&quot;:&quot;px&quot;,&quot;size&quot;:35,&quot;sizes&quot;:[]},&quot;classic_row_gap_tablet&quot;:{&quot;unit&quot;:&quot;px&quot;,&quot;size&quot;:&quot;&quot;,&quot;sizes&quot;:[]},&quot;classic_row_gap_mobile&quot;:{&quot;unit&quot;:&quot;px&quot;,&quot;size&quot;:&quot;&quot;,&quot;sizes&quot;:[]}}\" data-widget_type=\"posts.classic\">\n\t\t\t\t<div class=\"elementor-widget-container\">\n\t\t\t\t\t\t\t<div class=\"elementor-posts-container elementor-posts elementor-posts--skin-classic elementor-grid\" role=\"list\">\n\t\t\t\t<article class=\"elementor-post elementor-grid-item post-1066 post type-post status-publish format-standard has-post-thumbnail hentry category-feature category-kronikor\" role=\"listitem\">\n\t\t\t\t<a class=\"elementor-post__thumbnail__link\" href=\"https:\/\/medieproduktion.lnu.se\/kalmarkollen\/feature\/nar-min-syster-blev-gravid-blev-jag-en-mamma\/\" tabindex=\"-1\" >\n\t\t\t<div class=\"elementor-post__thumbnail\"><img decoding=\"async\" width=\"300\" height=\"156\" src=\"https:\/\/medieproduktion.lnu.se\/kalmarkollen\/wp-content\/uploads\/sites\/522\/2021\/03\/kronika-300x156.jpg\" class=\"attachment-medium size-medium wp-image-1117\" alt=\"Fr v\u00e4nster: Majas redaktionsbild. Tv\u00e5 barn som h\u00e5ller om varandra.\" srcset=\"https:\/\/medieproduktion.lnu.se\/kalmarkollen\/wp-content\/uploads\/sites\/522\/2021\/03\/kronika-300x156.jpg 300w, https:\/\/medieproduktion.lnu.se\/kalmarkollen\/wp-content\/uploads\/sites\/522\/2021\/03\/kronika-768x400.jpg 768w, https:\/\/medieproduktion.lnu.se\/kalmarkollen\/wp-content\/uploads\/sites\/522\/2021\/03\/kronika.jpg 800w\" sizes=\"(max-width: 300px) 100vw, 300px\" \/><\/div>\n\t\t<\/a>\n\t\t\t\t<div class=\"elementor-post__text\">\n\t\t\t\t<h3 class=\"elementor-post__title\">\n\t\t\t<a href=\"https:\/\/medieproduktion.lnu.se\/kalmarkollen\/feature\/nar-min-syster-blev-gravid-blev-jag-en-mamma\/\" >\n\t\t\t\tN\u00e4r min syster blev gravid blev jag en mamma\t\t\t<\/a>\n\t\t<\/h3>\n\t\t\t\t<div class=\"elementor-post__meta-data\">\n\t\t\t\t\t<span class=\"elementor-post-author\">\n\t\t\tMaja Berg\t\t<\/span>\n\t\t\t\t<span class=\"elementor-post-date\">\n\t\t\t24 mars, 2021\t\t<\/span>\n\t\t\t\t<span class=\"elementor-post-time\">\n\t\t\t14:55\t\t<\/span>\n\t\t\t\t<\/div>\n\t\t\t\t<div class=\"elementor-post__excerpt\">\n\t\t\t<p>KR\u00d6NIKA.<a href=\"http:\/\/medieproduktion.lnu.se\/kalmarkollen\/kronikor\/nar-min-syster-blev-gravid-blev-jag-en-mamma\"> Mina syskonbarn f\u00f6r\u00e4ndrade mitt liv.<\/a><\/p>\n\t\t<\/div>\n\t\t\t\t<\/div>\n\t\t\t\t<\/article>\n\t\t\t\t<article class=\"elementor-post elementor-grid-item post-742 post type-post status-publish format-standard has-post-thumbnail hentry category-feature category-kronikor\" role=\"listitem\">\n\t\t\t\t<a class=\"elementor-post__thumbnail__link\" href=\"https:\/\/medieproduktion.lnu.se\/kalmarkollen\/feature\/mod-ar-att-ga-av-scenen-for-att-prioritera-sin-halsa\/\" tabindex=\"-1\" >\n\t\t\t<div class=\"elementor-post__thumbnail\"><img fetchpriority=\"high\" decoding=\"async\" width=\"300\" height=\"170\" src=\"https:\/\/medieproduktion.lnu.se\/kalmarkollen\/wp-content\/uploads\/sites\/522\/2021\/03\/ElwinJoss-300x170.png\" class=\"attachment-medium size-medium wp-image-1358\" alt=\"Elwin Heikkinen sitter p\u00e5 Talang-scenen efter att ha f\u00e5tt en direktbiljett till finalen.\" srcset=\"https:\/\/medieproduktion.lnu.se\/kalmarkollen\/wp-content\/uploads\/sites\/522\/2021\/03\/ElwinJoss-300x170.png 300w, https:\/\/medieproduktion.lnu.se\/kalmarkollen\/wp-content\/uploads\/sites\/522\/2021\/03\/ElwinJoss-768x435.png 768w, https:\/\/medieproduktion.lnu.se\/kalmarkollen\/wp-content\/uploads\/sites\/522\/2021\/03\/ElwinJoss.png 800w\" sizes=\"(max-width: 300px) 100vw, 300px\" \/><\/div>\n\t\t<\/a>\n\t\t\t\t<div class=\"elementor-post__text\">\n\t\t\t\t<h3 class=\"elementor-post__title\">\n\t\t\t<a href=\"https:\/\/medieproduktion.lnu.se\/kalmarkollen\/feature\/mod-ar-att-ga-av-scenen-for-att-prioritera-sin-halsa\/\" >\n\t\t\t\tMod \u00e4r att g\u00e5 av den stora scenen f\u00f6r att prioritera n\u00e5got st\u00f6rre &#8211; sig sj\u00e4lv\t\t\t<\/a>\n\t\t<\/h3>\n\t\t\t\t<div class=\"elementor-post__meta-data\">\n\t\t\t\t\t<span class=\"elementor-post-author\">\n\t\t\tJosefine H\u00f6gne\t\t<\/span>\n\t\t\t\t<span class=\"elementor-post-date\">\n\t\t\t22 mars, 2021\t\t<\/span>\n\t\t\t\t<span class=\"elementor-post-time\">\n\t\t\t16:40\t\t<\/span>\n\t\t\t\t<\/div>\n\t\t\t\t<div class=\"elementor-post__excerpt\">\n\t\t\t<p>KR\u00d6NIKA. <a href=\"http:\/\/medieproduktion.lnu.se\/kalmarkollen\/kronikor\/mod-ar-att-ga-av\/\">Josefine skriver om mod, s\u00e5rbarhet och sj\u00e4lvkritiska tankar. Om hur en finalist i Talang valde att inte g\u00e5 upp p\u00e5 scenen, men \u00e4nd\u00e5 \u00e4r en vinnare i hennes \u00f6gon.<\/a><\/p>\n\t\t<\/div>\n\t\t\t\t<\/div>\n\t\t\t\t<\/article>\n\t\t\t\t<article class=\"elementor-post elementor-grid-item post-760 post type-post status-publish format-standard has-post-thumbnail hentry category-kronikor\" role=\"listitem\">\n\t\t\t\t<a class=\"elementor-post__thumbnail__link\" href=\"https:\/\/medieproduktion.lnu.se\/kalmarkollen\/kronikor\/tankar-om-livet-efter-universitetet\/\" tabindex=\"-1\" >\n\t\t\t<div class=\"elementor-post__thumbnail\"><img decoding=\"async\" width=\"300\" height=\"156\" src=\"https:\/\/medieproduktion.lnu.se\/kalmarkollen\/wp-content\/uploads\/sites\/522\/2021\/03\/Sk\u00e4rmavbild-2021-03-22-kl.-11.26.59-300x156.png\" class=\"attachment-medium size-medium wp-image-763\" alt=\"Bildcollage: skribent och Linn\u00e9universitetet\" srcset=\"https:\/\/medieproduktion.lnu.se\/kalmarkollen\/wp-content\/uploads\/sites\/522\/2021\/03\/Sk\u00e4rmavbild-2021-03-22-kl.-11.26.59-300x156.png 300w, https:\/\/medieproduktion.lnu.se\/kalmarkollen\/wp-content\/uploads\/sites\/522\/2021\/03\/Sk\u00e4rmavbild-2021-03-22-kl.-11.26.59-768x398.png 768w, https:\/\/medieproduktion.lnu.se\/kalmarkollen\/wp-content\/uploads\/sites\/522\/2021\/03\/Sk\u00e4rmavbild-2021-03-22-kl.-11.26.59-1024x531.png 1024w\" sizes=\"(max-width: 300px) 100vw, 300px\" \/><\/div>\n\t\t<\/a>\n\t\t\t\t<div class=\"elementor-post__text\">\n\t\t\t\t<h3 class=\"elementor-post__title\">\n\t\t\t<a href=\"https:\/\/medieproduktion.lnu.se\/kalmarkollen\/kronikor\/tankar-om-livet-efter-universitetet\/\" >\n\t\t\t\tTankar om livet efter universitetet\t\t\t<\/a>\n\t\t<\/h3>\n\t\t\t\t<div class=\"elementor-post__meta-data\">\n\t\t\t\t\t<span class=\"elementor-post-author\">\n\t\t\tErica Johansson\t\t<\/span>\n\t\t\t\t<span class=\"elementor-post-date\">\n\t\t\t22 mars, 2021\t\t<\/span>\n\t\t\t\t<span class=\"elementor-post-time\">\n\t\t\t12:46\t\t<\/span>\n\t\t\t\t<\/div>\n\t\t\t\t<div class=\"elementor-post__excerpt\">\n\t\t\t<p>KR\u00d6NIKA. <a href=\"http:\/\/medieproduktion.lnu.se\/kalmarkollen\/kronikor\/tankar-om-livet-efter-universitetet\/\">KR\u00d6NIKA: Att studera klart och b\u00f6rja ett nytt liv kan skapa mycket tankar och funderingar. Vad ska jag g\u00f6ra nu, och vart ska jag ta v\u00e4gen?<\/a><\/p>\n\t\t<\/div>\n\t\t\t\t<\/div>\n\t\t\t\t<\/article>\n\t\t\t\t<article class=\"elementor-post elementor-grid-item post-471 post type-post status-publish format-standard has-post-thumbnail hentry category-feature category-kronikor\" role=\"listitem\">\n\t\t\t\t<a class=\"elementor-post__thumbnail__link\" href=\"https:\/\/medieproduktion.lnu.se\/kalmarkollen\/feature\/pandemin-har-forvandlat-mig-till-en-24-arig-pensionar\/\" tabindex=\"-1\" >\n\t\t\t<div class=\"elementor-post__thumbnail\"><img loading=\"lazy\" decoding=\"async\" width=\"300\" height=\"151\" src=\"https:\/\/medieproduktion.lnu.se\/kalmarkollen\/wp-content\/uploads\/sites\/522\/2021\/03\/Ska\u0308rmavbild-2021-03-17-kl.-10.29.31-300x151.png\" class=\"attachment-medium size-medium wp-image-481\" alt=\"Tv\u00e5 \u00e4ldre som promenerar p\u00e5 en v\u00e4g och en bild p\u00e5 sidan av kr\u00f6nik\u00f6ren Evelina.\" srcset=\"https:\/\/medieproduktion.lnu.se\/kalmarkollen\/wp-content\/uploads\/sites\/522\/2021\/03\/Ska\u0308rmavbild-2021-03-17-kl.-10.29.31-300x151.png 300w, https:\/\/medieproduktion.lnu.se\/kalmarkollen\/wp-content\/uploads\/sites\/522\/2021\/03\/Ska\u0308rmavbild-2021-03-17-kl.-10.29.31-768x388.png 768w, https:\/\/medieproduktion.lnu.se\/kalmarkollen\/wp-content\/uploads\/sites\/522\/2021\/03\/Ska\u0308rmavbild-2021-03-17-kl.-10.29.31.png 870w\" sizes=\"(max-width: 300px) 100vw, 300px\" \/><\/div>\n\t\t<\/a>\n\t\t\t\t<div class=\"elementor-post__text\">\n\t\t\t\t<h3 class=\"elementor-post__title\">\n\t\t\t<a href=\"https:\/\/medieproduktion.lnu.se\/kalmarkollen\/feature\/pandemin-har-forvandlat-mig-till-en-24-arig-pensionar\/\" >\n\t\t\t\tPandemin har f\u00f6rvandlat mig till en 24-\u00e5rig pension\u00e4r\t\t\t<\/a>\n\t\t<\/h3>\n\t\t\t\t<div class=\"elementor-post__meta-data\">\n\t\t\t\t\t<span class=\"elementor-post-author\">\n\t\t\tEvelina Milerud\t\t<\/span>\n\t\t\t\t<span class=\"elementor-post-date\">\n\t\t\t17 mars, 2021\t\t<\/span>\n\t\t\t\t<span class=\"elementor-post-time\">\n\t\t\t10:45\t\t<\/span>\n\t\t\t\t<\/div>\n\t\t\t\t<div class=\"elementor-post__excerpt\">\n\t\t\t<p>KR\u00d6NIKA. <a href=\"http:\/\/medieproduktion.lnu.se\/kalmarkollen\/okategoriserade\/pandemin-har-for\u20264-arig-pensionar\/\"> Livet i pandemins sp\u00e5r har, p\u00e5 bara ett \u00e5r, f\u00e5tt mig att g\u00e5 fr\u00e5n vilt festande student till pension\u00e4r.<\/a><\/p>\n\t\t<\/div>\n\t\t\t\t<\/div>\n\t\t\t\t<\/article>\n\t\t\t\t<article class=\"elementor-post elementor-grid-item post-333 post type-post status-publish format-standard has-post-thumbnail hentry category-feature category-kronikor\" role=\"listitem\">\n\t\t\t\t<a class=\"elementor-post__thumbnail__link\" href=\"https:\/\/medieproduktion.lnu.se\/kalmarkollen\/feature\/sluta-jamfora-oss-tvillingar\/\" tabindex=\"-1\" >\n\t\t\t<div class=\"elementor-post__thumbnail\"><img loading=\"lazy\" decoding=\"async\" width=\"300\" height=\"157\" src=\"https:\/\/medieproduktion.lnu.se\/kalmarkollen\/wp-content\/uploads\/sites\/522\/2021\/03\/Tvillingar-300x157.png\" class=\"attachment-medium size-medium wp-image-346\" alt=\"Ett bildcollage. En bild p\u00e5 Filippa i redaktionen och en bild p\u00e5 Filippa och hennes tvillingsyster som sm\u00e5 n\u00e4r de sitter i matchande kl\u00e4der.\" srcset=\"https:\/\/medieproduktion.lnu.se\/kalmarkollen\/wp-content\/uploads\/sites\/522\/2021\/03\/Tvillingar-300x157.png 300w, https:\/\/medieproduktion.lnu.se\/kalmarkollen\/wp-content\/uploads\/sites\/522\/2021\/03\/Tvillingar-768x402.png 768w, https:\/\/medieproduktion.lnu.se\/kalmarkollen\/wp-content\/uploads\/sites\/522\/2021\/03\/Tvillingar.png 879w\" sizes=\"(max-width: 300px) 100vw, 300px\" \/><\/div>\n\t\t<\/a>\n\t\t\t\t<div class=\"elementor-post__text\">\n\t\t\t\t<h3 class=\"elementor-post__title\">\n\t\t\t<a href=\"https:\/\/medieproduktion.lnu.se\/kalmarkollen\/feature\/sluta-jamfora-oss-tvillingar\/\" >\n\t\t\t\tSluta j\u00e4mf\u00f6ra oss tvillingar\t\t\t<\/a>\n\t\t<\/h3>\n\t\t\t\t<div class=\"elementor-post__meta-data\">\n\t\t\t\t\t<span class=\"elementor-post-author\">\n\t\t\tFilippa Lundberg Blixt\t\t<\/span>\n\t\t\t\t<span class=\"elementor-post-date\">\n\t\t\t16 mars, 2021\t\t<\/span>\n\t\t\t\t<span class=\"elementor-post-time\">\n\t\t\t09:58\t\t<\/span>\n\t\t\t\t<\/div>\n\t\t\t\t<div class=\"elementor-post__excerpt\">\n\t\t\t<p>KR\u00d6NIKA. <a href=\"http:\/\/medieproduktion.lnu.se\/kalmarkollen\/okategoriserade\/sluta-jamfora-oss-tvillingar\/\"> Filippa ber\u00e4ttar nackdelen med att vara tvilling. Att konstant bli j\u00e4mf\u00f6rda, \u00e4ven av l\u00e4rare.<\/a><\/p>\n\t\t<\/div>\n\t\t\t\t<\/div>\n\t\t\t\t<\/article>\n\t\t\t\t<\/div>\n\t\t\n\t\t\t\t\t\t<\/div>\n\t\t\t\t<\/div>\n\t\t\t\t\t<\/div>\n\t\t<\/div>\n\t\t\t\t\t<\/div>\n\t\t<\/section>\n\t\t\t\t<\/div>\n\t\t","protected":false},"excerpt":{"rendered":"","protected":false},"author":423,"featured_media":0,"parent":0,"menu_order":0,"comment_status":"closed","ping_status":"closed","template":"","meta":{"_seopress_robots_primary_cat":"","_seopress_titles_title":"","_seopress_titles_desc":"","_seopress_robots_index":"","footnotes":""},"class_list":["post-295","page","type-page","status-publish","hentry"],"_links":{"self":[{"href":"https:\/\/medieproduktion.lnu.se\/kalmarkollen\/wp-json\/wp\/v2\/pages\/295","targetHints":{"allow":["GET"]}}],"collection":[{"href":"https:\/\/medieproduktion.lnu.se\/kalmarkollen\/wp-json\/wp\/v2\/pages"}],"about":[{"href":"https:\/\/medieproduktion.lnu.se\/kalmarkollen\/wp-json\/wp\/v2\/types\/page"}],"author":[{"embeddable":true,"href":"https:\/\/medieproduktion.lnu.se\/kalmarkollen\/wp-json\/wp\/v2\/users\/423"}],"replies":[{"embeddable":true,"href":"https:\/\/medieproduktion.lnu.se\/kalmarkollen\/wp-json\/wp\/v2\/comments?post=295"}],"version-history":[{"count":14,"href":"https:\/\/medieproduktion.lnu.se\/kalmarkollen\/wp-json\/wp\/v2\/pages\/295\/revisions"}],"predecessor-version":[{"id":1344,"href":"https:\/\/medieproduktion.lnu.se\/kalmarkollen\/wp-json\/wp\/v2\/pages\/295\/revisions\/1344"}],"wp:attachment":[{"href":"https:\/\/medieproduktion.lnu.se\/kalmarkollen\/wp-json\/wp\/v2\/media?parent=295"}],"curies":[{"name":"wp","href":"https:\/\/api.w.org\/{rel}","templated":true}]}}