{"id":26,"date":"2021-03-09T11:10:29","date_gmt":"2021-03-09T10:10:29","guid":{"rendered":"http:\/\/medieproduktion.lnu.se\/kalmarkollen\/?page_id=26"},"modified":"2021-03-24T13:24:55","modified_gmt":"2021-03-24T12:24:55","slug":"redaktionen","status":"publish","type":"page","link":"https:\/\/medieproduktion.lnu.se\/kalmarkollen\/redaktionen\/","title":{"rendered":"Redaktionen"},"content":{"rendered":"\t\t<div data-elementor-type=\"wp-post\" data-elementor-id=\"26\" class=\"elementor elementor-26 elementor-bc-flex-widget\" data-elementor-post-type=\"page\">\n\t\t\t\t\t\t<section class=\"elementor-section elementor-top-section elementor-element elementor-element-137b5792 elementor-section-boxed elementor-section-height-default elementor-section-height-default\" data-id=\"137b5792\" data-element_type=\"section\">\n\t\t\t\t\t\t<div class=\"elementor-container elementor-column-gap-default\">\n\t\t\t\t\t<div class=\"elementor-column elementor-col-100 elementor-top-column elementor-element elementor-element-541f5a3b\" data-id=\"541f5a3b\" data-element_type=\"column\">\n\t\t\t<div class=\"elementor-widget-wrap elementor-element-populated\">\n\t\t\t\t\t\t<div class=\"elementor-element elementor-element-72b9501 elementor-widget elementor-widget-text-editor\" data-id=\"72b9501\" data-element_type=\"widget\" data-widget_type=\"text-editor.default\">\n\t\t\t\t<div class=\"elementor-widget-container\">\n\t\t\t\t\t\t\t\t\t<p style=\"text-align: center;\"><img fetchpriority=\"high\" decoding=\"async\" class=\"alignnone size-full wp-image-211\" src=\"http:\/\/medieproduktion.lnu.se\/kalmarkollen\/wp-content\/uploads\/sites\/522\/2021\/03\/K21_1388-1.jpg\" alt=\"\" width=\"800\" height=\"528\" srcset=\"https:\/\/medieproduktion.lnu.se\/kalmarkollen\/wp-content\/uploads\/sites\/522\/2021\/03\/K21_1388-1.jpg 800w, https:\/\/medieproduktion.lnu.se\/kalmarkollen\/wp-content\/uploads\/sites\/522\/2021\/03\/K21_1388-1-300x198.jpg 300w, https:\/\/medieproduktion.lnu.se\/kalmarkollen\/wp-content\/uploads\/sites\/522\/2021\/03\/K21_1388-1-768x507.jpg 768w\" sizes=\"(max-width: 800px) 100vw, 800px\" \/><span style=\"color: #000000;\"><em>Fr\u00e5n v\u00e4nster: Erica Johansson, Filippa Lundberg Blixt, Evelina Milerud, Maja Berg och Josefine H\u00f6gne.<\/em><\/span><\/p><p style=\"text-align: center;\"><span style=\"color: #000000;\">Vi \u00e4r fem studenter som l\u00e4ser journalistik och medieproduktion p\u00e5 Linn\u00e9universitetet i Kalmar. Under v\u00e5r nuvarande kurs Digital publicering s\u00e5 kommer vi att producera lokala nyheter fr\u00e5n Kalmar som dagligen kommer att l\u00e4ggas upp h\u00e4r p\u00e5 hemsidan. Vi kommer \u00e4ven att ha stort fokus p\u00e5 att f\u00f6rmedla v\u00e5ra nyheter via sociala medier, d\u00e5 v\u00e5r m\u00e5lgrupp \u00e4r unga vuxna. Men alla \u00e4r givetvis v\u00e4lkomna att ta del av v\u00e5ra senaste nyheter, sp\u00e4nnande reportage och kr\u00f6nikor. F\u00f6lj oss g\u00e4rna p\u00e5 v\u00e5ra sociala medier,<span style=\"color: #dd9b59;\">\u00a0<\/span><span style=\"color: #dd5b59;\"><span style=\"color: #dd9b59;\"><a style=\"color: #dd9b59;\" href=\"https:\/\/twitter.com\/kalmarkollen1\" target=\"_blank\" rel=\"noopener\">Twitter<\/a><\/span>\u00a0<\/span>och\u00a0<span style=\"color: #dd9b59;\"><a style=\"color: #dd9b59;\" href=\"https:\/\/www.instagram.com\/kalmarkollen\/\" target=\"_blank\" rel=\"noopener\">Instagram.<\/a><\/span>\u00a0<\/span><\/p><p style=\"text-align: center;\"><span style=\"color: #000000;\">Om ni har n\u00e5got tips p\u00e5 nyhet till oss p\u00e5 redaktionen maila: <span style=\"color: #dd9b59;\"><a style=\"color: #dd9b59;\" href=\"mailto:kalmarkollen@gmail.com\">kalmarkollen@gmail.com.<\/a><\/span><\/span><\/p><p style=\"text-align: center;\"><span style=\"color: #000000;\">Kom ih\u00e5g &#8211; f\u00f6r att h\u00e5lla koll p\u00e5 Kalmar, h\u00e5ll koll p\u00e5 oss!<\/span><\/p>\t\t\t\t\t\t\t\t<\/div>\n\t\t\t\t<\/div>\n\t\t\t\t\t<\/div>\n\t\t<\/div>\n\t\t\t\t\t<\/div>\n\t\t<\/section>\n\t\t\t\t<section class=\"elementor-section elementor-top-section elementor-element elementor-element-999bf1e elementor-section-content-bottom elementor-section-boxed elementor-section-height-default elementor-section-height-default\" data-id=\"999bf1e\" data-element_type=\"section\" data-settings=\"{&quot;background_background&quot;:&quot;classic&quot;}\">\n\t\t\t\t\t\t<div class=\"elementor-container elementor-column-gap-default\">\n\t\t\t\t\t<div class=\"elementor-column elementor-col-100 elementor-top-column elementor-element elementor-element-ea750e9\" data-id=\"ea750e9\" data-element_type=\"column\">\n\t\t\t<div class=\"elementor-widget-wrap elementor-element-populated\">\n\t\t\t\t\t\t<div class=\"elementor-element elementor-element-b91f739 elementor-widget elementor-widget-google_maps\" data-id=\"b91f739\" data-element_type=\"widget\" data-widget_type=\"google_maps.default\">\n\t\t\t\t<div class=\"elementor-widget-container\">\n\t\t\t\t\t\t\t<div class=\"elementor-custom-embed\">\n\t\t\t<iframe loading=\"lazy\"\n\t\t\t\t\tsrc=\"https:\/\/maps.google.com\/maps?q=Universitetskajen%20Kalmar&#038;t=m&#038;z=14&#038;output=embed&#038;iwloc=near\"\n\t\t\t\t\ttitle=\"Universitetskajen Kalmar\"\n\t\t\t\t\taria-label=\"Universitetskajen Kalmar\"\n\t\t\t><\/iframe>\n\t\t<\/div>\n\t\t\t\t\t\t<\/div>\n\t\t\t\t<\/div>\n\t\t\t\t\t<\/div>\n\t\t<\/div>\n\t\t\t\t\t<\/div>\n\t\t<\/section>\n\t\t\t\t<\/div>\n\t\t","protected":false},"excerpt":{"rendered":"<p>Fr\u00e5n v\u00e4nster: Erica Johansson, Filippa Lundberg Blixt, Evelina Milerud, Maja Berg och Josefine H\u00f6gne. Vi \u00e4r fem studenter som l\u00e4ser journalistik och medieproduktion p\u00e5 Linn\u00e9universitetet i Kalmar. Under v\u00e5r nuvarande kurs Digital publicering s\u00e5 kommer vi att producera lokala nyheter fr\u00e5n Kalmar som dagligen kommer att l\u00e4ggas upp h\u00e4r p\u00e5 hemsidan. Vi kommer \u00e4ven att &#8230; <a title=\"Redaktionen\" class=\"read-more\" href=\"https:\/\/medieproduktion.lnu.se\/kalmarkollen\/redaktionen\/\" aria-label=\"L\u00e4s mer om Redaktionen\">L\u00e4s mer<\/a><\/p>\n","protected":false},"author":363,"featured_media":0,"parent":0,"menu_order":0,"comment_status":"closed","ping_status":"closed","template":"","meta":{"_seopress_robots_primary_cat":"","_seopress_titles_title":"","_seopress_titles_desc":"","_seopress_robots_index":"","footnotes":""},"class_list":["post-26","page","type-page","status-publish"],"_links":{"self":[{"href":"https:\/\/medieproduktion.lnu.se\/kalmarkollen\/wp-json\/wp\/v2\/pages\/26","targetHints":{"allow":["GET"]}}],"collection":[{"href":"https:\/\/medieproduktion.lnu.se\/kalmarkollen\/wp-json\/wp\/v2\/pages"}],"about":[{"href":"https:\/\/medieproduktion.lnu.se\/kalmarkollen\/wp-json\/wp\/v2\/types\/page"}],"author":[{"embeddable":true,"href":"https:\/\/medieproduktion.lnu.se\/kalmarkollen\/wp-json\/wp\/v2\/users\/363"}],"replies":[{"embeddable":true,"href":"https:\/\/medieproduktion.lnu.se\/kalmarkollen\/wp-json\/wp\/v2\/comments?post=26"}],"version-history":[{"count":22,"href":"https:\/\/medieproduktion.lnu.se\/kalmarkollen\/wp-json\/wp\/v2\/pages\/26\/revisions"}],"predecessor-version":[{"id":1064,"href":"https:\/\/medieproduktion.lnu.se\/kalmarkollen\/wp-json\/wp\/v2\/pages\/26\/revisions\/1064"}],"wp:attachment":[{"href":"https:\/\/medieproduktion.lnu.se\/kalmarkollen\/wp-json\/wp\/v2\/media?parent=26"}],"curies":[{"name":"wp","href":"https:\/\/api.w.org\/{rel}","templated":true}]}}