{"id":253,"date":"2021-03-11T09:16:13","date_gmt":"2021-03-11T08:16:13","guid":{"rendered":"http:\/\/medieproduktion.lnu.se\/kalmarkollen\/?page_id=253"},"modified":"2021-03-26T08:56:13","modified_gmt":"2021-03-26T07:56:13","slug":"webb-tv-2","status":"publish","type":"page","link":"https:\/\/medieproduktion.lnu.se\/kalmarkollen\/webb-tv-2\/","title":{"rendered":"Webb-TV"},"content":{"rendered":"\t\t<div data-elementor-type=\"wp-post\" data-elementor-id=\"253\" class=\"elementor elementor-253 elementor-bc-flex-widget\" data-elementor-post-type=\"page\">\n\t\t\t\t\t\t<section class=\"elementor-section elementor-top-section elementor-element elementor-element-7049d8a elementor-section-boxed elementor-section-height-default elementor-section-height-default\" data-id=\"7049d8a\" data-element_type=\"section\">\n\t\t\t\t\t\t<div class=\"elementor-container elementor-column-gap-default\">\n\t\t\t\t\t<div class=\"elementor-column elementor-col-100 elementor-top-column elementor-element elementor-element-c07e659\" data-id=\"c07e659\" data-element_type=\"column\">\n\t\t\t<div class=\"elementor-widget-wrap elementor-element-populated\">\n\t\t\t\t\t\t<div class=\"elementor-element elementor-element-4778f8b elementor-grid-2 elementor-grid-tablet-2 elementor-grid-mobile-1 elementor-posts--thumbnail-top elementor-widget elementor-widget-posts\" data-id=\"4778f8b\" data-element_type=\"widget\" data-settings=\"{&quot;classic_columns&quot;:&quot;2&quot;,&quot;classic_columns_tablet&quot;:&quot;2&quot;,&quot;classic_columns_mobile&quot;:&quot;1&quot;,&quot;classic_row_gap&quot;:{&quot;unit&quot;:&quot;px&quot;,&quot;size&quot;:35,&quot;sizes&quot;:[]},&quot;classic_row_gap_tablet&quot;:{&quot;unit&quot;:&quot;px&quot;,&quot;size&quot;:&quot;&quot;,&quot;sizes&quot;:[]},&quot;classic_row_gap_mobile&quot;:{&quot;unit&quot;:&quot;px&quot;,&quot;size&quot;:&quot;&quot;,&quot;sizes&quot;:[]}}\" data-widget_type=\"posts.classic\">\n\t\t\t\t<div class=\"elementor-widget-container\">\n\t\t\t\t\t\t\t<div class=\"elementor-posts-container elementor-posts elementor-posts--skin-classic elementor-grid\" role=\"list\">\n\t\t\t\t<article class=\"elementor-post elementor-grid-item post-1220 post type-post status-publish format-standard has-post-thumbnail hentry category-toppnyhet-1 category-webb-tv\" role=\"listitem\">\n\t\t\t\t<a class=\"elementor-post__thumbnail__link\" href=\"https:\/\/medieproduktion.lnu.se\/kalmarkollen\/webb-tv\/i-helgen-ar-det-dags-att-vrida-om-klockan\/\" tabindex=\"-1\" >\n\t\t\t<div class=\"elementor-post__thumbnail\"><img fetchpriority=\"high\" decoding=\"async\" width=\"300\" height=\"225\" src=\"https:\/\/medieproduktion.lnu.se\/kalmarkollen\/wp-content\/uploads\/sites\/522\/2021\/03\/pexels-energepiccom-110471-300x225.jpg\" class=\"attachment-medium size-medium wp-image-1223\" alt=\"En handledsklocka som en person fingrar p\u00e5.\" srcset=\"https:\/\/medieproduktion.lnu.se\/kalmarkollen\/wp-content\/uploads\/sites\/522\/2021\/03\/pexels-energepiccom-110471-300x225.jpg 300w, https:\/\/medieproduktion.lnu.se\/kalmarkollen\/wp-content\/uploads\/sites\/522\/2021\/03\/pexels-energepiccom-110471-768x576.jpg 768w, https:\/\/medieproduktion.lnu.se\/kalmarkollen\/wp-content\/uploads\/sites\/522\/2021\/03\/pexels-energepiccom-110471-1024x768.jpg 1024w, https:\/\/medieproduktion.lnu.se\/kalmarkollen\/wp-content\/uploads\/sites\/522\/2021\/03\/pexels-energepiccom-110471.jpg 1280w\" sizes=\"(max-width: 300px) 100vw, 300px\" \/><\/div>\n\t\t<\/a>\n\t\t\t\t<div class=\"elementor-post__text\">\n\t\t\t\t<h3 class=\"elementor-post__title\">\n\t\t\t<a href=\"https:\/\/medieproduktion.lnu.se\/kalmarkollen\/webb-tv\/i-helgen-ar-det-dags-att-vrida-om-klockan\/\" >\n\t\t\t\tI helgen \u00e4r det dags att vrida om klockan\t\t\t<\/a>\n\t\t<\/h3>\n\t\t\t\t<div class=\"elementor-post__meta-data\">\n\t\t\t\t\t<span class=\"elementor-post-author\">\n\t\t\tJosefine H\u00f6gne\t\t<\/span>\n\t\t\t\t<span class=\"elementor-post-date\">\n\t\t\t25 mars, 2021\t\t<\/span>\n\t\t\t\t<span class=\"elementor-post-time\">\n\t\t\t10:20\t\t<\/span>\n\t\t\t\t<\/div>\n\t\t\t\t<div class=\"elementor-post__excerpt\">\n\t\t\t<p>WEBB-TV. <a href=\"http:\/\/medieproduktion.lnu.se\/kalmarkollen\/webb-tv\/i-helgen-ar-det\/\">Natten mellan l\u00f6rdag och s\u00f6ndag \u00e4r det dags att st\u00e4lla om till sommartid &#8211; kanske f\u00f6r sista g\u00e5ngen.<\/a><\/p>\n\t\t<\/div>\n\t\t\t\t<\/div>\n\t\t\t\t<\/article>\n\t\t\t\t<article class=\"elementor-post elementor-grid-item post-1136 post type-post status-publish format-standard has-post-thumbnail hentry category-webb-tv\" role=\"listitem\">\n\t\t\t\t<a class=\"elementor-post__thumbnail__link\" href=\"https:\/\/medieproduktion.lnu.se\/kalmarkollen\/webb-tv\/vaffeldagen-en-dag-vard-att-fira\/\" tabindex=\"-1\" >\n\t\t\t<div class=\"elementor-post__thumbnail\"><img decoding=\"async\" width=\"300\" height=\"168\" src=\"https:\/\/medieproduktion.lnu.se\/kalmarkollen\/wp-content\/uploads\/sites\/522\/2021\/03\/vaffeldagen-300x168.jpg\" class=\"attachment-medium size-medium wp-image-1154\" alt=\"V\u00e5fflor i ett v\u00e5ffelj\u00e4rn\" srcset=\"https:\/\/medieproduktion.lnu.se\/kalmarkollen\/wp-content\/uploads\/sites\/522\/2021\/03\/vaffeldagen-300x168.jpg 300w, https:\/\/medieproduktion.lnu.se\/kalmarkollen\/wp-content\/uploads\/sites\/522\/2021\/03\/vaffeldagen-768x429.jpg 768w, https:\/\/medieproduktion.lnu.se\/kalmarkollen\/wp-content\/uploads\/sites\/522\/2021\/03\/vaffeldagen.jpg 800w\" sizes=\"(max-width: 300px) 100vw, 300px\" \/><\/div>\n\t\t<\/a>\n\t\t\t\t<div class=\"elementor-post__text\">\n\t\t\t\t<h3 class=\"elementor-post__title\">\n\t\t\t<a href=\"https:\/\/medieproduktion.lnu.se\/kalmarkollen\/webb-tv\/vaffeldagen-en-dag-vard-att-fira\/\" >\n\t\t\t\tV\u00e5ffeldagen- en dag v\u00e4rd att fira\t\t\t<\/a>\n\t\t<\/h3>\n\t\t\t\t<div class=\"elementor-post__meta-data\">\n\t\t\t\t\t<span class=\"elementor-post-author\">\n\t\t\tErica Johansson\t\t<\/span>\n\t\t\t\t<span class=\"elementor-post-date\">\n\t\t\t24 mars, 2021\t\t<\/span>\n\t\t\t\t<span class=\"elementor-post-time\">\n\t\t\t15:08\t\t<\/span>\n\t\t\t\t<\/div>\n\t\t\t\t<div class=\"elementor-post__excerpt\">\n\t\t\t<p>WEBB-TV. <a href=\"http:\/\/medieproduktion.lnu.se\/kalmarkollen\/webb-tv\/vaffeldagen-en-dag-vard-att-fira\/\">P\u00e5 torsdag \u00e4r det dags f\u00f6r v\u00e5ffeldagen, men vart kommer det ifr\u00e5n? <\/a><\/p>\n\t\t<\/div>\n\t\t\t\t<\/div>\n\t\t\t\t<\/article>\n\t\t\t\t<article class=\"elementor-post elementor-grid-item post-1021 post type-post status-publish format-standard has-post-thumbnail hentry category-webb-tv\" role=\"listitem\">\n\t\t\t\t<a class=\"elementor-post__thumbnail__link\" href=\"https:\/\/medieproduktion.lnu.se\/kalmarkollen\/webb-tv\/webb-tv-vad-hander-i-kroppen-nar-du-vaccinerar-dig\/\" tabindex=\"-1\" >\n\t\t\t<div class=\"elementor-post__thumbnail\"><img decoding=\"async\" width=\"300\" height=\"200\" src=\"https:\/\/medieproduktion.lnu.se\/kalmarkollen\/wp-content\/uploads\/sites\/522\/2021\/03\/ivan-diaz-_ts3NfjvaXo-unsplash-300x200.jpg\" class=\"attachment-medium size-medium wp-image-1032\" alt=\"Man ser en vaccinspruta och en lila liten boll.\" srcset=\"https:\/\/medieproduktion.lnu.se\/kalmarkollen\/wp-content\/uploads\/sites\/522\/2021\/03\/ivan-diaz-_ts3NfjvaXo-unsplash-300x200.jpg 300w, https:\/\/medieproduktion.lnu.se\/kalmarkollen\/wp-content\/uploads\/sites\/522\/2021\/03\/ivan-diaz-_ts3NfjvaXo-unsplash-768x512.jpg 768w, https:\/\/medieproduktion.lnu.se\/kalmarkollen\/wp-content\/uploads\/sites\/522\/2021\/03\/ivan-diaz-_ts3NfjvaXo-unsplash-1024x683.jpg 1024w\" sizes=\"(max-width: 300px) 100vw, 300px\" \/><\/div>\n\t\t<\/a>\n\t\t\t\t<div class=\"elementor-post__text\">\n\t\t\t\t<h3 class=\"elementor-post__title\">\n\t\t\t<a href=\"https:\/\/medieproduktion.lnu.se\/kalmarkollen\/webb-tv\/webb-tv-vad-hander-i-kroppen-nar-du-vaccinerar-dig\/\" >\n\t\t\t\tVad h\u00e4nder i kroppen n\u00e4r du vaccinerar dig?\t\t\t<\/a>\n\t\t<\/h3>\n\t\t\t\t<div class=\"elementor-post__meta-data\">\n\t\t\t\t\t<span class=\"elementor-post-author\">\n\t\t\tFilippa Lundberg Blixt\t\t<\/span>\n\t\t\t\t<span class=\"elementor-post-date\">\n\t\t\t24 mars, 2021\t\t<\/span>\n\t\t\t\t<span class=\"elementor-post-time\">\n\t\t\t13:01\t\t<\/span>\n\t\t\t\t<\/div>\n\t\t\t\t<div class=\"elementor-post__excerpt\">\n\t\t\t<p>WEBB-TV.<a href=\"http:\/\/medieproduktion.lnu.se\/kalmarkollen\/webb-tv\/webb-tv-vad-hander-i-kroppen-nar-du-vaccinerar-dig\"> V\u00e5r reporter Filippa f\u00f6rklarar vad som h\u00e4nder i din kropp n\u00e4r du vaccinerar dig.<\/a> <\/p>\n\t\t<\/div>\n\t\t\t\t<\/div>\n\t\t\t\t<\/article>\n\t\t\t\t<article class=\"elementor-post elementor-grid-item post-932 post type-post status-publish format-standard has-post-thumbnail hentry category-webb-tv\" role=\"listitem\">\n\t\t\t\t<a class=\"elementor-post__thumbnail__link\" href=\"https:\/\/medieproduktion.lnu.se\/kalmarkollen\/webb-tv\/matladans-dag-pa-linneuniversitetet\/\" tabindex=\"-1\" >\n\t\t\t<div class=\"elementor-post__thumbnail\"><img loading=\"lazy\" decoding=\"async\" width=\"300\" height=\"196\" src=\"https:\/\/medieproduktion.lnu.se\/kalmarkollen\/wp-content\/uploads\/sites\/522\/2021\/03\/s-well-CJdZ800-Fbs-unsplash-300x196.jpg\" class=\"attachment-medium size-medium wp-image-936\" alt=\"Fyra stycken runda matl\u00e5dor med gr\u00f6nsaker i.\" srcset=\"https:\/\/medieproduktion.lnu.se\/kalmarkollen\/wp-content\/uploads\/sites\/522\/2021\/03\/s-well-CJdZ800-Fbs-unsplash-300x196.jpg 300w, https:\/\/medieproduktion.lnu.se\/kalmarkollen\/wp-content\/uploads\/sites\/522\/2021\/03\/s-well-CJdZ800-Fbs-unsplash-768x501.jpg 768w, https:\/\/medieproduktion.lnu.se\/kalmarkollen\/wp-content\/uploads\/sites\/522\/2021\/03\/s-well-CJdZ800-Fbs-unsplash.jpg 800w\" sizes=\"(max-width: 300px) 100vw, 300px\" \/><\/div>\n\t\t<\/a>\n\t\t\t\t<div class=\"elementor-post__text\">\n\t\t\t\t<h3 class=\"elementor-post__title\">\n\t\t\t<a href=\"https:\/\/medieproduktion.lnu.se\/kalmarkollen\/webb-tv\/matladans-dag-pa-linneuniversitetet\/\" >\n\t\t\t\tMatl\u00e5dans dag p\u00e5 Linn\u00e9universitetet\t\t\t<\/a>\n\t\t<\/h3>\n\t\t\t\t<div class=\"elementor-post__meta-data\">\n\t\t\t\t\t<span class=\"elementor-post-author\">\n\t\t\tMaja Berg\t\t<\/span>\n\t\t\t\t<span class=\"elementor-post-date\">\n\t\t\t23 mars, 2021\t\t<\/span>\n\t\t\t\t<span class=\"elementor-post-time\">\n\t\t\t18:38\t\t<\/span>\n\t\t\t\t<\/div>\n\t\t\t\t<div class=\"elementor-post__excerpt\">\n\t\t\t<p>WEBB-TV. <a href=\"http:\/\/medieproduktion.lnu.se\/kalmarkollen\/webb-tv\/matladans-dag-pa-linneuniversitetet\">Idag \u00e4r det matl\u00e5dans dag!<\/a><\/p>\n\t\t<\/div>\n\t\t\t\t<\/div>\n\t\t\t\t<\/article>\n\t\t\t\t<article class=\"elementor-post elementor-grid-item post-897 post type-post status-publish format-standard has-post-thumbnail hentry category-webb-tv\" role=\"listitem\">\n\t\t\t\t<a class=\"elementor-post__thumbnail__link\" href=\"https:\/\/medieproduktion.lnu.se\/kalmarkollen\/webb-tv\/snart-invigs-den-nya-gasthamnen-slottskajen\/\" tabindex=\"-1\" >\n\t\t\t<div class=\"elementor-post__thumbnail\"><img loading=\"lazy\" decoding=\"async\" width=\"300\" height=\"167\" src=\"https:\/\/medieproduktion.lnu.se\/kalmarkollen\/wp-content\/uploads\/sites\/522\/2021\/03\/Ska\u0308rmavbild-2021-03-23-kl.-11.33.04-300x167.png\" class=\"attachment-medium size-medium wp-image-909\" alt=\"\u00c5ke Andersson, VD p\u00e5 Destination Kalmar\" srcset=\"https:\/\/medieproduktion.lnu.se\/kalmarkollen\/wp-content\/uploads\/sites\/522\/2021\/03\/Ska\u0308rmavbild-2021-03-23-kl.-11.33.04-300x167.png 300w, https:\/\/medieproduktion.lnu.se\/kalmarkollen\/wp-content\/uploads\/sites\/522\/2021\/03\/Ska\u0308rmavbild-2021-03-23-kl.-11.33.04.png 506w\" sizes=\"(max-width: 300px) 100vw, 300px\" \/><\/div>\n\t\t<\/a>\n\t\t\t\t<div class=\"elementor-post__text\">\n\t\t\t\t<h3 class=\"elementor-post__title\">\n\t\t\t<a href=\"https:\/\/medieproduktion.lnu.se\/kalmarkollen\/webb-tv\/snart-invigs-den-nya-gasthamnen-slottskajen\/\" >\n\t\t\t\tSnart invigs den nya g\u00e4sthamnen Slottsfj\u00e4rden\t\t\t<\/a>\n\t\t<\/h3>\n\t\t\t\t<div class=\"elementor-post__meta-data\">\n\t\t\t\t\t<span class=\"elementor-post-author\">\n\t\t\tEvelina Milerud\t\t<\/span>\n\t\t\t\t<span class=\"elementor-post-date\">\n\t\t\t23 mars, 2021\t\t<\/span>\n\t\t\t\t<span class=\"elementor-post-time\">\n\t\t\t11:32\t\t<\/span>\n\t\t\t\t<\/div>\n\t\t\t\t<div class=\"elementor-post__excerpt\">\n\t\t\t<p>WEBB-TV. <a href=\"http:\/\/medieproduktion.lnu.se\/kalmarkollen\/webb-tv\/snart-invigs-den-nya-gasthamnen-slottskajen\/\">Med utsikt \u00f6ver slottet ska snart den nya g\u00e4stbryggan invigas.<\/a><\/p>\n\t\t<\/div>\n\t\t\t\t<\/div>\n\t\t\t\t<\/article>\n\t\t\t\t<\/div>\n\t\t\n\t\t\t\t\t\t<\/div>\n\t\t\t\t<\/div>\n\t\t\t\t\t<\/div>\n\t\t<\/div>\n\t\t\t\t\t<\/div>\n\t\t<\/section>\n\t\t\t\t<\/div>\n\t\t","protected":false},"excerpt":{"rendered":"","protected":false},"author":423,"featured_media":0,"parent":0,"menu_order":0,"comment_status":"closed","ping_status":"closed","template":"","meta":{"_seopress_robots_primary_cat":"","_seopress_titles_title":"","_seopress_titles_desc":"","_seopress_robots_index":"","footnotes":""},"class_list":["post-253","page","type-page","status-publish","hentry"],"_links":{"self":[{"href":"https:\/\/medieproduktion.lnu.se\/kalmarkollen\/wp-json\/wp\/v2\/pages\/253","targetHints":{"allow":["GET"]}}],"collection":[{"href":"https:\/\/medieproduktion.lnu.se\/kalmarkollen\/wp-json\/wp\/v2\/pages"}],"about":[{"href":"https:\/\/medieproduktion.lnu.se\/kalmarkollen\/wp-json\/wp\/v2\/types\/page"}],"author":[{"embeddable":true,"href":"https:\/\/medieproduktion.lnu.se\/kalmarkollen\/wp-json\/wp\/v2\/users\/423"}],"replies":[{"embeddable":true,"href":"https:\/\/medieproduktion.lnu.se\/kalmarkollen\/wp-json\/wp\/v2\/comments?post=253"}],"version-history":[{"count":6,"href":"https:\/\/medieproduktion.lnu.se\/kalmarkollen\/wp-json\/wp\/v2\/pages\/253\/revisions"}],"predecessor-version":[{"id":1277,"href":"https:\/\/medieproduktion.lnu.se\/kalmarkollen\/wp-json\/wp\/v2\/pages\/253\/revisions\/1277"}],"wp:attachment":[{"href":"https:\/\/medieproduktion.lnu.se\/kalmarkollen\/wp-json\/wp\/v2\/media?parent=253"}],"curies":[{"name":"wp","href":"https:\/\/api.w.org\/{rel}","templated":true}]}}