{"id":150,"date":"2021-03-10T12:59:23","date_gmt":"2021-03-10T11:59:23","guid":{"rendered":"http:\/\/medieproduktion.lnu.se\/kalmarkollen\/?page_id=150"},"modified":"2021-03-26T11:41:47","modified_gmt":"2021-03-26T10:41:47","slug":"reportage","status":"publish","type":"page","link":"https:\/\/medieproduktion.lnu.se\/kalmarkollen\/reportage\/","title":{"rendered":"Feature"},"content":{"rendered":"\t\t<div data-elementor-type=\"wp-post\" data-elementor-id=\"150\" class=\"elementor elementor-150 elementor-bc-flex-widget\" data-elementor-post-type=\"page\">\n\t\t\t\t\t\t<section class=\"elementor-section elementor-top-section elementor-element elementor-element-7049d8a elementor-section-boxed elementor-section-height-default elementor-section-height-default\" data-id=\"7049d8a\" data-element_type=\"section\">\n\t\t\t\t\t\t<div class=\"elementor-container elementor-column-gap-default\">\n\t\t\t\t\t<div class=\"elementor-column elementor-col-100 elementor-top-column elementor-element elementor-element-c07e659\" data-id=\"c07e659\" data-element_type=\"column\">\n\t\t\t<div class=\"elementor-widget-wrap elementor-element-populated\">\n\t\t\t\t\t\t<div class=\"elementor-element elementor-element-80e223f elementor-grid-2 elementor-grid-tablet-2 elementor-grid-mobile-1 elementor-posts--thumbnail-top elementor-widget elementor-widget-posts\" data-id=\"80e223f\" data-element_type=\"widget\" data-settings=\"{&quot;classic_columns&quot;:&quot;2&quot;,&quot;classic_columns_tablet&quot;:&quot;2&quot;,&quot;classic_columns_mobile&quot;:&quot;1&quot;,&quot;classic_row_gap&quot;:{&quot;unit&quot;:&quot;px&quot;,&quot;size&quot;:35,&quot;sizes&quot;:[]},&quot;classic_row_gap_tablet&quot;:{&quot;unit&quot;:&quot;px&quot;,&quot;size&quot;:&quot;&quot;,&quot;sizes&quot;:[]},&quot;classic_row_gap_mobile&quot;:{&quot;unit&quot;:&quot;px&quot;,&quot;size&quot;:&quot;&quot;,&quot;sizes&quot;:[]}}\" data-widget_type=\"posts.classic\">\n\t\t\t\t<div class=\"elementor-widget-container\">\n\t\t\t\t\t\t\t<div class=\"elementor-posts-container elementor-posts elementor-posts--skin-classic elementor-grid\" role=\"list\">\n\t\t\t\t<article class=\"elementor-post elementor-grid-item post-1041 post type-post status-publish format-standard has-post-thumbnail hentry category-reportage\" role=\"listitem\">\n\t\t\t\t<a class=\"elementor-post__thumbnail__link\" href=\"https:\/\/medieproduktion.lnu.se\/kalmarkollen\/reportage\/jag-googlar-chansen-att-fostret-overlever-aborten\/\" tabindex=\"-1\" >\n\t\t\t<div class=\"elementor-post__thumbnail\"><img fetchpriority=\"high\" decoding=\"async\" width=\"300\" height=\"261\" src=\"https:\/\/medieproduktion.lnu.se\/kalmarkollen\/wp-content\/uploads\/sites\/522\/2021\/03\/carro-gravid2-1-300x261.jpeg\" class=\"attachment-medium size-medium wp-image-1053\" alt=\"Caroline blev gravid som 21 \u00e5ring och gjorde abort med p\u00e5tryckningar fr\u00e5n m\u00e4nniskorna runt henne.\" srcset=\"https:\/\/medieproduktion.lnu.se\/kalmarkollen\/wp-content\/uploads\/sites\/522\/2021\/03\/carro-gravid2-1-300x261.jpeg 300w, https:\/\/medieproduktion.lnu.se\/kalmarkollen\/wp-content\/uploads\/sites\/522\/2021\/03\/carro-gravid2-1-768x668.jpeg 768w, https:\/\/medieproduktion.lnu.se\/kalmarkollen\/wp-content\/uploads\/sites\/522\/2021\/03\/carro-gravid2-1-1024x891.jpeg 1024w\" sizes=\"(max-width: 300px) 100vw, 300px\" \/><\/div>\n\t\t<\/a>\n\t\t\t\t<div class=\"elementor-post__text\">\n\t\t\t\t<h3 class=\"elementor-post__title\">\n\t\t\t<a href=\"https:\/\/medieproduktion.lnu.se\/kalmarkollen\/reportage\/jag-googlar-chansen-att-fostret-overlever-aborten\/\" >\n\t\t\t\t\u201cJag googlar chansen att fostret \u00f6verlever aborten\u201d\t\t\t<\/a>\n\t\t<\/h3>\n\t\t\t\t<div class=\"elementor-post__meta-data\">\n\t\t\t\t\t<span class=\"elementor-post-author\">\n\t\t\tEvelina Milerud\t\t<\/span>\n\t\t\t\t<span class=\"elementor-post-date\">\n\t\t\t24 mars, 2021\t\t<\/span>\n\t\t\t\t<span class=\"elementor-post-time\">\n\t\t\t13:27\t\t<\/span>\n\t\t\t\t<\/div>\n\t\t\t\t<div class=\"elementor-post__excerpt\">\n\t\t\t<p>PERSONPORTR\u00c4TT. <a href=\"http:\/\/medieproduktion.lnu.se\/kalmarkollen\/personportratt\/jag-googlar-chan\u2026verlever-aborten\/\">Caroline var 21 \u00e5r n\u00e4r hon blev gravid och st\u00e4lldes inf\u00f6r det tuffaste val hon tagit.<\/a><\/p>\n\t\t<\/div>\n\t\t\t\t<\/div>\n\t\t\t\t<\/article>\n\t\t\t\t<article class=\"elementor-post elementor-grid-item post-740 post type-post status-publish format-standard has-post-thumbnail hentry category-reportage\" role=\"listitem\">\n\t\t\t\t<a class=\"elementor-post__thumbnail__link\" href=\"https:\/\/medieproduktion.lnu.se\/kalmarkollen\/reportage\/motet-pa-ica-startade-oscars-musikkarriar\/\" tabindex=\"-1\" >\n\t\t\t<div class=\"elementor-post__thumbnail\"><img decoding=\"async\" width=\"300\" height=\"222\" src=\"https:\/\/medieproduktion.lnu.se\/kalmarkollen\/wp-content\/uploads\/sites\/522\/2021\/03\/OSCR2-300x222.png\" class=\"attachment-medium size-medium wp-image-1437\" alt=\"Osscar sitter framf\u00f6r en badrumsspegel som \u00e4r m\u00e5lat p\u00e5 med svart sprayf\u00e4rg och kollar in i kameran.\" srcset=\"https:\/\/medieproduktion.lnu.se\/kalmarkollen\/wp-content\/uploads\/sites\/522\/2021\/03\/OSCR2-300x222.png 300w, https:\/\/medieproduktion.lnu.se\/kalmarkollen\/wp-content\/uploads\/sites\/522\/2021\/03\/OSCR2-768x567.png 768w, https:\/\/medieproduktion.lnu.se\/kalmarkollen\/wp-content\/uploads\/sites\/522\/2021\/03\/OSCR2.png 773w\" sizes=\"(max-width: 300px) 100vw, 300px\" \/><\/div>\n\t\t<\/a>\n\t\t\t\t<div class=\"elementor-post__text\">\n\t\t\t\t<h3 class=\"elementor-post__title\">\n\t\t\t<a href=\"https:\/\/medieproduktion.lnu.se\/kalmarkollen\/reportage\/motet-pa-ica-startade-oscars-musikkarriar\/\" >\n\t\t\t\tM\u00f6tet p\u00e5 ICA startade Oscars musikkarri\u00e4r\t\t\t<\/a>\n\t\t<\/h3>\n\t\t\t\t<div class=\"elementor-post__meta-data\">\n\t\t\t\t\t<span class=\"elementor-post-author\">\n\t\t\tFilippa Lundberg Blixt\t\t<\/span>\n\t\t\t\t<span class=\"elementor-post-date\">\n\t\t\t24 mars, 2021\t\t<\/span>\n\t\t\t\t<span class=\"elementor-post-time\">\n\t\t\t09:43\t\t<\/span>\n\t\t\t\t<\/div>\n\t\t\t\t<div class=\"elementor-post__excerpt\">\n\t\t\t<p>PERSONPORTR\u00c4TT. <a href=\"http:\/\/medieproduktion.lnu.se\/kalmarkollen\/personportratt\/motet-pa-ica-startade-oscars-musikkarriar\"> Oscar skrev ned sina tankar som blev l\u00e5ttexter. Efter ett m\u00f6te p\u00e5 ICA s\u00e5 fick han komma till en studio och producera sina l\u00e5tar. <\/a><\/p>\n\t\t<\/div>\n\t\t\t\t<\/div>\n\t\t\t\t<\/article>\n\t\t\t\t<article class=\"elementor-post elementor-grid-item post-890 post type-post status-publish format-standard has-post-thumbnail hentry category-reportage\" role=\"listitem\">\n\t\t\t\t<a class=\"elementor-post__thumbnail__link\" href=\"https:\/\/medieproduktion.lnu.se\/kalmarkollen\/reportage\/att-leva-med-en-kronisk-sjukdom\/\" tabindex=\"-1\" >\n\t\t\t<div class=\"elementor-post__thumbnail\"><img decoding=\"async\" width=\"300\" height=\"298\" src=\"https:\/\/medieproduktion.lnu.se\/kalmarkollen\/wp-content\/uploads\/sites\/522\/2021\/03\/hanna_puffbild-300x298.jpg\" class=\"attachment-medium size-medium wp-image-927\" alt=\"Hanna h\u00e5ller i en lapp - en av tio\" srcset=\"https:\/\/medieproduktion.lnu.se\/kalmarkollen\/wp-content\/uploads\/sites\/522\/2021\/03\/hanna_puffbild-300x298.jpg 300w, https:\/\/medieproduktion.lnu.se\/kalmarkollen\/wp-content\/uploads\/sites\/522\/2021\/03\/hanna_puffbild-150x150.jpg 150w, https:\/\/medieproduktion.lnu.se\/kalmarkollen\/wp-content\/uploads\/sites\/522\/2021\/03\/hanna_puffbild.jpg 700w\" sizes=\"(max-width: 300px) 100vw, 300px\" \/><\/div>\n\t\t<\/a>\n\t\t\t\t<div class=\"elementor-post__text\">\n\t\t\t\t<h3 class=\"elementor-post__title\">\n\t\t\t<a href=\"https:\/\/medieproduktion.lnu.se\/kalmarkollen\/reportage\/att-leva-med-en-kronisk-sjukdom\/\" >\n\t\t\t\tAtt leva med en kronisk sjukdom\t\t\t<\/a>\n\t\t<\/h3>\n\t\t\t\t<div class=\"elementor-post__meta-data\">\n\t\t\t\t\t<span class=\"elementor-post-author\">\n\t\t\tErica Johansson\t\t<\/span>\n\t\t\t\t<span class=\"elementor-post-date\">\n\t\t\t23 mars, 2021\t\t<\/span>\n\t\t\t\t<span class=\"elementor-post-time\">\n\t\t\t13:43\t\t<\/span>\n\t\t\t\t<\/div>\n\t\t\t\t<div class=\"elementor-post__excerpt\">\n\t\t\t<p>PERSONPORTR\u00c4TT. <a href=\"http:\/\/medieproduktion.lnu.se\/kalmarkollen\/?p=890&amp;preview=true\">Mars m\u00e5nad \u00e4r endometriosm\u00e5naden, som b\u00f6r uppm\u00e4rksammas. L\u00e4s mer om Hannas kamp till en diagnos. <\/a><\/p>\n\t\t<\/div>\n\t\t\t\t<\/div>\n\t\t\t\t<\/article>\n\t\t\t\t<article class=\"elementor-post elementor-grid-item post-810 post type-post status-publish format-standard has-post-thumbnail hentry category-feature category-reportage\" role=\"listitem\">\n\t\t\t\t<a class=\"elementor-post__thumbnail__link\" href=\"https:\/\/medieproduktion.lnu.se\/kalmarkollen\/feature\/hampus-foll-15-meter\/\" tabindex=\"-1\" >\n\t\t\t<div class=\"elementor-post__thumbnail\"><img loading=\"lazy\" decoding=\"async\" width=\"200\" height=\"300\" src=\"https:\/\/medieproduktion.lnu.se\/kalmarkollen\/wp-content\/uploads\/sites\/522\/2021\/03\/Hampis-200x300.png\" class=\"attachment-medium size-medium wp-image-851\" alt=\"Hampus \u00e4r fastsp\u00e4nd i kl\u00e4tterutrustning och ler stort.\" srcset=\"https:\/\/medieproduktion.lnu.se\/kalmarkollen\/wp-content\/uploads\/sites\/522\/2021\/03\/Hampis-200x300.png 200w, https:\/\/medieproduktion.lnu.se\/kalmarkollen\/wp-content\/uploads\/sites\/522\/2021\/03\/Hampis-768x1152.png 768w, https:\/\/medieproduktion.lnu.se\/kalmarkollen\/wp-content\/uploads\/sites\/522\/2021\/03\/Hampis-683x1024.png 683w, https:\/\/medieproduktion.lnu.se\/kalmarkollen\/wp-content\/uploads\/sites\/522\/2021\/03\/Hampis.png 800w\" sizes=\"(max-width: 200px) 100vw, 200px\" \/><\/div>\n\t\t<\/a>\n\t\t\t\t<div class=\"elementor-post__text\">\n\t\t\t\t<h3 class=\"elementor-post__title\">\n\t\t\t<a href=\"https:\/\/medieproduktion.lnu.se\/kalmarkollen\/feature\/hampus-foll-15-meter\/\" >\n\t\t\t\tHampus f\u00f6ll 15 meter: \u201dJag best\u00e4mde mig f\u00f6r att g\u00f6ra allt som kr\u00e4vdes f\u00f6r att kunna g\u00e5 igen\u201d\t\t\t<\/a>\n\t\t<\/h3>\n\t\t\t\t<div class=\"elementor-post__meta-data\">\n\t\t\t\t\t<span class=\"elementor-post-author\">\n\t\t\tJosefine H\u00f6gne\t\t<\/span>\n\t\t\t\t<span class=\"elementor-post-date\">\n\t\t\t22 mars, 2021\t\t<\/span>\n\t\t\t\t<span class=\"elementor-post-time\">\n\t\t\t15:17\t\t<\/span>\n\t\t\t\t<\/div>\n\t\t\t\t<div class=\"elementor-post__excerpt\">\n\t\t\t<p>PERSONPORTR\u00c4TT. <a href=\"http:\/\/medieproduktion.lnu.se\/kalmarkollen\/personportratt\/hampus-foll-15-meter\/\">Hampus var med om en kl\u00e4ttringsolycka som kom att f\u00f6r\u00e4ndra hela hans liv. H\u00e4r ber\u00e4ttar han om flera m\u00e5naders sjukhustid, bootcamp f\u00f6r skadade, m\u00e5l och r\u00e4dslor.<\/a><\/p>\n\t\t<\/div>\n\t\t\t\t<\/div>\n\t\t\t\t<\/article>\n\t\t\t\t<article class=\"elementor-post elementor-grid-item post-812 post type-post status-publish format-standard has-post-thumbnail hentry category-feature category-reportage\" role=\"listitem\">\n\t\t\t\t<a class=\"elementor-post__thumbnail__link\" href=\"https:\/\/medieproduktion.lnu.se\/kalmarkollen\/feature\/%c2%a8ar-det-nagon-som-klarar-detta-sa-ar-det-fan-jag%c2%a8\/\" tabindex=\"-1\" >\n\t\t\t<div class=\"elementor-post__thumbnail\"><img loading=\"lazy\" decoding=\"async\" width=\"189\" height=\"300\" src=\"https:\/\/medieproduktion.lnu.se\/kalmarkollen\/wp-content\/uploads\/sites\/522\/2021\/03\/IMG_5768-189x300.jpg\" class=\"attachment-medium size-medium wp-image-821\" alt=\"\" srcset=\"https:\/\/medieproduktion.lnu.se\/kalmarkollen\/wp-content\/uploads\/sites\/522\/2021\/03\/IMG_5768-189x300.jpg 189w, https:\/\/medieproduktion.lnu.se\/kalmarkollen\/wp-content\/uploads\/sites\/522\/2021\/03\/IMG_5768-768x1218.jpg 768w, https:\/\/medieproduktion.lnu.se\/kalmarkollen\/wp-content\/uploads\/sites\/522\/2021\/03\/IMG_5768-646x1024.jpg 646w, https:\/\/medieproduktion.lnu.se\/kalmarkollen\/wp-content\/uploads\/sites\/522\/2021\/03\/IMG_5768.jpg 800w\" sizes=\"(max-width: 189px) 100vw, 189px\" \/><\/div>\n\t\t<\/a>\n\t\t\t\t<div class=\"elementor-post__text\">\n\t\t\t\t<h3 class=\"elementor-post__title\">\n\t\t\t<a href=\"https:\/\/medieproduktion.lnu.se\/kalmarkollen\/feature\/%c2%a8ar-det-nagon-som-klarar-detta-sa-ar-det-fan-jag%c2%a8\/\" >\n\t\t\t\t\u00a8\u00c4r det n\u00e5gon som klarar detta s\u00e5 \u00e4r det fan jag\u00a8\t\t\t<\/a>\n\t\t<\/h3>\n\t\t\t\t<div class=\"elementor-post__meta-data\">\n\t\t\t\t\t<span class=\"elementor-post-author\">\n\t\t\tMaja Berg\t\t<\/span>\n\t\t\t\t<span class=\"elementor-post-date\">\n\t\t\t22 mars, 2021\t\t<\/span>\n\t\t\t\t<span class=\"elementor-post-time\">\n\t\t\t14:16\t\t<\/span>\n\t\t\t\t<\/div>\n\t\t\t\t<div class=\"elementor-post__excerpt\">\n\t\t\t<p>PERSONPORTR\u00c4TT.<a href=\"\/\/medieproduktion.lnu.se\/kalmarkollen\/okategoriserade\/\u00a8ar-det-nagon-so\u2026-ar-det-fan-jag\u00a8\/\u00a8\"> L\u00e4s om Moas resa med diabetes. <\/a><\/p>\n\t\t<\/div>\n\t\t\t\t<\/div>\n\t\t\t\t<\/article>\n\t\t\t\t<\/div>\n\t\t\n\t\t\t\t\t\t<\/div>\n\t\t\t\t<\/div>\n\t\t\t\t\t<\/div>\n\t\t<\/div>\n\t\t\t\t\t<\/div>\n\t\t<\/section>\n\t\t\t\t<\/div>\n\t\t","protected":false},"excerpt":{"rendered":"","protected":false},"author":423,"featured_media":0,"parent":0,"menu_order":0,"comment_status":"closed","ping_status":"closed","template":"","meta":{"_seopress_robots_primary_cat":"","_seopress_titles_title":"","_seopress_titles_desc":"","_seopress_robots_index":"","footnotes":""},"class_list":["post-150","page","type-page","status-publish","hentry"],"_links":{"self":[{"href":"https:\/\/medieproduktion.lnu.se\/kalmarkollen\/wp-json\/wp\/v2\/pages\/150","targetHints":{"allow":["GET"]}}],"collection":[{"href":"https:\/\/medieproduktion.lnu.se\/kalmarkollen\/wp-json\/wp\/v2\/pages"}],"about":[{"href":"https:\/\/medieproduktion.lnu.se\/kalmarkollen\/wp-json\/wp\/v2\/types\/page"}],"author":[{"embeddable":true,"href":"https:\/\/medieproduktion.lnu.se\/kalmarkollen\/wp-json\/wp\/v2\/users\/423"}],"replies":[{"embeddable":true,"href":"https:\/\/medieproduktion.lnu.se\/kalmarkollen\/wp-json\/wp\/v2\/comments?post=150"}],"version-history":[{"count":9,"href":"https:\/\/medieproduktion.lnu.se\/kalmarkollen\/wp-json\/wp\/v2\/pages\/150\/revisions"}],"predecessor-version":[{"id":1376,"href":"https:\/\/medieproduktion.lnu.se\/kalmarkollen\/wp-json\/wp\/v2\/pages\/150\/revisions\/1376"}],"wp:attachment":[{"href":"https:\/\/medieproduktion.lnu.se\/kalmarkollen\/wp-json\/wp\/v2\/media?parent=150"}],"curies":[{"name":"wp","href":"https:\/\/api.w.org\/{rel}","templated":true}]}}