{"id":393,"date":"2021-03-10T10:02:11","date_gmt":"2021-03-10T09:02:11","guid":{"rendered":"http:\/\/medieproduktion.lnu.se\/kalmarcorren\/?page_id=393"},"modified":"2021-03-10T20:05:28","modified_gmt":"2021-03-10T19:05:28","slug":"om-oss","status":"publish","type":"page","link":"https:\/\/medieproduktion.lnu.se\/kalmarcorren\/om-oss\/","title":{"rendered":""},"content":{"rendered":"\t\t<div data-elementor-type=\"wp-post\" data-elementor-id=\"393\" class=\"elementor elementor-393 elementor-bc-flex-widget\" data-elementor-post-type=\"page\">\n\t\t\t\t\t\t<section class=\"elementor-section elementor-top-section elementor-element elementor-element-c1454e8 elementor-section-boxed elementor-section-height-default elementor-section-height-default\" data-id=\"c1454e8\" data-element_type=\"section\">\n\t\t\t\t\t\t<div class=\"elementor-container elementor-column-gap-default\">\n\t\t\t\t\t<div class=\"elementor-column elementor-col-100 elementor-top-column elementor-element elementor-element-4c1c672\" data-id=\"4c1c672\" data-element_type=\"column\">\n\t\t\t<div class=\"elementor-widget-wrap elementor-element-populated\">\n\t\t\t\t\t\t<div class=\"elementor-element elementor-element-576cb9f elementor-widget elementor-widget-heading\" data-id=\"576cb9f\" data-element_type=\"widget\" data-widget_type=\"heading.default\">\n\t\t\t\t<div class=\"elementor-widget-container\">\n\t\t\t\t\t<h2 class=\"elementor-heading-title elementor-size-default\">Om oss<\/h2>\t\t\t\t<\/div>\n\t\t\t\t<\/div>\n\t\t\t\t<div class=\"elementor-element elementor-element-115a32a elementor-widget elementor-widget-text-editor\" data-id=\"115a32a\" data-element_type=\"widget\" data-widget_type=\"text-editor.default\">\n\t\t\t\t<div class=\"elementor-widget-container\">\n\t\t\t\t\t\t\t\t\t<p>Kalmar Corren \u00e4r en webbtidning som drivs av fyra journaliststudenter p\u00e5 Linn\u00e9universitetet i Kalmar. Vi ger dig de senaste nyheterna fr\u00e5n Kalmar l\u00e4n.<\/p>\t\t\t\t\t\t\t\t<\/div>\n\t\t\t\t<\/div>\n\t\t\t\t<div class=\"elementor-element elementor-element-9b749e3 elementor-widget-divider--view-line elementor-widget elementor-widget-divider\" data-id=\"9b749e3\" data-element_type=\"widget\" data-widget_type=\"divider.default\">\n\t\t\t\t<div class=\"elementor-widget-container\">\n\t\t\t\t\t\t\t<div class=\"elementor-divider\">\n\t\t\t<span class=\"elementor-divider-separator\">\n\t\t\t\t\t\t<\/span>\n\t\t<\/div>\n\t\t\t\t\t\t<\/div>\n\t\t\t\t<\/div>\n\t\t\t\t\t<\/div>\n\t\t<\/div>\n\t\t\t\t\t<\/div>\n\t\t<\/section>\n\t\t\t\t<section class=\"elementor-section elementor-top-section elementor-element elementor-element-fab80ce elementor-section-boxed elementor-section-height-default elementor-section-height-default\" data-id=\"fab80ce\" data-element_type=\"section\">\n\t\t\t\t\t\t<div class=\"elementor-container elementor-column-gap-default\">\n\t\t\t\t\t<div class=\"elementor-column elementor-col-100 elementor-top-column elementor-element elementor-element-e425774\" data-id=\"e425774\" data-element_type=\"column\">\n\t\t\t<div class=\"elementor-widget-wrap elementor-element-populated\">\n\t\t\t\t\t\t<div class=\"elementor-element elementor-element-5fa703f elementor-position-left elementor-vertical-align-top elementor-widget elementor-widget-image-box\" data-id=\"5fa703f\" data-element_type=\"widget\" data-widget_type=\"image-box.default\">\n\t\t\t\t<div class=\"elementor-widget-container\">\n\t\t\t\t\t<div class=\"elementor-image-box-wrapper\"><figure class=\"elementor-image-box-img\"><img decoding=\"async\" width=\"150\" height=\"150\" src=\"https:\/\/medieproduktion.lnu.se\/kalmarcorren\/wp-content\/uploads\/sites\/517\/2021\/03\/ALBIN-150x150.gif\" class=\"attachment-thumbnail size-thumbnail wp-image-292\" alt=\"Bild p\u00e5 Albin Lindstr\u00f6m\" \/><\/figure><div class=\"elementor-image-box-content\"><h3 class=\"elementor-image-box-title\">Albin Lindstr\u00f6m<\/h3><p class=\"elementor-image-box-description\"><b>Reporter <\/b> <br \/>\n<a href= \"mailto:al224xn@student.lnu.se\">al224xn@student.lnu.se<\/a><br>\n073-310 03 57<\/p><\/div><\/div>\t\t\t\t<\/div>\n\t\t\t\t<\/div>\n\t\t\t\t\t<\/div>\n\t\t<\/div>\n\t\t\t\t\t<\/div>\n\t\t<\/section>\n\t\t\t\t<section class=\"elementor-section elementor-top-section elementor-element elementor-element-d2ec919 elementor-section-boxed elementor-section-height-default elementor-section-height-default\" data-id=\"d2ec919\" data-element_type=\"section\">\n\t\t\t\t\t\t<div class=\"elementor-container elementor-column-gap-default\">\n\t\t\t\t\t<div class=\"elementor-column elementor-col-100 elementor-top-column elementor-element elementor-element-7bac429\" data-id=\"7bac429\" data-element_type=\"column\">\n\t\t\t<div class=\"elementor-widget-wrap elementor-element-populated\">\n\t\t\t\t\t\t<div class=\"elementor-element elementor-element-ea7f3eb elementor-widget-divider--view-line elementor-widget elementor-widget-divider\" data-id=\"ea7f3eb\" data-element_type=\"widget\" data-widget_type=\"divider.default\">\n\t\t\t\t<div class=\"elementor-widget-container\">\n\t\t\t\t\t\t\t<div class=\"elementor-divider\">\n\t\t\t<span class=\"elementor-divider-separator\">\n\t\t\t\t\t\t<\/span>\n\t\t<\/div>\n\t\t\t\t\t\t<\/div>\n\t\t\t\t<\/div>\n\t\t\t\t<div class=\"elementor-element elementor-element-27a2182 elementor-position-left elementor-vertical-align-top elementor-widget elementor-widget-image-box\" data-id=\"27a2182\" data-element_type=\"widget\" data-widget_type=\"image-box.default\">\n\t\t\t\t<div class=\"elementor-widget-container\">\n\t\t\t\t\t<div class=\"elementor-image-box-wrapper\"><figure class=\"elementor-image-box-img\"><img decoding=\"async\" width=\"150\" height=\"150\" src=\"https:\/\/medieproduktion.lnu.se\/kalmarcorren\/wp-content\/uploads\/sites\/517\/2021\/03\/ISAAC-150x150.gif\" class=\"attachment-thumbnail size-thumbnail wp-image-300\" alt=\"Bild p\u00e5 Isaac Turner\" \/><\/figure><div class=\"elementor-image-box-content\"><h3 class=\"elementor-image-box-title\">Isaac Turner<\/h3><p class=\"elementor-image-box-description\"><b>Reporter <\/b> <br \/>\n<a href= \"mailto:it222et@student.lnu.se\">it222et@student.lnu.se<\/a><br>\n070-842 23 83<\/p><\/div><\/div>\t\t\t\t<\/div>\n\t\t\t\t<\/div>\n\t\t\t\t\t<\/div>\n\t\t<\/div>\n\t\t\t\t\t<\/div>\n\t\t<\/section>\n\t\t\t\t<section class=\"elementor-section elementor-top-section elementor-element elementor-element-ca7b1a9 elementor-section-boxed elementor-section-height-default elementor-section-height-default\" data-id=\"ca7b1a9\" data-element_type=\"section\">\n\t\t\t\t\t\t<div class=\"elementor-container elementor-column-gap-default\">\n\t\t\t\t\t<div class=\"elementor-column elementor-col-100 elementor-top-column elementor-element elementor-element-65ff043\" data-id=\"65ff043\" data-element_type=\"column\">\n\t\t\t<div class=\"elementor-widget-wrap elementor-element-populated\">\n\t\t\t\t\t\t<div class=\"elementor-element elementor-element-e4ca8a0 elementor-widget-divider--view-line elementor-widget elementor-widget-divider\" data-id=\"e4ca8a0\" data-element_type=\"widget\" data-widget_type=\"divider.default\">\n\t\t\t\t<div class=\"elementor-widget-container\">\n\t\t\t\t\t\t\t<div class=\"elementor-divider\">\n\t\t\t<span class=\"elementor-divider-separator\">\n\t\t\t\t\t\t<\/span>\n\t\t<\/div>\n\t\t\t\t\t\t<\/div>\n\t\t\t\t<\/div>\n\t\t\t\t<div class=\"elementor-element elementor-element-4ebae15 elementor-position-left elementor-vertical-align-top elementor-widget elementor-widget-image-box\" data-id=\"4ebae15\" data-element_type=\"widget\" data-widget_type=\"image-box.default\">\n\t\t\t\t<div class=\"elementor-widget-container\">\n\t\t\t\t\t<div class=\"elementor-image-box-wrapper\"><figure class=\"elementor-image-box-img\"><img decoding=\"async\" src=\"http:\/\/medieproduktion.lnu.se\/kalmarcorren\/wp-content\/uploads\/sites\/517\/2021\/03\/SAMUEL.gif\" title=\"\" alt=\"\" loading=\"lazy\" \/><\/figure><div class=\"elementor-image-box-content\"><h3 class=\"elementor-image-box-title\">Samuel Wikstr\u00f6m<\/h3><p class=\"elementor-image-box-description\"><b>Reporter <\/b> <br>\n<a href=\"mailto:sw222wd@student.lnu.se\">sw222wdn@student.lnu.se<\/a><br>\n076-087 86 17<\/p><\/div><\/div>\t\t\t\t<\/div>\n\t\t\t\t<\/div>\n\t\t\t\t\t<\/div>\n\t\t<\/div>\n\t\t\t\t\t<\/div>\n\t\t<\/section>\n\t\t\t\t<section class=\"elementor-section elementor-top-section elementor-element elementor-element-ae614ad elementor-section-boxed elementor-section-height-default elementor-section-height-default\" data-id=\"ae614ad\" data-element_type=\"section\">\n\t\t\t\t\t\t<div class=\"elementor-container elementor-column-gap-default\">\n\t\t\t\t\t<div class=\"elementor-column elementor-col-100 elementor-top-column elementor-element elementor-element-e4be9e6\" data-id=\"e4be9e6\" data-element_type=\"column\">\n\t\t\t<div class=\"elementor-widget-wrap elementor-element-populated\">\n\t\t\t\t\t\t<div class=\"elementor-element elementor-element-99c05ab elementor-widget-divider--view-line elementor-widget elementor-widget-divider\" data-id=\"99c05ab\" data-element_type=\"widget\" data-widget_type=\"divider.default\">\n\t\t\t\t<div class=\"elementor-widget-container\">\n\t\t\t\t\t\t\t<div class=\"elementor-divider\">\n\t\t\t<span class=\"elementor-divider-separator\">\n\t\t\t\t\t\t<\/span>\n\t\t<\/div>\n\t\t\t\t\t\t<\/div>\n\t\t\t\t<\/div>\n\t\t\t\t<div class=\"elementor-element elementor-element-b3f6d22 elementor-position-left elementor-vertical-align-top elementor-widget elementor-widget-image-box\" data-id=\"b3f6d22\" data-element_type=\"widget\" data-widget_type=\"image-box.default\">\n\t\t\t\t<div class=\"elementor-widget-container\">\n\t\t\t\t\t<div class=\"elementor-image-box-wrapper\"><figure class=\"elementor-image-box-img\"><img decoding=\"async\" width=\"150\" height=\"150\" src=\"https:\/\/medieproduktion.lnu.se\/kalmarcorren\/wp-content\/uploads\/sites\/517\/2021\/03\/NILS-150x150.gif\" class=\"attachment-thumbnail size-thumbnail wp-image-403\" alt=\"Bild p\u00e5 Nils Cedman\" \/><\/figure><div class=\"elementor-image-box-content\"><h3 class=\"elementor-image-box-title\">Nils Cedman<\/h3><p class=\"elementor-image-box-description\"><b>Reporter <\/b> <br \/>\n<a href= \"mailto:nc222fi@student.lnu.se\">nc222fi@student.lnu.se<\/a><br>\n072-177 16 86<\/p><\/div><\/div>\t\t\t\t<\/div>\n\t\t\t\t<\/div>\n\t\t\t\t<div class=\"elementor-element elementor-element-59520c7 elementor-widget-divider--view-line elementor-widget elementor-widget-divider\" data-id=\"59520c7\" data-element_type=\"widget\" data-widget_type=\"divider.default\">\n\t\t\t\t<div class=\"elementor-widget-container\">\n\t\t\t\t\t\t\t<div class=\"elementor-divider\">\n\t\t\t<span class=\"elementor-divider-separator\">\n\t\t\t\t\t\t<\/span>\n\t\t<\/div>\n\t\t\t\t\t\t<\/div>\n\t\t\t\t<\/div>\n\t\t\t\t\t<\/div>\n\t\t<\/div>\n\t\t\t\t\t<\/div>\n\t\t<\/section>\n\t\t\t\t<\/div>\n\t\t","protected":false},"excerpt":{"rendered":"<p>Om oss Kalmar Corren \u00e4r en webbtidning som drivs av fyra journaliststudenter p\u00e5 Linn\u00e9universitetet i Kalmar. Vi ger dig de senaste nyheterna fr\u00e5n Kalmar l\u00e4n. Albin Lindstr\u00f6m Reporter al224xn@student.lnu.se 073-310 03 57 Isaac Turner Reporter it222et@student.lnu.se 070-842 23 83 Samuel Wikstr\u00f6m Reporter sw222wdn@student.lnu.se 076-087 86 17 Nils Cedman Reporter nc222fi@student.lnu.se 072-177 16 86<\/p>\n","protected":false},"author":358,"featured_media":0,"parent":0,"menu_order":0,"comment_status":"closed","ping_status":"closed","template":"","meta":{"_seopress_robots_primary_cat":"","_seopress_titles_title":"","_seopress_titles_desc":"","_seopress_robots_index":"","footnotes":""},"class_list":["post-393","page","type-page","status-publish"],"_links":{"self":[{"href":"https:\/\/medieproduktion.lnu.se\/kalmarcorren\/wp-json\/wp\/v2\/pages\/393","targetHints":{"allow":["GET"]}}],"collection":[{"href":"https:\/\/medieproduktion.lnu.se\/kalmarcorren\/wp-json\/wp\/v2\/pages"}],"about":[{"href":"https:\/\/medieproduktion.lnu.se\/kalmarcorren\/wp-json\/wp\/v2\/types\/page"}],"author":[{"embeddable":true,"href":"https:\/\/medieproduktion.lnu.se\/kalmarcorren\/wp-json\/wp\/v2\/users\/358"}],"replies":[{"embeddable":true,"href":"https:\/\/medieproduktion.lnu.se\/kalmarcorren\/wp-json\/wp\/v2\/comments?post=393"}],"version-history":[{"count":19,"href":"https:\/\/medieproduktion.lnu.se\/kalmarcorren\/wp-json\/wp\/v2\/pages\/393\/revisions"}],"predecessor-version":[{"id":592,"href":"https:\/\/medieproduktion.lnu.se\/kalmarcorren\/wp-json\/wp\/v2\/pages\/393\/revisions\/592"}],"wp:attachment":[{"href":"https:\/\/medieproduktion.lnu.se\/kalmarcorren\/wp-json\/wp\/v2\/media?parent=393"}],"curies":[{"name":"wp","href":"https:\/\/api.w.org\/{rel}","templated":true}]}}