{"id":281,"date":"2021-03-09T13:14:40","date_gmt":"2021-03-09T12:14:40","guid":{"rendered":"http:\/\/medieproduktion.lnu.se\/kalmarcorren\/?page_id=281"},"modified":"2021-03-18T08:16:38","modified_gmt":"2021-03-18T07:16:38","slug":"webb-tv","status":"publish","type":"page","link":"https:\/\/medieproduktion.lnu.se\/kalmarcorren\/webb-tv\/","title":{"rendered":""},"content":{"rendered":"\t\t<div data-elementor-type=\"wp-post\" data-elementor-id=\"281\" class=\"elementor elementor-281 elementor-bc-flex-widget\" data-elementor-post-type=\"page\">\n\t\t\t\t\t\t<section class=\"elementor-section elementor-top-section elementor-element elementor-element-f02f4e2 elementor-section-boxed elementor-section-height-default elementor-section-height-default\" data-id=\"f02f4e2\" data-element_type=\"section\">\n\t\t\t\t\t\t<div class=\"elementor-container elementor-column-gap-default\">\n\t\t\t\t\t<div class=\"elementor-column elementor-col-100 elementor-top-column elementor-element elementor-element-3d1e95b\" data-id=\"3d1e95b\" data-element_type=\"column\">\n\t\t\t<div class=\"elementor-widget-wrap elementor-element-populated\">\n\t\t\t\t\t\t<div class=\"elementor-element elementor-element-03bb73d elementor-widget elementor-widget-heading\" data-id=\"03bb73d\" data-element_type=\"widget\" data-widget_type=\"heading.default\">\n\t\t\t\t<div class=\"elementor-widget-container\">\n\t\t\t\t\t<h2 class=\"elementor-heading-title elementor-size-default\">Webb-TV<\/h2>\t\t\t\t<\/div>\n\t\t\t\t<\/div>\n\t\t\t\t<div class=\"elementor-element elementor-element-0f136fb elementor-grid-1 elementor-grid-tablet-2 elementor-grid-mobile-1 elementor-posts--thumbnail-top elementor-widget elementor-widget-posts\" data-id=\"0f136fb\" data-element_type=\"widget\" data-settings=\"{&quot;classic_columns&quot;:&quot;1&quot;,&quot;classic_columns_tablet&quot;:&quot;2&quot;,&quot;classic_columns_mobile&quot;:&quot;1&quot;,&quot;classic_row_gap&quot;:{&quot;unit&quot;:&quot;px&quot;,&quot;size&quot;:35,&quot;sizes&quot;:[]},&quot;classic_row_gap_tablet&quot;:{&quot;unit&quot;:&quot;px&quot;,&quot;size&quot;:&quot;&quot;,&quot;sizes&quot;:[]},&quot;classic_row_gap_mobile&quot;:{&quot;unit&quot;:&quot;px&quot;,&quot;size&quot;:&quot;&quot;,&quot;sizes&quot;:[]}}\" data-widget_type=\"posts.classic\">\n\t\t\t\t<div class=\"elementor-widget-container\">\n\t\t\t\t\t\t\t<div class=\"elementor-posts-container elementor-posts elementor-posts--skin-classic elementor-grid\" role=\"list\">\n\t\t\t\t<article class=\"elementor-post elementor-grid-item post-1064 post type-post status-publish format-standard has-post-thumbnail hentry category-webb-tv\" role=\"listitem\">\n\t\t\t\t<a class=\"elementor-post__thumbnail__link\" href=\"https:\/\/medieproduktion.lnu.se\/kalmarcorren\/webb-tv\/webb-tv-tuff-var-for-pollenalergiker-sa-slipper-du-besvaren\/\" tabindex=\"-1\" >\n\t\t\t<div class=\"elementor-post__thumbnail\"><img fetchpriority=\"high\" decoding=\"async\" width=\"1000\" height=\"549\" src=\"https:\/\/medieproduktion.lnu.se\/kalmarcorren\/wp-content\/uploads\/sites\/517\/2021\/03\/pollenwebb.jpg\" class=\"attachment-large size-large wp-image-1073\" alt=\"Bild p\u00e5 pollen.\" srcset=\"https:\/\/medieproduktion.lnu.se\/kalmarcorren\/wp-content\/uploads\/sites\/517\/2021\/03\/pollenwebb.jpg 1000w, https:\/\/medieproduktion.lnu.se\/kalmarcorren\/wp-content\/uploads\/sites\/517\/2021\/03\/pollenwebb-300x165.jpg 300w, https:\/\/medieproduktion.lnu.se\/kalmarcorren\/wp-content\/uploads\/sites\/517\/2021\/03\/pollenwebb-768x422.jpg 768w\" sizes=\"(max-width: 1000px) 100vw, 1000px\" \/><\/div>\n\t\t<\/a>\n\t\t\t\t<div class=\"elementor-post__text\">\n\t\t\t\t<h3 class=\"elementor-post__title\">\n\t\t\t<a href=\"https:\/\/medieproduktion.lnu.se\/kalmarcorren\/webb-tv\/webb-tv-tuff-var-for-pollenalergiker-sa-slipper-du-besvaren\/\" >\n\t\t\t\tWEBB-TV: Tuff v\u00e5r att v\u00e4nta f\u00f6r pollenalergiker \u2013 s\u00e5 slipper du besv\u00e4ren\t\t\t<\/a>\n\t\t<\/h3>\n\t\t\t\t<div class=\"elementor-post__meta-data\">\n\t\t\t\t\t<span class=\"elementor-post-author\">\n\t\t\tNils Cedman\t\t<\/span>\n\t\t\t\t<span class=\"elementor-post-date\">\n\t\t\t24 mars, 2021\t\t<\/span>\n\t\t\t\t<\/div>\n\t\t\t\t<div class=\"elementor-post__excerpt\">\n\t\t\t<p><a href=\"http:\/\/medieproduktion.lnu.se\/kalmarcorren\/webb-tv\/webb-tv-tuff-var-for-pollenalergiker-sa-slipper-du-besvaren\/\"> Pollens\u00e4songen \u00e4r h\u00e4r \u2013 och den kan bli extra besv\u00e4rlig i \u00e5r<\/a><\/p>\n\t\t<\/div>\n\t\t\t\t<\/div>\n\t\t\t\t<\/article>\n\t\t\t\t<article class=\"elementor-post elementor-grid-item post-982 post type-post status-publish format-standard has-post-thumbnail hentry category-webb-tv\" role=\"listitem\">\n\t\t\t\t<a class=\"elementor-post__thumbnail__link\" href=\"https:\/\/medieproduktion.lnu.se\/kalmarcorren\/webb-tv\/webbtv-bakom-kulisserna-pa-kalmars-storsta-bryggeri\/\" tabindex=\"-1\" >\n\t\t\t<div class=\"elementor-post__thumbnail\"><img decoding=\"async\" width=\"1024\" height=\"717\" src=\"https:\/\/medieproduktion.lnu.se\/kalmarcorren\/wp-content\/uploads\/sites\/517\/2021\/03\/A\u0308ngo\u0308l-Johan-1024x717.jpg\" class=\"attachment-large size-large wp-image-986\" alt=\"Johan H\u00e5kansson p\u00e5 \u00c4ng\u00f6l\" srcset=\"https:\/\/medieproduktion.lnu.se\/kalmarcorren\/wp-content\/uploads\/sites\/517\/2021\/03\/A\u0308ngo\u0308l-Johan-1024x717.jpg 1024w, https:\/\/medieproduktion.lnu.se\/kalmarcorren\/wp-content\/uploads\/sites\/517\/2021\/03\/A\u0308ngo\u0308l-Johan-300x210.jpg 300w, https:\/\/medieproduktion.lnu.se\/kalmarcorren\/wp-content\/uploads\/sites\/517\/2021\/03\/A\u0308ngo\u0308l-Johan-768x537.jpg 768w\" sizes=\"(max-width: 1024px) 100vw, 1024px\" \/><\/div>\n\t\t<\/a>\n\t\t\t\t<div class=\"elementor-post__text\">\n\t\t\t\t<h3 class=\"elementor-post__title\">\n\t\t\t<a href=\"https:\/\/medieproduktion.lnu.se\/kalmarcorren\/webb-tv\/webbtv-bakom-kulisserna-pa-kalmars-storsta-bryggeri\/\" >\n\t\t\t\tWebb-TV: Bakom kulisserna p\u00e5 Kalmars st\u00f6rsta bryggeri\t\t\t<\/a>\n\t\t<\/h3>\n\t\t\t\t<div class=\"elementor-post__meta-data\">\n\t\t\t\t\t<span class=\"elementor-post-author\">\n\t\t\tSamuel Wikstr\u00f6m\t\t<\/span>\n\t\t\t\t<span class=\"elementor-post-date\">\n\t\t\t23 mars, 2021\t\t<\/span>\n\t\t\t\t<\/div>\n\t\t\t\t<div class=\"elementor-post__excerpt\">\n\t\t\t<p><a href=\"http:\/\/medieproduktion.lnu.se\/kalmarcorren\/webb-tv\/webbtv-bakom-kulisserna-pa-kalmars-storsta-bryggeri\">\u00c4ng\u00f6ls \u00e4gare Johan H\u00e5kansson tar med oss p\u00e5 en rundtur p\u00e5 bryggeriet och visar hur de brygger en av sina s\u00e4songs\u00f6l. <\/a><\/p>\n\t\t<\/div>\n\t\t\t\t<\/div>\n\t\t\t\t<\/article>\n\t\t\t\t<article class=\"elementor-post elementor-grid-item post-881 post type-post status-publish format-standard has-post-thumbnail hentry category-webb-tv\" role=\"listitem\">\n\t\t\t\t<a class=\"elementor-post__thumbnail__link\" href=\"https:\/\/medieproduktion.lnu.se\/kalmarcorren\/webb-tv\/pop-up-butiken-som-gor-succe-det-var-ko-i-flera-timmar\/\" tabindex=\"-1\" >\n\t\t\t<div class=\"elementor-post__thumbnail\"><img decoding=\"async\" width=\"1024\" height=\"640\" src=\"https:\/\/medieproduktion.lnu.se\/kalmarcorren\/wp-content\/uploads\/sites\/517\/2021\/03\/Sk\u00e4rmavbild-2021-03-22-kl.-14.39.54-1024x640.png\" class=\"attachment-large size-large wp-image-895\" alt=\"Sk\u00e4rmdump ifr\u00e5n video p\u00e5 tv\u00e5 killar i en kl\u00e4dbutik.\" srcset=\"https:\/\/medieproduktion.lnu.se\/kalmarcorren\/wp-content\/uploads\/sites\/517\/2021\/03\/Sk\u00e4rmavbild-2021-03-22-kl.-14.39.54-1024x640.png 1024w, https:\/\/medieproduktion.lnu.se\/kalmarcorren\/wp-content\/uploads\/sites\/517\/2021\/03\/Sk\u00e4rmavbild-2021-03-22-kl.-14.39.54-300x188.png 300w, https:\/\/medieproduktion.lnu.se\/kalmarcorren\/wp-content\/uploads\/sites\/517\/2021\/03\/Sk\u00e4rmavbild-2021-03-22-kl.-14.39.54-768x480.png 768w, https:\/\/medieproduktion.lnu.se\/kalmarcorren\/wp-content\/uploads\/sites\/517\/2021\/03\/Sk\u00e4rmavbild-2021-03-22-kl.-14.39.54.png 1440w\" sizes=\"(max-width: 1024px) 100vw, 1024px\" \/><\/div>\n\t\t<\/a>\n\t\t\t\t<div class=\"elementor-post__text\">\n\t\t\t\t<h3 class=\"elementor-post__title\">\n\t\t\t<a href=\"https:\/\/medieproduktion.lnu.se\/kalmarcorren\/webb-tv\/pop-up-butiken-som-gor-succe-det-var-ko-i-flera-timmar\/\" >\n\t\t\t\tWebb-TV: Pop up-butiken som g\u00f6r succ\u00e9: &#8221;Det var k\u00f6 i flera timmar&#8221;\t\t\t<\/a>\n\t\t<\/h3>\n\t\t\t\t<div class=\"elementor-post__meta-data\">\n\t\t\t\t\t<span class=\"elementor-post-author\">\n\t\t\tIsaac Turner\t\t<\/span>\n\t\t\t\t<span class=\"elementor-post-date\">\n\t\t\t22 mars, 2021\t\t<\/span>\n\t\t\t\t<\/div>\n\t\t\t\t<div class=\"elementor-post__excerpt\">\n\t\t\t<p><a href=\"http:\/\/medieproduktion.lnu.se\/kalmarcorren\/?p=881&amp;preview=true\">Second hand-butiken har f\u00e5tt positiv respons sedan d\u00f6rrarna \u00f6ppnades under h\u00f6sten. <\/a><\/p>\n\t\t<\/div>\n\t\t\t\t<\/div>\n\t\t\t\t<\/article>\n\t\t\t\t<article class=\"elementor-post elementor-grid-item post-850 post type-post status-publish format-standard has-post-thumbnail hentry category-webb-tv\" role=\"listitem\">\n\t\t\t\t<a class=\"elementor-post__thumbnail__link\" href=\"https:\/\/medieproduktion.lnu.se\/kalmarcorren\/webb-tv\/sa-manga-har-vaccinerats-i-lanet-kommun-for-kommun\/\" tabindex=\"-1\" >\n\t\t\t<div class=\"elementor-post__thumbnail\"><img loading=\"lazy\" decoding=\"async\" width=\"1024\" height=\"576\" src=\"https:\/\/medieproduktion.lnu.se\/kalmarcorren\/wp-content\/uploads\/sites\/517\/2021\/03\/covid-mannen-1024x576.jpg\" class=\"attachment-large size-large wp-image-820\" alt=\"Bild p\u00e5 bakterien som orsakar coronaviruset\" srcset=\"https:\/\/medieproduktion.lnu.se\/kalmarcorren\/wp-content\/uploads\/sites\/517\/2021\/03\/covid-mannen-1024x576.jpg 1024w, https:\/\/medieproduktion.lnu.se\/kalmarcorren\/wp-content\/uploads\/sites\/517\/2021\/03\/covid-mannen-300x169.jpg 300w, https:\/\/medieproduktion.lnu.se\/kalmarcorren\/wp-content\/uploads\/sites\/517\/2021\/03\/covid-mannen-768x432.jpg 768w, https:\/\/medieproduktion.lnu.se\/kalmarcorren\/wp-content\/uploads\/sites\/517\/2021\/03\/covid-mannen.jpg 1489w\" sizes=\"(max-width: 1024px) 100vw, 1024px\" \/><\/div>\n\t\t<\/a>\n\t\t\t\t<div class=\"elementor-post__text\">\n\t\t\t\t<h3 class=\"elementor-post__title\">\n\t\t\t<a href=\"https:\/\/medieproduktion.lnu.se\/kalmarcorren\/webb-tv\/sa-manga-har-vaccinerats-i-lanet-kommun-for-kommun\/\" >\n\t\t\t\tGrafik: S\u00e5 m\u00e5nga har vaccinerats i l\u00e4net \u2013 kommun f\u00f6r kommun\t\t\t<\/a>\n\t\t<\/h3>\n\t\t\t\t<div class=\"elementor-post__meta-data\">\n\t\t\t\t\t<span class=\"elementor-post-author\">\n\t\t\tAlbin Lindstr\u00f6m\t\t<\/span>\n\t\t\t\t<span class=\"elementor-post-date\">\n\t\t\t22 mars, 2021\t\t<\/span>\n\t\t\t\t<\/div>\n\t\t\t\t<div class=\"elementor-post__excerpt\">\n\t\t\t<p><a href=\"http:\/\/medieproduktion.lnu.se\/kalmarcorren\/okategoriserade\/sa-manga-har-vaccinerats-i-lanet-kommun-for-kommun\">H\u00f6gst andel vaccinerade i Kalmar l\u00e4n har Borgholms kommun, b\u00e5de sett till p\u00e5b\u00f6rjade och f\u00e4rdiga vaccinationer.<\/a><\/p>\n\t\t<\/div>\n\t\t\t\t<\/div>\n\t\t\t\t<\/article>\n\t\t\t\t<\/div>\n\t\t\n\t\t\t\t\t\t<\/div>\n\t\t\t\t<\/div>\n\t\t\t\t\t<\/div>\n\t\t<\/div>\n\t\t\t\t\t<\/div>\n\t\t<\/section>\n\t\t\t\t<\/div>\n\t\t","protected":false},"excerpt":{"rendered":"<p>Webb-TV<\/p>\n","protected":false},"author":358,"featured_media":0,"parent":0,"menu_order":0,"comment_status":"closed","ping_status":"closed","template":"","meta":{"_seopress_robots_primary_cat":"","_seopress_titles_title":"","_seopress_titles_desc":"","_seopress_robots_index":"","footnotes":""},"class_list":["post-281","page","type-page","status-publish","hentry"],"_links":{"self":[{"href":"https:\/\/medieproduktion.lnu.se\/kalmarcorren\/wp-json\/wp\/v2\/pages\/281","targetHints":{"allow":["GET"]}}],"collection":[{"href":"https:\/\/medieproduktion.lnu.se\/kalmarcorren\/wp-json\/wp\/v2\/pages"}],"about":[{"href":"https:\/\/medieproduktion.lnu.se\/kalmarcorren\/wp-json\/wp\/v2\/types\/page"}],"author":[{"embeddable":true,"href":"https:\/\/medieproduktion.lnu.se\/kalmarcorren\/wp-json\/wp\/v2\/users\/358"}],"replies":[{"embeddable":true,"href":"https:\/\/medieproduktion.lnu.se\/kalmarcorren\/wp-json\/wp\/v2\/comments?post=281"}],"version-history":[{"count":7,"href":"https:\/\/medieproduktion.lnu.se\/kalmarcorren\/wp-json\/wp\/v2\/pages\/281\/revisions"}],"predecessor-version":[{"id":787,"href":"https:\/\/medieproduktion.lnu.se\/kalmarcorren\/wp-json\/wp\/v2\/pages\/281\/revisions\/787"}],"wp:attachment":[{"href":"https:\/\/medieproduktion.lnu.se\/kalmarcorren\/wp-json\/wp\/v2\/media?parent=281"}],"curies":[{"name":"wp","href":"https:\/\/api.w.org\/{rel}","templated":true}]}}