{"id":264,"date":"2021-03-09T13:03:52","date_gmt":"2021-03-09T12:03:52","guid":{"rendered":"http:\/\/medieproduktion.lnu.se\/kalmarcorren\/?page_id=264"},"modified":"2021-03-25T14:18:21","modified_gmt":"2021-03-25T13:18:21","slug":"sport","status":"publish","type":"page","link":"https:\/\/medieproduktion.lnu.se\/kalmarcorren\/sport\/","title":{"rendered":""},"content":{"rendered":"\t\t<div data-elementor-type=\"wp-post\" data-elementor-id=\"264\" class=\"elementor elementor-264 elementor-bc-flex-widget\" data-elementor-post-type=\"page\">\n\t\t\t\t\t\t<section class=\"elementor-section elementor-top-section elementor-element elementor-element-f02f4e2 elementor-section-boxed elementor-section-height-default elementor-section-height-default\" data-id=\"f02f4e2\" data-element_type=\"section\">\n\t\t\t\t\t\t<div class=\"elementor-container elementor-column-gap-default\">\n\t\t\t\t\t<div class=\"elementor-column elementor-col-100 elementor-top-column elementor-element elementor-element-3d1e95b\" data-id=\"3d1e95b\" data-element_type=\"column\">\n\t\t\t<div class=\"elementor-widget-wrap elementor-element-populated\">\n\t\t\t\t\t\t<div class=\"elementor-element elementor-element-03bb73d elementor-widget elementor-widget-heading\" data-id=\"03bb73d\" data-element_type=\"widget\" data-widget_type=\"heading.default\">\n\t\t\t\t<div class=\"elementor-widget-container\">\n\t\t\t\t\t<h2 class=\"elementor-heading-title elementor-size-default\">Sport<\/h2>\t\t\t\t<\/div>\n\t\t\t\t<\/div>\n\t\t\t\t<div class=\"elementor-element elementor-element-0f136fb elementor-grid-1 elementor-grid-tablet-2 elementor-grid-mobile-1 elementor-posts--thumbnail-top elementor-widget elementor-widget-posts\" data-id=\"0f136fb\" data-element_type=\"widget\" data-settings=\"{&quot;classic_columns&quot;:&quot;1&quot;,&quot;classic_columns_tablet&quot;:&quot;2&quot;,&quot;classic_columns_mobile&quot;:&quot;1&quot;,&quot;classic_row_gap&quot;:{&quot;unit&quot;:&quot;px&quot;,&quot;size&quot;:35,&quot;sizes&quot;:[]},&quot;classic_row_gap_tablet&quot;:{&quot;unit&quot;:&quot;px&quot;,&quot;size&quot;:&quot;&quot;,&quot;sizes&quot;:[]},&quot;classic_row_gap_mobile&quot;:{&quot;unit&quot;:&quot;px&quot;,&quot;size&quot;:&quot;&quot;,&quot;sizes&quot;:[]}}\" data-widget_type=\"posts.classic\">\n\t\t\t\t<div class=\"elementor-widget-container\">\n\t\t\t\t\t\t\t<div class=\"elementor-posts-container elementor-posts elementor-posts--skin-classic elementor-grid\" role=\"list\">\n\t\t\t\t<article class=\"elementor-post elementor-grid-item post-1025 post type-post status-publish format-standard has-post-thumbnail hentry category-sport\" role=\"listitem\">\n\t\t\t\t<a class=\"elementor-post__thumbnail__link\" href=\"https:\/\/medieproduktion.lnu.se\/kalmarcorren\/sport\/tiden-utomlands-var-en-drom-det-ar-har-jag-vill-vara\/\" tabindex=\"-1\" >\n\t\t\t<div class=\"elementor-post__thumbnail\"><img fetchpriority=\"high\" decoding=\"async\" width=\"800\" height=\"523\" src=\"https:\/\/medieproduktion.lnu.se\/kalmarcorren\/wp-content\/uploads\/sites\/517\/2021\/03\/Adrian.jpg\" class=\"attachment-large size-large wp-image-1041\" alt=\"Fotbollsspelare med armarna i sidan.\" srcset=\"https:\/\/medieproduktion.lnu.se\/kalmarcorren\/wp-content\/uploads\/sites\/517\/2021\/03\/Adrian.jpg 800w, https:\/\/medieproduktion.lnu.se\/kalmarcorren\/wp-content\/uploads\/sites\/517\/2021\/03\/Adrian-300x196.jpg 300w, https:\/\/medieproduktion.lnu.se\/kalmarcorren\/wp-content\/uploads\/sites\/517\/2021\/03\/Adrian-768x502.jpg 768w\" sizes=\"(max-width: 800px) 100vw, 800px\" \/><\/div>\n\t\t<\/a>\n\t\t\t\t<div class=\"elementor-post__text\">\n\t\t\t\t<h3 class=\"elementor-post__title\">\n\t\t\t<a href=\"https:\/\/medieproduktion.lnu.se\/kalmarcorren\/sport\/tiden-utomlands-var-en-drom-det-ar-har-jag-vill-vara\/\" >\n\t\t\t\tTiden utomlands var en dr\u00f6m: &#8221;Det \u00e4r h\u00e4r jag vill vara&#8221;\t\t\t<\/a>\n\t\t<\/h3>\n\t\t\t\t<div class=\"elementor-post__meta-data\">\n\t\t\t\t\t<span class=\"elementor-post-author\">\n\t\t\tIsaac Turner\t\t<\/span>\n\t\t\t\t<span class=\"elementor-post-date\">\n\t\t\t24 mars, 2021\t\t<\/span>\n\t\t\t\t<\/div>\n\t\t\t\t<div class=\"elementor-post__excerpt\">\n\t\t\t<p><a href=\"http:\/\/medieproduktion.lnu.se\/kalmarcorren\/?p=1025&amp;preview=true\">Adrian Edqvist m\u00e5l \u00e4r att spela i de st\u00f6rsta klubbarna i v\u00e4rlden.  <\/a><\/p>\n\t\t<\/div>\n\t\t\t\t<\/div>\n\t\t\t\t<\/article>\n\t\t\t\t<\/div>\n\t\t\n\t\t\t\t\t\t<\/div>\n\t\t\t\t<\/div>\n\t\t\t\t\t<\/div>\n\t\t<\/div>\n\t\t\t\t\t<\/div>\n\t\t<\/section>\n\t\t\t\t<section class=\"elementor-section elementor-top-section elementor-element elementor-element-33d9b52 elementor-section-boxed elementor-section-height-default elementor-section-height-default\" data-id=\"33d9b52\" data-element_type=\"section\">\n\t\t\t\t\t\t<div class=\"elementor-container elementor-column-gap-default\">\n\t\t\t\t\t<div class=\"elementor-column elementor-col-100 elementor-top-column elementor-element elementor-element-5f0d699\" data-id=\"5f0d699\" data-element_type=\"column\">\n\t\t\t<div class=\"elementor-widget-wrap elementor-element-populated\">\n\t\t\t\t\t\t<div class=\"elementor-element elementor-element-011e4d5 elementor-grid-2 elementor-grid-tablet-2 elementor-grid-mobile-1 elementor-posts--thumbnail-top elementor-widget elementor-widget-posts\" data-id=\"011e4d5\" data-element_type=\"widget\" data-settings=\"{&quot;classic_columns&quot;:&quot;2&quot;,&quot;classic_columns_tablet&quot;:&quot;2&quot;,&quot;classic_columns_mobile&quot;:&quot;1&quot;,&quot;classic_row_gap&quot;:{&quot;unit&quot;:&quot;px&quot;,&quot;size&quot;:35,&quot;sizes&quot;:[]},&quot;classic_row_gap_tablet&quot;:{&quot;unit&quot;:&quot;px&quot;,&quot;size&quot;:&quot;&quot;,&quot;sizes&quot;:[]},&quot;classic_row_gap_mobile&quot;:{&quot;unit&quot;:&quot;px&quot;,&quot;size&quot;:&quot;&quot;,&quot;sizes&quot;:[]}}\" data-widget_type=\"posts.classic\">\n\t\t\t\t<div class=\"elementor-widget-container\">\n\t\t\t\t\t\t\t<div class=\"elementor-posts-container elementor-posts elementor-posts--skin-classic elementor-grid\" role=\"list\">\n\t\t\t\t<article class=\"elementor-post elementor-grid-item post-962 post type-post status-publish format-standard has-post-thumbnail hentry category-sport\" role=\"listitem\">\n\t\t\t\t<a class=\"elementor-post__thumbnail__link\" href=\"https:\/\/medieproduktion.lnu.se\/kalmarcorren\/sport\/fbc-kalmarsund-tog-tredje-raka-vinsten-i-slutspelet\/\" tabindex=\"-1\" >\n\t\t\t<div class=\"elementor-post__thumbnail\"><img decoding=\"async\" width=\"980\" height=\"551\" src=\"https:\/\/medieproduktion.lnu.se\/kalmarcorren\/wp-content\/uploads\/sites\/517\/2021\/03\/FBC_Kalmarsund.jpg\" class=\"attachment-large size-large wp-image-973\" alt=\"Innebandyspelare med armarna upp\u00e5t.\" srcset=\"https:\/\/medieproduktion.lnu.se\/kalmarcorren\/wp-content\/uploads\/sites\/517\/2021\/03\/FBC_Kalmarsund.jpg 980w, https:\/\/medieproduktion.lnu.se\/kalmarcorren\/wp-content\/uploads\/sites\/517\/2021\/03\/FBC_Kalmarsund-300x169.jpg 300w, https:\/\/medieproduktion.lnu.se\/kalmarcorren\/wp-content\/uploads\/sites\/517\/2021\/03\/FBC_Kalmarsund-768x432.jpg 768w\" sizes=\"(max-width: 980px) 100vw, 980px\" \/><\/div>\n\t\t<\/a>\n\t\t\t\t<div class=\"elementor-post__text\">\n\t\t\t\t<h3 class=\"elementor-post__title\">\n\t\t\t<a href=\"https:\/\/medieproduktion.lnu.se\/kalmarcorren\/sport\/fbc-kalmarsund-tog-tredje-raka-vinsten-i-slutspelet\/\" >\n\t\t\t\tFBC Kalmarsund tog tredje raka vinsten i slutspelet\t\t\t<\/a>\n\t\t<\/h3>\n\t\t\t\t<div class=\"elementor-post__meta-data\">\n\t\t\t\t\t<span class=\"elementor-post-author\">\n\t\t\tIsaac Turner\t\t<\/span>\n\t\t\t\t<span class=\"elementor-post-date\">\n\t\t\t23 mars, 2021\t\t<\/span>\n\t\t\t\t<\/div>\n\t\t\t\t<div class=\"elementor-post__excerpt\">\n\t\t\t<p><a href=\"http:\/\/medieproduktion.lnu.se\/kalmarcorren\/sport\/fbc-kalmarsund-tog-tredje-raka-vinsten-i-slutspelet\/\">Trippla tv\u00e5m\u00e5lsskyttar n\u00e4r FBC Kalmarsund vinner tredje raka matchen.<\/a><\/p>\n\t\t<\/div>\n\t\t\t\t<\/div>\n\t\t\t\t<\/article>\n\t\t\t\t<article class=\"elementor-post elementor-grid-item post-858 post type-post status-publish format-standard has-post-thumbnail hentry category-sport\" role=\"listitem\">\n\t\t\t\t<a class=\"elementor-post__thumbnail__link\" href=\"https:\/\/medieproduktion.lnu.se\/kalmarcorren\/sport\/nybrokommentatorns-referat-blev-miljonsucce-inte-fattat-det-an\/\" tabindex=\"-1\" >\n\t\t\t<div class=\"elementor-post__thumbnail\"><img decoding=\"async\" width=\"1000\" height=\"710\" src=\"https:\/\/medieproduktion.lnu.se\/kalmarcorren\/wp-content\/uploads\/sites\/517\/2021\/03\/HakanwebbRATT1.jpg\" class=\"attachment-large size-large wp-image-960\" alt=\"H\u00e5kan L\u00f6nngren sitter och kommenterar.\" srcset=\"https:\/\/medieproduktion.lnu.se\/kalmarcorren\/wp-content\/uploads\/sites\/517\/2021\/03\/HakanwebbRATT1.jpg 1000w, https:\/\/medieproduktion.lnu.se\/kalmarcorren\/wp-content\/uploads\/sites\/517\/2021\/03\/HakanwebbRATT1-300x213.jpg 300w, https:\/\/medieproduktion.lnu.se\/kalmarcorren\/wp-content\/uploads\/sites\/517\/2021\/03\/HakanwebbRATT1-768x545.jpg 768w\" sizes=\"(max-width: 1000px) 100vw, 1000px\" \/><\/div>\n\t\t<\/a>\n\t\t\t\t<div class=\"elementor-post__text\">\n\t\t\t\t<h3 class=\"elementor-post__title\">\n\t\t\t<a href=\"https:\/\/medieproduktion.lnu.se\/kalmarcorren\/sport\/nybrokommentatorns-referat-blev-miljonsucce-inte-fattat-det-an\/\" >\n\t\t\t\tNybrokommentatorns referat blev miljonsucc\u00e9: &#8221;Inte fattat det \u00e4n&#8221;\t\t\t<\/a>\n\t\t<\/h3>\n\t\t\t\t<div class=\"elementor-post__meta-data\">\n\t\t\t\t\t<span class=\"elementor-post-author\">\n\t\t\tNils Cedman\t\t<\/span>\n\t\t\t\t<span class=\"elementor-post-date\">\n\t\t\t23 mars, 2021\t\t<\/span>\n\t\t\t\t<\/div>\n\t\t\t\t<div class=\"elementor-post__excerpt\">\n\t\t\t<p><a href=\"http:\/\/medieproduktion.lnu.se\/kalmarcorren\/?p=858&amp;preview=true\" \/>H\u00e5kan L\u00f6nngren spelades in n\u00e4r han kommenterade \u2013 har n\u00e4stan en miljon klick p\u00e5 Youtube: &#8221;Undrade hur i helvete det hade kommit ut&#8221;<\/a><\/p>\n\t\t<\/div>\n\t\t\t\t<\/div>\n\t\t\t\t<\/article>\n\t\t\t\t<article class=\"elementor-post elementor-grid-item post-708 post type-post status-publish format-standard has-post-thumbnail hentry category-lokalt category-sport\" role=\"listitem\">\n\t\t\t\t<a class=\"elementor-post__thumbnail__link\" href=\"https:\/\/medieproduktion.lnu.se\/kalmarcorren\/lokalt\/stort-tapp-i-antal-unga-idrottsutovare-kampsporten-en-av-de-stora-forlorarna\/\" tabindex=\"-1\" >\n\t\t\t<div class=\"elementor-post__thumbnail\"><img loading=\"lazy\" decoding=\"async\" width=\"1000\" height=\"665\" src=\"https:\/\/medieproduktion.lnu.se\/kalmarcorren\/wp-content\/uploads\/sites\/517\/2021\/03\/judo_red.jpg\" class=\"attachment-large size-large wp-image-760\" alt=\"Bild p\u00e5 tv\u00e5 personer som t\u00e4vlar i Judo\" srcset=\"https:\/\/medieproduktion.lnu.se\/kalmarcorren\/wp-content\/uploads\/sites\/517\/2021\/03\/judo_red.jpg 1000w, https:\/\/medieproduktion.lnu.se\/kalmarcorren\/wp-content\/uploads\/sites\/517\/2021\/03\/judo_red-300x200.jpg 300w, https:\/\/medieproduktion.lnu.se\/kalmarcorren\/wp-content\/uploads\/sites\/517\/2021\/03\/judo_red-768x511.jpg 768w\" sizes=\"(max-width: 1000px) 100vw, 1000px\" \/><\/div>\n\t\t<\/a>\n\t\t\t\t<div class=\"elementor-post__text\">\n\t\t\t\t<h3 class=\"elementor-post__title\">\n\t\t\t<a href=\"https:\/\/medieproduktion.lnu.se\/kalmarcorren\/lokalt\/stort-tapp-i-antal-unga-idrottsutovare-kampsporten-en-av-de-stora-forlorarna\/\" >\n\t\t\t\tF\u00e4rre unga idrottare till f\u00f6ljd av pandemin \u2013 kampsporten drabbas h\u00e5rt\t\t\t<\/a>\n\t\t<\/h3>\n\t\t\t\t<div class=\"elementor-post__meta-data\">\n\t\t\t\t\t<span class=\"elementor-post-author\">\n\t\t\tAlbin Lindstr\u00f6m\t\t<\/span>\n\t\t\t\t<span class=\"elementor-post-date\">\n\t\t\t17 mars, 2021\t\t<\/span>\n\t\t\t\t<\/div>\n\t\t\t\t<div class=\"elementor-post__excerpt\">\n\t\t\t<p><a href=\"http:\/\/medieproduktion.lnu.se\/kalmarcorren\/lokalt\/stort-tapp-i-antal-unga-idrottsutovare-kampsporten-en-av-de-stora-forlorarna\">Antalet unga som ut\u00f6var f\u00f6reningsidrotter har minskat drastiskt under pandemin. I Kalmar st\u00e5r kampsport, som uppvisar en nedg\u00e5ng p\u00e5 drygt 36 procent, f\u00f6r en av de st\u00f6rsta tappen<\/a>.<\/p>\n\t\t<\/div>\n\t\t\t\t<\/div>\n\t\t\t\t<\/article>\n\t\t\t\t<article class=\"elementor-post elementor-grid-item post-702 post type-post status-publish format-standard has-post-thumbnail hentry category-sport\" role=\"listitem\">\n\t\t\t\t<a class=\"elementor-post__thumbnail__link\" href=\"https:\/\/medieproduktion.lnu.se\/kalmarcorren\/sport\/ik-oskarshamn-foll-mot-frolunda-tappade-ledningen-i-sista-perioden\/\" tabindex=\"-1\" >\n\t\t\t<div class=\"elementor-post__thumbnail\"><img loading=\"lazy\" decoding=\"async\" width=\"1024\" height=\"610\" src=\"https:\/\/medieproduktion.lnu.se\/kalmarcorren\/wp-content\/uploads\/sites\/517\/2021\/03\/Va\u0308sterviks_IK_mot_IK_Oskarshamn-1024x610.jpg\" class=\"attachment-large size-large wp-image-710\" alt=\"IK Oskarshamns m\u00e5lvakt och f\u00f6rsvarare.\" srcset=\"https:\/\/medieproduktion.lnu.se\/kalmarcorren\/wp-content\/uploads\/sites\/517\/2021\/03\/Va\u0308sterviks_IK_mot_IK_Oskarshamn-1024x610.jpg 1024w, https:\/\/medieproduktion.lnu.se\/kalmarcorren\/wp-content\/uploads\/sites\/517\/2021\/03\/Va\u0308sterviks_IK_mot_IK_Oskarshamn-300x179.jpg 300w, https:\/\/medieproduktion.lnu.se\/kalmarcorren\/wp-content\/uploads\/sites\/517\/2021\/03\/Va\u0308sterviks_IK_mot_IK_Oskarshamn-768x458.jpg 768w, https:\/\/medieproduktion.lnu.se\/kalmarcorren\/wp-content\/uploads\/sites\/517\/2021\/03\/Va\u0308sterviks_IK_mot_IK_Oskarshamn.jpg 1027w\" sizes=\"(max-width: 1024px) 100vw, 1024px\" \/><\/div>\n\t\t<\/a>\n\t\t\t\t<div class=\"elementor-post__text\">\n\t\t\t\t<h3 class=\"elementor-post__title\">\n\t\t\t<a href=\"https:\/\/medieproduktion.lnu.se\/kalmarcorren\/sport\/ik-oskarshamn-foll-mot-frolunda-tappade-ledningen-i-sista-perioden\/\" >\n\t\t\t\tIK Oskarshamn f\u00f6ll mot Fr\u00f6lunda &#8211; tappade ledningen i sista perioden\t\t\t<\/a>\n\t\t<\/h3>\n\t\t\t\t<div class=\"elementor-post__meta-data\">\n\t\t\t\t\t<span class=\"elementor-post-author\">\n\t\t\tSamuel Wikstr\u00f6m\t\t<\/span>\n\t\t\t\t<span class=\"elementor-post-date\">\n\t\t\t17 mars, 2021\t\t<\/span>\n\t\t\t\t<\/div>\n\t\t\t\t<div class=\"elementor-post__excerpt\">\n\t\t\t<p><a href=\"http:\/\/medieproduktion.lnu.se\/kalmarcorren\/sport\/ik-oskarshamn-foll-mot-frolunda-tappade-ledningen-i-sista-perioden\/\">Tre insl\u00e4ppta m\u00e5l p\u00e5 tre minuter gjorde att IK Oskarshamn \u00e5kte p\u00e5 en tung f\u00f6rlust.<\/a><\/p>\n\t\t<\/div>\n\t\t\t\t<\/div>\n\t\t\t\t<\/article>\n\t\t\t\t<\/div>\n\t\t\n\t\t\t\t\t\t<\/div>\n\t\t\t\t<\/div>\n\t\t\t\t\t<\/div>\n\t\t<\/div>\n\t\t\t\t\t<\/div>\n\t\t<\/section>\n\t\t\t\t<section class=\"elementor-section elementor-top-section elementor-element elementor-element-faff1db elementor-section-boxed elementor-section-height-default elementor-section-height-default\" data-id=\"faff1db\" data-element_type=\"section\">\n\t\t\t\t\t\t<div class=\"elementor-container elementor-column-gap-default\">\n\t\t\t\t\t<div class=\"elementor-column elementor-col-100 elementor-top-column elementor-element elementor-element-2b32dd7\" data-id=\"2b32dd7\" data-element_type=\"column\">\n\t\t\t<div class=\"elementor-widget-wrap elementor-element-populated\">\n\t\t\t\t\t\t<div class=\"elementor-element elementor-element-d198ce0 elementor-grid-2 elementor-grid-tablet-2 elementor-grid-mobile-1 elementor-posts--thumbnail-top elementor-widget elementor-widget-posts\" data-id=\"d198ce0\" data-element_type=\"widget\" data-settings=\"{&quot;classic_columns&quot;:&quot;2&quot;,&quot;classic_columns_tablet&quot;:&quot;2&quot;,&quot;classic_columns_mobile&quot;:&quot;1&quot;,&quot;classic_row_gap&quot;:{&quot;unit&quot;:&quot;px&quot;,&quot;size&quot;:35,&quot;sizes&quot;:[]},&quot;classic_row_gap_tablet&quot;:{&quot;unit&quot;:&quot;px&quot;,&quot;size&quot;:&quot;&quot;,&quot;sizes&quot;:[]},&quot;classic_row_gap_mobile&quot;:{&quot;unit&quot;:&quot;px&quot;,&quot;size&quot;:&quot;&quot;,&quot;sizes&quot;:[]}}\" data-widget_type=\"posts.classic\">\n\t\t\t\t<div class=\"elementor-widget-container\">\n\t\t\t\t\t\t\t<div class=\"elementor-posts-container elementor-posts elementor-posts--skin-classic elementor-grid\" role=\"list\">\n\t\t\t\t<article class=\"elementor-post elementor-grid-item post-619 post type-post status-publish format-standard has-post-thumbnail hentry category-lokalt category-sport\" role=\"listitem\">\n\t\t\t\t<a class=\"elementor-post__thumbnail__link\" href=\"https:\/\/medieproduktion.lnu.se\/kalmarcorren\/lokalt\/hon-prisades-med-guldhanden\/\" tabindex=\"-1\" >\n\t\t\t<div class=\"elementor-post__thumbnail\"><img loading=\"lazy\" decoding=\"async\" width=\"768\" height=\"510\" src=\"https:\/\/medieproduktion.lnu.se\/kalmarcorren\/wp-content\/uploads\/sites\/517\/2021\/03\/fotboll_red.jpg\" class=\"attachment-large size-large wp-image-642\" alt=\"Tv\u00e5 fotbollsspelare i n\u00e4rkamp om bollen\" srcset=\"https:\/\/medieproduktion.lnu.se\/kalmarcorren\/wp-content\/uploads\/sites\/517\/2021\/03\/fotboll_red.jpg 768w, https:\/\/medieproduktion.lnu.se\/kalmarcorren\/wp-content\/uploads\/sites\/517\/2021\/03\/fotboll_red-300x199.jpg 300w\" sizes=\"(max-width: 768px) 100vw, 768px\" \/><\/div>\n\t\t<\/a>\n\t\t\t\t<div class=\"elementor-post__text\">\n\t\t\t\t<h3 class=\"elementor-post__title\">\n\t\t\t<a href=\"https:\/\/medieproduktion.lnu.se\/kalmarcorren\/lokalt\/hon-prisades-med-guldhanden\/\" >\n\t\t\t\tHon prisades med Guldhanden\t\t\t<\/a>\n\t\t<\/h3>\n\t\t\t\t<div class=\"elementor-post__meta-data\">\n\t\t\t\t\t<span class=\"elementor-post-author\">\n\t\t\tAlbin Lindstr\u00f6m\t\t<\/span>\n\t\t\t\t<span class=\"elementor-post-date\">\n\t\t\t16 mars, 2021\t\t<\/span>\n\t\t\t\t<\/div>\n\t\t\t\t<div class=\"elementor-post__excerpt\">\n\t\t\t<p><a href=\"http:\/\/medieproduktion.lnu.se\/kalmarcorren\/lokalt\/hon-prisades-med-guldhanden\/\"> I g\u00e5r mottog IFK Kalmars styrelseledamot Gulistan Ucar Guldhanden av stiftelsen Sverige United<\/a>.<\/p>\n\t\t<\/div>\n\t\t\t\t<\/div>\n\t\t\t\t<\/article>\n\t\t\t\t<\/div>\n\t\t\n\t\t\t\t\t\t<\/div>\n\t\t\t\t<\/div>\n\t\t\t\t\t<\/div>\n\t\t<\/div>\n\t\t\t\t\t<\/div>\n\t\t<\/section>\n\t\t\t\t<\/div>\n\t\t","protected":false},"excerpt":{"rendered":"<p>Sport<\/p>\n","protected":false},"author":358,"featured_media":0,"parent":0,"menu_order":0,"comment_status":"closed","ping_status":"closed","template":"","meta":{"_seopress_robots_primary_cat":"","_seopress_titles_title":"","_seopress_titles_desc":"","_seopress_robots_index":"","footnotes":""},"class_list":["post-264","page","type-page","status-publish","hentry"],"_links":{"self":[{"href":"https:\/\/medieproduktion.lnu.se\/kalmarcorren\/wp-json\/wp\/v2\/pages\/264","targetHints":{"allow":["GET"]}}],"collection":[{"href":"https:\/\/medieproduktion.lnu.se\/kalmarcorren\/wp-json\/wp\/v2\/pages"}],"about":[{"href":"https:\/\/medieproduktion.lnu.se\/kalmarcorren\/wp-json\/wp\/v2\/types\/page"}],"author":[{"embeddable":true,"href":"https:\/\/medieproduktion.lnu.se\/kalmarcorren\/wp-json\/wp\/v2\/users\/358"}],"replies":[{"embeddable":true,"href":"https:\/\/medieproduktion.lnu.se\/kalmarcorren\/wp-json\/wp\/v2\/comments?post=264"}],"version-history":[{"count":10,"href":"https:\/\/medieproduktion.lnu.se\/kalmarcorren\/wp-json\/wp\/v2\/pages\/264\/revisions"}],"predecessor-version":[{"id":1161,"href":"https:\/\/medieproduktion.lnu.se\/kalmarcorren\/wp-json\/wp\/v2\/pages\/264\/revisions\/1161"}],"wp:attachment":[{"href":"https:\/\/medieproduktion.lnu.se\/kalmarcorren\/wp-json\/wp\/v2\/media?parent=264"}],"curies":[{"name":"wp","href":"https:\/\/api.w.org\/{rel}","templated":true}]}}