{"id":262,"date":"2021-03-09T13:03:22","date_gmt":"2021-03-09T12:03:22","guid":{"rendered":"http:\/\/medieproduktion.lnu.se\/kalmarcorren\/?page_id=262"},"modified":"2021-03-18T08:58:14","modified_gmt":"2021-03-18T07:58:14","slug":"inrikes","status":"publish","type":"page","link":"https:\/\/medieproduktion.lnu.se\/kalmarcorren\/inrikes\/","title":{"rendered":""},"content":{"rendered":"\t\t<div data-elementor-type=\"wp-post\" data-elementor-id=\"262\" class=\"elementor elementor-262 elementor-bc-flex-widget\" data-elementor-post-type=\"page\">\n\t\t\t\t\t\t<section class=\"elementor-section elementor-top-section elementor-element elementor-element-f02f4e2 elementor-section-boxed elementor-section-height-default elementor-section-height-default\" data-id=\"f02f4e2\" data-element_type=\"section\">\n\t\t\t\t\t\t<div class=\"elementor-container elementor-column-gap-default\">\n\t\t\t\t\t<div class=\"elementor-column elementor-col-100 elementor-top-column elementor-element elementor-element-3d1e95b\" data-id=\"3d1e95b\" data-element_type=\"column\">\n\t\t\t<div class=\"elementor-widget-wrap elementor-element-populated\">\n\t\t\t\t\t\t<div class=\"elementor-element elementor-element-03bb73d elementor-widget elementor-widget-heading\" data-id=\"03bb73d\" data-element_type=\"widget\" data-widget_type=\"heading.default\">\n\t\t\t\t<div class=\"elementor-widget-container\">\n\t\t\t\t\t<h2 class=\"elementor-heading-title elementor-size-default\">Inrikes<\/h2>\t\t\t\t<\/div>\n\t\t\t\t<\/div>\n\t\t\t\t<div class=\"elementor-element elementor-element-0f136fb elementor-grid-1 elementor-grid-tablet-2 elementor-grid-mobile-1 elementor-posts--thumbnail-top elementor-widget elementor-widget-posts\" data-id=\"0f136fb\" data-element_type=\"widget\" data-settings=\"{&quot;classic_columns&quot;:&quot;1&quot;,&quot;classic_columns_tablet&quot;:&quot;2&quot;,&quot;classic_columns_mobile&quot;:&quot;1&quot;,&quot;classic_row_gap&quot;:{&quot;unit&quot;:&quot;px&quot;,&quot;size&quot;:35,&quot;sizes&quot;:[]},&quot;classic_row_gap_tablet&quot;:{&quot;unit&quot;:&quot;px&quot;,&quot;size&quot;:&quot;&quot;,&quot;sizes&quot;:[]},&quot;classic_row_gap_mobile&quot;:{&quot;unit&quot;:&quot;px&quot;,&quot;size&quot;:&quot;&quot;,&quot;sizes&quot;:[]}}\" data-widget_type=\"posts.classic\">\n\t\t\t\t<div class=\"elementor-widget-container\">\n\t\t\t\t\t\t\t<div class=\"elementor-posts-container elementor-posts elementor-posts--skin-classic elementor-grid\" role=\"list\">\n\t\t\t\t<article class=\"elementor-post elementor-grid-item post-994 post type-post status-publish format-standard has-post-thumbnail hentry category-inrikes category-lokalt\" role=\"listitem\">\n\t\t\t\t<a class=\"elementor-post__thumbnail__link\" href=\"https:\/\/medieproduktion.lnu.se\/kalmarcorren\/inrikes\/region-kalmar-i-topp-over-andel-vaccinerade-och-sa-ar-laget-i-resten-av-landet\/\" tabindex=\"-1\" >\n\t\t\t<div class=\"elementor-post__thumbnail\"><img fetchpriority=\"high\" decoding=\"async\" width=\"1000\" height=\"945\" src=\"https:\/\/medieproduktion.lnu.se\/kalmarcorren\/wp-content\/uploads\/sites\/517\/2021\/03\/sprutawebb.jpg\" class=\"attachment-large size-large wp-image-1013\" alt=\"Bild p\u00e5 spruta som fylls. Foto: NIAID.\" srcset=\"https:\/\/medieproduktion.lnu.se\/kalmarcorren\/wp-content\/uploads\/sites\/517\/2021\/03\/sprutawebb.jpg 1000w, https:\/\/medieproduktion.lnu.se\/kalmarcorren\/wp-content\/uploads\/sites\/517\/2021\/03\/sprutawebb-300x284.jpg 300w, https:\/\/medieproduktion.lnu.se\/kalmarcorren\/wp-content\/uploads\/sites\/517\/2021\/03\/sprutawebb-768x726.jpg 768w\" sizes=\"(max-width: 1000px) 100vw, 1000px\" \/><\/div>\n\t\t<\/a>\n\t\t\t\t<div class=\"elementor-post__text\">\n\t\t\t\t<h3 class=\"elementor-post__title\">\n\t\t\t<a href=\"https:\/\/medieproduktion.lnu.se\/kalmarcorren\/inrikes\/region-kalmar-i-topp-over-andel-vaccinerade-och-sa-ar-laget-i-resten-av-landet\/\" >\n\t\t\t\tRegion Kalmar i topp \u00f6ver andel vaccinerade \u2013 och s\u00e5 \u00e4r l\u00e4get i resten av landet\t\t\t<\/a>\n\t\t<\/h3>\n\t\t\t\t<div class=\"elementor-post__meta-data\">\n\t\t\t\t\t<span class=\"elementor-post-author\">\n\t\t\tNils Cedman\t\t<\/span>\n\t\t\t\t<span class=\"elementor-post-date\">\n\t\t\t24 mars, 2021\t\t<\/span>\n\t\t\t\t<\/div>\n\t\t\t\t<div class=\"elementor-post__excerpt\">\n\t\t\t<p><a href=\"http:\/\/medieproduktion.lnu.se\/kalmarcorren\/inrikes\/region-kalmar-i-topp-over-andel-vaccinerade-och-sa-ar-laget-i-resten-av-landet\/\">Flest andel vaccinerade i Region Kalmar L\u00e4n och Gotland.<\/a><\/p>\n\t\t<\/div>\n\t\t\t\t<\/div>\n\t\t\t\t<\/article>\n\t\t\t\t<\/div>\n\t\t\n\t\t\t\t\t\t<\/div>\n\t\t\t\t<\/div>\n\t\t\t\t\t<\/div>\n\t\t<\/div>\n\t\t\t\t\t<\/div>\n\t\t<\/section>\n\t\t\t\t<section class=\"elementor-section elementor-top-section elementor-element elementor-element-33d9b52 elementor-section-boxed elementor-section-height-default elementor-section-height-default\" data-id=\"33d9b52\" data-element_type=\"section\">\n\t\t\t\t\t\t<div class=\"elementor-container elementor-column-gap-default\">\n\t\t\t\t\t<div class=\"elementor-column elementor-col-100 elementor-top-column elementor-element elementor-element-5f0d699\" data-id=\"5f0d699\" data-element_type=\"column\">\n\t\t\t<div class=\"elementor-widget-wrap elementor-element-populated\">\n\t\t\t\t\t\t<div class=\"elementor-element elementor-element-011e4d5 elementor-grid-2 elementor-grid-tablet-2 elementor-grid-mobile-1 elementor-posts--thumbnail-top elementor-widget elementor-widget-posts\" data-id=\"011e4d5\" data-element_type=\"widget\" data-settings=\"{&quot;classic_columns&quot;:&quot;2&quot;,&quot;classic_columns_tablet&quot;:&quot;2&quot;,&quot;classic_columns_mobile&quot;:&quot;1&quot;,&quot;classic_row_gap&quot;:{&quot;unit&quot;:&quot;px&quot;,&quot;size&quot;:35,&quot;sizes&quot;:[]},&quot;classic_row_gap_tablet&quot;:{&quot;unit&quot;:&quot;px&quot;,&quot;size&quot;:&quot;&quot;,&quot;sizes&quot;:[]},&quot;classic_row_gap_mobile&quot;:{&quot;unit&quot;:&quot;px&quot;,&quot;size&quot;:&quot;&quot;,&quot;sizes&quot;:[]}}\" data-widget_type=\"posts.classic\">\n\t\t\t\t<div class=\"elementor-widget-container\">\n\t\t\t\t\t\t\t<div class=\"elementor-posts-container elementor-posts elementor-posts--skin-classic elementor-grid\" role=\"list\">\n\t\t\t\t<article class=\"elementor-post elementor-grid-item post-620 post type-post status-publish format-standard has-post-thumbnail hentry category-inrikes category-lokalt\" role=\"listitem\">\n\t\t\t\t<a class=\"elementor-post__thumbnail__link\" href=\"https:\/\/medieproduktion.lnu.se\/kalmarcorren\/inrikes\/astra-zenecas-vaccin-pausas\/\" tabindex=\"-1\" >\n\t\t\t<div class=\"elementor-post__thumbnail\"><img decoding=\"async\" width=\"350\" height=\"292\" src=\"https:\/\/medieproduktion.lnu.se\/kalmarcorren\/wp-content\/uploads\/sites\/517\/2021\/03\/Anders_Tegnell-3.jpg\" class=\"attachment-large size-large wp-image-639\" alt=\"Foto p\u00e5 Anders Tegnell.\" srcset=\"https:\/\/medieproduktion.lnu.se\/kalmarcorren\/wp-content\/uploads\/sites\/517\/2021\/03\/Anders_Tegnell-3.jpg 350w, https:\/\/medieproduktion.lnu.se\/kalmarcorren\/wp-content\/uploads\/sites\/517\/2021\/03\/Anders_Tegnell-3-300x250.jpg 300w\" sizes=\"(max-width: 350px) 100vw, 350px\" \/><\/div>\n\t\t<\/a>\n\t\t\t\t<div class=\"elementor-post__text\">\n\t\t\t\t<h3 class=\"elementor-post__title\">\n\t\t\t<a href=\"https:\/\/medieproduktion.lnu.se\/kalmarcorren\/inrikes\/astra-zenecas-vaccin-pausas\/\" >\n\t\t\t\tEfter uppgifter om biverkningar \u2013 Astra Zenecas vaccin stoppas\t\t\t<\/a>\n\t\t<\/h3>\n\t\t\t\t<div class=\"elementor-post__meta-data\">\n\t\t\t\t\t<span class=\"elementor-post-author\">\n\t\t\tIsaac Turner\t\t<\/span>\n\t\t\t\t<span class=\"elementor-post-date\">\n\t\t\t16 mars, 2021\t\t<\/span>\n\t\t\t\t<\/div>\n\t\t\t\t<div class=\"elementor-post__excerpt\">\n\t\t\t<p><a href=\"http:\/\/medieproduktion.lnu.se\/kalmarcorren\/inrikes\/astra-zenecas-vaccin-pausas\/\">Region Kalmar l\u00e4n stoppar Astra Zenecas vaccin.<\/a><\/p>\n\t\t<\/div>\n\t\t\t\t<\/div>\n\t\t\t\t<\/article>\n\t\t\t\t<\/div>\n\t\t\n\t\t\t\t\t\t<\/div>\n\t\t\t\t<\/div>\n\t\t\t\t\t<\/div>\n\t\t<\/div>\n\t\t\t\t\t<\/div>\n\t\t<\/section>\n\t\t\t\t<section class=\"elementor-section elementor-top-section elementor-element elementor-element-1d8b448 elementor-section-boxed elementor-section-height-default elementor-section-height-default\" data-id=\"1d8b448\" data-element_type=\"section\">\n\t\t\t\t\t\t<div class=\"elementor-container elementor-column-gap-default\">\n\t\t\t\t\t<div class=\"elementor-column elementor-col-100 elementor-top-column elementor-element elementor-element-1f9b1ae\" data-id=\"1f9b1ae\" data-element_type=\"column\">\n\t\t\t<div class=\"elementor-widget-wrap elementor-element-populated\">\n\t\t\t\t\t\t\t<\/div>\n\t\t<\/div>\n\t\t\t\t\t<\/div>\n\t\t<\/section>\n\t\t\t\t<\/div>\n\t\t","protected":false},"excerpt":{"rendered":"<p>Inrikes<\/p>\n","protected":false},"author":358,"featured_media":0,"parent":0,"menu_order":0,"comment_status":"closed","ping_status":"closed","template":"","meta":{"_seopress_robots_primary_cat":"","_seopress_titles_title":"","_seopress_titles_desc":"","_seopress_robots_index":"","footnotes":""},"class_list":["post-262","page","type-page","status-publish","hentry"],"_links":{"self":[{"href":"https:\/\/medieproduktion.lnu.se\/kalmarcorren\/wp-json\/wp\/v2\/pages\/262","targetHints":{"allow":["GET"]}}],"collection":[{"href":"https:\/\/medieproduktion.lnu.se\/kalmarcorren\/wp-json\/wp\/v2\/pages"}],"about":[{"href":"https:\/\/medieproduktion.lnu.se\/kalmarcorren\/wp-json\/wp\/v2\/types\/page"}],"author":[{"embeddable":true,"href":"https:\/\/medieproduktion.lnu.se\/kalmarcorren\/wp-json\/wp\/v2\/users\/358"}],"replies":[{"embeddable":true,"href":"https:\/\/medieproduktion.lnu.se\/kalmarcorren\/wp-json\/wp\/v2\/comments?post=262"}],"version-history":[{"count":9,"href":"https:\/\/medieproduktion.lnu.se\/kalmarcorren\/wp-json\/wp\/v2\/pages\/262\/revisions"}],"predecessor-version":[{"id":794,"href":"https:\/\/medieproduktion.lnu.se\/kalmarcorren\/wp-json\/wp\/v2\/pages\/262\/revisions\/794"}],"wp:attachment":[{"href":"https:\/\/medieproduktion.lnu.se\/kalmarcorren\/wp-json\/wp\/v2\/media?parent=262"}],"curies":[{"name":"wp","href":"https:\/\/api.w.org\/{rel}","templated":true}]}}