{"id":36,"date":"2020-03-10T11:11:42","date_gmt":"2020-03-10T10:11:42","guid":{"rendered":"http:\/\/medieproduktion.lnu.se\/1mp204vt20redaktion2b\/?page_id=36"},"modified":"2020-03-27T11:41:16","modified_gmt":"2020-03-27T10:41:16","slug":"kontakt","status":"publish","type":"page","link":"https:\/\/medieproduktion.lnu.se\/kajposten\/kontakt\/","title":{"rendered":"Redaktionen"},"content":{"rendered":"\t\t<div data-elementor-type=\"wp-post\" data-elementor-id=\"36\" class=\"elementor elementor-36 elementor-bc-flex-widget\" data-elementor-post-type=\"page\">\n\t\t\t\t\t\t<section class=\"elementor-section elementor-top-section elementor-element elementor-element-169548c elementor-section-boxed elementor-section-height-default elementor-section-height-default\" data-id=\"169548c\" data-element_type=\"section\">\n\t\t\t\t\t\t<div class=\"elementor-container elementor-column-gap-default\">\n\t\t\t\t\t<div class=\"elementor-column elementor-col-100 elementor-top-column elementor-element elementor-element-23d1075\" data-id=\"23d1075\" data-element_type=\"column\">\n\t\t\t<div class=\"elementor-widget-wrap elementor-element-populated\">\n\t\t\t\t\t\t<div class=\"elementor-element elementor-element-fcf6475 elementor-headline--style-highlight elementor-widget elementor-widget-animated-headline\" data-id=\"fcf6475\" data-element_type=\"widget\" data-settings=\"{&quot;marker&quot;:&quot;underline&quot;,&quot;highlighted_text&quot;:&quot;Redaktionen&quot;,&quot;headline_style&quot;:&quot;highlight&quot;,&quot;loop&quot;:&quot;yes&quot;,&quot;highlight_animation_duration&quot;:1200,&quot;highlight_iteration_delay&quot;:8000}\" data-widget_type=\"animated-headline.default\">\n\t\t\t\t<div class=\"elementor-widget-container\">\n\t\t\t\t\t\t\t<h2 class=\"elementor-headline\">\n\t\t\t\t<span class=\"elementor-headline-dynamic-wrapper elementor-headline-text-wrapper\">\n\t\t\t\t\t<span class=\"elementor-headline-dynamic-text elementor-headline-text-active\">Redaktionen<\/span>\n\t\t\t\t<\/span>\n\t\t\t\t<\/h2>\n\t\t\t\t\t\t<\/div>\n\t\t\t\t<\/div>\n\t\t\t\t\t<\/div>\n\t\t<\/div>\n\t\t\t\t\t<\/div>\n\t\t<\/section>\n\t\t\t\t<section class=\"elementor-section elementor-top-section elementor-element elementor-element-cabb59f elementor-section-boxed elementor-section-height-default elementor-section-height-default\" data-id=\"cabb59f\" data-element_type=\"section\">\n\t\t\t\t\t\t<div class=\"elementor-container elementor-column-gap-default\">\n\t\t\t\t\t<div class=\"elementor-column elementor-col-100 elementor-top-column elementor-element elementor-element-28b3602\" data-id=\"28b3602\" data-element_type=\"column\">\n\t\t\t<div class=\"elementor-widget-wrap elementor-element-populated\">\n\t\t\t\t\t\t<section class=\"elementor-section elementor-inner-section elementor-element elementor-element-6a6f3d1 elementor-section-boxed elementor-section-height-default elementor-section-height-default\" data-id=\"6a6f3d1\" data-element_type=\"section\">\n\t\t\t\t\t\t<div class=\"elementor-container elementor-column-gap-default\">\n\t\t\t\t\t<div class=\"elementor-column elementor-col-100 elementor-inner-column elementor-element elementor-element-266d715\" data-id=\"266d715\" data-element_type=\"column\">\n\t\t\t<div class=\"elementor-widget-wrap\">\n\t\t\t\t\t\t\t<\/div>\n\t\t<\/div>\n\t\t\t\t\t<\/div>\n\t\t<\/section>\n\t\t\t\t<section class=\"elementor-section elementor-inner-section elementor-element elementor-element-3eaabb5 elementor-section-boxed elementor-section-height-default elementor-section-height-default\" data-id=\"3eaabb5\" data-element_type=\"section\">\n\t\t\t\t\t\t<div class=\"elementor-container elementor-column-gap-default\">\n\t\t\t\t\t<div class=\"elementor-column elementor-col-50 elementor-inner-column elementor-element elementor-element-d076d85\" data-id=\"d076d85\" data-element_type=\"column\">\n\t\t\t<div class=\"elementor-widget-wrap elementor-element-populated\">\n\t\t\t\t\t\t<div class=\"elementor-element elementor-element-147c47f elementor-widget elementor-widget-image\" data-id=\"147c47f\" data-element_type=\"widget\" data-widget_type=\"image.default\">\n\t\t\t\t<div class=\"elementor-widget-container\">\n\t\t\t\t\t\t\t\t\t\t\t\t\t\t\t<img fetchpriority=\"high\" decoding=\"async\" width=\"427\" height=\"640\" src=\"https:\/\/medieproduktion.lnu.se\/kajposten\/wp-content\/uploads\/sites\/272\/2020\/03\/emma.jpg\" class=\"attachment-large size-large wp-image-269\" alt=\"Reporter Emma\" srcset=\"https:\/\/medieproduktion.lnu.se\/kajposten\/wp-content\/uploads\/sites\/272\/2020\/03\/emma.jpg 427w, https:\/\/medieproduktion.lnu.se\/kajposten\/wp-content\/uploads\/sites\/272\/2020\/03\/emma-200x300.jpg 200w\" sizes=\"(max-width: 427px) 100vw, 427px\" \/>\t\t\t\t\t\t\t\t\t\t\t\t\t\t\t<\/div>\n\t\t\t\t<\/div>\n\t\t\t\t\t<\/div>\n\t\t<\/div>\n\t\t\t\t<div class=\"elementor-column elementor-col-50 elementor-inner-column elementor-element elementor-element-3a4b01a\" data-id=\"3a4b01a\" data-element_type=\"column\">\n\t\t\t<div class=\"elementor-widget-wrap elementor-element-populated\">\n\t\t\t\t\t\t<div class=\"elementor-element elementor-element-9eba30b elementor-widget elementor-widget-image\" data-id=\"9eba30b\" data-element_type=\"widget\" data-widget_type=\"image.default\">\n\t\t\t\t<div class=\"elementor-widget-container\">\n\t\t\t\t\t\t\t\t\t\t\t\t\t\t\t<img decoding=\"async\" width=\"427\" height=\"640\" src=\"https:\/\/medieproduktion.lnu.se\/kajposten\/wp-content\/uploads\/sites\/272\/2020\/03\/william.jpg\" class=\"attachment-large size-large wp-image-268\" alt=\"Reporter William\" srcset=\"https:\/\/medieproduktion.lnu.se\/kajposten\/wp-content\/uploads\/sites\/272\/2020\/03\/william.jpg 427w, https:\/\/medieproduktion.lnu.se\/kajposten\/wp-content\/uploads\/sites\/272\/2020\/03\/william-200x300.jpg 200w\" sizes=\"(max-width: 427px) 100vw, 427px\" \/>\t\t\t\t\t\t\t\t\t\t\t\t\t\t\t<\/div>\n\t\t\t\t<\/div>\n\t\t\t\t\t<\/div>\n\t\t<\/div>\n\t\t\t\t\t<\/div>\n\t\t<\/section>\n\t\t\t\t\t<\/div>\n\t\t<\/div>\n\t\t\t\t\t<\/div>\n\t\t<\/section>\n\t\t\t\t<section class=\"elementor-section elementor-top-section elementor-element elementor-element-f054a64 elementor-section-boxed elementor-section-height-default elementor-section-height-default\" data-id=\"f054a64\" data-element_type=\"section\">\n\t\t\t\t\t\t<div class=\"elementor-container elementor-column-gap-default\">\n\t\t\t\t\t<div class=\"elementor-column elementor-col-100 elementor-top-column elementor-element elementor-element-b0270d4\" data-id=\"b0270d4\" data-element_type=\"column\">\n\t\t\t<div class=\"elementor-widget-wrap elementor-element-populated\">\n\t\t\t\t\t\t<section class=\"elementor-section elementor-inner-section elementor-element elementor-element-9403aa8 elementor-section-boxed elementor-section-height-default elementor-section-height-default\" data-id=\"9403aa8\" data-element_type=\"section\">\n\t\t\t\t\t\t<div class=\"elementor-container elementor-column-gap-default\">\n\t\t\t\t\t<div class=\"elementor-column elementor-col-50 elementor-inner-column elementor-element elementor-element-30088c1\" data-id=\"30088c1\" data-element_type=\"column\">\n\t\t\t<div class=\"elementor-widget-wrap elementor-element-populated\">\n\t\t\t\t\t\t<div class=\"elementor-element elementor-element-74d62dc elementor-widget elementor-widget-text-editor\" data-id=\"74d62dc\" data-element_type=\"widget\" data-widget_type=\"text-editor.default\">\n\t\t\t\t<div class=\"elementor-widget-container\">\n\t\t\t\t\t\t\t\t\t<p><strong>Emma Nor\u00e9n M\u00e5rtensson<br \/><\/strong>Reporter<br \/><a href=\"mailto:en222zs@student.lnu.se\">en222zs@student.lnu.se<\/a><\/p>\t\t\t\t\t\t\t\t<\/div>\n\t\t\t\t<\/div>\n\t\t\t\t\t<\/div>\n\t\t<\/div>\n\t\t\t\t<div class=\"elementor-column elementor-col-50 elementor-inner-column elementor-element elementor-element-a3c2500\" data-id=\"a3c2500\" data-element_type=\"column\">\n\t\t\t<div class=\"elementor-widget-wrap elementor-element-populated\">\n\t\t\t\t\t\t<div class=\"elementor-element elementor-element-81aefd9 elementor-widget elementor-widget-text-editor\" data-id=\"81aefd9\" data-element_type=\"widget\" data-widget_type=\"text-editor.default\">\n\t\t\t\t<div class=\"elementor-widget-container\">\n\t\t\t\t\t\t\t\t\t<p><strong>William Gr\u00f6nlund<br \/><\/strong>Reporter<br \/>wg222as@student.lnu.se<\/p>\t\t\t\t\t\t\t\t<\/div>\n\t\t\t\t<\/div>\n\t\t\t\t\t<\/div>\n\t\t<\/div>\n\t\t\t\t\t<\/div>\n\t\t<\/section>\n\t\t\t\t\t<\/div>\n\t\t<\/div>\n\t\t\t\t\t<\/div>\n\t\t<\/section>\n\t\t\t\t<section class=\"elementor-section elementor-top-section elementor-element elementor-element-46bdace elementor-section-boxed elementor-section-height-default elementor-section-height-default\" data-id=\"46bdace\" data-element_type=\"section\">\n\t\t\t\t\t\t<div class=\"elementor-container elementor-column-gap-default\">\n\t\t\t\t\t<div class=\"elementor-column elementor-col-100 elementor-top-column elementor-element elementor-element-2f774f7\" data-id=\"2f774f7\" data-element_type=\"column\">\n\t\t\t<div class=\"elementor-widget-wrap elementor-element-populated\">\n\t\t\t\t\t\t<section class=\"elementor-section elementor-inner-section elementor-element elementor-element-d19f7e9 elementor-section-boxed elementor-section-height-default elementor-section-height-default\" data-id=\"d19f7e9\" data-element_type=\"section\">\n\t\t\t\t\t\t<div class=\"elementor-container elementor-column-gap-default\">\n\t\t\t\t\t<div class=\"elementor-column elementor-col-50 elementor-inner-column elementor-element elementor-element-69b9917\" data-id=\"69b9917\" data-element_type=\"column\">\n\t\t\t<div class=\"elementor-widget-wrap elementor-element-populated\">\n\t\t\t\t\t\t<div class=\"elementor-element elementor-element-9d1d22a elementor-widget elementor-widget-image\" data-id=\"9d1d22a\" data-element_type=\"widget\" data-widget_type=\"image.default\">\n\t\t\t\t<div class=\"elementor-widget-container\">\n\t\t\t\t\t\t\t\t\t\t\t\t\t\t\t<img decoding=\"async\" width=\"427\" height=\"640\" src=\"https:\/\/medieproduktion.lnu.se\/kajposten\/wp-content\/uploads\/sites\/272\/2020\/03\/lovisa.jpg\" class=\"attachment-large size-large wp-image-266\" alt=\"Reporter Lovisa\" srcset=\"https:\/\/medieproduktion.lnu.se\/kajposten\/wp-content\/uploads\/sites\/272\/2020\/03\/lovisa.jpg 427w, https:\/\/medieproduktion.lnu.se\/kajposten\/wp-content\/uploads\/sites\/272\/2020\/03\/lovisa-200x300.jpg 200w\" sizes=\"(max-width: 427px) 100vw, 427px\" \/>\t\t\t\t\t\t\t\t\t\t\t\t\t\t\t<\/div>\n\t\t\t\t<\/div>\n\t\t\t\t\t<\/div>\n\t\t<\/div>\n\t\t\t\t<div class=\"elementor-column elementor-col-50 elementor-inner-column elementor-element elementor-element-0054797\" data-id=\"0054797\" data-element_type=\"column\">\n\t\t\t<div class=\"elementor-widget-wrap elementor-element-populated\">\n\t\t\t\t\t\t<div class=\"elementor-element elementor-element-7567dd9 elementor-widget elementor-widget-image\" data-id=\"7567dd9\" data-element_type=\"widget\" data-widget_type=\"image.default\">\n\t\t\t\t<div class=\"elementor-widget-container\">\n\t\t\t\t\t\t\t\t\t\t\t\t\t\t\t<img loading=\"lazy\" decoding=\"async\" width=\"427\" height=\"640\" src=\"https:\/\/medieproduktion.lnu.se\/kajposten\/wp-content\/uploads\/sites\/272\/2020\/03\/simon.jpg\" class=\"attachment-large size-large wp-image-267\" alt=\"Reporter Simon\" srcset=\"https:\/\/medieproduktion.lnu.se\/kajposten\/wp-content\/uploads\/sites\/272\/2020\/03\/simon.jpg 427w, https:\/\/medieproduktion.lnu.se\/kajposten\/wp-content\/uploads\/sites\/272\/2020\/03\/simon-200x300.jpg 200w\" sizes=\"(max-width: 427px) 100vw, 427px\" \/>\t\t\t\t\t\t\t\t\t\t\t\t\t\t\t<\/div>\n\t\t\t\t<\/div>\n\t\t\t\t\t<\/div>\n\t\t<\/div>\n\t\t\t\t\t<\/div>\n\t\t<\/section>\n\t\t\t\t\t<\/div>\n\t\t<\/div>\n\t\t\t\t\t<\/div>\n\t\t<\/section>\n\t\t\t\t<section class=\"elementor-section elementor-top-section elementor-element elementor-element-500b42d elementor-section-boxed elementor-section-height-default elementor-section-height-default\" data-id=\"500b42d\" data-element_type=\"section\">\n\t\t\t\t\t\t<div class=\"elementor-container elementor-column-gap-default\">\n\t\t\t\t\t<div class=\"elementor-column elementor-col-100 elementor-top-column elementor-element elementor-element-5c58550\" data-id=\"5c58550\" data-element_type=\"column\">\n\t\t\t<div class=\"elementor-widget-wrap elementor-element-populated\">\n\t\t\t\t\t\t<section class=\"elementor-section elementor-inner-section elementor-element elementor-element-e5def3d elementor-section-boxed elementor-section-height-default elementor-section-height-default\" data-id=\"e5def3d\" data-element_type=\"section\">\n\t\t\t\t\t\t<div class=\"elementor-container elementor-column-gap-default\">\n\t\t\t\t\t<div class=\"elementor-column elementor-col-50 elementor-inner-column elementor-element elementor-element-5786483\" data-id=\"5786483\" data-element_type=\"column\">\n\t\t\t<div class=\"elementor-widget-wrap elementor-element-populated\">\n\t\t\t\t\t\t<div class=\"elementor-element elementor-element-d9bf0bb elementor-widget elementor-widget-text-editor\" data-id=\"d9bf0bb\" data-element_type=\"widget\" data-widget_type=\"text-editor.default\">\n\t\t\t\t<div class=\"elementor-widget-container\">\n\t\t\t\t\t\t\t\t\t<p><strong>Lovisa Essunger<br \/><\/strong>Reporter<br \/><a href=\"mailto:le222vn@student.lnu.se\">le222vn@student.lnu.se<\/a><\/p>\t\t\t\t\t\t\t\t<\/div>\n\t\t\t\t<\/div>\n\t\t\t\t\t<\/div>\n\t\t<\/div>\n\t\t\t\t<div class=\"elementor-column elementor-col-50 elementor-inner-column elementor-element elementor-element-ebf57a2\" data-id=\"ebf57a2\" data-element_type=\"column\">\n\t\t\t<div class=\"elementor-widget-wrap elementor-element-populated\">\n\t\t\t\t\t\t<div class=\"elementor-element elementor-element-7862571 elementor-widget elementor-widget-text-editor\" data-id=\"7862571\" data-element_type=\"widget\" data-widget_type=\"text-editor.default\">\n\t\t\t\t<div class=\"elementor-widget-container\">\n\t\t\t\t\t\t\t\t\t<p><strong>Simon Lundvall<br \/><\/strong>Reporter<br \/><a href=\"mailto:sl223nm@student.lnu.se\">sl223nm@student.lnu.se<\/a><\/p>\t\t\t\t\t\t\t\t<\/div>\n\t\t\t\t<\/div>\n\t\t\t\t\t<\/div>\n\t\t<\/div>\n\t\t\t\t\t<\/div>\n\t\t<\/section>\n\t\t\t\t<div class=\"elementor-element elementor-element-31e4e0a elementor-widget elementor-widget-image\" data-id=\"31e4e0a\" data-element_type=\"widget\" data-widget_type=\"image.default\">\n\t\t\t\t<div class=\"elementor-widget-container\">\n\t\t\t\t\t\t\t\t\t\t\t\t\t\t\t<img loading=\"lazy\" decoding=\"async\" width=\"427\" height=\"640\" src=\"https:\/\/medieproduktion.lnu.se\/kajposten\/wp-content\/uploads\/sites\/272\/2020\/03\/Aleksandra1.jpg\" class=\"attachment-large size-large wp-image-896\" alt=\"Reporter Aleksandra\" srcset=\"https:\/\/medieproduktion.lnu.se\/kajposten\/wp-content\/uploads\/sites\/272\/2020\/03\/Aleksandra1.jpg 427w, https:\/\/medieproduktion.lnu.se\/kajposten\/wp-content\/uploads\/sites\/272\/2020\/03\/Aleksandra1-200x300.jpg 200w\" sizes=\"(max-width: 427px) 100vw, 427px\" \/>\t\t\t\t\t\t\t\t\t\t\t\t\t\t\t<\/div>\n\t\t\t\t<\/div>\n\t\t\t\t<div class=\"elementor-element elementor-element-9232768 elementor-widget elementor-widget-text-editor\" data-id=\"9232768\" data-element_type=\"widget\" data-widget_type=\"text-editor.default\">\n\t\t\t\t<div class=\"elementor-widget-container\">\n\t\t\t\t\t\t\t\t\t<p style=\"text-align: left;\"><strong>Aleksandra W\u00f3jcik<\/strong><\/p><p style=\"text-align: left;\">Reporter<\/p><p style=\"text-align: left;\"><a href=\"mailto:aw223eq@student.lnu.se\">aw223eq@student.lnu.se<\/a><\/p>\t\t\t\t\t\t\t\t<\/div>\n\t\t\t\t<\/div>\n\t\t\t\t\t<\/div>\n\t\t<\/div>\n\t\t\t\t\t<\/div>\n\t\t<\/section>\n\t\t\t\t<section class=\"elementor-section elementor-top-section elementor-element elementor-element-2433f28 elementor-section-boxed elementor-section-height-default elementor-section-height-default\" data-id=\"2433f28\" data-element_type=\"section\">\n\t\t\t\t\t\t<div class=\"elementor-container elementor-column-gap-default\">\n\t\t\t\t\t<div class=\"elementor-column elementor-col-100 elementor-top-column elementor-element elementor-element-3929363\" data-id=\"3929363\" data-element_type=\"column\">\n\t\t\t<div class=\"elementor-widget-wrap elementor-element-populated\">\n\t\t\t\t\t\t<div class=\"elementor-element elementor-element-fd44029 elementor-widget elementor-widget-text-editor\" data-id=\"fd44029\" data-element_type=\"widget\" data-widget_type=\"text-editor.default\">\n\t\t\t\t<div class=\"elementor-widget-container\">\n\t\t\t\t\t\t\t\t\t<p>V\u00e5r webbtidnings\u00a0fokus ligger p\u00e5 lokala nyheter. Oavsett om det g\u00e4ller sport, kultur eller \u00f6vriga nyheter s\u00e5 str\u00e4var vi p\u00e5\u00a0<strong>Kajposten<\/strong>\u00a0att st\u00e4ndigt uppdatera v\u00e5ra l\u00e4sare kring det senaste i Kalmar l\u00e4n.<\/p>\t\t\t\t\t\t\t\t<\/div>\n\t\t\t\t<\/div>\n\t\t\t\t\t<\/div>\n\t\t<\/div>\n\t\t\t\t\t<\/div>\n\t\t<\/section>\n\t\t\t\t<\/div>\n\t\t","protected":false},"excerpt":{"rendered":"<p>Emma Nor\u00e9n M\u00e5rtenssonReporteren222zs@student.lnu.se William Gr\u00f6nlundReporterwg222as@student.lnu.se Lovisa EssungerReporterle222vn@student.lnu.se Simon LundvallReportersl223nm@student.lnu.se Aleksandra W\u00f3jcik Reporter aw223eq@student.lnu.se V\u00e5r webbtidnings\u00a0fokus ligger p\u00e5 lokala nyheter. Oavsett om det g\u00e4ller sport, kultur eller \u00f6vriga nyheter s\u00e5 str\u00e4var vi p\u00e5\u00a0Kajposten\u00a0att st\u00e4ndigt uppdatera v\u00e5ra l\u00e4sare kring det senaste i Kalmar l\u00e4n.<\/p>\n","protected":false},"author":244,"featured_media":0,"parent":0,"menu_order":0,"comment_status":"closed","ping_status":"closed","template":"","meta":{"footnotes":""},"class_list":["post-36","page","type-page","status-publish"],"_links":{"self":[{"href":"https:\/\/medieproduktion.lnu.se\/kajposten\/wp-json\/wp\/v2\/pages\/36","targetHints":{"allow":["GET"]}}],"collection":[{"href":"https:\/\/medieproduktion.lnu.se\/kajposten\/wp-json\/wp\/v2\/pages"}],"about":[{"href":"https:\/\/medieproduktion.lnu.se\/kajposten\/wp-json\/wp\/v2\/types\/page"}],"author":[{"embeddable":true,"href":"https:\/\/medieproduktion.lnu.se\/kajposten\/wp-json\/wp\/v2\/users\/244"}],"replies":[{"embeddable":true,"href":"https:\/\/medieproduktion.lnu.se\/kajposten\/wp-json\/wp\/v2\/comments?post=36"}],"version-history":[{"count":24,"href":"https:\/\/medieproduktion.lnu.se\/kajposten\/wp-json\/wp\/v2\/pages\/36\/revisions"}],"predecessor-version":[{"id":898,"href":"https:\/\/medieproduktion.lnu.se\/kajposten\/wp-json\/wp\/v2\/pages\/36\/revisions\/898"}],"wp:attachment":[{"href":"https:\/\/medieproduktion.lnu.se\/kajposten\/wp-json\/wp\/v2\/media?parent=36"}],"curies":[{"name":"wp","href":"https:\/\/api.w.org\/{rel}","templated":true}]}}