{"id":34,"date":"2020-03-10T11:11:33","date_gmt":"2020-03-10T10:11:33","guid":{"rendered":"http:\/\/medieproduktion.lnu.se\/1mp204vt20redaktion2b\/?page_id=34"},"modified":"2020-03-25T15:28:45","modified_gmt":"2020-03-25T14:28:45","slug":"startsida","status":"publish","type":"page","link":"https:\/\/medieproduktion.lnu.se\/kajposten\/","title":{"rendered":"Startsida"},"content":{"rendered":"\t\t<div data-elementor-type=\"wp-post\" data-elementor-id=\"34\" class=\"elementor elementor-34 elementor-bc-flex-widget\" data-elementor-post-type=\"page\">\n\t\t\t\t\t\t<section class=\"elementor-section elementor-top-section elementor-element elementor-element-154cf4e elementor-section-boxed elementor-section-height-default elementor-section-height-default\" data-id=\"154cf4e\" data-element_type=\"section\">\n\t\t\t\t\t\t<div class=\"elementor-container elementor-column-gap-default\">\n\t\t\t\t\t<div class=\"elementor-column elementor-col-100 elementor-top-column elementor-element elementor-element-cd6aafb\" data-id=\"cd6aafb\" data-element_type=\"column\">\n\t\t\t<div class=\"elementor-widget-wrap elementor-element-populated\">\n\t\t\t\t\t\t<div class=\"elementor-element elementor-element-dc09640 elementor-grid-1 elementor-grid-tablet-2 elementor-grid-mobile-1 elementor-posts--thumbnail-top elementor-widget elementor-widget-posts\" data-id=\"dc09640\" data-element_type=\"widget\" data-settings=\"{&quot;classic_columns&quot;:&quot;1&quot;,&quot;classic_columns_tablet&quot;:&quot;2&quot;,&quot;classic_columns_mobile&quot;:&quot;1&quot;,&quot;classic_row_gap&quot;:{&quot;unit&quot;:&quot;px&quot;,&quot;size&quot;:35,&quot;sizes&quot;:[]},&quot;classic_row_gap_tablet&quot;:{&quot;unit&quot;:&quot;px&quot;,&quot;size&quot;:&quot;&quot;,&quot;sizes&quot;:[]},&quot;classic_row_gap_mobile&quot;:{&quot;unit&quot;:&quot;px&quot;,&quot;size&quot;:&quot;&quot;,&quot;sizes&quot;:[]}}\" data-widget_type=\"posts.classic\">\n\t\t\t\t<div class=\"elementor-widget-container\">\n\t\t\t\t\t\t\t<div class=\"elementor-posts-container elementor-posts elementor-posts--skin-classic elementor-grid\" role=\"list\">\n\t\t\t\t<article class=\"elementor-post elementor-grid-item post-445 post type-post status-publish format-standard has-post-thumbnail hentry category-nyheter tag-gymnasium tag-kalmar tag-lars-kaggskolan\" role=\"listitem\">\n\t\t\t\t<a class=\"elementor-post__thumbnail__link\" href=\"https:\/\/medieproduktion.lnu.se\/kajposten\/2020\/03\/20\/gymnasiet-pa-distans-fran-studentskiva-till-sommarskola\/\" tabindex=\"-1\" >\n\t\t\t<div class=\"elementor-post__thumbnail\"><img fetchpriority=\"high\" decoding=\"async\" width=\"1024\" height=\"683\" src=\"https:\/\/medieproduktion.lnu.se\/kajposten\/wp-content\/uploads\/sites\/272\/2020\/03\/LinnieLo\u0308fgren-1024x683.jpg\" class=\"attachment-large size-large wp-image-852\" alt=\"Gymnasieeleven Linnie L\u00f6fgren\" srcset=\"https:\/\/medieproduktion.lnu.se\/kajposten\/wp-content\/uploads\/sites\/272\/2020\/03\/LinnieLo\u0308fgren-1024x683.jpg 1024w, https:\/\/medieproduktion.lnu.se\/kajposten\/wp-content\/uploads\/sites\/272\/2020\/03\/LinnieLo\u0308fgren-300x200.jpg 300w, https:\/\/medieproduktion.lnu.se\/kajposten\/wp-content\/uploads\/sites\/272\/2020\/03\/LinnieLo\u0308fgren-768x512.jpg 768w, https:\/\/medieproduktion.lnu.se\/kajposten\/wp-content\/uploads\/sites\/272\/2020\/03\/LinnieLo\u0308fgren.jpg 1500w\" sizes=\"(max-width: 1024px) 100vw, 1024px\" \/><\/div>\n\t\t<\/a>\n\t\t\t\t<div class=\"elementor-post__text\">\n\t\t\t\t<h3 class=\"elementor-post__title\">\n\t\t\t<a href=\"https:\/\/medieproduktion.lnu.se\/kajposten\/2020\/03\/20\/gymnasiet-pa-distans-fran-studentskiva-till-sommarskola\/\" >\n\t\t\t\tGymnasiet p\u00e5 distans \u2014 fr\u00e5n studentskiva till sommarskola\t\t\t<\/a>\n\t\t<\/h3>\n\t\t\t\t<div class=\"elementor-post__meta-data\">\n\t\t\t\t\t<span class=\"elementor-post-date\">\n\t\t\t20 mars, 2020\t\t<\/span>\n\t\t\t\t<span class=\"elementor-post-time\">\n\t\t\t12:00\t\t<\/span>\n\t\t\t\t<\/div>\n\t\t\t\t<div class=\"elementor-post__excerpt\">\n\t\t\t<p>Linnie L\u00f6fgren ber\u00e4ttar om hur det \u00e4r att sk\u00f6ta gymnasiet p\u00e5 distans p\u00e5 grund av coronaviruset.<\/p>\n\t\t<\/div>\n\t\t\t\t<\/div>\n\t\t\t\t<\/article>\n\t\t\t\t<\/div>\n\t\t\n\t\t\t\t\t\t<\/div>\n\t\t\t\t<\/div>\n\t\t\t\t<div class=\"elementor-element elementor-element-a5ce951 elementor-grid-2 elementor-grid-tablet-2 elementor-grid-mobile-1 elementor-posts--thumbnail-top elementor-widget elementor-widget-posts\" data-id=\"a5ce951\" data-element_type=\"widget\" data-settings=\"{&quot;classic_columns&quot;:&quot;2&quot;,&quot;classic_columns_tablet&quot;:&quot;2&quot;,&quot;classic_columns_mobile&quot;:&quot;1&quot;,&quot;classic_row_gap&quot;:{&quot;unit&quot;:&quot;px&quot;,&quot;size&quot;:35,&quot;sizes&quot;:[]},&quot;classic_row_gap_tablet&quot;:{&quot;unit&quot;:&quot;px&quot;,&quot;size&quot;:&quot;&quot;,&quot;sizes&quot;:[]},&quot;classic_row_gap_mobile&quot;:{&quot;unit&quot;:&quot;px&quot;,&quot;size&quot;:&quot;&quot;,&quot;sizes&quot;:[]}}\" data-widget_type=\"posts.classic\">\n\t\t\t\t<div class=\"elementor-widget-container\">\n\t\t\t\t\t\t\t<div class=\"elementor-posts-container elementor-posts elementor-posts--skin-classic elementor-grid\" role=\"list\">\n\t\t\t\t<article class=\"elementor-post elementor-grid-item post-689 post type-post status-publish format-standard has-post-thumbnail hentry category-nyheter tag-baronen tag-corona tag-coronavirus tag-covid-19 tag-kalmar\" role=\"listitem\">\n\t\t\t\t<a class=\"elementor-post__thumbnail__link\" href=\"https:\/\/medieproduktion.lnu.se\/kajposten\/2020\/03\/25\/trots-farre-kunder-ar-hoppet-stort\/\" tabindex=\"-1\" >\n\t\t\t<div class=\"elementor-post__thumbnail\"><img decoding=\"async\" width=\"768\" height=\"512\" src=\"https:\/\/medieproduktion.lnu.se\/kajposten\/wp-content\/uploads\/sites\/272\/2020\/03\/rep6-1-768x512.jpg\" class=\"attachment-medium_large size-medium_large wp-image-699\" alt=\"\" srcset=\"https:\/\/medieproduktion.lnu.se\/kajposten\/wp-content\/uploads\/sites\/272\/2020\/03\/rep6-1-768x512.jpg 768w, https:\/\/medieproduktion.lnu.se\/kajposten\/wp-content\/uploads\/sites\/272\/2020\/03\/rep6-1-300x200.jpg 300w, https:\/\/medieproduktion.lnu.se\/kajposten\/wp-content\/uploads\/sites\/272\/2020\/03\/rep6-1-1024x683.jpg 1024w\" sizes=\"(max-width: 768px) 100vw, 768px\" \/><\/div>\n\t\t<\/a>\n\t\t\t\t<div class=\"elementor-post__text\">\n\t\t\t\t<h3 class=\"elementor-post__title\">\n\t\t\t<a href=\"https:\/\/medieproduktion.lnu.se\/kajposten\/2020\/03\/25\/trots-farre-kunder-ar-hoppet-stort\/\" >\n\t\t\t\tTrots f\u00e4rre kunder \u00e4r hoppet stort\t\t\t<\/a>\n\t\t<\/h3>\n\t\t\t\t<div class=\"elementor-post__meta-data\">\n\t\t\t\t\t<span class=\"elementor-post-date\">\n\t\t\t25 mars, 2020\t\t<\/span>\n\t\t\t\t<span class=\"elementor-post-time\">\n\t\t\t14:00\t\t<\/span>\n\t\t\t\t<\/div>\n\t\t\t\t<div class=\"elementor-post__excerpt\">\n\t\t\t<p>De flesta butikerna inne p\u00e5 k\u00f6pcentrumet Baronen ekar tomt. Majoriteten av butikerna har f\u00f6rlorat h\u00e4lften av sina kunder. <\/p>\n\t\t<\/div>\n\t\t\t\t<\/div>\n\t\t\t\t<\/article>\n\t\t\t\t<article class=\"elementor-post elementor-grid-item post-616 post type-post status-publish format-standard has-post-thumbnail hentry category-kultur tag-faglar tag-fotografering tag-hobby tag-natur tag-naturfotografering\" role=\"listitem\">\n\t\t\t\t<a class=\"elementor-post__thumbnail__link\" href=\"https:\/\/medieproduktion.lnu.se\/kajposten\/2020\/03\/24\/fagelbilder-skanker-lugn-i-kaoset\/\" tabindex=\"-1\" >\n\t\t\t<div class=\"elementor-post__thumbnail\"><img decoding=\"async\" width=\"768\" height=\"504\" src=\"https:\/\/medieproduktion.lnu.se\/kajposten\/wp-content\/uploads\/sites\/272\/2020\/03\/78272451-d2HVi-768x504.jpg\" class=\"attachment-medium_large size-medium_large wp-image-617\" alt=\"En man fotograferar natur\" srcset=\"https:\/\/medieproduktion.lnu.se\/kajposten\/wp-content\/uploads\/sites\/272\/2020\/03\/78272451-d2HVi-768x504.jpg 768w, https:\/\/medieproduktion.lnu.se\/kajposten\/wp-content\/uploads\/sites\/272\/2020\/03\/78272451-d2HVi-300x197.jpg 300w, https:\/\/medieproduktion.lnu.se\/kajposten\/wp-content\/uploads\/sites\/272\/2020\/03\/78272451-d2HVi-1024x672.jpg 1024w, https:\/\/medieproduktion.lnu.se\/kajposten\/wp-content\/uploads\/sites\/272\/2020\/03\/78272451-d2HVi.jpg 1760w\" sizes=\"(max-width: 768px) 100vw, 768px\" \/><\/div>\n\t\t<\/a>\n\t\t\t\t<div class=\"elementor-post__text\">\n\t\t\t\t<h3 class=\"elementor-post__title\">\n\t\t\t<a href=\"https:\/\/medieproduktion.lnu.se\/kajposten\/2020\/03\/24\/fagelbilder-skanker-lugn-i-kaoset\/\" >\n\t\t\t\tF\u00e5gelbilder sk\u00e4nker lugn i kaoset\t\t\t<\/a>\n\t\t<\/h3>\n\t\t\t\t<div class=\"elementor-post__meta-data\">\n\t\t\t\t\t<span class=\"elementor-post-date\">\n\t\t\t24 mars, 2020\t\t<\/span>\n\t\t\t\t<span class=\"elementor-post-time\">\n\t\t\t14:20\t\t<\/span>\n\t\t\t\t<\/div>\n\t\t\t\t<div class=\"elementor-post__excerpt\">\n\t\t\t<p>I \u00f6ver 40 \u00e5r har Krister Lindkvist fotograferat f\u00e5glar. Nu hoppas han att hans bilder ska kunna sk\u00e4nka lugn mitt i krisen.<\/p>\n\t\t<\/div>\n\t\t\t\t<\/div>\n\t\t\t\t<\/article>\n\t\t\t\t<\/div>\n\t\t\n\t\t\t\t\t\t<\/div>\n\t\t\t\t<\/div>\n\t\t\t\t\t<\/div>\n\t\t<\/div>\n\t\t\t\t\t<\/div>\n\t\t<\/section>\n\t\t\t\t<section class=\"elementor-section elementor-top-section elementor-element elementor-element-50b0259 elementor-section-boxed elementor-section-height-default elementor-section-height-default\" data-id=\"50b0259\" data-element_type=\"section\">\n\t\t\t\t\t\t<div class=\"elementor-container elementor-column-gap-default\">\n\t\t\t\t\t<div class=\"elementor-column elementor-col-100 elementor-top-column elementor-element elementor-element-7b5b805\" data-id=\"7b5b805\" data-element_type=\"column\">\n\t\t\t<div class=\"elementor-widget-wrap elementor-element-populated\">\n\t\t\t\t\t\t<div class=\"elementor-element elementor-element-8ccc0d3 elementor-grid-1 elementor-grid-tablet-2 elementor-grid-mobile-1 elementor-posts--thumbnail-top elementor-widget elementor-widget-posts\" data-id=\"8ccc0d3\" data-element_type=\"widget\" data-settings=\"{&quot;classic_columns&quot;:&quot;1&quot;,&quot;classic_columns_tablet&quot;:&quot;2&quot;,&quot;classic_columns_mobile&quot;:&quot;1&quot;,&quot;classic_row_gap&quot;:{&quot;unit&quot;:&quot;px&quot;,&quot;size&quot;:35,&quot;sizes&quot;:[]},&quot;classic_row_gap_tablet&quot;:{&quot;unit&quot;:&quot;px&quot;,&quot;size&quot;:&quot;&quot;,&quot;sizes&quot;:[]},&quot;classic_row_gap_mobile&quot;:{&quot;unit&quot;:&quot;px&quot;,&quot;size&quot;:&quot;&quot;,&quot;sizes&quot;:[]}}\" data-widget_type=\"posts.classic\">\n\t\t\t\t<div class=\"elementor-widget-container\">\n\t\t\t\t\t\t\t<div class=\"elementor-posts-container elementor-posts elementor-posts--skin-classic elementor-grid\" role=\"list\">\n\t\t\t\t<article class=\"elementor-post elementor-grid-item post-485 post type-post status-publish format-standard has-post-thumbnail hentry category-kronikor tag-coronavirus tag-fotboll tag-hockey tag-idrott\" role=\"listitem\">\n\t\t\t\t<a class=\"elementor-post__thumbnail__link\" href=\"https:\/\/medieproduktion.lnu.se\/kajposten\/2020\/03\/20\/kronika-nodvandiga-men-odesdigra-beslut-har-fattats\/\" tabindex=\"-1\" >\n\t\t\t<div class=\"elementor-post__thumbnail\"><img loading=\"lazy\" decoding=\"async\" width=\"1024\" height=\"683\" src=\"https:\/\/medieproduktion.lnu.se\/kajposten\/wp-content\/uploads\/sites\/272\/2020\/03\/WilleKro\u0308nika-1024x683.jpg\" class=\"attachment-large size-large wp-image-507\" alt=\"\" srcset=\"https:\/\/medieproduktion.lnu.se\/kajposten\/wp-content\/uploads\/sites\/272\/2020\/03\/WilleKro\u0308nika-1024x683.jpg 1024w, https:\/\/medieproduktion.lnu.se\/kajposten\/wp-content\/uploads\/sites\/272\/2020\/03\/WilleKro\u0308nika-300x200.jpg 300w, https:\/\/medieproduktion.lnu.se\/kajposten\/wp-content\/uploads\/sites\/272\/2020\/03\/WilleKro\u0308nika-768x512.jpg 768w, https:\/\/medieproduktion.lnu.se\/kajposten\/wp-content\/uploads\/sites\/272\/2020\/03\/WilleKro\u0308nika.jpg 1920w\" sizes=\"(max-width: 1024px) 100vw, 1024px\" \/><\/div>\n\t\t<\/a>\n\t\t\t\t<div class=\"elementor-post__text\">\n\t\t\t\t<h3 class=\"elementor-post__title\">\n\t\t\t<a href=\"https:\/\/medieproduktion.lnu.se\/kajposten\/2020\/03\/20\/kronika-nodvandiga-men-odesdigra-beslut-har-fattats\/\" >\n\t\t\t\tKr\u00f6nika: N\u00f6dv\u00e4ndiga men \u00f6desdigra beslut har fattats\t\t\t<\/a>\n\t\t<\/h3>\n\t\t\t\t<div class=\"elementor-post__meta-data\">\n\t\t\t\t\t<span class=\"elementor-post-date\">\n\t\t\t20 mars, 2020\t\t<\/span>\n\t\t\t\t<span class=\"elementor-post-time\">\n\t\t\t13:59\t\t<\/span>\n\t\t\t\t<\/div>\n\t\t\t\t<div class=\"elementor-post__excerpt\">\n\t\t\t<p>Hur har idrotten p\u00e5verkats av coronavirusets utbrott?<\/p>\n\t\t<\/div>\n\t\t\t\t<\/div>\n\t\t\t\t<\/article>\n\t\t\t\t<\/div>\n\t\t\n\t\t\t\t\t\t<\/div>\n\t\t\t\t<\/div>\n\t\t\t\t<div class=\"elementor-element elementor-element-588d8a0 elementor-grid-2 elementor-grid-tablet-2 elementor-grid-mobile-1 elementor-posts--thumbnail-top elementor-widget elementor-widget-posts\" data-id=\"588d8a0\" data-element_type=\"widget\" data-settings=\"{&quot;classic_columns&quot;:&quot;2&quot;,&quot;classic_columns_tablet&quot;:&quot;2&quot;,&quot;classic_columns_mobile&quot;:&quot;1&quot;,&quot;classic_row_gap&quot;:{&quot;unit&quot;:&quot;px&quot;,&quot;size&quot;:35,&quot;sizes&quot;:[]},&quot;classic_row_gap_tablet&quot;:{&quot;unit&quot;:&quot;px&quot;,&quot;size&quot;:&quot;&quot;,&quot;sizes&quot;:[]},&quot;classic_row_gap_mobile&quot;:{&quot;unit&quot;:&quot;px&quot;,&quot;size&quot;:&quot;&quot;,&quot;sizes&quot;:[]}}\" data-widget_type=\"posts.classic\">\n\t\t\t\t<div class=\"elementor-widget-container\">\n\t\t\t\t\t\t\t<div class=\"elementor-posts-container elementor-posts elementor-posts--skin-classic elementor-grid\" role=\"list\">\n\t\t\t\t<article class=\"elementor-post elementor-grid-item post-479 post type-post status-publish format-standard has-post-thumbnail hentry category-nyheter tag-aktier tag-borsen tag-corona tag-ekonomi tag-folkhalsomyndigheten tag-fonder tag-foretag tag-handla tag-kalmar tag-kapitalforvaltarna tag-lokala tag-manadsspara tag-panik tag-vardagen\" role=\"listitem\">\n\t\t\t\t<a class=\"elementor-post__thumbnail__link\" href=\"https:\/\/medieproduktion.lnu.se\/kajposten\/2020\/03\/20\/sa-paverkas-lokala-foretag-och-dina-besparingar-av-borsen\/\" tabindex=\"-1\" >\n\t\t\t<div class=\"elementor-post__thumbnail\"><img loading=\"lazy\" decoding=\"async\" width=\"528\" height=\"352\" src=\"https:\/\/medieproduktion.lnu.se\/kajposten\/wp-content\/uploads\/sites\/272\/2020\/03\/puffbild.gif\" class=\"attachment-medium_large size-medium_large wp-image-478\" alt=\"En bild p\u00e5 b\u00f6rsen och Brian Kaupang.\" \/><\/div>\n\t\t<\/a>\n\t\t\t\t<div class=\"elementor-post__text\">\n\t\t\t\t<h3 class=\"elementor-post__title\">\n\t\t\t<a href=\"https:\/\/medieproduktion.lnu.se\/kajposten\/2020\/03\/20\/sa-paverkas-lokala-foretag-och-dina-besparingar-av-borsen\/\" >\n\t\t\t\tS\u00e5 p\u00e5verkas Kalmar av b\u00f6rsen\t\t\t<\/a>\n\t\t<\/h3>\n\t\t\t\t<div class=\"elementor-post__meta-data\">\n\t\t\t\t\t<span class=\"elementor-post-date\">\n\t\t\t20 mars, 2020\t\t<\/span>\n\t\t\t\t<span class=\"elementor-post-time\">\n\t\t\t12:28\t\t<\/span>\n\t\t\t\t<\/div>\n\t\t\t\t<div class=\"elementor-post__excerpt\">\n\t\t\t<p>L\u00e4s om hur du b\u00e4st sk\u00f6ter dina besparingar och hj\u00e4lper ekonomin just nu<\/p>\n\t\t<\/div>\n\t\t\t\t<\/div>\n\t\t\t\t<\/article>\n\t\t\t\t<article class=\"elementor-post elementor-grid-item post-518 post type-post status-publish format-standard has-post-thumbnail hentry category-kultur tag-anstalt tag-bibliotek tag-fangelse tag-insatta tag-kalmar tag-stadsbibliotek\" role=\"listitem\">\n\t\t\t\t<a class=\"elementor-post__thumbnail__link\" href=\"https:\/\/medieproduktion.lnu.se\/kajposten\/2020\/03\/20\/reportage-hon-hjalper-insatta-fa-tillgang-till-litteratur\/\" tabindex=\"-1\" >\n\t\t\t<div class=\"elementor-post__thumbnail\"><img loading=\"lazy\" decoding=\"async\" width=\"768\" height=\"512\" src=\"https:\/\/medieproduktion.lnu.se\/kajposten\/wp-content\/uploads\/sites\/272\/2020\/03\/MG_1499-768x512.jpg\" class=\"attachment-medium_large size-medium_large wp-image-511\" alt=\"Helena sitter vid sitt skrivbord.\" srcset=\"https:\/\/medieproduktion.lnu.se\/kajposten\/wp-content\/uploads\/sites\/272\/2020\/03\/MG_1499-768x512.jpg 768w, https:\/\/medieproduktion.lnu.se\/kajposten\/wp-content\/uploads\/sites\/272\/2020\/03\/MG_1499-300x200.jpg 300w, https:\/\/medieproduktion.lnu.se\/kajposten\/wp-content\/uploads\/sites\/272\/2020\/03\/MG_1499-1024x683.jpg 1024w\" sizes=\"(max-width: 768px) 100vw, 768px\" \/><\/div>\n\t\t<\/a>\n\t\t\t\t<div class=\"elementor-post__text\">\n\t\t\t\t<h3 class=\"elementor-post__title\">\n\t\t\t<a href=\"https:\/\/medieproduktion.lnu.se\/kajposten\/2020\/03\/20\/reportage-hon-hjalper-insatta-fa-tillgang-till-litteratur\/\" >\n\t\t\t\tHon hj\u00e4lper insatta f\u00e5 tillg\u00e5ng till litteratur\t\t\t<\/a>\n\t\t<\/h3>\n\t\t\t\t<div class=\"elementor-post__meta-data\">\n\t\t\t\t\t<span class=\"elementor-post-date\">\n\t\t\t20 mars, 2020\t\t<\/span>\n\t\t\t\t<span class=\"elementor-post-time\">\n\t\t\t14:23\t\t<\/span>\n\t\t\t\t<\/div>\n\t\t\t\t<div class=\"elementor-post__excerpt\">\n\t\t\t<p>Ett reportage om Helena Westerback Knutsson som hj\u00e4lper insatta att f\u00e5 tillg\u00e5ng till litteratur.<\/p>\n\t\t<\/div>\n\t\t\t\t<\/div>\n\t\t\t\t<\/article>\n\t\t\t\t<article class=\"elementor-post elementor-grid-item post-495 post type-post status-publish format-standard has-post-thumbnail hentry category-nyheter tag-corona tag-frisor tag-kalmar\" role=\"listitem\">\n\t\t\t\t<a class=\"elementor-post__thumbnail__link\" href=\"https:\/\/medieproduktion.lnu.se\/kajposten\/2020\/03\/23\/manga-avbokningar-hos-frisorer-tror-att-det-kommer-bli-varre\/\" tabindex=\"-1\" >\n\t\t\t<div class=\"elementor-post__thumbnail\"><img loading=\"lazy\" decoding=\"async\" width=\"768\" height=\"430\" src=\"https:\/\/medieproduktion.lnu.se\/kajposten\/wp-content\/uploads\/sites\/272\/2020\/03\/Ska\u0308rmavbild-2020-03-23-kl.-10.09.27-768x430.png\" class=\"attachment-medium_large size-medium_large wp-image-554\" alt=\"Fris\u00f6r\" srcset=\"https:\/\/medieproduktion.lnu.se\/kajposten\/wp-content\/uploads\/sites\/272\/2020\/03\/Ska\u0308rmavbild-2020-03-23-kl.-10.09.27-768x430.png 768w, https:\/\/medieproduktion.lnu.se\/kajposten\/wp-content\/uploads\/sites\/272\/2020\/03\/Ska\u0308rmavbild-2020-03-23-kl.-10.09.27-300x168.png 300w, https:\/\/medieproduktion.lnu.se\/kajposten\/wp-content\/uploads\/sites\/272\/2020\/03\/Ska\u0308rmavbild-2020-03-23-kl.-10.09.27-1024x574.png 1024w\" sizes=\"(max-width: 768px) 100vw, 768px\" \/><\/div>\n\t\t<\/a>\n\t\t\t\t<div class=\"elementor-post__text\">\n\t\t\t\t<h3 class=\"elementor-post__title\">\n\t\t\t<a href=\"https:\/\/medieproduktion.lnu.se\/kajposten\/2020\/03\/23\/manga-avbokningar-hos-frisorer-tror-att-det-kommer-bli-varre\/\" >\n\t\t\t\tWebb-TV: M\u00e5nga avbokningar hos fris\u00f6rer \u2014 &#8221;Tror att det kommer bli v\u00e4rre&#8221;\t\t\t<\/a>\n\t\t<\/h3>\n\t\t\t\t<div class=\"elementor-post__meta-data\">\n\t\t\t\t\t<span class=\"elementor-post-date\">\n\t\t\t23 mars, 2020\t\t<\/span>\n\t\t\t\t<span class=\"elementor-post-time\">\n\t\t\t10:00\t\t<\/span>\n\t\t\t\t<\/div>\n\t\t\t\t<div class=\"elementor-post__excerpt\">\n\t\t\t<p>Fler och fler avbokningar sker hos fris\u00f6rer till f\u00f6ljd av corona. Oftast av anledningar som inte skulle spelat roll i vanliga fall.<\/p>\n\t\t<\/div>\n\t\t\t\t<\/div>\n\t\t\t\t<\/article>\n\t\t\t\t<article class=\"elementor-post elementor-grid-item post-567 post type-post status-publish format-standard has-post-thumbnail hentry category-nyheter tag-bris tag-corona tag-coronavirus tag-covid-19 tag-kalmar tag-linneuniversitetet tag-studenthalsan\" role=\"listitem\">\n\t\t\t\t<a class=\"elementor-post__thumbnail__link\" href=\"https:\/\/medieproduktion.lnu.se\/kajposten\/2020\/03\/23\/studenthalsan-manga-har-avbokat-av-radsla-for-smittan\/\" tabindex=\"-1\" >\n\t\t\t<div class=\"elementor-post__thumbnail\"><img loading=\"lazy\" decoding=\"async\" width=\"768\" height=\"512\" src=\"https:\/\/medieproduktion.lnu.se\/kajposten\/wp-content\/uploads\/sites\/272\/2020\/03\/IMG_8452-768x512.jpg\" class=\"attachment-medium_large size-medium_large wp-image-568\" alt=\"Studenth\u00e4lsan\" srcset=\"https:\/\/medieproduktion.lnu.se\/kajposten\/wp-content\/uploads\/sites\/272\/2020\/03\/IMG_8452-768x512.jpg 768w, https:\/\/medieproduktion.lnu.se\/kajposten\/wp-content\/uploads\/sites\/272\/2020\/03\/IMG_8452-300x200.jpg 300w, https:\/\/medieproduktion.lnu.se\/kajposten\/wp-content\/uploads\/sites\/272\/2020\/03\/IMG_8452-1024x683.jpg 1024w\" sizes=\"(max-width: 768px) 100vw, 768px\" \/><\/div>\n\t\t<\/a>\n\t\t\t\t<div class=\"elementor-post__text\">\n\t\t\t\t<h3 class=\"elementor-post__title\">\n\t\t\t<a href=\"https:\/\/medieproduktion.lnu.se\/kajposten\/2020\/03\/23\/studenthalsan-manga-har-avbokat-av-radsla-for-smittan\/\" >\n\t\t\t\tStudenth\u00e4lsan: \u201dm\u00e5nga har avbokat av r\u00e4dsla f\u00f6r smittan\u201d\t\t\t<\/a>\n\t\t<\/h3>\n\t\t\t\t<div class=\"elementor-post__meta-data\">\n\t\t\t\t\t<span class=\"elementor-post-date\">\n\t\t\t23 mars, 2020\t\t<\/span>\n\t\t\t\t<span class=\"elementor-post-time\">\n\t\t\t13:25\t\t<\/span>\n\t\t\t\t<\/div>\n\t\t\t\t<div class=\"elementor-post__excerpt\">\n\t\t\t<p>Trycket har \u00f6kat hos barnr\u00e4ttsorganisationen BRIS efter att skolor \u00f6verg\u00e5tt till digitalundervisning. Men hos studenth\u00e4lsan i Kalmar har trycket blivit mindre. <\/p>\n\t\t<\/div>\n\t\t\t\t<\/div>\n\t\t\t\t<\/article>\n\t\t\t\t<\/div>\n\t\t\n\t\t\t\t\t\t<\/div>\n\t\t\t\t<\/div>\n\t\t\t\t\t<\/div>\n\t\t<\/div>\n\t\t\t\t\t<\/div>\n\t\t<\/section>\n\t\t\t\t<\/div>\n\t\t","protected":false},"excerpt":{"rendered":"","protected":false},"author":244,"featured_media":0,"parent":0,"menu_order":0,"comment_status":"closed","ping_status":"closed","template":"","meta":{"footnotes":""},"class_list":["post-34","page","type-page","status-publish","hentry"],"_links":{"self":[{"href":"https:\/\/medieproduktion.lnu.se\/kajposten\/wp-json\/wp\/v2\/pages\/34","targetHints":{"allow":["GET"]}}],"collection":[{"href":"https:\/\/medieproduktion.lnu.se\/kajposten\/wp-json\/wp\/v2\/pages"}],"about":[{"href":"https:\/\/medieproduktion.lnu.se\/kajposten\/wp-json\/wp\/v2\/types\/page"}],"author":[{"embeddable":true,"href":"https:\/\/medieproduktion.lnu.se\/kajposten\/wp-json\/wp\/v2\/users\/244"}],"replies":[{"embeddable":true,"href":"https:\/\/medieproduktion.lnu.se\/kajposten\/wp-json\/wp\/v2\/comments?post=34"}],"version-history":[{"count":31,"href":"https:\/\/medieproduktion.lnu.se\/kajposten\/wp-json\/wp\/v2\/pages\/34\/revisions"}],"predecessor-version":[{"id":775,"href":"https:\/\/medieproduktion.lnu.se\/kajposten\/wp-json\/wp\/v2\/pages\/34\/revisions\/775"}],"wp:attachment":[{"href":"https:\/\/medieproduktion.lnu.se\/kajposten\/wp-json\/wp\/v2\/media?parent=34"}],"curies":[{"name":"wp","href":"https:\/\/api.w.org\/{rel}","templated":true}]}}