{"id":496,"date":"2021-02-04T13:17:35","date_gmt":"2021-02-04T12:17:35","guid":{"rendered":"http:\/\/medieproduktion.lnu.se\/hansabladet\/?page_id=496"},"modified":"2021-02-18T17:07:24","modified_gmt":"2021-02-18T16:07:24","slug":"webb-tv","status":"publish","type":"page","link":"https:\/\/medieproduktion.lnu.se\/hansabladet\/webb-tv\/","title":{"rendered":"Webb-TV"},"content":{"rendered":"\t\t<div data-elementor-type=\"wp-post\" data-elementor-id=\"496\" class=\"elementor elementor-496 elementor-bc-flex-widget\" data-elementor-post-type=\"page\">\n\t\t\t\t\t\t<section class=\"elementor-section elementor-top-section elementor-element elementor-element-dc4972d elementor-section-boxed elementor-section-height-default elementor-section-height-default\" data-id=\"dc4972d\" data-element_type=\"section\">\n\t\t\t\t\t\t<div class=\"elementor-container elementor-column-gap-default\">\n\t\t\t\t\t<div class=\"elementor-column elementor-col-100 elementor-top-column elementor-element elementor-element-2369b83\" data-id=\"2369b83\" data-element_type=\"column\">\n\t\t\t<div class=\"elementor-widget-wrap elementor-element-populated\">\n\t\t\t\t\t\t<div class=\"elementor-element elementor-element-02be2ff elementor-grid-1 elementor-grid-tablet-2 elementor-grid-mobile-1 elementor-posts--thumbnail-top elementor-widget elementor-widget-posts\" data-id=\"02be2ff\" data-element_type=\"widget\" data-settings=\"{&quot;classic_columns&quot;:&quot;1&quot;,&quot;classic_columns_tablet&quot;:&quot;2&quot;,&quot;classic_columns_mobile&quot;:&quot;1&quot;,&quot;classic_row_gap&quot;:{&quot;unit&quot;:&quot;px&quot;,&quot;size&quot;:35,&quot;sizes&quot;:[]},&quot;classic_row_gap_tablet&quot;:{&quot;unit&quot;:&quot;px&quot;,&quot;size&quot;:&quot;&quot;,&quot;sizes&quot;:[]},&quot;classic_row_gap_mobile&quot;:{&quot;unit&quot;:&quot;px&quot;,&quot;size&quot;:&quot;&quot;,&quot;sizes&quot;:[]}}\" data-widget_type=\"posts.classic\">\n\t\t\t\t<div class=\"elementor-widget-container\">\n\t\t\t\t\t\t\t<div class=\"elementor-posts-container elementor-posts elementor-posts--skin-classic elementor-grid\" role=\"list\">\n\t\t\t\t<article class=\"elementor-post elementor-grid-item post-1098 post type-post status-publish format-standard has-post-thumbnail hentry category-lokalt category-webb-tv tag-butik tag-covid-19 tag-hallengren tag-handel tag-kalmar tag-nedstangning tag-regeringen tag-skor\" role=\"listitem\">\n\t\t\t\t<a class=\"elementor-post__thumbnail__link\" href=\"https:\/\/medieproduktion.lnu.se\/hansabladet\/2021\/02\/17\/webb-tv-butiksagare-hoppfull-trots-hot-om-nedstangning\/\" tabindex=\"-1\" >\n\t\t\t<div class=\"elementor-post__thumbnail\"><img fetchpriority=\"high\" decoding=\"async\" width=\"768\" height=\"553\" src=\"https:\/\/medieproduktion.lnu.se\/hansabladet\/wp-content\/uploads\/sites\/468\/2021\/02\/annica-768x553.jpg\" class=\"attachment-medium_large size-medium_large wp-image-1102\" alt=\"Kvinna i en skobutik.\" srcset=\"https:\/\/medieproduktion.lnu.se\/hansabladet\/wp-content\/uploads\/sites\/468\/2021\/02\/annica-768x553.jpg 768w, https:\/\/medieproduktion.lnu.se\/hansabladet\/wp-content\/uploads\/sites\/468\/2021\/02\/annica-300x216.jpg 300w, https:\/\/medieproduktion.lnu.se\/hansabladet\/wp-content\/uploads\/sites\/468\/2021\/02\/annica.jpg 916w\" sizes=\"(max-width: 768px) 100vw, 768px\" \/><\/div>\n\t\t<\/a>\n\t\t\t\t<div class=\"elementor-post__text\">\n\t\t\t\t<h3 class=\"elementor-post__title\">\n\t\t\t<a href=\"https:\/\/medieproduktion.lnu.se\/hansabladet\/2021\/02\/17\/webb-tv-butiksagare-hoppfull-trots-hot-om-nedstangning\/\" >\n\t\t\t\tWebb-TV: Butiks\u00e4gare hoppfull trots hot om nedst\u00e4ngning\t\t\t<\/a>\n\t\t<\/h3>\n\t\t\t\t<div class=\"elementor-post__meta-data\">\n\t\t\t\t\t<span class=\"elementor-post-author\">\n\t\t\tWilliam Juhlin\t\t<\/span>\n\t\t\t\t<span class=\"elementor-post-date\">\n\t\t\t17 februari, 2021\t\t<\/span>\n\t\t\t\t<span class=\"elementor-post-time\">\n\t\t\t16:07\t\t<\/span>\n\t\t\t\t<\/div>\n\t\t\t\t<div class=\"elementor-post__excerpt\">\n\t\t\t<p><a href=\"http:\/\/medieproduktion.lnu.se\/hansabladet\/2021\/02\/17\/1098\/\"> Regeringens f\u00f6rslag om att f\u00e5 m\u00f6jlighet att st\u00e4nga ner bland annat butiker hotar handeln men skobutiks\u00e4garen Annica Lindblad k\u00e4nner ingen st\u00f6rre oro. <\/a><\/p>\n\t\t<\/div>\n\t\t\t\t<\/div>\n\t\t\t\t<\/article>\n\t\t\t\t<\/div>\n\t\t\n\t\t\t\t\t\t<\/div>\n\t\t\t\t<\/div>\n\t\t\t\t\t<\/div>\n\t\t<\/div>\n\t\t\t\t\t<\/div>\n\t\t<\/section>\n\t\t\t\t<section class=\"elementor-section elementor-top-section elementor-element elementor-element-2ddd7d5 elementor-section-boxed elementor-section-height-default elementor-section-height-default\" data-id=\"2ddd7d5\" data-element_type=\"section\">\n\t\t\t\t\t\t<div class=\"elementor-container elementor-column-gap-default\">\n\t\t\t\t\t<div class=\"elementor-column elementor-col-100 elementor-top-column elementor-element elementor-element-337cc62\" data-id=\"337cc62\" data-element_type=\"column\">\n\t\t\t<div class=\"elementor-widget-wrap elementor-element-populated\">\n\t\t\t\t\t\t<div class=\"elementor-element elementor-element-94d6891 elementor-grid-2 elementor-grid-tablet-2 elementor-grid-mobile-1 elementor-posts--thumbnail-top elementor-widget elementor-widget-posts\" data-id=\"94d6891\" data-element_type=\"widget\" data-settings=\"{&quot;classic_columns&quot;:&quot;2&quot;,&quot;classic_columns_tablet&quot;:&quot;2&quot;,&quot;classic_columns_mobile&quot;:&quot;1&quot;,&quot;classic_row_gap&quot;:{&quot;unit&quot;:&quot;px&quot;,&quot;size&quot;:35,&quot;sizes&quot;:[]},&quot;classic_row_gap_tablet&quot;:{&quot;unit&quot;:&quot;px&quot;,&quot;size&quot;:&quot;&quot;,&quot;sizes&quot;:[]},&quot;classic_row_gap_mobile&quot;:{&quot;unit&quot;:&quot;px&quot;,&quot;size&quot;:&quot;&quot;,&quot;sizes&quot;:[]}}\" data-widget_type=\"posts.classic\">\n\t\t\t\t<div class=\"elementor-widget-container\">\n\t\t\t\t\t\t\t<div class=\"elementor-posts-container elementor-posts elementor-posts--skin-classic elementor-grid\" role=\"list\">\n\t\t\t\t<article class=\"elementor-post elementor-grid-item post-1007 post type-post status-publish format-standard has-post-thumbnail hentry category-lokalt category-webb-tv\" role=\"listitem\">\n\t\t\t\t<a class=\"elementor-post__thumbnail__link\" href=\"https:\/\/medieproduktion.lnu.se\/hansabladet\/2021\/02\/16\/webb-tv-hansabladet-utser-stans-basta-semla\/\" tabindex=\"-1\" >\n\t\t\t<div class=\"elementor-post__thumbnail\"><img decoding=\"async\" width=\"300\" height=\"138\" src=\"https:\/\/medieproduktion.lnu.se\/hansabladet\/wp-content\/uploads\/sites\/468\/2021\/02\/Puffbild_semla-300x138.jpg\" class=\"attachment-medium size-medium wp-image-1009\" alt=\"Semla p\u00e5 en papperstallrik\" srcset=\"https:\/\/medieproduktion.lnu.se\/hansabladet\/wp-content\/uploads\/sites\/468\/2021\/02\/Puffbild_semla-300x138.jpg 300w, https:\/\/medieproduktion.lnu.se\/hansabladet\/wp-content\/uploads\/sites\/468\/2021\/02\/Puffbild_semla-768x354.jpg 768w, https:\/\/medieproduktion.lnu.se\/hansabladet\/wp-content\/uploads\/sites\/468\/2021\/02\/Puffbild_semla.jpg 1000w\" sizes=\"(max-width: 300px) 100vw, 300px\" \/><\/div>\n\t\t<\/a>\n\t\t\t\t<div class=\"elementor-post__text\">\n\t\t\t\t<h3 class=\"elementor-post__title\">\n\t\t\t<a href=\"https:\/\/medieproduktion.lnu.se\/hansabladet\/2021\/02\/16\/webb-tv-hansabladet-utser-stans-basta-semla\/\" >\n\t\t\t\tWebb-TV: HansaBladet utser stans b\u00e4sta semla\t\t\t<\/a>\n\t\t<\/h3>\n\t\t\t\t<div class=\"elementor-post__meta-data\">\n\t\t\t\t\t<span class=\"elementor-post-author\">\n\t\t\tWilliam Juhlin\t\t<\/span>\n\t\t\t\t<span class=\"elementor-post-date\">\n\t\t\t16 februari, 2021\t\t<\/span>\n\t\t\t\t<span class=\"elementor-post-time\">\n\t\t\t14:30\t\t<\/span>\n\t\t\t\t<\/div>\n\t\t\t\t<div class=\"elementor-post__excerpt\">\n\t\t\t<p><a href=\"http:\/\/medieproduktion.lnu.se\/hansabladet\/2021\/02\/16\/webb-tv-hansabla\u2026tans-basta-semla\/\"> HansaBladet testar vilken semla som \u00e4r Kalmars godaste. <\/a><\/p>\n\t\t<\/div>\n\t\t\t\t<\/div>\n\t\t\t\t<\/article>\n\t\t\t\t<article class=\"elementor-post elementor-grid-item post-979 post type-post status-publish format-standard has-post-thumbnail hentry category-webb-tv tag-inbrott tag-kalmar tag-oxhagen tag-webb-tv\" role=\"listitem\">\n\t\t\t\t<a class=\"elementor-post__thumbnail__link\" href=\"https:\/\/medieproduktion.lnu.se\/hansabladet\/2021\/02\/16\/webb-tv-inbrott-i-oxhagen\/\" tabindex=\"-1\" >\n\t\t\t<div class=\"elementor-post__thumbnail\"><img decoding=\"async\" width=\"300\" height=\"162\" src=\"https:\/\/medieproduktion.lnu.se\/hansabladet\/wp-content\/uploads\/sites\/468\/2021\/02\/inbrottt-300x162.jpg\" class=\"attachment-medium size-medium wp-image-977\" alt=\"Inbrott vid f\u00f6rr\u00e5d\" srcset=\"https:\/\/medieproduktion.lnu.se\/hansabladet\/wp-content\/uploads\/sites\/468\/2021\/02\/inbrottt-300x162.jpg 300w, https:\/\/medieproduktion.lnu.se\/hansabladet\/wp-content\/uploads\/sites\/468\/2021\/02\/inbrottt-768x416.jpg 768w, https:\/\/medieproduktion.lnu.se\/hansabladet\/wp-content\/uploads\/sites\/468\/2021\/02\/inbrottt.jpg 850w\" sizes=\"(max-width: 300px) 100vw, 300px\" \/><\/div>\n\t\t<\/a>\n\t\t\t\t<div class=\"elementor-post__text\">\n\t\t\t\t<h3 class=\"elementor-post__title\">\n\t\t\t<a href=\"https:\/\/medieproduktion.lnu.se\/hansabladet\/2021\/02\/16\/webb-tv-inbrott-i-oxhagen\/\" >\n\t\t\t\tWebb-TV: Inbrott i Oxhagen\t\t\t<\/a>\n\t\t<\/h3>\n\t\t\t\t<div class=\"elementor-post__meta-data\">\n\t\t\t\t\t<span class=\"elementor-post-author\">\n\t\t\tLudvig Solvin\t\t<\/span>\n\t\t\t\t<span class=\"elementor-post-date\">\n\t\t\t16 februari, 2021\t\t<\/span>\n\t\t\t\t<span class=\"elementor-post-time\">\n\t\t\t12:10\t\t<\/span>\n\t\t\t\t<\/div>\n\t\t\t\t<div class=\"elementor-post__excerpt\">\n\t\t\t<p><a href=\"http:\/\/medieproduktion.lnu.se\/hansabladet\/2021\/02\/16\/webb-tv-inbrott-i-oxhagen\/\">Ett omr\u00e5de vid Oxhagen i Kalmar har under helgen blivit utsatt f\u00f6r flera inbrott vid ett k\u00e4llarf\u00f6rr\u00e5d.<\/a><\/p>\n\t\t<\/div>\n\t\t\t\t<\/div>\n\t\t\t\t<\/article>\n\t\t\t\t<article class=\"elementor-post elementor-grid-item post-961 post type-post status-publish format-standard has-post-thumbnail hentry category-lokalt category-webb-tv tag-arla tag-bakning tag-cafe tag-kalmar tag-lotsutkiken tag-semla\" role=\"listitem\">\n\t\t\t\t<a class=\"elementor-post__thumbnail__link\" href=\"https:\/\/medieproduktion.lnu.se\/hansabladet\/2021\/02\/16\/vi-forsoker-gora-var-grej-lite-battre-bara\/\" tabindex=\"-1\" >\n\t\t\t<div class=\"elementor-post__thumbnail\"><img loading=\"lazy\" decoding=\"async\" width=\"300\" height=\"167\" src=\"https:\/\/medieproduktion.lnu.se\/hansabladet\/wp-content\/uploads\/sites\/468\/2021\/02\/semlor_-300x167.jpg\" class=\"attachment-medium size-medium wp-image-1274\" alt=\"Alfred N\u00f3ren sitter i en stol med h\u00e4nderna i luften.\" srcset=\"https:\/\/medieproduktion.lnu.se\/hansabladet\/wp-content\/uploads\/sites\/468\/2021\/02\/semlor_-300x167.jpg 300w, https:\/\/medieproduktion.lnu.se\/hansabladet\/wp-content\/uploads\/sites\/468\/2021\/02\/semlor_-768x427.jpg 768w, https:\/\/medieproduktion.lnu.se\/hansabladet\/wp-content\/uploads\/sites\/468\/2021\/02\/semlor_.jpg 850w\" sizes=\"(max-width: 300px) 100vw, 300px\" \/><\/div>\n\t\t<\/a>\n\t\t\t\t<div class=\"elementor-post__text\">\n\t\t\t\t<h3 class=\"elementor-post__title\">\n\t\t\t<a href=\"https:\/\/medieproduktion.lnu.se\/hansabladet\/2021\/02\/16\/vi-forsoker-gora-var-grej-lite-battre-bara\/\" >\n\t\t\t\tWebb-TV: \u201cVi f\u00f6rs\u00f6ker bara g\u00f6ra v\u00e5r grej lite b\u00e4ttre\u201d\t\t\t<\/a>\n\t\t<\/h3>\n\t\t\t\t<div class=\"elementor-post__meta-data\">\n\t\t\t\t\t<span class=\"elementor-post-author\">\n\t\t\tJesper Johansson\t\t<\/span>\n\t\t\t\t<span class=\"elementor-post-date\">\n\t\t\t16 februari, 2021\t\t<\/span>\n\t\t\t\t<span class=\"elementor-post-time\">\n\t\t\t11:51\t\t<\/span>\n\t\t\t\t<\/div>\n\t\t\t\t<div class=\"elementor-post__excerpt\">\n\t\t\t<p><a href=\"http:\/\/medieproduktion.lnu.se\/hansabladet\/2021\/02\/16\/vi-forsoker-gora-var-grej-lite-battre-bara\/\">Vi p\u00e5 HansaBladet tog en inblick hos stans b\u00e4sta semmelcaf\u00e9 enligt kalmariterna och pratade med \u00e4garen Alfred Nor\u00e9n.<\/a><\/p>\n\t\t<\/div>\n\t\t\t\t<\/div>\n\t\t\t\t<\/article>\n\t\t\t\t<article class=\"elementor-post elementor-grid-item post-941 post type-post status-publish format-standard has-post-thumbnail hentry category-webb-tv tag-entreprenor tag-hotell tag-kalmar tag-linneuniversitetet tag-petter-stordalen tag-rik\" role=\"listitem\">\n\t\t\t\t<a class=\"elementor-post__thumbnail__link\" href=\"https:\/\/medieproduktion.lnu.se\/hansabladet\/2021\/02\/15\/webb-tv-petter-stordalen-bygger-hotell-i-kalmar\/\" tabindex=\"-1\" >\n\t\t\t<div class=\"elementor-post__thumbnail\"><img loading=\"lazy\" decoding=\"async\" width=\"300\" height=\"225\" src=\"https:\/\/medieproduktion.lnu.se\/hansabladet\/wp-content\/uploads\/sites\/468\/2021\/02\/\u00f6-300x225.jpg\" class=\"attachment-medium size-medium wp-image-937\" alt=\"Tre person som st\u00e5r vid en presskonferens. Lars W\u00e4rnberg, Petter Stordalen och Johan Persson\" \/><\/div>\n\t\t<\/a>\n\t\t\t\t<div class=\"elementor-post__text\">\n\t\t\t\t<h3 class=\"elementor-post__title\">\n\t\t\t<a href=\"https:\/\/medieproduktion.lnu.se\/hansabladet\/2021\/02\/15\/webb-tv-petter-stordalen-bygger-hotell-i-kalmar\/\" >\n\t\t\t\tWebb-TV: Petter Stordalen bygger hotell i Kalmar\t\t\t<\/a>\n\t\t<\/h3>\n\t\t\t\t<div class=\"elementor-post__meta-data\">\n\t\t\t\t\t<span class=\"elementor-post-author\">\n\t\t\tElliot Klint\t\t<\/span>\n\t\t\t\t<span class=\"elementor-post-date\">\n\t\t\t15 februari, 2021\t\t<\/span>\n\t\t\t\t<span class=\"elementor-post-time\">\n\t\t\t14:45\t\t<\/span>\n\t\t\t\t<\/div>\n\t\t\t\t<div class=\"elementor-post__excerpt\">\n\t\t\t<p><a href=\"http:\/\/medieproduktion.lnu.se\/hansabladet\/2021\/02\/15\/webb-tv-petter-stordalen-bygger-hotell-i-kalmar\/\">LW Fastighets\u00e4garen Lars W\u00e4rnberg och kommunstyrelsens ordf\u00f6rande Johan Persson (S). Kommer tillsammans med hotellmagnaten Petter Stordalen bygga ett hotell i Kalmar.<\/a> <\/p>\n\t\t<\/div>\n\t\t\t\t<\/div>\n\t\t\t\t<\/article>\n\t\t\t\t<article class=\"elementor-post elementor-grid-item post-798 post type-post status-publish format-standard has-post-thumbnail hentry category-lokalt category-webb-tv tag-kalmar-lan tag-oland tag-olandsbron tag-ovader tag-snostorm\" role=\"listitem\">\n\t\t\t\t<a class=\"elementor-post__thumbnail__link\" href=\"https:\/\/medieproduktion.lnu.se\/hansabladet\/2021\/02\/10\/webb-tv-vaderfenomen-pa-olandsbron-under-onsdagen\/\" tabindex=\"-1\" >\n\t\t\t<div class=\"elementor-post__thumbnail\"><img loading=\"lazy\" decoding=\"async\" width=\"300\" height=\"225\" src=\"https:\/\/medieproduktion.lnu.se\/hansabladet\/wp-content\/uploads\/sites\/468\/2021\/02\/webbtvbild-300x225.jpg\" class=\"attachment-medium size-medium wp-image-807\" alt=\"Tv\u00e5 bilder p\u00e5 \u00f6landsbron\" srcset=\"https:\/\/medieproduktion.lnu.se\/hansabladet\/wp-content\/uploads\/sites\/468\/2021\/02\/webbtvbild-300x225.jpg 300w, https:\/\/medieproduktion.lnu.se\/hansabladet\/wp-content\/uploads\/sites\/468\/2021\/02\/webbtvbild-768x576.jpg 768w, https:\/\/medieproduktion.lnu.se\/hansabladet\/wp-content\/uploads\/sites\/468\/2021\/02\/webbtvbild.jpg 800w\" sizes=\"(max-width: 300px) 100vw, 300px\" \/><\/div>\n\t\t<\/a>\n\t\t\t\t<div class=\"elementor-post__text\">\n\t\t\t\t<h3 class=\"elementor-post__title\">\n\t\t\t<a href=\"https:\/\/medieproduktion.lnu.se\/hansabladet\/2021\/02\/10\/webb-tv-vaderfenomen-pa-olandsbron-under-onsdagen\/\" >\n\t\t\t\tWebb-TV: V\u00e4derfenomen p\u00e5 \u00d6landsbron under onsdagen\t\t\t<\/a>\n\t\t<\/h3>\n\t\t\t\t<div class=\"elementor-post__meta-data\">\n\t\t\t\t\t<span class=\"elementor-post-author\">\n\t\t\tJesper Johansson\t\t<\/span>\n\t\t\t\t<span class=\"elementor-post-date\">\n\t\t\t10 februari, 2021\t\t<\/span>\n\t\t\t\t<span class=\"elementor-post-time\">\n\t\t\t15:03\t\t<\/span>\n\t\t\t\t<\/div>\n\t\t\t\t<div class=\"elementor-post__excerpt\">\n\t\t\t<p><a href=\"webb-tv-vaderfenomen-pa-olandsbron-under-onsdagen\">Under onsdagen visade sig en osynlig gr\u00e4ns p\u00e5 \u00d6landsbron mellan Kalmar och F\u00e4rjestaden.<\/a><\/p>\n\t\t<\/div>\n\t\t\t\t<\/div>\n\t\t\t\t<\/article>\n\t\t\t\t<article class=\"elementor-post elementor-grid-item post-559 post type-post status-publish format-standard has-post-thumbnail hentry category-webb-tv tag-webb-tv\" role=\"listitem\">\n\t\t\t\t<a class=\"elementor-post__thumbnail__link\" href=\"https:\/\/medieproduktion.lnu.se\/hansabladet\/2021\/02\/04\/redaktionstrailern\/\" tabindex=\"-1\" >\n\t\t\t<div class=\"elementor-post__thumbnail\"><img loading=\"lazy\" decoding=\"async\" width=\"300\" height=\"173\" src=\"https:\/\/medieproduktion.lnu.se\/hansabladet\/wp-content\/uploads\/sites\/468\/2021\/02\/footer-3-300x173.png\" class=\"attachment-medium size-medium wp-image-426\" alt=\"\" srcset=\"https:\/\/medieproduktion.lnu.se\/hansabladet\/wp-content\/uploads\/sites\/468\/2021\/02\/footer-3-300x173.png 300w, https:\/\/medieproduktion.lnu.se\/hansabladet\/wp-content\/uploads\/sites\/468\/2021\/02\/footer-3-768x444.png 768w, https:\/\/medieproduktion.lnu.se\/hansabladet\/wp-content\/uploads\/sites\/468\/2021\/02\/footer-3-1024x592.png 1024w\" sizes=\"(max-width: 300px) 100vw, 300px\" \/><\/div>\n\t\t<\/a>\n\t\t\t\t<div class=\"elementor-post__text\">\n\t\t\t\t<h3 class=\"elementor-post__title\">\n\t\t\t<a href=\"https:\/\/medieproduktion.lnu.se\/hansabladet\/2021\/02\/04\/redaktionstrailern\/\" >\n\t\t\t\tRedaktionstrailern!\t\t\t<\/a>\n\t\t<\/h3>\n\t\t\t\t<div class=\"elementor-post__meta-data\">\n\t\t\t\t\t<span class=\"elementor-post-author\">\n\t\t\tJesper Johansson\t\t<\/span>\n\t\t\t\t<span class=\"elementor-post-date\">\n\t\t\t4 februari, 2021\t\t<\/span>\n\t\t\t\t<span class=\"elementor-post-time\">\n\t\t\t15:00\t\t<\/span>\n\t\t\t\t<\/div>\n\t\t\t\t<div class=\"elementor-post__excerpt\">\n\t\t\t<p><a \/> 9 februari startar v\u00e5r resa, klicka in och f\u00e5 en inblick av v\u00e5r redaktion! <a \/><\/p>\n\t\t<\/div>\n\t\t\t\t<\/div>\n\t\t\t\t<\/article>\n\t\t\t\t<\/div>\n\t\t\n\t\t\t\t\t\t<\/div>\n\t\t\t\t<\/div>\n\t\t\t\t\t<\/div>\n\t\t<\/div>\n\t\t\t\t\t<\/div>\n\t\t<\/section>\n\t\t\t\t<\/div>\n\t\t","protected":false},"excerpt":{"rendered":"","protected":false},"author":383,"featured_media":0,"parent":0,"menu_order":0,"comment_status":"closed","ping_status":"closed","template":"","meta":{"footnotes":""},"class_list":["post-496","page","type-page","status-publish","hentry"],"_links":{"self":[{"href":"https:\/\/medieproduktion.lnu.se\/hansabladet\/wp-json\/wp\/v2\/pages\/496","targetHints":{"allow":["GET"]}}],"collection":[{"href":"https:\/\/medieproduktion.lnu.se\/hansabladet\/wp-json\/wp\/v2\/pages"}],"about":[{"href":"https:\/\/medieproduktion.lnu.se\/hansabladet\/wp-json\/wp\/v2\/types\/page"}],"author":[{"embeddable":true,"href":"https:\/\/medieproduktion.lnu.se\/hansabladet\/wp-json\/wp\/v2\/users\/383"}],"replies":[{"embeddable":true,"href":"https:\/\/medieproduktion.lnu.se\/hansabladet\/wp-json\/wp\/v2\/comments?post=496"}],"version-history":[{"count":4,"href":"https:\/\/medieproduktion.lnu.se\/hansabladet\/wp-json\/wp\/v2\/pages\/496\/revisions"}],"predecessor-version":[{"id":1258,"href":"https:\/\/medieproduktion.lnu.se\/hansabladet\/wp-json\/wp\/v2\/pages\/496\/revisions\/1258"}],"wp:attachment":[{"href":"https:\/\/medieproduktion.lnu.se\/hansabladet\/wp-json\/wp\/v2\/media?parent=496"}],"curies":[{"name":"wp","href":"https:\/\/api.w.org\/{rel}","templated":true}]}}