{"id":484,"date":"2021-02-04T12:11:54","date_gmt":"2021-02-04T11:11:54","guid":{"rendered":"http:\/\/medieproduktion.lnu.se\/hansabladet\/?page_id=484"},"modified":"2021-02-18T17:11:20","modified_gmt":"2021-02-18T16:11:20","slug":"kronikor","status":"publish","type":"page","link":"https:\/\/medieproduktion.lnu.se\/hansabladet\/kronikor\/","title":{"rendered":"Kr\u00f6nikor"},"content":{"rendered":"\t\t<div data-elementor-type=\"wp-post\" data-elementor-id=\"484\" class=\"elementor elementor-484 elementor-bc-flex-widget\" data-elementor-post-type=\"page\">\n\t\t\t\t\t\t<section class=\"elementor-section elementor-top-section elementor-element elementor-element-bad2a61 elementor-section-boxed elementor-section-height-default elementor-section-height-default\" data-id=\"bad2a61\" data-element_type=\"section\">\n\t\t\t\t\t\t<div class=\"elementor-container elementor-column-gap-default\">\n\t\t\t\t\t<div class=\"elementor-column elementor-col-100 elementor-top-column elementor-element elementor-element-d1acbe1\" data-id=\"d1acbe1\" data-element_type=\"column\">\n\t\t\t<div class=\"elementor-widget-wrap elementor-element-populated\">\n\t\t\t\t\t\t<div class=\"elementor-element elementor-element-eae4910 elementor-grid-1 elementor-grid-tablet-2 elementor-grid-mobile-1 elementor-posts--thumbnail-top elementor-widget elementor-widget-posts\" data-id=\"eae4910\" data-element_type=\"widget\" data-settings=\"{&quot;classic_columns&quot;:&quot;1&quot;,&quot;classic_columns_tablet&quot;:&quot;2&quot;,&quot;classic_columns_mobile&quot;:&quot;1&quot;,&quot;classic_row_gap&quot;:{&quot;unit&quot;:&quot;px&quot;,&quot;size&quot;:35,&quot;sizes&quot;:[]},&quot;classic_row_gap_tablet&quot;:{&quot;unit&quot;:&quot;px&quot;,&quot;size&quot;:&quot;&quot;,&quot;sizes&quot;:[]},&quot;classic_row_gap_mobile&quot;:{&quot;unit&quot;:&quot;px&quot;,&quot;size&quot;:&quot;&quot;,&quot;sizes&quot;:[]}}\" data-widget_type=\"posts.classic\">\n\t\t\t\t<div class=\"elementor-widget-container\">\n\t\t\t\t\t\t\t<div class=\"elementor-posts-container elementor-posts elementor-posts--skin-classic elementor-grid\" role=\"list\">\n\t\t\t\t<article class=\"elementor-post elementor-grid-item post-970 post type-post status-publish format-standard has-post-thumbnail hentry category-kronikor tag-kalmar tag-kronika tag-nyheter\" role=\"listitem\">\n\t\t\t\t<a class=\"elementor-post__thumbnail__link\" href=\"https:\/\/medieproduktion.lnu.se\/hansabladet\/2021\/02\/16\/nu-har-aven-var-generation-nagot-att-prata-om\/\" tabindex=\"-1\" >\n\t\t\t<div class=\"elementor-post__thumbnail\"><img fetchpriority=\"high\" decoding=\"async\" width=\"768\" height=\"519\" src=\"https:\/\/medieproduktion.lnu.se\/hansabladet\/wp-content\/uploads\/sites\/468\/2021\/02\/FamiljeMiddag-768x519.png\" class=\"attachment-medium_large size-medium_large wp-image-963\" alt=\"Kr\u00f6nika\" \/><\/div>\n\t\t<\/a>\n\t\t\t\t<div class=\"elementor-post__text\">\n\t\t\t\t<h3 class=\"elementor-post__title\">\n\t\t\t<a href=\"https:\/\/medieproduktion.lnu.se\/hansabladet\/2021\/02\/16\/nu-har-aven-var-generation-nagot-att-prata-om\/\" >\n\t\t\t\tNu har \u00e4ven v\u00e5r generation n\u00e5got att prata om\t\t\t<\/a>\n\t\t<\/h3>\n\t\t\t\t<div class=\"elementor-post__meta-data\">\n\t\t\t\t\t<span class=\"elementor-post-author\">\n\t\t\tViktor Svensson\t\t<\/span>\n\t\t\t\t<span class=\"elementor-post-date\">\n\t\t\t16 februari, 2021\t\t<\/span>\n\t\t\t\t<span class=\"elementor-post-time\">\n\t\t\t11:40\t\t<\/span>\n\t\t\t\t<\/div>\n\t\t\t\t<div class=\"elementor-post__excerpt\">\n\t\t\t<p><a href=\"http:\/\/medieproduktion.lnu.se\/hansabladet\/2021\/02\/16\/nu-har-aven-var-generation-nagot-att-prata-om\/\">Viktor Svensson om att 2000-talets generation minsann nu ocks\u00e5 har n\u00e5got att ber\u00e4tta f\u00f6r kommande generationer.<\/a><\/p>\n\t\t<\/div>\n\t\t\t\t<\/div>\n\t\t\t\t<\/article>\n\t\t\t\t<\/div>\n\t\t\n\t\t\t\t\t\t<\/div>\n\t\t\t\t<\/div>\n\t\t\t\t\t<\/div>\n\t\t<\/div>\n\t\t\t\t\t<\/div>\n\t\t<\/section>\n\t\t\t\t<section class=\"elementor-section elementor-top-section elementor-element elementor-element-2c824d9 elementor-section-boxed elementor-section-height-default elementor-section-height-default\" data-id=\"2c824d9\" data-element_type=\"section\">\n\t\t\t\t\t\t<div class=\"elementor-container elementor-column-gap-default\">\n\t\t\t\t\t<div class=\"elementor-column elementor-col-100 elementor-top-column elementor-element elementor-element-a70c87e\" data-id=\"a70c87e\" data-element_type=\"column\">\n\t\t\t<div class=\"elementor-widget-wrap elementor-element-populated\">\n\t\t\t\t\t\t<div class=\"elementor-element elementor-element-d0e87c7 elementor-grid-2 elementor-grid-tablet-2 elementor-grid-mobile-1 elementor-posts--thumbnail-top elementor-widget elementor-widget-posts\" data-id=\"d0e87c7\" data-element_type=\"widget\" data-settings=\"{&quot;classic_columns&quot;:&quot;2&quot;,&quot;classic_columns_tablet&quot;:&quot;2&quot;,&quot;classic_columns_mobile&quot;:&quot;1&quot;,&quot;classic_row_gap&quot;:{&quot;unit&quot;:&quot;px&quot;,&quot;size&quot;:35,&quot;sizes&quot;:[]},&quot;classic_row_gap_tablet&quot;:{&quot;unit&quot;:&quot;px&quot;,&quot;size&quot;:&quot;&quot;,&quot;sizes&quot;:[]},&quot;classic_row_gap_mobile&quot;:{&quot;unit&quot;:&quot;px&quot;,&quot;size&quot;:&quot;&quot;,&quot;sizes&quot;:[]}}\" data-widget_type=\"posts.classic\">\n\t\t\t\t<div class=\"elementor-widget-container\">\n\t\t\t\t\t\t\t<div class=\"elementor-posts-container elementor-posts elementor-posts--skin-classic elementor-grid\" role=\"list\">\n\t\t\t\t<article class=\"elementor-post elementor-grid-item post-828 post type-post status-publish format-standard has-post-thumbnail hentry category-kronikor tag-hur-mar-du tag-kalmar tag-kronika tag-nyheter\" role=\"listitem\">\n\t\t\t\t<a class=\"elementor-post__thumbnail__link\" href=\"https:\/\/medieproduktion.lnu.se\/hansabladet\/2021\/02\/11\/att-beratta-sanningen-ar-galet-i-en-varld-full-av-logner\/\" tabindex=\"-1\" >\n\t\t\t<div class=\"elementor-post__thumbnail\"><img decoding=\"async\" width=\"300\" height=\"186\" src=\"https:\/\/medieproduktion.lnu.se\/hansabladet\/wp-content\/uploads\/sites\/468\/2021\/02\/kronika-test2-300x186.jpg\" class=\"attachment-medium size-medium wp-image-832\" alt=\"Kr\u00f6nika\" \/><\/div>\n\t\t<\/a>\n\t\t\t\t<div class=\"elementor-post__text\">\n\t\t\t\t<h3 class=\"elementor-post__title\">\n\t\t\t<a href=\"https:\/\/medieproduktion.lnu.se\/hansabladet\/2021\/02\/11\/att-beratta-sanningen-ar-galet-i-en-varld-full-av-logner\/\" >\n\t\t\t\tAtt ber\u00e4tta sanningen \u00e4r galet i en v\u00e4rld full av l\u00f6gner\t\t\t<\/a>\n\t\t<\/h3>\n\t\t\t\t<div class=\"elementor-post__meta-data\">\n\t\t\t\t\t<span class=\"elementor-post-author\">\n\t\t\tLudvig Solvin\t\t<\/span>\n\t\t\t\t<span class=\"elementor-post-date\">\n\t\t\t11 februari, 2021\t\t<\/span>\n\t\t\t\t<span class=\"elementor-post-time\">\n\t\t\t14:55\t\t<\/span>\n\t\t\t\t<\/div>\n\t\t\t\t<div class=\"elementor-post__excerpt\">\n\t\t\t<p><a href=\"http:\/\/medieproduktion.lnu.se\/hansabladet\/2021\/02\/11\/att-beratta-sanningen-ar-galet-i-en-varld-full-av-logner\/\"> Det \u00e4r dags att bryta mot normen. V\u00e5ga ber\u00e4tta sanningen. <\/a><\/p>\n\t\t<\/div>\n\t\t\t\t<\/div>\n\t\t\t\t<\/article>\n\t\t\t\t<\/div>\n\t\t\n\t\t\t\t\t\t<\/div>\n\t\t\t\t<\/div>\n\t\t\t\t\t<\/div>\n\t\t<\/div>\n\t\t\t\t\t<\/div>\n\t\t<\/section>\n\t\t\t\t<\/div>\n\t\t","protected":false},"excerpt":{"rendered":"","protected":false},"author":383,"featured_media":0,"parent":0,"menu_order":0,"comment_status":"closed","ping_status":"closed","template":"","meta":{"footnotes":""},"class_list":["post-484","page","type-page","status-publish","hentry"],"_links":{"self":[{"href":"https:\/\/medieproduktion.lnu.se\/hansabladet\/wp-json\/wp\/v2\/pages\/484","targetHints":{"allow":["GET"]}}],"collection":[{"href":"https:\/\/medieproduktion.lnu.se\/hansabladet\/wp-json\/wp\/v2\/pages"}],"about":[{"href":"https:\/\/medieproduktion.lnu.se\/hansabladet\/wp-json\/wp\/v2\/types\/page"}],"author":[{"embeddable":true,"href":"https:\/\/medieproduktion.lnu.se\/hansabladet\/wp-json\/wp\/v2\/users\/383"}],"replies":[{"embeddable":true,"href":"https:\/\/medieproduktion.lnu.se\/hansabladet\/wp-json\/wp\/v2\/comments?post=484"}],"version-history":[{"count":4,"href":"https:\/\/medieproduktion.lnu.se\/hansabladet\/wp-json\/wp\/v2\/pages\/484\/revisions"}],"predecessor-version":[{"id":1266,"href":"https:\/\/medieproduktion.lnu.se\/hansabladet\/wp-json\/wp\/v2\/pages\/484\/revisions\/1266"}],"wp:attachment":[{"href":"https:\/\/medieproduktion.lnu.se\/hansabladet\/wp-json\/wp\/v2\/media?parent=484"}],"curies":[{"name":"wp","href":"https:\/\/api.w.org\/{rel}","templated":true}]}}