{"id":463,"date":"2021-02-04T11:55:13","date_gmt":"2021-02-04T10:55:13","guid":{"rendered":"http:\/\/medieproduktion.lnu.se\/hansabladet\/?page_id=463"},"modified":"2021-02-18T17:09:56","modified_gmt":"2021-02-18T16:09:56","slug":"kultur-noje","status":"publish","type":"page","link":"https:\/\/medieproduktion.lnu.se\/hansabladet\/kultur-noje\/","title":{"rendered":"Kultur &amp; n\u00f6je"},"content":{"rendered":"\t\t<div data-elementor-type=\"wp-post\" data-elementor-id=\"463\" class=\"elementor elementor-463 elementor-bc-flex-widget\" data-elementor-post-type=\"page\">\n\t\t\t\t\t\t<section class=\"elementor-section elementor-top-section elementor-element elementor-element-4c203cd elementor-section-boxed elementor-section-height-default elementor-section-height-default\" data-id=\"4c203cd\" data-element_type=\"section\">\n\t\t\t\t\t\t<div class=\"elementor-container elementor-column-gap-default\">\n\t\t\t\t\t<div class=\"elementor-column elementor-col-100 elementor-top-column elementor-element elementor-element-4db36fd\" data-id=\"4db36fd\" data-element_type=\"column\">\n\t\t\t<div class=\"elementor-widget-wrap elementor-element-populated\">\n\t\t\t\t\t\t<div class=\"elementor-element elementor-element-08c3ac1 elementor-grid-1 elementor-grid-tablet-2 elementor-grid-mobile-1 elementor-posts--thumbnail-top elementor-widget elementor-widget-posts\" data-id=\"08c3ac1\" data-element_type=\"widget\" data-settings=\"{&quot;classic_columns&quot;:&quot;1&quot;,&quot;classic_columns_tablet&quot;:&quot;2&quot;,&quot;classic_columns_mobile&quot;:&quot;1&quot;,&quot;classic_row_gap&quot;:{&quot;unit&quot;:&quot;px&quot;,&quot;size&quot;:35,&quot;sizes&quot;:[]},&quot;classic_row_gap_tablet&quot;:{&quot;unit&quot;:&quot;px&quot;,&quot;size&quot;:&quot;&quot;,&quot;sizes&quot;:[]},&quot;classic_row_gap_mobile&quot;:{&quot;unit&quot;:&quot;px&quot;,&quot;size&quot;:&quot;&quot;,&quot;sizes&quot;:[]}}\" data-widget_type=\"posts.classic\">\n\t\t\t\t<div class=\"elementor-widget-container\">\n\t\t\t\t\t\t\t<div class=\"elementor-posts-container elementor-posts elementor-posts--skin-classic elementor-grid\" role=\"list\">\n\t\t\t\t<article class=\"elementor-post elementor-grid-item post-1060 post type-post status-publish format-standard has-post-thumbnail hentry category-kultur category-sport tag-corona tag-kalmar tag-personportratt tag-yoga\" role=\"listitem\">\n\t\t\t\t<a class=\"elementor-post__thumbnail__link\" href=\"https:\/\/medieproduktion.lnu.se\/hansabladet\/2021\/02\/17\/stephanie-har-hittat-sig-sjalv-genom-yoga\/\" tabindex=\"-1\" >\n\t\t\t<div class=\"elementor-post__thumbnail\"><img fetchpriority=\"high\" decoding=\"async\" width=\"768\" height=\"564\" src=\"https:\/\/medieproduktion.lnu.se\/hansabladet\/wp-content\/uploads\/sites\/468\/2021\/02\/yoga-bild-4-768x564.jpg\" class=\"attachment-medium_large size-medium_large wp-image-1073\" alt=\"Stephanie ut\u00f6var yoga.\" srcset=\"https:\/\/medieproduktion.lnu.se\/hansabladet\/wp-content\/uploads\/sites\/468\/2021\/02\/yoga-bild-4-768x564.jpg 768w, https:\/\/medieproduktion.lnu.se\/hansabladet\/wp-content\/uploads\/sites\/468\/2021\/02\/yoga-bild-4-300x220.jpg 300w, https:\/\/medieproduktion.lnu.se\/hansabladet\/wp-content\/uploads\/sites\/468\/2021\/02\/yoga-bild-4.jpg 850w\" sizes=\"(max-width: 768px) 100vw, 768px\" \/><\/div>\n\t\t<\/a>\n\t\t\t\t<div class=\"elementor-post__text\">\n\t\t\t\t<h3 class=\"elementor-post__title\">\n\t\t\t<a href=\"https:\/\/medieproduktion.lnu.se\/hansabladet\/2021\/02\/17\/stephanie-har-hittat-sig-sjalv-genom-yoga\/\" >\n\t\t\t\tStephanie har hittat sig sj\u00e4lv genom yoga\t\t\t<\/a>\n\t\t<\/h3>\n\t\t\t\t<div class=\"elementor-post__meta-data\">\n\t\t\t\t\t<span class=\"elementor-post-author\">\n\t\t\tLudvig Solvin\t\t<\/span>\n\t\t\t\t<span class=\"elementor-post-date\">\n\t\t\t17 februari, 2021\t\t<\/span>\n\t\t\t\t<span class=\"elementor-post-time\">\n\t\t\t14:49\t\t<\/span>\n\t\t\t\t<\/div>\n\t\t\t\t<div class=\"elementor-post__excerpt\">\n\t\t\t<p><a href=\"http:\/\/medieproduktion.lnu.se\/hansabladet\/2021\/02\/17\/stephanie-har-hittat-sig-sjalv-genom-yoga\/\">30-\u00e5riga Stephanie Johnsson har hittat sig sj\u00e4lv genom yoga vilket f\u00f6r\u00e4ndrade hennes liv.<\/a><\/p>\n\t\t<\/div>\n\t\t\t\t<\/div>\n\t\t\t\t<\/article>\n\t\t\t\t<\/div>\n\t\t\n\t\t\t\t\t\t<\/div>\n\t\t\t\t<\/div>\n\t\t\t\t\t<\/div>\n\t\t<\/div>\n\t\t\t\t\t<\/div>\n\t\t<\/section>\n\t\t\t\t<section class=\"elementor-section elementor-top-section elementor-element elementor-element-fe1d756 elementor-section-boxed elementor-section-height-default elementor-section-height-default\" data-id=\"fe1d756\" data-element_type=\"section\">\n\t\t\t\t\t\t<div class=\"elementor-container elementor-column-gap-default\">\n\t\t\t\t\t<div class=\"elementor-column elementor-col-100 elementor-top-column elementor-element elementor-element-ec51b7b\" data-id=\"ec51b7b\" data-element_type=\"column\">\n\t\t\t<div class=\"elementor-widget-wrap elementor-element-populated\">\n\t\t\t\t\t\t<div class=\"elementor-element elementor-element-ad74137 elementor-grid-2 elementor-grid-tablet-2 elementor-grid-mobile-1 elementor-posts--thumbnail-top elementor-widget elementor-widget-posts\" data-id=\"ad74137\" data-element_type=\"widget\" data-settings=\"{&quot;classic_columns&quot;:&quot;2&quot;,&quot;classic_columns_tablet&quot;:&quot;2&quot;,&quot;classic_columns_mobile&quot;:&quot;1&quot;,&quot;classic_row_gap&quot;:{&quot;unit&quot;:&quot;px&quot;,&quot;size&quot;:35,&quot;sizes&quot;:[]},&quot;classic_row_gap_tablet&quot;:{&quot;unit&quot;:&quot;px&quot;,&quot;size&quot;:&quot;&quot;,&quot;sizes&quot;:[]},&quot;classic_row_gap_mobile&quot;:{&quot;unit&quot;:&quot;px&quot;,&quot;size&quot;:&quot;&quot;,&quot;sizes&quot;:[]}}\" data-widget_type=\"posts.classic\">\n\t\t\t\t<div class=\"elementor-widget-container\">\n\t\t\t\t\t\t\t<div class=\"elementor-posts-container elementor-posts elementor-posts--skin-classic elementor-grid\" role=\"list\">\n\t\t\t\t<article class=\"elementor-post elementor-grid-item post-881 post type-post status-publish format-standard has-post-thumbnail hentry category-inrikes category-kultur category-lokalt tag-goteborg tag-kallbad tag-kalmar tag-vinterbad\" role=\"listitem\">\n\t\t\t\t<a class=\"elementor-post__thumbnail__link\" href=\"https:\/\/medieproduktion.lnu.se\/hansabladet\/2021\/02\/12\/kallbad-blir-allt-popularare\/\" tabindex=\"-1\" >\n\t\t\t<div class=\"elementor-post__thumbnail\"><img decoding=\"async\" width=\"300\" height=\"300\" src=\"https:\/\/medieproduktion.lnu.se\/hansabladet\/wp-content\/uploads\/sites\/468\/2021\/02\/VinterbadareKIM-300x300.jpg\" class=\"attachment-medium size-medium wp-image-883\" alt=\"Bild p\u00e5 en tjej som badar utomhus i ett vinterlandskap\" srcset=\"https:\/\/medieproduktion.lnu.se\/hansabladet\/wp-content\/uploads\/sites\/468\/2021\/02\/VinterbadareKIM-300x300.jpg 300w, https:\/\/medieproduktion.lnu.se\/hansabladet\/wp-content\/uploads\/sites\/468\/2021\/02\/VinterbadareKIM-150x150.jpg 150w, https:\/\/medieproduktion.lnu.se\/hansabladet\/wp-content\/uploads\/sites\/468\/2021\/02\/VinterbadareKIM.jpg 600w\" sizes=\"(max-width: 300px) 100vw, 300px\" \/><\/div>\n\t\t<\/a>\n\t\t\t\t<div class=\"elementor-post__text\">\n\t\t\t\t<h3 class=\"elementor-post__title\">\n\t\t\t<a href=\"https:\/\/medieproduktion.lnu.se\/hansabladet\/2021\/02\/12\/kallbad-blir-allt-popularare\/\" >\n\t\t\t\tKallbad blir allt popul\u00e4rare\t\t\t<\/a>\n\t\t<\/h3>\n\t\t\t\t<div class=\"elementor-post__meta-data\">\n\t\t\t\t\t<span class=\"elementor-post-author\">\n\t\t\tViktor Svensson\t\t<\/span>\n\t\t\t\t<span class=\"elementor-post-date\">\n\t\t\t12 februari, 2021\t\t<\/span>\n\t\t\t\t<span class=\"elementor-post-time\">\n\t\t\t13:04\t\t<\/span>\n\t\t\t\t<\/div>\n\t\t\t\t<div class=\"elementor-post__excerpt\">\n\t\t\t<p><a href=\"http:\/\/medieproduktion.lnu.se\/hansabladet\/2021\/02\/12\/kallbad-blir-allt-popularare\/\"> Sedan coronapandemin br\u00f6t ut har det blivit allt vanligare att bada p\u00e5 vintern i Sverige. Katrin Lemming Thulin \u00e4r en van badare och ber\u00e4ttar f\u00f6r HansaBladet varf\u00f6r hon tror att det \u00e4r s\u00e5.<\/a><\/p>\n\t\t<\/div>\n\t\t\t\t<\/div>\n\t\t\t\t<\/article>\n\t\t\t\t<article class=\"elementor-post elementor-grid-item post-701 post type-post status-publish format-standard has-post-thumbnail hentry category-kultur tag-kalmar tag-kikain tag-konst tag-kultur tag-nyheter tag-skulptur tag-tavla tag-tavlor\" role=\"listitem\">\n\t\t\t\t<a class=\"elementor-post__thumbnail__link\" href=\"https:\/\/medieproduktion.lnu.se\/hansabladet\/2021\/02\/09\/konstutstallning-i-kikain\/\" tabindex=\"-1\" >\n\t\t\t<div class=\"elementor-post__thumbnail\"><img decoding=\"async\" width=\"300\" height=\"225\" src=\"https:\/\/medieproduktion.lnu.se\/hansabladet\/wp-content\/uploads\/sites\/468\/2021\/02\/kikain1-300x225.jpg\" class=\"attachment-medium size-medium wp-image-693\" alt=\"Utst\u00e4llningslokalen Kikain.\" \/><\/div>\n\t\t<\/a>\n\t\t\t\t<div class=\"elementor-post__text\">\n\t\t\t\t<h3 class=\"elementor-post__title\">\n\t\t\t<a href=\"https:\/\/medieproduktion.lnu.se\/hansabladet\/2021\/02\/09\/konstutstallning-i-kikain\/\" >\n\t\t\t\tKonstutst\u00e4llning i Kikain\t\t\t<\/a>\n\t\t<\/h3>\n\t\t\t\t<div class=\"elementor-post__meta-data\">\n\t\t\t\t\t<span class=\"elementor-post-author\">\n\t\t\tElliot Klint\t\t<\/span>\n\t\t\t\t<span class=\"elementor-post-date\">\n\t\t\t9 februari, 2021\t\t<\/span>\n\t\t\t\t<span class=\"elementor-post-time\">\n\t\t\t14:38\t\t<\/span>\n\t\t\t\t<\/div>\n\t\t\t\t<div class=\"elementor-post__excerpt\">\n\t\t\t<p><a href=\"http:\/\/medieproduktion.lnu.se\/hansabladet\/2021\/02\/09\/konstutstallning-i-kikain\/\"> Kalmar kommun ut\u00f6kade in konstsamling 2020 med 21 nya konstverk. Utst\u00e4llningslokalen Kikain i Dryadenparken kommer att mellan 5 februari och 7 mars husera kommunens tillskott. <\/a><\/p>\n\t\t<\/div>\n\t\t\t\t<\/div>\n\t\t\t\t<\/article>\n\t\t\t\t<\/div>\n\t\t\n\t\t\t\t\t\t<\/div>\n\t\t\t\t<\/div>\n\t\t\t\t\t<\/div>\n\t\t<\/div>\n\t\t\t\t\t<\/div>\n\t\t<\/section>\n\t\t\t\t<\/div>\n\t\t","protected":false},"excerpt":{"rendered":"","protected":false},"author":383,"featured_media":0,"parent":0,"menu_order":0,"comment_status":"closed","ping_status":"closed","template":"","meta":{"footnotes":""},"class_list":["post-463","page","type-page","status-publish","hentry"],"_links":{"self":[{"href":"https:\/\/medieproduktion.lnu.se\/hansabladet\/wp-json\/wp\/v2\/pages\/463","targetHints":{"allow":["GET"]}}],"collection":[{"href":"https:\/\/medieproduktion.lnu.se\/hansabladet\/wp-json\/wp\/v2\/pages"}],"about":[{"href":"https:\/\/medieproduktion.lnu.se\/hansabladet\/wp-json\/wp\/v2\/types\/page"}],"author":[{"embeddable":true,"href":"https:\/\/medieproduktion.lnu.se\/hansabladet\/wp-json\/wp\/v2\/users\/383"}],"replies":[{"embeddable":true,"href":"https:\/\/medieproduktion.lnu.se\/hansabladet\/wp-json\/wp\/v2\/comments?post=463"}],"version-history":[{"count":5,"href":"https:\/\/medieproduktion.lnu.se\/hansabladet\/wp-json\/wp\/v2\/pages\/463\/revisions"}],"predecessor-version":[{"id":1264,"href":"https:\/\/medieproduktion.lnu.se\/hansabladet\/wp-json\/wp\/v2\/pages\/463\/revisions\/1264"}],"wp:attachment":[{"href":"https:\/\/medieproduktion.lnu.se\/hansabladet\/wp-json\/wp\/v2\/media?parent=463"}],"curies":[{"name":"wp","href":"https:\/\/api.w.org\/{rel}","templated":true}]}}