{"id":227,"date":"2021-02-02T15:29:55","date_gmt":"2021-02-02T14:29:55","guid":{"rendered":"http:\/\/medieproduktion.lnu.se\/jom19redaktion5\/?page_id=227"},"modified":"2021-02-18T17:08:44","modified_gmt":"2021-02-18T16:08:44","slug":"lokalt","status":"publish","type":"page","link":"https:\/\/medieproduktion.lnu.se\/hansabladet\/lokalt\/","title":{"rendered":"Lokalt"},"content":{"rendered":"\t\t<div data-elementor-type=\"wp-post\" data-elementor-id=\"227\" class=\"elementor elementor-227 elementor-bc-flex-widget\" data-elementor-post-type=\"page\">\n\t\t\t\t\t\t<section class=\"elementor-section elementor-top-section elementor-element elementor-element-0377108 elementor-section-boxed elementor-section-height-default elementor-section-height-default\" data-id=\"0377108\" data-element_type=\"section\">\n\t\t\t\t\t\t<div class=\"elementor-container elementor-column-gap-default\">\n\t\t\t\t\t<div class=\"elementor-column elementor-col-100 elementor-top-column elementor-element elementor-element-099ab4b\" data-id=\"099ab4b\" data-element_type=\"column\">\n\t\t\t<div class=\"elementor-widget-wrap elementor-element-populated\">\n\t\t\t\t\t\t<div class=\"elementor-element elementor-element-3bf1446 elementor-grid-1 elementor-grid-tablet-2 elementor-grid-mobile-1 elementor-posts--thumbnail-top elementor-widget elementor-widget-posts\" data-id=\"3bf1446\" data-element_type=\"widget\" data-settings=\"{&quot;classic_columns&quot;:&quot;1&quot;,&quot;classic_columns_tablet&quot;:&quot;2&quot;,&quot;classic_columns_mobile&quot;:&quot;1&quot;,&quot;classic_row_gap&quot;:{&quot;unit&quot;:&quot;px&quot;,&quot;size&quot;:35,&quot;sizes&quot;:[]},&quot;classic_row_gap_tablet&quot;:{&quot;unit&quot;:&quot;px&quot;,&quot;size&quot;:&quot;&quot;,&quot;sizes&quot;:[]},&quot;classic_row_gap_mobile&quot;:{&quot;unit&quot;:&quot;px&quot;,&quot;size&quot;:&quot;&quot;,&quot;sizes&quot;:[]}}\" data-widget_type=\"posts.classic\">\n\t\t\t\t<div class=\"elementor-widget-container\">\n\t\t\t\t\t\t\t<div class=\"elementor-posts-container elementor-posts elementor-posts--skin-classic elementor-grid\" role=\"list\">\n\t\t\t\t<article class=\"elementor-post elementor-grid-item post-1019 post type-post status-publish format-standard has-post-thumbnail hentry category-lokalt category-sport tag-boras tag-falkenberg tag-falkenbergs-ff tag-fotboll tag-fulham tag-if-elfsborg tag-ifk-berga tag-kalmar tag-kalmar-ff tag-premier-league tag-roy-hodgson\" role=\"listitem\">\n\t\t\t\t<a class=\"elementor-post__thumbnail__link\" href=\"https:\/\/medieproduktion.lnu.se\/hansabladet\/2021\/02\/17\/david-elm-da-lag-jag-pa-sjukhuset-i-flera-dar\/\" tabindex=\"-1\" >\n\t\t\t<div class=\"elementor-post__thumbnail\"><img fetchpriority=\"high\" decoding=\"async\" width=\"600\" height=\"800\" src=\"https:\/\/medieproduktion.lnu.se\/hansabladet\/wp-content\/uploads\/sites\/468\/2021\/02\/davidelm.jpg\" class=\"attachment-medium_large size-medium_large wp-image-1039\" alt=\"David Elm framf\u00f6r ing\u00e5ngen till IFK Bergas hemmaplan Bergaviks IP.\" srcset=\"https:\/\/medieproduktion.lnu.se\/hansabladet\/wp-content\/uploads\/sites\/468\/2021\/02\/davidelm.jpg 600w, https:\/\/medieproduktion.lnu.se\/hansabladet\/wp-content\/uploads\/sites\/468\/2021\/02\/davidelm-225x300.jpg 225w\" sizes=\"(max-width: 600px) 100vw, 600px\" \/><\/div>\n\t\t<\/a>\n\t\t\t\t<div class=\"elementor-post__text\">\n\t\t\t\t<h3 class=\"elementor-post__title\">\n\t\t\t<a href=\"https:\/\/medieproduktion.lnu.se\/hansabladet\/2021\/02\/17\/david-elm-da-lag-jag-pa-sjukhuset-i-flera-dar\/\" >\n\t\t\t\tDavid Elm: \u201dD\u00e5 l\u00e5g jag p\u00e5 sjukhuset i flera dagar\u201d\t\t\t<\/a>\n\t\t<\/h3>\n\t\t\t\t<div class=\"elementor-post__meta-data\">\n\t\t\t\t\t<span class=\"elementor-post-author\">\n\t\t\tViktor Svensson\t\t<\/span>\n\t\t\t\t<span class=\"elementor-post-date\">\n\t\t\t17 februari, 2021\t\t<\/span>\n\t\t\t\t<span class=\"elementor-post-time\">\n\t\t\t09:32\t\t<\/span>\n\t\t\t\t<\/div>\n\t\t\t\t<div class=\"elementor-post__excerpt\">\n\t\t\t<p><a href=\"http:\/\/medieproduktion.lnu.se\/hansabladet\/2021\/02\/17\/david-elm-da-lag-jag-pa-sjukhuset-i-flera-dar\/\"> David Elm ber\u00e4ttar i en intervju med HansaBladet, om hans fotbollskarri\u00e4r och att han \u00e4r tr\u00f6tt p\u00e5 de st\u00e4ndiga j\u00e4mf\u00f6relserna med br\u00f6derna Viktor och Rasmus.<\/a><\/p>\n\t\t<\/div>\n\t\t\t\t<\/div>\n\t\t\t\t<\/article>\n\t\t\t\t<\/div>\n\t\t\n\t\t\t\t\t\t<\/div>\n\t\t\t\t<\/div>\n\t\t\t\t\t<\/div>\n\t\t<\/div>\n\t\t\t\t\t<\/div>\n\t\t<\/section>\n\t\t\t\t<section class=\"elementor-section elementor-top-section elementor-element elementor-element-af7f487 elementor-section-boxed elementor-section-height-default elementor-section-height-default\" data-id=\"af7f487\" data-element_type=\"section\">\n\t\t\t\t\t\t<div class=\"elementor-container elementor-column-gap-default\">\n\t\t\t\t\t<div class=\"elementor-column elementor-col-100 elementor-top-column elementor-element elementor-element-e74356e\" data-id=\"e74356e\" data-element_type=\"column\">\n\t\t\t<div class=\"elementor-widget-wrap elementor-element-populated\">\n\t\t\t\t\t\t<div class=\"elementor-element elementor-element-1e9922a elementor-grid-2 elementor-grid-tablet-2 elementor-grid-mobile-1 elementor-posts--thumbnail-top elementor-widget elementor-widget-posts\" data-id=\"1e9922a\" data-element_type=\"widget\" data-settings=\"{&quot;classic_columns&quot;:&quot;2&quot;,&quot;classic_columns_tablet&quot;:&quot;2&quot;,&quot;classic_columns_mobile&quot;:&quot;1&quot;,&quot;classic_row_gap&quot;:{&quot;unit&quot;:&quot;px&quot;,&quot;size&quot;:35,&quot;sizes&quot;:[]},&quot;classic_row_gap_tablet&quot;:{&quot;unit&quot;:&quot;px&quot;,&quot;size&quot;:&quot;&quot;,&quot;sizes&quot;:[]},&quot;classic_row_gap_mobile&quot;:{&quot;unit&quot;:&quot;px&quot;,&quot;size&quot;:&quot;&quot;,&quot;sizes&quot;:[]}}\" data-widget_type=\"posts.classic\">\n\t\t\t\t<div class=\"elementor-widget-container\">\n\t\t\t\t\t\t\t<div class=\"elementor-posts-container elementor-posts elementor-posts--skin-classic elementor-grid\" role=\"list\">\n\t\t\t\t<article class=\"elementor-post elementor-grid-item post-1336 post type-post status-publish format-standard has-post-thumbnail hentry category-lokalt tag-cystisk-fibros tag-ovanlig-sjukdom\" role=\"listitem\">\n\t\t\t\t<a class=\"elementor-post__thumbnail__link\" href=\"https:\/\/medieproduktion.lnu.se\/hansabladet\/2021\/08\/19\/emil-lever-med-ovanlig-sjukdom\/\" tabindex=\"-1\" >\n\t\t\t<div class=\"elementor-post__thumbnail\"><img decoding=\"async\" width=\"300\" height=\"195\" src=\"https:\/\/medieproduktion.lnu.se\/hansabladet\/wp-content\/uploads\/sites\/468\/2021\/08\/Emil_ute-300x195.jpg\" class=\"attachment-medium size-medium wp-image-1339\" alt=\"Emil st\u00e5r med armarna i kors utanf\u00f6r sitt hus.\" \/><\/div>\n\t\t<\/a>\n\t\t\t\t<div class=\"elementor-post__text\">\n\t\t\t\t<h3 class=\"elementor-post__title\">\n\t\t\t<a href=\"https:\/\/medieproduktion.lnu.se\/hansabladet\/2021\/08\/19\/emil-lever-med-ovanlig-sjukdom\/\" >\n\t\t\t\tEmil lever med ovanlig sjukdom\t\t\t<\/a>\n\t\t<\/h3>\n\t\t\t\t<div class=\"elementor-post__meta-data\">\n\t\t\t\t\t<span class=\"elementor-post-author\">\n\t\t\tWilliam Juhlin\t\t<\/span>\n\t\t\t\t<span class=\"elementor-post-date\">\n\t\t\t19 augusti, 2021\t\t<\/span>\n\t\t\t\t<span class=\"elementor-post-time\">\n\t\t\t11:52\t\t<\/span>\n\t\t\t\t<\/div>\n\t\t\t\t<div class=\"elementor-post__excerpt\">\n\t\t\t<p><a href=\"http:\/\/medieproduktion.lnu.se\/hansabladet\/2021\/08\/19\/emil-lever-med-ovanlig-sjukdom\/\">25-\u00e5riga Emil Schmidt har i hela sitt liv levt med en ovanlig, kronisk sjukdom.<\/a><\/p>\n\t\t<\/div>\n\t\t\t\t<\/div>\n\t\t\t\t<\/article>\n\t\t\t\t<article class=\"elementor-post elementor-grid-item post-1295 post type-post status-publish format-standard has-post-thumbnail hentry category-lokalt tag-anstalt tag-kalmar tag-kriminalvarden tag-nyheter\" role=\"listitem\">\n\t\t\t\t<a class=\"elementor-post__thumbnail__link\" href=\"https:\/\/medieproduktion.lnu.se\/hansabladet\/2021\/02\/24\/adam-vill-hjalpa-domda-personer-hitta-ratt-i-livet\/\" tabindex=\"-1\" >\n\t\t\t<div class=\"elementor-post__thumbnail\"><img decoding=\"async\" width=\"300\" height=\"300\" src=\"https:\/\/medieproduktion.lnu.se\/hansabladet\/wp-content\/uploads\/sites\/468\/2021\/02\/adam-300x300.jpg\" class=\"attachment-medium size-medium wp-image-1298\" alt=\"Adam Carlsson i profil\" srcset=\"https:\/\/medieproduktion.lnu.se\/hansabladet\/wp-content\/uploads\/sites\/468\/2021\/02\/adam-300x300.jpg 300w, https:\/\/medieproduktion.lnu.se\/hansabladet\/wp-content\/uploads\/sites\/468\/2021\/02\/adam-150x150.jpg 150w, https:\/\/medieproduktion.lnu.se\/hansabladet\/wp-content\/uploads\/sites\/468\/2021\/02\/adam-768x766.jpg 768w, https:\/\/medieproduktion.lnu.se\/hansabladet\/wp-content\/uploads\/sites\/468\/2021\/02\/adam.jpg 960w\" sizes=\"(max-width: 300px) 100vw, 300px\" \/><\/div>\n\t\t<\/a>\n\t\t\t\t<div class=\"elementor-post__text\">\n\t\t\t\t<h3 class=\"elementor-post__title\">\n\t\t\t<a href=\"https:\/\/medieproduktion.lnu.se\/hansabladet\/2021\/02\/24\/adam-vill-hjalpa-domda-personer-hitta-ratt-i-livet\/\" >\n\t\t\t\tAdam vill hj\u00e4lpa d\u00f6mda personer hitta r\u00e4tt i livet\t\t\t<\/a>\n\t\t<\/h3>\n\t\t\t\t<div class=\"elementor-post__meta-data\">\n\t\t\t\t\t<span class=\"elementor-post-author\">\n\t\t\tJesper Johansson\t\t<\/span>\n\t\t\t\t<span class=\"elementor-post-date\">\n\t\t\t24 februari, 2021\t\t<\/span>\n\t\t\t\t<span class=\"elementor-post-time\">\n\t\t\t15:42\t\t<\/span>\n\t\t\t\t<\/div>\n\t\t\t\t<div class=\"elementor-post__excerpt\">\n\t\t\t<p><a href=\"http:\/\/medieproduktion.lnu.se\/hansabladet\/2021\/02\/24\/adam-vill-hjalpa-domda-personer-hitta-ratt-i-livet\/\"> Genom ett tips fr\u00e5n en v\u00e4n hittade Adam sitt yrke inom Kriminalv\u00e5rden och hans m\u00e5l nu \u00e4r att hj\u00e4lpa fler att r\u00e4tt.<\/a><\/p>\n\t\t<\/div>\n\t\t\t\t<\/div>\n\t\t\t\t<\/article>\n\t\t\t\t<article class=\"elementor-post elementor-grid-item post-1106 post type-post status-publish format-standard has-post-thumbnail hentry category-lokalt tag-aska tag-begravning tag-kremering tag-nyhet tag-urna\" role=\"listitem\">\n\t\t\t\t<a class=\"elementor-post__thumbnail__link\" href=\"https:\/\/medieproduktion.lnu.se\/hansabladet\/2021\/02\/17\/natalie-jobbar-med-doden\/\" tabindex=\"-1\" >\n\t\t\t<div class=\"elementor-post__thumbnail\"><img loading=\"lazy\" decoding=\"async\" width=\"300\" height=\"291\" src=\"https:\/\/medieproduktion.lnu.se\/hansabladet\/wp-content\/uploads\/sites\/468\/2021\/02\/NatalieNY-300x291.jpg\" class=\"attachment-medium size-medium wp-image-1132\" alt=\"Natalie jobbar p\u00e5 ett krematorium\" \/><\/div>\n\t\t<\/a>\n\t\t\t\t<div class=\"elementor-post__text\">\n\t\t\t\t<h3 class=\"elementor-post__title\">\n\t\t\t<a href=\"https:\/\/medieproduktion.lnu.se\/hansabladet\/2021\/02\/17\/natalie-jobbar-med-doden\/\" >\n\t\t\t\tNatalie jobbar med d\u00f6den\t\t\t<\/a>\n\t\t<\/h3>\n\t\t\t\t<div class=\"elementor-post__meta-data\">\n\t\t\t\t\t<span class=\"elementor-post-author\">\n\t\t\tElliot Klint\t\t<\/span>\n\t\t\t\t<span class=\"elementor-post-date\">\n\t\t\t17 februari, 2021\t\t<\/span>\n\t\t\t\t<span class=\"elementor-post-time\">\n\t\t\t16:26\t\t<\/span>\n\t\t\t\t<\/div>\n\t\t\t\t<div class=\"elementor-post__excerpt\">\n\t\t\t<p><a href=\"http:\/\/medieproduktion.lnu.se\/hansabladet\/2021\/02\/17\/stephanie-har-hi\u2026-sjalv-genom-yog\/\">&#8211; M\u00e5nga tror att liken st\u00e5r staplade. De ser det nog som ett groteskt yrke. Att det \u00e4r slafsigt, varmt och luktar. Jag har inte sett en d\u00f6d person sen jag b\u00f6rjade h\u00e4r 2013. De d\u00f6da kropparna kommer till oss kistor som vi varken f\u00e5r eller vill \u00f6ppna.<\/a><\/p>\n\t\t<\/div>\n\t\t\t\t<\/div>\n\t\t\t\t<\/article>\n\t\t\t\t<article class=\"elementor-post elementor-grid-item post-1098 post type-post status-publish format-standard has-post-thumbnail hentry category-lokalt category-webb-tv tag-butik tag-covid-19 tag-hallengren tag-handel tag-kalmar tag-nedstangning tag-regeringen tag-skor\" role=\"listitem\">\n\t\t\t\t<a class=\"elementor-post__thumbnail__link\" href=\"https:\/\/medieproduktion.lnu.se\/hansabladet\/2021\/02\/17\/webb-tv-butiksagare-hoppfull-trots-hot-om-nedstangning\/\" tabindex=\"-1\" >\n\t\t\t<div class=\"elementor-post__thumbnail\"><img loading=\"lazy\" decoding=\"async\" width=\"300\" height=\"216\" src=\"https:\/\/medieproduktion.lnu.se\/hansabladet\/wp-content\/uploads\/sites\/468\/2021\/02\/annica-300x216.jpg\" class=\"attachment-medium size-medium wp-image-1102\" alt=\"Kvinna i en skobutik.\" srcset=\"https:\/\/medieproduktion.lnu.se\/hansabladet\/wp-content\/uploads\/sites\/468\/2021\/02\/annica-300x216.jpg 300w, https:\/\/medieproduktion.lnu.se\/hansabladet\/wp-content\/uploads\/sites\/468\/2021\/02\/annica-768x553.jpg 768w, https:\/\/medieproduktion.lnu.se\/hansabladet\/wp-content\/uploads\/sites\/468\/2021\/02\/annica.jpg 916w\" sizes=\"(max-width: 300px) 100vw, 300px\" \/><\/div>\n\t\t<\/a>\n\t\t\t\t<div class=\"elementor-post__text\">\n\t\t\t\t<h3 class=\"elementor-post__title\">\n\t\t\t<a href=\"https:\/\/medieproduktion.lnu.se\/hansabladet\/2021\/02\/17\/webb-tv-butiksagare-hoppfull-trots-hot-om-nedstangning\/\" >\n\t\t\t\tWebb-TV: Butiks\u00e4gare hoppfull trots hot om nedst\u00e4ngning\t\t\t<\/a>\n\t\t<\/h3>\n\t\t\t\t<div class=\"elementor-post__meta-data\">\n\t\t\t\t\t<span class=\"elementor-post-author\">\n\t\t\tWilliam Juhlin\t\t<\/span>\n\t\t\t\t<span class=\"elementor-post-date\">\n\t\t\t17 februari, 2021\t\t<\/span>\n\t\t\t\t<span class=\"elementor-post-time\">\n\t\t\t16:07\t\t<\/span>\n\t\t\t\t<\/div>\n\t\t\t\t<div class=\"elementor-post__excerpt\">\n\t\t\t<p><a href=\"http:\/\/medieproduktion.lnu.se\/hansabladet\/2021\/02\/17\/1098\/\"> Regeringens f\u00f6rslag om att f\u00e5 m\u00f6jlighet att st\u00e4nga ner bland annat butiker hotar handeln men skobutiks\u00e4garen Annica Lindblad k\u00e4nner ingen st\u00f6rre oro. <\/a><\/p>\n\t\t<\/div>\n\t\t\t\t<\/div>\n\t\t\t\t<\/article>\n\t\t\t\t<article class=\"elementor-post elementor-grid-item post-1007 post type-post status-publish format-standard has-post-thumbnail hentry category-lokalt category-webb-tv\" role=\"listitem\">\n\t\t\t\t<a class=\"elementor-post__thumbnail__link\" href=\"https:\/\/medieproduktion.lnu.se\/hansabladet\/2021\/02\/16\/webb-tv-hansabladet-utser-stans-basta-semla\/\" tabindex=\"-1\" >\n\t\t\t<div class=\"elementor-post__thumbnail\"><img loading=\"lazy\" decoding=\"async\" width=\"300\" height=\"138\" src=\"https:\/\/medieproduktion.lnu.se\/hansabladet\/wp-content\/uploads\/sites\/468\/2021\/02\/Puffbild_semla-300x138.jpg\" class=\"attachment-medium size-medium wp-image-1009\" alt=\"Semla p\u00e5 en papperstallrik\" srcset=\"https:\/\/medieproduktion.lnu.se\/hansabladet\/wp-content\/uploads\/sites\/468\/2021\/02\/Puffbild_semla-300x138.jpg 300w, https:\/\/medieproduktion.lnu.se\/hansabladet\/wp-content\/uploads\/sites\/468\/2021\/02\/Puffbild_semla-768x354.jpg 768w, https:\/\/medieproduktion.lnu.se\/hansabladet\/wp-content\/uploads\/sites\/468\/2021\/02\/Puffbild_semla.jpg 1000w\" sizes=\"(max-width: 300px) 100vw, 300px\" \/><\/div>\n\t\t<\/a>\n\t\t\t\t<div class=\"elementor-post__text\">\n\t\t\t\t<h3 class=\"elementor-post__title\">\n\t\t\t<a href=\"https:\/\/medieproduktion.lnu.se\/hansabladet\/2021\/02\/16\/webb-tv-hansabladet-utser-stans-basta-semla\/\" >\n\t\t\t\tWebb-TV: HansaBladet utser stans b\u00e4sta semla\t\t\t<\/a>\n\t\t<\/h3>\n\t\t\t\t<div class=\"elementor-post__meta-data\">\n\t\t\t\t\t<span class=\"elementor-post-author\">\n\t\t\tWilliam Juhlin\t\t<\/span>\n\t\t\t\t<span class=\"elementor-post-date\">\n\t\t\t16 februari, 2021\t\t<\/span>\n\t\t\t\t<span class=\"elementor-post-time\">\n\t\t\t14:30\t\t<\/span>\n\t\t\t\t<\/div>\n\t\t\t\t<div class=\"elementor-post__excerpt\">\n\t\t\t<p><a href=\"http:\/\/medieproduktion.lnu.se\/hansabladet\/2021\/02\/16\/webb-tv-hansabla\u2026tans-basta-semla\/\"> HansaBladet testar vilken semla som \u00e4r Kalmars godaste. <\/a><\/p>\n\t\t<\/div>\n\t\t\t\t<\/div>\n\t\t\t\t<\/article>\n\t\t\t\t<article class=\"elementor-post elementor-grid-item post-961 post type-post status-publish format-standard has-post-thumbnail hentry category-lokalt category-webb-tv tag-arla tag-bakning tag-cafe tag-kalmar tag-lotsutkiken tag-semla\" role=\"listitem\">\n\t\t\t\t<a class=\"elementor-post__thumbnail__link\" href=\"https:\/\/medieproduktion.lnu.se\/hansabladet\/2021\/02\/16\/vi-forsoker-gora-var-grej-lite-battre-bara\/\" tabindex=\"-1\" >\n\t\t\t<div class=\"elementor-post__thumbnail\"><img loading=\"lazy\" decoding=\"async\" width=\"300\" height=\"167\" src=\"https:\/\/medieproduktion.lnu.se\/hansabladet\/wp-content\/uploads\/sites\/468\/2021\/02\/semlor_-300x167.jpg\" class=\"attachment-medium size-medium wp-image-1274\" alt=\"Alfred N\u00f3ren sitter i en stol med h\u00e4nderna i luften.\" srcset=\"https:\/\/medieproduktion.lnu.se\/hansabladet\/wp-content\/uploads\/sites\/468\/2021\/02\/semlor_-300x167.jpg 300w, https:\/\/medieproduktion.lnu.se\/hansabladet\/wp-content\/uploads\/sites\/468\/2021\/02\/semlor_-768x427.jpg 768w, https:\/\/medieproduktion.lnu.se\/hansabladet\/wp-content\/uploads\/sites\/468\/2021\/02\/semlor_.jpg 850w\" sizes=\"(max-width: 300px) 100vw, 300px\" \/><\/div>\n\t\t<\/a>\n\t\t\t\t<div class=\"elementor-post__text\">\n\t\t\t\t<h3 class=\"elementor-post__title\">\n\t\t\t<a href=\"https:\/\/medieproduktion.lnu.se\/hansabladet\/2021\/02\/16\/vi-forsoker-gora-var-grej-lite-battre-bara\/\" >\n\t\t\t\tWebb-TV: \u201cVi f\u00f6rs\u00f6ker bara g\u00f6ra v\u00e5r grej lite b\u00e4ttre\u201d\t\t\t<\/a>\n\t\t<\/h3>\n\t\t\t\t<div class=\"elementor-post__meta-data\">\n\t\t\t\t\t<span class=\"elementor-post-author\">\n\t\t\tJesper Johansson\t\t<\/span>\n\t\t\t\t<span class=\"elementor-post-date\">\n\t\t\t16 februari, 2021\t\t<\/span>\n\t\t\t\t<span class=\"elementor-post-time\">\n\t\t\t11:51\t\t<\/span>\n\t\t\t\t<\/div>\n\t\t\t\t<div class=\"elementor-post__excerpt\">\n\t\t\t<p><a href=\"http:\/\/medieproduktion.lnu.se\/hansabladet\/2021\/02\/16\/vi-forsoker-gora-var-grej-lite-battre-bara\/\">Vi p\u00e5 HansaBladet tog en inblick hos stans b\u00e4sta semmelcaf\u00e9 enligt kalmariterna och pratade med \u00e4garen Alfred Nor\u00e9n.<\/a><\/p>\n\t\t<\/div>\n\t\t\t\t<\/div>\n\t\t\t\t<\/article>\n\t\t\t\t<\/div>\n\t\t\n\t\t\t\t\t\t<\/div>\n\t\t\t\t<\/div>\n\t\t\t\t\t<\/div>\n\t\t<\/div>\n\t\t\t\t\t<\/div>\n\t\t<\/section>\n\t\t\t\t<\/div>\n\t\t","protected":false},"excerpt":{"rendered":"","protected":false},"author":383,"featured_media":0,"parent":0,"menu_order":0,"comment_status":"closed","ping_status":"closed","template":"","meta":{"footnotes":""},"class_list":["post-227","page","type-page","status-publish","hentry"],"_links":{"self":[{"href":"https:\/\/medieproduktion.lnu.se\/hansabladet\/wp-json\/wp\/v2\/pages\/227","targetHints":{"allow":["GET"]}}],"collection":[{"href":"https:\/\/medieproduktion.lnu.se\/hansabladet\/wp-json\/wp\/v2\/pages"}],"about":[{"href":"https:\/\/medieproduktion.lnu.se\/hansabladet\/wp-json\/wp\/v2\/types\/page"}],"author":[{"embeddable":true,"href":"https:\/\/medieproduktion.lnu.se\/hansabladet\/wp-json\/wp\/v2\/users\/383"}],"replies":[{"embeddable":true,"href":"https:\/\/medieproduktion.lnu.se\/hansabladet\/wp-json\/wp\/v2\/comments?post=227"}],"version-history":[{"count":11,"href":"https:\/\/medieproduktion.lnu.se\/hansabladet\/wp-json\/wp\/v2\/pages\/227\/revisions"}],"predecessor-version":[{"id":1372,"href":"https:\/\/medieproduktion.lnu.se\/hansabladet\/wp-json\/wp\/v2\/pages\/227\/revisions\/1372"}],"wp:attachment":[{"href":"https:\/\/medieproduktion.lnu.se\/hansabladet\/wp-json\/wp\/v2\/media?parent=227"}],"curies":[{"name":"wp","href":"https:\/\/api.w.org\/{rel}","templated":true}]}}