{"id":197,"date":"2021-02-02T15:11:37","date_gmt":"2021-02-02T14:11:37","guid":{"rendered":"http:\/\/medieproduktion.lnu.se\/jom19redaktion5\/?page_id=197"},"modified":"2021-02-18T17:11:55","modified_gmt":"2021-02-18T16:11:55","slug":"inrikes","status":"publish","type":"page","link":"https:\/\/medieproduktion.lnu.se\/hansabladet\/inrikes\/","title":{"rendered":"Inrikes"},"content":{"rendered":"\t\t<div data-elementor-type=\"wp-post\" data-elementor-id=\"197\" class=\"elementor elementor-197 elementor-bc-flex-widget\" data-elementor-post-type=\"page\">\n\t\t\t\t\t\t<section class=\"elementor-section elementor-top-section elementor-element elementor-element-c980162 elementor-section-boxed elementor-section-height-default elementor-section-height-default\" data-id=\"c980162\" data-element_type=\"section\">\n\t\t\t\t\t\t<div class=\"elementor-container elementor-column-gap-default\">\n\t\t\t\t\t<div class=\"elementor-column elementor-col-100 elementor-top-column elementor-element elementor-element-a69ece3\" data-id=\"a69ece3\" data-element_type=\"column\">\n\t\t\t<div class=\"elementor-widget-wrap elementor-element-populated\">\n\t\t\t\t\t\t<div class=\"elementor-element elementor-element-8c0c43c elementor-grid-1 elementor-grid-tablet-2 elementor-grid-mobile-1 elementor-posts--thumbnail-top elementor-widget elementor-widget-posts\" data-id=\"8c0c43c\" data-element_type=\"widget\" data-settings=\"{&quot;classic_columns&quot;:&quot;1&quot;,&quot;classic_columns_tablet&quot;:&quot;2&quot;,&quot;classic_columns_mobile&quot;:&quot;1&quot;,&quot;classic_row_gap&quot;:{&quot;unit&quot;:&quot;px&quot;,&quot;size&quot;:35,&quot;sizes&quot;:[]},&quot;classic_row_gap_tablet&quot;:{&quot;unit&quot;:&quot;px&quot;,&quot;size&quot;:&quot;&quot;,&quot;sizes&quot;:[]},&quot;classic_row_gap_mobile&quot;:{&quot;unit&quot;:&quot;px&quot;,&quot;size&quot;:&quot;&quot;,&quot;sizes&quot;:[]}}\" data-widget_type=\"posts.classic\">\n\t\t\t\t<div class=\"elementor-widget-container\">\n\t\t\t\t\t\t\t<div class=\"elementor-posts-container elementor-posts elementor-posts--skin-classic elementor-grid\" role=\"list\">\n\t\t\t\t<article class=\"elementor-post elementor-grid-item post-881 post type-post status-publish format-standard has-post-thumbnail hentry category-inrikes category-kultur category-lokalt tag-goteborg tag-kallbad tag-kalmar tag-vinterbad\" role=\"listitem\">\n\t\t\t\t<a class=\"elementor-post__thumbnail__link\" href=\"https:\/\/medieproduktion.lnu.se\/hansabladet\/2021\/02\/12\/kallbad-blir-allt-popularare\/\" tabindex=\"-1\" >\n\t\t\t<div class=\"elementor-post__thumbnail\"><img fetchpriority=\"high\" decoding=\"async\" width=\"600\" height=\"600\" src=\"https:\/\/medieproduktion.lnu.se\/hansabladet\/wp-content\/uploads\/sites\/468\/2021\/02\/VinterbadareKIM.jpg\" class=\"attachment-medium_large size-medium_large wp-image-883\" alt=\"Bild p\u00e5 en tjej som badar utomhus i ett vinterlandskap\" srcset=\"https:\/\/medieproduktion.lnu.se\/hansabladet\/wp-content\/uploads\/sites\/468\/2021\/02\/VinterbadareKIM.jpg 600w, https:\/\/medieproduktion.lnu.se\/hansabladet\/wp-content\/uploads\/sites\/468\/2021\/02\/VinterbadareKIM-150x150.jpg 150w, https:\/\/medieproduktion.lnu.se\/hansabladet\/wp-content\/uploads\/sites\/468\/2021\/02\/VinterbadareKIM-300x300.jpg 300w\" sizes=\"(max-width: 600px) 100vw, 600px\" \/><\/div>\n\t\t<\/a>\n\t\t\t\t<div class=\"elementor-post__text\">\n\t\t\t\t<h3 class=\"elementor-post__title\">\n\t\t\t<a href=\"https:\/\/medieproduktion.lnu.se\/hansabladet\/2021\/02\/12\/kallbad-blir-allt-popularare\/\" >\n\t\t\t\tKallbad blir allt popul\u00e4rare\t\t\t<\/a>\n\t\t<\/h3>\n\t\t\t\t<div class=\"elementor-post__meta-data\">\n\t\t\t\t\t<span class=\"elementor-post-author\">\n\t\t\tViktor Svensson\t\t<\/span>\n\t\t\t\t<span class=\"elementor-post-date\">\n\t\t\t12 februari, 2021\t\t<\/span>\n\t\t\t\t<span class=\"elementor-post-time\">\n\t\t\t13:04\t\t<\/span>\n\t\t\t\t<\/div>\n\t\t\t\t<div class=\"elementor-post__excerpt\">\n\t\t\t<p><a href=\"http:\/\/medieproduktion.lnu.se\/hansabladet\/2021\/02\/12\/kallbad-blir-allt-popularare\/\"> Sedan coronapandemin br\u00f6t ut har det blivit allt vanligare att bada p\u00e5 vintern i Sverige. Katrin Lemming Thulin \u00e4r en van badare och ber\u00e4ttar f\u00f6r HansaBladet varf\u00f6r hon tror att det \u00e4r s\u00e5.<\/a><\/p>\n\t\t<\/div>\n\t\t\t\t<\/div>\n\t\t\t\t<\/article>\n\t\t\t\t<\/div>\n\t\t\n\t\t\t\t\t\t<\/div>\n\t\t\t\t<\/div>\n\t\t\t\t\t<\/div>\n\t\t<\/div>\n\t\t\t\t\t<\/div>\n\t\t<\/section>\n\t\t\t\t<section class=\"elementor-section elementor-top-section elementor-element elementor-element-4026f01 elementor-section-boxed elementor-section-height-default elementor-section-height-default\" data-id=\"4026f01\" data-element_type=\"section\">\n\t\t\t\t\t\t<div class=\"elementor-container elementor-column-gap-default\">\n\t\t\t\t\t<div class=\"elementor-column elementor-col-100 elementor-top-column elementor-element elementor-element-10670d3\" data-id=\"10670d3\" data-element_type=\"column\">\n\t\t\t<div class=\"elementor-widget-wrap elementor-element-populated\">\n\t\t\t\t\t\t<div class=\"elementor-element elementor-element-7937ec5 elementor-grid-2 elementor-grid-tablet-2 elementor-grid-mobile-1 elementor-posts--thumbnail-top elementor-widget elementor-widget-posts\" data-id=\"7937ec5\" data-element_type=\"widget\" data-settings=\"{&quot;classic_columns&quot;:&quot;2&quot;,&quot;classic_columns_tablet&quot;:&quot;2&quot;,&quot;classic_columns_mobile&quot;:&quot;1&quot;,&quot;classic_row_gap&quot;:{&quot;unit&quot;:&quot;px&quot;,&quot;size&quot;:35,&quot;sizes&quot;:[]},&quot;classic_row_gap_tablet&quot;:{&quot;unit&quot;:&quot;px&quot;,&quot;size&quot;:&quot;&quot;,&quot;sizes&quot;:[]},&quot;classic_row_gap_mobile&quot;:{&quot;unit&quot;:&quot;px&quot;,&quot;size&quot;:&quot;&quot;,&quot;sizes&quot;:[]}}\" data-widget_type=\"posts.classic\">\n\t\t\t\t<div class=\"elementor-widget-container\">\n\t\t\t\t\t\t\t<div class=\"elementor-posts-container elementor-posts elementor-posts--skin-classic elementor-grid\" role=\"list\">\n\t\t\t\t<article class=\"elementor-post elementor-grid-item post-871 post type-post status-publish format-standard has-post-thumbnail hentry category-inrikes category-lokalt tag-anders-tegnell tag-antikroppar tag-kalmar tag-lisa-labbe-sandelin tag-stockholm tag-vaccin\" role=\"listitem\">\n\t\t\t\t<a class=\"elementor-post__thumbnail__link\" href=\"https:\/\/medieproduktion.lnu.se\/hansabladet\/2021\/02\/12\/lanen-skiljer-sig-i-fragan-kring-vaccination-av-personer-med-antikroppar\/\" tabindex=\"-1\" >\n\t\t\t<div class=\"elementor-post__thumbnail\"><img decoding=\"async\" width=\"300\" height=\"283\" src=\"https:\/\/medieproduktion.lnu.se\/hansabladet\/wp-content\/uploads\/sites\/468\/2021\/02\/14329622976_5f38d9413d_o-1-300x283.jpg\" class=\"attachment-medium size-medium wp-image-873\" alt=\"Vaccinationsspruta\" \/><\/div>\n\t\t<\/a>\n\t\t\t\t<div class=\"elementor-post__text\">\n\t\t\t\t<h3 class=\"elementor-post__title\">\n\t\t\t<a href=\"https:\/\/medieproduktion.lnu.se\/hansabladet\/2021\/02\/12\/lanen-skiljer-sig-i-fragan-kring-vaccination-av-personer-med-antikroppar\/\" >\n\t\t\t\tRegionerna skiljer sig i fr\u00e5gan om den andra dosen\t\t\t<\/a>\n\t\t<\/h3>\n\t\t\t\t<div class=\"elementor-post__meta-data\">\n\t\t\t\t\t<span class=\"elementor-post-author\">\n\t\t\tJesper Johansson\t\t<\/span>\n\t\t\t\t<span class=\"elementor-post-date\">\n\t\t\t12 februari, 2021\t\t<\/span>\n\t\t\t\t<span class=\"elementor-post-time\">\n\t\t\t12:14\t\t<\/span>\n\t\t\t\t<\/div>\n\t\t\t\t<div class=\"elementor-post__excerpt\">\n\t\t\t<p><a href=\"http:\/\/medieproduktion.lnu.se\/hansabladet\/?p=871&amp;preview=true\">Personer som tidigare haft en covid-19 infektion och tagit en f\u00f6rsta dos av vaccinet bed\u00f6ms inte enligt Region Stockholm beh\u00f6va ta en andra dos. Region Kalmar l\u00e4n v\u00e4ljer dock en annan riktlinje.<\/a><\/p>\n\t\t<\/div>\n\t\t\t\t<\/div>\n\t\t\t\t<\/article>\n\t\t\t\t<article class=\"elementor-post elementor-grid-item post-645 post type-post status-publish format-standard has-post-thumbnail hentry category-inrikes category-lokalt tag-narkotikabrott tag-norrkoping tag-polisen tag-vapenbrott tag-varningsskott tag-vastervik\" role=\"listitem\">\n\t\t\t\t<a class=\"elementor-post__thumbnail__link\" href=\"https:\/\/medieproduktion.lnu.se\/hansabladet\/2021\/02\/09\/polis-skot-varningsskott-vid-ingripande-i-vasterviks-kommun\/\" tabindex=\"-1\" >\n\t\t\t<div class=\"elementor-post__thumbnail\"><img decoding=\"async\" width=\"300\" height=\"103\" src=\"https:\/\/medieproduktion.lnu.se\/hansabladet\/wp-content\/uploads\/sites\/468\/2021\/02\/polisen-300x103.jpg\" class=\"attachment-medium size-medium wp-image-669\" alt=\"Polisen logo\" \/><\/div>\n\t\t<\/a>\n\t\t\t\t<div class=\"elementor-post__text\">\n\t\t\t\t<h3 class=\"elementor-post__title\">\n\t\t\t<a href=\"https:\/\/medieproduktion.lnu.se\/hansabladet\/2021\/02\/09\/polis-skot-varningsskott-vid-ingripande-i-vasterviks-kommun\/\" >\n\t\t\t\tPolis sk\u00f6t varningsskott vid ingripande i V\u00e4sterviks kommun\t\t\t<\/a>\n\t\t<\/h3>\n\t\t\t\t<div class=\"elementor-post__meta-data\">\n\t\t\t\t\t<span class=\"elementor-post-author\">\n\t\t\tJesper Johansson\t\t<\/span>\n\t\t\t\t<span class=\"elementor-post-date\">\n\t\t\t9 februari, 2021\t\t<\/span>\n\t\t\t\t<span class=\"elementor-post-time\">\n\t\t\t11:45\t\t<\/span>\n\t\t\t\t<\/div>\n\t\t\t\t<div class=\"elementor-post__excerpt\">\n\t\t\t<p><a href=\"http:\/\/medieproduktion.lnu.se\/hansabladet\/2021\/02\/09\/polis-skot-varningsskott-vid-ingripande-i-vasterviks-kommun\/\"> Vid gripande av fem m\u00e4n misst\u00e4nkta f\u00f6r grovt vapenbrott. <\/a><\/p>\n\t\t<\/div>\n\t\t\t\t<\/div>\n\t\t\t\t<\/article>\n\t\t\t\t<\/div>\n\t\t\n\t\t\t\t\t\t<\/div>\n\t\t\t\t<\/div>\n\t\t\t\t\t<\/div>\n\t\t<\/div>\n\t\t\t\t\t<\/div>\n\t\t<\/section>\n\t\t\t\t<\/div>\n\t\t","protected":false},"excerpt":{"rendered":"","protected":false},"author":383,"featured_media":0,"parent":0,"menu_order":0,"comment_status":"closed","ping_status":"closed","template":"","meta":{"footnotes":""},"class_list":["post-197","page","type-page","status-publish","hentry"],"_links":{"self":[{"href":"https:\/\/medieproduktion.lnu.se\/hansabladet\/wp-json\/wp\/v2\/pages\/197","targetHints":{"allow":["GET"]}}],"collection":[{"href":"https:\/\/medieproduktion.lnu.se\/hansabladet\/wp-json\/wp\/v2\/pages"}],"about":[{"href":"https:\/\/medieproduktion.lnu.se\/hansabladet\/wp-json\/wp\/v2\/types\/page"}],"author":[{"embeddable":true,"href":"https:\/\/medieproduktion.lnu.se\/hansabladet\/wp-json\/wp\/v2\/users\/383"}],"replies":[{"embeddable":true,"href":"https:\/\/medieproduktion.lnu.se\/hansabladet\/wp-json\/wp\/v2\/comments?post=197"}],"version-history":[{"count":12,"href":"https:\/\/medieproduktion.lnu.se\/hansabladet\/wp-json\/wp\/v2\/pages\/197\/revisions"}],"predecessor-version":[{"id":1268,"href":"https:\/\/medieproduktion.lnu.se\/hansabladet\/wp-json\/wp\/v2\/pages\/197\/revisions\/1268"}],"wp:attachment":[{"href":"https:\/\/medieproduktion.lnu.se\/hansabladet\/wp-json\/wp\/v2\/media?parent=197"}],"curies":[{"name":"wp","href":"https:\/\/api.w.org\/{rel}","templated":true}]}}