{"id":38,"date":"2020-03-10T11:28:22","date_gmt":"2020-03-10T10:28:22","guid":{"rendered":"http:\/\/medieproduktion.lnu.se\/1mp204vt20redaktion1b\/?page_id=38"},"modified":"2020-03-26T17:51:28","modified_gmt":"2020-03-26T16:51:28","slug":"kontakt","status":"publish","type":"page","link":"https:\/\/medieproduktion.lnu.se\/gazellen\/kontakt\/","title":{"rendered":"Redaktionen"},"content":{"rendered":"\t\t<div data-elementor-type=\"wp-post\" data-elementor-id=\"38\" class=\"elementor elementor-38 elementor-bc-flex-widget\" data-elementor-post-type=\"page\">\n\t\t\t\t\t\t<section class=\"elementor-section elementor-top-section elementor-element elementor-element-2f200e0 elementor-section-boxed elementor-section-height-default elementor-section-height-default\" data-id=\"2f200e0\" data-element_type=\"section\">\n\t\t\t\t\t\t<div class=\"elementor-container elementor-column-gap-default\">\n\t\t\t\t\t<div class=\"elementor-column elementor-col-100 elementor-top-column elementor-element elementor-element-bc5da93\" data-id=\"bc5da93\" data-element_type=\"column\">\n\t\t\t<div class=\"elementor-widget-wrap elementor-element-populated\">\n\t\t\t\t\t\t<div class=\"elementor-element elementor-element-9fd2736 elementor-widget elementor-widget-text-editor\" data-id=\"9fd2736\" data-element_type=\"widget\" data-widget_type=\"text-editor.default\">\n\t\t\t\t<div class=\"elementor-widget-container\">\n\t\t\t\t\t\t\t\t\t<p><span style=\"color: #000000;\">Gazellen \u00e4r en webbtidning som arbetar med att t\u00e4cka de lokala nyheterna i Kalmar l\u00e4n. Redaktionen best\u00e5r av fem \u00a0journaliststudenter fr\u00e5n Linn\u00e9universitetet.<\/span><\/p>\t\t\t\t\t\t\t\t<\/div>\n\t\t\t\t<\/div>\n\t\t\t\t<section class=\"elementor-section elementor-inner-section elementor-element elementor-element-5c979dc elementor-section-boxed elementor-section-height-default elementor-section-height-default\" data-id=\"5c979dc\" data-element_type=\"section\">\n\t\t\t\t\t\t<div class=\"elementor-container elementor-column-gap-default\">\n\t\t\t\t\t<div class=\"elementor-column elementor-col-50 elementor-inner-column elementor-element elementor-element-1a48ceb\" data-id=\"1a48ceb\" data-element_type=\"column\">\n\t\t\t<div class=\"elementor-widget-wrap elementor-element-populated\">\n\t\t\t\t\t\t<div class=\"elementor-element elementor-element-efbd842 elementor-widget elementor-widget-image\" data-id=\"efbd842\" data-element_type=\"widget\" data-widget_type=\"image.default\">\n\t\t\t\t<div class=\"elementor-widget-container\">\n\t\t\t\t\t\t\t\t\t\t\t\t\t\t\t<img fetchpriority=\"high\" decoding=\"async\" width=\"512\" height=\"768\" src=\"https:\/\/medieproduktion.lnu.se\/gazellen\/wp-content\/uploads\/sites\/274\/2020\/03\/Damir-M.jpg\" class=\"attachment-large size-large wp-image-1050\" alt=\"Profilbild p\u00e5 Damir Dervovic\" srcset=\"https:\/\/medieproduktion.lnu.se\/gazellen\/wp-content\/uploads\/sites\/274\/2020\/03\/Damir-M.jpg 512w, https:\/\/medieproduktion.lnu.se\/gazellen\/wp-content\/uploads\/sites\/274\/2020\/03\/Damir-M-200x300.jpg 200w\" sizes=\"(max-width: 512px) 100vw, 512px\" \/>\t\t\t\t\t\t\t\t\t\t\t\t\t\t\t<\/div>\n\t\t\t\t<\/div>\n\t\t\t\t<div class=\"elementor-element elementor-element-b656418 elementor-widget elementor-widget-text-editor\" data-id=\"b656418\" data-element_type=\"widget\" data-widget_type=\"text-editor.default\">\n\t\t\t\t<div class=\"elementor-widget-container\">\n\t\t\t\t\t\t\t\t\t<p><strong>Damir Dervovic<\/strong><br \/>Reporter<br \/><a href=\"mailto:dd222ff@student.lnu.se\"> dd222ff@student.lnu.se<\/a><\/p>\t\t\t\t\t\t\t\t<\/div>\n\t\t\t\t<\/div>\n\t\t\t\t\t<\/div>\n\t\t<\/div>\n\t\t\t\t<div class=\"elementor-column elementor-col-50 elementor-inner-column elementor-element elementor-element-2100c09\" data-id=\"2100c09\" data-element_type=\"column\">\n\t\t\t<div class=\"elementor-widget-wrap elementor-element-populated\">\n\t\t\t\t\t\t<div class=\"elementor-element elementor-element-48d0d71 elementor-widget elementor-widget-image\" data-id=\"48d0d71\" data-element_type=\"widget\" data-widget_type=\"image.default\">\n\t\t\t\t<div class=\"elementor-widget-container\">\n\t\t\t\t\t\t\t\t\t\t\t\t\t\t\t<img decoding=\"async\" width=\"512\" height=\"768\" src=\"https:\/\/medieproduktion.lnu.se\/gazellen\/wp-content\/uploads\/sites\/274\/2020\/03\/Nelly-M.jpg\" class=\"attachment-large size-large wp-image-1056\" alt=\"Profilbild p\u00e5 Nelly Bj\u00f6rkqvist\" srcset=\"https:\/\/medieproduktion.lnu.se\/gazellen\/wp-content\/uploads\/sites\/274\/2020\/03\/Nelly-M.jpg 512w, https:\/\/medieproduktion.lnu.se\/gazellen\/wp-content\/uploads\/sites\/274\/2020\/03\/Nelly-M-200x300.jpg 200w\" sizes=\"(max-width: 512px) 100vw, 512px\" \/>\t\t\t\t\t\t\t\t\t\t\t\t\t\t\t<\/div>\n\t\t\t\t<\/div>\n\t\t\t\t<div class=\"elementor-element elementor-element-5ad9ff4 elementor-widget elementor-widget-text-editor\" data-id=\"5ad9ff4\" data-element_type=\"widget\" data-widget_type=\"text-editor.default\">\n\t\t\t\t<div class=\"elementor-widget-container\">\n\t\t\t\t\t\t\t\t\t<p><strong>Nelly Bj\u00f6rkqvist<\/strong><br \/>Reporter<br \/>Mail: <a href=\"mailto:nb222mm@student.lnu.se\">nb222mm@student.lnu.se<\/a><\/p>\t\t\t\t\t\t\t\t<\/div>\n\t\t\t\t<\/div>\n\t\t\t\t\t<\/div>\n\t\t<\/div>\n\t\t\t\t\t<\/div>\n\t\t<\/section>\n\t\t\t\t<section class=\"elementor-section elementor-inner-section elementor-element elementor-element-743d528 elementor-section-boxed elementor-section-height-default elementor-section-height-default\" data-id=\"743d528\" data-element_type=\"section\">\n\t\t\t\t\t\t<div class=\"elementor-container elementor-column-gap-default\">\n\t\t\t\t\t<div class=\"elementor-column elementor-col-50 elementor-inner-column elementor-element elementor-element-cc4a880\" data-id=\"cc4a880\" data-element_type=\"column\">\n\t\t\t<div class=\"elementor-widget-wrap elementor-element-populated\">\n\t\t\t\t\t\t<div class=\"elementor-element elementor-element-034aa1e elementor-widget elementor-widget-image\" data-id=\"034aa1e\" data-element_type=\"widget\" data-widget_type=\"image.default\">\n\t\t\t\t<div class=\"elementor-widget-container\">\n\t\t\t\t\t\t\t\t\t\t\t\t\t\t\t<img decoding=\"async\" width=\"512\" height=\"768\" src=\"https:\/\/medieproduktion.lnu.se\/gazellen\/wp-content\/uploads\/sites\/274\/2020\/03\/hanniiii-M.jpg\" class=\"attachment-large size-large wp-image-1057\" alt=\"Profilbild p\u00e5 Hanna K\u00e4llebring\" srcset=\"https:\/\/medieproduktion.lnu.se\/gazellen\/wp-content\/uploads\/sites\/274\/2020\/03\/hanniiii-M.jpg 512w, https:\/\/medieproduktion.lnu.se\/gazellen\/wp-content\/uploads\/sites\/274\/2020\/03\/hanniiii-M-200x300.jpg 200w\" sizes=\"(max-width: 512px) 100vw, 512px\" \/>\t\t\t\t\t\t\t\t\t\t\t\t\t\t\t<\/div>\n\t\t\t\t<\/div>\n\t\t\t\t<div class=\"elementor-element elementor-element-0fb54a6 elementor-widget elementor-widget-text-editor\" data-id=\"0fb54a6\" data-element_type=\"widget\" data-widget_type=\"text-editor.default\">\n\t\t\t\t<div class=\"elementor-widget-container\">\n\t\t\t\t\t\t\t\t\t<p><span style=\"color: #000000; font-family: Helvetica, sans-serif;\"><span style=\"caret-color: #000000;\"><b>Hanna K\u00e4llebring<\/b><\/span><\/span><br style=\"caret-color: #000000; color: #000000; font-family: Helvetica, sans-serif;\" \/><span style=\"caret-color: #000000; color: #000000; font-family: Helvetica, sans-serif;\">Reporter<\/span><br style=\"caret-color: #000000; color: #000000; font-family: Helvetica, sans-serif;\" \/><a style=\"font-family: Helvetica, sans-serif;\" href=\"mailto:hk222qr@student.lnu.se\">hk222qr@student.lnu.se<\/a><\/p>\t\t\t\t\t\t\t\t<\/div>\n\t\t\t\t<\/div>\n\t\t\t\t\t<\/div>\n\t\t<\/div>\n\t\t\t\t<div class=\"elementor-column elementor-col-50 elementor-inner-column elementor-element elementor-element-c5f3b64\" data-id=\"c5f3b64\" data-element_type=\"column\">\n\t\t\t<div class=\"elementor-widget-wrap elementor-element-populated\">\n\t\t\t\t\t\t<div class=\"elementor-element elementor-element-88b733d elementor-widget elementor-widget-image\" data-id=\"88b733d\" data-element_type=\"widget\" data-widget_type=\"image.default\">\n\t\t\t\t<div class=\"elementor-widget-container\">\n\t\t\t\t\t\t\t\t\t\t\t\t\t\t\t<img loading=\"lazy\" decoding=\"async\" width=\"512\" height=\"768\" src=\"https:\/\/medieproduktion.lnu.se\/gazellen\/wp-content\/uploads\/sites\/274\/2020\/03\/Olivia-M.jpg\" class=\"attachment-large size-large wp-image-1058\" alt=\"Profilbild p\u00e5 Olivia Symoens\" srcset=\"https:\/\/medieproduktion.lnu.se\/gazellen\/wp-content\/uploads\/sites\/274\/2020\/03\/Olivia-M.jpg 512w, https:\/\/medieproduktion.lnu.se\/gazellen\/wp-content\/uploads\/sites\/274\/2020\/03\/Olivia-M-200x300.jpg 200w\" sizes=\"(max-width: 512px) 100vw, 512px\" \/>\t\t\t\t\t\t\t\t\t\t\t\t\t\t\t<\/div>\n\t\t\t\t<\/div>\n\t\t\t\t<div class=\"elementor-element elementor-element-5c5d957 elementor-widget elementor-widget-text-editor\" data-id=\"5c5d957\" data-element_type=\"widget\" data-widget_type=\"text-editor.default\">\n\t\t\t\t<div class=\"elementor-widget-container\">\n\t\t\t\t\t\t\t\t\t<p><span style=\"color: #000000; font-family: Helvetica, sans-serif;\"><span style=\"caret-color: #000000;\"><b>Olivia Symoens<\/b><\/span><\/span><br style=\"caret-color: #000000; color: #000000; font-family: Helvetica, sans-serif;\" \/><span style=\"caret-color: #000000; color: #000000; font-family: Helvetica, sans-serif;\">Reporter<\/span><br style=\"caret-color: #000000; color: #000000; font-family: Helvetica, sans-serif;\" \/><a style=\"font-family: Helvetica, sans-serif;\" href=\"mailto:os222hv@student.lnu.se\">os222hv@student.lnu.se<\/a><\/p>\t\t\t\t\t\t\t\t<\/div>\n\t\t\t\t<\/div>\n\t\t\t\t\t<\/div>\n\t\t<\/div>\n\t\t\t\t\t<\/div>\n\t\t<\/section>\n\t\t\t\t<section class=\"elementor-section elementor-inner-section elementor-element elementor-element-acd7023 elementor-section-boxed elementor-section-height-default elementor-section-height-default\" data-id=\"acd7023\" data-element_type=\"section\">\n\t\t\t\t\t\t<div class=\"elementor-container elementor-column-gap-default\">\n\t\t\t\t\t<div class=\"elementor-column elementor-col-100 elementor-inner-column elementor-element elementor-element-ce2fcb1\" data-id=\"ce2fcb1\" data-element_type=\"column\">\n\t\t\t<div class=\"elementor-widget-wrap elementor-element-populated\">\n\t\t\t\t\t\t<div class=\"elementor-element elementor-element-b72a7aa elementor-widget elementor-widget-image\" data-id=\"b72a7aa\" data-element_type=\"widget\" data-widget_type=\"image.default\">\n\t\t\t\t<div class=\"elementor-widget-container\">\n\t\t\t\t\t\t\t\t\t\t\t\t\t\t\t<img loading=\"lazy\" decoding=\"async\" width=\"512\" height=\"768\" src=\"https:\/\/medieproduktion.lnu.se\/gazellen\/wp-content\/uploads\/sites\/274\/2020\/03\/Ella-M.jpg\" class=\"attachment-large size-large wp-image-1059\" alt=\"Profilbild p\u00e5 Ella Daneshmand\" srcset=\"https:\/\/medieproduktion.lnu.se\/gazellen\/wp-content\/uploads\/sites\/274\/2020\/03\/Ella-M.jpg 512w, https:\/\/medieproduktion.lnu.se\/gazellen\/wp-content\/uploads\/sites\/274\/2020\/03\/Ella-M-200x300.jpg 200w\" sizes=\"(max-width: 512px) 100vw, 512px\" \/>\t\t\t\t\t\t\t\t\t\t\t\t\t\t\t<\/div>\n\t\t\t\t<\/div>\n\t\t\t\t<div class=\"elementor-element elementor-element-2188759 elementor-widget elementor-widget-text-editor\" data-id=\"2188759\" data-element_type=\"widget\" data-widget_type=\"text-editor.default\">\n\t\t\t\t<div class=\"elementor-widget-container\">\n\t\t\t\t\t\t\t\t\t<p><b>\u00a0 \u00a0 \u00a0 Ella Daneshmand<\/b><br \/>\u00a0 \u00a0 \u00a0 Reporter<br \/>\u00a0 \u00a0 \u00a0\u00a0<a href=\"mailto:ed222mg@student.lnu.se\">ed222mg@student.lnu.se<\/a><\/p>\t\t\t\t\t\t\t\t<\/div>\n\t\t\t\t<\/div>\n\t\t\t\t<div class=\"elementor-element elementor-element-bb4052b elementor-widget-divider--view-line elementor-widget elementor-widget-divider\" data-id=\"bb4052b\" data-element_type=\"widget\" data-widget_type=\"divider.default\">\n\t\t\t\t<div class=\"elementor-widget-container\">\n\t\t\t\t\t\t\t<div class=\"elementor-divider\">\n\t\t\t<span class=\"elementor-divider-separator\">\n\t\t\t\t\t\t<\/span>\n\t\t<\/div>\n\t\t\t\t\t\t<\/div>\n\t\t\t\t<\/div>\n\t\t\t\t\t<\/div>\n\t\t<\/div>\n\t\t\t\t\t<\/div>\n\t\t<\/section>\n\t\t\t\t\t<\/div>\n\t\t<\/div>\n\t\t\t\t\t<\/div>\n\t\t<\/section>\n\t\t\t\t<\/div>\n\t\t","protected":false},"excerpt":{"rendered":"<p>Gazellen \u00e4r en webbtidning som arbetar med att t\u00e4cka de lokala nyheterna i Kalmar l\u00e4n. Redaktionen best\u00e5r av fem \u00a0journaliststudenter fr\u00e5n Linn\u00e9universitetet. Damir DervovicReporter dd222ff@student.lnu.se Nelly Bj\u00f6rkqvistReporterMail: nb222mm@student.lnu.se Hanna K\u00e4llebringReporterhk222qr@student.lnu.se Olivia SymoensReporteros222hv@student.lnu.se \u00a0 \u00a0 \u00a0 Ella Daneshmand\u00a0 \u00a0 \u00a0 Reporter\u00a0 \u00a0 \u00a0\u00a0ed222mg@student.lnu.se<\/p>\n","protected":false},"author":246,"featured_media":0,"parent":0,"menu_order":0,"comment_status":"closed","ping_status":"closed","template":"","meta":{"footnotes":""},"class_list":["post-38","page","type-page","status-publish"],"_links":{"self":[{"href":"https:\/\/medieproduktion.lnu.se\/gazellen\/wp-json\/wp\/v2\/pages\/38","targetHints":{"allow":["GET"]}}],"collection":[{"href":"https:\/\/medieproduktion.lnu.se\/gazellen\/wp-json\/wp\/v2\/pages"}],"about":[{"href":"https:\/\/medieproduktion.lnu.se\/gazellen\/wp-json\/wp\/v2\/types\/page"}],"author":[{"embeddable":true,"href":"https:\/\/medieproduktion.lnu.se\/gazellen\/wp-json\/wp\/v2\/users\/246"}],"replies":[{"embeddable":true,"href":"https:\/\/medieproduktion.lnu.se\/gazellen\/wp-json\/wp\/v2\/comments?post=38"}],"version-history":[{"count":53,"href":"https:\/\/medieproduktion.lnu.se\/gazellen\/wp-json\/wp\/v2\/pages\/38\/revisions"}],"predecessor-version":[{"id":1060,"href":"https:\/\/medieproduktion.lnu.se\/gazellen\/wp-json\/wp\/v2\/pages\/38\/revisions\/1060"}],"wp:attachment":[{"href":"https:\/\/medieproduktion.lnu.se\/gazellen\/wp-json\/wp\/v2\/media?parent=38"}],"curies":[{"name":"wp","href":"https:\/\/api.w.org\/{rel}","templated":true}]}}