{"id":160,"date":"2020-03-11T11:26:08","date_gmt":"2020-03-11T10:26:08","guid":{"rendered":"http:\/\/medieproduktion.lnu.se\/1mp204vt20redaktion1b\/?page_id=160"},"modified":"2020-03-27T11:48:24","modified_gmt":"2020-03-27T10:48:24","slug":"startsida","status":"publish","type":"page","link":"https:\/\/medieproduktion.lnu.se\/gazellen\/","title":{"rendered":"Startsida"},"content":{"rendered":"\t\t<div data-elementor-type=\"wp-post\" data-elementor-id=\"160\" class=\"elementor elementor-160 elementor-bc-flex-widget\" data-elementor-post-type=\"page\">\n\t\t\t\t\t\t<section class=\"elementor-section elementor-inner-section elementor-element elementor-element-ed46be4 elementor-section-boxed elementor-section-height-default elementor-section-height-default\" data-id=\"ed46be4\" data-element_type=\"section\">\n\t\t\t\t\t\t<div class=\"elementor-container elementor-column-gap-default\">\n\t\t\t\t\t<div class=\"elementor-column elementor-col-100 elementor-inner-column elementor-element elementor-element-a57619e\" data-id=\"a57619e\" data-element_type=\"column\">\n\t\t\t<div class=\"elementor-widget-wrap elementor-element-populated\">\n\t\t\t\t\t\t<div class=\"elementor-element elementor-element-a2c5fd4 elementor-widget-divider--view-line elementor-widget elementor-widget-divider\" data-id=\"a2c5fd4\" data-element_type=\"widget\" data-widget_type=\"divider.default\">\n\t\t\t\t<div class=\"elementor-widget-container\">\n\t\t\t\t\t\t\t<div class=\"elementor-divider\">\n\t\t\t<span class=\"elementor-divider-separator\">\n\t\t\t\t\t\t<\/span>\n\t\t<\/div>\n\t\t\t\t\t\t<\/div>\n\t\t\t\t<\/div>\n\t\t\t\t<div class=\"elementor-element elementor-element-5432464 elementor-grid-1 elementor-grid-tablet-2 elementor-grid-mobile-1 elementor-posts--thumbnail-top elementor-widget elementor-widget-posts\" data-id=\"5432464\" data-element_type=\"widget\" data-settings=\"{&quot;classic_columns&quot;:&quot;1&quot;,&quot;classic_columns_tablet&quot;:&quot;2&quot;,&quot;classic_columns_mobile&quot;:&quot;1&quot;,&quot;classic_row_gap&quot;:{&quot;unit&quot;:&quot;px&quot;,&quot;size&quot;:35,&quot;sizes&quot;:[]},&quot;classic_row_gap_tablet&quot;:{&quot;unit&quot;:&quot;px&quot;,&quot;size&quot;:&quot;&quot;,&quot;sizes&quot;:[]},&quot;classic_row_gap_mobile&quot;:{&quot;unit&quot;:&quot;px&quot;,&quot;size&quot;:&quot;&quot;,&quot;sizes&quot;:[]}}\" data-widget_type=\"posts.classic\">\n\t\t\t\t<div class=\"elementor-widget-container\">\n\t\t\t\t\t\t\t<div class=\"elementor-posts-container elementor-posts elementor-posts--skin-classic elementor-grid\" role=\"list\">\n\t\t\t\t<article class=\"elementor-post elementor-grid-item post-552 post type-post status-publish format-standard has-post-thumbnail hentry category-nyheter tag-coronavirus tag-fast tag-stangda-granser tag-student tag-utlandsstudier\" role=\"listitem\">\n\t\t\t\t<a class=\"elementor-post__thumbnail__link\" href=\"https:\/\/medieproduktion.lnu.se\/gazellen\/2020\/03\/19\/studenterna-som-riskerar-att-fastna-utomlands\/\" tabindex=\"-1\" >\n\t\t\t<div class=\"elementor-post__thumbnail\"><img fetchpriority=\"high\" decoding=\"async\" width=\"860\" height=\"450\" src=\"https:\/\/medieproduktion.lnu.se\/gazellen\/wp-content\/uploads\/sites\/274\/2020\/03\/Namnl\u00f6st-3.jpg\" class=\"attachment-full size-full wp-image-602\" alt=\"De tre studenternas bild bredvid varandra\" srcset=\"https:\/\/medieproduktion.lnu.se\/gazellen\/wp-content\/uploads\/sites\/274\/2020\/03\/Namnl\u00f6st-3.jpg 860w, https:\/\/medieproduktion.lnu.se\/gazellen\/wp-content\/uploads\/sites\/274\/2020\/03\/Namnl\u00f6st-3-300x157.jpg 300w, https:\/\/medieproduktion.lnu.se\/gazellen\/wp-content\/uploads\/sites\/274\/2020\/03\/Namnl\u00f6st-3-768x402.jpg 768w\" sizes=\"(max-width: 860px) 100vw, 860px\" \/><\/div>\n\t\t<\/a>\n\t\t\t\t<div class=\"elementor-post__text\">\n\t\t\t\t<h3 class=\"elementor-post__title\">\n\t\t\t<a href=\"https:\/\/medieproduktion.lnu.se\/gazellen\/2020\/03\/19\/studenterna-som-riskerar-att-fastna-utomlands\/\" >\n\t\t\t\tStudenterna riskerar att fastna utomlands\t\t\t<\/a>\n\t\t<\/h3>\n\t\t\t\t<div class=\"elementor-post__meta-data\">\n\t\t\t\t\t<span class=\"elementor-post-author\">\n\t\t\tElla Daneshmand\t\t<\/span>\n\t\t\t\t<span class=\"elementor-post-date\">\n\t\t\t19 mars, 2020\t\t<\/span>\n\t\t\t\t<\/div>\n\t\t\t\t<div class=\"elementor-post__excerpt\">\n\t\t\t<p>L\u00e4nderna runt om i v\u00e4rlden b\u00f6rjar st\u00e4nga sina gr\u00e4nser. Dessa tre studenter som studerar utanf\u00f6r Sverige ber\u00e4ttar hur de hanterar situationen med Coronaviruset. <\/p>\n\t\t<\/div>\n\t\t\t\t<\/div>\n\t\t\t\t<\/article>\n\t\t\t\t<\/div>\n\t\t\n\t\t\t\t\t\t<\/div>\n\t\t\t\t<\/div>\n\t\t\t\t<div class=\"elementor-element elementor-element-9c33ba9 elementor-widget-divider--view-line elementor-widget elementor-widget-divider\" data-id=\"9c33ba9\" data-element_type=\"widget\" data-widget_type=\"divider.default\">\n\t\t\t\t<div class=\"elementor-widget-container\">\n\t\t\t\t\t\t\t<div class=\"elementor-divider\">\n\t\t\t<span class=\"elementor-divider-separator\">\n\t\t\t\t\t\t<\/span>\n\t\t<\/div>\n\t\t\t\t\t\t<\/div>\n\t\t\t\t<\/div>\n\t\t\t\t<div class=\"elementor-element elementor-element-2d65e88 elementor-grid-2 elementor-grid-tablet-2 elementor-grid-mobile-1 elementor-posts--thumbnail-top elementor-widget elementor-widget-posts\" data-id=\"2d65e88\" data-element_type=\"widget\" data-settings=\"{&quot;classic_columns&quot;:&quot;2&quot;,&quot;classic_columns_tablet&quot;:&quot;2&quot;,&quot;classic_columns_mobile&quot;:&quot;1&quot;,&quot;classic_row_gap&quot;:{&quot;unit&quot;:&quot;px&quot;,&quot;size&quot;:35,&quot;sizes&quot;:[]},&quot;classic_row_gap_tablet&quot;:{&quot;unit&quot;:&quot;px&quot;,&quot;size&quot;:&quot;&quot;,&quot;sizes&quot;:[]},&quot;classic_row_gap_mobile&quot;:{&quot;unit&quot;:&quot;px&quot;,&quot;size&quot;:&quot;&quot;,&quot;sizes&quot;:[]}}\" data-widget_type=\"posts.classic\">\n\t\t\t\t<div class=\"elementor-widget-container\">\n\t\t\t\t\t\t\t<div class=\"elementor-posts-container elementor-posts elementor-posts--skin-classic elementor-grid\" role=\"list\">\n\t\t\t\t<article class=\"elementor-post elementor-grid-item post-802 post type-post status-publish format-standard has-post-thumbnail hentry category-kulturnoje tag-barn tag-bildreportage tag-dans tag-lekar tag-varsol\" role=\"listitem\">\n\t\t\t\t<a class=\"elementor-post__thumbnail__link\" href=\"https:\/\/medieproduktion.lnu.se\/gazellen\/2020\/03\/25\/barnens-stora-dansgladje-i-solen\/\" tabindex=\"-1\" >\n\t\t\t<div class=\"elementor-post__thumbnail\"><img decoding=\"async\" width=\"300\" height=\"225\" src=\"https:\/\/medieproduktion.lnu.se\/gazellen\/wp-content\/uploads\/sites\/274\/2020\/03\/barn-och-pappa-300x225.jpg\" class=\"attachment-medium size-medium wp-image-912\" alt=\"Pappa och barn dansar\" srcset=\"https:\/\/medieproduktion.lnu.se\/gazellen\/wp-content\/uploads\/sites\/274\/2020\/03\/barn-och-pappa-300x225.jpg 300w, https:\/\/medieproduktion.lnu.se\/gazellen\/wp-content\/uploads\/sites\/274\/2020\/03\/barn-och-pappa-768x576.jpg 768w, https:\/\/medieproduktion.lnu.se\/gazellen\/wp-content\/uploads\/sites\/274\/2020\/03\/barn-och-pappa.jpg 840w\" sizes=\"(max-width: 300px) 100vw, 300px\" \/><\/div>\n\t\t<\/a>\n\t\t\t\t<div class=\"elementor-post__text\">\n\t\t\t\t<h3 class=\"elementor-post__title\">\n\t\t\t<a href=\"https:\/\/medieproduktion.lnu.se\/gazellen\/2020\/03\/25\/barnens-stora-dansgladje-i-solen\/\" >\n\t\t\t\tBarnens stora dansgl\u00e4dje i solen\t\t\t<\/a>\n\t\t<\/h3>\n\t\t\t\t<div class=\"elementor-post__meta-data\">\n\t\t\t\t\t<span class=\"elementor-post-author\">\n\t\t\tElla Daneshmand\t\t<\/span>\n\t\t\t\t<span class=\"elementor-post-date\">\n\t\t\t25 mars, 2020\t\t<\/span>\n\t\t\t\t<\/div>\n\t\t\t\t<div class=\"elementor-post__excerpt\">\n\t\t\t<p>N\u00e4r Coronaviruset inte l\u00e5ter dansklasser h\u00e5llas inomhus, flyttar lektionerna ut ist\u00e4llet. Nu f\u00e5r \u00e4ven de sm\u00e5 barnen sjunga och dansa tillsammans. <\/p>\n\t\t<\/div>\n\t\t\t\t<\/div>\n\t\t\t\t<\/article>\n\t\t\t\t<article class=\"elementor-post elementor-grid-item post-773 post type-post status-publish format-standard has-post-thumbnail hentry category-nyheter tag-polis tag-dom tag-slagning\" role=\"listitem\">\n\t\t\t\t<a class=\"elementor-post__thumbnail__link\" href=\"https:\/\/medieproduktion.lnu.se\/gazellen\/2020\/03\/23\/polisanstalld-doms-for-dataintrang\/\" tabindex=\"-1\" >\n\t\t\t<div class=\"elementor-post__thumbnail\"><img decoding=\"async\" width=\"300\" height=\"199\" src=\"https:\/\/medieproduktion.lnu.se\/gazellen\/wp-content\/uploads\/sites\/274\/2020\/03\/apple-692186_1920-300x199.jpg\" class=\"attachment-medium size-medium wp-image-797\" alt=\"En dator\" srcset=\"https:\/\/medieproduktion.lnu.se\/gazellen\/wp-content\/uploads\/sites\/274\/2020\/03\/apple-692186_1920-300x199.jpg 300w, https:\/\/medieproduktion.lnu.se\/gazellen\/wp-content\/uploads\/sites\/274\/2020\/03\/apple-692186_1920-768x508.jpg 768w, https:\/\/medieproduktion.lnu.se\/gazellen\/wp-content\/uploads\/sites\/274\/2020\/03\/apple-692186_1920-1024x678.jpg 1024w, https:\/\/medieproduktion.lnu.se\/gazellen\/wp-content\/uploads\/sites\/274\/2020\/03\/apple-692186_1920.jpg 1920w\" sizes=\"(max-width: 300px) 100vw, 300px\" \/><\/div>\n\t\t<\/a>\n\t\t\t\t<div class=\"elementor-post__text\">\n\t\t\t\t<h3 class=\"elementor-post__title\">\n\t\t\t<a href=\"https:\/\/medieproduktion.lnu.se\/gazellen\/2020\/03\/23\/polisanstalld-doms-for-dataintrang\/\" >\n\t\t\t\tPolisanst\u00e4lld d\u00f6ms f\u00f6r dataintr\u00e5ng\t\t\t<\/a>\n\t\t<\/h3>\n\t\t\t\t<div class=\"elementor-post__meta-data\">\n\t\t\t\t\t<span class=\"elementor-post-author\">\n\t\t\tElla Daneshmand\t\t<\/span>\n\t\t\t\t<span class=\"elementor-post-date\">\n\t\t\t23 mars, 2020\t\t<\/span>\n\t\t\t\t<\/div>\n\t\t\t\t<div class=\"elementor-post__excerpt\">\n\t\t\t<p>Kvinnan som \u00e4r polisanst\u00e4lld gjorde ett 50-tal slagningar p\u00e5 poliser. <\/p>\n\t\t<\/div>\n\t\t\t\t<\/div>\n\t\t\t\t<\/article>\n\t\t\t\t<\/div>\n\t\t\n\t\t\t\t\t\t<\/div>\n\t\t\t\t<\/div>\n\t\t\t\t<div class=\"elementor-element elementor-element-7525c36 elementor-widget-divider--view-line elementor-widget elementor-widget-divider\" data-id=\"7525c36\" data-element_type=\"widget\" data-widget_type=\"divider.default\">\n\t\t\t\t<div class=\"elementor-widget-container\">\n\t\t\t\t\t\t\t<div class=\"elementor-divider\">\n\t\t\t<span class=\"elementor-divider-separator\">\n\t\t\t\t\t\t<\/span>\n\t\t<\/div>\n\t\t\t\t\t\t<\/div>\n\t\t\t\t<\/div>\n\t\t\t\t<div class=\"elementor-element elementor-element-0168e48 elementor-grid-1 elementor-grid-tablet-2 elementor-grid-mobile-1 elementor-posts--thumbnail-top elementor-widget elementor-widget-posts\" data-id=\"0168e48\" data-element_type=\"widget\" data-settings=\"{&quot;classic_columns&quot;:&quot;1&quot;,&quot;classic_columns_tablet&quot;:&quot;2&quot;,&quot;classic_columns_mobile&quot;:&quot;1&quot;,&quot;classic_row_gap&quot;:{&quot;unit&quot;:&quot;px&quot;,&quot;size&quot;:35,&quot;sizes&quot;:[]},&quot;classic_row_gap_tablet&quot;:{&quot;unit&quot;:&quot;px&quot;,&quot;size&quot;:&quot;&quot;,&quot;sizes&quot;:[]},&quot;classic_row_gap_mobile&quot;:{&quot;unit&quot;:&quot;px&quot;,&quot;size&quot;:&quot;&quot;,&quot;sizes&quot;:[]}}\" data-widget_type=\"posts.classic\">\n\t\t\t\t<div class=\"elementor-widget-container\">\n\t\t\t\t\t\t\t<div class=\"elementor-posts-container elementor-posts elementor-posts--skin-classic elementor-grid\" role=\"list\">\n\t\t\t\t<article class=\"elementor-post elementor-grid-item post-589 post type-post status-publish format-standard has-post-thumbnail hentry category-kronikor tag-angest tag-psykiskohalsa tag-stress tag-tillsammans tag-unga\" role=\"listitem\">\n\t\t\t\t<a class=\"elementor-post__thumbnail__link\" href=\"https:\/\/medieproduktion.lnu.se\/gazellen\/2020\/03\/19\/vi-maste-lara-unga-att-ensam-inte-alltid-ar-stark\/\" tabindex=\"-1\" >\n\t\t\t<div class=\"elementor-post__thumbnail\"><img loading=\"lazy\" decoding=\"async\" width=\"768\" height=\"480\" src=\"https:\/\/medieproduktion.lnu.se\/gazellen\/wp-content\/uploads\/sites\/274\/2020\/03\/Kr\u00f6nika-1-768x480.png\" class=\"attachment-medium_large size-medium_large wp-image-550\" alt=\"Fram\u00e5tlutad, ledsen person i siluett bakifr\u00e5n.\" srcset=\"https:\/\/medieproduktion.lnu.se\/gazellen\/wp-content\/uploads\/sites\/274\/2020\/03\/Kr\u00f6nika-1-768x480.png 768w, https:\/\/medieproduktion.lnu.se\/gazellen\/wp-content\/uploads\/sites\/274\/2020\/03\/Kr\u00f6nika-1-300x188.png 300w, https:\/\/medieproduktion.lnu.se\/gazellen\/wp-content\/uploads\/sites\/274\/2020\/03\/Kr\u00f6nika-1-1024x640.png 1024w, https:\/\/medieproduktion.lnu.se\/gazellen\/wp-content\/uploads\/sites\/274\/2020\/03\/Kr\u00f6nika-1.png 1600w\" sizes=\"(max-width: 768px) 100vw, 768px\" \/><\/div>\n\t\t<\/a>\n\t\t\t\t<div class=\"elementor-post__text\">\n\t\t\t\t<h3 class=\"elementor-post__title\">\n\t\t\t<a href=\"https:\/\/medieproduktion.lnu.se\/gazellen\/2020\/03\/19\/vi-maste-lara-unga-att-ensam-inte-alltid-ar-stark\/\" >\n\t\t\t\tKr\u00f6nika: L\u00e4r unga att ensam inte alltid \u00e4r stark!\t\t\t<\/a>\n\t\t<\/h3>\n\t\t\t\t<div class=\"elementor-post__meta-data\">\n\t\t\t\t\t<span class=\"elementor-post-author\">\n\t\t\tHanna K\u00e4llebring\t\t<\/span>\n\t\t\t\t<span class=\"elementor-post-date\">\n\t\t\t19 mars, 2020\t\t<\/span>\n\t\t\t\t<\/div>\n\t\t\t\t<div class=\"elementor-post__excerpt\">\n\t\t\t<p>Psykisk oh\u00e4lsa bland unga \u00e4r ett stort samh\u00e4llsproblem idag och \u00e4r n\u00e5got vi m\u00e5ste prata mer om.<\/p>\n\t\t<\/div>\n\t\t\t\t<\/div>\n\t\t\t\t<\/article>\n\t\t\t\t<\/div>\n\t\t\n\t\t\t\t\t\t<\/div>\n\t\t\t\t<\/div>\n\t\t\t\t<div class=\"elementor-element elementor-element-114f991 elementor-widget-divider--view-line elementor-widget elementor-widget-divider\" data-id=\"114f991\" data-element_type=\"widget\" data-widget_type=\"divider.default\">\n\t\t\t\t<div class=\"elementor-widget-container\">\n\t\t\t\t\t\t\t<div class=\"elementor-divider\">\n\t\t\t<span class=\"elementor-divider-separator\">\n\t\t\t\t\t\t<\/span>\n\t\t<\/div>\n\t\t\t\t\t\t<\/div>\n\t\t\t\t<\/div>\n\t\t\t\t<div class=\"elementor-element elementor-element-251810b elementor-grid-2 elementor-grid-tablet-2 elementor-grid-mobile-1 elementor-posts--thumbnail-top elementor-widget elementor-widget-posts\" data-id=\"251810b\" data-element_type=\"widget\" data-settings=\"{&quot;classic_columns&quot;:&quot;2&quot;,&quot;classic_columns_tablet&quot;:&quot;2&quot;,&quot;classic_columns_mobile&quot;:&quot;1&quot;,&quot;classic_row_gap&quot;:{&quot;unit&quot;:&quot;px&quot;,&quot;size&quot;:35,&quot;sizes&quot;:[]},&quot;classic_row_gap_tablet&quot;:{&quot;unit&quot;:&quot;px&quot;,&quot;size&quot;:&quot;&quot;,&quot;sizes&quot;:[]},&quot;classic_row_gap_mobile&quot;:{&quot;unit&quot;:&quot;px&quot;,&quot;size&quot;:&quot;&quot;,&quot;sizes&quot;:[]}}\" data-widget_type=\"posts.classic\">\n\t\t\t\t<div class=\"elementor-widget-container\">\n\t\t\t\t\t\t\t<div class=\"elementor-posts-container elementor-posts elementor-posts--skin-classic elementor-grid\" role=\"list\">\n\t\t\t\t<article class=\"elementor-post elementor-grid-item post-835 post type-post status-publish format-standard has-post-thumbnail hentry category-webbfilmer tag-earth-hour tag-wwf\" role=\"listitem\">\n\t\t\t\t<a class=\"elementor-post__thumbnail__link\" href=\"https:\/\/medieproduktion.lnu.se\/gazellen\/2020\/03\/24\/earth-hour\/\" tabindex=\"-1\" >\n\t\t\t<div class=\"elementor-post__thumbnail\"><img loading=\"lazy\" decoding=\"async\" width=\"300\" height=\"188\" src=\"https:\/\/medieproduktion.lnu.se\/gazellen\/wp-content\/uploads\/sites\/274\/2020\/03\/Ska\u0308rmavbild-2020-03-24-kl.-14.30.46-300x188.png\" class=\"attachment-medium size-medium wp-image-901\" alt=\"tre ljus\" \/><\/div>\n\t\t<\/a>\n\t\t\t\t<div class=\"elementor-post__text\">\n\t\t\t\t<h3 class=\"elementor-post__title\">\n\t\t\t<a href=\"https:\/\/medieproduktion.lnu.se\/gazellen\/2020\/03\/24\/earth-hour\/\" >\n\t\t\t\tEarth Hour\t\t\t<\/a>\n\t\t<\/h3>\n\t\t\t\t<div class=\"elementor-post__meta-data\">\n\t\t\t\t\t<span class=\"elementor-post-author\">\n\t\t\tOlivia Symones\t\t<\/span>\n\t\t\t\t<span class=\"elementor-post-date\">\n\t\t\t24 mars, 2020\t\t<\/span>\n\t\t\t\t<\/div>\n\t\t\t\t<div class=\"elementor-post__excerpt\">\n\t\t\t<p>Den sista l\u00f6rdagen i mars infaller Earth Hour. WWF startade projektet 2007 och sedan dess har det f\u00e5tt stor spridning. Just nu deltar \u00f6ver 150 l\u00e4nder.<\/p>\n\t\t<\/div>\n\t\t\t\t<\/div>\n\t\t\t\t<\/article>\n\t\t\t\t<article class=\"elementor-post elementor-grid-item post-794 post type-post status-publish format-standard has-post-thumbnail hentry category-nyheter\" role=\"listitem\">\n\t\t\t\t<a class=\"elementor-post__thumbnail__link\" href=\"https:\/\/medieproduktion.lnu.se\/gazellen\/2020\/03\/23\/just-nu-21-aring-intensivvardas-for-corona\/\" tabindex=\"-1\" >\n\t\t\t<div class=\"elementor-post__thumbnail\"><img loading=\"lazy\" decoding=\"async\" width=\"300\" height=\"160\" src=\"https:\/\/medieproduktion.lnu.se\/gazellen\/wp-content\/uploads\/sites\/274\/2020\/03\/virus-4937553_1920-1-300x160.jpg\" class=\"attachment-medium size-medium wp-image-795\" alt=\"Animerade virus\" srcset=\"https:\/\/medieproduktion.lnu.se\/gazellen\/wp-content\/uploads\/sites\/274\/2020\/03\/virus-4937553_1920-1-300x160.jpg 300w, https:\/\/medieproduktion.lnu.se\/gazellen\/wp-content\/uploads\/sites\/274\/2020\/03\/virus-4937553_1920-1-768x410.jpg 768w, https:\/\/medieproduktion.lnu.se\/gazellen\/wp-content\/uploads\/sites\/274\/2020\/03\/virus-4937553_1920-1-1024x547.jpg 1024w, https:\/\/medieproduktion.lnu.se\/gazellen\/wp-content\/uploads\/sites\/274\/2020\/03\/virus-4937553_1920-1.jpg 1920w\" sizes=\"(max-width: 300px) 100vw, 300px\" \/><\/div>\n\t\t<\/a>\n\t\t\t\t<div class=\"elementor-post__text\">\n\t\t\t\t<h3 class=\"elementor-post__title\">\n\t\t\t<a href=\"https:\/\/medieproduktion.lnu.se\/gazellen\/2020\/03\/23\/just-nu-21-aring-intensivvardas-for-corona\/\" >\n\t\t\t\tJust nu: 21-\u00e5ring intensivv\u00e5rdas f\u00f6r Corona\t\t\t<\/a>\n\t\t<\/h3>\n\t\t\t\t<div class=\"elementor-post__meta-data\">\n\t\t\t\t\t<span class=\"elementor-post-author\">\n\t\t\tOlivia Symones\t\t<\/span>\n\t\t\t\t<span class=\"elementor-post-date\">\n\t\t\t23 mars, 2020\t\t<\/span>\n\t\t\t\t<\/div>\n\t\t\t\t<div class=\"elementor-post__excerpt\">\n\t\t\t<p>21-\u00e5ringen \u00e4r den yngsta som intensivv\u00e5rdas i Sverige. <\/p>\n\t\t<\/div>\n\t\t\t\t<\/div>\n\t\t\t\t<\/article>\n\t\t\t\t<\/div>\n\t\t\n\t\t\t\t\t\t<\/div>\n\t\t\t\t<\/div>\n\t\t\t\t<div class=\"elementor-element elementor-element-200ec6e elementor-widget-divider--view-line elementor-widget elementor-widget-divider\" data-id=\"200ec6e\" data-element_type=\"widget\" data-widget_type=\"divider.default\">\n\t\t\t\t<div class=\"elementor-widget-container\">\n\t\t\t\t\t\t\t<div class=\"elementor-divider\">\n\t\t\t<span class=\"elementor-divider-separator\">\n\t\t\t\t\t\t<\/span>\n\t\t<\/div>\n\t\t\t\t\t\t<\/div>\n\t\t\t\t<\/div>\n\t\t\t\t\t<\/div>\n\t\t<\/div>\n\t\t\t\t\t<\/div>\n\t\t<\/section>\n\t\t\t\t<section class=\"elementor-section elementor-top-section elementor-element elementor-element-ad1fa7a elementor-section-boxed elementor-section-height-default elementor-section-height-default\" data-id=\"ad1fa7a\" data-element_type=\"section\">\n\t\t\t\t\t\t<div class=\"elementor-container elementor-column-gap-default\">\n\t\t\t\t\t<div class=\"elementor-column elementor-col-100 elementor-top-column elementor-element elementor-element-9460674\" data-id=\"9460674\" data-element_type=\"column\">\n\t\t\t<div class=\"elementor-widget-wrap\">\n\t\t\t\t\t\t\t<\/div>\n\t\t<\/div>\n\t\t\t\t\t<\/div>\n\t\t<\/section>\n\t\t\t\t<section class=\"elementor-section elementor-top-section elementor-element elementor-element-998cb70 elementor-section-boxed elementor-section-height-default elementor-section-height-default\" data-id=\"998cb70\" data-element_type=\"section\">\n\t\t\t\t\t\t<div class=\"elementor-container elementor-column-gap-default\">\n\t\t\t\t\t<div class=\"elementor-column elementor-col-100 elementor-top-column elementor-element elementor-element-5ae6cf5\" data-id=\"5ae6cf5\" data-element_type=\"column\">\n\t\t\t<div class=\"elementor-widget-wrap\">\n\t\t\t\t\t\t\t<\/div>\n\t\t<\/div>\n\t\t\t\t\t<\/div>\n\t\t<\/section>\n\t\t\t\t<section class=\"elementor-section elementor-top-section elementor-element elementor-element-dc3abfc elementor-section-boxed elementor-section-height-default elementor-section-height-default\" data-id=\"dc3abfc\" data-element_type=\"section\">\n\t\t\t\t\t\t<div class=\"elementor-container elementor-column-gap-default\">\n\t\t\t\t\t<div class=\"elementor-column elementor-col-100 elementor-top-column elementor-element elementor-element-ddc547f\" data-id=\"ddc547f\" data-element_type=\"column\">\n\t\t\t<div class=\"elementor-widget-wrap\">\n\t\t\t\t\t\t\t<\/div>\n\t\t<\/div>\n\t\t\t\t\t<\/div>\n\t\t<\/section>\n\t\t\t\t<\/div>\n\t\t","protected":false},"excerpt":{"rendered":"","protected":false},"author":241,"featured_media":0,"parent":0,"menu_order":0,"comment_status":"closed","ping_status":"closed","template":"","meta":{"footnotes":""},"class_list":["post-160","page","type-page","status-publish","hentry"],"_links":{"self":[{"href":"https:\/\/medieproduktion.lnu.se\/gazellen\/wp-json\/wp\/v2\/pages\/160","targetHints":{"allow":["GET"]}}],"collection":[{"href":"https:\/\/medieproduktion.lnu.se\/gazellen\/wp-json\/wp\/v2\/pages"}],"about":[{"href":"https:\/\/medieproduktion.lnu.se\/gazellen\/wp-json\/wp\/v2\/types\/page"}],"author":[{"embeddable":true,"href":"https:\/\/medieproduktion.lnu.se\/gazellen\/wp-json\/wp\/v2\/users\/241"}],"replies":[{"embeddable":true,"href":"https:\/\/medieproduktion.lnu.se\/gazellen\/wp-json\/wp\/v2\/comments?post=160"}],"version-history":[{"count":20,"href":"https:\/\/medieproduktion.lnu.se\/gazellen\/wp-json\/wp\/v2\/pages\/160\/revisions"}],"predecessor-version":[{"id":1160,"href":"https:\/\/medieproduktion.lnu.se\/gazellen\/wp-json\/wp\/v2\/pages\/160\/revisions\/1160"}],"wp:attachment":[{"href":"https:\/\/medieproduktion.lnu.se\/gazellen\/wp-json\/wp\/v2\/media?parent=160"}],"curies":[{"name":"wp","href":"https:\/\/api.w.org\/{rel}","templated":true}]}}