{"id":26,"date":"2020-02-04T11:22:27","date_gmt":"2020-02-04T10:22:27","guid":{"rendered":"http:\/\/medieproduktion.lnu.se\/1mp204vt20redaktion5\/?page_id=26"},"modified":"2020-02-04T13:07:39","modified_gmt":"2020-02-04T12:07:39","slug":"start","status":"publish","type":"page","link":"https:\/\/medieproduktion.lnu.se\/fokuskalmar\/","title":{"rendered":"Start"},"content":{"rendered":"\t\t<div data-elementor-type=\"wp-post\" data-elementor-id=\"26\" class=\"elementor elementor-26 elementor-bc-flex-widget\" data-elementor-post-type=\"page\">\n\t\t\t\t\t\t<section class=\"elementor-section elementor-top-section elementor-element elementor-element-83b54b8 elementor-section-boxed elementor-section-height-default elementor-section-height-default\" data-id=\"83b54b8\" data-element_type=\"section\">\n\t\t\t\t\t\t<div class=\"elementor-container elementor-column-gap-default\">\n\t\t\t\t\t<div class=\"elementor-column elementor-col-100 elementor-top-column elementor-element elementor-element-e4cc42c\" data-id=\"e4cc42c\" data-element_type=\"column\">\n\t\t\t<div class=\"elementor-widget-wrap elementor-element-populated\">\n\t\t\t\t\t\t<div class=\"elementor-element elementor-element-7120c42 elementor-grid-1 elementor-grid-tablet-2 elementor-grid-mobile-1 elementor-posts--thumbnail-top elementor-widget elementor-widget-posts\" data-id=\"7120c42\" data-element_type=\"widget\" data-settings=\"{&quot;classic_columns&quot;:&quot;1&quot;,&quot;classic_columns_tablet&quot;:&quot;2&quot;,&quot;classic_columns_mobile&quot;:&quot;1&quot;,&quot;classic_row_gap&quot;:{&quot;unit&quot;:&quot;px&quot;,&quot;size&quot;:35,&quot;sizes&quot;:[]},&quot;classic_row_gap_tablet&quot;:{&quot;unit&quot;:&quot;px&quot;,&quot;size&quot;:&quot;&quot;,&quot;sizes&quot;:[]},&quot;classic_row_gap_mobile&quot;:{&quot;unit&quot;:&quot;px&quot;,&quot;size&quot;:&quot;&quot;,&quot;sizes&quot;:[]}}\" data-widget_type=\"posts.classic\">\n\t\t\t\t<div class=\"elementor-widget-container\">\n\t\t\t\t\t\t\t<div class=\"elementor-posts-container elementor-posts elementor-posts--skin-classic elementor-grid\" role=\"list\">\n\t\t\t\t<article class=\"elementor-post elementor-grid-item post-1245 post type-post status-publish format-standard has-post-thumbnail hentry category-nyheter tag-kalmar-kommun tag-kalmar-tennishall tag-lov tag-sportlovet\" role=\"listitem\">\n\t\t\t\t<a class=\"elementor-post__thumbnail__link\" href=\"https:\/\/medieproduktion.lnu.se\/fokuskalmar\/2020\/02\/19\/sportlov-lockar-barn-till-nyfikenhet-och-aktivitet\/\" tabindex=\"-1\" >\n\t\t\t<div class=\"elementor-post__thumbnail\"><img fetchpriority=\"high\" decoding=\"async\" width=\"300\" height=\"200\" src=\"https:\/\/medieproduktion.lnu.se\/fokuskalmar\/wp-content\/uploads\/sites\/245\/2020\/02\/Tennis1-300x200.jpg\" class=\"attachment-medium size-medium wp-image-1282\" alt=\"Bild p\u00e5 gruppbarn som ska testa tennis.\" srcset=\"https:\/\/medieproduktion.lnu.se\/fokuskalmar\/wp-content\/uploads\/sites\/245\/2020\/02\/Tennis1-300x200.jpg 300w, https:\/\/medieproduktion.lnu.se\/fokuskalmar\/wp-content\/uploads\/sites\/245\/2020\/02\/Tennis1-768x512.jpg 768w, https:\/\/medieproduktion.lnu.se\/fokuskalmar\/wp-content\/uploads\/sites\/245\/2020\/02\/Tennis1-1024x683.jpg 1024w, https:\/\/medieproduktion.lnu.se\/fokuskalmar\/wp-content\/uploads\/sites\/245\/2020\/02\/Tennis1.jpg 1200w\" sizes=\"(max-width: 300px) 100vw, 300px\" \/><\/div>\n\t\t<\/a>\n\t\t\t\t<div class=\"elementor-post__text\">\n\t\t\t\t<h3 class=\"elementor-post__title\">\n\t\t\t<a href=\"https:\/\/medieproduktion.lnu.se\/fokuskalmar\/2020\/02\/19\/sportlov-lockar-barn-till-nyfikenhet-och-aktivitet\/\" >\n\t\t\t\tSportlov lockar barn till nyfikenhet och aktivitet\t\t\t<\/a>\n\t\t<\/h3>\n\t\t\t\t<div class=\"elementor-post__meta-data\">\n\t\t\t\t\t<span class=\"elementor-post-author\">\n\t\t\tJonathan Sj\u00f6din\t\t<\/span>\n\t\t\t\t<span class=\"elementor-post-date\">\n\t\t\t19 februari, 2020\t\t<\/span>\n\t\t\t\t<\/div>\n\t\t\t\t<div class=\"elementor-post__excerpt\">\n\t\t\t<p>Kalmar Tennisklubb arrangerar en prova p\u00e5 dag under lovet: &#8221;Det \u00e4r roligt att kunna f\u00e5 ungdomarna att aktivera sig och h\u00e5lla p\u00e5 med n\u00e5gon idrott.&#8221;.<\/p>\n\t\t<\/div>\n\t\t\t\t<\/div>\n\t\t\t\t<\/article>\n\t\t\t\t<\/div>\n\t\t\n\t\t\t\t\t\t<\/div>\n\t\t\t\t<\/div>\n\t\t\t\t<div class=\"elementor-element elementor-element-87fabc4 elementor-widget-divider--view-line elementor-widget elementor-widget-divider\" data-id=\"87fabc4\" data-element_type=\"widget\" data-widget_type=\"divider.default\">\n\t\t\t\t<div class=\"elementor-widget-container\">\n\t\t\t\t\t\t\t<div class=\"elementor-divider\">\n\t\t\t<span class=\"elementor-divider-separator\">\n\t\t\t\t\t\t<\/span>\n\t\t<\/div>\n\t\t\t\t\t\t<\/div>\n\t\t\t\t<\/div>\n\t\t\t\t<div class=\"elementor-element elementor-element-6f4f555 elementor-grid-2 elementor-grid-tablet-2 elementor-grid-mobile-1 elementor-posts--thumbnail-top elementor-widget elementor-widget-posts\" data-id=\"6f4f555\" data-element_type=\"widget\" data-settings=\"{&quot;classic_columns&quot;:&quot;2&quot;,&quot;classic_columns_tablet&quot;:&quot;2&quot;,&quot;classic_columns_mobile&quot;:&quot;1&quot;,&quot;classic_row_gap&quot;:{&quot;unit&quot;:&quot;px&quot;,&quot;size&quot;:35,&quot;sizes&quot;:[]},&quot;classic_row_gap_tablet&quot;:{&quot;unit&quot;:&quot;px&quot;,&quot;size&quot;:&quot;&quot;,&quot;sizes&quot;:[]},&quot;classic_row_gap_mobile&quot;:{&quot;unit&quot;:&quot;px&quot;,&quot;size&quot;:&quot;&quot;,&quot;sizes&quot;:[]}}\" data-widget_type=\"posts.classic\">\n\t\t\t\t<div class=\"elementor-widget-container\">\n\t\t\t\t\t\t\t<div class=\"elementor-posts-container elementor-posts elementor-posts--skin-classic elementor-grid\" role=\"list\">\n\t\t\t\t<article class=\"elementor-post elementor-grid-item post-1242 post type-post status-publish format-standard has-post-thumbnail hentry category-nyheter tag-hast tag-kalmar tag-ponny tag-ridning tag-trav\" role=\"listitem\">\n\t\t\t\t<a class=\"elementor-post__thumbnail__link\" href=\"https:\/\/medieproduktion.lnu.se\/fokuskalmar\/2020\/02\/19\/lyckad-dag-pa-kalmartravet-trots-regn-och-kyla\/\" tabindex=\"-1\" >\n\t\t\t<div class=\"elementor-post__thumbnail\"><img decoding=\"async\" width=\"300\" height=\"200\" src=\"https:\/\/medieproduktion.lnu.se\/fokuskalmar\/wp-content\/uploads\/sites\/245\/2020\/02\/kalmartrav1-300x200.jpg\" class=\"attachment-medium size-medium wp-image-1243\" alt=\"tv\u00e5 tjejer som g\u00f6r ska ut och rida\" srcset=\"https:\/\/medieproduktion.lnu.se\/fokuskalmar\/wp-content\/uploads\/sites\/245\/2020\/02\/kalmartrav1-300x200.jpg 300w, https:\/\/medieproduktion.lnu.se\/fokuskalmar\/wp-content\/uploads\/sites\/245\/2020\/02\/kalmartrav1-768x512.jpg 768w, https:\/\/medieproduktion.lnu.se\/fokuskalmar\/wp-content\/uploads\/sites\/245\/2020\/02\/kalmartrav1-1024x683.jpg 1024w, https:\/\/medieproduktion.lnu.se\/fokuskalmar\/wp-content\/uploads\/sites\/245\/2020\/02\/kalmartrav1.jpg 1200w\" sizes=\"(max-width: 300px) 100vw, 300px\" \/><\/div>\n\t\t<\/a>\n\t\t\t\t<div class=\"elementor-post__text\">\n\t\t\t\t<h3 class=\"elementor-post__title\">\n\t\t\t<a href=\"https:\/\/medieproduktion.lnu.se\/fokuskalmar\/2020\/02\/19\/lyckad-dag-pa-kalmartravet-trots-regn-och-kyla\/\" >\n\t\t\t\tLyckad dag p\u00e5 Kalmartravet trots regn och kyla\t\t\t<\/a>\n\t\t<\/h3>\n\t\t\t\t<div class=\"elementor-post__meta-data\">\n\t\t\t\t\t<span class=\"elementor-post-author\">\n\t\t\tEddie Jonsson\t\t<\/span>\n\t\t\t\t<span class=\"elementor-post-date\">\n\t\t\t19 februari, 2020\t\t<\/span>\n\t\t\t\t<\/div>\n\t\t\t\t<div class=\"elementor-post__excerpt\">\n\t\t\t<p>Vi bes\u00f6kte Kalmartravet under Sportlovet som bj\u00f6d p\u00e5 en m\u00e4ngd olika aktiviteter. <\/p>\n\t\t<\/div>\n\t\t\t\t<\/div>\n\t\t\t\t<\/article>\n\t\t\t\t<article class=\"elementor-post elementor-grid-item post-1152 post type-post status-publish format-standard has-post-thumbnail hentry category-webb-tv tag-abonnemangstjanster tag-bocker tag-bok tag-bokforsaljningen tag-digitala tag-svenska-bokhandlareforeningen tag-svenska-forlaggareforeningen\" role=\"listitem\">\n\t\t\t\t<a class=\"elementor-post__thumbnail__link\" href=\"https:\/\/medieproduktion.lnu.se\/fokuskalmar\/2020\/02\/19\/bokforsaljningen-i-sverige-okar-genom-digitala-tjanster\/\" tabindex=\"-1\" >\n\t\t\t<div class=\"elementor-post__thumbnail\"><img decoding=\"async\" width=\"300\" height=\"200\" src=\"https:\/\/medieproduktion.lnu.se\/fokuskalmar\/wp-content\/uploads\/sites\/245\/2020\/02\/webbtv-foto-300x200.jpg\" class=\"attachment-medium size-medium wp-image-1250\" alt=\"B\u00f6cker p\u00e5 hylla\" srcset=\"https:\/\/medieproduktion.lnu.se\/fokuskalmar\/wp-content\/uploads\/sites\/245\/2020\/02\/webbtv-foto-300x200.jpg 300w, https:\/\/medieproduktion.lnu.se\/fokuskalmar\/wp-content\/uploads\/sites\/245\/2020\/02\/webbtv-foto-768x512.jpg 768w, https:\/\/medieproduktion.lnu.se\/fokuskalmar\/wp-content\/uploads\/sites\/245\/2020\/02\/webbtv-foto-1024x683.jpg 1024w, https:\/\/medieproduktion.lnu.se\/fokuskalmar\/wp-content\/uploads\/sites\/245\/2020\/02\/webbtv-foto.jpg 1200w\" sizes=\"(max-width: 300px) 100vw, 300px\" \/><\/div>\n\t\t<\/a>\n\t\t\t\t<div class=\"elementor-post__text\">\n\t\t\t\t<h3 class=\"elementor-post__title\">\n\t\t\t<a href=\"https:\/\/medieproduktion.lnu.se\/fokuskalmar\/2020\/02\/19\/bokforsaljningen-i-sverige-okar-genom-digitala-tjanster\/\" >\n\t\t\t\tBokf\u00f6rs\u00e4ljningen i Sverige \u00f6kar &#8211; genom digitala tj\u00e4nster\t\t\t<\/a>\n\t\t<\/h3>\n\t\t\t\t<div class=\"elementor-post__meta-data\">\n\t\t\t\t\t<span class=\"elementor-post-author\">\n\t\t\tJonathan Sj\u00f6din\t\t<\/span>\n\t\t\t\t<span class=\"elementor-post-date\">\n\t\t\t19 februari, 2020\t\t<\/span>\n\t\t\t\t<\/div>\n\t\t\t\t<div class=\"elementor-post__excerpt\">\n\t\t\t<p>\u00d6kningen beror p\u00e5 digitala abonnemangstj\u00e4nster. Den fysiska boken forts\u00e4tter att minska i f\u00f6rs\u00e4ljning.<\/p>\n\t\t<\/div>\n\t\t\t\t<\/div>\n\t\t\t\t<\/article>\n\t\t\t\t<\/div>\n\t\t\n\t\t\t\t\t\t<\/div>\n\t\t\t\t<\/div>\n\t\t\t\t\t<\/div>\n\t\t<\/div>\n\t\t\t\t\t<\/div>\n\t\t<\/section>\n\t\t\t\t<\/div>\n\t\t","protected":false},"excerpt":{"rendered":"","protected":false},"author":221,"featured_media":0,"parent":0,"menu_order":0,"comment_status":"closed","ping_status":"closed","template":"","meta":{"footnotes":""},"class_list":["post-26","page","type-page","status-publish","hentry"],"_links":{"self":[{"href":"https:\/\/medieproduktion.lnu.se\/fokuskalmar\/wp-json\/wp\/v2\/pages\/26","targetHints":{"allow":["GET"]}}],"collection":[{"href":"https:\/\/medieproduktion.lnu.se\/fokuskalmar\/wp-json\/wp\/v2\/pages"}],"about":[{"href":"https:\/\/medieproduktion.lnu.se\/fokuskalmar\/wp-json\/wp\/v2\/types\/page"}],"author":[{"embeddable":true,"href":"https:\/\/medieproduktion.lnu.se\/fokuskalmar\/wp-json\/wp\/v2\/users\/221"}],"replies":[{"embeddable":true,"href":"https:\/\/medieproduktion.lnu.se\/fokuskalmar\/wp-json\/wp\/v2\/comments?post=26"}],"version-history":[{"count":3,"href":"https:\/\/medieproduktion.lnu.se\/fokuskalmar\/wp-json\/wp\/v2\/pages\/26\/revisions"}],"predecessor-version":[{"id":76,"href":"https:\/\/medieproduktion.lnu.se\/fokuskalmar\/wp-json\/wp\/v2\/pages\/26\/revisions\/76"}],"wp:attachment":[{"href":"https:\/\/medieproduktion.lnu.se\/fokuskalmar\/wp-json\/wp\/v2\/media?parent=26"}],"curies":[{"name":"wp","href":"https:\/\/api.w.org\/{rel}","templated":true}]}}