{"id":8,"date":"2019-03-12T09:22:23","date_gmt":"2019-03-12T08:22:23","guid":{"rendered":"http:\/\/medieproduktion.lnu.se\/grupp2b\/?page_id=8"},"modified":"2019-03-18T15:27:30","modified_gmt":"2019-03-18T14:27:30","slug":"startsida","status":"publish","type":"page","link":"https:\/\/medieproduktion.lnu.se\/calmarecorren\/","title":{"rendered":""},"content":{"rendered":"\t\t<div data-elementor-type=\"wp-post\" data-elementor-id=\"8\" class=\"elementor elementor-8 elementor-bc-flex-widget\" data-elementor-post-type=\"page\">\n\t\t\t\t\t\t<section class=\"elementor-section elementor-top-section elementor-element elementor-element-cf0da63 elementor-section-boxed elementor-section-height-default elementor-section-height-default\" data-id=\"cf0da63\" data-element_type=\"section\">\n\t\t\t\t\t\t<div class=\"elementor-container elementor-column-gap-default\">\n\t\t\t\t\t<div class=\"elementor-column elementor-col-100 elementor-top-column elementor-element elementor-element-5b6392e\" data-id=\"5b6392e\" data-element_type=\"column\">\n\t\t\t<div class=\"elementor-widget-wrap elementor-element-populated\">\n\t\t\t\t\t\t<div class=\"elementor-element elementor-element-380bfa1 elementor-widget elementor-widget-heading\" data-id=\"380bfa1\" data-element_type=\"widget\" data-widget_type=\"heading.default\">\n\t\t\t\t<div class=\"elementor-widget-container\">\n\t\t\t\t\t<h2 class=\"elementor-heading-title elementor-size-default\"><a href=\"http:\/\/medieproduktion.lnu.se\/calmarecorren\/category\/startsida\/\">Oj! Just nu \u00e4r det m\u00e5nga som bes\u00f6ker CalmareCorren. <br>Klicka h\u00e4r f\u00f6r att ladda om sidan.<\/a><\/h2>\t\t\t\t<\/div>\n\t\t\t\t<\/div>\n\t\t\t\t<div class=\"elementor-element elementor-element-116f680 elementor-widget elementor-widget-image\" data-id=\"116f680\" data-element_type=\"widget\" data-widget_type=\"image.default\">\n\t\t\t\t<div class=\"elementor-widget-container\">\n\t\t\t\t\t\t\t\t\t\t\t\t\t\t\t\t<a href=\"http:\/\/medieproduktion.lnu.se\/calmarecorren\/category\/startsida\/\">\n\t\t\t\t\t\t\t<img fetchpriority=\"high\" decoding=\"async\" width=\"308\" height=\"361\" src=\"https:\/\/medieproduktion.lnu.se\/calmarecorren\/wp-content\/uploads\/sites\/89\/2019\/03\/glaslogga.png\" class=\"attachment-large size-large wp-image-437\" alt=\"glas\u00f6ga\" srcset=\"https:\/\/medieproduktion.lnu.se\/calmarecorren\/wp-content\/uploads\/sites\/89\/2019\/03\/glaslogga.png 308w, https:\/\/medieproduktion.lnu.se\/calmarecorren\/wp-content\/uploads\/sites\/89\/2019\/03\/glaslogga-256x300.png 256w\" sizes=\"(max-width: 308px) 100vw, 308px\" \/>\t\t\t\t\t\t\t\t<\/a>\n\t\t\t\t\t\t\t\t\t\t\t\t\t\t\t<\/div>\n\t\t\t\t<\/div>\n\t\t\t\t\t<\/div>\n\t\t<\/div>\n\t\t\t\t\t<\/div>\n\t\t<\/section>\n\t\t\t\t<section class=\"elementor-section elementor-top-section elementor-element elementor-element-060064b elementor-section-boxed elementor-section-height-default elementor-section-height-default\" data-id=\"060064b\" data-element_type=\"section\">\n\t\t\t\t\t\t<div class=\"elementor-container elementor-column-gap-default\">\n\t\t\t\t\t<div class=\"elementor-column elementor-col-100 elementor-top-column elementor-element elementor-element-1f38eb4\" data-id=\"1f38eb4\" data-element_type=\"column\">\n\t\t\t<div class=\"elementor-widget-wrap\">\n\t\t\t\t\t\t\t<\/div>\n\t\t<\/div>\n\t\t\t\t\t<\/div>\n\t\t<\/section>\n\t\t\t\t<\/div>\n\t\t","protected":false},"excerpt":{"rendered":"<p>Oj! Just nu \u00e4r det m\u00e5nga som bes\u00f6ker CalmareCorren. Klicka h\u00e4r f\u00f6r att ladda om sidan.<\/p>\n","protected":false},"author":65,"featured_media":0,"parent":0,"menu_order":0,"comment_status":"closed","ping_status":"closed","template":"","meta":{"footnotes":""},"class_list":["post-8","page","type-page","status-publish"],"_links":{"self":[{"href":"https:\/\/medieproduktion.lnu.se\/calmarecorren\/wp-json\/wp\/v2\/pages\/8","targetHints":{"allow":["GET"]}}],"collection":[{"href":"https:\/\/medieproduktion.lnu.se\/calmarecorren\/wp-json\/wp\/v2\/pages"}],"about":[{"href":"https:\/\/medieproduktion.lnu.se\/calmarecorren\/wp-json\/wp\/v2\/types\/page"}],"author":[{"embeddable":true,"href":"https:\/\/medieproduktion.lnu.se\/calmarecorren\/wp-json\/wp\/v2\/users\/65"}],"replies":[{"embeddable":true,"href":"https:\/\/medieproduktion.lnu.se\/calmarecorren\/wp-json\/wp\/v2\/comments?post=8"}],"version-history":[{"count":62,"href":"https:\/\/medieproduktion.lnu.se\/calmarecorren\/wp-json\/wp\/v2\/pages\/8\/revisions"}],"predecessor-version":[{"id":964,"href":"https:\/\/medieproduktion.lnu.se\/calmarecorren\/wp-json\/wp\/v2\/pages\/8\/revisions\/964"}],"wp:attachment":[{"href":"https:\/\/medieproduktion.lnu.se\/calmarecorren\/wp-json\/wp\/v2\/media?parent=8"}],"curies":[{"name":"wp","href":"https:\/\/api.w.org\/{rel}","templated":true}]}}