{"id":11,"date":"2021-03-10T12:59:29","date_gmt":"2021-03-10T11:59:29","guid":{"rendered":"http:\/\/medieproduktion.lnu.se\/redaktion6b\/?page_id=11"},"modified":"2021-03-25T22:54:42","modified_gmt":"2021-03-25T21:54:42","slug":"kontakt","status":"publish","type":"page","link":"https:\/\/medieproduktion.lnu.se\/brobladet\/kontakt\/","title":{"rendered":""},"content":{"rendered":"\t\t<div data-elementor-type=\"wp-post\" data-elementor-id=\"11\" class=\"elementor elementor-11 elementor-bc-flex-widget\" data-elementor-post-type=\"page\">\n\t\t\t\t\t\t<section class=\"elementor-section elementor-top-section elementor-element elementor-element-63e6b82c elementor-section-boxed elementor-section-height-default elementor-section-height-default\" data-id=\"63e6b82c\" data-element_type=\"section\">\n\t\t\t\t\t\t<div class=\"elementor-container elementor-column-gap-default\">\n\t\t\t\t\t<div class=\"elementor-column elementor-col-100 elementor-top-column elementor-element elementor-element-7eb847d9\" data-id=\"7eb847d9\" data-element_type=\"column\">\n\t\t\t<div class=\"elementor-widget-wrap elementor-element-populated\">\n\t\t\t\t\t\t<div class=\"elementor-element elementor-element-b90658a elementor-widget elementor-widget-heading\" data-id=\"b90658a\" data-element_type=\"widget\" data-widget_type=\"heading.default\">\n\t\t\t\t<div class=\"elementor-widget-container\">\n\t\t\t\t\t<h2 class=\"elementor-heading-title elementor-size-default\">Redaktionen<\/h2>\t\t\t\t<\/div>\n\t\t\t\t<\/div>\n\t\t\t\t<div class=\"elementor-element elementor-element-38921e9 elementor-widget elementor-widget-text-editor\" data-id=\"38921e9\" data-element_type=\"widget\" data-widget_type=\"text-editor.default\">\n\t\t\t\t<div class=\"elementor-widget-container\">\n\t\t\t\t\t\t\t\t\t<h2 style=\"text-align: center;\"><strong>Om oss<\/strong><\/h2><p style=\"text-align: center;\">Brobladet \u00e4r en oberoende webbtidning som fokuserar p\u00e5 att ge er de senaste lokalnyheterna fr\u00e5n Sm\u00e5land och \u00d6land av kvalit\u00e9. <br \/>V\u00e5r vision \u00e4r att Brobladet ska vara en tidning f\u00f6r alla, inget \u00e4r f\u00f6r stort eller litet f\u00f6r Brobladets redaktion.<\/p><p style=\"text-align: center;\">Redaktionen best\u00e5r av fem stycken journaliststudenter som inriktar sig p\u00e5 olika nyhetsomr\u00e5den.\u00a0<\/p><p style=\"text-align: center;\">Har du n\u00e5gra tips eller funderingar?<br \/>Tveka inte p\u00e5 att h\u00f6ra av dig till oss!<\/p><p style=\"text-align: center;\"><strong>E-post: <span style=\"color: #ffffff;\"><a style=\"color: #ffffff;\" href=\"mailto:kontakt.brobladet@gmail.com\" target=\"_blank\" rel=\"noopener\">brobladet.kontakt@gmail.com<\/a><\/span><\/strong><\/p>\t\t\t\t\t\t\t\t<\/div>\n\t\t\t\t<\/div>\n\t\t\t\t<section class=\"elementor-section elementor-inner-section elementor-element elementor-element-85fa0f0 elementor-section-boxed elementor-section-height-default elementor-section-height-default\" data-id=\"85fa0f0\" data-element_type=\"section\">\n\t\t\t\t\t\t<div class=\"elementor-container elementor-column-gap-default\">\n\t\t\t\t\t<div class=\"elementor-column elementor-col-50 elementor-inner-column elementor-element elementor-element-17b53e3\" data-id=\"17b53e3\" data-element_type=\"column\">\n\t\t\t<div class=\"elementor-widget-wrap elementor-element-populated\">\n\t\t\t\t\t\t<div class=\"elementor-element elementor-element-336581d elementor-widget elementor-widget-text-editor\" data-id=\"336581d\" data-element_type=\"widget\" data-widget_type=\"text-editor.default\">\n\t\t\t\t<div class=\"elementor-widget-container\">\n\t\t\t\t\t\t\t\t\t<h2>Simone Svensson<\/h2><p>Simone \u00e4r Brobladets nyhetsreporter med fokus p\u00e5 kultur och n\u00f6je. Simone kommer hela v\u00e4gen ifr\u00e5n Stockholm och har ett stort intresse f\u00f6r musik.\u00a0<\/p><h4>Kontakt<\/h4><p><span style=\"font-family: inherit; font-size: 15px; font-style: inherit;\">Fr\u00e5gor eller tips? Mejla eller ring p\u00e5:<\/span><\/p><p>E-post:\u00a0<a href=\"mailto:ss224rj@student.lnu.se\" target=\"_blank\" rel=\"noopener\">ss224rj@student.lnu.se<\/a><\/p><p>Telefon: 073-620 13 20<\/p><p>\u00a0<\/p>\t\t\t\t\t\t\t\t<\/div>\n\t\t\t\t<\/div>\n\t\t\t\t\t<\/div>\n\t\t<\/div>\n\t\t\t\t<div class=\"elementor-column elementor-col-50 elementor-inner-column elementor-element elementor-element-e2ba4db\" data-id=\"e2ba4db\" data-element_type=\"column\">\n\t\t\t<div class=\"elementor-widget-wrap elementor-element-populated\">\n\t\t\t\t\t\t<div class=\"elementor-element elementor-element-068b1fe elementor-widget elementor-widget-image\" data-id=\"068b1fe\" data-element_type=\"widget\" data-widget_type=\"image.default\">\n\t\t\t\t<div class=\"elementor-widget-container\">\n\t\t\t\t\t\t\t\t\t\t\t\t\t\t\t<img fetchpriority=\"high\" decoding=\"async\" width=\"500\" height=\"530\" src=\"https:\/\/medieproduktion.lnu.se\/brobladet\/wp-content\/uploads\/sites\/519\/2021\/03\/IMG_2146.jpg\" class=\"attachment-large size-large wp-image-259\" alt=\"Portr\u00e4ttbild p\u00e5 Simone. Hon ler mot kameran och har en svart stickad tr\u00f6ja p\u00e5 sig. Bakgrunden \u00e4r vit.\" srcset=\"https:\/\/medieproduktion.lnu.se\/brobladet\/wp-content\/uploads\/sites\/519\/2021\/03\/IMG_2146.jpg 500w, https:\/\/medieproduktion.lnu.se\/brobladet\/wp-content\/uploads\/sites\/519\/2021\/03\/IMG_2146-283x300.jpg 283w\" sizes=\"(max-width: 500px) 100vw, 500px\" \/>\t\t\t\t\t\t\t\t\t\t\t\t\t\t\t<\/div>\n\t\t\t\t<\/div>\n\t\t\t\t\t<\/div>\n\t\t<\/div>\n\t\t\t\t\t<\/div>\n\t\t<\/section>\n\t\t\t\t<div class=\"elementor-element elementor-element-28305e5 elementor-widget-divider--view-line elementor-widget elementor-widget-divider\" data-id=\"28305e5\" data-element_type=\"widget\" data-widget_type=\"divider.default\">\n\t\t\t\t<div class=\"elementor-widget-container\">\n\t\t\t\t\t\t\t<div class=\"elementor-divider\">\n\t\t\t<span class=\"elementor-divider-separator\">\n\t\t\t\t\t\t<\/span>\n\t\t<\/div>\n\t\t\t\t\t\t<\/div>\n\t\t\t\t<\/div>\n\t\t\t\t<section class=\"elementor-section elementor-inner-section elementor-element elementor-element-e87e4b7 elementor-section-boxed elementor-section-height-default elementor-section-height-default\" data-id=\"e87e4b7\" data-element_type=\"section\">\n\t\t\t\t\t\t<div class=\"elementor-container elementor-column-gap-default\">\n\t\t\t\t\t<div class=\"elementor-column elementor-col-50 elementor-inner-column elementor-element elementor-element-d9dbff6\" data-id=\"d9dbff6\" data-element_type=\"column\">\n\t\t\t<div class=\"elementor-widget-wrap elementor-element-populated\">\n\t\t\t\t\t\t<div class=\"elementor-element elementor-element-a4fb7f2 elementor-widget elementor-widget-text-editor\" data-id=\"a4fb7f2\" data-element_type=\"widget\" data-widget_type=\"text-editor.default\">\n\t\t\t\t<div class=\"elementor-widget-container\">\n\t\t\t\t\t\t\t\t\t<h2 style=\"font-family: Georgia, sans-serif; font-style: normal;\">Leonard Ulander<\/h2><p style=\"font-family: Georgia, sans-serif;\">Leonard \u00e4r Brobladets nyhetsreporter och ger er det senaste inom kultur och sport. Leonard bor i Kalmar men kommer hela v\u00e4gen ifr\u00e5n G\u00f6teborg och tycker mycket om film.\u00a0<\/p><h4 style=\"font-family: Georgia, sans-serif; font-style: normal;\">Kontakt<\/h4><p style=\"font-family: Georgia, sans-serif;\"><span style=\"font-family: inherit; font-style: inherit;\">Fr\u00e5gor eller tips? Mejla eller ring p\u00e5:<\/span><\/p><p style=\"font-family: Georgia, sans-serif;\">E-post:\u00a0<a href=\"mailto:lu222br@student.lnu.se\" target=\"_blank\" rel=\"noopener\">lu222br@student.lnu.se<\/a><\/p><p style=\"font-family: Georgia, sans-serif;\">Telefon: 073-559 49 23<\/p>\t\t\t\t\t\t\t\t<\/div>\n\t\t\t\t<\/div>\n\t\t\t\t\t<\/div>\n\t\t<\/div>\n\t\t\t\t<div class=\"elementor-column elementor-col-50 elementor-inner-column elementor-element elementor-element-33743da\" data-id=\"33743da\" data-element_type=\"column\">\n\t\t\t<div class=\"elementor-widget-wrap elementor-element-populated\">\n\t\t\t\t\t\t<div class=\"elementor-element elementor-element-2d8b54a elementor-widget elementor-widget-image\" data-id=\"2d8b54a\" data-element_type=\"widget\" data-widget_type=\"image.default\">\n\t\t\t\t<div class=\"elementor-widget-container\">\n\t\t\t\t\t\t\t\t\t\t\t\t\t\t\t<img decoding=\"async\" width=\"500\" height=\"530\" src=\"https:\/\/medieproduktion.lnu.se\/brobladet\/wp-content\/uploads\/sites\/519\/2021\/03\/IMG_2147.jpg\" class=\"attachment-large size-large wp-image-261\" alt=\"Portr\u00e4ttbild p\u00e5 Leonard. Han ler mot kameran och har en svart tr\u00f6ja p\u00e5 sig. Bakgrunden \u00e4r vit.\" srcset=\"https:\/\/medieproduktion.lnu.se\/brobladet\/wp-content\/uploads\/sites\/519\/2021\/03\/IMG_2147.jpg 500w, https:\/\/medieproduktion.lnu.se\/brobladet\/wp-content\/uploads\/sites\/519\/2021\/03\/IMG_2147-283x300.jpg 283w\" sizes=\"(max-width: 500px) 100vw, 500px\" \/>\t\t\t\t\t\t\t\t\t\t\t\t\t\t\t<\/div>\n\t\t\t\t<\/div>\n\t\t\t\t\t<\/div>\n\t\t<\/div>\n\t\t\t\t\t<\/div>\n\t\t<\/section>\n\t\t\t\t<div class=\"elementor-element elementor-element-4c3c655 elementor-widget-divider--view-line elementor-widget elementor-widget-divider\" data-id=\"4c3c655\" data-element_type=\"widget\" data-widget_type=\"divider.default\">\n\t\t\t\t<div class=\"elementor-widget-container\">\n\t\t\t\t\t\t\t<div class=\"elementor-divider\">\n\t\t\t<span class=\"elementor-divider-separator\">\n\t\t\t\t\t\t<\/span>\n\t\t<\/div>\n\t\t\t\t\t\t<\/div>\n\t\t\t\t<\/div>\n\t\t\t\t<section class=\"elementor-section elementor-inner-section elementor-element elementor-element-2b50aea elementor-section-boxed elementor-section-height-default elementor-section-height-default\" data-id=\"2b50aea\" data-element_type=\"section\">\n\t\t\t\t\t\t<div class=\"elementor-container elementor-column-gap-default\">\n\t\t\t\t\t<div class=\"elementor-column elementor-col-50 elementor-inner-column elementor-element elementor-element-7558cc4\" data-id=\"7558cc4\" data-element_type=\"column\">\n\t\t\t<div class=\"elementor-widget-wrap elementor-element-populated\">\n\t\t\t\t\t\t<div class=\"elementor-element elementor-element-4737e61 elementor-widget elementor-widget-text-editor\" data-id=\"4737e61\" data-element_type=\"widget\" data-widget_type=\"text-editor.default\">\n\t\t\t\t<div class=\"elementor-widget-container\">\n\t\t\t\t\t\t\t\t\t<h2 style=\"font-family: Georgia, sans-serif; font-style: normal;\">Elsa Wiener<\/h2><p style=\"font-family: Georgia, sans-serif;\">Elsa \u00e4r Brobladets nyhetsreporter och bevakar det senaste inom bl\u00e5ljus. Elsa kommer ifr\u00e5n studentstaden Lund och p\u00e5 fritiden tycker hon om att se p\u00e5 serier och lyssna p\u00e5 musik.<\/p><h4 style=\"font-family: Georgia, sans-serif; font-style: normal;\">Kontakt<\/h4><p style=\"font-family: Georgia, sans-serif;\"><span style=\"font-family: inherit; font-style: inherit;\">Fr\u00e5gor eller tips? Mejla eller ring p\u00e5:<\/span><\/p><p style=\"font-family: Georgia, sans-serif;\">E-post:\u00a0<a href=\"mailto:lu222br@student.lnu.se\" target=\"_blank\" rel=\"noopener\">ew222wx@student.lnu.se<\/a><\/p><p style=\"font-family: Georgia, sans-serif;\">Telefon: 076-321 52 25<\/p>\t\t\t\t\t\t\t\t<\/div>\n\t\t\t\t<\/div>\n\t\t\t\t\t<\/div>\n\t\t<\/div>\n\t\t\t\t<div class=\"elementor-column elementor-col-50 elementor-inner-column elementor-element elementor-element-abccaf3\" data-id=\"abccaf3\" data-element_type=\"column\">\n\t\t\t<div class=\"elementor-widget-wrap elementor-element-populated\">\n\t\t\t\t\t\t<div class=\"elementor-element elementor-element-80aa0a6 elementor-widget elementor-widget-image\" data-id=\"80aa0a6\" data-element_type=\"widget\" data-widget_type=\"image.default\">\n\t\t\t\t<div class=\"elementor-widget-container\">\n\t\t\t\t\t\t\t\t\t\t\t\t\t\t\t<img decoding=\"async\" width=\"500\" height=\"530\" src=\"https:\/\/medieproduktion.lnu.se\/brobladet\/wp-content\/uploads\/sites\/519\/2021\/03\/IMG_2148.jpg\" class=\"attachment-large size-large wp-image-262\" alt=\"Portr\u00e4ttbild p\u00e5 Elsa. Hon ler mot kameran och har en svart tr\u00f6ja p\u00e5 sig. Bakgrunden \u00e4r vit.\" srcset=\"https:\/\/medieproduktion.lnu.se\/brobladet\/wp-content\/uploads\/sites\/519\/2021\/03\/IMG_2148.jpg 500w, https:\/\/medieproduktion.lnu.se\/brobladet\/wp-content\/uploads\/sites\/519\/2021\/03\/IMG_2148-283x300.jpg 283w\" sizes=\"(max-width: 500px) 100vw, 500px\" \/>\t\t\t\t\t\t\t\t\t\t\t\t\t\t\t<\/div>\n\t\t\t\t<\/div>\n\t\t\t\t\t<\/div>\n\t\t<\/div>\n\t\t\t\t\t<\/div>\n\t\t<\/section>\n\t\t\t\t<div class=\"elementor-element elementor-element-45f3a0c elementor-widget-divider--view-line elementor-widget elementor-widget-divider\" data-id=\"45f3a0c\" data-element_type=\"widget\" data-widget_type=\"divider.default\">\n\t\t\t\t<div class=\"elementor-widget-container\">\n\t\t\t\t\t\t\t<div class=\"elementor-divider\">\n\t\t\t<span class=\"elementor-divider-separator\">\n\t\t\t\t\t\t<\/span>\n\t\t<\/div>\n\t\t\t\t\t\t<\/div>\n\t\t\t\t<\/div>\n\t\t\t\t<section class=\"elementor-section elementor-inner-section elementor-element elementor-element-afe97ab elementor-section-boxed elementor-section-height-default elementor-section-height-default\" data-id=\"afe97ab\" data-element_type=\"section\">\n\t\t\t\t\t\t<div class=\"elementor-container elementor-column-gap-default\">\n\t\t\t\t\t<div class=\"elementor-column elementor-col-50 elementor-inner-column elementor-element elementor-element-1d5dc08\" data-id=\"1d5dc08\" data-element_type=\"column\">\n\t\t\t<div class=\"elementor-widget-wrap elementor-element-populated\">\n\t\t\t\t\t\t<div class=\"elementor-element elementor-element-f34a3ac elementor-widget elementor-widget-text-editor\" data-id=\"f34a3ac\" data-element_type=\"widget\" data-widget_type=\"text-editor.default\">\n\t\t\t\t<div class=\"elementor-widget-container\">\n\t\t\t\t\t\t\t\t\t<h2 style=\"font-family: Georgia, sans-serif; font-style: normal;\">Joacim Andersson<\/h2><p style=\"font-family: Georgia, sans-serif;\">Joacim \u00e4r Brobladets nyhetsreporter och h\u00e5ller er uppdaterade p\u00e5 vad som h\u00e4nder p\u00e5 \u00d6land. Joacim bodde tidigare i Katrineholm men bor numera p\u00e5 \u00d6land, med ett stort intresse f\u00f6r musik och comedy.<\/p><h4 style=\"font-family: Georgia, sans-serif; font-style: normal;\">Kontakt<\/h4><p style=\"font-family: Georgia, sans-serif;\"><span style=\"font-family: inherit; font-style: inherit;\">Fr\u00e5gor eller tips? Mejla eller ring p\u00e5:<\/span><\/p><p style=\"font-family: Georgia, sans-serif;\">E-post:\u00a0<br \/><a href=\"mailto:ja224kp@student.lnu.se\" target=\"_blank\" rel=\"noopener\">ja224kp@student.lnu.se<\/a><\/p><p style=\"font-family: Georgia, sans-serif;\">Telefon: 072-532 26 61<\/p>\t\t\t\t\t\t\t\t<\/div>\n\t\t\t\t<\/div>\n\t\t\t\t\t<\/div>\n\t\t<\/div>\n\t\t\t\t<div class=\"elementor-column elementor-col-50 elementor-inner-column elementor-element elementor-element-d28455a\" data-id=\"d28455a\" data-element_type=\"column\">\n\t\t\t<div class=\"elementor-widget-wrap elementor-element-populated\">\n\t\t\t\t\t\t<div class=\"elementor-element elementor-element-baa6eee elementor-widget elementor-widget-image\" data-id=\"baa6eee\" data-element_type=\"widget\" data-widget_type=\"image.default\">\n\t\t\t\t<div class=\"elementor-widget-container\">\n\t\t\t\t\t\t\t\t\t\t\t\t\t\t\t<img loading=\"lazy\" decoding=\"async\" width=\"500\" height=\"530\" src=\"https:\/\/medieproduktion.lnu.se\/brobladet\/wp-content\/uploads\/sites\/519\/2021\/03\/IMG_2149.jpg\" class=\"attachment-large size-large wp-image-263\" alt=\"Portr\u00e4ttbild p\u00e5 Joacim. Han ler mot kameran och har en svart tr\u00f6ja p\u00e5 sig. Bakgrunden \u00e4r vit.\" srcset=\"https:\/\/medieproduktion.lnu.se\/brobladet\/wp-content\/uploads\/sites\/519\/2021\/03\/IMG_2149.jpg 500w, https:\/\/medieproduktion.lnu.se\/brobladet\/wp-content\/uploads\/sites\/519\/2021\/03\/IMG_2149-283x300.jpg 283w\" sizes=\"(max-width: 500px) 100vw, 500px\" \/>\t\t\t\t\t\t\t\t\t\t\t\t\t\t\t<\/div>\n\t\t\t\t<\/div>\n\t\t\t\t\t<\/div>\n\t\t<\/div>\n\t\t\t\t\t<\/div>\n\t\t<\/section>\n\t\t\t\t<div class=\"elementor-element elementor-element-7aca96b elementor-widget-divider--view-line elementor-widget elementor-widget-divider\" data-id=\"7aca96b\" data-element_type=\"widget\" data-widget_type=\"divider.default\">\n\t\t\t\t<div class=\"elementor-widget-container\">\n\t\t\t\t\t\t\t<div class=\"elementor-divider\">\n\t\t\t<span class=\"elementor-divider-separator\">\n\t\t\t\t\t\t<\/span>\n\t\t<\/div>\n\t\t\t\t\t\t<\/div>\n\t\t\t\t<\/div>\n\t\t\t\t<section class=\"elementor-section elementor-inner-section elementor-element elementor-element-c36f9d1 elementor-section-boxed elementor-section-height-default elementor-section-height-default\" data-id=\"c36f9d1\" data-element_type=\"section\">\n\t\t\t\t\t\t<div class=\"elementor-container elementor-column-gap-default\">\n\t\t\t\t\t<div class=\"elementor-column elementor-col-50 elementor-inner-column elementor-element elementor-element-270d840\" data-id=\"270d840\" data-element_type=\"column\">\n\t\t\t<div class=\"elementor-widget-wrap elementor-element-populated\">\n\t\t\t\t\t\t<div class=\"elementor-element elementor-element-a1d2127 elementor-widget elementor-widget-text-editor\" data-id=\"a1d2127\" data-element_type=\"widget\" data-widget_type=\"text-editor.default\">\n\t\t\t\t<div class=\"elementor-widget-container\">\n\t\t\t\t\t\t\t\t\t<h2 style=\"font-family: Georgia, sans-serif; font-style: normal;\">Linn Svensson<\/h2><p style=\"font-family: Georgia, sans-serif;\">Linn \u00e4r Brobladets dagreporter och h\u00e5ller er uppdaterade med nyheter som r\u00f6r covid-19 och det nya f\u00f6r dagen. Linn kommer ifr\u00e5n Karlskrona men har hamnat i grannstaden f\u00f6r journalistikstudier, vilket \u00e4r hennes st\u00f6rsta intresse.\u00a0<\/p><p style=\"font-family: Georgia, sans-serif;\"><span style=\"font-size: 24px;\">Kontakt<\/span><\/p><p style=\"font-family: Georgia, sans-serif;\"><span style=\"font-family: inherit; font-style: inherit;\">Fr\u00e5gor eller tips? Mejla eller ring p\u00e5:<\/span><\/p><p style=\"font-family: Georgia, sans-serif;\">E-post: <a href=\"mailto:Ls223jd@student.lnu.se\" target=\"_blank\" rel=\"noopener\">Ls223jd@student.lnu.se<\/a><\/p><p style=\"font-family: Georgia, sans-serif;\">Telefon: 076-327 10 04<\/p>\t\t\t\t\t\t\t\t<\/div>\n\t\t\t\t<\/div>\n\t\t\t\t\t<\/div>\n\t\t<\/div>\n\t\t\t\t<div class=\"elementor-column elementor-col-50 elementor-inner-column elementor-element elementor-element-2e58aff\" data-id=\"2e58aff\" data-element_type=\"column\">\n\t\t\t<div class=\"elementor-widget-wrap elementor-element-populated\">\n\t\t\t\t\t\t<div class=\"elementor-element elementor-element-1915e6e elementor-widget elementor-widget-image\" data-id=\"1915e6e\" data-element_type=\"widget\" data-widget_type=\"image.default\">\n\t\t\t\t<div class=\"elementor-widget-container\">\n\t\t\t\t\t\t\t\t\t\t\t\t\t\t\t<img loading=\"lazy\" decoding=\"async\" width=\"500\" height=\"496\" src=\"https:\/\/medieproduktion.lnu.se\/brobladet\/wp-content\/uploads\/sites\/519\/2021\/03\/IMG_2150.jpg\" class=\"attachment-large size-large wp-image-264\" alt=\"Portr\u00e4ttbild p\u00e5 Linn. Hon ler mot kameran och har en svart skjorta p\u00e5 sig. Bakgrunden \u00e4r vit.\" srcset=\"https:\/\/medieproduktion.lnu.se\/brobladet\/wp-content\/uploads\/sites\/519\/2021\/03\/IMG_2150.jpg 500w, https:\/\/medieproduktion.lnu.se\/brobladet\/wp-content\/uploads\/sites\/519\/2021\/03\/IMG_2150-150x150.jpg 150w, https:\/\/medieproduktion.lnu.se\/brobladet\/wp-content\/uploads\/sites\/519\/2021\/03\/IMG_2150-300x298.jpg 300w\" sizes=\"(max-width: 500px) 100vw, 500px\" \/>\t\t\t\t\t\t\t\t\t\t\t\t\t\t\t<\/div>\n\t\t\t\t<\/div>\n\t\t\t\t\t<\/div>\n\t\t<\/div>\n\t\t\t\t\t<\/div>\n\t\t<\/section>\n\t\t\t\t\t<\/div>\n\t\t<\/div>\n\t\t\t\t\t<\/div>\n\t\t<\/section>\n\t\t\t\t<\/div>\n\t\t","protected":false},"excerpt":{"rendered":"<p>Redaktionen Om oss Brobladet \u00e4r en oberoende webbtidning som fokuserar p\u00e5 att ge er de senaste lokalnyheterna fr\u00e5n Sm\u00e5land och \u00d6land av kvalit\u00e9. V\u00e5r vision \u00e4r att Brobladet ska vara en tidning f\u00f6r alla, inget \u00e4r f\u00f6r stort eller litet f\u00f6r Brobladets redaktion. Redaktionen best\u00e5r av fem stycken journaliststudenter som inriktar sig p\u00e5 olika nyhetsomr\u00e5den.\u00a0 &#8230; <a title=\"\" class=\"read-more\" href=\"https:\/\/medieproduktion.lnu.se\/brobladet\/kontakt\/\" aria-label=\"L\u00e4s mer om \">L\u00e4s mer<\/a><\/p>\n","protected":false},"author":424,"featured_media":0,"parent":0,"menu_order":0,"comment_status":"closed","ping_status":"closed","template":"","meta":{"_seopress_robots_primary_cat":"","_seopress_titles_title":"","_seopress_titles_desc":"","_seopress_robots_index":"","footnotes":""},"class_list":["post-11","page","type-page","status-publish"],"_links":{"self":[{"href":"https:\/\/medieproduktion.lnu.se\/brobladet\/wp-json\/wp\/v2\/pages\/11","targetHints":{"allow":["GET"]}}],"collection":[{"href":"https:\/\/medieproduktion.lnu.se\/brobladet\/wp-json\/wp\/v2\/pages"}],"about":[{"href":"https:\/\/medieproduktion.lnu.se\/brobladet\/wp-json\/wp\/v2\/types\/page"}],"author":[{"embeddable":true,"href":"https:\/\/medieproduktion.lnu.se\/brobladet\/wp-json\/wp\/v2\/users\/424"}],"replies":[{"embeddable":true,"href":"https:\/\/medieproduktion.lnu.se\/brobladet\/wp-json\/wp\/v2\/comments?post=11"}],"version-history":[{"count":29,"href":"https:\/\/medieproduktion.lnu.se\/brobladet\/wp-json\/wp\/v2\/pages\/11\/revisions"}],"predecessor-version":[{"id":1098,"href":"https:\/\/medieproduktion.lnu.se\/brobladet\/wp-json\/wp\/v2\/pages\/11\/revisions\/1098"}],"wp:attachment":[{"href":"https:\/\/medieproduktion.lnu.se\/brobladet\/wp-json\/wp\/v2\/media?parent=11"}],"curies":[{"name":"wp","href":"https:\/\/api.w.org\/{rel}","templated":true}]}}